{"id":7233,"date":"2025-07-13T09:57:23","date_gmt":"2025-07-13T07:57:23","guid":{"rendered":"https:\/\/spuehler.legal\/dimitri-gaffuri\/"},"modified":"2025-10-08T12:28:52","modified_gmt":"2025-10-08T10:28:52","slug":"dimitri-gaffuri","status":"publish","type":"page","link":"https:\/\/spuehler.legal\/pt-pt\/dimitri-gaffuri\/","title":{"rendered":"Dimitri Gaffuri"},"content":{"rendered":"<section class=\"l-section wpb_row height_large color_primary with_img\"><div class=\"l-section-img\" role=\"img\" aria-label=\"Advogado Zurique\" data-img-width=\"1920\" data-img-height=\"1280\" style=\"background-image: url(https:\/\/spuehler.legal\/wp-content\/uploads\/2017\/12\/rwi-bibliothek-zuerich3.jpg);\"><\/div><div class=\"l-section-overlay\" style=\"background:rgba(0,0,0,0.6)\"><\/div><div class=\"l-section-h i-cf\"><div class=\"g-cols vc_row via_flex valign_top type_default stacking_default\"><div class=\"vc_col-sm-12 wpb_column vc_column_container\"><div class=\"vc_column-inner\"><div class=\"wpb_wrapper\"><div class=\"wpb_text_column\"><div class=\"wpb_wrapper\"><h1 style=\"text-align: left;\">Seu <strong>advogado em Zurique<\/strong><\/h1>\n<\/div><\/div><div class=\"wpb_text_column us_custom_dfddb007\"><div class=\"wpb_wrapper\"><h3 style=\"text-align: left;\">Dimitri Gaffuri o representa de<strong> forma comprometida e competente.<\/strong><\/h3>\n<\/div><\/div><\/div><\/div><\/div><\/div><\/div><\/section><section class=\"l-section wpb_row us_custom_a40275d7 height_medium\"><div class=\"l-section-h i-cf\"><div class=\"g-cols vc_row via_flex valign_top type_default stacking_default\"><div class=\"vc_col-sm-4 wpb_column vc_column_container\"><div class=\"vc_column-inner\"><div class=\"wpb_wrapper\"><div class=\"w-person layout_simple\" itemscope itemtype=\"https:\/\/schema.org\/Person\"><div class=\"w-person-image\"><img decoding=\"async\" width=\"1920\" height=\"2560\" src=\"https:\/\/spuehler.legal\/wp-content\/uploads\/2025\/07\/dimitri-gaffuri-1-scaled.jpg\" class=\"attachment-full size-full\" alt=\"Advogado Dimitri Gaffuri\" itemprop=\"image\" srcset=\"https:\/\/spuehler.legal\/wp-content\/uploads\/2025\/07\/dimitri-gaffuri-1-scaled.jpg 1920w, https:\/\/spuehler.legal\/wp-content\/uploads\/2025\/07\/dimitri-gaffuri-1-225x300.jpg 225w, https:\/\/spuehler.legal\/wp-content\/uploads\/2025\/07\/dimitri-gaffuri-1-768x1024.jpg 768w\" sizes=\"(max-width: 1920px) 100vw, 1920px\" \/><\/div><div class=\"w-person-content\"><h4 itemprop=\"name\" class=\"w-person-name\"><span>Dimitri Gaffuri<\/span><\/h4><div class=\"w-person-role\" itemprop=\"jobTitle\">MLaw, Advogado<\/div><\/div><\/div><\/div><\/div><\/div><div class=\"vc_col-sm-8 wpb_column vc_column_container\"><div class=\"vc_column-inner\"><div class=\"wpb_wrapper\"><div class=\"wpb_text_column\"><div class=\"wpb_wrapper\"><h2>Carreira<\/h2>\n<p><span>Dimitri Gaffuri se formou na Faculdade de Direito da Universidade de Zurique com um Bacharelado em Direito (BLaw) e um Mestrado em Direito (MLaw). Em seguida, ele fez um est\u00e1gio em um escrit\u00f3rio de advocacia de m\u00e9dio porte em Zurique, onde mais tarde tamb\u00e9m trabalhou como assistente jur\u00eddico. Durante esse per\u00edodo, ele adquiriu valiosa experi\u00eancia pr\u00e1tica, especialmente em direito de fam\u00edlia. Ele foi admitido na Ordem dos Advogados do cant\u00e3o de Zurique no in\u00edcio de 2024.   <\/span><\/p>\n<p><span>Depois de ser admitido na Ordem, trabalhou no mesmo escrit\u00f3rio de advocacia por um ano, especializando-se em direito de fam\u00edlia e criminal. Ele tamb\u00e9m tem interesse em direito migrat\u00f3rio e direito de cobran\u00e7a de d\u00edvidas. <\/span><\/p>\n<p>Dimitri Gaffuri est\u00e1 trabalhando como advogado na Sp\u00fchler Rechtsanw\u00e4lte AG desde setembro de 2025.<\/p>\n<\/div><\/div><\/div><\/div><\/div><\/div><\/div><\/section><section class=\"l-section wpb_row us_custom_8d5aa4e2 height_small\"><div class=\"l-section-h i-cf\"><div class=\"g-cols vc_row via_flex valign_top type_default stacking_default\"><div class=\"vc_col-sm-4 wpb_column vc_column_container\"><div class=\"vc_column-inner\"><div class=\"wpb_wrapper\"><div class=\"w-iconbox iconpos_top style_outlined color_primary align_center no_text no_title\"><div class=\"w-iconbox-icon\" style=\"font-size:60px;\"><i class=\"fas fa-comments\"><\/i><\/div><div class=\"w-iconbox-meta\"><\/div><\/div><div class=\"w-separator size_custom\" style=\"height:20px\"><\/div><\/div><\/div><\/div><div class=\"vc_col-sm-8 wpb_column vc_column_container\"><div class=\"vc_column-inner\"><div class=\"wpb_wrapper\"><div class=\"g-cols wpb_row via_flex valign_top type_default stacking_default\"><div class=\"vc_col-sm-6 wpb_column vc_column_container\"><div class=\"vc_column-inner us_custom_539f15ee\"><div class=\"wpb_wrapper\"><div class=\"wpb_text_column\"><div class=\"wpb_wrapper\"><h3>Habilidades lingu\u00edsticas<\/h3>\n<p>&#8211; Alem\u00e3o (l\u00edngua materna)<br \/>\n&#8211; Italiano (l\u00edngua materna)<br \/>\n&#8211; Franc\u00eas<br \/>\n&#8211; Ingl\u00eas<br \/>\n&#8211; Portugu\u00eas<br \/>\n&#8211; Espanhol<\/p>\n<\/div><\/div><\/div><\/div><\/div><div class=\"vc_col-sm-6 wpb_column vc_column_container\"><div class=\"vc_column-inner us_custom_539f15ee\"><div class=\"wpb_wrapper\"><div class=\"wpb_text_column\"><div class=\"wpb_wrapper\"><h3>Registo de advogados<\/h3>\n<p>Dimitri Gaffuri est\u00e1 registrado no <a href=\"http:\/\/www.gerichte-zh.ch\/organisation\/obergericht\/kommissionen\/aufsichtskommission-ueber-rechtsanwaelte\/anwaltsregister.html\" target=\"_blank\" rel=\"noopener noreferrer\">Zurich Bar Registry<\/a> e est\u00e1 autorizado a representar clientes em todos os tribunais su\u00ed\u00e7os.<\/p>\n<\/div><\/div><\/div><\/div><\/div><\/div><\/div><\/div><\/div><\/div><\/div><\/section><section class=\"l-section wpb_row height_medium color_primary\"><div class=\"l-section-h i-cf\"><div class=\"g-cols vc_row via_flex valign_top type_default stacking_default\"><div class=\"vc_col-sm-4 wpb_column vc_column_container\"><div class=\"vc_column-inner us_custom_289537ba\"><div class=\"wpb_wrapper\"><div class=\"w-iconbox iconpos_top style_outlined color_custom align_center no_text no_title\"><div class=\"w-iconbox-icon\" style=\"font-size:60px;--icon-color:#ffffff;--icon-bg-color:#ffffff;\"><i class=\"fas fa-graduation-cap\"><\/i><\/div><div class=\"w-iconbox-meta\"><\/div><\/div><div class=\"w-separator size_custom\" style=\"height:20px\"><\/div><\/div><\/div><\/div><div class=\"vc_col-sm-8 wpb_column vc_column_container\"><div class=\"vc_column-inner\"><div class=\"wpb_wrapper\"><div class=\"wpb_text_column\"><div class=\"wpb_wrapper\"><h2><strong>Vis\u00e3o geral<\/strong> do treinamento e Vis\u00e3o geral do atividades profissionais<\/h2>\n<p><strong>Desde setembro de 2025<\/strong><br \/>\nAdvogado na Sp\u00fchler Rechtsanw\u00e4lte AG<\/p>\n<p><strong>2024 &#8211; 2025<\/strong><br \/>\nAdvogado em um escrit\u00f3rio de advocacia de m\u00e9dio porte em Zurique<\/p>\n<p><strong>2020 &#8211; 2024<\/strong><br \/>\nAssistente jur\u00eddico em um escrit\u00f3rio de advocacia de m\u00e9dio porte em Zurique<\/p>\n<p><strong>2017 &#8211; 2019<\/strong><br \/>\nMestrado em Direito Universidade de Zurique<\/p>\n<p><strong>2014 &#8211; 2017<\/strong><br \/>\nBacharel em Direito Universidade de Zurique<\/p>\n<\/div><\/div><\/div><\/div><\/div><\/div><\/div><\/section><section class=\"l-section wpb_row us_custom_8d5aa4e2 height_medium\"><div class=\"l-section-h i-cf\"><div class=\"g-cols vc_row via_flex valign_top type_default stacking_default\"><div class=\"vc_col-sm-4 wpb_column vc_column_container\"><div class=\"vc_column-inner\"><div class=\"wpb_wrapper\"><div class=\"w-iconbox iconpos_top style_outlined color_primary align_center no_text no_title\"><div class=\"w-iconbox-icon\" style=\"font-size:60px;\"><i class=\"fas fa-book\"><\/i><\/div><div class=\"w-iconbox-meta\"><\/div><\/div><div class=\"w-separator size_custom\" style=\"height:20px\"><\/div><\/div><\/div><\/div><div class=\"vc_col-sm-8 wpb_column vc_column_container\"><div class=\"vc_column-inner\"><div class=\"wpb_wrapper\"><div class=\"wpb_text_column\"><div class=\"wpb_wrapper\"><h2>Publica\u00e7\u00f5es<\/h2>\n<p>I confini (logici) del dolo diretto nell&#8217;ambito della denuncia mendace ex art. 303 CP<br \/>\n<strong>f\u00f3rumpoenale 4\/2024<\/strong><\/p>\n<p>I confini del falso intellettuale: I rischi (penali) della sottoscrizione al buio<br \/>\n<strong>f\u00f3rumpoenale 2\/2024<\/strong><\/p>\n<p>A legisla\u00e7\u00e3o sobre a Ucr\u00e2nia na \u00e1rea do direito penal &#8211; um coment\u00e1rio sobre a aplica\u00e7\u00e3o pr\u00e1tica<br \/>\n<strong>f\u00f3rumpoenale 6\/2023<\/strong><\/p>\n<p>Corrup\u00e7\u00e3o de particulares no setor imobili\u00e1rio &#8211; o &#8220;caso poco grave&#8221;<br \/>\n<strong>sui generis 2023<\/strong><\/p>\n<p>La perquisizione informatica nel diritto tedesco e italiano &#8211; quali gli insegnamenti per la Svizzera?<br \/>\n<strong>f\u00f3rumpoenale 2\/2022<\/strong><\/p>\n<p>Fine vita in Italia e Germania &#8211; la giurisprudenza pi\u00f9 recente e le implicazioni per la Svizzera<br \/>\n<strong>f\u00f3rumpoenale 2\/2021<\/strong><\/p>\n<\/div><\/div><\/div><\/div><\/div><\/div><\/div><\/section><section class=\"l-section wpb_row height_small\"><div class=\"l-section-h i-cf\"><div class=\"g-cols vc_row via_flex valign_top type_default stacking_default\"><div class=\"vc_col-sm-4 wpb_column vc_column_container\"><div class=\"vc_column-inner\"><div class=\"wpb_wrapper\"><div class=\"w-iconbox iconpos_top style_outlined color_primary align_center no_text no_title\"><div class=\"w-iconbox-icon\" style=\"font-size:60px;\"><i class=\"fas fa-id-card\"><\/i><\/div><div class=\"w-iconbox-meta\"><\/div><\/div><div class=\"w-separator size_custom\" style=\"height:20px\"><\/div><\/div><\/div><\/div><div class=\"vc_col-sm-8 wpb_column vc_column_container\"><div class=\"vc_column-inner\"><div class=\"wpb_wrapper\"><div class=\"g-cols wpb_row via_flex valign_top type_default stacking_default\"><div class=\"vc_col-sm-6 wpb_column vc_column_container\"><div class=\"vc_column-inner us_custom_539f15ee\"><div class=\"wpb_wrapper\"><div class=\"wpb_text_column\"><div class=\"wpb_wrapper\"><h3>Associa\u00e7\u00f5es<\/h3>\n<p><a href=\"http:\/\/www.sav-fsa.ch\/\" target=\"_blank\" rel=\"noopener noreferrer\">&#8211; Ordem dos Advogados da<span>Su\u00ed\u00e7a <\/span><br \/>\n<span>&#8211;<\/span><\/a> <a href=\"https:\/\/www.zav.ch\/\" target=\"_blank\" rel=\"noopener noreferrer\">Ordem dos Advogados de Zurique<\/a><br \/>\n<a href=\"http:\/\/www.pikett-strafverteidigung.ch\/\" target=\"_blank\" rel=\"noopener noreferrer\">&#8211; Defesa criminal <span>em regime de plant\u00e3o <\/span><\/a><br \/>\n<span>&#8211; Grupo de Especialistas em Direito de Fam\u00edlia ZAV<\/span><br \/>\n<span>&#8211; Grupo de especialistas em defesa criminal ZAV<br \/>\n&#8211; Grupo de especialistas em representa\u00e7\u00e3o de v\u00edtimas ZAV<br \/>\n<\/span><\/p>\n<\/div><\/div><\/div><\/div><\/div><div class=\"vc_col-sm-6 wpb_column vc_column_container\"><div class=\"vc_column-inner us_custom_539f15ee\"><div class=\"wpb_wrapper\"><div class=\"wpb_text_column\"><div class=\"wpb_wrapper\"><h3>Entre em contato conosco<\/h3>\n<\/div><\/div><div class=\"w-socials us_custom_a5c88937 color_text shape_rounded style_outlined hover_fade\" style=\"--gap:5px;\"><div class=\"w-socials-list\"><div class=\"w-socials-item facebook\"><a target=\"_blank\" rel=\"nofollow\" href=\"https:\/\/www.facebook.com\/spuehler.legal\" class=\"w-socials-item-link\" aria-label=\"Facebook\"><span class=\"w-socials-item-link-hover\"><\/span><i class=\"fab fa-facebook\"><\/i><\/a><div class=\"w-socials-item-popup\"><span>Facebook<\/span><\/div><\/div><\/div><\/div><div class=\"w-separator size_custom\" style=\"height:25px\"><\/div><div class=\"w-iconbox iconpos_left style_default color_contrast align_left no_text\"><a href=\"tel:+41433440505\" class=\"w-iconbox-link\" aria-label=\"+41 43 344 05 05\"><div class=\"w-iconbox-icon\" style=\"font-size:1.3em;\"><i class=\"fas fa-phone\"><\/i><\/div><\/a><div class=\"w-iconbox-meta\"><div class=\"w-iconbox-title\"><a href=\"tel:+41433440505\" class=\"w-iconbox-link\" aria-label=\"+41 43 344 05 05\">+41 43 344 05 05<\/a><\/div><\/div><\/div><div class=\"w-separator size_custom\" style=\"height:16px\"><\/div><div class=\"w-iconbox iconpos_left style_default color_contrast align_left no_text\"><a title=\"Enviar um e-mail para o advogado Samuel Domenech\" href=\"mailto:dg@spuehler.legal\" class=\"w-iconbox-link\" aria-label=\"DG@spuehler.legal\"><div class=\"w-iconbox-icon\" style=\"font-size:1.3em;\"><i class=\"fas fa-envelope\"><\/i><\/div><\/a><div class=\"w-iconbox-meta\"><div class=\"w-iconbox-title\"><a title=\"Enviar um e-mail para o advogado Samuel Domenech\" href=\"mailto:dg@spuehler.legal\" class=\"w-iconbox-link\" aria-label=\"DG@spuehler.legal\">DG@spuehler.legal<\/a><\/div><\/div><\/div><div class=\"w-separator size_custom\" style=\"height:16px\"><\/div><div class=\"w-btn-wrapper align_none\"><a class=\"w-btn us-btn-style_1 icon_atleft\" title=\"Marca\u00e7\u00e3o de consulta\" href=\"https:\/\/spuehler.legal\/pt-pt\/nomeacao\/\"><i class=\"fas fa-calendar-check\"><\/i><span class=\"w-btn-label\">Marca\u00e7\u00e3o de consulta<\/span><\/a><\/div><\/div><\/div><\/div><\/div><\/div><\/div><\/div><\/div><\/div><\/section>\n","protected":false},"excerpt":{"rendered":"Seu advogado em Zurique Dimitri Gaffuri o representa de forma comprometida e competente. Dimitri GaffuriMLaw, AdvogadoCarreira Dimitri Gaffuri se formou na Faculdade de Direito da Universidade de Zurique com um Bacharelado em Direito (BLaw) e um Mestrado em Direito (MLaw). Em seguida, ele fez um est\u00e1gio em um escrit\u00f3rio de advocacia de m\u00e9dio porte em...","protected":false},"author":1,"featured_media":0,"parent":0,"menu_order":0,"comment_status":"closed","ping_status":"closed","template":"","meta":{"footnotes":""},"class_list":["post-7233","page","type-page","status-publish","hentry"],"yoast_head":"<!-- This site is optimized with the Yoast SEO Premium plugin v27.6 (Yoast SEO v27.6) - https:\/\/yoast.com\/product\/yoast-seo-premium-wordpress\/ -->\n<title>Dimitri Gaffuri - Advogado em Zurique - Sp\u00fchler Rechtsanw\u00e4lte AG<\/title>\n<meta name=\"description\" content=\"Saiba mais sobre Dimitri Gaffuri, advogado em Zurique, e sua experi\u00eancia em direito civil e criminal.\" \/>\n<meta name=\"robots\" content=\"index, follow, max-snippet:-1, max-image-preview:large, max-video-preview:-1\" \/>\n<link rel=\"canonical\" href=\"https:\/\/spuehler.legal\/pt-pt\/dimitri-gaffuri\/\" \/>\n<meta property=\"og:locale\" content=\"pt_PT\" \/>\n<meta property=\"og:type\" content=\"article\" \/>\n<meta property=\"og:title\" content=\"Dimitri Gaffuri\" \/>\n<meta property=\"og:description\" content=\"Saiba mais sobre Dimitri Gaffuri, advogado em Zurique, e sua experi\u00eancia em direito civil e criminal.\" \/>\n<meta property=\"og:url\" content=\"https:\/\/spuehler.legal\/pt-pt\/dimitri-gaffuri\/\" \/>\n<meta property=\"og:site_name\" content=\"Sp\u00fchler Rechtsanw\u00e4lte AG\" \/>\n<meta property=\"article:publisher\" content=\"https:\/\/www.facebook.com\/spuehler.legal\" \/>\n<meta property=\"article:modified_time\" content=\"2025-10-08T10:28:52+00:00\" \/>\n<meta name=\"twitter:card\" content=\"summary_large_image\" \/>\n<meta name=\"twitter:label1\" content=\"Tempo estimado de leitura\" \/>\n\t<meta name=\"twitter:data1\" content=\"5 minutos\" \/>\n<script type=\"application\/ld+json\" class=\"yoast-schema-graph\">{\"@context\":\"https:\\\/\\\/schema.org\",\"@graph\":[{\"@type\":\"WebPage\",\"@id\":\"https:\\\/\\\/spuehler.legal\\\/pt-pt\\\/dimitri-gaffuri\\\/\",\"url\":\"https:\\\/\\\/spuehler.legal\\\/pt-pt\\\/dimitri-gaffuri\\\/\",\"name\":\"Dimitri Gaffuri - Advogado em Zurique - Sp\u00fchler Rechtsanw\u00e4lte AG\",\"isPartOf\":{\"@id\":\"https:\\\/\\\/spuehler.legal\\\/pt-pt\\\/#website\"},\"datePublished\":\"2025-07-13T07:57:23+00:00\",\"dateModified\":\"2025-10-08T10:28:52+00:00\",\"description\":\"Saiba mais sobre Dimitri Gaffuri, advogado em Zurique, e sua experi\u00eancia em direito civil e criminal.\",\"breadcrumb\":{\"@id\":\"https:\\\/\\\/spuehler.legal\\\/pt-pt\\\/dimitri-gaffuri\\\/#breadcrumb\"},\"inLanguage\":\"pt-PT\",\"potentialAction\":[{\"@type\":\"ReadAction\",\"target\":[\"https:\\\/\\\/spuehler.legal\\\/pt-pt\\\/dimitri-gaffuri\\\/\"]}]},{\"@type\":\"BreadcrumbList\",\"@id\":\"https:\\\/\\\/spuehler.legal\\\/pt-pt\\\/dimitri-gaffuri\\\/#breadcrumb\",\"itemListElement\":[{\"@type\":\"ListItem\",\"position\":1,\"name\":\"Startseite\",\"item\":\"https:\\\/\\\/spuehler.legal\\\/pt-pt\\\/inicio\\\/\"},{\"@type\":\"ListItem\",\"position\":2,\"name\":\"Dimitri Gaffuri\"}]},{\"@type\":\"WebSite\",\"@id\":\"https:\\\/\\\/spuehler.legal\\\/pt-pt\\\/#website\",\"url\":\"https:\\\/\\\/spuehler.legal\\\/pt-pt\\\/\",\"name\":\"Sp\u00fchler Rechtsanw\u00e4lte AG\",\"description\":\"Rechtsberatung und Rechtsvertretung in allen Lebenslagen\",\"publisher\":{\"@id\":\"https:\\\/\\\/spuehler.legal\\\/pt-pt\\\/#organization\"},\"potentialAction\":[{\"@type\":\"SearchAction\",\"target\":{\"@type\":\"EntryPoint\",\"urlTemplate\":\"https:\\\/\\\/spuehler.legal\\\/pt-pt\\\/?s={search_term_string}\"},\"query-input\":{\"@type\":\"PropertyValueSpecification\",\"valueRequired\":true,\"valueName\":\"search_term_string\"}}],\"inLanguage\":\"pt-PT\"},{\"@type\":\"Organization\",\"@id\":\"https:\\\/\\\/spuehler.legal\\\/pt-pt\\\/#organization\",\"name\":\"Sp\u00fchler Rechtsanw\u00e4lte AG\",\"url\":\"https:\\\/\\\/spuehler.legal\\\/pt-pt\\\/\",\"logo\":{\"@type\":\"ImageObject\",\"inLanguage\":\"pt-PT\",\"@id\":\"https:\\\/\\\/spuehler.legal\\\/pt-pt\\\/#\\\/schema\\\/logo\\\/image\\\/\",\"url\":\"https:\\\/\\\/spuehler.legal\\\/wp-content\\\/uploads\\\/2020\\\/08\\\/logo-spuehler-rechtsanwaelte.png\",\"contentUrl\":\"https:\\\/\\\/spuehler.legal\\\/wp-content\\\/uploads\\\/2020\\\/08\\\/logo-spuehler-rechtsanwaelte.png\",\"width\":898,\"height\":259,\"caption\":\"Sp\u00fchler Rechtsanw\u00e4lte AG\"},\"image\":{\"@id\":\"https:\\\/\\\/spuehler.legal\\\/pt-pt\\\/#\\\/schema\\\/logo\\\/image\\\/\"},\"sameAs\":[\"https:\\\/\\\/www.facebook.com\\\/spuehler.legal\",\"https:\\\/\\\/www.linkedin.com\\\/in\\\/fspuehler\\\/\"],\"description\":\"Die Anwaltskanzlei Sp\u00fchler Rechtsanw\u00e4lte AG ist beratend und prozessierend t\u00e4tig. Sie vertritt Privatpersonen sowie kleine und mittlere Unternehmen (KMU) in nationalen und internationalen Sachverhalten. Durch die breite Ausrichtung der Kanzlei ist eine ganzheitliche Beratung m\u00f6glich, welche auf Deutsch, Englisch, Spanisch, Franz\u00f6sisch, Italienisch oder Portugiesisch stattfindet. Kontaktieren Sie Ihre Anw\u00e4ltin oder Ihren Anwalt in Z\u00fcrich!\",\"email\":\"info@spuehler.legal\",\"telephone\":\"+41433440505\",\"legalName\":\"Sp\u00fchler Rechtsanw\u00e4lte AG\",\"foundingDate\":\"2018-01-01\",\"vatID\":\"CHE-431.484.624\",\"numberOfEmployees\":{\"@type\":\"QuantitativeValue\",\"minValue\":\"1\",\"maxValue\":\"10\"}}]}<\/script>\n<!-- \/ Yoast SEO Premium plugin. -->","yoast_head_json":{"title":"Dimitri Gaffuri - Advogado em Zurique - Sp\u00fchler Rechtsanw\u00e4lte AG","description":"Saiba mais sobre Dimitri Gaffuri, advogado em Zurique, e sua experi\u00eancia em direito civil e criminal.","robots":{"index":"index","follow":"follow","max-snippet":"max-snippet:-1","max-image-preview":"max-image-preview:large","max-video-preview":"max-video-preview:-1"},"canonical":"https:\/\/spuehler.legal\/pt-pt\/dimitri-gaffuri\/","og_locale":"pt_PT","og_type":"article","og_title":"Dimitri Gaffuri","og_description":"Saiba mais sobre Dimitri Gaffuri, advogado em Zurique, e sua experi\u00eancia em direito civil e criminal.","og_url":"https:\/\/spuehler.legal\/pt-pt\/dimitri-gaffuri\/","og_site_name":"Sp\u00fchler Rechtsanw\u00e4lte AG","article_publisher":"https:\/\/www.facebook.com\/spuehler.legal","article_modified_time":"2025-10-08T10:28:52+00:00","twitter_card":"summary_large_image","twitter_misc":{"Tempo estimado de leitura":"5 minutos"},"schema":{"@context":"https:\/\/schema.org","@graph":[{"@type":"WebPage","@id":"https:\/\/spuehler.legal\/pt-pt\/dimitri-gaffuri\/","url":"https:\/\/spuehler.legal\/pt-pt\/dimitri-gaffuri\/","name":"Dimitri Gaffuri - Advogado em Zurique - Sp\u00fchler Rechtsanw\u00e4lte AG","isPartOf":{"@id":"https:\/\/spuehler.legal\/pt-pt\/#website"},"datePublished":"2025-07-13T07:57:23+00:00","dateModified":"2025-10-08T10:28:52+00:00","description":"Saiba mais sobre Dimitri Gaffuri, advogado em Zurique, e sua experi\u00eancia em direito civil e criminal.","breadcrumb":{"@id":"https:\/\/spuehler.legal\/pt-pt\/dimitri-gaffuri\/#breadcrumb"},"inLanguage":"pt-PT","potentialAction":[{"@type":"ReadAction","target":["https:\/\/spuehler.legal\/pt-pt\/dimitri-gaffuri\/"]}]},{"@type":"BreadcrumbList","@id":"https:\/\/spuehler.legal\/pt-pt\/dimitri-gaffuri\/#breadcrumb","itemListElement":[{"@type":"ListItem","position":1,"name":"Startseite","item":"https:\/\/spuehler.legal\/pt-pt\/inicio\/"},{"@type":"ListItem","position":2,"name":"Dimitri Gaffuri"}]},{"@type":"WebSite","@id":"https:\/\/spuehler.legal\/pt-pt\/#website","url":"https:\/\/spuehler.legal\/pt-pt\/","name":"Sp\u00fchler Rechtsanw\u00e4lte AG","description":"Rechtsberatung und Rechtsvertretung in allen Lebenslagen","publisher":{"@id":"https:\/\/spuehler.legal\/pt-pt\/#organization"},"potentialAction":[{"@type":"SearchAction","target":{"@type":"EntryPoint","urlTemplate":"https:\/\/spuehler.legal\/pt-pt\/?s={search_term_string}"},"query-input":{"@type":"PropertyValueSpecification","valueRequired":true,"valueName":"search_term_string"}}],"inLanguage":"pt-PT"},{"@type":"Organization","@id":"https:\/\/spuehler.legal\/pt-pt\/#organization","name":"Sp\u00fchler Rechtsanw\u00e4lte AG","url":"https:\/\/spuehler.legal\/pt-pt\/","logo":{"@type":"ImageObject","inLanguage":"pt-PT","@id":"https:\/\/spuehler.legal\/pt-pt\/#\/schema\/logo\/image\/","url":"https:\/\/spuehler.legal\/wp-content\/uploads\/2020\/08\/logo-spuehler-rechtsanwaelte.png","contentUrl":"https:\/\/spuehler.legal\/wp-content\/uploads\/2020\/08\/logo-spuehler-rechtsanwaelte.png","width":898,"height":259,"caption":"Sp\u00fchler Rechtsanw\u00e4lte AG"},"image":{"@id":"https:\/\/spuehler.legal\/pt-pt\/#\/schema\/logo\/image\/"},"sameAs":["https:\/\/www.facebook.com\/spuehler.legal","https:\/\/www.linkedin.com\/in\/fspuehler\/"],"description":"Die Anwaltskanzlei Sp\u00fchler Rechtsanw\u00e4lte AG ist beratend und prozessierend t\u00e4tig. Sie vertritt Privatpersonen sowie kleine und mittlere Unternehmen (KMU) in nationalen und internationalen Sachverhalten. Durch die breite Ausrichtung der Kanzlei ist eine ganzheitliche Beratung m\u00f6glich, welche auf Deutsch, Englisch, Spanisch, Franz\u00f6sisch, Italienisch oder Portugiesisch stattfindet. Kontaktieren Sie Ihre Anw\u00e4ltin oder Ihren Anwalt in Z\u00fcrich!","email":"info@spuehler.legal","telephone":"+41433440505","legalName":"Sp\u00fchler Rechtsanw\u00e4lte AG","foundingDate":"2018-01-01","vatID":"CHE-431.484.624","numberOfEmployees":{"@type":"QuantitativeValue","minValue":"1","maxValue":"10"}}]}},"_links":{"self":[{"href":"https:\/\/spuehler.legal\/pt-pt\/wp-json\/wp\/v2\/pages\/7233","targetHints":{"allow":["GET"]}}],"collection":[{"href":"https:\/\/spuehler.legal\/pt-pt\/wp-json\/wp\/v2\/pages"}],"about":[{"href":"https:\/\/spuehler.legal\/pt-pt\/wp-json\/wp\/v2\/types\/page"}],"author":[{"embeddable":true,"href":"https:\/\/spuehler.legal\/pt-pt\/wp-json\/wp\/v2\/users\/1"}],"replies":[{"embeddable":true,"href":"https:\/\/spuehler.legal\/pt-pt\/wp-json\/wp\/v2\/comments?post=7233"}],"version-history":[{"count":13,"href":"https:\/\/spuehler.legal\/pt-pt\/wp-json\/wp\/v2\/pages\/7233\/revisions"}],"predecessor-version":[{"id":7481,"href":"https:\/\/spuehler.legal\/pt-pt\/wp-json\/wp\/v2\/pages\/7233\/revisions\/7481"}],"wp:attachment":[{"href":"https:\/\/spuehler.legal\/pt-pt\/wp-json\/wp\/v2\/media?parent=7233"}],"curies":[{"name":"wp","href":"https:\/\/api.w.org\/{rel}","templated":true}]}}