{"id":6532,"date":"2025-06-09T14:37:40","date_gmt":"2025-06-09T12:37:40","guid":{"rendered":"https:\/\/spuehler.legal\/lei-de-migracao\/"},"modified":"2025-07-13T10:02:14","modified_gmt":"2025-07-13T08:02:14","slug":"lei-de-migracao","status":"publish","type":"page","link":"https:\/\/spuehler.legal\/pt-pt\/lei-de-migracao\/","title":{"rendered":"Lei de migra\u00e7\u00e3o"},"content":{"rendered":"<section class=\"l-section wpb_row height_large color_primary with_img\"><div class=\"l-section-img\" role=\"img\" aria-label=\"Imagem\" data-img-width=\"2560\" data-img-height=\"1440\" style=\"background-image: url(https:\/\/spuehler.legal\/wp-content\/uploads\/2025\/06\/anwalt-migrationsrecht-zuerich-scaled.jpg);\"><\/div><div class=\"l-section-overlay\" style=\"background:rgba(0,0,0,0.6)\"><\/div><div class=\"l-section-h i-cf\"><div class=\"g-cols vc_row via_flex valign_top type_default stacking_default\"><div class=\"vc_col-sm-12 wpb_column vc_column_container\"><div class=\"vc_column-inner\"><div class=\"wpb_wrapper\"><div class=\"wpb_text_column\"><div class=\"wpb_wrapper\"><h1 class=\"ai-optimize-7\" style=\"text-align: left;\">Advogado de <strong>direito migrat\u00f3rio em Zurique<\/strong><\/h1>\n<p class=\"ai-optimize-10\">\n<\/div><\/div><div class=\"wpb_text_column us_custom_dfddb007\"><div class=\"wpb_wrapper\"><h3 class=\"ai-optimize-9\" data-pm-slice=\"1 1 &#091;&#093;\">N\u00f3s o apoiamos em todas as quest\u00f5es relacionadas \u00e0 <strong>lei de imigra\u00e7\u00e3o.<\/strong><\/h3>\n<p class=\"ai-optimize-7\">\n<\/div><\/div><\/div><\/div><\/div><\/div><\/div><\/section><section class=\"l-section wpb_row height_medium\"><div class=\"l-section-h i-cf\"><div class=\"g-cols vc_row via_flex valign_top type_default stacking_default\"><div class=\"vc_col-sm-12 wpb_column vc_column_container\"><div class=\"vc_column-inner\"><div class=\"wpb_wrapper\"><div class=\"wpb_text_column\"><div class=\"wpb_wrapper\"><h2 class=\"ai-optimize-11\">Lei de Migra\u00e7\u00e3o na Su\u00ed\u00e7a &#8211; <strong>uma vis\u00e3o geral<\/strong><\/h2>\n<p class=\"ai-optimize-87\">\n<\/div><\/div><div class=\"w-separator size_small\"><\/div><div class=\"g-cols wpb_row via_flex valign_top type_default reversed stacking_default\"><div class=\"vc_col-sm-6 wpb_column vc_column_container\"><div class=\"vc_column-inner\"><div class=\"wpb_wrapper\"><div class=\"w-image has_ratio align_none\"><div class=\"w-image-h\"><div style=\"padding-bottom:100%\"><\/div><img decoding=\"async\" width=\"1024\" height=\"1024\" src=\"https:\/\/spuehler.legal\/wp-content\/uploads\/2025\/06\/rechtsanwalt-auslaenderrecht-1024x1024.jpg\" class=\"attachment-large size-large\" alt=\"\" loading=\"lazy\" \/><\/div><\/div><\/div><\/div><\/div><div class=\"vc_col-sm-6 wpb_column vc_column_container\"><div class=\"vc_column-inner\"><div class=\"wpb_wrapper\"><div class=\"wpb_text_column\"><div class=\"wpb_wrapper\"><p class=\"ai-optimize-13\" data-pm-slice=\"1 1 &#091;&#093;\">A lei de migra\u00e7\u00e3o su\u00ed\u00e7a regulamenta a entrada, a perman\u00eancia e a integra\u00e7\u00e3o de estrangeiros. A lei federal central \u00e9 a <strong data-start=\"225\" data-end=\"268\">Lei de Estrangeiros e Integra\u00e7\u00e3o (FNIA)<\/strong>, que define os v\u00e1rios tipos de autoriza\u00e7\u00e3o (estadia curta, resid\u00eancia, assentamento etc.), bem como os direitos e obriga\u00e7\u00f5es durante a estadia <span class=\"\" data-state=\"closed\"><span class=\"ms-1 inline-flex max-w-full items-center relative top-&#091;-0.094rem&#093; animate-&#091;show_150ms_ease-in&#093;\"><span class=\"relative start-0 bottom-0 flex h-full w-full items-center\"><span class=\"flex h-4 w-full items-center justify-between overflow-hidden\"><span class=\"max-w-full grow truncate overflow-hidden text-center\"><\/span><\/span><\/span><\/span><\/span>. Os estrangeiros geralmente precisam de uma autoriza\u00e7\u00e3o de resid\u00eancia, cujo tipo depende da finalidade e da dura\u00e7\u00e3o de sua estadia. A <strong data-start=\"647\" data-end=\"675\" data-is-only-node=\"\">permiss\u00e3o de resid\u00eancia B<\/strong> (resid\u00eancia tempor\u00e1ria, por exemplo, para fins de trabalho ou fam\u00edlia) e a <strong data-start=\"749\" data-end=\"780\">permiss\u00e3o de resid\u00eancia permanente C<\/strong> (resid\u00eancia permanente ap\u00f3s um per\u00edodo mais longo de resid\u00eancia) s\u00e3o amplamente utilizadas. A lei de migra\u00e7\u00e3o tamb\u00e9m regulamenta as condi\u00e7\u00f5es para a <strong data-start=\"901\" data-end=\"920\">reunifica\u00e7\u00e3o familiar<\/strong> (c\u00f4njuges, parceiros registrados e filhos), incluindo prazos e requisitos de integra\u00e7\u00e3o, bem como disposi\u00e7\u00f5es especiais relacionadas a <strong data-start=\"1071\" data-end=\"1102\">casamento e parcerias civis<\/strong> (por exemplo, em casos de <strong data-start=\"1113\" data-end=\"1134\">suspeita de casamento fict\u00edcio<\/strong> ou ap\u00f3s a dissolu\u00e7\u00e3o de um casamento). Em casos de dificuldades &#8211; por exemplo, no caso de <strong data-start=\"1226\" data-end=\"1270\">resid\u00eancia ilegal<\/strong> de longo prazo <strong data-start=\"1226\" data-end=\"1270\">(sans-papiers)<\/strong> ou por motivos pessoais graves &#8211; existem solu\u00e7\u00f5es humanit\u00e1rias sob certas condi\u00e7\u00f5es. Por fim, a lei de migra\u00e7\u00e3o su\u00ed\u00e7a cont\u00e9m requisitos claros para empresas que desejam empregar m\u00e3o de obra estrangeira: Em particular, <strong data-start=\"1521\" data-end=\"1572\">as autoriza\u00e7\u00f5es de trabalho para cidad\u00e3os<\/strong> de pa\u00edses terceiros (pessoas de pa\u00edses fora da UE\/EFTA) s\u00f3 s\u00e3o emitidas se forem cumpridas condi\u00e7\u00f5es rigorosas, enquanto os cidad\u00e3os da UE\/EFTA s\u00e3o favorecidos pela livre circula\u00e7\u00e3o de pessoas.    <\/p>\n<p class=\"ai-optimize-11\">\n<\/div><\/div><\/div><\/div><\/div><\/div><\/div><\/div><\/div><\/div><\/div><\/section><section class=\"l-section wpb_row height_medium\"><div class=\"l-section-h i-cf\"><div class=\"g-cols vc_row via_flex valign_top type_default stacking_default\"><div class=\"vc_col-sm-12 wpb_column vc_column_container\"><div class=\"vc_column-inner\"><div class=\"wpb_wrapper\"><div class=\"wpb_text_column\"><div class=\"wpb_wrapper\"><h2 class=\"ai-optimize-17\">FAQ &#8211; Perguntas frequentes <strong>sobre a lei de imigra\u00e7\u00e3o<\/strong><\/h2>\n<p class=\"ai-optimize-89\">\n<\/div><\/div><div class=\"w-tabs style_default switch_click accordion type_togglable has_scrolling\" style=\"--sections-title-size:inherit\"><div class=\"w-tabs-sections titles-align_none icon_chevron cpos_right\"><div class=\"w-tabs-section\" id=\"1514906054235-ddcee7ae-22e7\" itemscope itemprop=\"mainEntity\" itemtype=\"https:\/\/schema.org\/Question\"><button class=\"w-tabs-section-header with_icon\" aria-controls=\"content-1514906054235-ddcee7ae-22e7\" aria-expanded=\"false\"><i class=\"fas fa-question-circle\"><\/i><h4 class=\"w-tabs-section-title\" itemprop=\"name\">Qual \u00e9 a diferen\u00e7a entre uma autoriza\u00e7\u00e3o de resid\u00eancia B e uma autoriza\u00e7\u00e3o de resid\u00eancia permanente C?<\/h4><div class=\"w-tabs-section-control\"><\/div><\/button><div  class=\"w-tabs-section-content\" id=\"content-1514906054235-ddcee7ae-22e7\" itemscope itemprop=\"acceptedAnswer\" itemtype=\"https:\/\/schema.org\/Answer\"><div class=\"w-tabs-section-content-h i-cf\" itemprop=\"text\"><div class=\"g-cols wpb_row via_flex valign_top type_default stacking_default\"><div class=\"vc_col-sm-12 wpb_column vc_column_container\"><div class=\"vc_column-inner\"><div class=\"wpb_wrapper\"><div class=\"wpb_text_column\"><div class=\"wpb_wrapper\"><p class=\"ai-optimize-36\">A <strong>autoriza\u00e7\u00e3o de resid\u00eancia B<\/strong> \u00e9 uma autoriza\u00e7\u00e3o de resid\u00eancia tempor\u00e1ria. Geralmente, \u00e9 emitida para uma finalidade espec\u00edfica (por exemplo, trabalho, reagrupamento familiar ou estudo) e, muitas vezes, por um per\u00edodo de um ano, podendo ser prorrogada. Est\u00e1 sujeita a condi\u00e7\u00f5es, como emprego remunerado ou aus\u00eancia de viola\u00e7\u00e3o da lei. A <strong>permiss\u00e3o de estabelecimento<\/strong> <strong data-start=\"2614\" data-end=\"2619\">C<\/strong>, por outro lado, \u00e9 <em data-start=\"2633\" data-end=\"2646\">ilimitada<\/em>: Ela \u00e9 emitida ap\u00f3s um per\u00edodo mais longo de resid\u00eancia adequada na Su\u00ed\u00e7a e autoriza a resid\u00eancia permanente   <span class=\"\" data-state=\"closed\"><span class=\"ms-1 inline-flex max-w-full items-center relative top-&#091;-0.094rem&#093; animate-&#091;show_150ms_ease-in&#093;\"><\/span><\/span>. Os portadores de uma autoriza\u00e7\u00e3o C t\u00eam direitos mais amplos &#8211; por exemplo, eles podem mudar de cant\u00e3o ou de emprego sem ter que solicitar uma nova autoriza\u00e7\u00e3o e podem trazer sua fam\u00edlia para a Su\u00ed\u00e7a dentro da estrutura das disposi\u00e7\u00f5es legais. A autoriza\u00e7\u00e3o C oferece, portanto, mais seguran\u00e7a e n\u00e3o \u00e9 limitada no tempo, enquanto a autoriza\u00e7\u00e3o B \u00e9 renovada regularmente e as exig\u00eancias devem ser cumpridas continuamente.<\/p>\n<p class=\"ai-optimize-90\">\n<\/div><\/div><\/div><\/div><\/div><\/div><\/div><\/div><\/div><\/div><\/div><\/div><\/div><\/div><\/div><\/div><\/section><section class=\"l-section wpb_row align_center height_medium color_primary\"><div class=\"l-section-h i-cf\"><div class=\"g-cols vc_row via_flex valign_top type_default stacking_default\"><div class=\"vc_col-sm-12 wpb_column vc_column_container\"><div class=\"vc_column-inner\"><div class=\"wpb_wrapper\"><div class=\"wpb_text_column\"><div class=\"wpb_wrapper\"><h2 class=\"ai-optimize-57\" style=\"text-align: center;\"><strong>Entre em contato<\/strong> agora <strong>com seu advogado em Zurique para direito de imigra\u00e7\u00e3o<\/strong><\/h2>\n<p class=\"ai-optimize-91\">\n<\/div><\/div><div class=\"w-btn-wrapper align_none\"><a class=\"w-btn us-btn-style_6 us_custom_f73f4019 font_bold icon_atleft\" title=\"Marca\u00e7\u00e3o de consulta\" href=\"https:\/\/spuehler.legal\/pt-pt\/nomeacao\/\"><i class=\"fas fa-calendar-check\"><\/i><span class=\"w-btn-label\">Marca\u00e7\u00e3o de consulta<\/span><\/a><\/div><div class=\"w-btn-wrapper align_none\"><a class=\"w-btn us-btn-style_7 us_custom_f73f4019 icon_atleft\" href=\"https:\/\/spuehler.legal\/pt-pt\/contato\/\"><i class=\"fas fa-address-book\"><\/i><span class=\"w-btn-label\">Entre em contato conosco<\/span><\/a><\/div><\/div><\/div><\/div><\/div><\/div><\/section>\n","protected":false},"excerpt":{"rendered":"Advogado de direito migrat\u00f3rio em Zurique N\u00f3s o apoiamos em todas as quest\u00f5es relacionadas \u00e0 lei de imigra\u00e7\u00e3o. Lei de Migra\u00e7\u00e3o na Su\u00ed\u00e7a &#8211; uma vis\u00e3o geral A lei de migra\u00e7\u00e3o su\u00ed\u00e7a regulamenta a entrada, a perman\u00eancia e a integra\u00e7\u00e3o de estrangeiros. A lei federal central \u00e9 a Lei de Estrangeiros e Integra\u00e7\u00e3o (FNIA), que...","protected":false},"author":1,"featured_media":0,"parent":0,"menu_order":0,"comment_status":"closed","ping_status":"closed","template":"","meta":{"footnotes":""},"class_list":["post-6532","page","type-page","status-publish","hentry"],"yoast_head":"<!-- This site is optimized with the Yoast SEO Premium plugin v27.4 (Yoast SEO v27.4) - https:\/\/yoast.com\/product\/yoast-seo-premium-wordpress\/ -->\n<title>Advogado de direito migrat\u00f3rio e asilo em Zurique.<\/title>\n<meta name=\"description\" content=\"Entre em contato agora com seu advogado de direito migrat\u00f3rio e asilo em Zurique. N\u00f3s o defenderemos com compet\u00eancia.\" \/>\n<meta name=\"robots\" content=\"index, follow, max-snippet:-1, max-image-preview:large, max-video-preview:-1\" \/>\n<link rel=\"canonical\" href=\"https:\/\/spuehler.legal\/pt-pt\/lei-de-migracao\/\" \/>\n<meta property=\"og:locale\" content=\"pt_PT\" \/>\n<meta property=\"og:type\" content=\"article\" \/>\n<meta property=\"og:title\" content=\"Lei de migra\u00e7\u00e3o\" \/>\n<meta property=\"og:description\" content=\"Entre em contato agora com seu advogado de direito migrat\u00f3rio e asilo em Zurique. N\u00f3s o defenderemos com compet\u00eancia.\" \/>\n<meta property=\"og:url\" content=\"https:\/\/spuehler.legal\/pt-pt\/lei-de-migracao\/\" \/>\n<meta property=\"og:site_name\" content=\"Sp\u00fchler Rechtsanw\u00e4lte AG\" \/>\n<meta property=\"article:publisher\" content=\"https:\/\/www.facebook.com\/spuehler.legal\" \/>\n<meta property=\"article:modified_time\" content=\"2025-07-13T08:02:14+00:00\" \/>\n<meta name=\"twitter:card\" content=\"summary_large_image\" \/>\n<meta name=\"twitter:label1\" content=\"Tempo estimado de leitura\" \/>\n\t<meta name=\"twitter:data1\" content=\"4 minutos\" \/>\n<script type=\"application\/ld+json\" class=\"yoast-schema-graph\">{\"@context\":\"https:\\\/\\\/schema.org\",\"@graph\":[{\"@type\":\"WebPage\",\"@id\":\"https:\\\/\\\/spuehler.legal\\\/pt-pt\\\/lei-de-migracao\\\/\",\"url\":\"https:\\\/\\\/spuehler.legal\\\/pt-pt\\\/lei-de-migracao\\\/\",\"name\":\"Advogado de direito migrat\u00f3rio e asilo em Zurique.\",\"isPartOf\":{\"@id\":\"https:\\\/\\\/spuehler.legal\\\/pt-pt\\\/#website\"},\"datePublished\":\"2025-06-09T12:37:40+00:00\",\"dateModified\":\"2025-07-13T08:02:14+00:00\",\"description\":\"Entre em contato agora com seu advogado de direito migrat\u00f3rio e asilo em Zurique. N\u00f3s o defenderemos com compet\u00eancia.\",\"breadcrumb\":{\"@id\":\"https:\\\/\\\/spuehler.legal\\\/pt-pt\\\/lei-de-migracao\\\/#breadcrumb\"},\"inLanguage\":\"pt-PT\",\"potentialAction\":[{\"@type\":\"ReadAction\",\"target\":[\"https:\\\/\\\/spuehler.legal\\\/pt-pt\\\/lei-de-migracao\\\/\"]}]},{\"@type\":\"BreadcrumbList\",\"@id\":\"https:\\\/\\\/spuehler.legal\\\/pt-pt\\\/lei-de-migracao\\\/#breadcrumb\",\"itemListElement\":[{\"@type\":\"ListItem\",\"position\":1,\"name\":\"Startseite\",\"item\":\"https:\\\/\\\/spuehler.legal\\\/pt-pt\\\/inicio\\\/\"},{\"@type\":\"ListItem\",\"position\":2,\"name\":\"Lei de migra\u00e7\u00e3o\"}]},{\"@type\":\"WebSite\",\"@id\":\"https:\\\/\\\/spuehler.legal\\\/pt-pt\\\/#website\",\"url\":\"https:\\\/\\\/spuehler.legal\\\/pt-pt\\\/\",\"name\":\"Sp\u00fchler Rechtsanw\u00e4lte AG\",\"description\":\"Rechtsberatung und Rechtsvertretung in allen Lebenslagen\",\"publisher\":{\"@id\":\"https:\\\/\\\/spuehler.legal\\\/pt-pt\\\/#organization\"},\"potentialAction\":[{\"@type\":\"SearchAction\",\"target\":{\"@type\":\"EntryPoint\",\"urlTemplate\":\"https:\\\/\\\/spuehler.legal\\\/pt-pt\\\/?s={search_term_string}\"},\"query-input\":{\"@type\":\"PropertyValueSpecification\",\"valueRequired\":true,\"valueName\":\"search_term_string\"}}],\"inLanguage\":\"pt-PT\"},{\"@type\":\"Organization\",\"@id\":\"https:\\\/\\\/spuehler.legal\\\/pt-pt\\\/#organization\",\"name\":\"Sp\u00fchler Rechtsanw\u00e4lte AG\",\"url\":\"https:\\\/\\\/spuehler.legal\\\/pt-pt\\\/\",\"logo\":{\"@type\":\"ImageObject\",\"inLanguage\":\"pt-PT\",\"@id\":\"https:\\\/\\\/spuehler.legal\\\/pt-pt\\\/#\\\/schema\\\/logo\\\/image\\\/\",\"url\":\"https:\\\/\\\/spuehler.legal\\\/wp-content\\\/uploads\\\/2020\\\/08\\\/logo-spuehler-rechtsanwaelte.png\",\"contentUrl\":\"https:\\\/\\\/spuehler.legal\\\/wp-content\\\/uploads\\\/2020\\\/08\\\/logo-spuehler-rechtsanwaelte.png\",\"width\":898,\"height\":259,\"caption\":\"Sp\u00fchler Rechtsanw\u00e4lte AG\"},\"image\":{\"@id\":\"https:\\\/\\\/spuehler.legal\\\/pt-pt\\\/#\\\/schema\\\/logo\\\/image\\\/\"},\"sameAs\":[\"https:\\\/\\\/www.facebook.com\\\/spuehler.legal\",\"https:\\\/\\\/www.linkedin.com\\\/in\\\/fspuehler\\\/\"],\"description\":\"Die Anwaltskanzlei Sp\u00fchler Rechtsanw\u00e4lte AG ist beratend und prozessierend t\u00e4tig. Sie vertritt Privatpersonen sowie kleine und mittlere Unternehmen (KMU) in nationalen und internationalen Sachverhalten. Durch die breite Ausrichtung der Kanzlei ist eine ganzheitliche Beratung m\u00f6glich, welche auf Deutsch, Englisch, Spanisch, Franz\u00f6sisch, Italienisch oder Portugiesisch stattfindet. Kontaktieren Sie Ihre Anw\u00e4ltin oder Ihren Anwalt in Z\u00fcrich!\",\"email\":\"info@spuehler.legal\",\"telephone\":\"+41433440505\",\"legalName\":\"Sp\u00fchler Rechtsanw\u00e4lte AG\",\"foundingDate\":\"2018-01-01\",\"vatID\":\"CHE-431.484.624\",\"numberOfEmployees\":{\"@type\":\"QuantitativeValue\",\"minValue\":\"1\",\"maxValue\":\"10\"}}]}<\/script>\n<!-- \/ Yoast SEO Premium plugin. -->","yoast_head_json":{"title":"Advogado de direito migrat\u00f3rio e asilo em Zurique.","description":"Entre em contato agora com seu advogado de direito migrat\u00f3rio e asilo em Zurique. N\u00f3s o defenderemos com compet\u00eancia.","robots":{"index":"index","follow":"follow","max-snippet":"max-snippet:-1","max-image-preview":"max-image-preview:large","max-video-preview":"max-video-preview:-1"},"canonical":"https:\/\/spuehler.legal\/pt-pt\/lei-de-migracao\/","og_locale":"pt_PT","og_type":"article","og_title":"Lei de migra\u00e7\u00e3o","og_description":"Entre em contato agora com seu advogado de direito migrat\u00f3rio e asilo em Zurique. N\u00f3s o defenderemos com compet\u00eancia.","og_url":"https:\/\/spuehler.legal\/pt-pt\/lei-de-migracao\/","og_site_name":"Sp\u00fchler Rechtsanw\u00e4lte AG","article_publisher":"https:\/\/www.facebook.com\/spuehler.legal","article_modified_time":"2025-07-13T08:02:14+00:00","twitter_card":"summary_large_image","twitter_misc":{"Tempo estimado de leitura":"4 minutos"},"schema":{"@context":"https:\/\/schema.org","@graph":[{"@type":"WebPage","@id":"https:\/\/spuehler.legal\/pt-pt\/lei-de-migracao\/","url":"https:\/\/spuehler.legal\/pt-pt\/lei-de-migracao\/","name":"Advogado de direito migrat\u00f3rio e asilo em Zurique.","isPartOf":{"@id":"https:\/\/spuehler.legal\/pt-pt\/#website"},"datePublished":"2025-06-09T12:37:40+00:00","dateModified":"2025-07-13T08:02:14+00:00","description":"Entre em contato agora com seu advogado de direito migrat\u00f3rio e asilo em Zurique. N\u00f3s o defenderemos com compet\u00eancia.","breadcrumb":{"@id":"https:\/\/spuehler.legal\/pt-pt\/lei-de-migracao\/#breadcrumb"},"inLanguage":"pt-PT","potentialAction":[{"@type":"ReadAction","target":["https:\/\/spuehler.legal\/pt-pt\/lei-de-migracao\/"]}]},{"@type":"BreadcrumbList","@id":"https:\/\/spuehler.legal\/pt-pt\/lei-de-migracao\/#breadcrumb","itemListElement":[{"@type":"ListItem","position":1,"name":"Startseite","item":"https:\/\/spuehler.legal\/pt-pt\/inicio\/"},{"@type":"ListItem","position":2,"name":"Lei de migra\u00e7\u00e3o"}]},{"@type":"WebSite","@id":"https:\/\/spuehler.legal\/pt-pt\/#website","url":"https:\/\/spuehler.legal\/pt-pt\/","name":"Sp\u00fchler Rechtsanw\u00e4lte AG","description":"Rechtsberatung und Rechtsvertretung in allen Lebenslagen","publisher":{"@id":"https:\/\/spuehler.legal\/pt-pt\/#organization"},"potentialAction":[{"@type":"SearchAction","target":{"@type":"EntryPoint","urlTemplate":"https:\/\/spuehler.legal\/pt-pt\/?s={search_term_string}"},"query-input":{"@type":"PropertyValueSpecification","valueRequired":true,"valueName":"search_term_string"}}],"inLanguage":"pt-PT"},{"@type":"Organization","@id":"https:\/\/spuehler.legal\/pt-pt\/#organization","name":"Sp\u00fchler Rechtsanw\u00e4lte AG","url":"https:\/\/spuehler.legal\/pt-pt\/","logo":{"@type":"ImageObject","inLanguage":"pt-PT","@id":"https:\/\/spuehler.legal\/pt-pt\/#\/schema\/logo\/image\/","url":"https:\/\/spuehler.legal\/wp-content\/uploads\/2020\/08\/logo-spuehler-rechtsanwaelte.png","contentUrl":"https:\/\/spuehler.legal\/wp-content\/uploads\/2020\/08\/logo-spuehler-rechtsanwaelte.png","width":898,"height":259,"caption":"Sp\u00fchler Rechtsanw\u00e4lte AG"},"image":{"@id":"https:\/\/spuehler.legal\/pt-pt\/#\/schema\/logo\/image\/"},"sameAs":["https:\/\/www.facebook.com\/spuehler.legal","https:\/\/www.linkedin.com\/in\/fspuehler\/"],"description":"Die Anwaltskanzlei Sp\u00fchler Rechtsanw\u00e4lte AG ist beratend und prozessierend t\u00e4tig. Sie vertritt Privatpersonen sowie kleine und mittlere Unternehmen (KMU) in nationalen und internationalen Sachverhalten. Durch die breite Ausrichtung der Kanzlei ist eine ganzheitliche Beratung m\u00f6glich, welche auf Deutsch, Englisch, Spanisch, Franz\u00f6sisch, Italienisch oder Portugiesisch stattfindet. Kontaktieren Sie Ihre Anw\u00e4ltin oder Ihren Anwalt in Z\u00fcrich!","email":"info@spuehler.legal","telephone":"+41433440505","legalName":"Sp\u00fchler Rechtsanw\u00e4lte AG","foundingDate":"2018-01-01","vatID":"CHE-431.484.624","numberOfEmployees":{"@type":"QuantitativeValue","minValue":"1","maxValue":"10"}}]}},"_links":{"self":[{"href":"https:\/\/spuehler.legal\/pt-pt\/wp-json\/wp\/v2\/pages\/6532","targetHints":{"allow":["GET"]}}],"collection":[{"href":"https:\/\/spuehler.legal\/pt-pt\/wp-json\/wp\/v2\/pages"}],"about":[{"href":"https:\/\/spuehler.legal\/pt-pt\/wp-json\/wp\/v2\/types\/page"}],"author":[{"embeddable":true,"href":"https:\/\/spuehler.legal\/pt-pt\/wp-json\/wp\/v2\/users\/1"}],"replies":[{"embeddable":true,"href":"https:\/\/spuehler.legal\/pt-pt\/wp-json\/wp\/v2\/comments?post=6532"}],"version-history":[{"count":10,"href":"https:\/\/spuehler.legal\/pt-pt\/wp-json\/wp\/v2\/pages\/6532\/revisions"}],"predecessor-version":[{"id":7270,"href":"https:\/\/spuehler.legal\/pt-pt\/wp-json\/wp\/v2\/pages\/6532\/revisions\/7270"}],"wp:attachment":[{"href":"https:\/\/spuehler.legal\/pt-pt\/wp-json\/wp\/v2\/media?parent=6532"}],"curies":[{"name":"wp","href":"https:\/\/api.w.org\/{rel}","templated":true}]}}