{"id":3438,"date":"2022-06-20T15:06:44","date_gmt":"2022-06-20T13:06:44","guid":{"rendered":"https:\/\/spuehler.legal\/nomeacao\/"},"modified":"2025-05-31T23:50:51","modified_gmt":"2025-05-31T21:50:51","slug":"nomeacao","status":"publish","type":"page","link":"https:\/\/spuehler.legal\/pt-pt\/nomeacao\/","title":{"rendered":"Nomea\u00e7\u00e3o"},"content":{"rendered":"<section class=\"l-section wpb_row height_large color_primary with_img\"><div class=\"l-section-img\" role=\"img\" aria-label=\"C\u00fapula do telhado da Biblioteca RWI de Zurique\" data-img-width=\"1920\" data-img-height=\"1280\" style=\"background-image: url(https:\/\/spuehler.legal\/wp-content\/uploads\/2017\/12\/rwi-bibliothek-zuerich4.jpg);\"><\/div><div class=\"l-section-overlay\" style=\"background:rgba(0,0,0,0.6)\"><\/div><div class=\"l-section-h i-cf\"><div class=\"g-cols vc_row via_flex valign_top type_default stacking_default\"><div class=\"vc_col-sm-12 wpb_column vc_column_container\"><div class=\"vc_column-inner\"><div class=\"wpb_wrapper\"><div class=\"wpb_text_column\"><div class=\"wpb_wrapper\"><h1 style=\"text-align: left;\">Marcar uma consulta<\/h1>\n<\/div><\/div><div class=\"wpb_text_column us_custom_dfddb007\"><div class=\"wpb_wrapper\"><h3 style=\"text-align: left;\"><strong>Marque<\/strong> uma <strong>reuni\u00e3o<\/strong> on-line de forma simples e r\u00e1pida.<\/h3>\n<\/div><\/div><\/div><\/div><\/div><\/div><\/div><\/section><section class=\"l-section wpb_row height_medium\"><div class=\"l-section-h i-cf\"><div class=\"g-cols vc_row via_flex valign_top type_default stacking_default\"><div class=\"vc_col-sm-12 wpb_column vc_column_container\"><div class=\"vc_column-inner\"><div class=\"wpb_wrapper\"><div class=\"g-cols wpb_row via_flex valign_top type_default stacking_default\"><div class=\"vc_col-sm-6 wpb_column vc_column_container\"><div class=\"vc_column-inner\"><div class=\"wpb_wrapper\"><div class=\"wpb_text_column\"><div class=\"wpb_wrapper\"><h2>Procedimento de mandato<\/h2>\n<\/div><\/div><div class=\"w-separator size_custom\" style=\"height:32px\"><\/div><div class=\"w-iconbox iconpos_left style_default color_primary align_left\"><div class=\"w-iconbox-icon\" style=\"font-size:54px;\"><i class=\"fas fa-clipboard-list\"><\/i><\/div><div class=\"w-iconbox-meta\"><h3 class=\"w-iconbox-title\">O senhor preenche o formul\u00e1rio<\/h3><div class=\"w-iconbox-text\"><p>Depois de enviar o formul\u00e1rio on-line, o senhor receber\u00e1 uma confirma\u00e7\u00e3o autom\u00e1tica por e-mail. <a href=\"https:\/\/spuehler.legal\/pt-pt\/contato\/\">Ligaremos <\/a>para a voc\u00ea para marcar um hor\u00e1rio<\/p>\n<\/div><\/div><\/div><div class=\"w-separator size_medium\"><\/div><div class=\"w-iconbox iconpos_left style_default color_primary align_left\"><div class=\"w-iconbox-icon\" style=\"font-size:54px;\"><i class=\"fas fa-phone\"><\/i><\/div><div class=\"w-iconbox-meta\"><h3 class=\"w-iconbox-title\">Ligaremos para a voc\u00ea para marcar um hor\u00e1rio<\/h3><div class=\"w-iconbox-text\"><p>Ap\u00f3s recebermos sua solicita\u00e7\u00e3o, entraremos em contato com o senhor em at\u00e9 dois dias \u00fateis para marcar uma reuni\u00e3o e esclarecer quaisquer d\u00favidas. Se n\u00e3o pudermos aceitar o caso devido \u00e0 falta de capacidade ou especializa\u00e7\u00e3o, enviaremos um e-mail ao senhor e recomendaremos advogados adequados<\/p>\n<\/div><\/div><\/div><div class=\"w-separator size_medium\"><\/div><div class=\"w-iconbox iconpos_left style_default color_primary align_left\"><div class=\"w-iconbox-icon\" style=\"font-size:54px;\"><i class=\"fas fa-envelope\"><\/i><\/div><div class=\"w-iconbox-meta\"><h3 class=\"w-iconbox-title\">Confirmaremos seu agendamento por e-mail<\/h3><div class=\"w-iconbox-text\"><p>Ap\u00f3s nossa liga\u00e7\u00e3o telef\u00f4nica, o senhor receber\u00e1 um e-mail da pessoa respons\u00e1vel pelo caso confirmando o agendamento e, se for o caso, uma lista dos documentos necess\u00e1rios para avaliarmos o caso e que o senhor dever\u00e1 levar consigo para a primeira reuni\u00e3o. Verifique sua pasta de spam se o senhor n\u00e3o tiver recebido a confirma\u00e7\u00e3o dentro de dois dias \u00fateis.<\/p>\n<\/div><\/div><\/div><div class=\"w-separator size_medium\"><\/div><div class=\"w-iconbox iconpos_left style_default color_primary align_left\"><div class=\"w-iconbox-icon\" style=\"font-size:54px;\"><i class=\"fas fa-dollar-sign\"><\/i><\/div><div class=\"w-iconbox-meta\"><h3 class=\"w-iconbox-title\">Voc\u00ea faz um pagamento antecipado de CHF 350,00<\/h3><div class=\"w-iconbox-text\"><p>At\u00e9 que o financiamento possa ser esclarecido na primeira reuni\u00e3o, o Sp\u00fchler Attorneys at Law \u00e9 obrigado, pelas regras da profiss\u00e3o jur\u00eddica, a garantir os honor\u00e1rios para as primeiras despesas por meio de pagamentos antecipados. Para a primeira reuni\u00e3o, um pagamento antecipado de CHF 350,00 deve ser feito antecipadamente por <a href=\"https:\/\/spuehler.legal\/pt-pt\/contato\/\">transfer\u00eancia banc\u00e1ria<\/a> ou, por ocasi\u00e3o da reuni\u00e3o, em dinheiro ou cart\u00e3o. Se o seguro de despesas legais ou um centro de aconselhamento \u00e0 v\u00edtima tiver aprovado os custos, n\u00e3o ser\u00e1 necess\u00e1rio fazer nenhum pagamento. Mais informa\u00e7\u00f5es sobre os custos podem ser encontradas aqui.<\/p>\n<\/div><\/div><\/div><div class=\"w-separator size_medium\"><\/div><div class=\"w-iconbox iconpos_left style_default color_primary align_left\"><div class=\"w-iconbox-icon\" style=\"font-size:54px;\"><i class=\"fas fa-comments\"><\/i><\/div><div class=\"w-iconbox-meta\"><h3 class=\"w-iconbox-title\">Reuni\u00e3o em nosso escrit\u00f3rio de advocacia em Zurique<\/h3><div class=\"w-iconbox-text\"><p>Durante a reuni\u00e3o, \u00e9 poss\u00edvel fazer uma avalia\u00e7\u00e3o inicial do seu problema, discutir as pr\u00f3ximas etapas e explicar o financiamento de futuras despesas jur\u00eddicas. Leve todos os documentos relevantes com voc\u00ea no dia da reuni\u00e3o. O senhor pode encontrar <a href=\"https:\/\/spuehler.legal\/pt-pt\/contato\/\">instru\u00e7\u00f5es<\/a> para chegar ao nosso escrit\u00f3rio de advocacia neste site. Tamb\u00e9m \u00e9 poss\u00edvel realizar uma reuni\u00e3o por telefone ou chamada de v\u00eddeo.<\/p>\n<\/div><\/div><\/div><div class=\"w-separator size_medium\"><\/div><div class=\"w-iconbox iconpos_left style_default color_primary align_left\"><div class=\"w-iconbox-icon\" style=\"font-size:54px;\"><i class=\"fas fa-question\"><\/i><\/div><div class=\"w-iconbox-meta\"><h3 class=\"w-iconbox-title\">O senhor tem mais alguma pergunta?<\/h3><div class=\"w-iconbox-text\"><p>D\u00ea uma olhada em nossas <a href=\"https:\/\/spuehler.legal\/pt-pt\/faq\/\">FAQs<\/a> (perguntas frequentes)!<\/p>\n<\/div><\/div><\/div><\/div><\/div><\/div><div class=\"vc_col-sm-6 wpb_column vc_column_container\"><div class=\"vc_column-inner\"><div class=\"wpb_wrapper\"><div class=\"wpb_text_column\"><div class=\"wpb_wrapper\"><h2>Formul\u00e1rio<\/h2>\n<h3><strong>Seus dados<\/strong><\/h3>\n<p>Os campos marcados com um asterisco * s\u00e3o obrigat\u00f3rios.<\/p>\n<\/div><\/div>\n<div class=\"wpcf7 no-js\" id=\"wpcf7-f3213-o1\" lang=\"pt-PT\" dir=\"ltr\" data-wpcf7-id=\"3213\">\n<div class=\"screen-reader-response\"><p role=\"status\" aria-live=\"polite\" aria-atomic=\"true\"><\/p> <ul><\/ul><\/div>\n<form action=\"\/pt-pt\/wp-json\/wp\/v2\/pages\/3438#wpcf7-f3213-o1\" method=\"post\" class=\"wpcf7-form init\" aria-label=\"Formul\u00e1rio de contacto\" enctype=\"multipart\/form-data\" novalidate=\"novalidate\" data-status=\"init\">\n<fieldset class=\"hidden-fields-container\"><input type=\"hidden\" name=\"_wpcf7\" value=\"3213\" \/><input type=\"hidden\" name=\"_wpcf7_version\" value=\"6.1.5\" \/><input type=\"hidden\" name=\"_wpcf7_locale\" value=\"pt_PT\" \/><input type=\"hidden\" name=\"_wpcf7_unit_tag\" value=\"wpcf7-f3213-o1\" \/><input type=\"hidden\" name=\"_wpcf7_container_post\" value=\"0\" \/><input type=\"hidden\" name=\"_wpcf7_posted_data_hash\" value=\"\" \/><input type=\"hidden\" name=\"_wpcf7_recaptcha_response\" value=\"\" \/>\n<\/fieldset>\n<p><span class=\"wpcf7-form-control-wrap\" data-name=\"v-vorname\"><input size=\"40\" maxlength=\"400\" class=\"wpcf7-form-control wpcf7-text wpcf7-validates-as-required\" aria-required=\"true\" aria-invalid=\"false\" placeholder=\"Primeiro nome *\" value=\"\" type=\"text\" name=\"v-vorname\" \/><\/span><br \/>\n<span class=\"wpcf7-form-control-wrap\" data-name=\"v-nachname\"><input size=\"40\" maxlength=\"400\" class=\"wpcf7-form-control wpcf7-text wpcf7-validates-as-required\" aria-required=\"true\" aria-invalid=\"false\" placeholder=\"Sobrenome *\" value=\"\" type=\"text\" name=\"v-nachname\" \/><\/span><br \/>\n<span class=\"wpcf7-form-control-wrap\" data-name=\"v-adresse\"><input size=\"40\" maxlength=\"400\" class=\"wpcf7-form-control wpcf7-text wpcf7-validates-as-required\" aria-required=\"true\" aria-invalid=\"false\" placeholder=\"Rua \/ No. *\" value=\"\" type=\"text\" name=\"v-adresse\" \/><\/span><br \/>\n<span class=\"wpcf7-form-control-wrap\" data-name=\"v-ort\"><input size=\"40\" maxlength=\"400\" class=\"wpcf7-form-control wpcf7-text wpcf7-validates-as-required\" aria-required=\"true\" aria-invalid=\"false\" placeholder=\"C\u00f3digo Postal \/ Cidade *\" value=\"\" type=\"text\" name=\"v-ort\" \/><\/span>\n<\/p>\n<p><span class=\"wpcf7-form-control-wrap\" data-name=\"v-email\"><input size=\"40\" maxlength=\"400\" class=\"wpcf7-form-control wpcf7-email wpcf7-validates-as-required wpcf7-text wpcf7-validates-as-email\" aria-required=\"true\" aria-invalid=\"false\" placeholder=\"Email *\" value=\"\" type=\"email\" name=\"v-email\" \/><\/span><br \/>\n<span class=\"wpcf7-form-control-wrap\" data-name=\"v-telephone\"><input size=\"40\" maxlength=\"400\" class=\"wpcf7-form-control wpcf7-tel wpcf7-validates-as-required wpcf7-text wpcf7-validates-as-tel\" aria-required=\"true\" aria-invalid=\"false\" placeholder=\"Telefone *\" value=\"\" type=\"tel\" name=\"v-telephone\" \/><\/span><br \/>\n<span class=\"wpcf7-form-control-wrap\" data-name=\"v-erreichbarkeit\"><input size=\"40\" maxlength=\"400\" class=\"wpcf7-form-control wpcf7-text wpcf7-validates-as-required\" aria-required=\"true\" aria-invalid=\"false\" placeholder=\"Sua disponibilidade por telefone *\" value=\"\" type=\"text\" name=\"v-erreichbarkeit\" \/><\/span>\n<\/p>\n<p><span class=\"wpcf7-form-control-wrap\" data-name=\"v-besprechung\"><select class=\"wpcf7-form-control wpcf7-select\" aria-invalid=\"false\" name=\"v-besprechung\"><option value=\"Reuni\u00e3o pessoalmente solicitada\">Reuni\u00e3o pessoalmente solicitada<\/option><option value=\"Reuni\u00e3o por telefone solicitada\">Reuni\u00e3o por telefone solicitada<\/option><option value=\"Videochamada solicitada\">Videochamada solicitada<\/option><\/select><\/span><br \/>\n<span class=\"wpcf7-form-control-wrap\" data-name=\"v-sprache\"><select class=\"wpcf7-form-control wpcf7-select\" aria-invalid=\"false\" name=\"v-sprache\"><option value=\"alem\u00e3o\">alem\u00e3o<\/option><option value=\"ingl\u00eas\">ingl\u00eas<\/option><option value=\"espanhol\">espanhol<\/option><option value=\"portugu\u00eas\">portugu\u00eas<\/option><option value=\"franc\u00eas\">franc\u00eas<\/option><option value=\"italiano\">italiano<\/option><\/select><\/span>\n<\/p>\n<h5>Detalhes da contraparte\n<\/h5>\n<p><span class=\"wpcf7-form-control-wrap\" data-name=\"vg-vorname\"><input size=\"40\" maxlength=\"400\" class=\"wpcf7-form-control wpcf7-text\" aria-invalid=\"false\" placeholder=\"Primeiro nome da parte contr\u00e1ria\" value=\"\" type=\"text\" name=\"vg-vorname\" \/><\/span><br \/>\n<span class=\"wpcf7-form-control-wrap\" data-name=\"vg-nachname\"><input size=\"40\" maxlength=\"400\" class=\"wpcf7-form-control wpcf7-text\" aria-invalid=\"false\" placeholder=\"Sobrenome da parte contr\u00e1ria\" value=\"\" type=\"text\" name=\"vg-nachname\" \/><\/span><br \/>\n<span class=\"wpcf7-form-control-wrap\" data-name=\"vg-adresse\"><input size=\"40\" maxlength=\"400\" class=\"wpcf7-form-control wpcf7-text\" aria-invalid=\"false\" placeholder=\"Rua \/ No. da parte contr\u00e1ria\" value=\"\" type=\"text\" name=\"vg-adresse\" \/><\/span><br \/>\n<span class=\"wpcf7-form-control-wrap\" data-name=\"vg-ort\"><input size=\"40\" maxlength=\"400\" class=\"wpcf7-form-control wpcf7-text\" aria-invalid=\"false\" placeholder=\"C\u00f3digo Postal \/ Cidade da parte contr\u00e1ria\" value=\"\" type=\"text\" name=\"vg-ort\" \/><\/span>\n<\/p>\n<p><span class=\"wpcf7-form-control-wrap\" data-name=\"vg-email\"><input size=\"40\" maxlength=\"400\" class=\"wpcf7-form-control wpcf7-email wpcf7-text wpcf7-validates-as-email\" aria-invalid=\"false\" placeholder=\"Email da parte contr\u00e1ria\" value=\"\" type=\"email\" name=\"vg-email\" \/><\/span><br \/>\n<span class=\"wpcf7-form-control-wrap\" data-name=\"vg-telephone\"><input size=\"40\" maxlength=\"400\" class=\"wpcf7-form-control wpcf7-tel wpcf7-text wpcf7-validates-as-tel\" aria-invalid=\"false\" placeholder=\"Telefone da parte contr\u00e1ria\" value=\"\" type=\"tel\" name=\"vg-telephone\" \/><\/span><br \/>\n<span class=\"wpcf7-form-control-wrap\" data-name=\"vg-ga\"><input size=\"40\" maxlength=\"400\" class=\"wpcf7-form-control wpcf7-text\" aria-invalid=\"false\" placeholder=\"Nome do advogado advers\u00e1rio\" value=\"\" type=\"text\" name=\"vg-ga\" \/><\/span>\n<\/p>\n<h5>Detalhes do caso\n<\/h5>\n<p><span class=\"wpcf7-form-control-wrap\" data-name=\"v-fallbeschreibung\"><textarea cols=\"40\" rows=\"10\" maxlength=\"2000\" class=\"wpcf7-form-control wpcf7-textarea wpcf7-validates-as-required\" aria-required=\"true\" aria-invalid=\"false\" placeholder=\"Fatos \/ Problemas \/ Coment\u00e1rios *\" name=\"v-fallbeschreibung\"><\/textarea><\/span>\n<\/p>\n<p><span class=\"wpcf7-form-control-wrap\" data-name=\"v-up\"><span class=\"wpcf7-form-control wpcf7-checkbox\"><span class=\"wpcf7-list-item first\"><label><input type=\"checkbox\" name=\"v-up[]\" value=\"Eu tenho seguro de prote\u00e7\u00e3o jur\u00eddica\" \/><span class=\"wpcf7-list-item-label\">Eu tenho seguro de prote\u00e7\u00e3o jur\u00eddica<\/span><\/label><\/span><span class=\"wpcf7-list-item last\"><label><input type=\"checkbox\" name=\"v-up[]\" value=\"Eu gostaria de solicitar assist\u00eancia jur\u00eddica gratuita\" \/><span class=\"wpcf7-list-item-label\">Eu gostaria de solicitar assist\u00eancia jur\u00eddica gratuita<\/span><\/label><\/span><\/span><\/span>\n<\/p>\n<p><span class=\"wpcf7-form-control-wrap\" data-name=\"acceptance-322\"><span class=\"wpcf7-form-control wpcf7-acceptance\"><span class=\"wpcf7-list-item\"><label><input type=\"checkbox\" name=\"acceptance-322\" value=\"1\" aria-invalid=\"false\" \/><span class=\"wpcf7-list-item-label\">Concordo com os termos de uso deste website<\/span><\/label><\/span><\/span><\/span><br \/>\n<span id=\"wpcf7-6a039a918bfcf-wrapper\" class=\"wpcf7-form-control-wrap website-wrap\" style=\"display:none !important; visibility:hidden !important;\"><label for=\"wpcf7-6a039a918bfcf-field\" class=\"hp-message\">Please leave this field empty.<\/label><input id=\"wpcf7-6a039a918bfcf-field\"  class=\"wpcf7-form-control wpcf7-text\" type=\"text\" name=\"website\" value=\"\" size=\"40\" tabindex=\"-1\" autocomplete=\"new-password\" \/><\/span><br \/>\nAnexar arquivo de at\u00e9 20 MB:<br \/>\n<span class=\"wpcf7-form-control-wrap\" data-name=\"file-872\"><input size=\"40\" class=\"wpcf7-form-control wpcf7-file\" accept=\".pdf,.jpg,.jpeg,.png\" aria-invalid=\"false\" type=\"file\" name=\"file-872\" \/><\/span>\n<\/p>\n<p><input class=\"wpcf7-form-control wpcf7-submit has-spinner\" type=\"submit\" value=\"Enviar!\" \/>\n<\/p><div class=\"wpcf7-response-output\" aria-hidden=\"true\"><\/div>\n<\/form>\n<\/div>\n<\/div><\/div><\/div><\/div><\/div><\/div><\/div><\/div><\/div><\/section>\n","protected":false},"excerpt":{"rendered":"Marcar uma consulta Marque uma reuni\u00e3o on-line de forma simples e r\u00e1pida. Procedimento de mandato O senhor preenche o formul\u00e1rioDepois de enviar o formul\u00e1rio on-line, o senhor receber\u00e1 uma confirma\u00e7\u00e3o autom\u00e1tica por e-mail. Ligaremos para a voc\u00ea para marcar um hor\u00e1rio Ligaremos para a voc\u00ea para marcar um hor\u00e1rioAp\u00f3s recebermos sua solicita\u00e7\u00e3o, entraremos em contato...","protected":false},"author":1,"featured_media":0,"parent":0,"menu_order":0,"comment_status":"closed","ping_status":"closed","template":"","meta":{"footnotes":""},"class_list":["post-3438","page","type-page","status-publish","hentry"],"yoast_head":"<!-- This site is optimized with the Yoast SEO Premium plugin v27.5 (Yoast SEO v27.6) - https:\/\/yoast.com\/product\/yoast-seo-premium-wordpress\/ -->\n<title>Nomea\u00e7\u00e3o - Sp\u00fchler Rechtsanw\u00e4lte AG<\/title>\n<meta name=\"robots\" content=\"index, follow, max-snippet:-1, max-image-preview:large, max-video-preview:-1\" \/>\n<link rel=\"canonical\" href=\"https:\/\/spuehler.legal\/pt-pt\/nomeacao\/\" \/>\n<meta property=\"og:locale\" content=\"pt_PT\" \/>\n<meta property=\"og:type\" content=\"article\" \/>\n<meta property=\"og:title\" content=\"Nomea\u00e7\u00e3o\" \/>\n<meta property=\"og:url\" content=\"https:\/\/spuehler.legal\/pt-pt\/nomeacao\/\" \/>\n<meta property=\"og:site_name\" content=\"Sp\u00fchler Rechtsanw\u00e4lte AG\" \/>\n<meta property=\"article:publisher\" content=\"https:\/\/www.facebook.com\/spuehler.legal\" \/>\n<meta property=\"article:modified_time\" content=\"2025-05-31T21:50:51+00:00\" \/>\n<meta name=\"twitter:card\" content=\"summary_large_image\" \/>\n<meta name=\"twitter:label1\" content=\"Tempo estimado de leitura\" \/>\n\t<meta name=\"twitter:data1\" content=\"3 minutos\" \/>\n<script type=\"application\/ld+json\" class=\"yoast-schema-graph\">{\"@context\":\"https:\\\/\\\/schema.org\",\"@graph\":[{\"@type\":\"WebPage\",\"@id\":\"https:\\\/\\\/spuehler.legal\\\/pt-pt\\\/nomeacao\\\/\",\"url\":\"https:\\\/\\\/spuehler.legal\\\/pt-pt\\\/nomeacao\\\/\",\"name\":\"Nomea\u00e7\u00e3o - Sp\u00fchler Rechtsanw\u00e4lte AG\",\"isPartOf\":{\"@id\":\"https:\\\/\\\/spuehler.legal\\\/pt-pt\\\/#website\"},\"datePublished\":\"2022-06-20T13:06:44+00:00\",\"dateModified\":\"2025-05-31T21:50:51+00:00\",\"breadcrumb\":{\"@id\":\"https:\\\/\\\/spuehler.legal\\\/pt-pt\\\/nomeacao\\\/#breadcrumb\"},\"inLanguage\":\"pt-PT\",\"potentialAction\":[{\"@type\":\"ReadAction\",\"target\":[\"https:\\\/\\\/spuehler.legal\\\/pt-pt\\\/nomeacao\\\/\"]}]},{\"@type\":\"BreadcrumbList\",\"@id\":\"https:\\\/\\\/spuehler.legal\\\/pt-pt\\\/nomeacao\\\/#breadcrumb\",\"itemListElement\":[{\"@type\":\"ListItem\",\"position\":1,\"name\":\"Startseite\",\"item\":\"https:\\\/\\\/spuehler.legal\\\/pt-pt\\\/inicio\\\/\"},{\"@type\":\"ListItem\",\"position\":2,\"name\":\"Nomea\u00e7\u00e3o\"}]},{\"@type\":\"WebSite\",\"@id\":\"https:\\\/\\\/spuehler.legal\\\/pt-pt\\\/#website\",\"url\":\"https:\\\/\\\/spuehler.legal\\\/pt-pt\\\/\",\"name\":\"Sp\u00fchler Rechtsanw\u00e4lte AG\",\"description\":\"Rechtsberatung und Rechtsvertretung in allen Lebenslagen\",\"publisher\":{\"@id\":\"https:\\\/\\\/spuehler.legal\\\/pt-pt\\\/#organization\"},\"potentialAction\":[{\"@type\":\"SearchAction\",\"target\":{\"@type\":\"EntryPoint\",\"urlTemplate\":\"https:\\\/\\\/spuehler.legal\\\/pt-pt\\\/?s={search_term_string}\"},\"query-input\":{\"@type\":\"PropertyValueSpecification\",\"valueRequired\":true,\"valueName\":\"search_term_string\"}}],\"inLanguage\":\"pt-PT\"},{\"@type\":\"Organization\",\"@id\":\"https:\\\/\\\/spuehler.legal\\\/pt-pt\\\/#organization\",\"name\":\"Sp\u00fchler Rechtsanw\u00e4lte AG\",\"url\":\"https:\\\/\\\/spuehler.legal\\\/pt-pt\\\/\",\"logo\":{\"@type\":\"ImageObject\",\"inLanguage\":\"pt-PT\",\"@id\":\"https:\\\/\\\/spuehler.legal\\\/pt-pt\\\/#\\\/schema\\\/logo\\\/image\\\/\",\"url\":\"https:\\\/\\\/spuehler.legal\\\/wp-content\\\/uploads\\\/2020\\\/08\\\/logo-spuehler-rechtsanwaelte.png\",\"contentUrl\":\"https:\\\/\\\/spuehler.legal\\\/wp-content\\\/uploads\\\/2020\\\/08\\\/logo-spuehler-rechtsanwaelte.png\",\"width\":898,\"height\":259,\"caption\":\"Sp\u00fchler Rechtsanw\u00e4lte AG\"},\"image\":{\"@id\":\"https:\\\/\\\/spuehler.legal\\\/pt-pt\\\/#\\\/schema\\\/logo\\\/image\\\/\"},\"sameAs\":[\"https:\\\/\\\/www.facebook.com\\\/spuehler.legal\",\"https:\\\/\\\/www.linkedin.com\\\/in\\\/fspuehler\\\/\"],\"description\":\"Die Anwaltskanzlei Sp\u00fchler Rechtsanw\u00e4lte AG ist beratend und prozessierend t\u00e4tig. Sie vertritt Privatpersonen sowie kleine und mittlere Unternehmen (KMU) in nationalen und internationalen Sachverhalten. Durch die breite Ausrichtung der Kanzlei ist eine ganzheitliche Beratung m\u00f6glich, welche auf Deutsch, Englisch, Spanisch, Franz\u00f6sisch, Italienisch oder Portugiesisch stattfindet. Kontaktieren Sie Ihre Anw\u00e4ltin oder Ihren Anwalt in Z\u00fcrich!\",\"email\":\"info@spuehler.legal\",\"telephone\":\"+41433440505\",\"legalName\":\"Sp\u00fchler Rechtsanw\u00e4lte AG\",\"foundingDate\":\"2018-01-01\",\"vatID\":\"CHE-431.484.624\",\"numberOfEmployees\":{\"@type\":\"QuantitativeValue\",\"minValue\":\"1\",\"maxValue\":\"10\"}}]}<\/script>\n<!-- \/ Yoast SEO Premium plugin. -->","yoast_head_json":{"title":"Nomea\u00e7\u00e3o - Sp\u00fchler Rechtsanw\u00e4lte AG","robots":{"index":"index","follow":"follow","max-snippet":"max-snippet:-1","max-image-preview":"max-image-preview:large","max-video-preview":"max-video-preview:-1"},"canonical":"https:\/\/spuehler.legal\/pt-pt\/nomeacao\/","og_locale":"pt_PT","og_type":"article","og_title":"Nomea\u00e7\u00e3o","og_url":"https:\/\/spuehler.legal\/pt-pt\/nomeacao\/","og_site_name":"Sp\u00fchler Rechtsanw\u00e4lte AG","article_publisher":"https:\/\/www.facebook.com\/spuehler.legal","article_modified_time":"2025-05-31T21:50:51+00:00","twitter_card":"summary_large_image","twitter_misc":{"Tempo estimado de leitura":"3 minutos"},"schema":{"@context":"https:\/\/schema.org","@graph":[{"@type":"WebPage","@id":"https:\/\/spuehler.legal\/pt-pt\/nomeacao\/","url":"https:\/\/spuehler.legal\/pt-pt\/nomeacao\/","name":"Nomea\u00e7\u00e3o - Sp\u00fchler Rechtsanw\u00e4lte AG","isPartOf":{"@id":"https:\/\/spuehler.legal\/pt-pt\/#website"},"datePublished":"2022-06-20T13:06:44+00:00","dateModified":"2025-05-31T21:50:51+00:00","breadcrumb":{"@id":"https:\/\/spuehler.legal\/pt-pt\/nomeacao\/#breadcrumb"},"inLanguage":"pt-PT","potentialAction":[{"@type":"ReadAction","target":["https:\/\/spuehler.legal\/pt-pt\/nomeacao\/"]}]},{"@type":"BreadcrumbList","@id":"https:\/\/spuehler.legal\/pt-pt\/nomeacao\/#breadcrumb","itemListElement":[{"@type":"ListItem","position":1,"name":"Startseite","item":"https:\/\/spuehler.legal\/pt-pt\/inicio\/"},{"@type":"ListItem","position":2,"name":"Nomea\u00e7\u00e3o"}]},{"@type":"WebSite","@id":"https:\/\/spuehler.legal\/pt-pt\/#website","url":"https:\/\/spuehler.legal\/pt-pt\/","name":"Sp\u00fchler Rechtsanw\u00e4lte AG","description":"Rechtsberatung und Rechtsvertretung in allen Lebenslagen","publisher":{"@id":"https:\/\/spuehler.legal\/pt-pt\/#organization"},"potentialAction":[{"@type":"SearchAction","target":{"@type":"EntryPoint","urlTemplate":"https:\/\/spuehler.legal\/pt-pt\/?s={search_term_string}"},"query-input":{"@type":"PropertyValueSpecification","valueRequired":true,"valueName":"search_term_string"}}],"inLanguage":"pt-PT"},{"@type":"Organization","@id":"https:\/\/spuehler.legal\/pt-pt\/#organization","name":"Sp\u00fchler Rechtsanw\u00e4lte AG","url":"https:\/\/spuehler.legal\/pt-pt\/","logo":{"@type":"ImageObject","inLanguage":"pt-PT","@id":"https:\/\/spuehler.legal\/pt-pt\/#\/schema\/logo\/image\/","url":"https:\/\/spuehler.legal\/wp-content\/uploads\/2020\/08\/logo-spuehler-rechtsanwaelte.png","contentUrl":"https:\/\/spuehler.legal\/wp-content\/uploads\/2020\/08\/logo-spuehler-rechtsanwaelte.png","width":898,"height":259,"caption":"Sp\u00fchler Rechtsanw\u00e4lte AG"},"image":{"@id":"https:\/\/spuehler.legal\/pt-pt\/#\/schema\/logo\/image\/"},"sameAs":["https:\/\/www.facebook.com\/spuehler.legal","https:\/\/www.linkedin.com\/in\/fspuehler\/"],"description":"Die Anwaltskanzlei Sp\u00fchler Rechtsanw\u00e4lte AG ist beratend und prozessierend t\u00e4tig. Sie vertritt Privatpersonen sowie kleine und mittlere Unternehmen (KMU) in nationalen und internationalen Sachverhalten. Durch die breite Ausrichtung der Kanzlei ist eine ganzheitliche Beratung m\u00f6glich, welche auf Deutsch, Englisch, Spanisch, Franz\u00f6sisch, Italienisch oder Portugiesisch stattfindet. Kontaktieren Sie Ihre Anw\u00e4ltin oder Ihren Anwalt in Z\u00fcrich!","email":"info@spuehler.legal","telephone":"+41433440505","legalName":"Sp\u00fchler Rechtsanw\u00e4lte AG","foundingDate":"2018-01-01","vatID":"CHE-431.484.624","numberOfEmployees":{"@type":"QuantitativeValue","minValue":"1","maxValue":"10"}}]}},"_links":{"self":[{"href":"https:\/\/spuehler.legal\/pt-pt\/wp-json\/wp\/v2\/pages\/3438","targetHints":{"allow":["GET"]}}],"collection":[{"href":"https:\/\/spuehler.legal\/pt-pt\/wp-json\/wp\/v2\/pages"}],"about":[{"href":"https:\/\/spuehler.legal\/pt-pt\/wp-json\/wp\/v2\/types\/page"}],"author":[{"embeddable":true,"href":"https:\/\/spuehler.legal\/pt-pt\/wp-json\/wp\/v2\/users\/1"}],"replies":[{"embeddable":true,"href":"https:\/\/spuehler.legal\/pt-pt\/wp-json\/wp\/v2\/comments?post=3438"}],"version-history":[{"count":12,"href":"https:\/\/spuehler.legal\/pt-pt\/wp-json\/wp\/v2\/pages\/3438\/revisions"}],"predecessor-version":[{"id":6367,"href":"https:\/\/spuehler.legal\/pt-pt\/wp-json\/wp\/v2\/pages\/3438\/revisions\/6367"}],"wp:attachment":[{"href":"https:\/\/spuehler.legal\/pt-pt\/wp-json\/wp\/v2\/media?parent=3438"}],"curies":[{"name":"wp","href":"https:\/\/api.w.org\/{rel}","templated":true}]}}