{"id":1287,"date":"2018-01-27T16:56:32","date_gmt":"2018-01-27T15:56:32","guid":{"rendered":"https:\/\/spuehler.legal\/seu-advogado-em-zurique\/"},"modified":"2025-12-01T12:31:45","modified_gmt":"2025-12-01T11:31:45","slug":"seu-advogado-em-zurique","status":"publish","type":"page","link":"https:\/\/spuehler.legal\/pt-pt\/seu-advogado-em-zurique\/","title":{"rendered":"Seu advogado em Zurique"},"content":{"rendered":"<section class=\"l-section wpb_row height_large color_primary with_img\"><div class=\"l-section-img\" role=\"img\" aria-label=\"Advogado Zurique\" data-img-width=\"1920\" data-img-height=\"1280\" style=\"background-image: url(https:\/\/spuehler.legal\/wp-content\/uploads\/2017\/12\/rwi-bibliothek-zuerich3.jpg);\"><\/div><div class=\"l-section-overlay\" style=\"background:rgba(0,0,0,0.6)\"><\/div><div class=\"l-section-h i-cf\"><div class=\"g-cols vc_row via_flex valign_top type_default stacking_default\"><div class=\"vc_col-sm-12 wpb_column vc_column_container\"><div class=\"vc_column-inner\"><div class=\"wpb_wrapper\"><div class=\"wpb_text_column\"><div class=\"wpb_wrapper\"><h1 style=\"text-align: left;\">Seu <strong>advogado em Zurique<\/strong><\/h1>\n<\/div><\/div><div class=\"wpb_text_column us_custom_dfddb007\"><div class=\"wpb_wrapper\"><h3 style=\"text-align: left;\">O advogado Fabian Sp\u00fchler representa a voc\u00ea<strong> de forma comprometida e competente.<\/strong><\/h3>\n<\/div><\/div><\/div><\/div><\/div><\/div><\/div><\/section><section class=\"l-section wpb_row us_custom_a40275d7 height_medium\"><div class=\"l-section-h i-cf\"><div class=\"g-cols vc_row via_flex valign_top type_default stacking_default\"><div class=\"vc_col-sm-4 wpb_column vc_column_container\"><div class=\"vc_column-inner\"><div class=\"wpb_wrapper\"><div class=\"w-person layout_simple\" itemscope itemtype=\"https:\/\/schema.org\/Person\"><div class=\"w-person-image\"><img decoding=\"async\" width=\"600\" height=\"800\" src=\"https:\/\/spuehler.legal\/wp-content\/uploads\/2024\/09\/rechtsanwalt-zuerich-fabian-spuehler.jpg\" class=\"attachment-full size-full\" alt=\"Foto do advogado Fabian Sp\u00fchler com o escrit\u00f3rio de advocacia em Zurique\" itemprop=\"image\" srcset=\"https:\/\/spuehler.legal\/wp-content\/uploads\/2024\/09\/rechtsanwalt-zuerich-fabian-spuehler.jpg 600w, https:\/\/spuehler.legal\/wp-content\/uploads\/2024\/09\/rechtsanwalt-zuerich-fabian-spuehler-225x300.jpg 225w\" sizes=\"(max-width: 600px) 100vw, 600px\" \/><\/div><div class=\"w-person-content\"><h4 itemprop=\"name\" class=\"w-person-name\"><span>Fabian Sp\u00fchler<\/span><\/h4><div class=\"w-person-role\" itemprop=\"jobTitle\">MLaw, Advogado<\/div><\/div><\/div><\/div><\/div><\/div><div class=\"vc_col-sm-8 wpb_column vc_column_container\"><div class=\"vc_column-inner\"><div class=\"wpb_wrapper\"><div class=\"wpb_text_column\"><div class=\"wpb_wrapper\"><h2>Carreira<\/h2>\n<p>Fabian Sp\u00fchler (nascido em 1987) concluiu seus estudos jur\u00eddicos na <a href=\"http:\/\/www.uzh.ch\/de.html\" target=\"_blank\" rel=\"noopener noreferrer\">Universidade de Zurique<\/a> no ver\u00e3o de 2012 com o t\u00edtulo de Mestre em Direito (MLaw). Ele passou seis meses de seus estudos em Madri, na <a href=\"https:\/\/www.urjc.es\/\" target=\"_blank\" rel=\"noopener noreferrer\">Universidade Rey Juan Carlos<\/a>, onde se especializou em direito comercial internacional.<\/p>\n<p>Ap\u00f3s seus estudos, trabalhou no <a href=\"http:\/\/www.gerichte-zh.ch\/organisation\/bezirksgerichte\/bezirksgericht-zuerich.html\" target=\"_blank\" rel=\"noopener noreferrer\">Tribunal Distrital de Zurique<\/a>, onde auxiliou ju\u00edzes de v\u00e1rios departamentos em audi\u00eancias judiciais e na elabora\u00e7\u00e3o de senten\u00e7as, al\u00e9m de prestar consultoria jur\u00eddica no Tribunal do Trabalho. Depois de ser admitido na ordem dos advogados no in\u00edcio de 2016, Fabian Sp\u00fchler trabalhou como consultor e litigante para dois escrit\u00f3rios de advocacia na cidade de Zurique de 2016 a 2017.<\/p>\n<p>Ele trabalha como <a href=\"https:\/\/spuehler.legal\/pt-pt\/servicos\/\">advogado independente<\/a> em Zurique desde 1\u00ba de janeiro de 2018 e aguarda ansiosamente o <a href=\"https:\/\/spuehler.legal\/pt-pt\/contato\/\">contato do<\/a> senhor.<\/p>\n<\/div><\/div><\/div><\/div><\/div><\/div><\/div><\/section><section class=\"l-section wpb_row us_custom_8d5aa4e2 height_small\"><div class=\"l-section-h i-cf\"><div class=\"g-cols vc_row via_flex valign_top type_default stacking_default\"><div class=\"vc_col-sm-4 wpb_column vc_column_container\"><div class=\"vc_column-inner\"><div class=\"wpb_wrapper\"><div class=\"w-iconbox iconpos_top style_outlined color_primary align_center no_text no_title\"><div class=\"w-iconbox-icon\" style=\"font-size:60px;\"><i class=\"fas fa-comments\"><\/i><\/div><div class=\"w-iconbox-meta\"><\/div><\/div><div class=\"w-separator size_custom\" style=\"height:20px\"><\/div><\/div><\/div><\/div><div class=\"vc_col-sm-8 wpb_column vc_column_container\"><div class=\"vc_column-inner\"><div class=\"wpb_wrapper\"><div class=\"g-cols wpb_row via_flex valign_top type_default stacking_default\"><div class=\"vc_col-sm-6 wpb_column vc_column_container\"><div class=\"vc_column-inner us_custom_539f15ee\"><div class=\"wpb_wrapper\"><div class=\"wpb_text_column\"><div class=\"wpb_wrapper\"><h3>Habilidades lingu\u00edsticas<\/h3>\n<p>&#8211; Alem\u00e3o (l\u00edngua materna)<br \/>\n&#8211; Espanhol (segunda l\u00edngua materna)<br \/>\n&#8211; Ingl\u00eas<br \/>\n&#8211; Portugu\u00eas<br \/>\n&#8211; Franc\u00eas<\/p>\n<\/div><\/div><\/div><\/div><\/div><div class=\"vc_col-sm-6 wpb_column vc_column_container\"><div class=\"vc_column-inner us_custom_539f15ee\"><div class=\"wpb_wrapper\"><div class=\"wpb_text_column\"><div class=\"wpb_wrapper\"><h3>Registo de advogados<\/h3>\n<p>Fabian Sp\u00fchler est\u00e1 registrado no <a href=\"http:\/\/www.gerichte-zh.ch\/organisation\/obergericht\/kommissionen\/aufsichtskommission-ueber-rechtsanwaelte\/anwaltsregister.html\" target=\"_blank\" rel=\"noopener noreferrer\">Zurich Bar Registry<\/a> e est\u00e1 autorizado a representar clientes em todos os tribunais su\u00ed\u00e7os.<\/p>\n<\/div><\/div><\/div><\/div><\/div><\/div><\/div><\/div><\/div><\/div><\/div><\/section><section class=\"l-section wpb_row height_medium color_primary\"><div class=\"l-section-h i-cf\"><div class=\"g-cols vc_row via_flex valign_top type_default stacking_default\"><div class=\"vc_col-sm-4 wpb_column vc_column_container\"><div class=\"vc_column-inner us_custom_289537ba\"><div class=\"wpb_wrapper\"><div class=\"w-iconbox iconpos_top style_outlined color_custom align_center no_text no_title\"><div class=\"w-iconbox-icon\" style=\"font-size:60px;--icon-color:#ffffff;--icon-bg-color:#ffffff;\"><i class=\"fas fa-graduation-cap\"><\/i><\/div><div class=\"w-iconbox-meta\"><\/div><\/div><div class=\"w-separator size_custom\" style=\"height:20px\"><\/div><\/div><\/div><\/div><div class=\"vc_col-sm-8 wpb_column vc_column_container\"><div class=\"vc_column-inner\"><div class=\"wpb_wrapper\"><div class=\"wpb_text_column\"><div class=\"wpb_wrapper\"><h2><strong>Vis\u00e3o geral<\/strong> do treinamento e Vis\u00e3o geral do atividades profissionais<\/h2>\n<p><strong><br \/>\nDesde 1\u00ba de janeiro de 2018<br \/>\n<\/strong>Trabalha como advogado aut\u00f4nomo e propriet\u00e1rio da Sp\u00fchler Rechtsanw\u00e4lte AG (anteriormente Anwaltskanzlei Sp\u00fchler).<\/p>\n<p><strong>2016 &#8211; 2017<br \/>\n<\/strong>Advogado em dois escrit\u00f3rios de advocacia na cidade de Zurique.<\/p>\n<p><strong>2016<br \/>\n<\/strong>Admitido na Ordem dos Advogados do Cant\u00e3o de Zurique<\/p>\n<p><strong>2012 &#8211; 2014<br \/>\n<\/strong>Assistente jur\u00eddico no Tribunal Distrital de Zurique<\/p>\n<p><strong>2009 &#8211; 2014<br \/>\n<\/strong>Trabalhou por conta pr\u00f3pria como web designer<\/p>\n<p><strong>2010 &#8211; 2012<br \/>\n<\/strong>Universidade de Zurique e Rey Juan Carlos Madrid (Mestrado em Direito)<\/p>\n<p><strong>2007 \u2013 2010<\/strong><br \/>\nUniversit\u00e4t Z\u00fcrich (Bachelor of Law)<\/p>\n<\/div><\/div><\/div><\/div><\/div><\/div><\/div><\/section><section class=\"l-section wpb_row height_medium\"><div class=\"l-section-h i-cf\"><div class=\"g-cols vc_row via_flex valign_top type_default stacking_default\"><div class=\"vc_col-sm-4 wpb_column vc_column_container\"><div class=\"vc_column-inner\"><div class=\"wpb_wrapper\"><div class=\"w-iconbox iconpos_top style_outlined color_primary align_center no_text no_title\"><div class=\"w-iconbox-icon\" style=\"font-size:60px;\"><i class=\"fas fa-id-card\"><\/i><\/div><div class=\"w-iconbox-meta\"><\/div><\/div><div class=\"w-separator size_custom\" style=\"height:20px\"><\/div><\/div><\/div><\/div><div class=\"vc_col-sm-8 wpb_column vc_column_container\"><div class=\"vc_column-inner\"><div class=\"wpb_wrapper\"><div class=\"g-cols wpb_row via_flex valign_top type_default stacking_default\"><div class=\"vc_col-sm-6 wpb_column vc_column_container\"><div class=\"vc_column-inner us_custom_539f15ee\"><div class=\"wpb_wrapper\"><div class=\"wpb_text_column\"><div class=\"wpb_wrapper\"><h3>Associa\u00e7\u00f5es<\/h3>\n<p>&#8211; <a href=\"http:\/\/www.sav-fsa.ch\/\" target=\"_blank\" rel=\"noopener noreferrer\">Associa\u00e7\u00e3o da Ordem dos Advogados da Su\u00ed\u00e7a<br \/>\n<\/a><span>&#8211;<\/span> <a href=\"https:\/\/www.zav.ch\/\" target=\"_blank\" rel=\"noopener noreferrer\">Associa\u00e7\u00e3o da Ordem dos Advogados de Zurique<br \/>\n<\/a><span>&#8211;<\/span> Grupo de Especialistas em Direito Processual Civil ZAV<br \/>\n&#8211; Grupo de Especialistas em Direito de Fam\u00edlia ZAV<br \/>\n&#8211; Grupo de especialistas em Direito do Trabalho ZAV<br \/>\n<span>&#8211; Grupo de especialistas em defesa criminal ZAV<br \/>\n&#8211; Grupo de especialistas em representa\u00e7\u00e3o de v\u00edtimas ZAV<br \/>\n<\/span><span>&#8211;<\/span> <a href=\"http:\/\/www.pikett-strafverteidigung.ch\/\" target=\"_blank\" rel=\"noopener noreferrer\">Defesa criminal de plant\u00e3o<\/a><br \/>\n<span>&#8211; <\/span><a href=\"https:\/\/npk-rpp.ch\/\" target=\"_blank\" rel=\"noopener\">Rede de reclamantes privados NPK<\/a><\/p>\n<\/div><\/div><\/div><\/div><\/div><div class=\"vc_col-sm-6 wpb_column vc_column_container\"><div class=\"vc_column-inner us_custom_539f15ee\"><div class=\"wpb_wrapper\"><div class=\"wpb_text_column\"><div class=\"wpb_wrapper\"><h3>Entre em contato conosco<\/h3>\n<\/div><\/div><div class=\"w-socials us_custom_a5c88937 color_text shape_rounded style_outlined hover_fade\" style=\"--gap:5px;\"><div class=\"w-socials-list\"><div class=\"w-socials-item facebook\"><a target=\"_blank\" rel=\"nofollow\" href=\"https:\/\/www.facebook.com\/spuehler.legal\" class=\"w-socials-item-link\" aria-label=\"Facebook\"><span class=\"w-socials-item-link-hover\"><\/span><i class=\"fab fa-facebook\"><\/i><\/a><div class=\"w-socials-item-popup\"><span>Facebook<\/span><\/div><\/div><div class=\"w-socials-item linkedin\"><a target=\"_blank\" rel=\"nofollow\" href=\"https:\/\/www.linkedin.com\/in\/fspuehler\/\" class=\"w-socials-item-link\" aria-label=\"LinkedIn\"><span class=\"w-socials-item-link-hover\"><\/span><i class=\"fab fa-linkedin\"><\/i><\/a><div class=\"w-socials-item-popup\"><span>LinkedIn<\/span><\/div><\/div><div class=\"w-socials-item xing\"><a target=\"_blank\" rel=\"nofollow\" href=\"https:\/\/www.xing.com\/profile\/Fabian_Spuehler2\" class=\"w-socials-item-link\" aria-label=\"Xing\"><span class=\"w-socials-item-link-hover\"><\/span><i class=\"fab fa-xing\"><\/i><\/a><div class=\"w-socials-item-popup\"><span>Xing<\/span><\/div><\/div><\/div><\/div><div class=\"w-separator size_custom\" style=\"height:25px\"><\/div><div class=\"w-iconbox iconpos_left style_default color_contrast align_left no_text\"><a href=\"tel:+41433440505\" class=\"w-iconbox-link\" aria-label=\"+41 43 344 05 05\"><div class=\"w-iconbox-icon\" style=\"font-size:1.3em;\"><i class=\"fas fa-phone\"><\/i><\/div><\/a><div class=\"w-iconbox-meta\"><div class=\"w-iconbox-title\"><a href=\"tel:+41433440505\" class=\"w-iconbox-link\" aria-label=\"+41 43 344 05 05\">+41 43 344 05 05<\/a><\/div><\/div><\/div><div class=\"w-separator size_custom\" style=\"height:16px\"><\/div><div class=\"w-iconbox iconpos_left style_default color_contrast align_left no_text\"><a href=\"mailto:fs@spuehler.legal\" class=\"w-iconbox-link\" aria-label=\"FS@spuehler.legal\"><div class=\"w-iconbox-icon\" style=\"font-size:1.3em;\"><i class=\"fas fa-envelope\"><\/i><\/div><\/a><div class=\"w-iconbox-meta\"><div class=\"w-iconbox-title\"><a href=\"mailto:fs@spuehler.legal\" class=\"w-iconbox-link\" aria-label=\"FS@spuehler.legal\">FS@spuehler.legal<\/a><\/div><\/div><\/div><div class=\"w-separator size_custom\" style=\"height:16px\"><\/div><div class=\"w-btn-wrapper align_none\"><a class=\"w-btn us-btn-style_1 icon_atleft\" title=\"Marca\u00e7\u00e3o de consulta\" href=\"https:\/\/spuehler.legal\/pt-pt\/nomeacao\/\"><i class=\"fas fa-calendar-check\"><\/i><span class=\"w-btn-label\">Marca\u00e7\u00e3o de consulta<\/span><\/a><\/div><\/div><\/div><\/div><\/div><\/div><\/div><\/div><\/div><\/div><\/section>\n","protected":false},"excerpt":{"rendered":"Seu advogado em Zurique O advogado Fabian Sp\u00fchler representa a voc\u00ea de forma comprometida e competente. Fabian Sp\u00fchlerMLaw, AdvogadoCarreira Fabian Sp\u00fchler (nascido em 1987) concluiu seus estudos jur\u00eddicos na Universidade de Zurique no ver\u00e3o de 2012 com o t\u00edtulo de Mestre em Direito (MLaw). Ele passou seis meses de seus estudos em Madri, na Universidade...","protected":false},"author":1,"featured_media":0,"parent":0,"menu_order":0,"comment_status":"closed","ping_status":"closed","template":"","meta":{"footnotes":""},"class_list":["post-1287","page","type-page","status-publish","hentry"],"yoast_head":"<!-- This site is optimized with the Yoast SEO Premium plugin v27.6 (Yoast SEO v27.6) - https:\/\/yoast.com\/product\/yoast-seo-premium-wordpress\/ -->\n<title>Sp\u00fchler Rechtsanw\u00e4lte AG - Advogado em Zurique | Advogado Fabian Sp\u00fchler<\/title>\n<meta name=\"description\" content=\"Fabian Sp\u00fchler \u00e9 um advogado que presta consultoria e litiga. Ele representa pessoas f\u00edsicas e PMEs em quest\u00f5es nacionais e internacionais de direito penal e civil.\" \/>\n<meta name=\"robots\" content=\"index, follow, max-snippet:-1, max-image-preview:large, max-video-preview:-1\" \/>\n<link rel=\"canonical\" href=\"https:\/\/spuehler.legal\/pt-pt\/seu-advogado-em-zurique\/\" \/>\n<meta property=\"og:locale\" content=\"pt_PT\" \/>\n<meta property=\"og:type\" content=\"article\" \/>\n<meta property=\"og:title\" content=\"Seu advogado em Zurique\" \/>\n<meta property=\"og:description\" content=\"Fabian Sp\u00fchler \u00e9 um advogado que presta consultoria e litiga. Ele representa pessoas f\u00edsicas e PMEs em quest\u00f5es nacionais e internacionais de direito penal e civil.\" \/>\n<meta property=\"og:url\" content=\"https:\/\/spuehler.legal\/pt-pt\/seu-advogado-em-zurique\/\" \/>\n<meta property=\"og:site_name\" content=\"Sp\u00fchler Rechtsanw\u00e4lte AG\" \/>\n<meta property=\"article:publisher\" content=\"https:\/\/www.facebook.com\/spuehler.legal\" \/>\n<meta property=\"article:modified_time\" content=\"2025-12-01T11:31:45+00:00\" \/>\n<meta name=\"twitter:card\" content=\"summary_large_image\" \/>\n<meta name=\"twitter:label1\" content=\"Tempo estimado de leitura\" \/>\n\t<meta name=\"twitter:data1\" content=\"5 minutos\" \/>\n<script type=\"application\/ld+json\" class=\"yoast-schema-graph\">{\"@context\":\"https:\\\/\\\/schema.org\",\"@graph\":[{\"@type\":\"WebPage\",\"@id\":\"https:\\\/\\\/spuehler.legal\\\/pt-pt\\\/seu-advogado-em-zurique\\\/\",\"url\":\"https:\\\/\\\/spuehler.legal\\\/pt-pt\\\/seu-advogado-em-zurique\\\/\",\"name\":\"Sp\u00fchler Rechtsanw\u00e4lte AG - Advogado em Zurique | Advogado Fabian Sp\u00fchler\",\"isPartOf\":{\"@id\":\"https:\\\/\\\/spuehler.legal\\\/pt-pt\\\/#website\"},\"datePublished\":\"2018-01-27T15:56:32+00:00\",\"dateModified\":\"2025-12-01T11:31:45+00:00\",\"description\":\"Fabian Sp\u00fchler \u00e9 um advogado que presta consultoria e litiga. Ele representa pessoas f\u00edsicas e PMEs em quest\u00f5es nacionais e internacionais de direito penal e civil.\",\"breadcrumb\":{\"@id\":\"https:\\\/\\\/spuehler.legal\\\/pt-pt\\\/seu-advogado-em-zurique\\\/#breadcrumb\"},\"inLanguage\":\"pt-PT\",\"potentialAction\":[{\"@type\":\"ReadAction\",\"target\":[\"https:\\\/\\\/spuehler.legal\\\/pt-pt\\\/seu-advogado-em-zurique\\\/\"]}]},{\"@type\":\"BreadcrumbList\",\"@id\":\"https:\\\/\\\/spuehler.legal\\\/pt-pt\\\/seu-advogado-em-zurique\\\/#breadcrumb\",\"itemListElement\":[{\"@type\":\"ListItem\",\"position\":1,\"name\":\"Startseite\",\"item\":\"https:\\\/\\\/spuehler.legal\\\/pt-pt\\\/inicio\\\/\"},{\"@type\":\"ListItem\",\"position\":2,\"name\":\"Seu advogado em Zurique\"}]},{\"@type\":\"WebSite\",\"@id\":\"https:\\\/\\\/spuehler.legal\\\/pt-pt\\\/#website\",\"url\":\"https:\\\/\\\/spuehler.legal\\\/pt-pt\\\/\",\"name\":\"Sp\u00fchler Rechtsanw\u00e4lte AG\",\"description\":\"Rechtsberatung und Rechtsvertretung in allen Lebenslagen\",\"publisher\":{\"@id\":\"https:\\\/\\\/spuehler.legal\\\/pt-pt\\\/#organization\"},\"potentialAction\":[{\"@type\":\"SearchAction\",\"target\":{\"@type\":\"EntryPoint\",\"urlTemplate\":\"https:\\\/\\\/spuehler.legal\\\/pt-pt\\\/?s={search_term_string}\"},\"query-input\":{\"@type\":\"PropertyValueSpecification\",\"valueRequired\":true,\"valueName\":\"search_term_string\"}}],\"inLanguage\":\"pt-PT\"},{\"@type\":\"Organization\",\"@id\":\"https:\\\/\\\/spuehler.legal\\\/pt-pt\\\/#organization\",\"name\":\"Sp\u00fchler Rechtsanw\u00e4lte AG\",\"url\":\"https:\\\/\\\/spuehler.legal\\\/pt-pt\\\/\",\"logo\":{\"@type\":\"ImageObject\",\"inLanguage\":\"pt-PT\",\"@id\":\"https:\\\/\\\/spuehler.legal\\\/pt-pt\\\/#\\\/schema\\\/logo\\\/image\\\/\",\"url\":\"https:\\\/\\\/spuehler.legal\\\/wp-content\\\/uploads\\\/2020\\\/08\\\/logo-spuehler-rechtsanwaelte.png\",\"contentUrl\":\"https:\\\/\\\/spuehler.legal\\\/wp-content\\\/uploads\\\/2020\\\/08\\\/logo-spuehler-rechtsanwaelte.png\",\"width\":898,\"height\":259,\"caption\":\"Sp\u00fchler Rechtsanw\u00e4lte AG\"},\"image\":{\"@id\":\"https:\\\/\\\/spuehler.legal\\\/pt-pt\\\/#\\\/schema\\\/logo\\\/image\\\/\"},\"sameAs\":[\"https:\\\/\\\/www.facebook.com\\\/spuehler.legal\",\"https:\\\/\\\/www.linkedin.com\\\/in\\\/fspuehler\\\/\"],\"description\":\"Die Anwaltskanzlei Sp\u00fchler Rechtsanw\u00e4lte AG ist beratend und prozessierend t\u00e4tig. Sie vertritt Privatpersonen sowie kleine und mittlere Unternehmen (KMU) in nationalen und internationalen Sachverhalten. Durch die breite Ausrichtung der Kanzlei ist eine ganzheitliche Beratung m\u00f6glich, welche auf Deutsch, Englisch, Spanisch, Franz\u00f6sisch, Italienisch oder Portugiesisch stattfindet. Kontaktieren Sie Ihre Anw\u00e4ltin oder Ihren Anwalt in Z\u00fcrich!\",\"email\":\"info@spuehler.legal\",\"telephone\":\"+41433440505\",\"legalName\":\"Sp\u00fchler Rechtsanw\u00e4lte AG\",\"foundingDate\":\"2018-01-01\",\"vatID\":\"CHE-431.484.624\",\"numberOfEmployees\":{\"@type\":\"QuantitativeValue\",\"minValue\":\"1\",\"maxValue\":\"10\"}}]}<\/script>\n<!-- \/ Yoast SEO Premium plugin. -->","yoast_head_json":{"title":"Sp\u00fchler Rechtsanw\u00e4lte AG - Advogado em Zurique | Advogado Fabian Sp\u00fchler","description":"Fabian Sp\u00fchler \u00e9 um advogado que presta consultoria e litiga. Ele representa pessoas f\u00edsicas e PMEs em quest\u00f5es nacionais e internacionais de direito penal e civil.","robots":{"index":"index","follow":"follow","max-snippet":"max-snippet:-1","max-image-preview":"max-image-preview:large","max-video-preview":"max-video-preview:-1"},"canonical":"https:\/\/spuehler.legal\/pt-pt\/seu-advogado-em-zurique\/","og_locale":"pt_PT","og_type":"article","og_title":"Seu advogado em Zurique","og_description":"Fabian Sp\u00fchler \u00e9 um advogado que presta consultoria e litiga. Ele representa pessoas f\u00edsicas e PMEs em quest\u00f5es nacionais e internacionais de direito penal e civil.","og_url":"https:\/\/spuehler.legal\/pt-pt\/seu-advogado-em-zurique\/","og_site_name":"Sp\u00fchler Rechtsanw\u00e4lte AG","article_publisher":"https:\/\/www.facebook.com\/spuehler.legal","article_modified_time":"2025-12-01T11:31:45+00:00","twitter_card":"summary_large_image","twitter_misc":{"Tempo estimado de leitura":"5 minutos"},"schema":{"@context":"https:\/\/schema.org","@graph":[{"@type":"WebPage","@id":"https:\/\/spuehler.legal\/pt-pt\/seu-advogado-em-zurique\/","url":"https:\/\/spuehler.legal\/pt-pt\/seu-advogado-em-zurique\/","name":"Sp\u00fchler Rechtsanw\u00e4lte AG - Advogado em Zurique | Advogado Fabian Sp\u00fchler","isPartOf":{"@id":"https:\/\/spuehler.legal\/pt-pt\/#website"},"datePublished":"2018-01-27T15:56:32+00:00","dateModified":"2025-12-01T11:31:45+00:00","description":"Fabian Sp\u00fchler \u00e9 um advogado que presta consultoria e litiga. Ele representa pessoas f\u00edsicas e PMEs em quest\u00f5es nacionais e internacionais de direito penal e civil.","breadcrumb":{"@id":"https:\/\/spuehler.legal\/pt-pt\/seu-advogado-em-zurique\/#breadcrumb"},"inLanguage":"pt-PT","potentialAction":[{"@type":"ReadAction","target":["https:\/\/spuehler.legal\/pt-pt\/seu-advogado-em-zurique\/"]}]},{"@type":"BreadcrumbList","@id":"https:\/\/spuehler.legal\/pt-pt\/seu-advogado-em-zurique\/#breadcrumb","itemListElement":[{"@type":"ListItem","position":1,"name":"Startseite","item":"https:\/\/spuehler.legal\/pt-pt\/inicio\/"},{"@type":"ListItem","position":2,"name":"Seu advogado em Zurique"}]},{"@type":"WebSite","@id":"https:\/\/spuehler.legal\/pt-pt\/#website","url":"https:\/\/spuehler.legal\/pt-pt\/","name":"Sp\u00fchler Rechtsanw\u00e4lte AG","description":"Rechtsberatung und Rechtsvertretung in allen Lebenslagen","publisher":{"@id":"https:\/\/spuehler.legal\/pt-pt\/#organization"},"potentialAction":[{"@type":"SearchAction","target":{"@type":"EntryPoint","urlTemplate":"https:\/\/spuehler.legal\/pt-pt\/?s={search_term_string}"},"query-input":{"@type":"PropertyValueSpecification","valueRequired":true,"valueName":"search_term_string"}}],"inLanguage":"pt-PT"},{"@type":"Organization","@id":"https:\/\/spuehler.legal\/pt-pt\/#organization","name":"Sp\u00fchler Rechtsanw\u00e4lte AG","url":"https:\/\/spuehler.legal\/pt-pt\/","logo":{"@type":"ImageObject","inLanguage":"pt-PT","@id":"https:\/\/spuehler.legal\/pt-pt\/#\/schema\/logo\/image\/","url":"https:\/\/spuehler.legal\/wp-content\/uploads\/2020\/08\/logo-spuehler-rechtsanwaelte.png","contentUrl":"https:\/\/spuehler.legal\/wp-content\/uploads\/2020\/08\/logo-spuehler-rechtsanwaelte.png","width":898,"height":259,"caption":"Sp\u00fchler Rechtsanw\u00e4lte AG"},"image":{"@id":"https:\/\/spuehler.legal\/pt-pt\/#\/schema\/logo\/image\/"},"sameAs":["https:\/\/www.facebook.com\/spuehler.legal","https:\/\/www.linkedin.com\/in\/fspuehler\/"],"description":"Die Anwaltskanzlei Sp\u00fchler Rechtsanw\u00e4lte AG ist beratend und prozessierend t\u00e4tig. Sie vertritt Privatpersonen sowie kleine und mittlere Unternehmen (KMU) in nationalen und internationalen Sachverhalten. Durch die breite Ausrichtung der Kanzlei ist eine ganzheitliche Beratung m\u00f6glich, welche auf Deutsch, Englisch, Spanisch, Franz\u00f6sisch, Italienisch oder Portugiesisch stattfindet. Kontaktieren Sie Ihre Anw\u00e4ltin oder Ihren Anwalt in Z\u00fcrich!","email":"info@spuehler.legal","telephone":"+41433440505","legalName":"Sp\u00fchler Rechtsanw\u00e4lte AG","foundingDate":"2018-01-01","vatID":"CHE-431.484.624","numberOfEmployees":{"@type":"QuantitativeValue","minValue":"1","maxValue":"10"}}]}},"_links":{"self":[{"href":"https:\/\/spuehler.legal\/pt-pt\/wp-json\/wp\/v2\/pages\/1287","targetHints":{"allow":["GET"]}}],"collection":[{"href":"https:\/\/spuehler.legal\/pt-pt\/wp-json\/wp\/v2\/pages"}],"about":[{"href":"https:\/\/spuehler.legal\/pt-pt\/wp-json\/wp\/v2\/types\/page"}],"author":[{"embeddable":true,"href":"https:\/\/spuehler.legal\/pt-pt\/wp-json\/wp\/v2\/users\/1"}],"replies":[{"embeddable":true,"href":"https:\/\/spuehler.legal\/pt-pt\/wp-json\/wp\/v2\/comments?post=1287"}],"version-history":[{"count":49,"href":"https:\/\/spuehler.legal\/pt-pt\/wp-json\/wp\/v2\/pages\/1287\/revisions"}],"predecessor-version":[{"id":7507,"href":"https:\/\/spuehler.legal\/pt-pt\/wp-json\/wp\/v2\/pages\/1287\/revisions\/7507"}],"wp:attachment":[{"href":"https:\/\/spuehler.legal\/pt-pt\/wp-json\/wp\/v2\/media?parent=1287"}],"curies":[{"name":"wp","href":"https:\/\/api.w.org\/{rel}","templated":true}]}}