{"id":1113,"date":"2018-01-23T16:38:52","date_gmt":"2018-01-23T15:38:52","guid":{"rendered":"https:\/\/spuehler.legal\/inicio\/"},"modified":"2025-06-15T11:17:15","modified_gmt":"2025-06-15T09:17:15","slug":"inicio","status":"publish","type":"page","link":"https:\/\/spuehler.legal\/pt-pt\/","title":{"rendered":"In\u00edcio"},"content":{"rendered":"<p class=\"ai-optimize-13 ai-optimize-introduction\"><section class=\"l-section wpb_row height_medium full_height valign_center color_primary with_img parallax_ver\"><div class=\"l-section-img\" role=\"img\" aria-label=\"Imagem\" data-img-width=\"1920\" data-img-height=\"1280\" style=\"background-image: url(https:\/\/spuehler.legal\/wp-content\/uploads\/2017\/12\/rwi-bibliothek-zuerich6.jpg);\"><\/div><div class=\"l-section-overlay\" style=\"background:rgba(0,0,0,0.7)\"><\/div><div class=\"l-section-h i-cf\"><div class=\"g-cols vc_row via_flex valign_top type_default stacking_default\"><div class=\"vc_col-sm-12 wpb_column vc_column_container\"><div class=\"vc_column-inner\"><div class=\"wpb_wrapper\"><div class=\"wpb_text_column\"><div class=\"wpb_wrapper\"><h1 class=\"ai-optimize-7\" style=\"text-align: center;\">Seus advogados em Zurique para<strong> todas as situa\u00e7\u00f5es da vida<\/strong><\/h1>\n<p class=\"ai-optimize-14\">\n<\/div><\/div><div class=\"w-separator size_medium\"><\/div><div class=\"wpb_text_column\"><div class=\"wpb_wrapper\"><p class=\"ai-optimize-9\" style=\"text-align: center;\">O escrit\u00f3rio de advocacia \u201cSp\u00fchler Rechtsanw\u00e4lte AG\u201d oferece consultoria jur\u00eddica e representa\u00e7\u00e3o legal em todas as situa\u00e7\u00f5es. Os escrit\u00f3rios est\u00e3o localizados na cidade de Zurique, nas imedia\u00e7\u00f5es da esta\u00e7\u00e3o de trem Zurich Enge.  Entre em contato com seu advogado agora.<\/p>\n<p class=\"ai-optimize-15\">\n<\/div><\/div><div class=\"w-separator size_medium\"><\/div><div class=\"w-iconbox iconpos_top style_circle color_primary align_center no_text no_title\"><a href=\"#first\" class=\"w-iconbox-link\" aria-label=\"fas|chevron-down\"><div class=\"w-iconbox-icon\" style=\"font-size:24px;\"><i class=\"fas fa-chevron-down\"><\/i><\/div><\/a><div class=\"w-iconbox-meta\"><\/div><\/div><\/div><\/div><\/div><\/div><\/div><\/section><section class=\"l-section wpb_row height_medium full_height valign_center\" id=\"first\"><div class=\"l-section-h i-cf\"><div class=\"g-cols vc_row via_flex valign_top type_default stacking_default\"><div class=\"vc_col-sm-12 wpb_column vc_column_container\"><div class=\"vc_column-inner\"><div class=\"wpb_wrapper\"><div class=\"wpb_text_column\"><div class=\"wpb_wrapper\"><h2 class=\"ai-optimize-11\" style=\"text-align: center;\">Seu <strong>escrit\u00f3rio de advocacia em Zurique<\/strong><\/h2>\n<p class=\"ai-optimize-12\">\n<\/div><\/div><div class=\"w-separator us_custom_8e5c9f9d size_medium with_line width_30 thick_1 style_solid color_border align_center with_content\"><div class=\"w-separator-h\"><i class=\"fas fa-book\"><\/i><\/div><\/div><div class=\"g-cols wpb_row via_flex valign_top type_default stacking_default\" id=\"first\"><div class=\"vc_col-sm-6 wpb_column vc_column_container\"><div class=\"vc_column-inner us_custom_33c3a0a5\"><div class=\"wpb_wrapper\"><div class=\"wpb_text_column\"><div class=\"wpb_wrapper\"><p>O escrit\u00f3rio de advocacia Sp\u00fchler Rechtsanw\u00e4lte AG actua na qualidade de <strong>consultor e contencioso<\/strong>. Representa pessoas singulares e pequenas e m\u00e9dias empresas (PME) em <strong>quest\u00f5es nacionais e internacionais<\/strong>. O amplo foco da empresa permite que ela ofere\u00e7a consultoria abrangente em <strong>alem\u00e3o, ingl\u00eas, espanhol, franc\u00eas, italiano e portugu\u00eas<\/strong>.<\/p>\n<\/div><\/div><\/div><\/div><\/div><div class=\"vc_col-sm-6 wpb_column vc_column_container\"><div class=\"vc_column-inner us_custom_33c3a0a5\"><div class=\"wpb_wrapper\"><div class=\"wpb_text_column\"><div class=\"wpb_wrapper\"><p>Os interesses de nossos clientes s\u00e3o nossa prioridade m\u00e1xima e s\u00e3o representados por nossos advogados de forma competente, consciente dos custos e comprometida. O escrit\u00f3rio de advocacia \u00e9 <strong>independente<\/strong> de institui\u00e7\u00f5es privadas ou estatais. As informa\u00e7\u00f5es que nos s\u00e3o confiadas s\u00e3o tratadas <strong>confidencialmente<\/strong> e est\u00e3o sujeitas ao privil\u00e9gio advogado-cliente, que \u00e9 estritamente protegido pela legisla\u00e7\u00e3o criminal e profissional.  <\/p>\n<p class=\"ai-optimize-16\">\n<\/div><\/div><\/div><\/div><\/div><\/div><div class=\"w-separator size_medium\"><\/div><div class=\"w-iconbox iconpos_top style_circle color_primary align_center no_text no_title\"><a href=\"#second\" class=\"w-iconbox-link\" aria-label=\"fas|chevron-down\"><div class=\"w-iconbox-icon\" style=\"font-size:24px;\"><i class=\"fas fa-chevron-down\"><\/i><\/div><\/a><div class=\"w-iconbox-meta\"><\/div><\/div><\/div><\/div><\/div><\/div><\/div><\/section><section class=\"l-section wpb_row height_medium full_height valign_center color_primary with_img parallax_ver\" id=\"second\"><div class=\"l-section-img\" role=\"img\" aria-label=\"Imagem\" data-img-width=\"1920\" data-img-height=\"1280\" style=\"background-image: url(https:\/\/spuehler.legal\/wp-content\/uploads\/2017\/12\/juristische-bibliothek-zuerich.jpg);\"><\/div><div class=\"l-section-overlay\" style=\"background:rgba(0,0,0,0.75)\"><\/div><div class=\"l-section-h i-cf\"><div class=\"g-cols vc_row via_flex valign_top type_default stacking_default\"><div class=\"vc_col-sm-12 wpb_column vc_column_container\"><div class=\"vc_column-inner\"><div class=\"wpb_wrapper\"><div class=\"wpb_text_column\"><div class=\"wpb_wrapper\"><h2 class=\"ai-optimize-13\" style=\"text-align: center;\">Uma vis\u00e3o geral do <strong>site<br \/>\n<\/strong><\/h2>\n<p class=\"ai-optimize-14\">\n<\/div><\/div><div class=\"w-separator size_large\"><\/div><div class=\"g-cols wpb_row via_flex valign_top type_default stacking_default\"><div class=\"vc_col-sm-4 wpb_column vc_column_container\"><div class=\"vc_column-inner us_custom_539f15ee\"><div class=\"wpb_wrapper\"><div class=\"w-iconbox iconpos_top style_circle color_primary align_center\"><a href=\"https:\/\/spuehler.legal\/pt-pt\/servicos\/\" class=\"w-iconbox-link\" aria-label=\"Servi\u00e7os\"><div class=\"w-iconbox-icon\" style=\"font-size:2rem;\"><i class=\"fas fa-list\"><\/i><\/div><\/a><div class=\"w-iconbox-meta\"><h3 class=\"w-iconbox-title\"><a href=\"https:\/\/spuehler.legal\/pt-pt\/servicos\/\" class=\"w-iconbox-link\" aria-label=\"Servi\u00e7os\">Servi\u00e7os<\/a><\/h3><div class=\"w-iconbox-text\"><p>Informa\u00e7\u00f5es sobre os servi\u00e7os e \u00e1reas de prefer\u00eancia do direito.<\/p>\n<\/div><\/div><\/div><\/div><\/div><\/div><div class=\"vc_col-sm-4 wpb_column vc_column_container\"><div class=\"vc_column-inner us_custom_539f15ee\"><div class=\"wpb_wrapper\"><div class=\"w-iconbox iconpos_top style_circle color_primary align_center\"><a title=\"Honor\u00e1rio\" href=\"https:\/\/spuehler.legal\/pt-pt\/honorario\/\" class=\"w-iconbox-link\" aria-label=\"Honor\u00e1rio\"><div class=\"w-iconbox-icon\" style=\"font-size:2rem;\"><i class=\"fas fa-dollar-sign\"><\/i><\/div><\/a><div class=\"w-iconbox-meta\"><h3 class=\"w-iconbox-title\"><a title=\"Honor\u00e1rio\" href=\"https:\/\/spuehler.legal\/pt-pt\/honorario\/\" class=\"w-iconbox-link\" aria-label=\"Honor\u00e1rio\">Honor\u00e1rio<\/a><\/h3><div class=\"w-iconbox-text\"><p>Obtenha uma vis\u00e3o geral dos custos de uma consulta jur\u00eddica, bem como o financiamento de um processo.<\/p>\n<\/div><\/div><\/div><\/div><\/div><\/div><div class=\"vc_col-sm-4 wpb_column vc_column_container\"><div class=\"vc_column-inner us_custom_539f15ee\"><div class=\"wpb_wrapper\"><div class=\"w-iconbox iconpos_top style_circle color_primary align_center\"><a title=\"Equipe em Zurique\" href=\"https:\/\/spuehler.legal\/pt-pt\/equipe\/\" class=\"w-iconbox-link\" aria-label=\"Equipe\"><div class=\"w-iconbox-icon\" style=\"font-size:2rem;\"><i class=\"fas fa-user-friends\"><\/i><\/div><\/a><div class=\"w-iconbox-meta\"><h3 class=\"w-iconbox-title\"><a title=\"Equipe em Zurique\" href=\"https:\/\/spuehler.legal\/pt-pt\/equipe\/\" class=\"w-iconbox-link\" aria-label=\"Equipe\">Equipe<\/a><\/h3><div class=\"w-iconbox-text\"><p>Saiba mais sobre a equipe do Sp\u00fchler Rechtsanw\u00e4lte.<\/p>\n<p class=\"ai-optimize-17\">\n<\/div><\/div><\/div><\/div><\/div><\/div><\/div><div class=\"w-separator size_large\"><\/div><div class=\"g-cols wpb_row via_flex valign_top type_default stacking_default\"><div class=\"vc_col-sm-4 wpb_column vc_column_container\"><div class=\"vc_column-inner us_custom_539f15ee\"><div class=\"wpb_wrapper\"><div class=\"w-iconbox iconpos_top style_circle color_primary align_center\"><a title=\"Perguntas mais freq\u00fcentes\" href=\"https:\/\/spuehler.legal\/pt-pt\/faq\/\" class=\"w-iconbox-link\" aria-label=\"FAQ\"><div class=\"w-iconbox-icon\" style=\"font-size:2rem;\"><i class=\"fas fa-question\"><\/i><\/div><\/a><div class=\"w-iconbox-meta\"><h3 class=\"w-iconbox-title\"><a title=\"Perguntas mais freq\u00fcentes\" href=\"https:\/\/spuehler.legal\/pt-pt\/faq\/\" class=\"w-iconbox-link\" aria-label=\"FAQ\">FAQ<\/a><\/h3><div class=\"w-iconbox-text\"><p>Respostas \u00e0s perguntas mais frequentes: Saiba mais sobre como trabalhar com a Sp\u00fchler Rechtsanw\u00e4lte.<\/p>\n<\/div><\/div><\/div><\/div><\/div><\/div><div class=\"vc_col-sm-4 wpb_column vc_column_container\"><div class=\"vc_column-inner us_custom_539f15ee\"><div class=\"wpb_wrapper\"><div class=\"w-iconbox iconpos_top style_circle color_primary align_center\"><a href=\"https:\/\/spuehler.legal\/pt-pt\/contato\/\" class=\"w-iconbox-link\" aria-label=\"Entre em contato conosco\"><div class=\"w-iconbox-icon\" style=\"font-size:2rem;\"><i class=\"fas fa-address-book\"><\/i><\/div><\/a><div class=\"w-iconbox-meta\"><h3 class=\"w-iconbox-title\"><a href=\"https:\/\/spuehler.legal\/pt-pt\/contato\/\" class=\"w-iconbox-link\" aria-label=\"Entre em contato conosco\">Entre em contato conosco<\/a><\/h3><div class=\"w-iconbox-text\"><p>Aqui voc\u00ea encontrar\u00e1 informa\u00e7\u00f5es de contato e instru\u00e7\u00f5es para chegar ao escrit\u00f3rio de advocacia Sp\u00fchler Rechtsanw\u00e4lte.<\/p>\n<\/div><\/div><\/div><\/div><\/div><\/div><div class=\"vc_col-sm-4 wpb_column vc_column_container\"><div class=\"vc_column-inner us_custom_539f15ee\"><div class=\"wpb_wrapper\"><div class=\"w-iconbox iconpos_top style_circle color_primary align_center\"><a href=\"https:\/\/spuehler.legal\/pt-pt\/nomeacao\/\" class=\"w-iconbox-link\" aria-label=\"Nomea\u00e7\u00e3o\"><div class=\"w-iconbox-icon\" style=\"font-size:2rem;\"><i class=\"fas fa-calendar-check\"><\/i><\/div><\/a><div class=\"w-iconbox-meta\"><h3 class=\"w-iconbox-title\"><a href=\"https:\/\/spuehler.legal\/pt-pt\/nomeacao\/\" class=\"w-iconbox-link\" aria-label=\"Nomea\u00e7\u00e3o\">Nomea\u00e7\u00e3o<\/a><\/h3><div class=\"w-iconbox-text\"><p>Marque uma reuni\u00e3o com um advogado on-line agora.<\/p>\n<\/div><\/div><\/div><\/div><\/div><\/div><\/div><div class=\"w-separator size_small\"><\/div><div class=\"w-iconbox iconpos_top style_circle color_primary align_center no_text no_title\"><a href=\"#third\" class=\"w-iconbox-link\" aria-label=\"fas|chevron-down\"><div class=\"w-iconbox-icon\" style=\"font-size:24px;\"><i class=\"fas fa-chevron-down\"><\/i><\/div><\/a><div class=\"w-iconbox-meta\"><\/div><\/div><\/div><\/div><\/div><\/div><\/div><\/section><section class=\"l-section wpb_row height_medium\" id=\"third\"><div class=\"l-section-h i-cf\"><div class=\"g-cols vc_row via_flex valign_top type_default stacking_default\"><div class=\"vc_col-sm-12 wpb_column vc_column_container\"><div class=\"vc_column-inner\"><div class=\"wpb_wrapper\"><div class=\"wpb_text_column\"><div class=\"wpb_wrapper\"><div data-src=\"https:\/\/cdn.trustindex.io\/loader.js?ae7a1c376e4f3938485483022f\"><\/div>\n<\/div><\/div><div class=\"w-iconbox iconpos_top style_circle color_primary align_center no_text no_title\"><a href=\"#fourth\" class=\"w-iconbox-link\" aria-label=\"fas|chevron-down\"><div class=\"w-iconbox-icon\" style=\"font-size:24px;\"><i class=\"fas fa-chevron-down\"><\/i><\/div><\/a><div class=\"w-iconbox-meta\"><\/div><\/div><\/div><\/div><\/div><\/div><\/div><\/section><section class=\"l-section wpb_row height_medium full_height valign_center color_primary\" id=\"fourth\"><div class=\"l-section-h i-cf\"><div class=\"g-cols vc_row via_flex valign_top type_default stacking_default\"><div class=\"vc_col-sm-12 wpb_column vc_column_container align_center\"><div class=\"vc_column-inner\"><div class=\"wpb_wrapper\"><div class=\"w-iconbox iconpos_top style_default color_custom align_center no_text no_title\"><a href=\"https:\/\/spuehler.legal\/pt-pt\/contato\/\" class=\"w-iconbox-link\" aria-label=\"fas|calendar-alt\"><div class=\"w-iconbox-icon\" style=\"font-size:100px;--icon-color:rgba(255,255,255,0.92);\"><i class=\"fas fa-calendar-alt\"><\/i><\/div><\/a><div class=\"w-iconbox-meta\"><\/div><\/div><div class=\"w-separator size_large\"><\/div><div class=\"wpb_text_column\"><div class=\"wpb_wrapper\"><h2 class=\"ai-optimize-15\" style=\"text-align: center;\">Marque uma reuni\u00e3o com <strong>seu advogado \/ sua advogada<\/strong> <strong>em Zurique<\/strong><\/h2>\n<p class=\"ai-optimize-16\">\n<\/div><\/div><div class=\"w-separator size_large\"><\/div><div class=\"w-btn-wrapper align_none\"><a class=\"w-btn us-btn-style_6 us_custom_80a192e9 font_bold icon_atleft\" title=\"Marca\u00e7\u00e3o de consulta\" href=\"https:\/\/spuehler.legal\/pt-pt\/nomeacao\/\"><i class=\"fas fa-calendar-check\"><\/i><span class=\"w-btn-label\">Marca\u00e7\u00e3o de consulta<\/span><\/a><\/div><div class=\"w-btn-wrapper align_none\"><a class=\"w-btn us-btn-style_7 us_custom_80a192e9 icon_atleft\" href=\"https:\/\/spuehler.legal\/pt-pt\/contato\/\"><i class=\"fas fa-address-book\"><\/i><span class=\"w-btn-label\">Entre em contato conosco<\/span><\/a><\/div><\/div><\/div><\/div><\/div><\/div><\/section>\n","protected":false},"excerpt":{"rendered":"Seus advogados em Zurique para todas as situa\u00e7\u00f5es da vida O escrit\u00f3rio de advocacia \u201cSp\u00fchler Rechtsanw\u00e4lte AG\u201d oferece consultoria jur\u00eddica e representa\u00e7\u00e3o legal em todas as situa\u00e7\u00f5es. Os escrit\u00f3rios est\u00e3o localizados na cidade de Zurique, nas imedia\u00e7\u00f5es da esta\u00e7\u00e3o de trem Zurich Enge. Entre em contato com seu advogado agora. Seu escrit\u00f3rio de advocacia em...","protected":false},"author":1,"featured_media":0,"parent":0,"menu_order":0,"comment_status":"closed","ping_status":"closed","template":"","meta":{"footnotes":""},"class_list":["post-1113","page","type-page","status-publish","hentry"],"yoast_head":"<!-- This site is optimized with the Yoast SEO Premium plugin v27.5 (Yoast SEO v27.6) - https:\/\/yoast.com\/product\/yoast-seo-premium-wordpress\/ -->\n<title>Seu advogado em Zurique para todas as situa\u00e7\u00f5es da vida<\/title>\n<meta name=\"description\" content=\"Advogado em Zurique: \u2713 Defesa criminal \u2713 Representa\u00e7\u00e3o da v\u00edtima \u2713 Direito de fam\u00edlia \u2713 Direito migrat\u00f3rio \u2713 Direito contratual \u2713 Direito societ\u00e1rio\" \/>\n<meta name=\"robots\" content=\"index, follow, max-snippet:-1, max-image-preview:large, max-video-preview:-1\" \/>\n<link rel=\"canonical\" href=\"https:\/\/spuehler.legal\/pt-pt\/\" \/>\n<meta property=\"og:locale\" content=\"pt_PT\" \/>\n<meta property=\"og:type\" content=\"article\" \/>\n<meta property=\"og:title\" content=\"Sp\u00fchler Rechtsanw\u00e4lte\" \/>\n<meta property=\"og:description\" content=\"Advogado em Zurique: \u2713 Defesa criminal \u2713 Representa\u00e7\u00e3o da v\u00edtima \u2713 Direito de fam\u00edlia \u2713 Direito migrat\u00f3rio \u2713 Direito contratual \u2713 Direito societ\u00e1rio\" \/>\n<meta property=\"og:url\" content=\"https:\/\/spuehler.legal\/pt-pt\/\" \/>\n<meta property=\"og:site_name\" content=\"Sp\u00fchler Rechtsanw\u00e4lte AG\" \/>\n<meta property=\"article:publisher\" content=\"https:\/\/www.facebook.com\/spuehler.legal\" \/>\n<meta property=\"article:modified_time\" content=\"2025-06-15T09:17:15+00:00\" \/>\n<meta name=\"twitter:card\" content=\"summary_large_image\" \/>\n<meta name=\"twitter:title\" content=\"Sp\u00fchler Rechtsanw\u00e4lte\" \/>\n<meta name=\"twitter:description\" content=\"Sp\u00fchler Rechtsanw\u00e4lte\" \/>\n<meta name=\"twitter:label1\" content=\"Tempo estimado de leitura\" \/>\n\t<meta name=\"twitter:data1\" content=\"6 minutos\" \/>\n<script type=\"application\/ld+json\" class=\"yoast-schema-graph\">{\"@context\":\"https:\\\/\\\/schema.org\",\"@graph\":[{\"@type\":\"WebPage\",\"@id\":\"https:\\\/\\\/spuehler.legal\\\/pt-pt\\\/\",\"url\":\"https:\\\/\\\/spuehler.legal\\\/pt-pt\\\/\",\"name\":\"Seu advogado em Zurique para todas as situa\u00e7\u00f5es da vida\",\"isPartOf\":{\"@id\":\"https:\\\/\\\/spuehler.legal\\\/pt-pt\\\/#website\"},\"datePublished\":\"2018-01-23T15:38:52+00:00\",\"dateModified\":\"2025-06-15T09:17:15+00:00\",\"description\":\"Advogado em Zurique: \u2713 Defesa criminal \u2713 Representa\u00e7\u00e3o da v\u00edtima \u2713 Direito de fam\u00edlia \u2713 Direito migrat\u00f3rio \u2713 Direito contratual \u2713 Direito societ\u00e1rio\",\"breadcrumb\":{\"@id\":\"https:\\\/\\\/spuehler.legal\\\/pt-pt\\\/#breadcrumb\"},\"inLanguage\":\"pt-PT\",\"potentialAction\":[{\"@type\":\"ReadAction\",\"target\":[\"https:\\\/\\\/spuehler.legal\\\/pt-pt\\\/\"]}]},{\"@type\":\"BreadcrumbList\",\"@id\":\"https:\\\/\\\/spuehler.legal\\\/pt-pt\\\/#breadcrumb\",\"itemListElement\":[{\"@type\":\"ListItem\",\"position\":1,\"name\":\"Startseite\",\"item\":\"https:\\\/\\\/spuehler.legal\\\/pt-pt\\\/inicio\\\/\"},{\"@type\":\"ListItem\",\"position\":2,\"name\":\"In\u00edcio\"}]},{\"@type\":\"WebSite\",\"@id\":\"https:\\\/\\\/spuehler.legal\\\/pt-pt\\\/#website\",\"url\":\"https:\\\/\\\/spuehler.legal\\\/pt-pt\\\/\",\"name\":\"Sp\u00fchler Rechtsanw\u00e4lte AG\",\"description\":\"Rechtsberatung und Rechtsvertretung in allen Lebenslagen\",\"publisher\":{\"@id\":\"https:\\\/\\\/spuehler.legal\\\/pt-pt\\\/#organization\"},\"potentialAction\":[{\"@type\":\"SearchAction\",\"target\":{\"@type\":\"EntryPoint\",\"urlTemplate\":\"https:\\\/\\\/spuehler.legal\\\/pt-pt\\\/?s={search_term_string}\"},\"query-input\":{\"@type\":\"PropertyValueSpecification\",\"valueRequired\":true,\"valueName\":\"search_term_string\"}}],\"inLanguage\":\"pt-PT\"},{\"@type\":\"Organization\",\"@id\":\"https:\\\/\\\/spuehler.legal\\\/pt-pt\\\/#organization\",\"name\":\"Sp\u00fchler Rechtsanw\u00e4lte AG\",\"url\":\"https:\\\/\\\/spuehler.legal\\\/pt-pt\\\/\",\"logo\":{\"@type\":\"ImageObject\",\"inLanguage\":\"pt-PT\",\"@id\":\"https:\\\/\\\/spuehler.legal\\\/pt-pt\\\/#\\\/schema\\\/logo\\\/image\\\/\",\"url\":\"https:\\\/\\\/spuehler.legal\\\/wp-content\\\/uploads\\\/2020\\\/08\\\/logo-spuehler-rechtsanwaelte.png\",\"contentUrl\":\"https:\\\/\\\/spuehler.legal\\\/wp-content\\\/uploads\\\/2020\\\/08\\\/logo-spuehler-rechtsanwaelte.png\",\"width\":898,\"height\":259,\"caption\":\"Sp\u00fchler Rechtsanw\u00e4lte AG\"},\"image\":{\"@id\":\"https:\\\/\\\/spuehler.legal\\\/pt-pt\\\/#\\\/schema\\\/logo\\\/image\\\/\"},\"sameAs\":[\"https:\\\/\\\/www.facebook.com\\\/spuehler.legal\",\"https:\\\/\\\/www.linkedin.com\\\/in\\\/fspuehler\\\/\"],\"description\":\"Die Anwaltskanzlei Sp\u00fchler Rechtsanw\u00e4lte AG ist beratend und prozessierend t\u00e4tig. Sie vertritt Privatpersonen sowie kleine und mittlere Unternehmen (KMU) in nationalen und internationalen Sachverhalten. Durch die breite Ausrichtung der Kanzlei ist eine ganzheitliche Beratung m\u00f6glich, welche auf Deutsch, Englisch, Spanisch, Franz\u00f6sisch, Italienisch oder Portugiesisch stattfindet. Kontaktieren Sie Ihre Anw\u00e4ltin oder Ihren Anwalt in Z\u00fcrich!\",\"email\":\"info@spuehler.legal\",\"telephone\":\"+41433440505\",\"legalName\":\"Sp\u00fchler Rechtsanw\u00e4lte AG\",\"foundingDate\":\"2018-01-01\",\"vatID\":\"CHE-431.484.624\",\"numberOfEmployees\":{\"@type\":\"QuantitativeValue\",\"minValue\":\"1\",\"maxValue\":\"10\"}}]}<\/script>\n<!-- \/ Yoast SEO Premium plugin. -->","yoast_head_json":{"title":"Seu advogado em Zurique para todas as situa\u00e7\u00f5es da vida","description":"Advogado em Zurique: \u2713 Defesa criminal \u2713 Representa\u00e7\u00e3o da v\u00edtima \u2713 Direito de fam\u00edlia \u2713 Direito migrat\u00f3rio \u2713 Direito contratual \u2713 Direito societ\u00e1rio","robots":{"index":"index","follow":"follow","max-snippet":"max-snippet:-1","max-image-preview":"max-image-preview:large","max-video-preview":"max-video-preview:-1"},"canonical":"https:\/\/spuehler.legal\/pt-pt\/","og_locale":"pt_PT","og_type":"article","og_title":"Sp\u00fchler Rechtsanw\u00e4lte","og_description":"Advogado em Zurique: \u2713 Defesa criminal \u2713 Representa\u00e7\u00e3o da v\u00edtima \u2713 Direito de fam\u00edlia \u2713 Direito migrat\u00f3rio \u2713 Direito contratual \u2713 Direito societ\u00e1rio","og_url":"https:\/\/spuehler.legal\/pt-pt\/","og_site_name":"Sp\u00fchler Rechtsanw\u00e4lte AG","article_publisher":"https:\/\/www.facebook.com\/spuehler.legal","article_modified_time":"2025-06-15T09:17:15+00:00","twitter_card":"summary_large_image","twitter_title":"Sp\u00fchler Rechtsanw\u00e4lte","twitter_description":"Sp\u00fchler Rechtsanw\u00e4lte","twitter_misc":{"Tempo estimado de leitura":"6 minutos"},"schema":{"@context":"https:\/\/schema.org","@graph":[{"@type":"WebPage","@id":"https:\/\/spuehler.legal\/pt-pt\/","url":"https:\/\/spuehler.legal\/pt-pt\/","name":"Seu advogado em Zurique para todas as situa\u00e7\u00f5es da vida","isPartOf":{"@id":"https:\/\/spuehler.legal\/pt-pt\/#website"},"datePublished":"2018-01-23T15:38:52+00:00","dateModified":"2025-06-15T09:17:15+00:00","description":"Advogado em Zurique: \u2713 Defesa criminal \u2713 Representa\u00e7\u00e3o da v\u00edtima \u2713 Direito de fam\u00edlia \u2713 Direito migrat\u00f3rio \u2713 Direito contratual \u2713 Direito societ\u00e1rio","breadcrumb":{"@id":"https:\/\/spuehler.legal\/pt-pt\/#breadcrumb"},"inLanguage":"pt-PT","potentialAction":[{"@type":"ReadAction","target":["https:\/\/spuehler.legal\/pt-pt\/"]}]},{"@type":"BreadcrumbList","@id":"https:\/\/spuehler.legal\/pt-pt\/#breadcrumb","itemListElement":[{"@type":"ListItem","position":1,"name":"Startseite","item":"https:\/\/spuehler.legal\/pt-pt\/inicio\/"},{"@type":"ListItem","position":2,"name":"In\u00edcio"}]},{"@type":"WebSite","@id":"https:\/\/spuehler.legal\/pt-pt\/#website","url":"https:\/\/spuehler.legal\/pt-pt\/","name":"Sp\u00fchler Rechtsanw\u00e4lte AG","description":"Rechtsberatung und Rechtsvertretung in allen Lebenslagen","publisher":{"@id":"https:\/\/spuehler.legal\/pt-pt\/#organization"},"potentialAction":[{"@type":"SearchAction","target":{"@type":"EntryPoint","urlTemplate":"https:\/\/spuehler.legal\/pt-pt\/?s={search_term_string}"},"query-input":{"@type":"PropertyValueSpecification","valueRequired":true,"valueName":"search_term_string"}}],"inLanguage":"pt-PT"},{"@type":"Organization","@id":"https:\/\/spuehler.legal\/pt-pt\/#organization","name":"Sp\u00fchler Rechtsanw\u00e4lte AG","url":"https:\/\/spuehler.legal\/pt-pt\/","logo":{"@type":"ImageObject","inLanguage":"pt-PT","@id":"https:\/\/spuehler.legal\/pt-pt\/#\/schema\/logo\/image\/","url":"https:\/\/spuehler.legal\/wp-content\/uploads\/2020\/08\/logo-spuehler-rechtsanwaelte.png","contentUrl":"https:\/\/spuehler.legal\/wp-content\/uploads\/2020\/08\/logo-spuehler-rechtsanwaelte.png","width":898,"height":259,"caption":"Sp\u00fchler Rechtsanw\u00e4lte AG"},"image":{"@id":"https:\/\/spuehler.legal\/pt-pt\/#\/schema\/logo\/image\/"},"sameAs":["https:\/\/www.facebook.com\/spuehler.legal","https:\/\/www.linkedin.com\/in\/fspuehler\/"],"description":"Die Anwaltskanzlei Sp\u00fchler Rechtsanw\u00e4lte AG ist beratend und prozessierend t\u00e4tig. Sie vertritt Privatpersonen sowie kleine und mittlere Unternehmen (KMU) in nationalen und internationalen Sachverhalten. Durch die breite Ausrichtung der Kanzlei ist eine ganzheitliche Beratung m\u00f6glich, welche auf Deutsch, Englisch, Spanisch, Franz\u00f6sisch, Italienisch oder Portugiesisch stattfindet. Kontaktieren Sie Ihre Anw\u00e4ltin oder Ihren Anwalt in Z\u00fcrich!","email":"info@spuehler.legal","telephone":"+41433440505","legalName":"Sp\u00fchler Rechtsanw\u00e4lte AG","foundingDate":"2018-01-01","vatID":"CHE-431.484.624","numberOfEmployees":{"@type":"QuantitativeValue","minValue":"1","maxValue":"10"}}]}},"_links":{"self":[{"href":"https:\/\/spuehler.legal\/pt-pt\/wp-json\/wp\/v2\/pages\/1113","targetHints":{"allow":["GET"]}}],"collection":[{"href":"https:\/\/spuehler.legal\/pt-pt\/wp-json\/wp\/v2\/pages"}],"about":[{"href":"https:\/\/spuehler.legal\/pt-pt\/wp-json\/wp\/v2\/types\/page"}],"author":[{"embeddable":true,"href":"https:\/\/spuehler.legal\/pt-pt\/wp-json\/wp\/v2\/users\/1"}],"replies":[{"embeddable":true,"href":"https:\/\/spuehler.legal\/pt-pt\/wp-json\/wp\/v2\/comments?post=1113"}],"version-history":[{"count":108,"href":"https:\/\/spuehler.legal\/pt-pt\/wp-json\/wp\/v2\/pages\/1113\/revisions"}],"predecessor-version":[{"id":6885,"href":"https:\/\/spuehler.legal\/pt-pt\/wp-json\/wp\/v2\/pages\/1113\/revisions\/6885"}],"wp:attachment":[{"href":"https:\/\/spuehler.legal\/pt-pt\/wp-json\/wp\/v2\/media?parent=1113"}],"curies":[{"name":"wp","href":"https:\/\/api.w.org\/{rel}","templated":true}]}}