{"id":6506,"date":"2025-06-09T10:58:26","date_gmt":"2025-06-09T08:58:26","guid":{"rendered":"https:\/\/spuehler.legal\/legge-sulla-migrazione\/"},"modified":"2025-07-13T10:02:14","modified_gmt":"2025-07-13T08:02:14","slug":"legge-sulla-migrazione","status":"publish","type":"page","link":"https:\/\/spuehler.legal\/it\/legge-sulla-migrazione\/","title":{"rendered":"Legge sulla migrazione"},"content":{"rendered":"<section class=\"l-section wpb_row height_large color_primary with_img\"><div class=\"l-section-img\" role=\"img\" aria-label=\"Immagine\" data-img-width=\"2560\" data-img-height=\"1440\" style=\"background-image: url(https:\/\/spuehler.legal\/wp-content\/uploads\/2025\/06\/anwalt-migrationsrecht-zuerich-scaled.jpg);\"><\/div><div class=\"l-section-overlay\" style=\"background:rgba(0,0,0,0.6)\"><\/div><div class=\"l-section-h i-cf\"><div class=\"g-cols vc_row via_flex valign_top type_default stacking_default\"><div class=\"vc_col-sm-12 wpb_column vc_column_container\"><div class=\"vc_column-inner\"><div class=\"wpb_wrapper\"><div class=\"wpb_text_column\"><div class=\"wpb_wrapper\"><h1 class=\"ai-optimize-7\" style=\"text-align: left;\">Avvocato per il <strong>diritto della migrazione a Zurigo<\/strong><\/h1>\n<p class=\"ai-optimize-10\">\n<\/div><\/div><div class=\"wpb_text_column us_custom_dfddb007\"><div class=\"wpb_wrapper\"><h3 class=\"ai-optimize-9\" data-pm-slice=\"1 1 &#091;&#093;\">La sosteniamo in tutte le questioni relative alla <strong>legge sull&#8217;immigrazione.<\/strong><\/h3>\n<p class=\"ai-optimize-7\">\n<\/div><\/div><\/div><\/div><\/div><\/div><\/div><\/section><section class=\"l-section wpb_row height_medium\"><div class=\"l-section-h i-cf\"><div class=\"g-cols vc_row via_flex valign_top type_default stacking_default\"><div class=\"vc_col-sm-12 wpb_column vc_column_container\"><div class=\"vc_column-inner\"><div class=\"wpb_wrapper\"><div class=\"wpb_text_column\"><div class=\"wpb_wrapper\"><h2 class=\"ai-optimize-11\">Diritto della migrazione in Svizzera &#8211; <strong>una panoramica<\/strong><\/h2>\n<p class=\"ai-optimize-87\">\n<\/div><\/div><div class=\"w-separator size_small\"><\/div><div class=\"g-cols wpb_row via_flex valign_top type_default reversed stacking_default\"><div class=\"vc_col-sm-6 wpb_column vc_column_container\"><div class=\"vc_column-inner\"><div class=\"wpb_wrapper\"><div class=\"w-image has_ratio align_none\"><div class=\"w-image-h\"><div style=\"padding-bottom:100%\"><\/div><img decoding=\"async\" width=\"1024\" height=\"1024\" src=\"https:\/\/spuehler.legal\/wp-content\/uploads\/2025\/06\/rechtsanwalt-auslaenderrecht-1024x1024.jpg\" class=\"attachment-large size-large\" alt=\"\" loading=\"lazy\" \/><\/div><\/div><\/div><\/div><\/div><div class=\"vc_col-sm-6 wpb_column vc_column_container\"><div class=\"vc_column-inner\"><div class=\"wpb_wrapper\"><div class=\"wpb_text_column\"><div class=\"wpb_wrapper\"><p class=\"ai-optimize-13\" data-pm-slice=\"1 1 &#091;&#093;\">La legge svizzera sulla migrazione regola l&#8217;ingresso, il soggiorno e l&#8217;integrazione dei cittadini stranieri. La legge federale centrale \u00e8 la <strong data-start=\"225\" data-end=\"268\">Legge sugli stranieri e l&#8217;integrazione (FNIA)<\/strong>, che definisce i vari tipi di autorizzazione (soggiorno breve, residenza, insediamento, ecc.) e i diritti e gli obblighi durante il soggiorno. <span class=\"\" data-state=\"closed\"><span class=\"ms-1 inline-flex max-w-full items-center relative top-&#091;-0.094rem&#093; animate-&#091;show_150ms_ease-in&#093;\"><span class=\"relative start-0 bottom-0 flex h-full w-full items-center\"><span class=\"flex h-4 w-full items-center justify-between overflow-hidden\"><span class=\"max-w-full grow truncate overflow-hidden text-center\"><\/span><\/span><\/span><\/span><\/span>. I cittadini stranieri hanno generalmente bisogno di un permesso di soggiorno, il cui tipo dipende dallo scopo e dalla durata del soggiorno. Il <strong data-start=\"647\" data-end=\"675\" data-is-only-node=\"\">permesso di soggiorno B<\/strong> (soggiorno temporaneo, ad esempio per motivi di lavoro o familiari) e il <strong data-start=\"749\" data-end=\"780\">permesso di soggiorno permanente C<\/strong> (soggiorno permanente dopo un periodo di residenza pi\u00f9 lungo) sono molto utilizzati. La legge sulla migrazione regola anche le condizioni per il <strong data-start=\"901\" data-end=\"920\">ricongiungimento familiare<\/strong> (coniugi, partner registrati e figli), comprese le scadenze e i requisiti di integrazione, oltre a disposizioni speciali in relazione al <strong data-start=\"1071\" data-end=\"1102\">matrimonio e alle unioni civili<\/strong> (ad esempio, in caso di <strong data-start=\"1113\" data-end=\"1134\">sospetto matrimonio fittizio<\/strong> o dopo lo scioglimento di un matrimonio). In caso di difficolt\u00e0 &#8211; ad esempio in caso di <strong data-start=\"1226\" data-end=\"1270\">soggiorno illegale<\/strong> di lunga durata <strong data-start=\"1226\" data-end=\"1270\">(sans-papiers)<\/strong> o per gravi motivi personali &#8211; esistono soluzioni umanitarie a determinate condizioni. Infine, la legge svizzera sulla migrazione contiene requisiti chiari per le aziende che desiderano assumere manodopera straniera: In particolare, i <strong data-start=\"1521\" data-end=\"1572\">permessi di lavoro per i cittadini di Paesi terzi<\/strong> (persone provenienti da Paesi al di fuori dell \u201cUE\/AELS) vengono rilasciati solo se vengono soddisfatte condizioni rigorose, mentre i cittadini dell\u201d UE\/AELS sono favoriti dalla libera circolazione delle persone.    <\/p>\n<p class=\"ai-optimize-11\">\n<\/div><\/div><\/div><\/div><\/div><\/div><\/div><\/div><\/div><\/div><\/div><\/section><section class=\"l-section wpb_row height_medium\"><div class=\"l-section-h i-cf\"><div class=\"g-cols vc_row via_flex valign_top type_default stacking_default\"><div class=\"vc_col-sm-12 wpb_column vc_column_container\"><div class=\"vc_column-inner\"><div class=\"wpb_wrapper\"><div class=\"wpb_text_column\"><div class=\"wpb_wrapper\"><h2 class=\"ai-optimize-17\">FAQ &#8211; Domande frequenti <strong>sulla legge sull&#8217;immigrazione<\/strong><\/h2>\n<p class=\"ai-optimize-89\">\n<\/div><\/div><div class=\"w-tabs style_default switch_click accordion type_togglable has_scrolling\" style=\"--sections-title-size:inherit\"><div class=\"w-tabs-sections titles-align_none icon_chevron cpos_right\"><div class=\"w-tabs-section\" id=\"1514906054235-ddcee7ae-22e7\" itemscope itemprop=\"mainEntity\" itemtype=\"https:\/\/schema.org\/Question\"><button class=\"w-tabs-section-header with_icon\" aria-controls=\"content-1514906054235-ddcee7ae-22e7\" aria-expanded=\"false\"><i class=\"fas fa-question-circle\"><\/i><h4 class=\"w-tabs-section-title\" itemprop=\"name\">Qual \u00e8 la differenza tra un permesso di soggiorno B e un permesso di soggiorno permanente C?<\/h4><div class=\"w-tabs-section-control\"><\/div><\/button><div  class=\"w-tabs-section-content\" id=\"content-1514906054235-ddcee7ae-22e7\" itemscope itemprop=\"acceptedAnswer\" itemtype=\"https:\/\/schema.org\/Answer\"><div class=\"w-tabs-section-content-h i-cf\" itemprop=\"text\"><div class=\"g-cols wpb_row via_flex valign_top type_default stacking_default\"><div class=\"vc_col-sm-12 wpb_column vc_column_container\"><div class=\"vc_column-inner\"><div class=\"wpb_wrapper\"><div class=\"wpb_text_column\"><div class=\"wpb_wrapper\"><p class=\"ai-optimize-36\">Il <strong>permesso di soggiorno B<\/strong> \u00e8 un permesso di soggiorno temporaneo. Di solito viene rilasciato per uno scopo specifico (ad esempio, lavoro, ricongiungimento familiare o studio) e spesso per un periodo di un anno, che pu\u00f2 essere prorogato. \u00c8 soggetto a condizioni, come l&#8217;esercizio di un&#8217;attivit\u00e0 lavorativa o l&#8217;assenza di una violazione della legge. Il <strong>permesso di insediamento<\/strong> <strong data-start=\"2614\" data-end=\"2619\">C<\/strong>, invece, \u00e8 <em data-start=\"2633\" data-end=\"2646\">illimitato<\/em>: Viene rilasciato dopo un periodo pi\u00f9 lungo di residenza regolare in Svizzera e autorizza il soggiorno permanente.   <span class=\"\" data-state=\"closed\"><span class=\"ms-1 inline-flex max-w-full items-center relative top-&#091;-0.094rem&#093; animate-&#091;show_150ms_ease-in&#093;\"><\/span><\/span>. I titolari di un permesso C godono di diritti pi\u00f9 ampi: ad esempio, possono cambiare cantone o lavoro senza dover richiedere un nuovo permesso, e possono portare la propria famiglia in Svizzera nel quadro delle disposizioni di legge. Il permesso C offre quindi maggiore sicurezza e non \u00e8 limitato nel tempo, mentre il permesso B viene rinnovato regolarmente e i requisiti devono essere soddisfatti in modo continuativo.<\/p>\n<p class=\"ai-optimize-90\">\n<\/div><\/div><\/div><\/div><\/div><\/div><\/div><\/div><\/div><\/div><\/div><\/div><\/div><\/div><\/div><\/div><\/section><section class=\"l-section wpb_row align_center height_medium color_primary\"><div class=\"l-section-h i-cf\"><div class=\"g-cols vc_row via_flex valign_top type_default stacking_default\"><div class=\"vc_col-sm-12 wpb_column vc_column_container\"><div class=\"vc_column-inner\"><div class=\"wpb_wrapper\"><div class=\"wpb_text_column\"><div class=\"wpb_wrapper\"><h2 class=\"ai-optimize-57\" style=\"text-align: center;\"><strong>Contatti<\/strong> ora <strong>il suo avvocato a Zurigo per la legge sull&#8217;immigrazione<\/strong><\/h2>\n<p class=\"ai-optimize-91\">\n<\/div><\/div><div class=\"w-btn-wrapper align_none\"><a class=\"w-btn us-btn-style_6 us_custom_f73f4019 font_bold icon_atleft\" title=\"Prenota un appuntamento\" href=\"https:\/\/spuehler.legal\/it\/appuntamento\/\"><i class=\"fas fa-calendar-check\"><\/i><span class=\"w-btn-label\">Prenota un appuntamento<\/span><\/a><\/div><div class=\"w-btn-wrapper align_none\"><a class=\"w-btn us-btn-style_7 us_custom_f73f4019 icon_atleft\" href=\"https:\/\/spuehler.legal\/it\/contatto\/\"><i class=\"fas fa-address-book\"><\/i><span class=\"w-btn-label\">Contatto<\/span><\/a><\/div><\/div><\/div><\/div><\/div><\/div><\/section>\n","protected":false},"excerpt":{"rendered":"Avvocato per il diritto della migrazione a Zurigo La sosteniamo in tutte le questioni relative alla legge sull&#8217;immigrazione. Diritto della migrazione in Svizzera &#8211; una panoramica La legge svizzera sulla migrazione regola l&#8217;ingresso, il soggiorno e l&#8217;integrazione dei cittadini stranieri. La legge federale centrale \u00e8 la Legge sugli stranieri e l&#8217;integrazione (FNIA), che definisce i...","protected":false},"author":1,"featured_media":0,"parent":0,"menu_order":0,"comment_status":"closed","ping_status":"closed","template":"","meta":{"footnotes":""},"class_list":["post-6506","page","type-page","status-publish","hentry"],"yoast_head":"<!-- This site is optimized with the Yoast SEO Premium plugin v27.4 (Yoast SEO v27.4) - https:\/\/yoast.com\/product\/yoast-seo-premium-wordpress\/ -->\n<title>Avvocato in diritto della migrazione e dell&#039;asilo a Zurigo.<\/title>\n<meta name=\"description\" content=\"Contatti subito il suo avvocato per il diritto di migrazione e l&#039;asilo a Zurigo. La difenderemo con competenza.\" \/>\n<meta name=\"robots\" content=\"index, follow, max-snippet:-1, max-image-preview:large, max-video-preview:-1\" \/>\n<link rel=\"canonical\" href=\"https:\/\/spuehler.legal\/it\/legge-sulla-migrazione\/\" \/>\n<meta property=\"og:locale\" content=\"it_IT\" \/>\n<meta property=\"og:type\" content=\"article\" \/>\n<meta property=\"og:title\" content=\"Legge sulla migrazione\" \/>\n<meta property=\"og:description\" content=\"Contatti subito il suo avvocato per il diritto di migrazione e l&#039;asilo a Zurigo. La difenderemo con competenza.\" \/>\n<meta property=\"og:url\" content=\"https:\/\/spuehler.legal\/it\/legge-sulla-migrazione\/\" \/>\n<meta property=\"og:site_name\" content=\"Sp\u00fchler Rechtsanw\u00e4lte AG\" \/>\n<meta property=\"article:publisher\" content=\"https:\/\/www.facebook.com\/spuehler.legal\" \/>\n<meta property=\"article:modified_time\" content=\"2025-07-13T08:02:14+00:00\" \/>\n<meta name=\"twitter:card\" content=\"summary_large_image\" \/>\n<meta name=\"twitter:label1\" content=\"Tempo di lettura stimato\" \/>\n\t<meta name=\"twitter:data1\" content=\"4 minuti\" \/>\n<script type=\"application\/ld+json\" class=\"yoast-schema-graph\">{\"@context\":\"https:\\\/\\\/schema.org\",\"@graph\":[{\"@type\":\"WebPage\",\"@id\":\"https:\\\/\\\/spuehler.legal\\\/it\\\/legge-sulla-migrazione\\\/\",\"url\":\"https:\\\/\\\/spuehler.legal\\\/it\\\/legge-sulla-migrazione\\\/\",\"name\":\"Avvocato in diritto della migrazione e dell'asilo a Zurigo.\",\"isPartOf\":{\"@id\":\"https:\\\/\\\/spuehler.legal\\\/it\\\/#website\"},\"datePublished\":\"2025-06-09T08:58:26+00:00\",\"dateModified\":\"2025-07-13T08:02:14+00:00\",\"description\":\"Contatti subito il suo avvocato per il diritto di migrazione e l'asilo a Zurigo. La difenderemo con competenza.\",\"breadcrumb\":{\"@id\":\"https:\\\/\\\/spuehler.legal\\\/it\\\/legge-sulla-migrazione\\\/#breadcrumb\"},\"inLanguage\":\"it-IT\",\"potentialAction\":[{\"@type\":\"ReadAction\",\"target\":[\"https:\\\/\\\/spuehler.legal\\\/it\\\/legge-sulla-migrazione\\\/\"]}]},{\"@type\":\"BreadcrumbList\",\"@id\":\"https:\\\/\\\/spuehler.legal\\\/it\\\/legge-sulla-migrazione\\\/#breadcrumb\",\"itemListElement\":[{\"@type\":\"ListItem\",\"position\":1,\"name\":\"Startseite\",\"item\":\"https:\\\/\\\/spuehler.legal\\\/it\\\/inizio\\\/\"},{\"@type\":\"ListItem\",\"position\":2,\"name\":\"Legge sulla migrazione\"}]},{\"@type\":\"WebSite\",\"@id\":\"https:\\\/\\\/spuehler.legal\\\/it\\\/#website\",\"url\":\"https:\\\/\\\/spuehler.legal\\\/it\\\/\",\"name\":\"Sp\u00fchler Rechtsanw\u00e4lte AG\",\"description\":\"Rechtsberatung und Rechtsvertretung in allen Lebenslagen\",\"publisher\":{\"@id\":\"https:\\\/\\\/spuehler.legal\\\/it\\\/#organization\"},\"potentialAction\":[{\"@type\":\"SearchAction\",\"target\":{\"@type\":\"EntryPoint\",\"urlTemplate\":\"https:\\\/\\\/spuehler.legal\\\/it\\\/?s={search_term_string}\"},\"query-input\":{\"@type\":\"PropertyValueSpecification\",\"valueRequired\":true,\"valueName\":\"search_term_string\"}}],\"inLanguage\":\"it-IT\"},{\"@type\":\"Organization\",\"@id\":\"https:\\\/\\\/spuehler.legal\\\/it\\\/#organization\",\"name\":\"Sp\u00fchler Rechtsanw\u00e4lte AG\",\"url\":\"https:\\\/\\\/spuehler.legal\\\/it\\\/\",\"logo\":{\"@type\":\"ImageObject\",\"inLanguage\":\"it-IT\",\"@id\":\"https:\\\/\\\/spuehler.legal\\\/it\\\/#\\\/schema\\\/logo\\\/image\\\/\",\"url\":\"https:\\\/\\\/spuehler.legal\\\/wp-content\\\/uploads\\\/2020\\\/08\\\/logo-spuehler-rechtsanwaelte.png\",\"contentUrl\":\"https:\\\/\\\/spuehler.legal\\\/wp-content\\\/uploads\\\/2020\\\/08\\\/logo-spuehler-rechtsanwaelte.png\",\"width\":898,\"height\":259,\"caption\":\"Sp\u00fchler Rechtsanw\u00e4lte AG\"},\"image\":{\"@id\":\"https:\\\/\\\/spuehler.legal\\\/it\\\/#\\\/schema\\\/logo\\\/image\\\/\"},\"sameAs\":[\"https:\\\/\\\/www.facebook.com\\\/spuehler.legal\",\"https:\\\/\\\/www.linkedin.com\\\/in\\\/fspuehler\\\/\"],\"description\":\"Die Anwaltskanzlei Sp\u00fchler Rechtsanw\u00e4lte AG ist beratend und prozessierend t\u00e4tig. Sie vertritt Privatpersonen sowie kleine und mittlere Unternehmen (KMU) in nationalen und internationalen Sachverhalten. Durch die breite Ausrichtung der Kanzlei ist eine ganzheitliche Beratung m\u00f6glich, welche auf Deutsch, Englisch, Spanisch, Franz\u00f6sisch, Italienisch oder Portugiesisch stattfindet. Kontaktieren Sie Ihre Anw\u00e4ltin oder Ihren Anwalt in Z\u00fcrich!\",\"email\":\"info@spuehler.legal\",\"telephone\":\"+41433440505\",\"legalName\":\"Sp\u00fchler Rechtsanw\u00e4lte AG\",\"foundingDate\":\"2018-01-01\",\"vatID\":\"CHE-431.484.624\",\"numberOfEmployees\":{\"@type\":\"QuantitativeValue\",\"minValue\":\"1\",\"maxValue\":\"10\"}}]}<\/script>\n<!-- \/ Yoast SEO Premium plugin. -->","yoast_head_json":{"title":"Avvocato in diritto della migrazione e dell'asilo a Zurigo.","description":"Contatti subito il suo avvocato per il diritto di migrazione e l'asilo a Zurigo. La difenderemo con competenza.","robots":{"index":"index","follow":"follow","max-snippet":"max-snippet:-1","max-image-preview":"max-image-preview:large","max-video-preview":"max-video-preview:-1"},"canonical":"https:\/\/spuehler.legal\/it\/legge-sulla-migrazione\/","og_locale":"it_IT","og_type":"article","og_title":"Legge sulla migrazione","og_description":"Contatti subito il suo avvocato per il diritto di migrazione e l'asilo a Zurigo. La difenderemo con competenza.","og_url":"https:\/\/spuehler.legal\/it\/legge-sulla-migrazione\/","og_site_name":"Sp\u00fchler Rechtsanw\u00e4lte AG","article_publisher":"https:\/\/www.facebook.com\/spuehler.legal","article_modified_time":"2025-07-13T08:02:14+00:00","twitter_card":"summary_large_image","twitter_misc":{"Tempo di lettura stimato":"4 minuti"},"schema":{"@context":"https:\/\/schema.org","@graph":[{"@type":"WebPage","@id":"https:\/\/spuehler.legal\/it\/legge-sulla-migrazione\/","url":"https:\/\/spuehler.legal\/it\/legge-sulla-migrazione\/","name":"Avvocato in diritto della migrazione e dell'asilo a Zurigo.","isPartOf":{"@id":"https:\/\/spuehler.legal\/it\/#website"},"datePublished":"2025-06-09T08:58:26+00:00","dateModified":"2025-07-13T08:02:14+00:00","description":"Contatti subito il suo avvocato per il diritto di migrazione e l'asilo a Zurigo. La difenderemo con competenza.","breadcrumb":{"@id":"https:\/\/spuehler.legal\/it\/legge-sulla-migrazione\/#breadcrumb"},"inLanguage":"it-IT","potentialAction":[{"@type":"ReadAction","target":["https:\/\/spuehler.legal\/it\/legge-sulla-migrazione\/"]}]},{"@type":"BreadcrumbList","@id":"https:\/\/spuehler.legal\/it\/legge-sulla-migrazione\/#breadcrumb","itemListElement":[{"@type":"ListItem","position":1,"name":"Startseite","item":"https:\/\/spuehler.legal\/it\/inizio\/"},{"@type":"ListItem","position":2,"name":"Legge sulla migrazione"}]},{"@type":"WebSite","@id":"https:\/\/spuehler.legal\/it\/#website","url":"https:\/\/spuehler.legal\/it\/","name":"Sp\u00fchler Rechtsanw\u00e4lte AG","description":"Rechtsberatung und Rechtsvertretung in allen Lebenslagen","publisher":{"@id":"https:\/\/spuehler.legal\/it\/#organization"},"potentialAction":[{"@type":"SearchAction","target":{"@type":"EntryPoint","urlTemplate":"https:\/\/spuehler.legal\/it\/?s={search_term_string}"},"query-input":{"@type":"PropertyValueSpecification","valueRequired":true,"valueName":"search_term_string"}}],"inLanguage":"it-IT"},{"@type":"Organization","@id":"https:\/\/spuehler.legal\/it\/#organization","name":"Sp\u00fchler Rechtsanw\u00e4lte AG","url":"https:\/\/spuehler.legal\/it\/","logo":{"@type":"ImageObject","inLanguage":"it-IT","@id":"https:\/\/spuehler.legal\/it\/#\/schema\/logo\/image\/","url":"https:\/\/spuehler.legal\/wp-content\/uploads\/2020\/08\/logo-spuehler-rechtsanwaelte.png","contentUrl":"https:\/\/spuehler.legal\/wp-content\/uploads\/2020\/08\/logo-spuehler-rechtsanwaelte.png","width":898,"height":259,"caption":"Sp\u00fchler Rechtsanw\u00e4lte AG"},"image":{"@id":"https:\/\/spuehler.legal\/it\/#\/schema\/logo\/image\/"},"sameAs":["https:\/\/www.facebook.com\/spuehler.legal","https:\/\/www.linkedin.com\/in\/fspuehler\/"],"description":"Die Anwaltskanzlei Sp\u00fchler Rechtsanw\u00e4lte AG ist beratend und prozessierend t\u00e4tig. Sie vertritt Privatpersonen sowie kleine und mittlere Unternehmen (KMU) in nationalen und internationalen Sachverhalten. Durch die breite Ausrichtung der Kanzlei ist eine ganzheitliche Beratung m\u00f6glich, welche auf Deutsch, Englisch, Spanisch, Franz\u00f6sisch, Italienisch oder Portugiesisch stattfindet. Kontaktieren Sie Ihre Anw\u00e4ltin oder Ihren Anwalt in Z\u00fcrich!","email":"info@spuehler.legal","telephone":"+41433440505","legalName":"Sp\u00fchler Rechtsanw\u00e4lte AG","foundingDate":"2018-01-01","vatID":"CHE-431.484.624","numberOfEmployees":{"@type":"QuantitativeValue","minValue":"1","maxValue":"10"}}]}},"_links":{"self":[{"href":"https:\/\/spuehler.legal\/it\/wp-json\/wp\/v2\/pages\/6506","targetHints":{"allow":["GET"]}}],"collection":[{"href":"https:\/\/spuehler.legal\/it\/wp-json\/wp\/v2\/pages"}],"about":[{"href":"https:\/\/spuehler.legal\/it\/wp-json\/wp\/v2\/types\/page"}],"author":[{"embeddable":true,"href":"https:\/\/spuehler.legal\/it\/wp-json\/wp\/v2\/users\/1"}],"replies":[{"embeddable":true,"href":"https:\/\/spuehler.legal\/it\/wp-json\/wp\/v2\/comments?post=6506"}],"version-history":[{"count":10,"href":"https:\/\/spuehler.legal\/it\/wp-json\/wp\/v2\/pages\/6506\/revisions"}],"predecessor-version":[{"id":7271,"href":"https:\/\/spuehler.legal\/it\/wp-json\/wp\/v2\/pages\/6506\/revisions\/7271"}],"wp:attachment":[{"href":"https:\/\/spuehler.legal\/it\/wp-json\/wp\/v2\/media?parent=6506"}],"curies":[{"name":"wp","href":"https:\/\/api.w.org\/{rel}","templated":true}]}}