{"id":5120,"date":"2024-09-15T17:30:37","date_gmt":"2024-09-15T15:30:37","guid":{"rendered":"https:\/\/spuehler.legal\/informativa-sulla-privacy\/"},"modified":"2024-09-15T17:30:37","modified_gmt":"2024-09-15T15:30:37","slug":"informativa-sulla-privacy","status":"publish","type":"page","link":"https:\/\/spuehler.legal\/it\/informativa-sulla-privacy\/","title":{"rendered":"Informativa sulla privacy"},"content":{"rendered":"&#13;\n<h1>Datenschutzerkl\u00e4rung<\/h1>&#13;\n<p>Trattiamo i dati personali (dati che identificano direttamente o indirettamente persone fisiche) che riceviamo da lei o da terzi coinvolti nell&#8217;ambito del rapporto con il cliente o che raccogliamo noi stessi. Sp\u00fchler Rechtsanw\u00e4lte AG \u00e8 responsabile del trattamento dei dati personali come descritto nella presente informativa sulla privacy.<\/p>&#13;\n&#13;\n<p>Lei stesso o le persone interessate ci forniscono alcuni dei dati personali quando ci contattano via e-mail o telefono e chiedono informazioni sui nostri servizi. Ci\u00f2 include, ad esempio, nome e dati di contatto, nonch\u00e9 informazioni sul ruolo dell&#8217;interessato presso l&#8217;azienda o l&#8217;organizzazione per cui lei o le rispettive persone di contatto lavorano o per conto delle quali lei o loro ci contattano. Trattiamo anche i dati personali che riceviamo nella nostra corrispondenza con terzi (ossia clienti, controparti, autorit\u00e0 e tribunali e i loro dipendenti o altre persone di contatto) nell&#8217;ambito del rapporto con il cliente (ad esempio, nome, dati di contatto, data di nascita, dettagli sull&#8217;impiego, situazione reddituale, situazione familiare o stato di salute). Raccogliamo anche noi stessi alcuni dati personali, ad esempio da registri pubblici o siti web.<br\/>Trattiamo i suddetti tipi di dati personali principalmente per fornire, documentare e fatturare i nostri servizi legali.<\/p>&#13;\n&#13;\n<p>Per adempiere agli scopi descritti nella presente Informativa sulla privacy, potrebbe essere necessario divulgare i dati personali alle seguenti categorie di destinatari: Fornitori di servizi esterni, clienti, controparti e loro rappresentanti legali, partner commerciali con i quali potremmo aver bisogno di coordinare la fornitura di servizi legali, nonch\u00e9 autorit\u00e0 e tribunali.<\/p>&#13;\n&#13;\n<p>Trattiamo i dati personali nella nostra area di responsabilit\u00e0 in Svizzera. Tuttavia, possiamo trasferire i dati personali a destinatari (ossia clienti, controparti o autorit\u00e0) che a loro volta trattano i dati personali in altri Paesi, compresi quelli che non garantiscono un livello di protezione dei dati paragonabile a quello della legge svizzera. Faremo quest&#8217;ultima cosa sulla base del consenso o di clausole contrattuali standard, oppure se \u00e8 necessario per l&#8217;adempimento di un contratto o per l&#8217;applicazione di rivendicazioni legali.<\/p>&#13;\n&#13;\n<p>Conserviamo i dati personali solo per il tempo necessario a gestire il rapporto con il cliente, per il tempo in cui sussiste l&#8217;obbligo legale di conservare e documentare i dati o per il tempo in cui abbiamo un interesse pubblico o privato prevalente a farlo. Adottiamo precauzioni proporzionate e ragionevoli per proteggere i dati personali da perdite, modifiche non autorizzate o accessi non autorizzati da parte di terzi. Se ci fornisce dati personali tramite terzi (ad esempio, tramite i suoi dipendenti o altre persone di contatto), spetta a lei informarli in modo generale sul trattamento da parte di fornitori di servizi legali (come noi) o di altri fornitori di servizi esterni (ad esempio, in una dichiarazione sulla protezione dei dati per i dipendenti).<\/p>&#13;\n&#13;\n<p>Desideriamo sottolineare che, nell&#8217;ambito della gestione del nostro mandato, ci avvaliamo di fornitori esterni di servizi IT e di cloud provider con server in Svizzera. Utilizziamo poi alcuni servizi informatici e mezzi di comunicazione che possono essere associati a rischi per la sicurezza dei dati (ad esempio, e-mail, videoconferenze). \u00c8 sua responsabilit\u00e0 informarci di eventuali misure di sicurezza speciali che desidera adottare.<\/p>&#13;\n&#13;\n<p>Abbiamo un interesse legittimo nel trattamento dei dati personali corrispondenti alle finalit\u00e0 citate. Alcuni trattamenti sono necessari anche per poter adempiere ai nostri obblighi contrattuali nei suoi confronti o ai nostri obblighi legali (ad esempio, obblighi di conservazione).<\/p>&#13;\n&#13;\n<p>In particolare, gli interessati hanno il diritto di essere informati sui dati personali memorizzati che li riguardano e sulle finalit\u00e0 del trattamento, il diritto alla rettifica e alla cancellazione o alla limitazione del trattamento dei loro dati personali, il diritto di opporsi al trattamento, il diritto di chiedere un rimedio giudiziario a un&#8217;autorit\u00e0 di controllo competente e il diritto alla portabilit\u00e0 dei dati. Tenga presente, tuttavia, che a questi diritti si applicano condizioni ed eccezioni. Nella misura consentita o richiesta dalla legge, possiamo rifiutare le richieste di esercizio di questi diritti. Ad esempio, possiamo o dobbiamo conservare o comunque continuare a trattare i dati personali nonostante una richiesta di cancellazione dei dati personali o di limitazione del trattamento per motivi legali.<br\/>Non \u00e8 richiesto il consenso del cliente, dei suoi dipendenti o di altre persone di contatto alla politica sulla privacy. La dichiarazione sulla protezione dei dati si limita a fornire informazioni sul tipo, l&#8217;ambito e lo scopo dell&#8217;utilizzo dei dati personali da parte di Sp\u00fchler Rechtsanw\u00e4lte AG. Sp\u00fchler Rechtsanw\u00e4lte AG si riserva il diritto di modificare unilateralmente il contenuto della suddetta informativa sulla privacy in qualsiasi momento e senza preavviso. Si raccomanda pertanto di consultare regolarmente l&#8217;informativa sulla privacy di Sp\u00fchler Rechtsanw\u00e4lte AG sul nostro sito web.<\/p>&#13;\n&#13;\n<p>Per qualsiasi domanda o se lei o i suoi dipendenti o altre persone di contatto desiderate esercitare i vostri o i loro diritti in materia di protezione dei dati, potete contattarci all&#8217;indirizzo info@spuehler.legal o scrivere a Sp\u00fchler Rechtsanw\u00e4lte AG, General-Wille-Strasse 19, CH-8002 Zurigo, Svizzera.<\/p>&#13;\n&#13;\n<p><strong>Integrazione all&#8217;informativa sulla privacy in relazione all&#8217;utilizzo di questo sito web<\/strong><\/p>&#13;\n&#13;\n<p>In genere utilizziamo &#8220;cookie&#8221; e tecnologie simili sui nostri siti web per identificare il suo browser o dispositivo. Un cookie \u00e8 un piccolo file che viene inviato al suo computer o memorizzato automaticamente sul suo computer o dispositivo mobile dal browser web che utilizza quando visita il nostro sito web. Se visita nuovamente questo sito web, saremo in grado di riconoscerla, anche se non sappiamo chi \u00e8. Oltre ai cookie che vengono utilizzati solo durante una sessione e vengono cancellati dopo la visita al sito web (&#8220;cookie di sessione&#8221;), i cookie possono anche essere utilizzati per memorizzare le impostazioni dell&#8217;utente e altre informazioni per un certo periodo di tempo (ad esempio, due anni) (&#8220;cookie permanenti&#8221;). Tuttavia, pu\u00f2 impostare il suo browser in modo che rifiuti i cookie, li salvi solo per una sessione o li cancelli prematuramente. La maggior parte dei browser \u00e8 preimpostata per accettare i cookie. Utilizziamo cookie permanenti per poter salvare le impostazioni dell&#8217;utente (ad esempio, la lingua, l&#8217;autologin). Se blocca i cookie, alcune funzionalit\u00e0 (come la selezione della lingua) potrebbero non funzionare pi\u00f9. Utilizzando i nostri siti web, lei acconsente all&#8217;uso di queste tecnologie. Se non lo desidera, deve impostare il suo browser di conseguenza.<\/p>&#13;\n","protected":false},"excerpt":{"rendered":"<p>&#13; Datenschutzerkl\u00e4rung &#13; Trattiamo i dati personali (dati che identificano direttamente o indirettamente persone fisiche) che riceviamo da lei o da terzi coinvolti nell&#8217;ambito del rapporto con il cliente o che raccogliamo noi stessi. Sp\u00fchler Rechtsanw\u00e4lte AG \u00e8 responsabile del trattamento dei dati personali come descritto nella presente informativa sulla privacy. &#13; &#13; Lei stesso&#8230;<\/p>\n","protected":false},"author":1,"featured_media":0,"parent":0,"menu_order":0,"comment_status":"closed","ping_status":"closed","template":"","meta":{"footnotes":""},"class_list":["post-5120","page","type-page","status-publish","hentry"],"yoast_head":"<!-- This site is optimized with the Yoast SEO Premium plugin v27.4 (Yoast SEO v27.4) - https:\/\/yoast.com\/product\/yoast-seo-premium-wordpress\/ -->\n<title>Informativa sulla privacy - Sp\u00fchler Rechtsanw\u00e4lte AG<\/title>\n<meta name=\"robots\" content=\"index, follow, max-snippet:-1, max-image-preview:large, max-video-preview:-1\" \/>\n<link rel=\"canonical\" href=\"https:\/\/spuehler.legal\/it\/informativa-sulla-privacy\/\" \/>\n<meta property=\"og:locale\" content=\"it_IT\" \/>\n<meta property=\"og:type\" content=\"article\" \/>\n<meta property=\"og:title\" content=\"Informativa sulla privacy\" \/>\n<meta property=\"og:description\" content=\"&#013; Datenschutzerkl\u00e4rung &#013; Trattiamo i dati personali (dati che identificano direttamente o indirettamente persone fisiche) che riceviamo da lei o da terzi coinvolti nell&#8217;ambito del rapporto con il cliente o che raccogliamo noi stessi. Sp\u00fchler Rechtsanw\u00e4lte AG \u00e8 responsabile del trattamento dei dati personali come descritto nella presente informativa sulla privacy. &#013; &#013; Lei stesso...\" \/>\n<meta property=\"og:url\" content=\"https:\/\/spuehler.legal\/it\/informativa-sulla-privacy\/\" \/>\n<meta property=\"og:site_name\" content=\"Sp\u00fchler Rechtsanw\u00e4lte AG\" \/>\n<meta property=\"article:publisher\" content=\"https:\/\/www.facebook.com\/spuehler.legal\" \/>\n<meta name=\"twitter:card\" content=\"summary_large_image\" \/>\n<meta name=\"twitter:label1\" content=\"Tempo di lettura stimato\" \/>\n\t<meta name=\"twitter:data1\" content=\"5 minuti\" \/>\n<script type=\"application\/ld+json\" class=\"yoast-schema-graph\">{\"@context\":\"https:\\\/\\\/schema.org\",\"@graph\":[{\"@type\":\"WebPage\",\"@id\":\"https:\\\/\\\/spuehler.legal\\\/it\\\/informativa-sulla-privacy\\\/\",\"url\":\"https:\\\/\\\/spuehler.legal\\\/it\\\/informativa-sulla-privacy\\\/\",\"name\":\"Informativa sulla privacy - Sp\u00fchler Rechtsanw\u00e4lte AG\",\"isPartOf\":{\"@id\":\"https:\\\/\\\/spuehler.legal\\\/it\\\/#website\"},\"datePublished\":\"2024-09-15T15:30:37+00:00\",\"breadcrumb\":{\"@id\":\"https:\\\/\\\/spuehler.legal\\\/it\\\/informativa-sulla-privacy\\\/#breadcrumb\"},\"inLanguage\":\"it-IT\",\"potentialAction\":[{\"@type\":\"ReadAction\",\"target\":[\"https:\\\/\\\/spuehler.legal\\\/it\\\/informativa-sulla-privacy\\\/\"]}]},{\"@type\":\"BreadcrumbList\",\"@id\":\"https:\\\/\\\/spuehler.legal\\\/it\\\/informativa-sulla-privacy\\\/#breadcrumb\",\"itemListElement\":[{\"@type\":\"ListItem\",\"position\":1,\"name\":\"Startseite\",\"item\":\"https:\\\/\\\/spuehler.legal\\\/it\\\/inizio\\\/\"},{\"@type\":\"ListItem\",\"position\":2,\"name\":\"Informativa sulla privacy\"}]},{\"@type\":\"WebSite\",\"@id\":\"https:\\\/\\\/spuehler.legal\\\/it\\\/#website\",\"url\":\"https:\\\/\\\/spuehler.legal\\\/it\\\/\",\"name\":\"Sp\u00fchler Rechtsanw\u00e4lte AG\",\"description\":\"Rechtsberatung und Rechtsvertretung in allen Lebenslagen\",\"publisher\":{\"@id\":\"https:\\\/\\\/spuehler.legal\\\/it\\\/#organization\"},\"potentialAction\":[{\"@type\":\"SearchAction\",\"target\":{\"@type\":\"EntryPoint\",\"urlTemplate\":\"https:\\\/\\\/spuehler.legal\\\/it\\\/?s={search_term_string}\"},\"query-input\":{\"@type\":\"PropertyValueSpecification\",\"valueRequired\":true,\"valueName\":\"search_term_string\"}}],\"inLanguage\":\"it-IT\"},{\"@type\":\"Organization\",\"@id\":\"https:\\\/\\\/spuehler.legal\\\/it\\\/#organization\",\"name\":\"Sp\u00fchler Rechtsanw\u00e4lte AG\",\"url\":\"https:\\\/\\\/spuehler.legal\\\/it\\\/\",\"logo\":{\"@type\":\"ImageObject\",\"inLanguage\":\"it-IT\",\"@id\":\"https:\\\/\\\/spuehler.legal\\\/it\\\/#\\\/schema\\\/logo\\\/image\\\/\",\"url\":\"https:\\\/\\\/spuehler.legal\\\/wp-content\\\/uploads\\\/2020\\\/08\\\/logo-spuehler-rechtsanwaelte.png\",\"contentUrl\":\"https:\\\/\\\/spuehler.legal\\\/wp-content\\\/uploads\\\/2020\\\/08\\\/logo-spuehler-rechtsanwaelte.png\",\"width\":898,\"height\":259,\"caption\":\"Sp\u00fchler Rechtsanw\u00e4lte AG\"},\"image\":{\"@id\":\"https:\\\/\\\/spuehler.legal\\\/it\\\/#\\\/schema\\\/logo\\\/image\\\/\"},\"sameAs\":[\"https:\\\/\\\/www.facebook.com\\\/spuehler.legal\",\"https:\\\/\\\/www.linkedin.com\\\/in\\\/fspuehler\\\/\"],\"description\":\"Die Anwaltskanzlei Sp\u00fchler Rechtsanw\u00e4lte AG ist beratend und prozessierend t\u00e4tig. Sie vertritt Privatpersonen sowie kleine und mittlere Unternehmen (KMU) in nationalen und internationalen Sachverhalten. Durch die breite Ausrichtung der Kanzlei ist eine ganzheitliche Beratung m\u00f6glich, welche auf Deutsch, Englisch, Spanisch, Franz\u00f6sisch, Italienisch oder Portugiesisch stattfindet. Kontaktieren Sie Ihre Anw\u00e4ltin oder Ihren Anwalt in Z\u00fcrich!\",\"email\":\"info@spuehler.legal\",\"telephone\":\"+41433440505\",\"legalName\":\"Sp\u00fchler Rechtsanw\u00e4lte AG\",\"foundingDate\":\"2018-01-01\",\"vatID\":\"CHE-431.484.624\",\"numberOfEmployees\":{\"@type\":\"QuantitativeValue\",\"minValue\":\"1\",\"maxValue\":\"10\"}}]}<\/script>\n<!-- \/ Yoast SEO Premium plugin. -->","yoast_head_json":{"title":"Informativa sulla privacy - Sp\u00fchler Rechtsanw\u00e4lte AG","robots":{"index":"index","follow":"follow","max-snippet":"max-snippet:-1","max-image-preview":"max-image-preview:large","max-video-preview":"max-video-preview:-1"},"canonical":"https:\/\/spuehler.legal\/it\/informativa-sulla-privacy\/","og_locale":"it_IT","og_type":"article","og_title":"Informativa sulla privacy","og_description":"&#13; Datenschutzerkl\u00e4rung &#13; Trattiamo i dati personali (dati che identificano direttamente o indirettamente persone fisiche) che riceviamo da lei o da terzi coinvolti nell&#8217;ambito del rapporto con il cliente o che raccogliamo noi stessi. Sp\u00fchler Rechtsanw\u00e4lte AG \u00e8 responsabile del trattamento dei dati personali come descritto nella presente informativa sulla privacy. &#13; &#13; Lei stesso...","og_url":"https:\/\/spuehler.legal\/it\/informativa-sulla-privacy\/","og_site_name":"Sp\u00fchler Rechtsanw\u00e4lte AG","article_publisher":"https:\/\/www.facebook.com\/spuehler.legal","twitter_card":"summary_large_image","twitter_misc":{"Tempo di lettura stimato":"5 minuti"},"schema":{"@context":"https:\/\/schema.org","@graph":[{"@type":"WebPage","@id":"https:\/\/spuehler.legal\/it\/informativa-sulla-privacy\/","url":"https:\/\/spuehler.legal\/it\/informativa-sulla-privacy\/","name":"Informativa sulla privacy - Sp\u00fchler Rechtsanw\u00e4lte AG","isPartOf":{"@id":"https:\/\/spuehler.legal\/it\/#website"},"datePublished":"2024-09-15T15:30:37+00:00","breadcrumb":{"@id":"https:\/\/spuehler.legal\/it\/informativa-sulla-privacy\/#breadcrumb"},"inLanguage":"it-IT","potentialAction":[{"@type":"ReadAction","target":["https:\/\/spuehler.legal\/it\/informativa-sulla-privacy\/"]}]},{"@type":"BreadcrumbList","@id":"https:\/\/spuehler.legal\/it\/informativa-sulla-privacy\/#breadcrumb","itemListElement":[{"@type":"ListItem","position":1,"name":"Startseite","item":"https:\/\/spuehler.legal\/it\/inizio\/"},{"@type":"ListItem","position":2,"name":"Informativa sulla privacy"}]},{"@type":"WebSite","@id":"https:\/\/spuehler.legal\/it\/#website","url":"https:\/\/spuehler.legal\/it\/","name":"Sp\u00fchler Rechtsanw\u00e4lte AG","description":"Rechtsberatung und Rechtsvertretung in allen Lebenslagen","publisher":{"@id":"https:\/\/spuehler.legal\/it\/#organization"},"potentialAction":[{"@type":"SearchAction","target":{"@type":"EntryPoint","urlTemplate":"https:\/\/spuehler.legal\/it\/?s={search_term_string}"},"query-input":{"@type":"PropertyValueSpecification","valueRequired":true,"valueName":"search_term_string"}}],"inLanguage":"it-IT"},{"@type":"Organization","@id":"https:\/\/spuehler.legal\/it\/#organization","name":"Sp\u00fchler Rechtsanw\u00e4lte AG","url":"https:\/\/spuehler.legal\/it\/","logo":{"@type":"ImageObject","inLanguage":"it-IT","@id":"https:\/\/spuehler.legal\/it\/#\/schema\/logo\/image\/","url":"https:\/\/spuehler.legal\/wp-content\/uploads\/2020\/08\/logo-spuehler-rechtsanwaelte.png","contentUrl":"https:\/\/spuehler.legal\/wp-content\/uploads\/2020\/08\/logo-spuehler-rechtsanwaelte.png","width":898,"height":259,"caption":"Sp\u00fchler Rechtsanw\u00e4lte AG"},"image":{"@id":"https:\/\/spuehler.legal\/it\/#\/schema\/logo\/image\/"},"sameAs":["https:\/\/www.facebook.com\/spuehler.legal","https:\/\/www.linkedin.com\/in\/fspuehler\/"],"description":"Die Anwaltskanzlei Sp\u00fchler Rechtsanw\u00e4lte AG ist beratend und prozessierend t\u00e4tig. Sie vertritt Privatpersonen sowie kleine und mittlere Unternehmen (KMU) in nationalen und internationalen Sachverhalten. Durch die breite Ausrichtung der Kanzlei ist eine ganzheitliche Beratung m\u00f6glich, welche auf Deutsch, Englisch, Spanisch, Franz\u00f6sisch, Italienisch oder Portugiesisch stattfindet. Kontaktieren Sie Ihre Anw\u00e4ltin oder Ihren Anwalt in Z\u00fcrich!","email":"info@spuehler.legal","telephone":"+41433440505","legalName":"Sp\u00fchler Rechtsanw\u00e4lte AG","foundingDate":"2018-01-01","vatID":"CHE-431.484.624","numberOfEmployees":{"@type":"QuantitativeValue","minValue":"1","maxValue":"10"}}]}},"_links":{"self":[{"href":"https:\/\/spuehler.legal\/it\/wp-json\/wp\/v2\/pages\/5120","targetHints":{"allow":["GET"]}}],"collection":[{"href":"https:\/\/spuehler.legal\/it\/wp-json\/wp\/v2\/pages"}],"about":[{"href":"https:\/\/spuehler.legal\/it\/wp-json\/wp\/v2\/types\/page"}],"author":[{"embeddable":true,"href":"https:\/\/spuehler.legal\/it\/wp-json\/wp\/v2\/users\/1"}],"replies":[{"embeddable":true,"href":"https:\/\/spuehler.legal\/it\/wp-json\/wp\/v2\/comments?post=5120"}],"version-history":[{"count":1,"href":"https:\/\/spuehler.legal\/it\/wp-json\/wp\/v2\/pages\/5120\/revisions"}],"predecessor-version":[{"id":5121,"href":"https:\/\/spuehler.legal\/it\/wp-json\/wp\/v2\/pages\/5120\/revisions\/5121"}],"wp:attachment":[{"href":"https:\/\/spuehler.legal\/it\/wp-json\/wp\/v2\/media?parent=5120"}],"curies":[{"name":"wp","href":"https:\/\/api.w.org\/{rel}","templated":true}]}}