{"id":4948,"date":"2024-09-15T15:50:38","date_gmt":"2024-09-15T13:50:38","guid":{"rendered":"https:\/\/spuehler.legal\/valentina-fluckiger\/"},"modified":"2025-06-15T12:45:27","modified_gmt":"2025-06-15T10:45:27","slug":"valentina-fluckiger","status":"publish","type":"page","link":"https:\/\/spuehler.legal\/it\/valentina-fluckiger\/","title":{"rendered":"Valentina Fl\u00fcckiger"},"content":{"rendered":"<section class=\"l-section wpb_row height_large color_primary with_img\"><div class=\"l-section-img\" role=\"img\" aria-label=\"Avvocato Zurigo\" data-img-width=\"1920\" data-img-height=\"1280\" style=\"background-image: url(https:\/\/spuehler.legal\/wp-content\/uploads\/2017\/12\/rwi-bibliothek-zuerich3.jpg);\"><\/div><div class=\"l-section-overlay\" style=\"background:rgba(0,0,0,0.6)\"><\/div><div class=\"l-section-h i-cf\"><div class=\"g-cols vc_row via_flex valign_top type_default stacking_default\"><div class=\"vc_col-sm-12 wpb_column vc_column_container\"><div class=\"vc_column-inner\"><div class=\"wpb_wrapper\"><div class=\"wpb_text_column\"><div class=\"wpb_wrapper\"><h1 class=\"ai-optimize-38\" style=\"text-align: left;\">Il vostra <strong>avvocata a Zurigo<\/strong><\/h1>\n<p class=\"ai-optimize-39\">\n<\/div><\/div><div class=\"wpb_text_column us_custom_dfddb007\"><div class=\"wpb_wrapper\"><h3 class=\"ai-optimize-40\" style=\"text-align: left;\">L&#8217;avvocata Valentina Fl\u00fcckiger la rappresenta in modo<strong> impegnato e competente.<\/strong><\/h3>\n<p class=\"ai-optimize-41\">\n<\/div><\/div><\/div><\/div><\/div><\/div><\/div><\/section><section class=\"l-section wpb_row us_custom_a40275d7 height_medium\"><div class=\"l-section-h i-cf\"><div class=\"g-cols vc_row via_flex valign_top type_default stacking_default\"><div class=\"vc_col-sm-4 wpb_column vc_column_container\"><div class=\"vc_column-inner\"><div class=\"wpb_wrapper\"><div class=\"w-person layout_simple\" itemscope itemtype=\"https:\/\/schema.org\/Person\"><div class=\"w-person-image\"><img decoding=\"async\" width=\"600\" height=\"800\" src=\"https:\/\/spuehler.legal\/wp-content\/uploads\/2024\/09\/Valentina_Flueckiger.jpg\" class=\"attachment-full size-full\" alt=\"\" itemprop=\"image\" srcset=\"https:\/\/spuehler.legal\/wp-content\/uploads\/2024\/09\/Valentina_Flueckiger.jpg 600w, https:\/\/spuehler.legal\/wp-content\/uploads\/2024\/09\/Valentina_Flueckiger-225x300.jpg 225w\" sizes=\"(max-width: 600px) 100vw, 600px\" \/><\/div><div class=\"w-person-content\"><h4 itemprop=\"name\" class=\"w-person-name\"><span>Valentina Fl\u00fcckiger<\/span><\/h4><div class=\"w-person-role\" itemprop=\"jobTitle\">MLaw, Avvocata<\/div><\/div><\/div><\/div><\/div><\/div><div class=\"vc_col-sm-8 wpb_column vc_column_container\"><div class=\"vc_column-inner\"><div class=\"wpb_wrapper\"><div class=\"wpb_text_column\"><div class=\"wpb_wrapper\"><h2 class=\"ai-optimize-42\">Carriera<\/h2>\n<p class=\"ai-optimize-43\">Valentina Fl\u00fcckiger ha conseguito la laurea in Giurisprudenza presso l&#8217;Universit\u00e0 di Zurigo nella primavera del 2019 con il titolo di Master of Law (MLaw). Ha trascorso sei mesi dei suoi studi presso la Bond University nel Queensland, in Australia, per acquisire una conoscenza approfondita del diritto internazionale. <\/p>\n<p class=\"ai-optimize-44\">Dopo aver completato gli studi, ha lavorato come assistente legale per uno studio legale nella citt\u00e0 di Zurigo e a Glarona, prima di passare al Tribunale cantonale e amministrativo del Cantone di Glarona come avvocato.<\/p>\n<p class=\"ai-optimize-45\">Dopo essere stata ammessa all&#8217;albo degli avvocati nel giugno 2023, inizialmente ha lavorato come avvocato in uno studio legale di Glarona, prima di lavorare come cancelliera presso il Tribunale amministrativo di Glarona.<\/p>\n<p class=\"ai-optimize-46\">Valentina Fl\u00fcckiger lavora come avvocata presso Sp\u00fchler Rechtsanw\u00e4lte AG dall&#8217;inizio di settembre 2024.<\/p>\n<\/div><\/div><\/div><\/div><\/div><\/div><\/div><\/section><section class=\"l-section wpb_row us_custom_8d5aa4e2 height_small\"><div class=\"l-section-h i-cf\"><div class=\"g-cols vc_row via_flex valign_top type_default stacking_default\"><div class=\"vc_col-sm-4 wpb_column vc_column_container\"><div class=\"vc_column-inner\"><div class=\"wpb_wrapper\"><div class=\"w-iconbox iconpos_top style_outlined color_primary align_center no_text no_title\"><div class=\"w-iconbox-icon\" style=\"font-size:60px;\"><i class=\"fas fa-comments\"><\/i><\/div><div class=\"w-iconbox-meta\"><\/div><\/div><div class=\"w-separator size_custom\" style=\"height:20px\"><\/div><\/div><\/div><\/div><div class=\"vc_col-sm-8 wpb_column vc_column_container\"><div class=\"vc_column-inner\"><div class=\"wpb_wrapper\"><div class=\"g-cols wpb_row via_flex valign_top type_default stacking_default\"><div class=\"vc_col-sm-6 wpb_column vc_column_container\"><div class=\"vc_column-inner us_custom_539f15ee\"><div class=\"wpb_wrapper\"><div class=\"wpb_text_column\"><div class=\"wpb_wrapper\"><h3 class=\"ai-optimize-47\">Competenze linguistiche<\/h3>\n<p class=\"ai-optimize-48\">&#8211; Tedesco (lingua madre)<br \/>\n&#8211; Inglese<br \/>\n&#8211; Spagnolo<\/p>\n<\/div><\/div><\/div><\/div><\/div><div class=\"vc_col-sm-6 wpb_column vc_column_container\"><div class=\"vc_column-inner us_custom_539f15ee\"><div class=\"wpb_wrapper\"><div class=\"wpb_text_column\"><div class=\"wpb_wrapper\"><h3 class=\"ai-optimize-49\">Registro degli avvocati<\/h3>\n<p class=\"ai-optimize-50\">Valentina Fl\u00fcckiger \u00e8 <a href=\"http:\/\/www.gerichte-zh.ch\/organisation\/obergericht\/kommissionen\/aufsichtskommission-ueber-rechtsanwaelte\/anwaltsregister.html\" target=\"_blank\" rel=\"noopener noreferrer\">iscritta al Registro degli Avvocati di Zurigo<\/a> ed \u00e8 autorizzata a rappresentare i clienti davanti a tutti i tribunali svizzeri.<\/p>\n<\/div><\/div><\/div><\/div><\/div><\/div><\/div><\/div><\/div><\/div><\/div><\/section><section class=\"l-section wpb_row height_medium color_primary\"><div class=\"l-section-h i-cf\"><div class=\"g-cols vc_row via_flex valign_top type_default stacking_default\"><div class=\"vc_col-sm-4 wpb_column vc_column_container\"><div class=\"vc_column-inner us_custom_289537ba\"><div class=\"wpb_wrapper\"><div class=\"w-iconbox iconpos_top style_outlined color_custom align_center no_text no_title\"><div class=\"w-iconbox-icon\" style=\"font-size:60px;--icon-color:#ffffff;--icon-bg-color:#ffffff;\"><i class=\"fas fa-graduation-cap\"><\/i><\/div><div class=\"w-iconbox-meta\"><\/div><\/div><div class=\"w-separator size_custom\" style=\"height:20px\"><\/div><\/div><\/div><\/div><div class=\"vc_col-sm-8 wpb_column vc_column_container\"><div class=\"vc_column-inner\"><div class=\"wpb_wrapper\"><div class=\"wpb_text_column\"><div class=\"wpb_wrapper\"><h2 class=\"ai-optimize-51\">Formazione e attivit\u00e0 professionali in <strong>sintesi<\/strong><\/h2>\n<p class=\"ai-optimize-52\"><strong>Da settembre 2024<\/strong><br \/>\nAvvocato presso Sp\u00fchler Rechtsanw\u00e4lte AG<\/p>\n<p class=\"ai-optimize-53\"><strong>2023 \/ 2024<\/strong><br \/>\nImpiegato presso il Tribunale amministrativo del Cantone di Glarona<\/p>\n<p class=\"ai-optimize-54\"><strong>2023<\/strong><br \/>\nAvvocato in uno studio legale di Glarona<\/p>\n<p class=\"ai-optimize-55\"><strong>Giugno 2023<\/strong><br \/>\nAmmissione all&#8217;albo degli avvocati del Cantone di Glarona<\/p>\n<p class=\"ai-optimize-56\"><strong>2022<\/strong><br \/>\nCancelliere presso il Tribunale cantonale del Cantone di Glarona<\/p>\n<p class=\"ai-optimize-57\"><strong>2021 \/ 2022<\/strong><br \/>\nAssistente legale presso il Tribunale cantonale e amministrativo del Cantone di Glarona<\/p>\n<p class=\"ai-optimize-58\"><strong>2020 &#8211; 2021<\/strong><br \/>\nAssistente legale in uno studio legale a Glarona<\/p>\n<p class=\"ai-optimize-59\"><strong>2019 \/ 2020<\/strong><br \/>\nAssistente legale in uno studio legale nella citt\u00e0 di Zurigo<\/p>\n<p class=\"ai-optimize-60\"><strong>2016 &#8211; 2018<\/strong><br \/>\nUniversit\u00e0 di Zurigo e Bond University Queensland (Master in Legge)<\/p>\n<p class=\"ai-optimize-61\"><strong>2013 &#8211; 2017<\/strong><br \/>\nUniversit\u00e0 di Zurigo (Laurea in Giurisprudenza)<\/p>\n<\/div><\/div><\/div><\/div><\/div><\/div><\/div><\/section><section class=\"l-section wpb_row height_medium\"><div class=\"l-section-h i-cf\"><div class=\"g-cols vc_row via_flex valign_top type_default stacking_default\"><div class=\"vc_col-sm-4 wpb_column vc_column_container\"><div class=\"vc_column-inner\"><div class=\"wpb_wrapper\"><div class=\"w-iconbox iconpos_top style_outlined color_primary align_center no_text no_title\"><div class=\"w-iconbox-icon\" style=\"font-size:60px;\"><i class=\"fas fa-id-card\"><\/i><\/div><div class=\"w-iconbox-meta\"><\/div><\/div><div class=\"w-separator size_custom\" style=\"height:20px\"><\/div><\/div><\/div><\/div><div class=\"vc_col-sm-8 wpb_column vc_column_container\"><div class=\"vc_column-inner\"><div class=\"wpb_wrapper\"><div class=\"g-cols wpb_row via_flex valign_top type_default stacking_default\"><div class=\"vc_col-sm-6 wpb_column vc_column_container\"><div class=\"vc_column-inner us_custom_539f15ee\"><div class=\"wpb_wrapper\"><div class=\"wpb_text_column\"><div class=\"wpb_wrapper\"><h3 class=\"ai-optimize-62\">Associazioni<\/h3>\n<p class=\"ai-optimize-63\"><a href=\"http:\/\/www.sav-fsa.ch\/\" target=\"_blank\" rel=\"noopener noreferrer\">&#8211; Associazione<span>Svizzera <\/span>degli Avvocati<br \/>\n<span>&#8211;<\/span><\/a> <a href=\"https:\/\/www.zav.ch\/\" target=\"_blank\" rel=\"noopener noreferrer\">Ordine degli avvocati di Zurigo<\/a><br \/>\n<a href=\"http:\/\/www.pikett-strafverteidigung.ch\/\" target=\"_blank\" rel=\"noopener noreferrer\">&#8211; Difesa penale <span>su chiamata <\/span><\/a><br \/>\n<span>&#8211; Gruppo di specialisti in diritto di famiglia ZAV<\/span><br \/>\n<span>&#8211; Sezione Diritto del lavoro ZAV<\/span><br \/>\n<span>&#8211; Gruppo specializzato nella difesa penale ZAV<\/span><\/p>\n<\/div><\/div><\/div><\/div><\/div><div class=\"vc_col-sm-6 wpb_column vc_column_container\"><div class=\"vc_column-inner us_custom_539f15ee\"><div class=\"wpb_wrapper\"><div class=\"wpb_text_column\"><div class=\"wpb_wrapper\"><h3 class=\"ai-optimize-64\">Contatto<\/h3>\n<p class=\"ai-optimize-65\">\n<\/div><\/div><div class=\"w-socials us_custom_a5c88937 color_text shape_rounded style_outlined hover_fade\" style=\"--gap:5px;\"><div class=\"w-socials-list\"><div class=\"w-socials-item facebook\"><a target=\"_blank\" rel=\"nofollow\" href=\"https:\/\/www.facebook.com\/spuehler.legal\" class=\"w-socials-item-link\" aria-label=\"Facebook\"><span class=\"w-socials-item-link-hover\"><\/span><i class=\"fab fa-facebook\"><\/i><\/a><div class=\"w-socials-item-popup\"><span>Facebook<\/span><\/div><\/div><\/div><\/div><div class=\"w-separator size_custom\" style=\"height:25px\"><\/div><div class=\"w-iconbox iconpos_left style_default color_contrast align_left no_text\"><a href=\"tel:+41433440505\" class=\"w-iconbox-link\" aria-label=\"+41 43 344 05 05\"><div class=\"w-iconbox-icon\" style=\"font-size:1.3em;\"><i class=\"fas fa-phone\"><\/i><\/div><\/a><div class=\"w-iconbox-meta\"><div class=\"w-iconbox-title\"><a href=\"tel:+41433440505\" class=\"w-iconbox-link\" aria-label=\"+41 43 344 05 05\">+41 43 344 05 05<\/a><\/div><\/div><\/div><div class=\"w-separator size_custom\" style=\"height:16px\"><\/div><div class=\"w-iconbox iconpos_left style_default color_contrast align_left no_text\"><a title=\"Inviare un&#039;e-mail all&#039;avvocato Valentina Fl\u00fcckiger\" href=\"mailto:vf@spuehler.legal\" class=\"w-iconbox-link\" aria-label=\"VF@spuehler.legal\"><div class=\"w-iconbox-icon\" style=\"font-size:1.3em;\"><i class=\"fas fa-envelope\"><\/i><\/div><\/a><div class=\"w-iconbox-meta\"><div class=\"w-iconbox-title\"><a title=\"Inviare un&#039;e-mail all&#039;avvocato Valentina Fl\u00fcckiger\" href=\"mailto:vf@spuehler.legal\" class=\"w-iconbox-link\" aria-label=\"VF@spuehler.legal\">VF@spuehler.legal<\/a><\/div><\/div><\/div><div class=\"w-separator size_custom\" style=\"height:16px\"><\/div><div class=\"w-btn-wrapper align_none\"><a class=\"w-btn us-btn-style_1 icon_atleft\" title=\"Prenota un appuntamento\" href=\"https:\/\/spuehler.legal\/it\/appuntamento\/\"><i class=\"fas fa-calendar-check\"><\/i><span class=\"w-btn-label\">Prenota un appuntamento<\/span><\/a><\/div><\/div><\/div><\/div><\/div><\/div><\/div><\/div><\/div><\/div><\/section>\n","protected":false},"excerpt":{"rendered":"Il vostra avvocata a Zurigo L&#8217;avvocata Valentina Fl\u00fcckiger la rappresenta in modo impegnato e competente. Valentina Fl\u00fcckigerMLaw, Avvocata Carriera Valentina Fl\u00fcckiger ha conseguito la laurea in Giurisprudenza presso l&#8217;Universit\u00e0 di Zurigo nella primavera del 2019 con il titolo di Master of Law (MLaw). Ha trascorso sei mesi dei suoi studi presso la Bond University nel...","protected":false},"author":1,"featured_media":0,"parent":0,"menu_order":0,"comment_status":"closed","ping_status":"closed","template":"","meta":{"footnotes":""},"class_list":["post-4948","page","type-page","status-publish","hentry"],"yoast_head":"<!-- This site is optimized with the Yoast SEO Premium plugin v27.6 (Yoast SEO v27.6) - https:\/\/yoast.com\/product\/yoast-seo-premium-wordpress\/ -->\n<title>Valentina Fl\u00fcckiger - Sp\u00fchler Rechtsanw\u00e4lte AG<\/title>\n<meta name=\"robots\" content=\"index, follow, max-snippet:-1, max-image-preview:large, max-video-preview:-1\" \/>\n<link rel=\"canonical\" href=\"https:\/\/spuehler.legal\/it\/valentina-fluckiger\/\" \/>\n<meta property=\"og:locale\" content=\"it_IT\" \/>\n<meta property=\"og:type\" content=\"article\" \/>\n<meta property=\"og:title\" content=\"Valentina Fl\u00fcckiger\" \/>\n<meta property=\"og:url\" content=\"https:\/\/spuehler.legal\/it\/valentina-fluckiger\/\" \/>\n<meta property=\"og:site_name\" content=\"Sp\u00fchler Rechtsanw\u00e4lte AG\" \/>\n<meta property=\"article:publisher\" content=\"https:\/\/www.facebook.com\/spuehler.legal\" \/>\n<meta property=\"article:modified_time\" content=\"2025-06-15T10:45:27+00:00\" \/>\n<meta name=\"twitter:card\" content=\"summary_large_image\" \/>\n<meta name=\"twitter:label1\" content=\"Tempo di lettura stimato\" \/>\n\t<meta name=\"twitter:data1\" content=\"4 minuti\" \/>\n<script type=\"application\/ld+json\" class=\"yoast-schema-graph\">{\"@context\":\"https:\\\/\\\/schema.org\",\"@graph\":[{\"@type\":\"WebPage\",\"@id\":\"https:\\\/\\\/spuehler.legal\\\/it\\\/valentina-fluckiger\\\/\",\"url\":\"https:\\\/\\\/spuehler.legal\\\/it\\\/valentina-fluckiger\\\/\",\"name\":\"Valentina Fl\u00fcckiger - Sp\u00fchler Rechtsanw\u00e4lte AG\",\"isPartOf\":{\"@id\":\"https:\\\/\\\/spuehler.legal\\\/it\\\/#website\"},\"datePublished\":\"2024-09-15T13:50:38+00:00\",\"dateModified\":\"2025-06-15T10:45:27+00:00\",\"breadcrumb\":{\"@id\":\"https:\\\/\\\/spuehler.legal\\\/it\\\/valentina-fluckiger\\\/#breadcrumb\"},\"inLanguage\":\"it-IT\",\"potentialAction\":[{\"@type\":\"ReadAction\",\"target\":[\"https:\\\/\\\/spuehler.legal\\\/it\\\/valentina-fluckiger\\\/\"]}]},{\"@type\":\"BreadcrumbList\",\"@id\":\"https:\\\/\\\/spuehler.legal\\\/it\\\/valentina-fluckiger\\\/#breadcrumb\",\"itemListElement\":[{\"@type\":\"ListItem\",\"position\":1,\"name\":\"Startseite\",\"item\":\"https:\\\/\\\/spuehler.legal\\\/it\\\/inizio\\\/\"},{\"@type\":\"ListItem\",\"position\":2,\"name\":\"Valentina Fl\u00fcckiger\"}]},{\"@type\":\"WebSite\",\"@id\":\"https:\\\/\\\/spuehler.legal\\\/it\\\/#website\",\"url\":\"https:\\\/\\\/spuehler.legal\\\/it\\\/\",\"name\":\"Sp\u00fchler Rechtsanw\u00e4lte AG\",\"description\":\"Rechtsberatung und Rechtsvertretung in allen Lebenslagen\",\"publisher\":{\"@id\":\"https:\\\/\\\/spuehler.legal\\\/it\\\/#organization\"},\"potentialAction\":[{\"@type\":\"SearchAction\",\"target\":{\"@type\":\"EntryPoint\",\"urlTemplate\":\"https:\\\/\\\/spuehler.legal\\\/it\\\/?s={search_term_string}\"},\"query-input\":{\"@type\":\"PropertyValueSpecification\",\"valueRequired\":true,\"valueName\":\"search_term_string\"}}],\"inLanguage\":\"it-IT\"},{\"@type\":\"Organization\",\"@id\":\"https:\\\/\\\/spuehler.legal\\\/it\\\/#organization\",\"name\":\"Sp\u00fchler Rechtsanw\u00e4lte AG\",\"url\":\"https:\\\/\\\/spuehler.legal\\\/it\\\/\",\"logo\":{\"@type\":\"ImageObject\",\"inLanguage\":\"it-IT\",\"@id\":\"https:\\\/\\\/spuehler.legal\\\/it\\\/#\\\/schema\\\/logo\\\/image\\\/\",\"url\":\"https:\\\/\\\/spuehler.legal\\\/wp-content\\\/uploads\\\/2020\\\/08\\\/logo-spuehler-rechtsanwaelte.png\",\"contentUrl\":\"https:\\\/\\\/spuehler.legal\\\/wp-content\\\/uploads\\\/2020\\\/08\\\/logo-spuehler-rechtsanwaelte.png\",\"width\":898,\"height\":259,\"caption\":\"Sp\u00fchler Rechtsanw\u00e4lte AG\"},\"image\":{\"@id\":\"https:\\\/\\\/spuehler.legal\\\/it\\\/#\\\/schema\\\/logo\\\/image\\\/\"},\"sameAs\":[\"https:\\\/\\\/www.facebook.com\\\/spuehler.legal\",\"https:\\\/\\\/www.linkedin.com\\\/in\\\/fspuehler\\\/\"],\"description\":\"Die Anwaltskanzlei Sp\u00fchler Rechtsanw\u00e4lte AG ist beratend und prozessierend t\u00e4tig. Sie vertritt Privatpersonen sowie kleine und mittlere Unternehmen (KMU) in nationalen und internationalen Sachverhalten. Durch die breite Ausrichtung der Kanzlei ist eine ganzheitliche Beratung m\u00f6glich, welche auf Deutsch, Englisch, Spanisch, Franz\u00f6sisch, Italienisch oder Portugiesisch stattfindet. Kontaktieren Sie Ihre Anw\u00e4ltin oder Ihren Anwalt in Z\u00fcrich!\",\"email\":\"info@spuehler.legal\",\"telephone\":\"+41433440505\",\"legalName\":\"Sp\u00fchler Rechtsanw\u00e4lte AG\",\"foundingDate\":\"2018-01-01\",\"vatID\":\"CHE-431.484.624\",\"numberOfEmployees\":{\"@type\":\"QuantitativeValue\",\"minValue\":\"1\",\"maxValue\":\"10\"}}]}<\/script>\n<!-- \/ Yoast SEO Premium plugin. -->","yoast_head_json":{"title":"Valentina Fl\u00fcckiger - Sp\u00fchler Rechtsanw\u00e4lte AG","robots":{"index":"index","follow":"follow","max-snippet":"max-snippet:-1","max-image-preview":"max-image-preview:large","max-video-preview":"max-video-preview:-1"},"canonical":"https:\/\/spuehler.legal\/it\/valentina-fluckiger\/","og_locale":"it_IT","og_type":"article","og_title":"Valentina Fl\u00fcckiger","og_url":"https:\/\/spuehler.legal\/it\/valentina-fluckiger\/","og_site_name":"Sp\u00fchler Rechtsanw\u00e4lte AG","article_publisher":"https:\/\/www.facebook.com\/spuehler.legal","article_modified_time":"2025-06-15T10:45:27+00:00","twitter_card":"summary_large_image","twitter_misc":{"Tempo di lettura stimato":"4 minuti"},"schema":{"@context":"https:\/\/schema.org","@graph":[{"@type":"WebPage","@id":"https:\/\/spuehler.legal\/it\/valentina-fluckiger\/","url":"https:\/\/spuehler.legal\/it\/valentina-fluckiger\/","name":"Valentina Fl\u00fcckiger - Sp\u00fchler Rechtsanw\u00e4lte AG","isPartOf":{"@id":"https:\/\/spuehler.legal\/it\/#website"},"datePublished":"2024-09-15T13:50:38+00:00","dateModified":"2025-06-15T10:45:27+00:00","breadcrumb":{"@id":"https:\/\/spuehler.legal\/it\/valentina-fluckiger\/#breadcrumb"},"inLanguage":"it-IT","potentialAction":[{"@type":"ReadAction","target":["https:\/\/spuehler.legal\/it\/valentina-fluckiger\/"]}]},{"@type":"BreadcrumbList","@id":"https:\/\/spuehler.legal\/it\/valentina-fluckiger\/#breadcrumb","itemListElement":[{"@type":"ListItem","position":1,"name":"Startseite","item":"https:\/\/spuehler.legal\/it\/inizio\/"},{"@type":"ListItem","position":2,"name":"Valentina Fl\u00fcckiger"}]},{"@type":"WebSite","@id":"https:\/\/spuehler.legal\/it\/#website","url":"https:\/\/spuehler.legal\/it\/","name":"Sp\u00fchler Rechtsanw\u00e4lte AG","description":"Rechtsberatung und Rechtsvertretung in allen Lebenslagen","publisher":{"@id":"https:\/\/spuehler.legal\/it\/#organization"},"potentialAction":[{"@type":"SearchAction","target":{"@type":"EntryPoint","urlTemplate":"https:\/\/spuehler.legal\/it\/?s={search_term_string}"},"query-input":{"@type":"PropertyValueSpecification","valueRequired":true,"valueName":"search_term_string"}}],"inLanguage":"it-IT"},{"@type":"Organization","@id":"https:\/\/spuehler.legal\/it\/#organization","name":"Sp\u00fchler Rechtsanw\u00e4lte AG","url":"https:\/\/spuehler.legal\/it\/","logo":{"@type":"ImageObject","inLanguage":"it-IT","@id":"https:\/\/spuehler.legal\/it\/#\/schema\/logo\/image\/","url":"https:\/\/spuehler.legal\/wp-content\/uploads\/2020\/08\/logo-spuehler-rechtsanwaelte.png","contentUrl":"https:\/\/spuehler.legal\/wp-content\/uploads\/2020\/08\/logo-spuehler-rechtsanwaelte.png","width":898,"height":259,"caption":"Sp\u00fchler Rechtsanw\u00e4lte AG"},"image":{"@id":"https:\/\/spuehler.legal\/it\/#\/schema\/logo\/image\/"},"sameAs":["https:\/\/www.facebook.com\/spuehler.legal","https:\/\/www.linkedin.com\/in\/fspuehler\/"],"description":"Die Anwaltskanzlei Sp\u00fchler Rechtsanw\u00e4lte AG ist beratend und prozessierend t\u00e4tig. Sie vertritt Privatpersonen sowie kleine und mittlere Unternehmen (KMU) in nationalen und internationalen Sachverhalten. Durch die breite Ausrichtung der Kanzlei ist eine ganzheitliche Beratung m\u00f6glich, welche auf Deutsch, Englisch, Spanisch, Franz\u00f6sisch, Italienisch oder Portugiesisch stattfindet. Kontaktieren Sie Ihre Anw\u00e4ltin oder Ihren Anwalt in Z\u00fcrich!","email":"info@spuehler.legal","telephone":"+41433440505","legalName":"Sp\u00fchler Rechtsanw\u00e4lte AG","foundingDate":"2018-01-01","vatID":"CHE-431.484.624","numberOfEmployees":{"@type":"QuantitativeValue","minValue":"1","maxValue":"10"}}]}},"_links":{"self":[{"href":"https:\/\/spuehler.legal\/it\/wp-json\/wp\/v2\/pages\/4948","targetHints":{"allow":["GET"]}}],"collection":[{"href":"https:\/\/spuehler.legal\/it\/wp-json\/wp\/v2\/pages"}],"about":[{"href":"https:\/\/spuehler.legal\/it\/wp-json\/wp\/v2\/types\/page"}],"author":[{"embeddable":true,"href":"https:\/\/spuehler.legal\/it\/wp-json\/wp\/v2\/users\/1"}],"replies":[{"embeddable":true,"href":"https:\/\/spuehler.legal\/it\/wp-json\/wp\/v2\/comments?post=4948"}],"version-history":[{"count":19,"href":"https:\/\/spuehler.legal\/it\/wp-json\/wp\/v2\/pages\/4948\/revisions"}],"predecessor-version":[{"id":7005,"href":"https:\/\/spuehler.legal\/it\/wp-json\/wp\/v2\/pages\/4948\/revisions\/7005"}],"wp:attachment":[{"href":"https:\/\/spuehler.legal\/it\/wp-json\/wp\/v2\/media?parent=4948"}],"curies":[{"name":"wp","href":"https:\/\/api.w.org\/{rel}","templated":true}]}}