{"id":3980,"date":"2022-11-12T10:09:18","date_gmt":"2022-11-12T09:09:18","guid":{"rendered":"https:\/\/spuehler.legal\/ana-lucia-gallmann\/"},"modified":"2025-10-06T13:00:28","modified_gmt":"2025-10-06T11:00:28","slug":"ana-lucia-gallmann","status":"publish","type":"page","link":"https:\/\/spuehler.legal\/it\/ana-lucia-gallmann\/","title":{"rendered":"Ana Lucia Gallmann"},"content":{"rendered":"<section class=\"l-section wpb_row height_large color_primary with_img\"><div class=\"l-section-img\" role=\"img\" aria-label=\"Avvocato Zurigo\" data-img-width=\"1920\" data-img-height=\"1280\" style=\"background-image: url(https:\/\/spuehler.legal\/wp-content\/uploads\/2017\/12\/rwi-bibliothek-zuerich3.jpg);\"><\/div><div class=\"l-section-overlay\" style=\"background:rgba(0,0,0,0.6)\"><\/div><div class=\"l-section-h i-cf\"><div class=\"g-cols vc_row via_flex valign_top type_default stacking_default\"><div class=\"vc_col-sm-12 wpb_column vc_column_container\"><div class=\"vc_column-inner\"><div class=\"wpb_wrapper\"><div class=\"wpb_text_column\"><div class=\"wpb_wrapper\"><h1 style=\"text-align: left;\">Il vostra <strong>avvocata a Zurigo<\/strong><\/h1>\n<\/div><\/div><div class=\"wpb_text_column us_custom_dfddb007\"><div class=\"wpb_wrapper\"><h3 style=\"text-align: left;\">Ana Lucia Gallmann la rappresenta in modo<strong> impegnato e competente.<\/strong><\/h3>\n<\/div><\/div><\/div><\/div><\/div><\/div><\/div><\/section><section class=\"l-section wpb_row us_custom_a40275d7 height_medium\"><div class=\"l-section-h i-cf\"><div class=\"g-cols vc_row via_flex valign_top type_default stacking_default\"><div class=\"vc_col-sm-4 wpb_column vc_column_container\"><div class=\"vc_column-inner\"><div class=\"wpb_wrapper\"><div class=\"w-person layout_simple\" itemscope itemtype=\"https:\/\/schema.org\/Person\"><div class=\"w-person-image\"><img decoding=\"async\" width=\"600\" height=\"800\" src=\"https:\/\/spuehler.legal\/wp-content\/uploads\/2022\/11\/gallmann.jpeg\" class=\"attachment-full size-full\" alt=\"Ritratto Ana Lucia Gallmann\" itemprop=\"image\" srcset=\"https:\/\/spuehler.legal\/wp-content\/uploads\/2022\/11\/gallmann.jpeg 600w, https:\/\/spuehler.legal\/wp-content\/uploads\/2022\/11\/gallmann-225x300.jpeg 225w\" sizes=\"(max-width: 600px) 100vw, 600px\" \/><\/div><div class=\"w-person-content\"><h4 itemprop=\"name\" class=\"w-person-name\"><span>Ana Lucia Gallmann<\/span><\/h4><div class=\"w-person-role\" itemprop=\"jobTitle\">MLaw, Avvocata<\/div><\/div><\/div><\/div><\/div><\/div><div class=\"vc_col-sm-8 wpb_column vc_column_container\"><div class=\"vc_column-inner\"><div class=\"wpb_wrapper\"><div class=\"wpb_text_column\"><div class=\"wpb_wrapper\"><h2>Carriera<\/h2>\n<p>Dopo aver studiato relazioni internazionali all \u201cUniversit\u00e0 di Ginevra e al Graduate Institute of International and Development Studies, specializzandosi in diritti umani e diritto dei rifugiati dal 2003 al 2007, Ana Lucia Gallmann ha lavorato per oltre due anni presso l\u201d UNHCR nel campo della protezione dei diritti umani dei rifugiati a Ginevra, in Ciad e nella Repubblica Democratica del Congo.<\/p>\n<p>Ana Lucia Gallmann ha studiato Legge all \u201cUniversit\u00e0 di Zurigo dal 2010. Dopo aver completato il Master in Legge (MLaw) nel 2015 e il tirocinio in tribunale nel 2016, ha lavorato come consulente legale per i richiedenti asilo presso l\u201d ufficio regionale HEKS di Argovia e Soletta dal 2016 al 2018. Nel 2019 \u00e8 stata ammessa all \u201calbo degli avvocati nel Cantone di Zurigo. Dal 2020 all\u201d autunno 2022, ha lavorato come avvocato per l \u201cAmministrazione federale nel campo dell\u201d assistenza amministrativa internazionale in materia fiscale.   <\/p>\n<p>Ana Lucia Gallmann lavora come avvocato presso lo studio legale Sp\u00fchler dal novembre 2022.<\/p>\n<\/div><\/div><\/div><\/div><\/div><\/div><\/div><\/section><section class=\"l-section wpb_row us_custom_8d5aa4e2 height_small\"><div class=\"l-section-h i-cf\"><div class=\"g-cols vc_row via_flex valign_top type_default stacking_default\"><div class=\"vc_col-sm-4 wpb_column vc_column_container\"><div class=\"vc_column-inner\"><div class=\"wpb_wrapper\"><div class=\"w-iconbox iconpos_top style_outlined color_primary align_center no_text no_title\"><div class=\"w-iconbox-icon\" style=\"font-size:60px;\"><i class=\"fas fa-comments\"><\/i><\/div><div class=\"w-iconbox-meta\"><\/div><\/div><div class=\"w-separator size_custom\" style=\"height:20px\"><\/div><\/div><\/div><\/div><div class=\"vc_col-sm-8 wpb_column vc_column_container\"><div class=\"vc_column-inner\"><div class=\"wpb_wrapper\"><div class=\"g-cols wpb_row via_flex valign_top type_default stacking_default\"><div class=\"vc_col-sm-6 wpb_column vc_column_container\"><div class=\"vc_column-inner us_custom_539f15ee\"><div class=\"wpb_wrapper\"><div class=\"wpb_text_column\"><div class=\"wpb_wrapper\"><h3>Competenze linguistiche<\/h3>\n<p>&#8211; Tedesco (lingua madre)<br \/>\n&#8211; Portoghese (seconda lingua madre)<br \/>\n&#8211; Francese<br \/>\n&#8211; Inglese<br \/>\n&#8211; Italiano<\/p>\n<\/div><\/div><\/div><\/div><\/div><div class=\"vc_col-sm-6 wpb_column vc_column_container\"><div class=\"vc_column-inner us_custom_539f15ee\"><div class=\"wpb_wrapper\"><div class=\"wpb_text_column\"><div class=\"wpb_wrapper\"><h3>Registro degli avvocati<\/h3>\n<p>Ana Lucia Gallmann \u00e8 <a href=\"http:\/\/www.gerichte-zh.ch\/organisation\/obergericht\/kommissionen\/aufsichtskommission-ueber-rechtsanwaelte\/anwaltsregister.html\" target=\"_blank\" rel=\"noopener noreferrer\">iscritta al Registro degli Avvocati di Zurigo<\/a> ed \u00e8 autorizzata a rappresentare i clienti davanti a tutti i tribunali svizzeri.<\/p>\n<\/div><\/div><\/div><\/div><\/div><\/div><\/div><\/div><\/div><\/div><\/div><\/section><section class=\"l-section wpb_row height_medium color_primary\"><div class=\"l-section-h i-cf\"><div class=\"g-cols vc_row via_flex valign_top type_default stacking_default\"><div class=\"vc_col-sm-4 wpb_column vc_column_container\"><div class=\"vc_column-inner us_custom_289537ba\"><div class=\"wpb_wrapper\"><div class=\"w-iconbox iconpos_top style_outlined color_custom align_center no_text no_title\"><div class=\"w-iconbox-icon\" style=\"font-size:60px;--icon-color:#ffffff;--icon-bg-color:#ffffff;\"><i class=\"fas fa-graduation-cap\"><\/i><\/div><div class=\"w-iconbox-meta\"><\/div><\/div><div class=\"w-separator size_custom\" style=\"height:20px\"><\/div><\/div><\/div><\/div><div class=\"vc_col-sm-8 wpb_column vc_column_container\"><div class=\"vc_column-inner\"><div class=\"wpb_wrapper\"><div class=\"wpb_text_column\"><div class=\"wpb_wrapper\"><h2>Formazione e attivit\u00e0 professionali in <strong>sintesi<\/strong><\/h2>\n<p><strong>Dal novembre 2022<br \/>\n<\/strong>Avvocato presso lo studio legale Sp\u00fchler.<\/p>\n<p><strong>2020 &#8211; Autunno 2022<\/strong><br \/>\n(Senior) avvocato presso l&#8217;Amministrazione federale delle contribuzioni<\/p>\n<p><strong>2019<\/strong><br \/>\nAcquisizione dell \u201cabilitazione all\u201d esercizio della professione forense<\/p>\n<p><strong>2016 &#8211; 2018<\/strong><br \/>\nConsulente legale per i richiedenti asilo presso l&#8217;ufficio regionale HEKS di Argovia e Soletta<\/p>\n<p><strong>2015 &#8211; 2016<\/strong><br \/>\nRevisore dei conti presso il Tribunale distrettuale di Winterthur<\/p>\n<p><strong>2010 &#8211; 2015<\/strong><br \/>\nUniversit\u00e0 di Zurigo (Laurea in Giurisprudenza e Master in Giurisprudenza)<\/p>\n<p><strong>2010<\/strong><br \/>\nAddetto alla protezione presso l&#8217;UNHCR &#8211; Ufficio sul campo di Bunia, Repubblica Democratica del Congo<\/p>\n<p><strong>2008 &#8211; 2009<\/strong><br \/>\nFunzionario di campo associato (Protezione) presso l&#8217;UNHCR &#8211; Ufficio di campo Goz Beida, Ciad<\/p>\n<p><strong>2007 &#8211; 2008<\/strong><br \/>\nStagista presso la sede centrale dell&#8217;UNHCR, Divisione Servizi di Protezione, Ginevra<\/p>\n<p><strong>2003 -2007<\/strong><br \/>\nUniversit\u00e0 di Ginevra e Institut Universitaire de Hautes Etudes Internationales (Licenza in Relazioni Internazionali)<\/p>\n<\/div><\/div><\/div><\/div><\/div><\/div><\/div><\/section><section class=\"l-section wpb_row height_medium\"><div class=\"l-section-h i-cf\"><div class=\"g-cols vc_row via_flex valign_top type_default stacking_default\"><div class=\"vc_col-sm-4 wpb_column vc_column_container\"><div class=\"vc_column-inner\"><div class=\"wpb_wrapper\"><div class=\"w-iconbox iconpos_top style_outlined color_primary align_center no_text no_title\"><div class=\"w-iconbox-icon\" style=\"font-size:60px;\"><i class=\"fas fa-id-card\"><\/i><\/div><div class=\"w-iconbox-meta\"><\/div><\/div><div class=\"w-separator size_custom\" style=\"height:20px\"><\/div><\/div><\/div><\/div><div class=\"vc_col-sm-8 wpb_column vc_column_container\"><div class=\"vc_column-inner\"><div class=\"wpb_wrapper\"><div class=\"g-cols wpb_row via_flex valign_top type_default stacking_default\"><div class=\"vc_col-sm-6 wpb_column vc_column_container\"><div class=\"vc_column-inner us_custom_539f15ee\"><div class=\"wpb_wrapper\"><div class=\"wpb_text_column\"><div class=\"wpb_wrapper\"><h3>Iscrizioni<\/h3>\n<p><a href=\"http:\/\/www.sav-fsa.ch\/\" target=\"_blank\" rel=\"noopener noreferrer\">&#8211; Ordine degli avvocati<span>svizzeri <\/span><br \/>\n<\/a><span>&#8211;<\/span> <a href=\"https:\/\/www.zav.ch\/\" target=\"_blank\" rel=\"noopener noreferrer\">Ordine degli avvocati di Zurigo<br \/>\n<\/a><span>&#8211;<\/span> <a href=\"https:\/\/www.djs-jds.ch\/\">Avvocati Democratici<\/a><br \/>\n<span>&#8211; <\/span><a href=\"https:\/\/lawandwomen.ch\/\">Associazione svizzera delle donne avvocato<\/a><br \/>\n<span>&#8211; <\/span><a href=\"http:\/\/www.pikett-strafverteidigung.ch\/\" target=\"_blank\" rel=\"noopener noreferrer\">Difesa penale su chiamata<\/a><br \/>\n<span>\u2013 Fachgruppe Strafverteidigung ZAV<br \/>\n\u2013 Fachgruppe Opfervertretung ZAV<br \/>\n\u2013 Fachgruppe Familienrecht ZAV<br \/>\n\u2013 Fachgruppe Migrationsrecht ZAV<br \/>\n<\/span><\/p>\n<\/div><\/div><\/div><\/div><\/div><div class=\"vc_col-sm-6 wpb_column vc_column_container\"><div class=\"vc_column-inner us_custom_539f15ee\"><div class=\"wpb_wrapper\"><div class=\"wpb_text_column\"><div class=\"wpb_wrapper\"><h3>Contatto<\/h3>\n<\/div><\/div><div class=\"w-socials us_custom_a5c88937 color_text shape_rounded style_outlined hover_fade\" style=\"--gap:5px;\"><div class=\"w-socials-list\"><div class=\"w-socials-item facebook\"><a target=\"_blank\" rel=\"nofollow\" href=\"https:\/\/www.facebook.com\/spuehler.legal\" class=\"w-socials-item-link\" aria-label=\"Facebook\"><span class=\"w-socials-item-link-hover\"><\/span><i class=\"fab fa-facebook\"><\/i><\/a><div class=\"w-socials-item-popup\"><span>Facebook<\/span><\/div><\/div><\/div><\/div><div class=\"w-separator size_custom\" style=\"height:25px\"><\/div><div class=\"w-iconbox iconpos_left style_default color_contrast align_left no_text\"><a href=\"tel:+41433440505\" class=\"w-iconbox-link\" aria-label=\"+41 43 344 05 05\"><div class=\"w-iconbox-icon\" style=\"font-size:1.3em;\"><i class=\"fas fa-phone\"><\/i><\/div><\/a><div class=\"w-iconbox-meta\"><div class=\"w-iconbox-title\"><a href=\"tel:+41433440505\" class=\"w-iconbox-link\" aria-label=\"+41 43 344 05 05\">+41 43 344 05 05<\/a><\/div><\/div><\/div><div class=\"w-separator size_custom\" style=\"height:16px\"><\/div><div class=\"w-iconbox iconpos_left style_default color_contrast align_left no_text\"><a title=\"Invia un&#039;e-mail a Ana Lucia Gallmann, avvocato\" href=\"mailto:ag@spuehler.legal\" class=\"w-iconbox-link\" aria-label=\"AG@spuehler.legal\"><div class=\"w-iconbox-icon\" style=\"font-size:1.3em;\"><i class=\"fas fa-envelope\"><\/i><\/div><\/a><div class=\"w-iconbox-meta\"><div class=\"w-iconbox-title\"><a title=\"Invia un&#039;e-mail a Ana Lucia Gallmann, avvocato\" href=\"mailto:ag@spuehler.legal\" class=\"w-iconbox-link\" aria-label=\"AG@spuehler.legal\">AG@spuehler.legal<\/a><\/div><\/div><\/div><div class=\"w-separator size_custom\" style=\"height:16px\"><\/div><div class=\"w-btn-wrapper align_none\"><a class=\"w-btn us-btn-style_1 icon_atleft\" title=\"Prenota un appuntamento\" href=\"https:\/\/spuehler.legal\/it\/appuntamento\/\"><i class=\"fas fa-calendar-check\"><\/i><span class=\"w-btn-label\">Prenota un appuntamento<\/span><\/a><\/div><\/div><\/div><\/div><\/div><\/div><\/div><\/div><\/div><\/div><\/section>\n","protected":false},"excerpt":{"rendered":"Il vostra avvocata a Zurigo Ana Lucia Gallmann la rappresenta in modo impegnato e competente. Ana Lucia GallmannMLaw, AvvocataCarriera Dopo aver studiato relazioni internazionali all \u201cUniversit\u00e0 di Ginevra e al Graduate Institute of International and Development Studies, specializzandosi in diritti umani e diritto dei rifugiati dal 2003 al 2007, Ana Lucia Gallmann ha lavorato per...","protected":false},"author":1,"featured_media":0,"parent":0,"menu_order":0,"comment_status":"closed","ping_status":"closed","template":"","meta":{"footnotes":""},"class_list":["post-3980","page","type-page","status-publish","hentry"],"yoast_head":"<!-- This site is optimized with the Yoast SEO Premium plugin v27.6 (Yoast SEO v27.6) - https:\/\/yoast.com\/product\/yoast-seo-premium-wordpress\/ -->\n<title>Ana Lucia Gallmann - Avvocato a Zurigo per il diritto penale e civile<\/title>\n<meta name=\"description\" content=\"Scopra di pi\u00f9 su Ana Lucia Gallmann, un avvocato con una conoscenza approfondita del diritto penale e civile.\" \/>\n<meta name=\"robots\" content=\"index, follow, max-snippet:-1, max-image-preview:large, max-video-preview:-1\" \/>\n<link rel=\"canonical\" href=\"https:\/\/spuehler.legal\/it\/ana-lucia-gallmann\/\" \/>\n<meta property=\"og:locale\" content=\"it_IT\" \/>\n<meta property=\"og:type\" content=\"article\" \/>\n<meta property=\"og:title\" content=\"Ana Lucia Gallmann\" \/>\n<meta property=\"og:description\" content=\"Scopra di pi\u00f9 su Ana Lucia Gallmann, un avvocato con una conoscenza approfondita del diritto penale e civile.\" \/>\n<meta property=\"og:url\" content=\"https:\/\/spuehler.legal\/it\/ana-lucia-gallmann\/\" \/>\n<meta property=\"og:site_name\" content=\"Sp\u00fchler Rechtsanw\u00e4lte AG\" \/>\n<meta property=\"article:publisher\" content=\"https:\/\/www.facebook.com\/spuehler.legal\" \/>\n<meta property=\"article:modified_time\" content=\"2025-10-06T11:00:28+00:00\" \/>\n<meta name=\"twitter:card\" content=\"summary_large_image\" \/>\n<meta name=\"twitter:label1\" content=\"Tempo di lettura stimato\" \/>\n\t<meta name=\"twitter:data1\" content=\"5 minuti\" \/>\n<script type=\"application\/ld+json\" class=\"yoast-schema-graph\">{\"@context\":\"https:\\\/\\\/schema.org\",\"@graph\":[{\"@type\":\"WebPage\",\"@id\":\"https:\\\/\\\/spuehler.legal\\\/it\\\/ana-lucia-gallmann\\\/\",\"url\":\"https:\\\/\\\/spuehler.legal\\\/it\\\/ana-lucia-gallmann\\\/\",\"name\":\"Ana Lucia Gallmann - Avvocato a Zurigo per il diritto penale e civile\",\"isPartOf\":{\"@id\":\"https:\\\/\\\/spuehler.legal\\\/it\\\/#website\"},\"datePublished\":\"2022-11-12T09:09:18+00:00\",\"dateModified\":\"2025-10-06T11:00:28+00:00\",\"description\":\"Scopra di pi\u00f9 su Ana Lucia Gallmann, un avvocato con una conoscenza approfondita del diritto penale e civile.\",\"breadcrumb\":{\"@id\":\"https:\\\/\\\/spuehler.legal\\\/it\\\/ana-lucia-gallmann\\\/#breadcrumb\"},\"inLanguage\":\"it-IT\",\"potentialAction\":[{\"@type\":\"ReadAction\",\"target\":[\"https:\\\/\\\/spuehler.legal\\\/it\\\/ana-lucia-gallmann\\\/\"]}]},{\"@type\":\"BreadcrumbList\",\"@id\":\"https:\\\/\\\/spuehler.legal\\\/it\\\/ana-lucia-gallmann\\\/#breadcrumb\",\"itemListElement\":[{\"@type\":\"ListItem\",\"position\":1,\"name\":\"Startseite\",\"item\":\"https:\\\/\\\/spuehler.legal\\\/it\\\/inizio\\\/\"},{\"@type\":\"ListItem\",\"position\":2,\"name\":\"Ana Lucia Gallmann\"}]},{\"@type\":\"WebSite\",\"@id\":\"https:\\\/\\\/spuehler.legal\\\/it\\\/#website\",\"url\":\"https:\\\/\\\/spuehler.legal\\\/it\\\/\",\"name\":\"Sp\u00fchler Rechtsanw\u00e4lte AG\",\"description\":\"Rechtsberatung und Rechtsvertretung in allen Lebenslagen\",\"publisher\":{\"@id\":\"https:\\\/\\\/spuehler.legal\\\/it\\\/#organization\"},\"potentialAction\":[{\"@type\":\"SearchAction\",\"target\":{\"@type\":\"EntryPoint\",\"urlTemplate\":\"https:\\\/\\\/spuehler.legal\\\/it\\\/?s={search_term_string}\"},\"query-input\":{\"@type\":\"PropertyValueSpecification\",\"valueRequired\":true,\"valueName\":\"search_term_string\"}}],\"inLanguage\":\"it-IT\"},{\"@type\":\"Organization\",\"@id\":\"https:\\\/\\\/spuehler.legal\\\/it\\\/#organization\",\"name\":\"Sp\u00fchler Rechtsanw\u00e4lte AG\",\"url\":\"https:\\\/\\\/spuehler.legal\\\/it\\\/\",\"logo\":{\"@type\":\"ImageObject\",\"inLanguage\":\"it-IT\",\"@id\":\"https:\\\/\\\/spuehler.legal\\\/it\\\/#\\\/schema\\\/logo\\\/image\\\/\",\"url\":\"https:\\\/\\\/spuehler.legal\\\/wp-content\\\/uploads\\\/2020\\\/08\\\/logo-spuehler-rechtsanwaelte.png\",\"contentUrl\":\"https:\\\/\\\/spuehler.legal\\\/wp-content\\\/uploads\\\/2020\\\/08\\\/logo-spuehler-rechtsanwaelte.png\",\"width\":898,\"height\":259,\"caption\":\"Sp\u00fchler Rechtsanw\u00e4lte AG\"},\"image\":{\"@id\":\"https:\\\/\\\/spuehler.legal\\\/it\\\/#\\\/schema\\\/logo\\\/image\\\/\"},\"sameAs\":[\"https:\\\/\\\/www.facebook.com\\\/spuehler.legal\",\"https:\\\/\\\/www.linkedin.com\\\/in\\\/fspuehler\\\/\"],\"description\":\"Die Anwaltskanzlei Sp\u00fchler Rechtsanw\u00e4lte AG ist beratend und prozessierend t\u00e4tig. Sie vertritt Privatpersonen sowie kleine und mittlere Unternehmen (KMU) in nationalen und internationalen Sachverhalten. Durch die breite Ausrichtung der Kanzlei ist eine ganzheitliche Beratung m\u00f6glich, welche auf Deutsch, Englisch, Spanisch, Franz\u00f6sisch, Italienisch oder Portugiesisch stattfindet. Kontaktieren Sie Ihre Anw\u00e4ltin oder Ihren Anwalt in Z\u00fcrich!\",\"email\":\"info@spuehler.legal\",\"telephone\":\"+41433440505\",\"legalName\":\"Sp\u00fchler Rechtsanw\u00e4lte AG\",\"foundingDate\":\"2018-01-01\",\"vatID\":\"CHE-431.484.624\",\"numberOfEmployees\":{\"@type\":\"QuantitativeValue\",\"minValue\":\"1\",\"maxValue\":\"10\"}}]}<\/script>\n<!-- \/ Yoast SEO Premium plugin. -->","yoast_head_json":{"title":"Ana Lucia Gallmann - Avvocato a Zurigo per il diritto penale e civile","description":"Scopra di pi\u00f9 su Ana Lucia Gallmann, un avvocato con una conoscenza approfondita del diritto penale e civile.","robots":{"index":"index","follow":"follow","max-snippet":"max-snippet:-1","max-image-preview":"max-image-preview:large","max-video-preview":"max-video-preview:-1"},"canonical":"https:\/\/spuehler.legal\/it\/ana-lucia-gallmann\/","og_locale":"it_IT","og_type":"article","og_title":"Ana Lucia Gallmann","og_description":"Scopra di pi\u00f9 su Ana Lucia Gallmann, un avvocato con una conoscenza approfondita del diritto penale e civile.","og_url":"https:\/\/spuehler.legal\/it\/ana-lucia-gallmann\/","og_site_name":"Sp\u00fchler Rechtsanw\u00e4lte AG","article_publisher":"https:\/\/www.facebook.com\/spuehler.legal","article_modified_time":"2025-10-06T11:00:28+00:00","twitter_card":"summary_large_image","twitter_misc":{"Tempo di lettura stimato":"5 minuti"},"schema":{"@context":"https:\/\/schema.org","@graph":[{"@type":"WebPage","@id":"https:\/\/spuehler.legal\/it\/ana-lucia-gallmann\/","url":"https:\/\/spuehler.legal\/it\/ana-lucia-gallmann\/","name":"Ana Lucia Gallmann - Avvocato a Zurigo per il diritto penale e civile","isPartOf":{"@id":"https:\/\/spuehler.legal\/it\/#website"},"datePublished":"2022-11-12T09:09:18+00:00","dateModified":"2025-10-06T11:00:28+00:00","description":"Scopra di pi\u00f9 su Ana Lucia Gallmann, un avvocato con una conoscenza approfondita del diritto penale e civile.","breadcrumb":{"@id":"https:\/\/spuehler.legal\/it\/ana-lucia-gallmann\/#breadcrumb"},"inLanguage":"it-IT","potentialAction":[{"@type":"ReadAction","target":["https:\/\/spuehler.legal\/it\/ana-lucia-gallmann\/"]}]},{"@type":"BreadcrumbList","@id":"https:\/\/spuehler.legal\/it\/ana-lucia-gallmann\/#breadcrumb","itemListElement":[{"@type":"ListItem","position":1,"name":"Startseite","item":"https:\/\/spuehler.legal\/it\/inizio\/"},{"@type":"ListItem","position":2,"name":"Ana Lucia Gallmann"}]},{"@type":"WebSite","@id":"https:\/\/spuehler.legal\/it\/#website","url":"https:\/\/spuehler.legal\/it\/","name":"Sp\u00fchler Rechtsanw\u00e4lte AG","description":"Rechtsberatung und Rechtsvertretung in allen Lebenslagen","publisher":{"@id":"https:\/\/spuehler.legal\/it\/#organization"},"potentialAction":[{"@type":"SearchAction","target":{"@type":"EntryPoint","urlTemplate":"https:\/\/spuehler.legal\/it\/?s={search_term_string}"},"query-input":{"@type":"PropertyValueSpecification","valueRequired":true,"valueName":"search_term_string"}}],"inLanguage":"it-IT"},{"@type":"Organization","@id":"https:\/\/spuehler.legal\/it\/#organization","name":"Sp\u00fchler Rechtsanw\u00e4lte AG","url":"https:\/\/spuehler.legal\/it\/","logo":{"@type":"ImageObject","inLanguage":"it-IT","@id":"https:\/\/spuehler.legal\/it\/#\/schema\/logo\/image\/","url":"https:\/\/spuehler.legal\/wp-content\/uploads\/2020\/08\/logo-spuehler-rechtsanwaelte.png","contentUrl":"https:\/\/spuehler.legal\/wp-content\/uploads\/2020\/08\/logo-spuehler-rechtsanwaelte.png","width":898,"height":259,"caption":"Sp\u00fchler Rechtsanw\u00e4lte AG"},"image":{"@id":"https:\/\/spuehler.legal\/it\/#\/schema\/logo\/image\/"},"sameAs":["https:\/\/www.facebook.com\/spuehler.legal","https:\/\/www.linkedin.com\/in\/fspuehler\/"],"description":"Die Anwaltskanzlei Sp\u00fchler Rechtsanw\u00e4lte AG ist beratend und prozessierend t\u00e4tig. Sie vertritt Privatpersonen sowie kleine und mittlere Unternehmen (KMU) in nationalen und internationalen Sachverhalten. Durch die breite Ausrichtung der Kanzlei ist eine ganzheitliche Beratung m\u00f6glich, welche auf Deutsch, Englisch, Spanisch, Franz\u00f6sisch, Italienisch oder Portugiesisch stattfindet. Kontaktieren Sie Ihre Anw\u00e4ltin oder Ihren Anwalt in Z\u00fcrich!","email":"info@spuehler.legal","telephone":"+41433440505","legalName":"Sp\u00fchler Rechtsanw\u00e4lte AG","foundingDate":"2018-01-01","vatID":"CHE-431.484.624","numberOfEmployees":{"@type":"QuantitativeValue","minValue":"1","maxValue":"10"}}]}},"_links":{"self":[{"href":"https:\/\/spuehler.legal\/it\/wp-json\/wp\/v2\/pages\/3980","targetHints":{"allow":["GET"]}}],"collection":[{"href":"https:\/\/spuehler.legal\/it\/wp-json\/wp\/v2\/pages"}],"about":[{"href":"https:\/\/spuehler.legal\/it\/wp-json\/wp\/v2\/types\/page"}],"author":[{"embeddable":true,"href":"https:\/\/spuehler.legal\/it\/wp-json\/wp\/v2\/users\/1"}],"replies":[{"embeddable":true,"href":"https:\/\/spuehler.legal\/it\/wp-json\/wp\/v2\/comments?post=3980"}],"version-history":[{"count":17,"href":"https:\/\/spuehler.legal\/it\/wp-json\/wp\/v2\/pages\/3980\/revisions"}],"predecessor-version":[{"id":7444,"href":"https:\/\/spuehler.legal\/it\/wp-json\/wp\/v2\/pages\/3980\/revisions\/7444"}],"wp:attachment":[{"href":"https:\/\/spuehler.legal\/it\/wp-json\/wp\/v2\/media?parent=3980"}],"curies":[{"name":"wp","href":"https:\/\/api.w.org\/{rel}","templated":true}]}}