{"id":3676,"date":"2022-06-21T17:54:56","date_gmt":"2022-06-21T15:54:56","guid":{"rendered":"https:\/\/spuehler.legal\/servizi\/"},"modified":"2025-06-15T17:23:47","modified_gmt":"2025-06-15T15:23:47","slug":"servizi","status":"publish","type":"page","link":"https:\/\/spuehler.legal\/it\/servizi\/","title":{"rendered":"Servizi"},"content":{"rendered":"<section class=\"l-section wpb_row height_large color_primary with_img\"><div class=\"l-section-img\" role=\"img\" aria-label=\"Immagine\" data-img-width=\"1920\" data-img-height=\"1280\" style=\"background-image: url(https:\/\/spuehler.legal\/wp-content\/uploads\/2017\/12\/rwi-bibliothek-zuerich2.jpg);\"><\/div><div class=\"l-section-overlay\" style=\"background:rgba(0,0,0,0.6)\"><\/div><div class=\"l-section-h i-cf\"><div class=\"g-cols vc_row via_flex valign_top type_default stacking_default\"><div class=\"vc_col-sm-12 wpb_column vc_column_container\"><div class=\"vc_column-inner\"><div class=\"wpb_wrapper\"><div class=\"wpb_text_column\"><div class=\"wpb_wrapper\"><h1 class=\"ai-optimize-71\" style=\"text-align: left;\">Servizi del suo <strong>studio legale a Zurigo<\/strong><\/h1>\n<p class=\"ai-optimize-72\">\n<\/div><\/div><div class=\"wpb_text_column us_custom_ce05b304\"><div class=\"wpb_wrapper\"><h3 class=\"ai-optimize-73\" style=\"text-align: left;\">Consulenza, rappresentanza extragiudiziale e <strong>contenzioso<\/strong>.<\/h3>\n<p class=\"ai-optimize-74\">\n<\/div><\/div><\/div><\/div><\/div><\/div><\/div><\/section><section class=\"l-section wpb_row height_small\"><div class=\"l-section-h i-cf\"><div class=\"g-cols vc_row via_flex valign_top type_default stacking_default\"><div class=\"vc_col-sm-12 wpb_column vc_column_container\"><div class=\"vc_column-inner\"><div class=\"wpb_wrapper\"><div class=\"wpb_text_column\"><div class=\"wpb_wrapper\"><h2 class=\"ai-optimize-75\">Servizi dello <strong>studio legale<\/strong><\/h2>\n<p class=\"ai-optimize-76\">\n<\/div><\/div><\/div><\/div><\/div><\/div><\/div><\/section><section class=\"l-section wpb_row us_custom_a40275d7 height_small\"><div class=\"l-section-h i-cf\"><div class=\"g-cols vc_row via_flex valign_top type_default stacking_default\"><div class=\"vc_col-sm-4 wpb_column vc_column_container\"><div class=\"vc_column-inner us_custom_539f15ee\"><div class=\"wpb_wrapper\"><div class=\"w-iconbox iconpos_top style_circle color_primary align_center\"><div class=\"w-iconbox-icon\" style=\"font-size:44px;\"><i class=\"far fa-lightbulb\"><\/i><\/div><div class=\"w-iconbox-meta\"><h3 class=\"w-iconbox-title\">Consulenza + stesura del contratto<\/h3><div class=\"w-iconbox-text\"><p>Una consulenza legale affidabile e la stesura di un contratto offrono la certezza del diritto e prevengono costose controversie legali.<\/p>\n<\/div><\/div><\/div><\/div><\/div><\/div><div class=\"vc_col-sm-4 wpb_column vc_column_container\"><div class=\"vc_column-inner us_custom_539f15ee\"><div class=\"wpb_wrapper\"><div class=\"w-iconbox iconpos_top style_circle color_primary align_center\"><div class=\"w-iconbox-icon\" style=\"font-size:44px;\"><i class=\"far fa-handshake\"><\/i><\/div><div class=\"w-iconbox-meta\"><h3 class=\"w-iconbox-title\">Rappresentanza extragiudiziale<\/h3><div class=\"w-iconbox-text\"><p>Un&#8217;efficiente risoluzione extragiudiziale delle controversie evita le spese giudiziarie e legali elevate.<\/p>\n<\/div><\/div><\/div><\/div><\/div><\/div><div class=\"vc_col-sm-4 wpb_column vc_column_container\"><div class=\"vc_column-inner us_custom_539f15ee\"><div class=\"wpb_wrapper\"><div class=\"w-iconbox iconpos_top style_circle color_primary align_center\"><div class=\"w-iconbox-icon\" style=\"font-size:44px;\"><i class=\"fas fa-balance-scale\"><\/i><\/div><div class=\"w-iconbox-meta\"><h3 class=\"w-iconbox-title\">Gestione dei processi<\/h3><div class=\"w-iconbox-text\"><p>Rappresentanza legale orientata alla soluzione e attenta ai costi davanti alle autorit\u00e0 e ai tribunali, nonch\u00e9 difesa penale.<\/p>\n<\/div><\/div><\/div><\/div><\/div><\/div><\/div><\/div><\/section><section class=\"l-section wpb_row height_small\"><div class=\"l-section-h i-cf\"><div class=\"g-cols vc_row via_flex valign_top type_default stacking_default\"><div class=\"vc_col-sm-12 wpb_column vc_column_container\"><div class=\"vc_column-inner\"><div class=\"wpb_wrapper\"><div class=\"wpb_text_column\"><div class=\"wpb_wrapper\"><h2 class=\"ai-optimize-77\">Le <strong>aree di diritto<\/strong> preferite <strong>dai nostri avvocati<\/strong><\/h2>\n<p class=\"ai-optimize-78\">Lo Studio Legale Sp\u00fchler Rechtsanw\u00e4lte AG \u00e8 specializzato in <strong>diritto penale e civile<\/strong> in contesti nazionali e internazionali. Presso il nostro ufficio di Zurigo forniamo consulenza ai nostri clienti in <strong>tedesco, inglese, spagnolo, francese, italiano o portoghese<\/strong>. Gli avvocati del nostro studio legale rappresentano le persone davanti a tutte le autorit\u00e0 e i tribunali della Svizzera tedesca. Le aree di diritto preferite possono essere suddivise nei seguenti argomenti:   <\/p>\n<p class=\"ai-optimize-22\">\n<\/div><\/div><div class=\"w-separator size_medium\"><\/div><div class=\"w-iconbox iconpos_left style_default color_primary align_left\"><a href=\"https:\/\/spuehler.legal\/it\/difesa-penale\/\" class=\"w-iconbox-link\" aria-label=\"Difesa penale\"><div class=\"w-iconbox-icon\" style=\"font-size:3rem;\"><i class=\"fas fa-user-secret\"><\/i><\/div><\/a><div class=\"w-iconbox-meta\"><h3 class=\"w-iconbox-title\"><a href=\"https:\/\/spuehler.legal\/it\/difesa-penale\/\" class=\"w-iconbox-link\" aria-label=\"Difesa penale\">Difesa penale<\/a><\/h3><div class=\"w-iconbox-text\"><p class=\"ai-optimize-17\">Ha ricevuto posta da un&#8217;autorit\u00e0 penale? \u00c8 accusato di un reato penale? Una persona a lei cara \u00e8 stata arrestata? Possiamo aiutarla in tutte le aree del diritto penale.  <a href=\"https:\/\/spuehler.legal\/it\/difesa-penale\/\">\u27a8Apprenda di pi\u00f9 sul diritto penale.<\/a><\/p>\n<p class=\"ai-optimize-57\">\n<\/div><\/div><\/div><div class=\"w-separator size_medium\"><\/div><div class=\"w-iconbox iconpos_left style_default color_primary align_left\"><a href=\"https:\/\/spuehler.legal\/it\/rappresentanza-della-vittima\/\" class=\"w-iconbox-link\" aria-label=\"Rappresentanza della vittima\"><div class=\"w-iconbox-icon\" style=\"font-size:3rem;\"><i class=\"fas fa-life-ring\"><\/i><\/div><\/a><div class=\"w-iconbox-meta\"><h3 class=\"w-iconbox-title\"><a href=\"https:\/\/spuehler.legal\/it\/rappresentanza-della-vittima\/\" class=\"w-iconbox-link\" aria-label=\"Rappresentanza della vittima\">Rappresentanza della vittima<\/a><\/h3><div class=\"w-iconbox-text\"><p class=\"ai-optimize-40\">\u00c8 stata vittima di violenza o di un reato sessuale? Soffre di violenza domestica? Ha perso denaro a causa di una frode? Rappresentiamo le parti lese in tutte le aree del diritto penale.  <a href=\"https:\/\/spuehler.legal\/it\/rappresentanza-della-vittima\/\">\u27a8Apprenda di pi\u00f9 sulla difesa delle vittime.<\/a><\/p>\n<p class=\"ai-optimize-58\">\n<\/div><\/div><\/div><div class=\"w-separator size_medium\"><\/div><div class=\"w-iconbox iconpos_left style_default color_primary align_left\"><a href=\"https:\/\/spuehler.legal\/it\/diritto-di-famiglia\/\" class=\"w-iconbox-link\" aria-label=\"Diritto di famiglia\"><div class=\"w-iconbox-icon\" style=\"font-size:3rem;\"><i class=\"fas fa-users\"><\/i><\/div><\/a><div class=\"w-iconbox-meta\"><h3 class=\"w-iconbox-title\"><a href=\"https:\/\/spuehler.legal\/it\/diritto-di-famiglia\/\" class=\"w-iconbox-link\" aria-label=\"Diritto di famiglia\">Diritto di famiglia<\/a><\/h3><div class=\"w-iconbox-text\"><p class=\"ai-optimize-41\">Sta attraversando una separazione o un divorzio? Desidera un consiglio sul matrimonio? Ha bisogno di un accordo prematrimoniale? Desidera organizzare il suo patrimonio con un testamento o un contratto di successione?  <a href=\"https:\/\/spuehler.legal\/it\/diritto-di-famiglia\/\">\u27a8Per saperne di pi\u00f9 sul diritto di famiglia.<\/a><\/p>\n<p class=\"ai-optimize-8\">\n<\/div><\/div><\/div><div class=\"w-separator size_medium\"><\/div><div class=\"w-iconbox iconpos_left style_default color_primary align_left\"><a href=\"https:\/\/spuehler.legal\/it\/legge-sulla-migrazione\/\" class=\"w-iconbox-link\" aria-label=\"Diritto della migrazione + asilo\"><div class=\"w-iconbox-icon\" style=\"font-size:3rem;\"><i class=\"fas fa-ship\"><\/i><\/div><\/a><div class=\"w-iconbox-meta\"><h3 class=\"w-iconbox-title\"><a href=\"https:\/\/spuehler.legal\/it\/legge-sulla-migrazione\/\" class=\"w-iconbox-link\" aria-label=\"Diritto della migrazione + asilo\">Diritto della migrazione + asilo<\/a><\/h3><div class=\"w-iconbox-text\"><p class=\"ai-optimize-11\">Le \u00e8 stato revocato il permesso di soggiorno o di insediamento? Ha ricevuto la posta dall&#8217;ufficio migrazione? Desidera stabilire la residenza in Svizzera? Il nostro studio legale la assiste in tutte le aree del diritto della migrazione e dell&#8217;asilo.  <a href=\"https:\/\/spuehler.legal\/it\/legge-sulla-migrazione\/\">\u27a8Per saperne di pi\u00f9 sul diritto di migrazione.<\/a><\/p>\n<p class=\"ai-optimize-60\">\n<\/div><\/div><\/div><div class=\"w-separator size_medium\"><\/div><div class=\"w-iconbox iconpos_left style_default color_primary align_left\"><a href=\"https:\/\/spuehler.legal\/anwalt-arbeitsrecht-zuerich\/\" class=\"w-iconbox-link\" aria-label=\"Diritto del lavoro\"><div class=\"w-iconbox-icon\" style=\"font-size:3rem;\"><i class=\"fas fa-briefcase\"><\/i><\/div><\/a><div class=\"w-iconbox-meta\"><h3 class=\"w-iconbox-title\"><a href=\"https:\/\/spuehler.legal\/anwalt-arbeitsrecht-zuerich\/\" class=\"w-iconbox-link\" aria-label=\"Diritto del lavoro\">Diritto del lavoro<\/a><\/h3><div class=\"w-iconbox-text\"><p class=\"ai-optimize-16\">Il suo contratto di lavoro \u00e8 stato risolto? Non ha ricevuto uno stipendio? Desidera un riferimento migliore? La sosteniamo nell&#8217;applicazione delle sue rivendicazioni in materia di diritto del lavoro.  <a href=\"https:\/\/spuehler.legal\/it\/diritto-del-lavoro\/\">\u27a8Apprenda di pi\u00f9 sul diritto del lavoro.<\/a><\/p>\n<p class=\"ai-optimize-9\">\n<\/div><\/div><\/div><div class=\"w-separator size_medium\"><\/div><div class=\"w-iconbox iconpos_left style_default color_primary align_left\"><a href=\"https:\/\/spuehler.legal\/it\/diritto-contrattuale\/\" class=\"w-iconbox-link\" aria-label=\"Diritto contrattuale\"><div class=\"w-iconbox-icon\" style=\"font-size:3rem;\"><i class=\"fas fa-file-alt\"><\/i><\/div><\/a><div class=\"w-iconbox-meta\"><h3 class=\"w-iconbox-title\"><a href=\"https:\/\/spuehler.legal\/it\/diritto-contrattuale\/\" class=\"w-iconbox-link\" aria-label=\"Diritto contrattuale\">Diritto contrattuale<\/a><\/h3><div class=\"w-iconbox-text\"><p>Offriamo assistenza nella <strong>stesura dei contratti<\/strong>, nella <strong>revisione dei contratti<\/strong> e nelle <strong>controversie contrattuali<\/strong>. Un&#8217;attenta stesura del contratto pu\u00f2 evitare costose controversie in un secondo momento.  <a href=\"https:\/\/spuehler.legal\/it\/diritto-contrattuale\/\">\u27a8Apprenda di pi\u00f9 sul diritto contrattuale.<\/a><\/p>\n<\/div><\/div><\/div><div class=\"w-separator size_medium\"><\/div><div class=\"w-iconbox iconpos_left style_default color_primary align_left\"><div class=\"w-iconbox-icon\" style=\"font-size:3rem;\"><i class=\"fas fa-home\"><\/i><\/div><div class=\"w-iconbox-meta\"><h3 class=\"w-iconbox-title\">Affitto + propriet\u00e0<\/h3><div class=\"w-iconbox-text\"><p>Il suo appartamento in affitto \u00e8 stato cancellato? Il suo locatore non corregge i difetti del suo appartamento e non le concede una riduzione dell&#8217;affitto? Ha bisogno di una revisione o di una bozza di un contratto di acquisto immobiliare? Ha una controversia con il suo vicino? Ci sono problemi con la propriet\u00e0 condominiale?<\/p>\n<\/div><\/div><\/div><div class=\"w-separator size_medium\"><\/div><div class=\"w-iconbox iconpos_left style_default color_primary align_left\"><a href=\"https:\/\/spuehler.legal\/anwalt-betreibung-zuerich-konkurs\/\" class=\"w-iconbox-link\" aria-label=\"Recupero crediti + fallimento\"><div class=\"w-iconbox-icon\" style=\"font-size:3rem;\"><i class=\"fas fa-gavel\"><\/i><\/div><\/a><div class=\"w-iconbox-meta\"><h3 class=\"w-iconbox-title\"><a href=\"https:\/\/spuehler.legal\/anwalt-betreibung-zuerich-konkurs\/\" class=\"w-iconbox-link\" aria-label=\"Recupero crediti + fallimento\">Recupero crediti + fallimento<\/a><\/h3><div class=\"w-iconbox-text\"><p class=\"ai-optimize-55\">La Legge sull \u201cesecuzione e sul fallimento (SchKG) regola l\u201d esecuzione forzata dei crediti pecuniari. Sia che i creditori vogliano riscuotere un credito, sia che i debitori vogliano difendersi da un \u201cesecuzione ingiustificata, noi la sosteniamo durante l\u201d intero processo con una solida consulenza legale e un approccio efficiente.   <a href=\"https:\/\/spuehler.legal\/it\/recupero-crediti-fallimento\/\">\u27a8Per saperne di pi\u00f9 sulla legge sul recupero crediti e sul fallimento.<\/a><\/p>\n<p class=\"ai-optimize-62\">\n<\/div><\/div><\/div><div class=\"w-separator size_medium\"><\/div><div class=\"w-iconbox iconpos_left style_default color_primary align_left\"><div class=\"w-iconbox-icon\" style=\"font-size:3rem;\"><i class=\"fas fa-building\"><\/i><\/div><div class=\"w-iconbox-meta\"><h3 class=\"w-iconbox-title\">Diritto societario<\/h3><div class=\"w-iconbox-text\"><p>Le aziende si trovano regolarmente a dover affrontare numerose questioni legali. Le offriamo consulenza e rappresentanza legale affidabile e conveniente da un&#8217;unica fonte. Le questioni legali possono riguardare l&#8217;azienda e la sua forma giuridica o i rapporti legali con i dipendenti o i clienti.<\/p>\n<\/div><\/div><\/div><div class=\"w-separator size_medium\"><\/div><div class=\"w-iconbox iconpos_left style_default color_primary align_left\"><a target=\"_blank\" href=\"https:\/\/domiziladresse.zuerich\/it\/\" class=\"w-iconbox-link\" aria-label=\"Indirizzo di domicilio\"><div class=\"w-iconbox-icon\" style=\"font-size:3rem;\"><i class=\"fas fa-map-marker-alt\"><\/i><\/div><\/a><div class=\"w-iconbox-meta\"><h3 class=\"w-iconbox-title\"><a target=\"_blank\" href=\"https:\/\/domiziladresse.zuerich\/it\/\" class=\"w-iconbox-link\" aria-label=\"Indirizzo di domicilio\">Indirizzo di domicilio<\/a><\/h3><div class=\"w-iconbox-text\"><p><span>Sp\u00fchler Rechtsanw\u00e4lte AG offre alla sua azienda un indirizzo di domicilio economico presso un indirizzo prestigioso a Zurigo. La posta indirizzata al suo indirizzo di domicilio sar\u00e0 inoltrata a lei. La assistiamo nella costituzione della societ\u00e0, nell&#8217;iscrizione al registro delle imprese e in altri servizi legati al suo domicilio.  <a href=\"https:\/\/domiziladresse.zuerich\/it\/\" target=\"_blank\" rel=\"noopener\">\u27a8Per saperne di pi\u00f9 sull&#8217;indirizzo commerciale<\/a><\/span><\/p>\n<\/div><\/div><\/div><div class=\"w-separator size_medium\"><\/div><\/div><\/div><\/div><\/div><\/div><\/section><section class=\"l-section wpb_row align_center height_medium color_primary\"><div class=\"l-section-h i-cf\"><div class=\"g-cols vc_row via_flex valign_top type_default stacking_default\"><div class=\"vc_col-sm-12 wpb_column vc_column_container\"><div class=\"vc_column-inner\"><div class=\"wpb_wrapper\"><div class=\"wpb_text_column\"><div class=\"wpb_wrapper\"><h2 class=\"ai-optimize-82\"><strong>Contatti<\/strong> subito <strong>il suo avvocato a Zurigo<\/strong><\/h2>\n<p class=\"ai-optimize-83\">\n<\/div><\/div><div class=\"w-btn-wrapper align_none\"><a class=\"w-btn us-btn-style_6 us_custom_f73f4019 font_bold icon_atleft\" title=\"Prenota un appuntamento\" href=\"https:\/\/spuehler.legal\/it\/appuntamento\/\"><i class=\"fas fa-calendar-check\"><\/i><span class=\"w-btn-label\">Prenota un appuntamento<\/span><\/a><\/div><div class=\"w-btn-wrapper align_none\"><a class=\"w-btn us-btn-style_7 us_custom_f73f4019 icon_atleft\" href=\"https:\/\/spuehler.legal\/it\/contatto\/\"><i class=\"fas fa-address-book\"><\/i><span class=\"w-btn-label\">Contatto<\/span><\/a><\/div><\/div><\/div><\/div><\/div><\/div><\/section>\n","protected":false},"excerpt":{"rendered":"Servizi del suo studio legale a Zurigo Consulenza, rappresentanza extragiudiziale e contenzioso. Servizi dello studio legale Consulenza + stesura del contrattoUna consulenza legale affidabile e la stesura di un contratto offrono la certezza del diritto e prevengono costose controversie legali. Rappresentanza extragiudizialeUn'efficiente risoluzione extragiudiziale delle controversie evita le spese giudiziarie e legali elevate. Gestione dei...","protected":false},"author":1,"featured_media":0,"parent":0,"menu_order":0,"comment_status":"closed","ping_status":"closed","template":"","meta":{"footnotes":""},"class_list":["post-3676","page","type-page","status-publish","hentry"],"yoast_head":"<!-- This site is optimized with the Yoast SEO Premium plugin v27.6 (Yoast SEO v27.6) - https:\/\/yoast.com\/product\/yoast-seo-premium-wordpress\/ -->\n<title>Il suo avvocato a Zurigo per il diritto civile e penale | Servizi<\/title>\n<meta name=\"description\" content=\"\u2713 Difesa penale \u2713 Rappresentanza delle vittime \u2713 Diritto di famiglia \u2713 Diritto della migrazione \u2713 Diritto contrattuale \u2713 Diritto societario \u2713 Diritto del recupero crediti\" \/>\n<meta name=\"robots\" content=\"index, follow, max-snippet:-1, max-image-preview:large, max-video-preview:-1\" \/>\n<link rel=\"canonical\" href=\"https:\/\/spuehler.legal\/it\/servizi\/\" \/>\n<meta property=\"og:locale\" content=\"it_IT\" \/>\n<meta property=\"og:type\" content=\"article\" \/>\n<meta property=\"og:title\" content=\"Servizi\" \/>\n<meta property=\"og:description\" content=\"\u2713 Difesa penale \u2713 Rappresentanza delle vittime \u2713 Diritto di famiglia \u2713 Diritto della migrazione \u2713 Diritto contrattuale \u2713 Diritto societario \u2713 Diritto del recupero crediti\" \/>\n<meta property=\"og:url\" content=\"https:\/\/spuehler.legal\/it\/servizi\/\" \/>\n<meta property=\"og:site_name\" content=\"Sp\u00fchler Rechtsanw\u00e4lte AG\" \/>\n<meta property=\"article:publisher\" content=\"https:\/\/www.facebook.com\/spuehler.legal\" \/>\n<meta property=\"article:modified_time\" content=\"2025-06-15T15:23:47+00:00\" \/>\n<meta name=\"twitter:card\" content=\"summary_large_image\" \/>\n<meta name=\"twitter:label1\" content=\"Tempo di lettura stimato\" \/>\n\t<meta name=\"twitter:data1\" content=\"7 minuti\" \/>\n<script type=\"application\/ld+json\" class=\"yoast-schema-graph\">{\"@context\":\"https:\\\/\\\/schema.org\",\"@graph\":[{\"@type\":\"WebPage\",\"@id\":\"https:\\\/\\\/spuehler.legal\\\/it\\\/servizi\\\/\",\"url\":\"https:\\\/\\\/spuehler.legal\\\/it\\\/servizi\\\/\",\"name\":\"Il suo avvocato a Zurigo per il diritto civile e penale | Servizi\",\"isPartOf\":{\"@id\":\"https:\\\/\\\/spuehler.legal\\\/it\\\/#website\"},\"datePublished\":\"2022-06-21T15:54:56+00:00\",\"dateModified\":\"2025-06-15T15:23:47+00:00\",\"description\":\"\u2713 Difesa penale \u2713 Rappresentanza delle vittime \u2713 Diritto di famiglia \u2713 Diritto della migrazione \u2713 Diritto contrattuale \u2713 Diritto societario \u2713 Diritto del recupero crediti\",\"breadcrumb\":{\"@id\":\"https:\\\/\\\/spuehler.legal\\\/it\\\/servizi\\\/#breadcrumb\"},\"inLanguage\":\"it-IT\",\"potentialAction\":[{\"@type\":\"ReadAction\",\"target\":[\"https:\\\/\\\/spuehler.legal\\\/it\\\/servizi\\\/\"]}]},{\"@type\":\"BreadcrumbList\",\"@id\":\"https:\\\/\\\/spuehler.legal\\\/it\\\/servizi\\\/#breadcrumb\",\"itemListElement\":[{\"@type\":\"ListItem\",\"position\":1,\"name\":\"Startseite\",\"item\":\"https:\\\/\\\/spuehler.legal\\\/it\\\/inizio\\\/\"},{\"@type\":\"ListItem\",\"position\":2,\"name\":\"Servizi\"}]},{\"@type\":\"WebSite\",\"@id\":\"https:\\\/\\\/spuehler.legal\\\/it\\\/#website\",\"url\":\"https:\\\/\\\/spuehler.legal\\\/it\\\/\",\"name\":\"Sp\u00fchler Rechtsanw\u00e4lte AG\",\"description\":\"Rechtsberatung und Rechtsvertretung in allen Lebenslagen\",\"publisher\":{\"@id\":\"https:\\\/\\\/spuehler.legal\\\/it\\\/#organization\"},\"potentialAction\":[{\"@type\":\"SearchAction\",\"target\":{\"@type\":\"EntryPoint\",\"urlTemplate\":\"https:\\\/\\\/spuehler.legal\\\/it\\\/?s={search_term_string}\"},\"query-input\":{\"@type\":\"PropertyValueSpecification\",\"valueRequired\":true,\"valueName\":\"search_term_string\"}}],\"inLanguage\":\"it-IT\"},{\"@type\":\"Organization\",\"@id\":\"https:\\\/\\\/spuehler.legal\\\/it\\\/#organization\",\"name\":\"Sp\u00fchler Rechtsanw\u00e4lte AG\",\"url\":\"https:\\\/\\\/spuehler.legal\\\/it\\\/\",\"logo\":{\"@type\":\"ImageObject\",\"inLanguage\":\"it-IT\",\"@id\":\"https:\\\/\\\/spuehler.legal\\\/it\\\/#\\\/schema\\\/logo\\\/image\\\/\",\"url\":\"https:\\\/\\\/spuehler.legal\\\/wp-content\\\/uploads\\\/2020\\\/08\\\/logo-spuehler-rechtsanwaelte.png\",\"contentUrl\":\"https:\\\/\\\/spuehler.legal\\\/wp-content\\\/uploads\\\/2020\\\/08\\\/logo-spuehler-rechtsanwaelte.png\",\"width\":898,\"height\":259,\"caption\":\"Sp\u00fchler Rechtsanw\u00e4lte AG\"},\"image\":{\"@id\":\"https:\\\/\\\/spuehler.legal\\\/it\\\/#\\\/schema\\\/logo\\\/image\\\/\"},\"sameAs\":[\"https:\\\/\\\/www.facebook.com\\\/spuehler.legal\",\"https:\\\/\\\/www.linkedin.com\\\/in\\\/fspuehler\\\/\"],\"description\":\"Die Anwaltskanzlei Sp\u00fchler Rechtsanw\u00e4lte AG ist beratend und prozessierend t\u00e4tig. Sie vertritt Privatpersonen sowie kleine und mittlere Unternehmen (KMU) in nationalen und internationalen Sachverhalten. Durch die breite Ausrichtung der Kanzlei ist eine ganzheitliche Beratung m\u00f6glich, welche auf Deutsch, Englisch, Spanisch, Franz\u00f6sisch, Italienisch oder Portugiesisch stattfindet. Kontaktieren Sie Ihre Anw\u00e4ltin oder Ihren Anwalt in Z\u00fcrich!\",\"email\":\"info@spuehler.legal\",\"telephone\":\"+41433440505\",\"legalName\":\"Sp\u00fchler Rechtsanw\u00e4lte AG\",\"foundingDate\":\"2018-01-01\",\"vatID\":\"CHE-431.484.624\",\"numberOfEmployees\":{\"@type\":\"QuantitativeValue\",\"minValue\":\"1\",\"maxValue\":\"10\"}}]}<\/script>\n<!-- \/ Yoast SEO Premium plugin. -->","yoast_head_json":{"title":"Il suo avvocato a Zurigo per il diritto civile e penale | Servizi","description":"\u2713 Difesa penale \u2713 Rappresentanza delle vittime \u2713 Diritto di famiglia \u2713 Diritto della migrazione \u2713 Diritto contrattuale \u2713 Diritto societario \u2713 Diritto del recupero crediti","robots":{"index":"index","follow":"follow","max-snippet":"max-snippet:-1","max-image-preview":"max-image-preview:large","max-video-preview":"max-video-preview:-1"},"canonical":"https:\/\/spuehler.legal\/it\/servizi\/","og_locale":"it_IT","og_type":"article","og_title":"Servizi","og_description":"\u2713 Difesa penale \u2713 Rappresentanza delle vittime \u2713 Diritto di famiglia \u2713 Diritto della migrazione \u2713 Diritto contrattuale \u2713 Diritto societario \u2713 Diritto del recupero crediti","og_url":"https:\/\/spuehler.legal\/it\/servizi\/","og_site_name":"Sp\u00fchler Rechtsanw\u00e4lte AG","article_publisher":"https:\/\/www.facebook.com\/spuehler.legal","article_modified_time":"2025-06-15T15:23:47+00:00","twitter_card":"summary_large_image","twitter_misc":{"Tempo di lettura stimato":"7 minuti"},"schema":{"@context":"https:\/\/schema.org","@graph":[{"@type":"WebPage","@id":"https:\/\/spuehler.legal\/it\/servizi\/","url":"https:\/\/spuehler.legal\/it\/servizi\/","name":"Il suo avvocato a Zurigo per il diritto civile e penale | Servizi","isPartOf":{"@id":"https:\/\/spuehler.legal\/it\/#website"},"datePublished":"2022-06-21T15:54:56+00:00","dateModified":"2025-06-15T15:23:47+00:00","description":"\u2713 Difesa penale \u2713 Rappresentanza delle vittime \u2713 Diritto di famiglia \u2713 Diritto della migrazione \u2713 Diritto contrattuale \u2713 Diritto societario \u2713 Diritto del recupero crediti","breadcrumb":{"@id":"https:\/\/spuehler.legal\/it\/servizi\/#breadcrumb"},"inLanguage":"it-IT","potentialAction":[{"@type":"ReadAction","target":["https:\/\/spuehler.legal\/it\/servizi\/"]}]},{"@type":"BreadcrumbList","@id":"https:\/\/spuehler.legal\/it\/servizi\/#breadcrumb","itemListElement":[{"@type":"ListItem","position":1,"name":"Startseite","item":"https:\/\/spuehler.legal\/it\/inizio\/"},{"@type":"ListItem","position":2,"name":"Servizi"}]},{"@type":"WebSite","@id":"https:\/\/spuehler.legal\/it\/#website","url":"https:\/\/spuehler.legal\/it\/","name":"Sp\u00fchler Rechtsanw\u00e4lte AG","description":"Rechtsberatung und Rechtsvertretung in allen Lebenslagen","publisher":{"@id":"https:\/\/spuehler.legal\/it\/#organization"},"potentialAction":[{"@type":"SearchAction","target":{"@type":"EntryPoint","urlTemplate":"https:\/\/spuehler.legal\/it\/?s={search_term_string}"},"query-input":{"@type":"PropertyValueSpecification","valueRequired":true,"valueName":"search_term_string"}}],"inLanguage":"it-IT"},{"@type":"Organization","@id":"https:\/\/spuehler.legal\/it\/#organization","name":"Sp\u00fchler Rechtsanw\u00e4lte AG","url":"https:\/\/spuehler.legal\/it\/","logo":{"@type":"ImageObject","inLanguage":"it-IT","@id":"https:\/\/spuehler.legal\/it\/#\/schema\/logo\/image\/","url":"https:\/\/spuehler.legal\/wp-content\/uploads\/2020\/08\/logo-spuehler-rechtsanwaelte.png","contentUrl":"https:\/\/spuehler.legal\/wp-content\/uploads\/2020\/08\/logo-spuehler-rechtsanwaelte.png","width":898,"height":259,"caption":"Sp\u00fchler Rechtsanw\u00e4lte AG"},"image":{"@id":"https:\/\/spuehler.legal\/it\/#\/schema\/logo\/image\/"},"sameAs":["https:\/\/www.facebook.com\/spuehler.legal","https:\/\/www.linkedin.com\/in\/fspuehler\/"],"description":"Die Anwaltskanzlei Sp\u00fchler Rechtsanw\u00e4lte AG ist beratend und prozessierend t\u00e4tig. Sie vertritt Privatpersonen sowie kleine und mittlere Unternehmen (KMU) in nationalen und internationalen Sachverhalten. Durch die breite Ausrichtung der Kanzlei ist eine ganzheitliche Beratung m\u00f6glich, welche auf Deutsch, Englisch, Spanisch, Franz\u00f6sisch, Italienisch oder Portugiesisch stattfindet. Kontaktieren Sie Ihre Anw\u00e4ltin oder Ihren Anwalt in Z\u00fcrich!","email":"info@spuehler.legal","telephone":"+41433440505","legalName":"Sp\u00fchler Rechtsanw\u00e4lte AG","foundingDate":"2018-01-01","vatID":"CHE-431.484.624","numberOfEmployees":{"@type":"QuantitativeValue","minValue":"1","maxValue":"10"}}]}},"_links":{"self":[{"href":"https:\/\/spuehler.legal\/it\/wp-json\/wp\/v2\/pages\/3676","targetHints":{"allow":["GET"]}}],"collection":[{"href":"https:\/\/spuehler.legal\/it\/wp-json\/wp\/v2\/pages"}],"about":[{"href":"https:\/\/spuehler.legal\/it\/wp-json\/wp\/v2\/types\/page"}],"author":[{"embeddable":true,"href":"https:\/\/spuehler.legal\/it\/wp-json\/wp\/v2\/users\/1"}],"replies":[{"embeddable":true,"href":"https:\/\/spuehler.legal\/it\/wp-json\/wp\/v2\/comments?post=3676"}],"version-history":[{"count":59,"href":"https:\/\/spuehler.legal\/it\/wp-json\/wp\/v2\/pages\/3676\/revisions"}],"predecessor-version":[{"id":7148,"href":"https:\/\/spuehler.legal\/it\/wp-json\/wp\/v2\/pages\/3676\/revisions\/7148"}],"wp:attachment":[{"href":"https:\/\/spuehler.legal\/it\/wp-json\/wp\/v2\/media?parent=3676"}],"curies":[{"name":"wp","href":"https:\/\/api.w.org\/{rel}","templated":true}]}}