{"id":3619,"date":"2022-06-20T21:59:54","date_gmt":"2022-06-20T19:59:54","guid":{"rendered":"https:\/\/spuehler.legal\/il-vostro-avvocato-a-zurigo\/"},"modified":"2025-12-01T12:30:12","modified_gmt":"2025-12-01T11:30:12","slug":"il-vostro-avvocato-a-zurigo","status":"publish","type":"page","link":"https:\/\/spuehler.legal\/it\/il-vostro-avvocato-a-zurigo\/","title":{"rendered":"Il suo avvocato a Zurigo"},"content":{"rendered":"<section class=\"l-section wpb_row height_large color_primary with_img\"><div class=\"l-section-img\" role=\"img\" aria-label=\"Avvocato Zurigo\" data-img-width=\"1920\" data-img-height=\"1280\" style=\"background-image: url(https:\/\/spuehler.legal\/wp-content\/uploads\/2017\/12\/rwi-bibliothek-zuerich3.jpg);\"><\/div><div class=\"l-section-overlay\" style=\"background:rgba(0,0,0,0.6)\"><\/div><div class=\"l-section-h i-cf\"><div class=\"g-cols vc_row via_flex valign_top type_default stacking_default\"><div class=\"vc_col-sm-12 wpb_column vc_column_container\"><div class=\"vc_column-inner\"><div class=\"wpb_wrapper\"><div class=\"wpb_text_column\"><div class=\"wpb_wrapper\"><h1 style=\"text-align: left;\">Il suo <strong>avvocato a Zurigo<\/strong><\/h1>\n<\/div><\/div><div class=\"wpb_text_column us_custom_dfddb007\"><div class=\"wpb_wrapper\"><h3 style=\"text-align: left;\">L&#8217;avvocato Fabian Sp\u00fchler la rappresenta in modo<strong> impegnato e competente.<\/strong><\/h3>\n<\/div><\/div><\/div><\/div><\/div><\/div><\/div><\/section><section class=\"l-section wpb_row us_custom_a40275d7 height_medium\"><div class=\"l-section-h i-cf\"><div class=\"g-cols vc_row via_flex valign_top type_default stacking_default\"><div class=\"vc_col-sm-4 wpb_column vc_column_container\"><div class=\"vc_column-inner\"><div class=\"wpb_wrapper\"><div class=\"w-person layout_simple\" itemscope itemtype=\"https:\/\/schema.org\/Person\"><div class=\"w-person-image\"><img decoding=\"async\" width=\"600\" height=\"800\" src=\"https:\/\/spuehler.legal\/wp-content\/uploads\/2024\/09\/rechtsanwalt-zuerich-fabian-spuehler.jpg\" class=\"attachment-full size-full\" alt=\"Foto dell&#039;avvocato Fabian Sp\u00fchler con lo studio legale a Zurigo\" itemprop=\"image\" srcset=\"https:\/\/spuehler.legal\/wp-content\/uploads\/2024\/09\/rechtsanwalt-zuerich-fabian-spuehler.jpg 600w, https:\/\/spuehler.legal\/wp-content\/uploads\/2024\/09\/rechtsanwalt-zuerich-fabian-spuehler-225x300.jpg 225w\" sizes=\"(max-width: 600px) 100vw, 600px\" \/><\/div><div class=\"w-person-content\"><h4 itemprop=\"name\" class=\"w-person-name\"><span>Fabian Sp\u00fchler<\/span><\/h4><div class=\"w-person-role\" itemprop=\"jobTitle\">MLaw, Avvocato<\/div><\/div><\/div><\/div><\/div><\/div><div class=\"vc_col-sm-8 wpb_column vc_column_container\"><div class=\"vc_column-inner\"><div class=\"wpb_wrapper\"><div class=\"wpb_text_column\"><div class=\"wpb_wrapper\"><h2>Carriera<\/h2>\n<p>Fabian Sp\u00fchler (nato nel 1987) ha completato i suoi studi giuridici presso l&#8217;<a href=\"http:\/\/www.uzh.ch\/de.html\" target=\"_blank\" rel=\"noopener noreferrer\">Universit\u00e0 di Zurigo<\/a> nell&#8217;estate del 2012 con un Master of Law (MLaw). Ha trascorso sei mesi di studi a Madrid presso l&#8217;<a href=\"https:\/\/www.urjc.es\/\" target=\"_blank\" rel=\"noopener noreferrer\">Universit\u00e0 Rey Juan Carlos<\/a>, dove si \u00e8 specializzato in diritto commerciale internazionale.<\/p>\n<p>Dopo gli studi, ha lavorato presso il <a href=\"http:\/\/www.gerichte-zh.ch\/organisation\/bezirksgerichte\/bezirksgericht-zuerich.html\" target=\"_blank\" rel=\"noopener noreferrer\">Tribunale distrettuale di Zurigo<\/a>, dove ha assistito i giudici di vari dipartimenti nelle udienze e nella redazione delle sentenze, oltre a fornire consulenza legale presso il Tribunale del lavoro. Dopo essere stato ammesso all&#8217;albo degli avvocati all&#8217;inizio del 2016, Fabian Sp\u00fchler ha lavorato come consulente e contenzioso per due studi legali nella citt\u00e0 di Zurigo dal 2016 al 2017.<\/p>\n<p>Dal 1\u00b0 gennaio 2018 lavora come <a href=\"https:\/\/spuehler.legal\/it\/servizi\/\">avvocato indipendente<\/a> a Zurigo ed \u00e8 ansioso di <a href=\"https:\/\/spuehler.legal\/it\/contatto\/\">sentirla<\/a>.<\/p>\n<\/div><\/div><\/div><\/div><\/div><\/div><\/div><\/section><section class=\"l-section wpb_row us_custom_8d5aa4e2 height_small\"><div class=\"l-section-h i-cf\"><div class=\"g-cols vc_row via_flex valign_top type_default stacking_default\"><div class=\"vc_col-sm-4 wpb_column vc_column_container\"><div class=\"vc_column-inner\"><div class=\"wpb_wrapper\"><div class=\"w-iconbox iconpos_top style_outlined color_primary align_center no_text no_title\"><div class=\"w-iconbox-icon\" style=\"font-size:60px;\"><i class=\"fas fa-comments\"><\/i><\/div><div class=\"w-iconbox-meta\"><\/div><\/div><div class=\"w-separator size_custom\" style=\"height:20px\"><\/div><\/div><\/div><\/div><div class=\"vc_col-sm-8 wpb_column vc_column_container\"><div class=\"vc_column-inner\"><div class=\"wpb_wrapper\"><div class=\"g-cols wpb_row via_flex valign_top type_default stacking_default\"><div class=\"vc_col-sm-6 wpb_column vc_column_container\"><div class=\"vc_column-inner us_custom_539f15ee\"><div class=\"wpb_wrapper\"><div class=\"wpb_text_column\"><div class=\"wpb_wrapper\"><h3>Competenze linguistiche<\/h3>\n<p>&#8211; Tedesco (lingua madre)<br \/>\n&#8211; Spagnolo (seconda lingua madre)<br \/>\n&#8211; Inglese<br \/>\n&#8211; Portoghese<br \/>\n&#8211; Francese<\/p>\n<\/div><\/div><\/div><\/div><\/div><div class=\"vc_col-sm-6 wpb_column vc_column_container\"><div class=\"vc_column-inner us_custom_539f15ee\"><div class=\"wpb_wrapper\"><div class=\"wpb_text_column\"><div class=\"wpb_wrapper\"><h3>Registro degli avvocati<\/h3>\n<p>Fabian Sp\u00fchler \u00e8 <a href=\"http:\/\/www.gerichte-zh.ch\/organisation\/obergericht\/kommissionen\/aufsichtskommission-ueber-rechtsanwaelte\/anwaltsregister.html\" target=\"_blank\" rel=\"noopener noreferrer\">iscritto al Registro degli Avvocati di Zurigo<\/a> ed \u00e8 autorizzato a rappresentare i clienti davanti a tutti i tribunali svizzeri.<\/p>\n<\/div><\/div><\/div><\/div><\/div><\/div><\/div><\/div><\/div><\/div><\/div><\/section><section class=\"l-section wpb_row height_medium color_primary\"><div class=\"l-section-h i-cf\"><div class=\"g-cols vc_row via_flex valign_top type_default stacking_default\"><div class=\"vc_col-sm-4 wpb_column vc_column_container\"><div class=\"vc_column-inner us_custom_289537ba\"><div class=\"wpb_wrapper\"><div class=\"w-iconbox iconpos_top style_outlined color_custom align_center no_text no_title\"><div class=\"w-iconbox-icon\" style=\"font-size:60px;--icon-color:#ffffff;--icon-bg-color:#ffffff;\"><i class=\"fas fa-graduation-cap\"><\/i><\/div><div class=\"w-iconbox-meta\"><\/div><\/div><div class=\"w-separator size_custom\" style=\"height:20px\"><\/div><\/div><\/div><\/div><div class=\"vc_col-sm-8 wpb_column vc_column_container\"><div class=\"vc_column-inner\"><div class=\"wpb_wrapper\"><div class=\"wpb_text_column\"><div class=\"wpb_wrapper\"><h2>Formazione e attivit\u00e0 professionali in <strong>sintesi<\/strong><\/h2>\n<p><strong><br \/>\nDal 1\u00b0 gennaio 2018<br \/>\n<\/strong>Lavora in proprio come avvocato e titolare di Sp\u00fchler Rechtsanw\u00e4lte AG (ex Anwaltskanzlei Sp\u00fchler).<\/p>\n<p><strong>2016 &#8211; 2017<br \/>\n<\/strong>Avvocato presso due studi legali nella citt\u00e0 di Zurigo.<\/p>\n<p><strong>2016<br \/>\n<\/strong>Ammesso all&#8217;albo degli avvocati del Cantone di Zurigo<\/p>\n<p><strong>2012 &#8211; 2014<br \/>\n<\/strong>Assistente legale presso il Tribunale distrettuale di Zurigo<\/p>\n<p><strong>2009 &#8211; 2014<br \/>\n<\/strong>Lavoro autonomo come web designer<\/p>\n<p><strong>2010 &#8211; 2012<br \/>\n<\/strong>Universit\u00e0 di Zurigo e Rey Juan Carlos Madrid (Master in Legge)<\/p>\n<p><strong>2007 \u2013 2010<\/strong><br \/>\nUniversit\u00e4t Z\u00fcrich (Bachelor of Law)<\/p>\n<\/div><\/div><\/div><\/div><\/div><\/div><\/div><\/section><section class=\"l-section wpb_row height_medium\"><div class=\"l-section-h i-cf\"><div class=\"g-cols vc_row via_flex valign_top type_default stacking_default\"><div class=\"vc_col-sm-4 wpb_column vc_column_container\"><div class=\"vc_column-inner\"><div class=\"wpb_wrapper\"><div class=\"w-iconbox iconpos_top style_outlined color_primary align_center no_text no_title\"><div class=\"w-iconbox-icon\" style=\"font-size:60px;\"><i class=\"fas fa-id-card\"><\/i><\/div><div class=\"w-iconbox-meta\"><\/div><\/div><div class=\"w-separator size_custom\" style=\"height:20px\"><\/div><\/div><\/div><\/div><div class=\"vc_col-sm-8 wpb_column vc_column_container\"><div class=\"vc_column-inner\"><div class=\"wpb_wrapper\"><div class=\"g-cols wpb_row via_flex valign_top type_default stacking_default\"><div class=\"vc_col-sm-6 wpb_column vc_column_container\"><div class=\"vc_column-inner us_custom_539f15ee\"><div class=\"wpb_wrapper\"><div class=\"wpb_text_column\"><div class=\"wpb_wrapper\"><h3>Iscrizioni<\/h3>\n<p>&#8211; <a href=\"http:\/\/www.sav-fsa.ch\/\" target=\"_blank\" rel=\"noopener noreferrer\">Ordine degli Avvocati della Svizzera<br \/>\n<\/a><span>&#8211;<\/span> <a href=\"https:\/\/www.zav.ch\/\" target=\"_blank\" rel=\"noopener noreferrer\">Ordine degli Avvocati di Zurigo<br \/>\n<\/a><span>&#8211;<\/span> Gruppo specialistico Diritto processuale civile ZAV<br \/>\n&#8211; Gruppo di specialisti in diritto di famiglia ZAV<br \/>\n&#8211; Sezione Diritto del lavoro ZAV<br \/>\n<span>&#8211; Gruppo specialistico per la difesa penale ZAV<br \/>\n&#8211; Gruppo specialistico per la rappresentanza delle vittime ZAV<br \/>\n<\/span><span>&#8211;<\/span> <a href=\"http:\/\/www.pikett-strafverteidigung.ch\/\" target=\"_blank\" rel=\"noopener noreferrer\">Difesa penale su chiamata<\/a><br \/>\n<span>&#8211; <\/span><a href=\"https:\/\/npk-rpp.ch\/\" target=\"_blank\" rel=\"noopener\">Rete di attori privati NPK<\/a><\/p>\n<\/div><\/div><\/div><\/div><\/div><div class=\"vc_col-sm-6 wpb_column vc_column_container\"><div class=\"vc_column-inner us_custom_539f15ee\"><div class=\"wpb_wrapper\"><div class=\"wpb_text_column\"><div class=\"wpb_wrapper\"><h3>Contatto<\/h3>\n<\/div><\/div><div class=\"w-socials us_custom_a5c88937 color_text shape_rounded style_outlined hover_fade\" style=\"--gap:5px;\"><div class=\"w-socials-list\"><div class=\"w-socials-item facebook\"><a target=\"_blank\" rel=\"nofollow\" href=\"https:\/\/www.facebook.com\/spuehler.legal\" class=\"w-socials-item-link\" aria-label=\"Facebook\"><span class=\"w-socials-item-link-hover\"><\/span><i class=\"fab fa-facebook\"><\/i><\/a><div class=\"w-socials-item-popup\"><span>Facebook<\/span><\/div><\/div><div class=\"w-socials-item linkedin\"><a target=\"_blank\" rel=\"nofollow\" href=\"https:\/\/www.linkedin.com\/in\/fspuehler\/\" class=\"w-socials-item-link\" aria-label=\"LinkedIn\"><span class=\"w-socials-item-link-hover\"><\/span><i class=\"fab fa-linkedin\"><\/i><\/a><div class=\"w-socials-item-popup\"><span>LinkedIn<\/span><\/div><\/div><div class=\"w-socials-item xing\"><a target=\"_blank\" rel=\"nofollow\" href=\"https:\/\/www.xing.com\/profile\/Fabian_Spuehler2\" class=\"w-socials-item-link\" aria-label=\"Xing\"><span class=\"w-socials-item-link-hover\"><\/span><i class=\"fab fa-xing\"><\/i><\/a><div class=\"w-socials-item-popup\"><span>Xing<\/span><\/div><\/div><\/div><\/div><div class=\"w-separator size_custom\" style=\"height:25px\"><\/div><div class=\"w-iconbox iconpos_left style_default color_contrast align_left no_text\"><a href=\"tel:+41433440505\" class=\"w-iconbox-link\" aria-label=\"+41 43 344 05 05\"><div class=\"w-iconbox-icon\" style=\"font-size:1.3em;\"><i class=\"fas fa-phone\"><\/i><\/div><\/a><div class=\"w-iconbox-meta\"><div class=\"w-iconbox-title\"><a href=\"tel:+41433440505\" class=\"w-iconbox-link\" aria-label=\"+41 43 344 05 05\">+41 43 344 05 05<\/a><\/div><\/div><\/div><div class=\"w-separator size_custom\" style=\"height:16px\"><\/div><div class=\"w-iconbox iconpos_left style_default color_contrast align_left no_text\"><a href=\"mailto:fs@spuehler.legal\" class=\"w-iconbox-link\" aria-label=\"FS@spuehler.legal\"><div class=\"w-iconbox-icon\" style=\"font-size:1.3em;\"><i class=\"fas fa-envelope\"><\/i><\/div><\/a><div class=\"w-iconbox-meta\"><div class=\"w-iconbox-title\"><a href=\"mailto:fs@spuehler.legal\" class=\"w-iconbox-link\" aria-label=\"FS@spuehler.legal\">FS@spuehler.legal<\/a><\/div><\/div><\/div><div class=\"w-separator size_custom\" style=\"height:16px\"><\/div><div class=\"w-btn-wrapper align_none\"><a class=\"w-btn us-btn-style_1 icon_atleft\" title=\"Prenota un appuntamento\" href=\"https:\/\/spuehler.legal\/it\/appuntamento\/\"><i class=\"fas fa-calendar-check\"><\/i><span class=\"w-btn-label\">Prenota un appuntamento<\/span><\/a><\/div><\/div><\/div><\/div><\/div><\/div><\/div><\/div><\/div><\/div><\/section>\n","protected":false},"excerpt":{"rendered":"Il suo avvocato a Zurigo L&#8217;avvocato Fabian Sp\u00fchler la rappresenta in modo impegnato e competente. Fabian Sp\u00fchlerMLaw, AvvocatoCarriera Fabian Sp\u00fchler (nato nel 1987) ha completato i suoi studi giuridici presso l&#8217;Universit\u00e0 di Zurigo nell&#8217;estate del 2012 con un Master of Law (MLaw). Ha trascorso sei mesi di studi a Madrid presso l&#8217;Universit\u00e0 Rey Juan Carlos,...","protected":false},"author":1,"featured_media":0,"parent":0,"menu_order":0,"comment_status":"closed","ping_status":"closed","template":"","meta":{"footnotes":""},"class_list":["post-3619","page","type-page","status-publish","hentry"],"yoast_head":"<!-- This site is optimized with the Yoast SEO Premium plugin v27.6 (Yoast SEO v27.6) - https:\/\/yoast.com\/product\/yoast-seo-premium-wordpress\/ -->\n<title>Sp\u00fchler Rechtsanw\u00e4lte AG - Avvocato a Zurigo | Avvocato Fabian Sp\u00fchler<\/title>\n<meta name=\"description\" content=\"Fabian Sp\u00fchler \u00e8 un avvocato che offre consulenza e contenzioso. Rappresenta privati e PMI in questioni nazionali e internazionali di diritto penale e civile.\" \/>\n<meta name=\"robots\" content=\"index, follow, max-snippet:-1, max-image-preview:large, max-video-preview:-1\" \/>\n<link rel=\"canonical\" href=\"https:\/\/spuehler.legal\/it\/il-vostro-avvocato-a-zurigo\/\" \/>\n<meta property=\"og:locale\" content=\"it_IT\" \/>\n<meta property=\"og:type\" content=\"article\" \/>\n<meta property=\"og:title\" content=\"Il suo avvocato a Zurigo\" \/>\n<meta property=\"og:description\" content=\"Fabian Sp\u00fchler \u00e8 un avvocato che offre consulenza e contenzioso. Rappresenta privati e PMI in questioni nazionali e internazionali di diritto penale e civile.\" \/>\n<meta property=\"og:url\" content=\"https:\/\/spuehler.legal\/it\/il-vostro-avvocato-a-zurigo\/\" \/>\n<meta property=\"og:site_name\" content=\"Sp\u00fchler Rechtsanw\u00e4lte AG\" \/>\n<meta property=\"article:publisher\" content=\"https:\/\/www.facebook.com\/spuehler.legal\" \/>\n<meta property=\"article:modified_time\" content=\"2025-12-01T11:30:12+00:00\" \/>\n<meta name=\"twitter:card\" content=\"summary_large_image\" \/>\n<meta name=\"twitter:label1\" content=\"Tempo di lettura stimato\" \/>\n\t<meta name=\"twitter:data1\" content=\"4 minuti\" \/>\n<script type=\"application\/ld+json\" class=\"yoast-schema-graph\">{\"@context\":\"https:\\\/\\\/schema.org\",\"@graph\":[{\"@type\":\"WebPage\",\"@id\":\"https:\\\/\\\/spuehler.legal\\\/it\\\/il-vostro-avvocato-a-zurigo\\\/\",\"url\":\"https:\\\/\\\/spuehler.legal\\\/it\\\/il-vostro-avvocato-a-zurigo\\\/\",\"name\":\"Sp\u00fchler Rechtsanw\u00e4lte AG - Avvocato a Zurigo | Avvocato Fabian Sp\u00fchler\",\"isPartOf\":{\"@id\":\"https:\\\/\\\/spuehler.legal\\\/it\\\/#website\"},\"datePublished\":\"2022-06-20T19:59:54+00:00\",\"dateModified\":\"2025-12-01T11:30:12+00:00\",\"description\":\"Fabian Sp\u00fchler \u00e8 un avvocato che offre consulenza e contenzioso. Rappresenta privati e PMI in questioni nazionali e internazionali di diritto penale e civile.\",\"breadcrumb\":{\"@id\":\"https:\\\/\\\/spuehler.legal\\\/it\\\/il-vostro-avvocato-a-zurigo\\\/#breadcrumb\"},\"inLanguage\":\"it-IT\",\"potentialAction\":[{\"@type\":\"ReadAction\",\"target\":[\"https:\\\/\\\/spuehler.legal\\\/it\\\/il-vostro-avvocato-a-zurigo\\\/\"]}]},{\"@type\":\"BreadcrumbList\",\"@id\":\"https:\\\/\\\/spuehler.legal\\\/it\\\/il-vostro-avvocato-a-zurigo\\\/#breadcrumb\",\"itemListElement\":[{\"@type\":\"ListItem\",\"position\":1,\"name\":\"Startseite\",\"item\":\"https:\\\/\\\/spuehler.legal\\\/it\\\/inizio\\\/\"},{\"@type\":\"ListItem\",\"position\":2,\"name\":\"Il suo avvocato a Zurigo\"}]},{\"@type\":\"WebSite\",\"@id\":\"https:\\\/\\\/spuehler.legal\\\/it\\\/#website\",\"url\":\"https:\\\/\\\/spuehler.legal\\\/it\\\/\",\"name\":\"Sp\u00fchler Rechtsanw\u00e4lte AG\",\"description\":\"Rechtsberatung und Rechtsvertretung in allen Lebenslagen\",\"publisher\":{\"@id\":\"https:\\\/\\\/spuehler.legal\\\/it\\\/#organization\"},\"potentialAction\":[{\"@type\":\"SearchAction\",\"target\":{\"@type\":\"EntryPoint\",\"urlTemplate\":\"https:\\\/\\\/spuehler.legal\\\/it\\\/?s={search_term_string}\"},\"query-input\":{\"@type\":\"PropertyValueSpecification\",\"valueRequired\":true,\"valueName\":\"search_term_string\"}}],\"inLanguage\":\"it-IT\"},{\"@type\":\"Organization\",\"@id\":\"https:\\\/\\\/spuehler.legal\\\/it\\\/#organization\",\"name\":\"Sp\u00fchler Rechtsanw\u00e4lte AG\",\"url\":\"https:\\\/\\\/spuehler.legal\\\/it\\\/\",\"logo\":{\"@type\":\"ImageObject\",\"inLanguage\":\"it-IT\",\"@id\":\"https:\\\/\\\/spuehler.legal\\\/it\\\/#\\\/schema\\\/logo\\\/image\\\/\",\"url\":\"https:\\\/\\\/spuehler.legal\\\/wp-content\\\/uploads\\\/2020\\\/08\\\/logo-spuehler-rechtsanwaelte.png\",\"contentUrl\":\"https:\\\/\\\/spuehler.legal\\\/wp-content\\\/uploads\\\/2020\\\/08\\\/logo-spuehler-rechtsanwaelte.png\",\"width\":898,\"height\":259,\"caption\":\"Sp\u00fchler Rechtsanw\u00e4lte AG\"},\"image\":{\"@id\":\"https:\\\/\\\/spuehler.legal\\\/it\\\/#\\\/schema\\\/logo\\\/image\\\/\"},\"sameAs\":[\"https:\\\/\\\/www.facebook.com\\\/spuehler.legal\",\"https:\\\/\\\/www.linkedin.com\\\/in\\\/fspuehler\\\/\"],\"description\":\"Die Anwaltskanzlei Sp\u00fchler Rechtsanw\u00e4lte AG ist beratend und prozessierend t\u00e4tig. Sie vertritt Privatpersonen sowie kleine und mittlere Unternehmen (KMU) in nationalen und internationalen Sachverhalten. Durch die breite Ausrichtung der Kanzlei ist eine ganzheitliche Beratung m\u00f6glich, welche auf Deutsch, Englisch, Spanisch, Franz\u00f6sisch, Italienisch oder Portugiesisch stattfindet. Kontaktieren Sie Ihre Anw\u00e4ltin oder Ihren Anwalt in Z\u00fcrich!\",\"email\":\"info@spuehler.legal\",\"telephone\":\"+41433440505\",\"legalName\":\"Sp\u00fchler Rechtsanw\u00e4lte AG\",\"foundingDate\":\"2018-01-01\",\"vatID\":\"CHE-431.484.624\",\"numberOfEmployees\":{\"@type\":\"QuantitativeValue\",\"minValue\":\"1\",\"maxValue\":\"10\"}}]}<\/script>\n<!-- \/ Yoast SEO Premium plugin. -->","yoast_head_json":{"title":"Sp\u00fchler Rechtsanw\u00e4lte AG - Avvocato a Zurigo | Avvocato Fabian Sp\u00fchler","description":"Fabian Sp\u00fchler \u00e8 un avvocato che offre consulenza e contenzioso. Rappresenta privati e PMI in questioni nazionali e internazionali di diritto penale e civile.","robots":{"index":"index","follow":"follow","max-snippet":"max-snippet:-1","max-image-preview":"max-image-preview:large","max-video-preview":"max-video-preview:-1"},"canonical":"https:\/\/spuehler.legal\/it\/il-vostro-avvocato-a-zurigo\/","og_locale":"it_IT","og_type":"article","og_title":"Il suo avvocato a Zurigo","og_description":"Fabian Sp\u00fchler \u00e8 un avvocato che offre consulenza e contenzioso. Rappresenta privati e PMI in questioni nazionali e internazionali di diritto penale e civile.","og_url":"https:\/\/spuehler.legal\/it\/il-vostro-avvocato-a-zurigo\/","og_site_name":"Sp\u00fchler Rechtsanw\u00e4lte AG","article_publisher":"https:\/\/www.facebook.com\/spuehler.legal","article_modified_time":"2025-12-01T11:30:12+00:00","twitter_card":"summary_large_image","twitter_misc":{"Tempo di lettura stimato":"4 minuti"},"schema":{"@context":"https:\/\/schema.org","@graph":[{"@type":"WebPage","@id":"https:\/\/spuehler.legal\/it\/il-vostro-avvocato-a-zurigo\/","url":"https:\/\/spuehler.legal\/it\/il-vostro-avvocato-a-zurigo\/","name":"Sp\u00fchler Rechtsanw\u00e4lte AG - Avvocato a Zurigo | Avvocato Fabian Sp\u00fchler","isPartOf":{"@id":"https:\/\/spuehler.legal\/it\/#website"},"datePublished":"2022-06-20T19:59:54+00:00","dateModified":"2025-12-01T11:30:12+00:00","description":"Fabian Sp\u00fchler \u00e8 un avvocato che offre consulenza e contenzioso. Rappresenta privati e PMI in questioni nazionali e internazionali di diritto penale e civile.","breadcrumb":{"@id":"https:\/\/spuehler.legal\/it\/il-vostro-avvocato-a-zurigo\/#breadcrumb"},"inLanguage":"it-IT","potentialAction":[{"@type":"ReadAction","target":["https:\/\/spuehler.legal\/it\/il-vostro-avvocato-a-zurigo\/"]}]},{"@type":"BreadcrumbList","@id":"https:\/\/spuehler.legal\/it\/il-vostro-avvocato-a-zurigo\/#breadcrumb","itemListElement":[{"@type":"ListItem","position":1,"name":"Startseite","item":"https:\/\/spuehler.legal\/it\/inizio\/"},{"@type":"ListItem","position":2,"name":"Il suo avvocato a Zurigo"}]},{"@type":"WebSite","@id":"https:\/\/spuehler.legal\/it\/#website","url":"https:\/\/spuehler.legal\/it\/","name":"Sp\u00fchler Rechtsanw\u00e4lte AG","description":"Rechtsberatung und Rechtsvertretung in allen Lebenslagen","publisher":{"@id":"https:\/\/spuehler.legal\/it\/#organization"},"potentialAction":[{"@type":"SearchAction","target":{"@type":"EntryPoint","urlTemplate":"https:\/\/spuehler.legal\/it\/?s={search_term_string}"},"query-input":{"@type":"PropertyValueSpecification","valueRequired":true,"valueName":"search_term_string"}}],"inLanguage":"it-IT"},{"@type":"Organization","@id":"https:\/\/spuehler.legal\/it\/#organization","name":"Sp\u00fchler Rechtsanw\u00e4lte AG","url":"https:\/\/spuehler.legal\/it\/","logo":{"@type":"ImageObject","inLanguage":"it-IT","@id":"https:\/\/spuehler.legal\/it\/#\/schema\/logo\/image\/","url":"https:\/\/spuehler.legal\/wp-content\/uploads\/2020\/08\/logo-spuehler-rechtsanwaelte.png","contentUrl":"https:\/\/spuehler.legal\/wp-content\/uploads\/2020\/08\/logo-spuehler-rechtsanwaelte.png","width":898,"height":259,"caption":"Sp\u00fchler Rechtsanw\u00e4lte AG"},"image":{"@id":"https:\/\/spuehler.legal\/it\/#\/schema\/logo\/image\/"},"sameAs":["https:\/\/www.facebook.com\/spuehler.legal","https:\/\/www.linkedin.com\/in\/fspuehler\/"],"description":"Die Anwaltskanzlei Sp\u00fchler Rechtsanw\u00e4lte AG ist beratend und prozessierend t\u00e4tig. Sie vertritt Privatpersonen sowie kleine und mittlere Unternehmen (KMU) in nationalen und internationalen Sachverhalten. Durch die breite Ausrichtung der Kanzlei ist eine ganzheitliche Beratung m\u00f6glich, welche auf Deutsch, Englisch, Spanisch, Franz\u00f6sisch, Italienisch oder Portugiesisch stattfindet. Kontaktieren Sie Ihre Anw\u00e4ltin oder Ihren Anwalt in Z\u00fcrich!","email":"info@spuehler.legal","telephone":"+41433440505","legalName":"Sp\u00fchler Rechtsanw\u00e4lte AG","foundingDate":"2018-01-01","vatID":"CHE-431.484.624","numberOfEmployees":{"@type":"QuantitativeValue","minValue":"1","maxValue":"10"}}]}},"_links":{"self":[{"href":"https:\/\/spuehler.legal\/it\/wp-json\/wp\/v2\/pages\/3619","targetHints":{"allow":["GET"]}}],"collection":[{"href":"https:\/\/spuehler.legal\/it\/wp-json\/wp\/v2\/pages"}],"about":[{"href":"https:\/\/spuehler.legal\/it\/wp-json\/wp\/v2\/types\/page"}],"author":[{"embeddable":true,"href":"https:\/\/spuehler.legal\/it\/wp-json\/wp\/v2\/users\/1"}],"replies":[{"embeddable":true,"href":"https:\/\/spuehler.legal\/it\/wp-json\/wp\/v2\/comments?post=3619"}],"version-history":[{"count":18,"href":"https:\/\/spuehler.legal\/it\/wp-json\/wp\/v2\/pages\/3619\/revisions"}],"predecessor-version":[{"id":7504,"href":"https:\/\/spuehler.legal\/it\/wp-json\/wp\/v2\/pages\/3619\/revisions\/7504"}],"wp:attachment":[{"href":"https:\/\/spuehler.legal\/it\/wp-json\/wp\/v2\/media?parent=3619"}],"curies":[{"name":"wp","href":"https:\/\/api.w.org\/{rel}","templated":true}]}}