{"id":3534,"date":"2022-06-20T17:43:57","date_gmt":"2022-06-20T15:43:57","guid":{"rendered":"https:\/\/spuehler.legal\/inizio\/"},"modified":"2025-06-15T11:16:43","modified_gmt":"2025-06-15T09:16:43","slug":"inizio","status":"publish","type":"page","link":"https:\/\/spuehler.legal\/it\/","title":{"rendered":"Inizio"},"content":{"rendered":"<p class=\"ai-optimize-13 ai-optimize-introduction\"><section class=\"l-section wpb_row height_medium full_height valign_center color_primary with_img parallax_ver\"><div class=\"l-section-img\" role=\"img\" aria-label=\"Immagine\" data-img-width=\"1920\" data-img-height=\"1280\" style=\"background-image: url(https:\/\/spuehler.legal\/wp-content\/uploads\/2017\/12\/rwi-bibliothek-zuerich6.jpg);\"><\/div><div class=\"l-section-overlay\" style=\"background:rgba(0,0,0,0.7)\"><\/div><div class=\"l-section-h i-cf\"><div class=\"g-cols vc_row via_flex valign_top type_default stacking_default\"><div class=\"vc_col-sm-12 wpb_column vc_column_container\"><div class=\"vc_column-inner\"><div class=\"wpb_wrapper\"><div class=\"wpb_text_column\"><div class=\"wpb_wrapper\"><h1 class=\"ai-optimize-7\" style=\"text-align: center;\">I suoi avvocati a Zurigo per<strong> tutte le situazioni della vita<\/strong><\/h1>\n<p class=\"ai-optimize-14\">\n<\/div><\/div><div class=\"w-separator size_medium\"><\/div><div class=\"wpb_text_column\"><div class=\"wpb_wrapper\"><p class=\"ai-optimize-9\" style=\"text-align: center;\">Lo studio legale &#8220;Sp\u00fchler Rechtsanw\u00e4lte AG&#8221; offre consulenza e rappresentanza legale in tutte le situazioni. Gli uffici si trovano nella citt\u00e0 di Zurigo, nelle immediate vicinanze della stazione ferroviaria di Zurigo Enge.  Si metta subito in contatto con il suo avvocato.<\/p>\n<p class=\"ai-optimize-15\">\n<\/div><\/div><div class=\"w-separator size_medium\"><\/div><div class=\"w-iconbox iconpos_top style_circle color_primary align_center no_text no_title\"><a href=\"#first\" class=\"w-iconbox-link\" aria-label=\"fas|chevron-down\"><div class=\"w-iconbox-icon\" style=\"font-size:24px;\"><i class=\"fas fa-chevron-down\"><\/i><\/div><\/a><div class=\"w-iconbox-meta\"><\/div><\/div><\/div><\/div><\/div><\/div><\/div><\/section><section class=\"l-section wpb_row height_medium full_height valign_center\" id=\"first\"><div class=\"l-section-h i-cf\"><div class=\"g-cols vc_row via_flex valign_top type_default stacking_default\"><div class=\"vc_col-sm-12 wpb_column vc_column_container\"><div class=\"vc_column-inner\"><div class=\"wpb_wrapper\"><div class=\"wpb_text_column\"><div class=\"wpb_wrapper\"><h2 class=\"ai-optimize-11\" style=\"text-align: center;\">Il suo <strong>studio legale a Zurigo<\/strong><\/h2>\n<p class=\"ai-optimize-12\">\n<\/div><\/div><div class=\"w-separator us_custom_8e5c9f9d size_medium with_line width_30 thick_1 style_solid color_border align_center with_content\"><div class=\"w-separator-h\"><i class=\"fas fa-book\"><\/i><\/div><\/div><div class=\"g-cols wpb_row via_flex valign_top type_default stacking_default\" id=\"first\"><div class=\"vc_col-sm-6 wpb_column vc_column_container\"><div class=\"vc_column-inner us_custom_33c3a0a5\"><div class=\"wpb_wrapper\"><div class=\"wpb_text_column\"><div class=\"wpb_wrapper\"><p>Lo studio legale Sp\u00fchler Rechtsanw\u00e4lte AG agisce in qualit\u00e0 di <strong>consulente e di contenzioso<\/strong>. Rappresenta privati e piccole e medie imprese (PMI) in <strong>questioni nazionali e internazionali<\/strong>. L&#8217;ampio focus dello studio le consente di fornire una consulenza completa in <strong>tedesco, inglese, spagnolo, francese, italiano e portoghese<\/strong>.<\/p>\n<\/div><\/div><\/div><\/div><\/div><div class=\"vc_col-sm-6 wpb_column vc_column_container\"><div class=\"vc_column-inner us_custom_33c3a0a5\"><div class=\"wpb_wrapper\"><div class=\"wpb_text_column\"><div class=\"wpb_wrapper\"><p>Gli interessi dei nostri clienti sono la nostra massima priorit\u00e0 e vengono rappresentati dai nostri avvocati in modo competente, attento ai costi e impegnato. Lo studio legale \u00e8 <strong>indipendente<\/strong> dalle istituzioni private o statali. Le informazioni che ci vengono affidate sono trattate <strong>in modo confidenziale<\/strong> e sono soggette alla rigorosa protezione del privilegio avvocato-cliente ai sensi del diritto penale e professionale.  <\/p>\n<p class=\"ai-optimize-16\">\n<\/div><\/div><\/div><\/div><\/div><\/div><div class=\"w-separator size_medium\"><\/div><div class=\"w-iconbox iconpos_top style_circle color_primary align_center no_text no_title\"><a href=\"#second\" class=\"w-iconbox-link\" aria-label=\"fas|chevron-down\"><div class=\"w-iconbox-icon\" style=\"font-size:24px;\"><i class=\"fas fa-chevron-down\"><\/i><\/div><\/a><div class=\"w-iconbox-meta\"><\/div><\/div><\/div><\/div><\/div><\/div><\/div><\/section><section class=\"l-section wpb_row height_medium full_height valign_center color_primary with_img parallax_ver\" id=\"second\"><div class=\"l-section-img\" role=\"img\" aria-label=\"Biblioteca RWI di Zurigo\" data-img-width=\"1920\" data-img-height=\"1280\" style=\"background-image: url(https:\/\/spuehler.legal\/wp-content\/uploads\/2017\/12\/juristische-bibliothek-zuerich.jpg);\"><\/div><div class=\"l-section-overlay\" style=\"background:rgba(0,0,0,0.75)\"><\/div><div class=\"l-section-h i-cf\"><div class=\"g-cols vc_row via_flex valign_top type_default stacking_default\"><div class=\"vc_col-sm-12 wpb_column vc_column_container\"><div class=\"vc_column-inner\"><div class=\"wpb_wrapper\"><div class=\"wpb_text_column\"><div class=\"wpb_wrapper\"><h2 class=\"ai-optimize-13\" style=\"text-align: center;\">Una panoramica del <strong>sito web<br \/>\n<\/strong><\/h2>\n<p class=\"ai-optimize-14\">\n<\/div><\/div><div class=\"w-separator size_large\"><\/div><div class=\"g-cols wpb_row via_flex valign_top type_default stacking_default\"><div class=\"vc_col-sm-4 wpb_column vc_column_container\"><div class=\"vc_column-inner us_custom_539f15ee\"><div class=\"wpb_wrapper\"><div class=\"w-iconbox iconpos_top style_circle color_primary align_center\"><a href=\"https:\/\/spuehler.legal\/it\/servizi\/\" class=\"w-iconbox-link\" aria-label=\"Servizi\"><div class=\"w-iconbox-icon\" style=\"font-size:2rem;\"><i class=\"fas fa-list\"><\/i><\/div><\/a><div class=\"w-iconbox-meta\"><h3 class=\"w-iconbox-title\"><a href=\"https:\/\/spuehler.legal\/it\/servizi\/\" class=\"w-iconbox-link\" aria-label=\"Servizi\">Servizi<\/a><\/h3><div class=\"w-iconbox-text\"><p>Informazioni sui servizi e sulle aree legali preferite.<\/p>\n<\/div><\/div><\/div><\/div><\/div><\/div><div class=\"vc_col-sm-4 wpb_column vc_column_container\"><div class=\"vc_column-inner us_custom_539f15ee\"><div class=\"wpb_wrapper\"><div class=\"w-iconbox iconpos_top style_circle color_primary align_center\"><a title=\"Onorario\" href=\"https:\/\/spuehler.legal\/it\/tassa\/\" class=\"w-iconbox-link\" aria-label=\"Onorario\"><div class=\"w-iconbox-icon\" style=\"font-size:2rem;\"><i class=\"fas fa-dollar-sign\"><\/i><\/div><\/a><div class=\"w-iconbox-meta\"><h3 class=\"w-iconbox-title\"><a title=\"Onorario\" href=\"https:\/\/spuehler.legal\/it\/tassa\/\" class=\"w-iconbox-link\" aria-label=\"Onorario\">Onorario<\/a><\/h3><div class=\"w-iconbox-text\"><p>Ottenete una panoramica dei costi di una consulenza legale e del finanziamento di un procedimento.<\/p>\n<\/div><\/div><\/div><\/div><\/div><\/div><div class=\"vc_col-sm-4 wpb_column vc_column_container\"><div class=\"vc_column-inner us_custom_539f15ee\"><div class=\"wpb_wrapper\"><div class=\"w-iconbox iconpos_top style_circle color_primary align_center\"><a title=\"Team a Zurigo\" href=\"https:\/\/spuehler.legal\/it\/squadra\/\" class=\"w-iconbox-link\" aria-label=\"Squadra\"><div class=\"w-iconbox-icon\" style=\"font-size:2rem;\"><i class=\"fas fa-user-friends\"><\/i><\/div><\/a><div class=\"w-iconbox-meta\"><h3 class=\"w-iconbox-title\"><a title=\"Team a Zurigo\" href=\"https:\/\/spuehler.legal\/it\/squadra\/\" class=\"w-iconbox-link\" aria-label=\"Squadra\">Squadra<\/a><\/h3><div class=\"w-iconbox-text\"><p>Scopra di pi\u00f9 sul team di Sp\u00fchler Rechtsanw\u00e4lte.<\/p>\n<p class=\"ai-optimize-17\">\n<\/div><\/div><\/div><\/div><\/div><\/div><\/div><div class=\"w-separator size_large\"><\/div><div class=\"g-cols wpb_row via_flex valign_top type_default stacking_default\"><div class=\"vc_col-sm-4 wpb_column vc_column_container\"><div class=\"vc_column-inner us_custom_539f15ee\"><div class=\"wpb_wrapper\"><div class=\"w-iconbox iconpos_top style_circle color_primary align_center\"><a title=\"Domande frequenti\" href=\"https:\/\/spuehler.legal\/it\/faq\/\" class=\"w-iconbox-link\" aria-label=\"FAQ\"><div class=\"w-iconbox-icon\" style=\"font-size:2rem;\"><i class=\"fas fa-question\"><\/i><\/div><\/a><div class=\"w-iconbox-meta\"><h3 class=\"w-iconbox-title\"><a title=\"Domande frequenti\" href=\"https:\/\/spuehler.legal\/it\/faq\/\" class=\"w-iconbox-link\" aria-label=\"FAQ\">FAQ<\/a><\/h3><div class=\"w-iconbox-text\"><p>Risposte alle domande pi\u00f9 frequenti: per saperne di pi\u00f9 sulla collaborazione con Sp\u00fchler Rechtsanw\u00e4lte.<\/p>\n<\/div><\/div><\/div><\/div><\/div><\/div><div class=\"vc_col-sm-4 wpb_column vc_column_container\"><div class=\"vc_column-inner us_custom_539f15ee\"><div class=\"wpb_wrapper\"><div class=\"w-iconbox iconpos_top style_circle color_primary align_center\"><a href=\"https:\/\/spuehler.legal\/it\/contatto\/\" class=\"w-iconbox-link\" aria-label=\"Contatto\"><div class=\"w-iconbox-icon\" style=\"font-size:2rem;\"><i class=\"fas fa-address-book\"><\/i><\/div><\/a><div class=\"w-iconbox-meta\"><h3 class=\"w-iconbox-title\"><a href=\"https:\/\/spuehler.legal\/it\/contatto\/\" class=\"w-iconbox-link\" aria-label=\"Contatto\">Contatto<\/a><\/h3><div class=\"w-iconbox-text\"><p>Qui troverete i contatti e le indicazioni per raggiungere lo studio legale Sp\u00fchler Rechtsanw\u00e4lte.<\/p>\n<\/div><\/div><\/div><\/div><\/div><\/div><div class=\"vc_col-sm-4 wpb_column vc_column_container\"><div class=\"vc_column-inner us_custom_539f15ee\"><div class=\"wpb_wrapper\"><div class=\"w-iconbox iconpos_top style_circle color_primary align_center\"><a href=\"https:\/\/spuehler.legal\/it\/appuntamento\/\" class=\"w-iconbox-link\" aria-label=\"Appuntamento\"><div class=\"w-iconbox-icon\" style=\"font-size:2rem;\"><i class=\"fas fa-calendar-check\"><\/i><\/div><\/a><div class=\"w-iconbox-meta\"><h3 class=\"w-iconbox-title\"><a href=\"https:\/\/spuehler.legal\/it\/appuntamento\/\" class=\"w-iconbox-link\" aria-label=\"Appuntamento\">Appuntamento<\/a><\/h3><div class=\"w-iconbox-text\"><p>Organizzi subito un incontro con un avvocato online.<\/p>\n<\/div><\/div><\/div><\/div><\/div><\/div><\/div><div class=\"w-separator size_small\"><\/div><div class=\"w-iconbox iconpos_top style_circle color_primary align_center no_text no_title\"><a href=\"#third\" class=\"w-iconbox-link\" aria-label=\"fas|chevron-down\"><div class=\"w-iconbox-icon\" style=\"font-size:24px;\"><i class=\"fas fa-chevron-down\"><\/i><\/div><\/a><div class=\"w-iconbox-meta\"><\/div><\/div><\/div><\/div><\/div><\/div><\/div><\/section><section class=\"l-section wpb_row height_medium\" id=\"third\"><div class=\"l-section-h i-cf\"><div class=\"g-cols vc_row via_flex valign_top type_default stacking_default\"><div class=\"vc_col-sm-12 wpb_column vc_column_container\"><div class=\"vc_column-inner\"><div class=\"wpb_wrapper\"><div class=\"wpb_text_column\"><div class=\"wpb_wrapper\"><div data-src=\"https:\/\/cdn.trustindex.io\/loader.js?ae7a1c376e4f3938485483022f\"><\/div>\n<\/div><\/div><div class=\"w-iconbox iconpos_top style_circle color_primary align_center no_text no_title\"><a href=\"#fourth\" class=\"w-iconbox-link\" aria-label=\"fas|chevron-down\"><div class=\"w-iconbox-icon\" style=\"font-size:24px;\"><i class=\"fas fa-chevron-down\"><\/i><\/div><\/a><div class=\"w-iconbox-meta\"><\/div><\/div><\/div><\/div><\/div><\/div><\/div><\/section><section class=\"l-section wpb_row height_medium full_height valign_center color_primary\" id=\"fourth\"><div class=\"l-section-h i-cf\"><div class=\"g-cols vc_row via_flex valign_top type_default stacking_default\"><div class=\"vc_col-sm-12 wpb_column vc_column_container align_center\"><div class=\"vc_column-inner\"><div class=\"wpb_wrapper\"><div class=\"w-iconbox iconpos_top style_default color_custom align_center no_text no_title\"><a href=\"https:\/\/spuehler.legal\/it\/contatto\/\" class=\"w-iconbox-link\" aria-label=\"fas|calendar-alt\"><div class=\"w-iconbox-icon\" style=\"font-size:100px;--icon-color:rgba(255,255,255,0.92);\"><i class=\"fas fa-calendar-alt\"><\/i><\/div><\/a><div class=\"w-iconbox-meta\"><\/div><\/div><div class=\"w-separator size_large\"><\/div><div class=\"wpb_text_column\"><div class=\"wpb_wrapper\"><h2 class=\"ai-optimize-15\" style=\"text-align: center;\">Prenda un appuntamento con <strong>il suo avvocato<\/strong> <strong>a Zurigo<\/strong><\/h2>\n<p class=\"ai-optimize-16\">\n<\/div><\/div><div class=\"w-separator size_large\"><\/div><div class=\"w-btn-wrapper align_none\"><a class=\"w-btn us-btn-style_6 us_custom_80a192e9 font_bold icon_atleft\" title=\"Prenota un appuntamento\" href=\"https:\/\/spuehler.legal\/it\/appuntamento\/\"><i class=\"fas fa-calendar-check\"><\/i><span class=\"w-btn-label\">Prenota un appuntamento<\/span><\/a><\/div><div class=\"w-btn-wrapper align_none\"><a class=\"w-btn us-btn-style_7 us_custom_80a192e9 icon_atleft\" href=\"https:\/\/spuehler.legal\/it\/contatto\/\"><i class=\"fas fa-address-book\"><\/i><span class=\"w-btn-label\">Contatto<\/span><\/a><\/div><\/div><\/div><\/div><\/div><\/div><\/section>\n","protected":false},"excerpt":{"rendered":"I suoi avvocati a Zurigo per tutte le situazioni della vita Lo studio legale &#8220;Sp\u00fchler Rechtsanw\u00e4lte AG&#8221; offre consulenza e rappresentanza legale in tutte le situazioni. Gli uffici si trovano nella citt\u00e0 di Zurigo, nelle immediate vicinanze della stazione ferroviaria di Zurigo Enge. Si metta subito in contatto con il suo avvocato. Il suo studio...","protected":false},"author":1,"featured_media":0,"parent":0,"menu_order":0,"comment_status":"closed","ping_status":"closed","template":"","meta":{"footnotes":""},"class_list":["post-3534","page","type-page","status-publish","hentry"],"yoast_head":"<!-- This site is optimized with the Yoast SEO Premium plugin v27.3 (Yoast SEO v27.4) - https:\/\/yoast.com\/product\/yoast-seo-premium-wordpress\/ -->\n<title>Il suo avvocato a Zurigo per tutte le situazioni della vita<\/title>\n<meta name=\"description\" content=\"Avvocato a Zurigo: \u2713 Difesa penale \u2713 Rappresentanza delle vittime \u2713 Diritto di famiglia \u2713 Diritto della migrazione \u2713 Diritto contrattuale \u2713 Diritto societario\" \/>\n<meta name=\"robots\" content=\"index, follow, max-snippet:-1, max-image-preview:large, max-video-preview:-1\" \/>\n<link rel=\"canonical\" href=\"https:\/\/spuehler.legal\/it\/\" \/>\n<meta property=\"og:locale\" content=\"it_IT\" \/>\n<meta property=\"og:type\" content=\"article\" \/>\n<meta property=\"og:title\" content=\"Sp\u00fchler Rechtsanw\u00e4lte\" \/>\n<meta property=\"og:description\" content=\"Avvocato a Zurigo: \u2713 Difesa penale \u2713 Rappresentanza delle vittime \u2713 Diritto di famiglia \u2713 Diritto della migrazione \u2713 Diritto contrattuale \u2713 Diritto societario\" \/>\n<meta property=\"og:url\" content=\"https:\/\/spuehler.legal\/it\/\" \/>\n<meta property=\"og:site_name\" content=\"Sp\u00fchler Rechtsanw\u00e4lte AG\" \/>\n<meta property=\"article:publisher\" content=\"https:\/\/www.facebook.com\/spuehler.legal\" \/>\n<meta property=\"article:modified_time\" content=\"2025-06-15T09:16:43+00:00\" \/>\n<meta name=\"twitter:card\" content=\"summary_large_image\" \/>\n<meta name=\"twitter:title\" content=\"Sp\u00fchler Rechtsanw\u00e4lte\" \/>\n<meta name=\"twitter:description\" content=\"Sp\u00fchler Rechtsanw\u00e4lte\" \/>\n<meta name=\"twitter:label1\" content=\"Tempo di lettura stimato\" \/>\n\t<meta name=\"twitter:data1\" content=\"5 minuti\" \/>\n<script type=\"application\/ld+json\" class=\"yoast-schema-graph\">{\"@context\":\"https:\\\/\\\/schema.org\",\"@graph\":[{\"@type\":\"WebPage\",\"@id\":\"https:\\\/\\\/spuehler.legal\\\/it\\\/\",\"url\":\"https:\\\/\\\/spuehler.legal\\\/it\\\/\",\"name\":\"Il suo avvocato a Zurigo per tutte le situazioni della vita\",\"isPartOf\":{\"@id\":\"https:\\\/\\\/spuehler.legal\\\/it\\\/#website\"},\"datePublished\":\"2022-06-20T15:43:57+00:00\",\"dateModified\":\"2025-06-15T09:16:43+00:00\",\"description\":\"Avvocato a Zurigo: \u2713 Difesa penale \u2713 Rappresentanza delle vittime \u2713 Diritto di famiglia \u2713 Diritto della migrazione \u2713 Diritto contrattuale \u2713 Diritto societario\",\"breadcrumb\":{\"@id\":\"https:\\\/\\\/spuehler.legal\\\/it\\\/#breadcrumb\"},\"inLanguage\":\"it-IT\",\"potentialAction\":[{\"@type\":\"ReadAction\",\"target\":[\"https:\\\/\\\/spuehler.legal\\\/it\\\/\"]}]},{\"@type\":\"BreadcrumbList\",\"@id\":\"https:\\\/\\\/spuehler.legal\\\/it\\\/#breadcrumb\",\"itemListElement\":[{\"@type\":\"ListItem\",\"position\":1,\"name\":\"Startseite\",\"item\":\"https:\\\/\\\/spuehler.legal\\\/it\\\/inizio\\\/\"},{\"@type\":\"ListItem\",\"position\":2,\"name\":\"Inizio\"}]},{\"@type\":\"WebSite\",\"@id\":\"https:\\\/\\\/spuehler.legal\\\/it\\\/#website\",\"url\":\"https:\\\/\\\/spuehler.legal\\\/it\\\/\",\"name\":\"Sp\u00fchler Rechtsanw\u00e4lte AG\",\"description\":\"Rechtsberatung und Rechtsvertretung in allen Lebenslagen\",\"publisher\":{\"@id\":\"https:\\\/\\\/spuehler.legal\\\/it\\\/#organization\"},\"potentialAction\":[{\"@type\":\"SearchAction\",\"target\":{\"@type\":\"EntryPoint\",\"urlTemplate\":\"https:\\\/\\\/spuehler.legal\\\/it\\\/?s={search_term_string}\"},\"query-input\":{\"@type\":\"PropertyValueSpecification\",\"valueRequired\":true,\"valueName\":\"search_term_string\"}}],\"inLanguage\":\"it-IT\"},{\"@type\":\"Organization\",\"@id\":\"https:\\\/\\\/spuehler.legal\\\/it\\\/#organization\",\"name\":\"Sp\u00fchler Rechtsanw\u00e4lte AG\",\"url\":\"https:\\\/\\\/spuehler.legal\\\/it\\\/\",\"logo\":{\"@type\":\"ImageObject\",\"inLanguage\":\"it-IT\",\"@id\":\"https:\\\/\\\/spuehler.legal\\\/it\\\/#\\\/schema\\\/logo\\\/image\\\/\",\"url\":\"https:\\\/\\\/spuehler.legal\\\/wp-content\\\/uploads\\\/2020\\\/08\\\/logo-spuehler-rechtsanwaelte.png\",\"contentUrl\":\"https:\\\/\\\/spuehler.legal\\\/wp-content\\\/uploads\\\/2020\\\/08\\\/logo-spuehler-rechtsanwaelte.png\",\"width\":898,\"height\":259,\"caption\":\"Sp\u00fchler Rechtsanw\u00e4lte AG\"},\"image\":{\"@id\":\"https:\\\/\\\/spuehler.legal\\\/it\\\/#\\\/schema\\\/logo\\\/image\\\/\"},\"sameAs\":[\"https:\\\/\\\/www.facebook.com\\\/spuehler.legal\",\"https:\\\/\\\/www.linkedin.com\\\/in\\\/fspuehler\\\/\"],\"description\":\"Die Anwaltskanzlei Sp\u00fchler Rechtsanw\u00e4lte AG ist beratend und prozessierend t\u00e4tig. Sie vertritt Privatpersonen sowie kleine und mittlere Unternehmen (KMU) in nationalen und internationalen Sachverhalten. Durch die breite Ausrichtung der Kanzlei ist eine ganzheitliche Beratung m\u00f6glich, welche auf Deutsch, Englisch, Spanisch, Franz\u00f6sisch, Italienisch oder Portugiesisch stattfindet. Kontaktieren Sie Ihre Anw\u00e4ltin oder Ihren Anwalt in Z\u00fcrich!\",\"email\":\"info@spuehler.legal\",\"telephone\":\"+41433440505\",\"legalName\":\"Sp\u00fchler Rechtsanw\u00e4lte AG\",\"foundingDate\":\"2018-01-01\",\"vatID\":\"CHE-431.484.624\",\"numberOfEmployees\":{\"@type\":\"QuantitativeValue\",\"minValue\":\"1\",\"maxValue\":\"10\"}}]}<\/script>\n<!-- \/ Yoast SEO Premium plugin. -->","yoast_head_json":{"title":"Il suo avvocato a Zurigo per tutte le situazioni della vita","description":"Avvocato a Zurigo: \u2713 Difesa penale \u2713 Rappresentanza delle vittime \u2713 Diritto di famiglia \u2713 Diritto della migrazione \u2713 Diritto contrattuale \u2713 Diritto societario","robots":{"index":"index","follow":"follow","max-snippet":"max-snippet:-1","max-image-preview":"max-image-preview:large","max-video-preview":"max-video-preview:-1"},"canonical":"https:\/\/spuehler.legal\/it\/","og_locale":"it_IT","og_type":"article","og_title":"Sp\u00fchler Rechtsanw\u00e4lte","og_description":"Avvocato a Zurigo: \u2713 Difesa penale \u2713 Rappresentanza delle vittime \u2713 Diritto di famiglia \u2713 Diritto della migrazione \u2713 Diritto contrattuale \u2713 Diritto societario","og_url":"https:\/\/spuehler.legal\/it\/","og_site_name":"Sp\u00fchler Rechtsanw\u00e4lte AG","article_publisher":"https:\/\/www.facebook.com\/spuehler.legal","article_modified_time":"2025-06-15T09:16:43+00:00","twitter_card":"summary_large_image","twitter_title":"Sp\u00fchler Rechtsanw\u00e4lte","twitter_description":"Sp\u00fchler Rechtsanw\u00e4lte","twitter_misc":{"Tempo di lettura stimato":"5 minuti"},"schema":{"@context":"https:\/\/schema.org","@graph":[{"@type":"WebPage","@id":"https:\/\/spuehler.legal\/it\/","url":"https:\/\/spuehler.legal\/it\/","name":"Il suo avvocato a Zurigo per tutte le situazioni della vita","isPartOf":{"@id":"https:\/\/spuehler.legal\/it\/#website"},"datePublished":"2022-06-20T15:43:57+00:00","dateModified":"2025-06-15T09:16:43+00:00","description":"Avvocato a Zurigo: \u2713 Difesa penale \u2713 Rappresentanza delle vittime \u2713 Diritto di famiglia \u2713 Diritto della migrazione \u2713 Diritto contrattuale \u2713 Diritto societario","breadcrumb":{"@id":"https:\/\/spuehler.legal\/it\/#breadcrumb"},"inLanguage":"it-IT","potentialAction":[{"@type":"ReadAction","target":["https:\/\/spuehler.legal\/it\/"]}]},{"@type":"BreadcrumbList","@id":"https:\/\/spuehler.legal\/it\/#breadcrumb","itemListElement":[{"@type":"ListItem","position":1,"name":"Startseite","item":"https:\/\/spuehler.legal\/it\/inizio\/"},{"@type":"ListItem","position":2,"name":"Inizio"}]},{"@type":"WebSite","@id":"https:\/\/spuehler.legal\/it\/#website","url":"https:\/\/spuehler.legal\/it\/","name":"Sp\u00fchler Rechtsanw\u00e4lte AG","description":"Rechtsberatung und Rechtsvertretung in allen Lebenslagen","publisher":{"@id":"https:\/\/spuehler.legal\/it\/#organization"},"potentialAction":[{"@type":"SearchAction","target":{"@type":"EntryPoint","urlTemplate":"https:\/\/spuehler.legal\/it\/?s={search_term_string}"},"query-input":{"@type":"PropertyValueSpecification","valueRequired":true,"valueName":"search_term_string"}}],"inLanguage":"it-IT"},{"@type":"Organization","@id":"https:\/\/spuehler.legal\/it\/#organization","name":"Sp\u00fchler Rechtsanw\u00e4lte AG","url":"https:\/\/spuehler.legal\/it\/","logo":{"@type":"ImageObject","inLanguage":"it-IT","@id":"https:\/\/spuehler.legal\/it\/#\/schema\/logo\/image\/","url":"https:\/\/spuehler.legal\/wp-content\/uploads\/2020\/08\/logo-spuehler-rechtsanwaelte.png","contentUrl":"https:\/\/spuehler.legal\/wp-content\/uploads\/2020\/08\/logo-spuehler-rechtsanwaelte.png","width":898,"height":259,"caption":"Sp\u00fchler Rechtsanw\u00e4lte AG"},"image":{"@id":"https:\/\/spuehler.legal\/it\/#\/schema\/logo\/image\/"},"sameAs":["https:\/\/www.facebook.com\/spuehler.legal","https:\/\/www.linkedin.com\/in\/fspuehler\/"],"description":"Die Anwaltskanzlei Sp\u00fchler Rechtsanw\u00e4lte AG ist beratend und prozessierend t\u00e4tig. Sie vertritt Privatpersonen sowie kleine und mittlere Unternehmen (KMU) in nationalen und internationalen Sachverhalten. Durch die breite Ausrichtung der Kanzlei ist eine ganzheitliche Beratung m\u00f6glich, welche auf Deutsch, Englisch, Spanisch, Franz\u00f6sisch, Italienisch oder Portugiesisch stattfindet. Kontaktieren Sie Ihre Anw\u00e4ltin oder Ihren Anwalt in Z\u00fcrich!","email":"info@spuehler.legal","telephone":"+41433440505","legalName":"Sp\u00fchler Rechtsanw\u00e4lte AG","foundingDate":"2018-01-01","vatID":"CHE-431.484.624","numberOfEmployees":{"@type":"QuantitativeValue","minValue":"1","maxValue":"10"}}]}},"_links":{"self":[{"href":"https:\/\/spuehler.legal\/it\/wp-json\/wp\/v2\/pages\/3534","targetHints":{"allow":["GET"]}}],"collection":[{"href":"https:\/\/spuehler.legal\/it\/wp-json\/wp\/v2\/pages"}],"about":[{"href":"https:\/\/spuehler.legal\/it\/wp-json\/wp\/v2\/types\/page"}],"author":[{"embeddable":true,"href":"https:\/\/spuehler.legal\/it\/wp-json\/wp\/v2\/users\/1"}],"replies":[{"embeddable":true,"href":"https:\/\/spuehler.legal\/it\/wp-json\/wp\/v2\/comments?post=3534"}],"version-history":[{"count":36,"href":"https:\/\/spuehler.legal\/it\/wp-json\/wp\/v2\/pages\/3534\/revisions"}],"predecessor-version":[{"id":6876,"href":"https:\/\/spuehler.legal\/it\/wp-json\/wp\/v2\/pages\/3534\/revisions\/6876"}],"wp:attachment":[{"href":"https:\/\/spuehler.legal\/it\/wp-json\/wp\/v2\/media?parent=3534"}],"curies":[{"name":"wp","href":"https:\/\/api.w.org\/{rel}","templated":true}]}}