{"id":3443,"date":"2022-06-20T15:06:45","date_gmt":"2022-06-20T13:06:45","guid":{"rendered":"https:\/\/spuehler.legal\/salome-balmelli\/"},"modified":"2025-06-15T11:10:20","modified_gmt":"2025-06-15T09:10:20","slug":"salome-balmelli","status":"publish","type":"page","link":"https:\/\/spuehler.legal\/it\/salome-balmelli\/","title":{"rendered":"Salome Balmelli"},"content":{"rendered":"<section class=\"l-section wpb_row height_large color_primary with_img\"><div class=\"l-section-img\" role=\"img\" aria-label=\"Avvocato Zurigo\" data-img-width=\"1920\" data-img-height=\"1280\" style=\"background-image: url(https:\/\/spuehler.legal\/wp-content\/uploads\/2017\/12\/rwi-bibliothek-zuerich3.jpg);\"><\/div><div class=\"l-section-overlay\" style=\"background:rgba(0,0,0,0.6)\"><\/div><div class=\"l-section-h i-cf\"><div class=\"g-cols vc_row via_flex valign_top type_default stacking_default\"><div class=\"vc_col-sm-12 wpb_column vc_column_container\"><div class=\"vc_column-inner\"><div class=\"wpb_wrapper\"><div class=\"wpb_text_column\"><div class=\"wpb_wrapper\"><h1 class=\"ai-optimize-7\" style=\"text-align: left;\">Il vostra <strong>avvocata a Zurigo<\/strong><\/h1>\n<p class=\"ai-optimize-8\">\n<\/div><\/div><div class=\"wpb_text_column us_custom_dfddb007\"><div class=\"wpb_wrapper\"><h3 class=\"ai-optimize-9\" style=\"text-align: left;\">L&#8217;avvocato Salome Balmelli vi rappresenta con<strong> impegno e competenza<\/strong>.<\/h3>\n<p class=\"ai-optimize-10\">\n<\/div><\/div><\/div><\/div><\/div><\/div><\/div><\/section><section class=\"l-section wpb_row us_custom_a40275d7 height_medium\"><div class=\"l-section-h i-cf\"><div class=\"g-cols vc_row via_flex valign_top type_default stacking_default\"><div class=\"vc_col-sm-4 wpb_column vc_column_container\"><div class=\"vc_column-inner\"><div class=\"wpb_wrapper\"><div class=\"w-person layout_simple\" itemscope itemtype=\"https:\/\/schema.org\/Person\"><div class=\"w-person-image\"><img decoding=\"async\" width=\"600\" height=\"800\" src=\"https:\/\/spuehler.legal\/wp-content\/uploads\/2020\/08\/Salome-Balmelli.jpg\" class=\"attachment-full size-full\" alt=\"Ritratto Salome-Balmelli\" itemprop=\"image\" srcset=\"https:\/\/spuehler.legal\/wp-content\/uploads\/2020\/08\/Salome-Balmelli.jpg 600w, https:\/\/spuehler.legal\/wp-content\/uploads\/2020\/08\/Salome-Balmelli-225x300.jpg 225w\" sizes=\"(max-width: 600px) 100vw, 600px\" \/><\/div><div class=\"w-person-content\"><h4 itemprop=\"name\" class=\"w-person-name\"><span>Salome Balmelli<\/span><\/h4><div class=\"w-person-role\" itemprop=\"jobTitle\">MLaw, Avvocata<\/div><\/div><\/div><\/div><\/div><\/div><div class=\"vc_col-sm-8 wpb_column vc_column_container\"><div class=\"vc_column-inner\"><div class=\"wpb_wrapper\"><div class=\"wpb_text_column\"><div class=\"wpb_wrapper\"><h2 class=\"ai-optimize-11\">Carriera<\/h2>\n<p class=\"ai-optimize-12\">L&#8217;avvocato Salome Balmelli si \u00e8 laureata all&#8217;Universit\u00e0 di Ginevra nell&#8217;autunno 2012 con un Bachelor of Arts in Relazioni internazionali. Ha poi iniziato gli studi giuridici presso l&#8217;Universit\u00e0 di Lucerna, conseguendo un Bachelor of Law (BLaw) nel 2014 e un Master of Law (MLaw) nel 2015. <\/p>\n<p class=\"ai-optimize-13\">Dopo la laurea, ha svolto un tirocinio legale presso uno studio legale della citt\u00e0 di Zurigo. Oltre a prepararsi per l&#8217;esame di abilitazione, ha continuato a lavorare come assistente legale e, dopo aver superato con successo l&#8217;esame di abilitazione nel giugno 2019, come avvocato presso lo stesso studio legale. <\/p>\n<p class=\"ai-optimize-14\">Salome Balmelli \u00e8 entrata a far parte dello studio legale Sp\u00fchler all&#8217;inizio di agosto 2020.<\/p>\n<\/div><\/div><\/div><\/div><\/div><\/div><\/div><\/section><section class=\"l-section wpb_row us_custom_8d5aa4e2 height_small\"><div class=\"l-section-h i-cf\"><div class=\"g-cols vc_row via_flex valign_top type_default stacking_default\"><div class=\"vc_col-sm-4 wpb_column vc_column_container\"><div class=\"vc_column-inner\"><div class=\"wpb_wrapper\"><div class=\"w-iconbox iconpos_top style_outlined color_primary align_center no_text no_title\"><div class=\"w-iconbox-icon\" style=\"font-size:60px;\"><i class=\"fas fa-comments\"><\/i><\/div><div class=\"w-iconbox-meta\"><\/div><\/div><div class=\"w-separator size_custom\" style=\"height:20px\"><\/div><\/div><\/div><\/div><div class=\"vc_col-sm-8 wpb_column vc_column_container\"><div class=\"vc_column-inner\"><div class=\"wpb_wrapper\"><div class=\"g-cols wpb_row via_flex valign_top type_default stacking_default\"><div class=\"vc_col-sm-6 wpb_column vc_column_container\"><div class=\"vc_column-inner us_custom_539f15ee\"><div class=\"wpb_wrapper\"><div class=\"wpb_text_column\"><div class=\"wpb_wrapper\"><h3 class=\"ai-optimize-15\">Competenze linguistiche<\/h3>\n<p class=\"ai-optimize-16\">&#8211; Tedesco (lingua madre)<br \/>\n&#8211; Italiano (seconda lingua madre)<br \/>\n&#8211; Spagnolo<br \/>\n&#8211; Francese<br \/>\n&#8211; Inglese<\/p>\n<\/div><\/div><\/div><\/div><\/div><div class=\"vc_col-sm-6 wpb_column vc_column_container\"><div class=\"vc_column-inner us_custom_539f15ee\"><div class=\"wpb_wrapper\"><div class=\"wpb_text_column\"><div class=\"wpb_wrapper\"><h3 class=\"ai-optimize-17\">Registro degli avvocati<\/h3>\n<p class=\"ai-optimize-18\">Salome Balmelli \u00e8 iscritta all&#8217;<a href=\"http:\/\/www.gerichte-zh.ch\/organisation\/obergericht\/kommissionen\/aufsichtskommission-ueber-rechtsanwaelte\/anwaltsregister.html\" target=\"_blank\" rel=\"noopener noreferrer\">albo degli avvocati del Cantone di Zurigo<\/a> ed \u00e8 autorizzata a rappresentare i clienti davanti a tutti i tribunali svizzeri.<\/p>\n<\/div><\/div><\/div><\/div><\/div><\/div><\/div><\/div><\/div><\/div><\/div><\/section><section class=\"l-section wpb_row height_medium color_primary\"><div class=\"l-section-h i-cf\"><div class=\"g-cols vc_row via_flex valign_top type_default stacking_default\"><div class=\"vc_col-sm-4 wpb_column vc_column_container\"><div class=\"vc_column-inner us_custom_289537ba\"><div class=\"wpb_wrapper\"><div class=\"w-iconbox iconpos_top style_outlined color_custom align_center no_text no_title\"><div class=\"w-iconbox-icon\" style=\"font-size:60px;--icon-color:#ffffff;--icon-bg-color:#ffffff;\"><i class=\"fas fa-graduation-cap\"><\/i><\/div><div class=\"w-iconbox-meta\"><\/div><\/div><div class=\"w-separator size_custom\" style=\"height:20px\"><\/div><\/div><\/div><\/div><div class=\"vc_col-sm-8 wpb_column vc_column_container\"><div class=\"vc_column-inner\"><div class=\"wpb_wrapper\"><div class=\"wpb_text_column\"><div class=\"wpb_wrapper\"><h2 class=\"ai-optimize-19\">Formazione e attivit\u00e0 professionali in <strong>sintesi<\/strong><\/h2>\n<p class=\"ai-optimize-20\"><strong>Da agosto 2020<br \/>\n<\/strong>Avvocato presso lo studio Sp\u00fchler Attorneys at Law<\/p>\n<p class=\"ai-optimize-21\"><strong>2019<br \/>\n<\/strong>Avvocato presso uno studio legale nella citt\u00e0 di Zurigo.<\/p>\n<p class=\"ai-optimize-22\"><strong>Giugno 2019<\/strong><br \/>\nAmmissione all&#8217;albo degli avvocati del Cantone di Zurigo<\/p>\n<p class=\"ai-optimize-23\"><strong>2015-2019<\/strong><br \/>\nAssistente legale in uno studio legale nella citt\u00e0 di Zurigo<\/p>\n<p class=\"ai-optimize-24\"><strong>Settembre 2014 &#8211; Agosto 2015<br \/>\n<\/strong>Facolt\u00e0 di Giurisprudenza, Universit\u00e0 di Lucerna (Master of Law)<\/p>\n<p class=\"ai-optimize-25\"><strong>Settembre 2012 &#8211; Agosto 2014<\/strong><br \/>\nFacolt\u00e0 di Giurisprudenza, Universit\u00e0 di Lucerna<strong> (<\/strong>Laurea in Giurisprudenza)<\/p>\n<p class=\"ai-optimize-26\"><strong>Settembre 2009 &#8211; Settembre 2012<br \/>\n<\/strong>Facult\u00e9 des sciences \u00e9conomiques et sociales de l&#8217;Universit\u00e9 de Gen\u00e8ve (Baccalaur\u00e9at universitaire en relations internationales)<strong><br \/>\n<\/strong><\/p>\n<\/div><\/div><\/div><\/div><\/div><\/div><\/div><\/section><section class=\"l-section wpb_row height_medium\"><div class=\"l-section-h i-cf\"><div class=\"g-cols vc_row via_flex valign_top type_default stacking_default\"><div class=\"vc_col-sm-4 wpb_column vc_column_container\"><div class=\"vc_column-inner\"><div class=\"wpb_wrapper\"><div class=\"w-iconbox iconpos_top style_outlined color_primary align_center no_text no_title\"><div class=\"w-iconbox-icon\" style=\"font-size:60px;\"><i class=\"fas fa-id-card\"><\/i><\/div><div class=\"w-iconbox-meta\"><\/div><\/div><div class=\"w-separator size_custom\" style=\"height:20px\"><\/div><\/div><\/div><\/div><div class=\"vc_col-sm-8 wpb_column vc_column_container\"><div class=\"vc_column-inner\"><div class=\"wpb_wrapper\"><div class=\"g-cols wpb_row via_flex valign_top type_default stacking_default\"><div class=\"vc_col-sm-6 wpb_column vc_column_container\"><div class=\"vc_column-inner us_custom_539f15ee\"><div class=\"wpb_wrapper\"><div class=\"wpb_text_column\"><div class=\"wpb_wrapper\"><h3 class=\"ai-optimize-27\">Associazioni<\/h3>\n<p class=\"ai-optimize-28\">&#8211; <a href=\"http:\/\/www.sav-fsa.ch\/\" target=\"_blank\" rel=\"noopener noreferrer\">Ordine degli avvocati svizzeri<br \/>\n<\/a>&#8211; <a href=\"https:\/\/www.zav.ch\/\" target=\"_blank\" rel=\"noopener noreferrer\">Ordine degli avvocati di Zurigo<br \/>\n<\/a>&#8211; <a href=\"https:\/\/www.djs-jds.ch\/\">Avvocati Democratici<\/a><br \/>\n&#8211; <a href=\"http:\/\/www.pikett-strafverteidigung.ch\/\" target=\"_blank\" rel=\"noopener noreferrer\">Difesa penale su chiamata<\/a><\/p>\n<\/div><\/div><\/div><\/div><\/div><div class=\"vc_col-sm-6 wpb_column vc_column_container\"><div class=\"vc_column-inner us_custom_539f15ee\"><div class=\"wpb_wrapper\"><div class=\"wpb_text_column\"><div class=\"wpb_wrapper\"><h3 class=\"ai-optimize-29\">Contatto<\/h3>\n<p class=\"ai-optimize-30\">\n<\/div><\/div><div class=\"w-socials us_custom_a5c88937 color_text shape_rounded style_outlined hover_fade\" style=\"--gap:5px;\"><div class=\"w-socials-list\"><div class=\"w-socials-item facebook\"><a target=\"_blank\" rel=\"nofollow\" href=\"https:\/\/www.facebook.com\/spuehler.legal\" class=\"w-socials-item-link\" aria-label=\"Facebook\"><span class=\"w-socials-item-link-hover\"><\/span><i class=\"fab fa-facebook\"><\/i><\/a><div class=\"w-socials-item-popup\"><span>Facebook<\/span><\/div><\/div><\/div><\/div><div class=\"w-separator size_custom\" style=\"height:25px\"><\/div><div class=\"w-iconbox iconpos_left style_default color_contrast align_left no_text\"><a href=\"tel:+41433440505\" class=\"w-iconbox-link\" aria-label=\"+41 43 344 05 05\"><div class=\"w-iconbox-icon\" style=\"font-size:1.3em;\"><i class=\"fas fa-phone\"><\/i><\/div><\/a><div class=\"w-iconbox-meta\"><div class=\"w-iconbox-title\"><a href=\"tel:+41433440505\" class=\"w-iconbox-link\" aria-label=\"+41 43 344 05 05\">+41 43 344 05 05<\/a><\/div><\/div><\/div><div class=\"w-separator size_custom\" style=\"height:16px\"><\/div><div class=\"w-iconbox iconpos_left style_default color_contrast align_left no_text\"><a title=\"Invia un&#039;e-mail a Salome Balmelli, Avvocato\" href=\"mailto:sb@spuehler.legal\" class=\"w-iconbox-link\" aria-label=\"SB@spuehler.legal\"><div class=\"w-iconbox-icon\" style=\"font-size:1.3em;\"><i class=\"fas fa-envelope\"><\/i><\/div><\/a><div class=\"w-iconbox-meta\"><div class=\"w-iconbox-title\"><a title=\"Invia un&#039;e-mail a Salome Balmelli, Avvocato\" href=\"mailto:sb@spuehler.legal\" class=\"w-iconbox-link\" aria-label=\"SB@spuehler.legal\">SB@spuehler.legal<\/a><\/div><\/div><\/div><div class=\"w-separator size_custom\" style=\"height:16px\"><\/div><div class=\"w-btn-wrapper align_none\"><a class=\"w-btn us-btn-style_1 icon_atleft\" title=\"Prenota un appuntamento\" href=\"https:\/\/spuehler.legal\/it\/appuntamento\/\"><i class=\"fas fa-calendar-check\"><\/i><span class=\"w-btn-label\">Prenota un appuntamento<\/span><\/a><\/div><\/div><\/div><\/div><\/div><\/div><\/div><\/div><\/div><\/div><\/section>\n","protected":false},"excerpt":{"rendered":"Il vostra avvocata a Zurigo L&#8217;avvocato Salome Balmelli vi rappresenta con impegno e competenza. Salome BalmelliMLaw, Avvocata Carriera L&#8217;avvocato Salome Balmelli si \u00e8 laureata all&#8217;Universit\u00e0 di Ginevra nell&#8217;autunno 2012 con un Bachelor of Arts in Relazioni internazionali. Ha poi iniziato gli studi giuridici presso l&#8217;Universit\u00e0 di Lucerna, conseguendo un Bachelor of Law (BLaw) nel 2014...","protected":false},"author":1,"featured_media":0,"parent":0,"menu_order":0,"comment_status":"closed","ping_status":"closed","template":"","meta":{"footnotes":""},"class_list":["post-3443","page","type-page","status-publish","hentry"],"yoast_head":"<!-- This site is optimized with the Yoast SEO Premium plugin v27.6 (Yoast SEO v27.6) - https:\/\/yoast.com\/product\/yoast-seo-premium-wordpress\/ -->\n<title>Avvocato Salome Balmelli (Zurigo) - Sp\u00fchler Rechtsanw\u00e4lte AG<\/title>\n<meta name=\"description\" content=\"Scopra di pi\u00f9 sull&#039;avvocato Salome Balmelli (Zurigo), che ha una vasta esperienza legale + competenze linguistiche\" \/>\n<meta name=\"robots\" content=\"index, follow, max-snippet:-1, max-image-preview:large, max-video-preview:-1\" \/>\n<link rel=\"canonical\" href=\"https:\/\/spuehler.legal\/it\/salome-balmelli\/\" \/>\n<meta property=\"og:locale\" content=\"it_IT\" \/>\n<meta property=\"og:type\" content=\"article\" \/>\n<meta property=\"og:title\" content=\"Salome Balmelli\" \/>\n<meta property=\"og:description\" content=\"Scopra di pi\u00f9 sull&#039;avvocato Salome Balmelli (Zurigo), che ha una vasta esperienza legale + competenze linguistiche\" \/>\n<meta property=\"og:url\" content=\"https:\/\/spuehler.legal\/it\/salome-balmelli\/\" \/>\n<meta property=\"og:site_name\" content=\"Sp\u00fchler Rechtsanw\u00e4lte AG\" \/>\n<meta property=\"article:publisher\" content=\"https:\/\/www.facebook.com\/spuehler.legal\" \/>\n<meta property=\"article:modified_time\" content=\"2025-06-15T09:10:20+00:00\" \/>\n<meta name=\"twitter:card\" content=\"summary_large_image\" \/>\n<meta name=\"twitter:label1\" content=\"Tempo di lettura stimato\" \/>\n\t<meta name=\"twitter:data1\" content=\"4 minuti\" \/>\n<script type=\"application\/ld+json\" class=\"yoast-schema-graph\">{\"@context\":\"https:\\\/\\\/schema.org\",\"@graph\":[{\"@type\":\"WebPage\",\"@id\":\"https:\\\/\\\/spuehler.legal\\\/it\\\/salome-balmelli\\\/\",\"url\":\"https:\\\/\\\/spuehler.legal\\\/it\\\/salome-balmelli\\\/\",\"name\":\"Avvocato Salome Balmelli (Zurigo) - Sp\u00fchler Rechtsanw\u00e4lte AG\",\"isPartOf\":{\"@id\":\"https:\\\/\\\/spuehler.legal\\\/it\\\/#website\"},\"datePublished\":\"2022-06-20T13:06:45+00:00\",\"dateModified\":\"2025-06-15T09:10:20+00:00\",\"description\":\"Scopra di pi\u00f9 sull'avvocato Salome Balmelli (Zurigo), che ha una vasta esperienza legale + competenze linguistiche\",\"breadcrumb\":{\"@id\":\"https:\\\/\\\/spuehler.legal\\\/it\\\/salome-balmelli\\\/#breadcrumb\"},\"inLanguage\":\"it-IT\",\"potentialAction\":[{\"@type\":\"ReadAction\",\"target\":[\"https:\\\/\\\/spuehler.legal\\\/it\\\/salome-balmelli\\\/\"]}]},{\"@type\":\"BreadcrumbList\",\"@id\":\"https:\\\/\\\/spuehler.legal\\\/it\\\/salome-balmelli\\\/#breadcrumb\",\"itemListElement\":[{\"@type\":\"ListItem\",\"position\":1,\"name\":\"Startseite\",\"item\":\"https:\\\/\\\/spuehler.legal\\\/it\\\/inizio\\\/\"},{\"@type\":\"ListItem\",\"position\":2,\"name\":\"Salome Balmelli\"}]},{\"@type\":\"WebSite\",\"@id\":\"https:\\\/\\\/spuehler.legal\\\/it\\\/#website\",\"url\":\"https:\\\/\\\/spuehler.legal\\\/it\\\/\",\"name\":\"Sp\u00fchler Rechtsanw\u00e4lte AG\",\"description\":\"Rechtsberatung und Rechtsvertretung in allen Lebenslagen\",\"publisher\":{\"@id\":\"https:\\\/\\\/spuehler.legal\\\/it\\\/#organization\"},\"potentialAction\":[{\"@type\":\"SearchAction\",\"target\":{\"@type\":\"EntryPoint\",\"urlTemplate\":\"https:\\\/\\\/spuehler.legal\\\/it\\\/?s={search_term_string}\"},\"query-input\":{\"@type\":\"PropertyValueSpecification\",\"valueRequired\":true,\"valueName\":\"search_term_string\"}}],\"inLanguage\":\"it-IT\"},{\"@type\":\"Organization\",\"@id\":\"https:\\\/\\\/spuehler.legal\\\/it\\\/#organization\",\"name\":\"Sp\u00fchler Rechtsanw\u00e4lte AG\",\"url\":\"https:\\\/\\\/spuehler.legal\\\/it\\\/\",\"logo\":{\"@type\":\"ImageObject\",\"inLanguage\":\"it-IT\",\"@id\":\"https:\\\/\\\/spuehler.legal\\\/it\\\/#\\\/schema\\\/logo\\\/image\\\/\",\"url\":\"https:\\\/\\\/spuehler.legal\\\/wp-content\\\/uploads\\\/2020\\\/08\\\/logo-spuehler-rechtsanwaelte.png\",\"contentUrl\":\"https:\\\/\\\/spuehler.legal\\\/wp-content\\\/uploads\\\/2020\\\/08\\\/logo-spuehler-rechtsanwaelte.png\",\"width\":898,\"height\":259,\"caption\":\"Sp\u00fchler Rechtsanw\u00e4lte AG\"},\"image\":{\"@id\":\"https:\\\/\\\/spuehler.legal\\\/it\\\/#\\\/schema\\\/logo\\\/image\\\/\"},\"sameAs\":[\"https:\\\/\\\/www.facebook.com\\\/spuehler.legal\",\"https:\\\/\\\/www.linkedin.com\\\/in\\\/fspuehler\\\/\"],\"description\":\"Die Anwaltskanzlei Sp\u00fchler Rechtsanw\u00e4lte AG ist beratend und prozessierend t\u00e4tig. Sie vertritt Privatpersonen sowie kleine und mittlere Unternehmen (KMU) in nationalen und internationalen Sachverhalten. Durch die breite Ausrichtung der Kanzlei ist eine ganzheitliche Beratung m\u00f6glich, welche auf Deutsch, Englisch, Spanisch, Franz\u00f6sisch, Italienisch oder Portugiesisch stattfindet. Kontaktieren Sie Ihre Anw\u00e4ltin oder Ihren Anwalt in Z\u00fcrich!\",\"email\":\"info@spuehler.legal\",\"telephone\":\"+41433440505\",\"legalName\":\"Sp\u00fchler Rechtsanw\u00e4lte AG\",\"foundingDate\":\"2018-01-01\",\"vatID\":\"CHE-431.484.624\",\"numberOfEmployees\":{\"@type\":\"QuantitativeValue\",\"minValue\":\"1\",\"maxValue\":\"10\"}}]}<\/script>\n<!-- \/ Yoast SEO Premium plugin. -->","yoast_head_json":{"title":"Avvocato Salome Balmelli (Zurigo) - Sp\u00fchler Rechtsanw\u00e4lte AG","description":"Scopra di pi\u00f9 sull'avvocato Salome Balmelli (Zurigo), che ha una vasta esperienza legale + competenze linguistiche","robots":{"index":"index","follow":"follow","max-snippet":"max-snippet:-1","max-image-preview":"max-image-preview:large","max-video-preview":"max-video-preview:-1"},"canonical":"https:\/\/spuehler.legal\/it\/salome-balmelli\/","og_locale":"it_IT","og_type":"article","og_title":"Salome Balmelli","og_description":"Scopra di pi\u00f9 sull'avvocato Salome Balmelli (Zurigo), che ha una vasta esperienza legale + competenze linguistiche","og_url":"https:\/\/spuehler.legal\/it\/salome-balmelli\/","og_site_name":"Sp\u00fchler Rechtsanw\u00e4lte AG","article_publisher":"https:\/\/www.facebook.com\/spuehler.legal","article_modified_time":"2025-06-15T09:10:20+00:00","twitter_card":"summary_large_image","twitter_misc":{"Tempo di lettura stimato":"4 minuti"},"schema":{"@context":"https:\/\/schema.org","@graph":[{"@type":"WebPage","@id":"https:\/\/spuehler.legal\/it\/salome-balmelli\/","url":"https:\/\/spuehler.legal\/it\/salome-balmelli\/","name":"Avvocato Salome Balmelli (Zurigo) - Sp\u00fchler Rechtsanw\u00e4lte AG","isPartOf":{"@id":"https:\/\/spuehler.legal\/it\/#website"},"datePublished":"2022-06-20T13:06:45+00:00","dateModified":"2025-06-15T09:10:20+00:00","description":"Scopra di pi\u00f9 sull'avvocato Salome Balmelli (Zurigo), che ha una vasta esperienza legale + competenze linguistiche","breadcrumb":{"@id":"https:\/\/spuehler.legal\/it\/salome-balmelli\/#breadcrumb"},"inLanguage":"it-IT","potentialAction":[{"@type":"ReadAction","target":["https:\/\/spuehler.legal\/it\/salome-balmelli\/"]}]},{"@type":"BreadcrumbList","@id":"https:\/\/spuehler.legal\/it\/salome-balmelli\/#breadcrumb","itemListElement":[{"@type":"ListItem","position":1,"name":"Startseite","item":"https:\/\/spuehler.legal\/it\/inizio\/"},{"@type":"ListItem","position":2,"name":"Salome Balmelli"}]},{"@type":"WebSite","@id":"https:\/\/spuehler.legal\/it\/#website","url":"https:\/\/spuehler.legal\/it\/","name":"Sp\u00fchler Rechtsanw\u00e4lte AG","description":"Rechtsberatung und Rechtsvertretung in allen Lebenslagen","publisher":{"@id":"https:\/\/spuehler.legal\/it\/#organization"},"potentialAction":[{"@type":"SearchAction","target":{"@type":"EntryPoint","urlTemplate":"https:\/\/spuehler.legal\/it\/?s={search_term_string}"},"query-input":{"@type":"PropertyValueSpecification","valueRequired":true,"valueName":"search_term_string"}}],"inLanguage":"it-IT"},{"@type":"Organization","@id":"https:\/\/spuehler.legal\/it\/#organization","name":"Sp\u00fchler Rechtsanw\u00e4lte AG","url":"https:\/\/spuehler.legal\/it\/","logo":{"@type":"ImageObject","inLanguage":"it-IT","@id":"https:\/\/spuehler.legal\/it\/#\/schema\/logo\/image\/","url":"https:\/\/spuehler.legal\/wp-content\/uploads\/2020\/08\/logo-spuehler-rechtsanwaelte.png","contentUrl":"https:\/\/spuehler.legal\/wp-content\/uploads\/2020\/08\/logo-spuehler-rechtsanwaelte.png","width":898,"height":259,"caption":"Sp\u00fchler Rechtsanw\u00e4lte AG"},"image":{"@id":"https:\/\/spuehler.legal\/it\/#\/schema\/logo\/image\/"},"sameAs":["https:\/\/www.facebook.com\/spuehler.legal","https:\/\/www.linkedin.com\/in\/fspuehler\/"],"description":"Die Anwaltskanzlei Sp\u00fchler Rechtsanw\u00e4lte AG ist beratend und prozessierend t\u00e4tig. Sie vertritt Privatpersonen sowie kleine und mittlere Unternehmen (KMU) in nationalen und internationalen Sachverhalten. Durch die breite Ausrichtung der Kanzlei ist eine ganzheitliche Beratung m\u00f6glich, welche auf Deutsch, Englisch, Spanisch, Franz\u00f6sisch, Italienisch oder Portugiesisch stattfindet. Kontaktieren Sie Ihre Anw\u00e4ltin oder Ihren Anwalt in Z\u00fcrich!","email":"info@spuehler.legal","telephone":"+41433440505","legalName":"Sp\u00fchler Rechtsanw\u00e4lte AG","foundingDate":"2018-01-01","vatID":"CHE-431.484.624","numberOfEmployees":{"@type":"QuantitativeValue","minValue":"1","maxValue":"10"}}]}},"_links":{"self":[{"href":"https:\/\/spuehler.legal\/it\/wp-json\/wp\/v2\/pages\/3443","targetHints":{"allow":["GET"]}}],"collection":[{"href":"https:\/\/spuehler.legal\/it\/wp-json\/wp\/v2\/pages"}],"about":[{"href":"https:\/\/spuehler.legal\/it\/wp-json\/wp\/v2\/types\/page"}],"author":[{"embeddable":true,"href":"https:\/\/spuehler.legal\/it\/wp-json\/wp\/v2\/users\/1"}],"replies":[{"embeddable":true,"href":"https:\/\/spuehler.legal\/it\/wp-json\/wp\/v2\/comments?post=3443"}],"version-history":[{"count":16,"href":"https:\/\/spuehler.legal\/it\/wp-json\/wp\/v2\/pages\/3443\/revisions"}],"predecessor-version":[{"id":6844,"href":"https:\/\/spuehler.legal\/it\/wp-json\/wp\/v2\/pages\/3443\/revisions\/6844"}],"wp:attachment":[{"href":"https:\/\/spuehler.legal\/it\/wp-json\/wp\/v2\/media?parent=3443"}],"curies":[{"name":"wp","href":"https:\/\/api.w.org\/{rel}","templated":true}]}}