{"id":6508,"date":"2025-06-09T10:58:27","date_gmt":"2025-06-09T08:58:27","guid":{"rendered":"https:\/\/spuehler.legal\/droit-de-la-migration\/"},"modified":"2025-07-13T10:01:32","modified_gmt":"2025-07-13T08:01:32","slug":"droit-de-la-migration","status":"publish","type":"page","link":"https:\/\/spuehler.legal\/fr\/droit-de-la-migration\/","title":{"rendered":"Droit de la migration"},"content":{"rendered":"<section class=\"l-section wpb_row height_large color_primary with_img\"><div class=\"l-section-img\" role=\"img\" aria-label=\"Image\" data-img-width=\"2560\" data-img-height=\"1440\" style=\"background-image: url(https:\/\/spuehler.legal\/wp-content\/uploads\/2025\/06\/anwalt-migrationsrecht-zuerich-scaled.jpg);\"><\/div><div class=\"l-section-overlay\" style=\"background:rgba(0,0,0,0.6)\"><\/div><div class=\"l-section-h i-cf\"><div class=\"g-cols vc_row via_flex valign_top type_default stacking_default\"><div class=\"vc_col-sm-12 wpb_column vc_column_container\"><div class=\"vc_column-inner\"><div class=\"wpb_wrapper\"><div class=\"wpb_text_column\"><div class=\"wpb_wrapper\"><h1 class=\"ai-optimize-7\" style=\"text-align: left;\">Avocat en <strong>droit des migrations \u00e0 Zurich<\/strong><\/h1>\n<p class=\"ai-optimize-10\">\n<\/div><\/div><div class=\"wpb_text_column us_custom_dfddb007\"><div class=\"wpb_wrapper\"><h3 class=\"ai-optimize-9\" data-pm-slice=\"1 1 &#091;&#093;\">Nous vous assistons dans tous les aspects du <strong>droit des \u00e9trangers.<\/strong><\/h3>\n<p class=\"ai-optimize-7\">\n<\/div><\/div><\/div><\/div><\/div><\/div><\/div><\/section><section class=\"l-section wpb_row height_medium\"><div class=\"l-section-h i-cf\"><div class=\"g-cols vc_row via_flex valign_top type_default stacking_default\"><div class=\"vc_col-sm-12 wpb_column vc_column_container\"><div class=\"vc_column-inner\"><div class=\"wpb_wrapper\"><div class=\"wpb_text_column\"><div class=\"wpb_wrapper\"><h2 class=\"ai-optimize-11\">Le droit de la migration en Suisse &#8211; <strong>un aper\u00e7u<\/strong><\/h2>\n<p class=\"ai-optimize-87\">\n<\/div><\/div><div class=\"w-separator size_small\"><\/div><div class=\"g-cols wpb_row via_flex valign_top type_default reversed stacking_default\"><div class=\"vc_col-sm-6 wpb_column vc_column_container\"><div class=\"vc_column-inner\"><div class=\"wpb_wrapper\"><div class=\"w-image has_ratio align_none\"><div class=\"w-image-h\"><div style=\"padding-bottom:100%\"><\/div><img decoding=\"async\" width=\"1024\" height=\"1024\" src=\"https:\/\/spuehler.legal\/wp-content\/uploads\/2025\/06\/rechtsanwalt-auslaenderrecht-1024x1024.jpg\" class=\"attachment-large size-large\" alt=\"\" loading=\"lazy\" \/><\/div><\/div><\/div><\/div><\/div><div class=\"vc_col-sm-6 wpb_column vc_column_container\"><div class=\"vc_column-inner\"><div class=\"wpb_wrapper\"><div class=\"wpb_text_column\"><div class=\"wpb_wrapper\"><p class=\"ai-optimize-13\" data-pm-slice=\"1 1 &#091;&#093;\">La l\u00e9gislation suisse en mati\u00e8re de migration r\u00e9git l&rsquo;entr\u00e9e, le s\u00e9jour et l&rsquo;int\u00e9gration des \u00e9trangers. La loi f\u00e9d\u00e9rale centrale est la <strong data-start=\"225\" data-end=\"268\">loi sur les \u00e9trangers et l&rsquo;int\u00e9gration (AIG)<\/strong>, qui d\u00e9finit les diff\u00e9rents types d&rsquo;autorisation (s\u00e9jour de courte dur\u00e9e, s\u00e9jour, \u00e9tablissement, etc.) ainsi que les droits et obligations pendant le s\u00e9jour. <span class=\"\" data-state=\"closed\"><span class=\"ms-1 inline-flex max-w-full items-center relative top-&#091;-0.094rem&#093; animate-&#091;show_150ms_ease-in&#093;\"><span class=\"relative start-0 bottom-0 flex h-full w-full items-center\"><span class=\"flex h-4 w-full items-center justify-between overflow-hidden\"><span class=\"max-w-full grow truncate overflow-hidden text-center\"><\/span><\/span><\/span><\/span><\/span>. Les personnes \u00e9trang\u00e8res ont g\u00e9n\u00e9ralement besoin d&rsquo;un permis de s\u00e9jour, dont le type d\u00e9pend du but et de la dur\u00e9e du s\u00e9jour. Les <strong data-start=\"647\" data-end=\"675\" data-is-only-node=\"\">permis de s\u00e9jour B<\/strong> (s\u00e9jour temporaire, par exemple \u00e0 des fins de travail ou familiales) et les <strong data-start=\"749\" data-end=\"780\">permis d&rsquo;\u00e9tablissement C<\/strong> (s\u00e9jour permanent apr\u00e8s une longue dur\u00e9e de s\u00e9jour) sont tr\u00e8s r\u00e9pandus. Le droit de la migration r\u00e9git \u00e9galement les conditions du <strong data-start=\"901\" data-end=\"920\">regroupement familial<\/strong> (conjoint, partenaire enregistr\u00e9 et enfants), y compris les d\u00e9lais et les exigences d&rsquo;int\u00e9gration, ainsi que les dispositions particuli\u00e8res relatives au <strong data-start=\"1071\" data-end=\"1102\">mariage et au partenariat<\/strong> (par exemple en cas de <strong data-start=\"1113\" data-end=\"1134\">soup\u00e7on de mariage blanc<\/strong> ou apr\u00e8s dissolution de l&rsquo;union conjugale). Dans les cas de rigueur &#8211; par exemple en cas de <strong data-start=\"1226\" data-end=\"1270\">s\u00e9jour ill\u00e9gal<\/strong> de longue dur\u00e9e <strong data-start=\"1226\" data-end=\"1270\">(sans-papiers)<\/strong> ou pour des raisons personnelles graves &#8211; des solutions humanitaires existent sous certaines conditions. Enfin, le droit suisse de la migration contient des directives claires pour les entreprises qui souhaitent employer des travailleurs \u00e9trangers : En particulier, <strong data-start=\"1521\" data-end=\"1572\">les permis de travail pour les ressortissants de pays tiers<\/strong> (personnes originaires de pays hors UE\/AELE) ne sont d\u00e9livr\u00e9s que si des conditions strictes sont remplies, alors que les citoyens de l&rsquo;UE\/AELE sont favoris\u00e9s dans le cadre de la libre circulation des personnes.    <\/p>\n<p class=\"ai-optimize-11\">\n<\/div><\/div><\/div><\/div><\/div><\/div><\/div><\/div><\/div><\/div><\/div><\/section><section class=\"l-section wpb_row height_medium\"><div class=\"l-section-h i-cf\"><div class=\"g-cols vc_row via_flex valign_top type_default stacking_default\"><div class=\"vc_col-sm-12 wpb_column vc_column_container\"><div class=\"vc_column-inner\"><div class=\"wpb_wrapper\"><div class=\"wpb_text_column\"><div class=\"wpb_wrapper\"><h2 class=\"ai-optimize-17\">FAQ &#8211; Questions fr\u00e9quentes <strong>sur le droit des \u00e9trangers<\/strong><\/h2>\n<p class=\"ai-optimize-89\">\n<\/div><\/div><div class=\"w-tabs style_default switch_click accordion type_togglable has_scrolling\" style=\"--sections-title-size:inherit\"><div class=\"w-tabs-sections titles-align_none icon_chevron cpos_right\"><div class=\"w-tabs-section\" id=\"1514906054235-ddcee7ae-22e7\" itemscope itemprop=\"mainEntity\" itemtype=\"https:\/\/schema.org\/Question\"><button class=\"w-tabs-section-header with_icon\" aria-controls=\"content-1514906054235-ddcee7ae-22e7\" aria-expanded=\"false\"><i class=\"fas fa-question-circle\"><\/i><h4 class=\"w-tabs-section-title\" itemprop=\"name\">Quelle est la diff\u00e9rence entre un permis de s\u00e9jour B et un permis d&#039;\u00e9tablissement C ?<\/h4><div class=\"w-tabs-section-control\"><\/div><\/button><div  class=\"w-tabs-section-content\" id=\"content-1514906054235-ddcee7ae-22e7\" itemscope itemprop=\"acceptedAnswer\" itemtype=\"https:\/\/schema.org\/Answer\"><div class=\"w-tabs-section-content-h i-cf\" itemprop=\"text\"><div class=\"g-cols wpb_row via_flex valign_top type_default stacking_default\"><div class=\"vc_col-sm-12 wpb_column vc_column_container\"><div class=\"vc_column-inner\"><div class=\"wpb_wrapper\"><div class=\"wpb_text_column\"><div class=\"wpb_wrapper\"><p class=\"ai-optimize-36\">Le <strong>permis de s\u00e9jour B<\/strong> est un titre de s\u00e9jour temporaire. Il est g\u00e9n\u00e9ralement d\u00e9livr\u00e9 dans un but pr\u00e9cis (par exemple, travailler, rejoindre sa famille ou \u00e9tudier) et souvent pour une dur\u00e9e d&rsquo;un an, renouvelable. Il est soumis \u00e0 des conditions &#8211; comme l&rsquo;exercice d&rsquo;une activit\u00e9 professionnelle ou l&rsquo;absence d&rsquo;infraction \u00e0 l&rsquo;ordre public. Le <strong>permis d&rsquo;\u00e9tablissement<\/strong> <strong data-start=\"2614\" data-end=\"2619\">C<\/strong> est quant \u00e0 lui <em data-start=\"2633\" data-end=\"2646\">illimit\u00e9<\/em>: Il est d\u00e9livr\u00e9 apr\u00e8s un long s\u00e9jour r\u00e9gulier en Suisse et donne le droit de rester durablement en Suisse.   <span class=\"\" data-state=\"closed\"><span class=\"ms-1 inline-flex max-w-full items-center relative top-&#091;-0.094rem&#093; animate-&#091;show_150ms_ease-in&#093;\"><\/span><\/span>. Les titulaires d&rsquo;un permis C ont des droits plus \u00e9tendus &#8211; ils peuvent par exemple changer de canton ou d&#8217;emploi sans avoir \u00e0 demander un nouveau permis, et ils peuvent faire venir leur famille dans le cadre des dispositions l\u00e9gales. Le permis C offre donc plus de s\u00e9curit\u00e9 et n&rsquo;est pas limit\u00e9 dans le temps, tandis que le permis B doit \u00eatre renouvel\u00e9 r\u00e9guli\u00e8rement et les conditions doivent \u00eatre remplies en permanence.<\/p>\n<p class=\"ai-optimize-90\">\n<\/div><\/div><\/div><\/div><\/div><\/div><\/div><\/div><\/div><\/div><\/div><\/div><\/div><\/div><\/div><\/div><\/section><section class=\"l-section wpb_row align_center height_medium color_primary\"><div class=\"l-section-h i-cf\"><div class=\"g-cols vc_row via_flex valign_top type_default stacking_default\"><div class=\"vc_col-sm-12 wpb_column vc_column_container\"><div class=\"vc_column-inner\"><div class=\"wpb_wrapper\"><div class=\"wpb_text_column\"><div class=\"wpb_wrapper\"><h2 class=\"ai-optimize-57\" style=\"text-align: center;\"><strong>Contactez<\/strong> d\u00e8s maintenant <strong>votre avocat(e) \u00e0 Zurich pour le droit des \u00e9trangers<\/strong><\/h2>\n<p class=\"ai-optimize-91\">\n<\/div><\/div><div class=\"w-btn-wrapper align_none\"><a class=\"w-btn us-btn-style_6 us_custom_f73f4019 font_bold icon_atleft\" title=\"R\u00e9server un rendez-vous\" href=\"https:\/\/spuehler.legal\/fr\/rendez-vous\/\"><i class=\"fas fa-calendar-check\"><\/i><span class=\"w-btn-label\">R\u00e9server un rendez-vous<\/span><\/a><\/div><div class=\"w-btn-wrapper align_none\"><a class=\"w-btn us-btn-style_7 us_custom_f73f4019 icon_atleft\" href=\"https:\/\/spuehler.legal\/fr\/contact\/\"><i class=\"fas fa-address-book\"><\/i><span class=\"w-btn-label\">Contact<\/span><\/a><\/div><\/div><\/div><\/div><\/div><\/div><\/section>\n","protected":false},"excerpt":{"rendered":"Avocat en droit des migrations \u00e0 Zurich Nous vous assistons dans tous les aspects du droit des \u00e9trangers. Le droit de la migration en Suisse &#8211; un aper\u00e7u La l\u00e9gislation suisse en mati\u00e8re de migration r\u00e9git l&rsquo;entr\u00e9e, le s\u00e9jour et l&rsquo;int\u00e9gration des \u00e9trangers. La loi f\u00e9d\u00e9rale centrale est la loi sur les \u00e9trangers et l&rsquo;int\u00e9gration...","protected":false},"author":1,"featured_media":0,"parent":0,"menu_order":0,"comment_status":"closed","ping_status":"closed","template":"","meta":{"footnotes":""},"class_list":["post-6508","page","type-page","status-publish","hentry"],"yoast_head":"<!-- This site is optimized with the Yoast SEO Premium plugin v27.4 (Yoast SEO v27.4) - https:\/\/yoast.com\/product\/yoast-seo-premium-wordpress\/ -->\n<title>Avocat en droit des migrations et de l&#039;asile \u00e0 Zurich.<\/title>\n<meta name=\"description\" content=\"Contactez d\u00e8s maintenant votre avocat(e) en droit de la migration et de l&#039;asile \u00e0 Zurich. Nous nous engageons avec comp\u00e9tence \u00e0 vos c\u00f4t\u00e9s.\" \/>\n<meta name=\"robots\" content=\"index, follow, max-snippet:-1, max-image-preview:large, max-video-preview:-1\" \/>\n<link rel=\"canonical\" href=\"https:\/\/spuehler.legal\/fr\/droit-de-la-migration\/\" \/>\n<meta property=\"og:locale\" content=\"fr_FR\" \/>\n<meta property=\"og:type\" content=\"article\" \/>\n<meta property=\"og:title\" content=\"Droit de la migration\" \/>\n<meta property=\"og:description\" content=\"Contactez d\u00e8s maintenant votre avocat(e) en droit de la migration et de l&#039;asile \u00e0 Zurich. Nous nous engageons avec comp\u00e9tence \u00e0 vos c\u00f4t\u00e9s.\" \/>\n<meta property=\"og:url\" content=\"https:\/\/spuehler.legal\/fr\/droit-de-la-migration\/\" \/>\n<meta property=\"og:site_name\" content=\"Sp\u00fchler Rechtsanw\u00e4lte AG\" \/>\n<meta property=\"article:publisher\" content=\"https:\/\/www.facebook.com\/spuehler.legal\" \/>\n<meta property=\"article:modified_time\" content=\"2025-07-13T08:01:32+00:00\" \/>\n<meta name=\"twitter:card\" content=\"summary_large_image\" \/>\n<meta name=\"twitter:label1\" content=\"Dur\u00e9e de lecture estim\u00e9e\" \/>\n\t<meta name=\"twitter:data1\" content=\"4 minutes\" \/>\n<script type=\"application\/ld+json\" class=\"yoast-schema-graph\">{\"@context\":\"https:\\\/\\\/schema.org\",\"@graph\":[{\"@type\":\"WebPage\",\"@id\":\"https:\\\/\\\/spuehler.legal\\\/fr\\\/droit-de-la-migration\\\/\",\"url\":\"https:\\\/\\\/spuehler.legal\\\/fr\\\/droit-de-la-migration\\\/\",\"name\":\"Avocat en droit des migrations et de l'asile \u00e0 Zurich.\",\"isPartOf\":{\"@id\":\"https:\\\/\\\/spuehler.legal\\\/fr\\\/#website\"},\"datePublished\":\"2025-06-09T08:58:27+00:00\",\"dateModified\":\"2025-07-13T08:01:32+00:00\",\"description\":\"Contactez d\u00e8s maintenant votre avocat(e) en droit de la migration et de l'asile \u00e0 Zurich. Nous nous engageons avec comp\u00e9tence \u00e0 vos c\u00f4t\u00e9s.\",\"breadcrumb\":{\"@id\":\"https:\\\/\\\/spuehler.legal\\\/fr\\\/droit-de-la-migration\\\/#breadcrumb\"},\"inLanguage\":\"fr-FR\",\"potentialAction\":[{\"@type\":\"ReadAction\",\"target\":[\"https:\\\/\\\/spuehler.legal\\\/fr\\\/droit-de-la-migration\\\/\"]}]},{\"@type\":\"BreadcrumbList\",\"@id\":\"https:\\\/\\\/spuehler.legal\\\/fr\\\/droit-de-la-migration\\\/#breadcrumb\",\"itemListElement\":[{\"@type\":\"ListItem\",\"position\":1,\"name\":\"Startseite\",\"item\":\"https:\\\/\\\/spuehler.legal\\\/fr\\\/accueil\\\/\"},{\"@type\":\"ListItem\",\"position\":2,\"name\":\"Droit de la migration\"}]},{\"@type\":\"WebSite\",\"@id\":\"https:\\\/\\\/spuehler.legal\\\/fr\\\/#website\",\"url\":\"https:\\\/\\\/spuehler.legal\\\/fr\\\/\",\"name\":\"Sp\u00fchler Rechtsanw\u00e4lte AG\",\"description\":\"Rechtsberatung und Rechtsvertretung in allen Lebenslagen\",\"publisher\":{\"@id\":\"https:\\\/\\\/spuehler.legal\\\/fr\\\/#organization\"},\"potentialAction\":[{\"@type\":\"SearchAction\",\"target\":{\"@type\":\"EntryPoint\",\"urlTemplate\":\"https:\\\/\\\/spuehler.legal\\\/fr\\\/?s={search_term_string}\"},\"query-input\":{\"@type\":\"PropertyValueSpecification\",\"valueRequired\":true,\"valueName\":\"search_term_string\"}}],\"inLanguage\":\"fr-FR\"},{\"@type\":\"Organization\",\"@id\":\"https:\\\/\\\/spuehler.legal\\\/fr\\\/#organization\",\"name\":\"Sp\u00fchler Rechtsanw\u00e4lte AG\",\"url\":\"https:\\\/\\\/spuehler.legal\\\/fr\\\/\",\"logo\":{\"@type\":\"ImageObject\",\"inLanguage\":\"fr-FR\",\"@id\":\"https:\\\/\\\/spuehler.legal\\\/fr\\\/#\\\/schema\\\/logo\\\/image\\\/\",\"url\":\"https:\\\/\\\/spuehler.legal\\\/wp-content\\\/uploads\\\/2020\\\/08\\\/logo-spuehler-rechtsanwaelte.png\",\"contentUrl\":\"https:\\\/\\\/spuehler.legal\\\/wp-content\\\/uploads\\\/2020\\\/08\\\/logo-spuehler-rechtsanwaelte.png\",\"width\":898,\"height\":259,\"caption\":\"Sp\u00fchler Rechtsanw\u00e4lte AG\"},\"image\":{\"@id\":\"https:\\\/\\\/spuehler.legal\\\/fr\\\/#\\\/schema\\\/logo\\\/image\\\/\"},\"sameAs\":[\"https:\\\/\\\/www.facebook.com\\\/spuehler.legal\",\"https:\\\/\\\/www.linkedin.com\\\/in\\\/fspuehler\\\/\"],\"description\":\"Die Anwaltskanzlei Sp\u00fchler Rechtsanw\u00e4lte AG ist beratend und prozessierend t\u00e4tig. Sie vertritt Privatpersonen sowie kleine und mittlere Unternehmen (KMU) in nationalen und internationalen Sachverhalten. Durch die breite Ausrichtung der Kanzlei ist eine ganzheitliche Beratung m\u00f6glich, welche auf Deutsch, Englisch, Spanisch, Franz\u00f6sisch, Italienisch oder Portugiesisch stattfindet. Kontaktieren Sie Ihre Anw\u00e4ltin oder Ihren Anwalt in Z\u00fcrich!\",\"email\":\"info@spuehler.legal\",\"telephone\":\"+41433440505\",\"legalName\":\"Sp\u00fchler Rechtsanw\u00e4lte AG\",\"foundingDate\":\"2018-01-01\",\"vatID\":\"CHE-431.484.624\",\"numberOfEmployees\":{\"@type\":\"QuantitativeValue\",\"minValue\":\"1\",\"maxValue\":\"10\"}}]}<\/script>\n<!-- \/ Yoast SEO Premium plugin. -->","yoast_head_json":{"title":"Avocat en droit des migrations et de l'asile \u00e0 Zurich.","description":"Contactez d\u00e8s maintenant votre avocat(e) en droit de la migration et de l'asile \u00e0 Zurich. Nous nous engageons avec comp\u00e9tence \u00e0 vos c\u00f4t\u00e9s.","robots":{"index":"index","follow":"follow","max-snippet":"max-snippet:-1","max-image-preview":"max-image-preview:large","max-video-preview":"max-video-preview:-1"},"canonical":"https:\/\/spuehler.legal\/fr\/droit-de-la-migration\/","og_locale":"fr_FR","og_type":"article","og_title":"Droit de la migration","og_description":"Contactez d\u00e8s maintenant votre avocat(e) en droit de la migration et de l'asile \u00e0 Zurich. Nous nous engageons avec comp\u00e9tence \u00e0 vos c\u00f4t\u00e9s.","og_url":"https:\/\/spuehler.legal\/fr\/droit-de-la-migration\/","og_site_name":"Sp\u00fchler Rechtsanw\u00e4lte AG","article_publisher":"https:\/\/www.facebook.com\/spuehler.legal","article_modified_time":"2025-07-13T08:01:32+00:00","twitter_card":"summary_large_image","twitter_misc":{"Dur\u00e9e de lecture estim\u00e9e":"4 minutes"},"schema":{"@context":"https:\/\/schema.org","@graph":[{"@type":"WebPage","@id":"https:\/\/spuehler.legal\/fr\/droit-de-la-migration\/","url":"https:\/\/spuehler.legal\/fr\/droit-de-la-migration\/","name":"Avocat en droit des migrations et de l'asile \u00e0 Zurich.","isPartOf":{"@id":"https:\/\/spuehler.legal\/fr\/#website"},"datePublished":"2025-06-09T08:58:27+00:00","dateModified":"2025-07-13T08:01:32+00:00","description":"Contactez d\u00e8s maintenant votre avocat(e) en droit de la migration et de l'asile \u00e0 Zurich. Nous nous engageons avec comp\u00e9tence \u00e0 vos c\u00f4t\u00e9s.","breadcrumb":{"@id":"https:\/\/spuehler.legal\/fr\/droit-de-la-migration\/#breadcrumb"},"inLanguage":"fr-FR","potentialAction":[{"@type":"ReadAction","target":["https:\/\/spuehler.legal\/fr\/droit-de-la-migration\/"]}]},{"@type":"BreadcrumbList","@id":"https:\/\/spuehler.legal\/fr\/droit-de-la-migration\/#breadcrumb","itemListElement":[{"@type":"ListItem","position":1,"name":"Startseite","item":"https:\/\/spuehler.legal\/fr\/accueil\/"},{"@type":"ListItem","position":2,"name":"Droit de la migration"}]},{"@type":"WebSite","@id":"https:\/\/spuehler.legal\/fr\/#website","url":"https:\/\/spuehler.legal\/fr\/","name":"Sp\u00fchler Rechtsanw\u00e4lte AG","description":"Rechtsberatung und Rechtsvertretung in allen Lebenslagen","publisher":{"@id":"https:\/\/spuehler.legal\/fr\/#organization"},"potentialAction":[{"@type":"SearchAction","target":{"@type":"EntryPoint","urlTemplate":"https:\/\/spuehler.legal\/fr\/?s={search_term_string}"},"query-input":{"@type":"PropertyValueSpecification","valueRequired":true,"valueName":"search_term_string"}}],"inLanguage":"fr-FR"},{"@type":"Organization","@id":"https:\/\/spuehler.legal\/fr\/#organization","name":"Sp\u00fchler Rechtsanw\u00e4lte AG","url":"https:\/\/spuehler.legal\/fr\/","logo":{"@type":"ImageObject","inLanguage":"fr-FR","@id":"https:\/\/spuehler.legal\/fr\/#\/schema\/logo\/image\/","url":"https:\/\/spuehler.legal\/wp-content\/uploads\/2020\/08\/logo-spuehler-rechtsanwaelte.png","contentUrl":"https:\/\/spuehler.legal\/wp-content\/uploads\/2020\/08\/logo-spuehler-rechtsanwaelte.png","width":898,"height":259,"caption":"Sp\u00fchler Rechtsanw\u00e4lte AG"},"image":{"@id":"https:\/\/spuehler.legal\/fr\/#\/schema\/logo\/image\/"},"sameAs":["https:\/\/www.facebook.com\/spuehler.legal","https:\/\/www.linkedin.com\/in\/fspuehler\/"],"description":"Die Anwaltskanzlei Sp\u00fchler Rechtsanw\u00e4lte AG ist beratend und prozessierend t\u00e4tig. Sie vertritt Privatpersonen sowie kleine und mittlere Unternehmen (KMU) in nationalen und internationalen Sachverhalten. Durch die breite Ausrichtung der Kanzlei ist eine ganzheitliche Beratung m\u00f6glich, welche auf Deutsch, Englisch, Spanisch, Franz\u00f6sisch, Italienisch oder Portugiesisch stattfindet. Kontaktieren Sie Ihre Anw\u00e4ltin oder Ihren Anwalt in Z\u00fcrich!","email":"info@spuehler.legal","telephone":"+41433440505","legalName":"Sp\u00fchler Rechtsanw\u00e4lte AG","foundingDate":"2018-01-01","vatID":"CHE-431.484.624","numberOfEmployees":{"@type":"QuantitativeValue","minValue":"1","maxValue":"10"}}]}},"_links":{"self":[{"href":"https:\/\/spuehler.legal\/fr\/wp-json\/wp\/v2\/pages\/6508","targetHints":{"allow":["GET"]}}],"collection":[{"href":"https:\/\/spuehler.legal\/fr\/wp-json\/wp\/v2\/pages"}],"about":[{"href":"https:\/\/spuehler.legal\/fr\/wp-json\/wp\/v2\/types\/page"}],"author":[{"embeddable":true,"href":"https:\/\/spuehler.legal\/fr\/wp-json\/wp\/v2\/users\/1"}],"replies":[{"embeddable":true,"href":"https:\/\/spuehler.legal\/fr\/wp-json\/wp\/v2\/comments?post=6508"}],"version-history":[{"count":8,"href":"https:\/\/spuehler.legal\/fr\/wp-json\/wp\/v2\/pages\/6508\/revisions"}],"predecessor-version":[{"id":7263,"href":"https:\/\/spuehler.legal\/fr\/wp-json\/wp\/v2\/pages\/6508\/revisions\/7263"}],"wp:attachment":[{"href":"https:\/\/spuehler.legal\/fr\/wp-json\/wp\/v2\/media?parent=6508"}],"curies":[{"name":"wp","href":"https:\/\/api.w.org\/{rel}","templated":true}]}}