{"id":3992,"date":"2022-11-12T10:23:21","date_gmt":"2022-11-12T09:23:21","guid":{"rendered":"https:\/\/spuehler.legal\/ana-lucia-gallmann\/"},"modified":"2025-09-11T15:53:04","modified_gmt":"2025-09-11T13:53:04","slug":"ana-lucia-gallmann","status":"publish","type":"page","link":"https:\/\/spuehler.legal\/fr\/ana-lucia-gallmann\/","title":{"rendered":"Ana Lucia Gallmann"},"content":{"rendered":"<section class=\"l-section wpb_row height_large color_primary with_img\"><div class=\"l-section-img\" role=\"img\" aria-label=\"Avocat Zurich\" data-img-width=\"1920\" data-img-height=\"1280\" style=\"background-image: url(https:\/\/spuehler.legal\/wp-content\/uploads\/2017\/12\/rwi-bibliothek-zuerich3.jpg);\"><\/div><div class=\"l-section-overlay\" style=\"background:rgba(0,0,0,0.6)\"><\/div><div class=\"l-section-h i-cf\"><div class=\"g-cols vc_row via_flex valign_top type_default stacking_default\"><div class=\"vc_col-sm-12 wpb_column vc_column_container\"><div class=\"vc_column-inner\"><div class=\"wpb_wrapper\"><div class=\"wpb_text_column\"><div class=\"wpb_wrapper\"><h1 style=\"text-align: left;\">Votre <strong>avocate \u00e0 Zurich<\/strong><\/h1>\n<\/div><\/div><div class=\"wpb_text_column us_custom_dfddb007\"><div class=\"wpb_wrapper\"><h3 style=\"text-align: left;\">Ma\u00eetre Ana Lucia Gallmann vous repr\u00e9sente<strong> avec engagement et comp\u00e9tence.<\/strong><\/h3>\n<\/div><\/div><\/div><\/div><\/div><\/div><\/div><\/section><section class=\"l-section wpb_row us_custom_a40275d7 height_medium\"><div class=\"l-section-h i-cf\"><div class=\"g-cols vc_row via_flex valign_top type_default stacking_default\"><div class=\"vc_col-sm-4 wpb_column vc_column_container\"><div class=\"vc_column-inner\"><div class=\"wpb_wrapper\"><div class=\"w-person layout_simple\" itemscope itemtype=\"https:\/\/schema.org\/Person\"><div class=\"w-person-image\"><img decoding=\"async\" width=\"600\" height=\"800\" src=\"https:\/\/spuehler.legal\/wp-content\/uploads\/2022\/11\/gallmann.jpeg\" class=\"attachment-full size-full\" alt=\"Portrait d&#039;Ana Lucia Gallmann\" itemprop=\"image\" srcset=\"https:\/\/spuehler.legal\/wp-content\/uploads\/2022\/11\/gallmann.jpeg 600w, https:\/\/spuehler.legal\/wp-content\/uploads\/2022\/11\/gallmann-225x300.jpeg 225w\" sizes=\"(max-width: 600px) 100vw, 600px\" \/><\/div><div class=\"w-person-content\"><h4 itemprop=\"name\" class=\"w-person-name\"><span>Ana Lucia Gallmann<\/span><\/h4><div class=\"w-person-role\" itemprop=\"jobTitle\">MLaw, avocate<\/div><\/div><\/div><\/div><\/div><\/div><div class=\"vc_col-sm-8 wpb_column vc_column_container\"><div class=\"vc_column-inner\"><div class=\"wpb_wrapper\"><div class=\"wpb_text_column\"><div class=\"wpb_wrapper\"><h2>Carri\u00e8re<\/h2>\n<p>Apr\u00e8s des \u00e9tudes en relations internationales \u00e0 l&rsquo;Universit\u00e9 de Gen\u00e8ve et \u00e0 l&rsquo;Institut de hautes \u00e9tudes internationales et du d\u00e9veloppement, avec une sp\u00e9cialisation en droit des personnes et des r\u00e9fugi\u00e9s de 2003 \u00e0 2007, Ana Lucia Gallmann a travaill\u00e9 pendant plus de deux ans au HCR dans le domaine de la garantie des droits de l&rsquo;homme des personnes r\u00e9fugi\u00e9es \u00e0 Gen\u00e8ve ainsi qu&rsquo;au Tchad et en R\u00e9publique d\u00e9mocratique du Congo.<\/p>\n<p>\u00c0 partir de 2010, Ana Lucia Gallmann a \u00e9tudi\u00e9 le droit \u00e0 l&rsquo;universit\u00e9 de Zurich. Apr\u00e8s avoir obtenu un Master of Law (MLaw) en 2015 et effectu\u00e9 un stage au tribunal en 2016, elle a travaill\u00e9 de 2016 \u00e0 2018 en tant que conseill\u00e8re juridique pour les demandeurs d&rsquo;asile aupr\u00e8s du bureau r\u00e9gional de l&rsquo;EPER en Argovie et \u00e0 Soleure. En 2019, elle a obtenu le brevet d&rsquo;avocat dans le canton de Zurich. De 2020 \u00e0 l&rsquo;automne 2022, elle a exerc\u00e9 une activit\u00e9 de juriste aupr\u00e8s de l&rsquo;administration f\u00e9d\u00e9rale dans le domaine de l&rsquo;assistance administrative internationale en mati\u00e8re fiscale.   <\/p>\n<p>Depuis novembre 2022, Ana Lucia Gallmann travaille comme avocate chez Sp\u00fchler Rechtsanw\u00e4lte.<\/p>\n<\/div><\/div><\/div><\/div><\/div><\/div><\/div><\/section><section class=\"l-section wpb_row us_custom_8d5aa4e2 height_small\"><div class=\"l-section-h i-cf\"><div class=\"g-cols vc_row via_flex valign_top type_default stacking_default\"><div class=\"vc_col-sm-4 wpb_column vc_column_container\"><div class=\"vc_column-inner\"><div class=\"wpb_wrapper\"><div class=\"w-iconbox iconpos_top style_outlined color_primary align_center no_text no_title\"><div class=\"w-iconbox-icon\" style=\"font-size:60px;\"><i class=\"fas fa-comments\"><\/i><\/div><div class=\"w-iconbox-meta\"><\/div><\/div><div class=\"w-separator size_custom\" style=\"height:20px\"><\/div><\/div><\/div><\/div><div class=\"vc_col-sm-8 wpb_column vc_column_container\"><div class=\"vc_column-inner\"><div class=\"wpb_wrapper\"><div class=\"g-cols wpb_row via_flex valign_top type_default stacking_default\"><div class=\"vc_col-sm-6 wpb_column vc_column_container\"><div class=\"vc_column-inner us_custom_539f15ee\"><div class=\"wpb_wrapper\"><div class=\"wpb_text_column\"><div class=\"wpb_wrapper\"><h3>Connaissances linguistiques<\/h3>\n<p>&#8211; Allemand (langue maternelle)<br \/>\n&#8211; Portugais (2e langue maternelle)<br \/>\n&#8211; Fran\u00e7ais<br \/>\n&#8211; Anglais<br \/>\n&#8211; Italien<\/p>\n<\/div><\/div><\/div><\/div><\/div><div class=\"vc_col-sm-6 wpb_column vc_column_container\"><div class=\"vc_column-inner us_custom_539f15ee\"><div class=\"wpb_wrapper\"><div class=\"wpb_text_column\"><div class=\"wpb_wrapper\"><h3>Registre des avocats<\/h3>\n<p>Me Ana Lucia Gallmann est inscrite au <a href=\"http:\/\/www.gerichte-zh.ch\/organisation\/obergericht\/kommissionen\/aufsichtskommission-ueber-rechtsanwaelte\/anwaltsregister.html\" target=\"_blank\" rel=\"noopener noreferrer\">registre des avocats du canton de Zurich<\/a> et est habilit\u00e9e \u00e0 exercer la repr\u00e9sentation professionnelle devant tous les tribunaux suisses.<\/p>\n<\/div><\/div><\/div><\/div><\/div><\/div><\/div><\/div><\/div><\/div><\/div><\/section><section class=\"l-section wpb_row height_medium color_primary\"><div class=\"l-section-h i-cf\"><div class=\"g-cols vc_row via_flex valign_top type_default stacking_default\"><div class=\"vc_col-sm-4 wpb_column vc_column_container\"><div class=\"vc_column-inner us_custom_289537ba\"><div class=\"wpb_wrapper\"><div class=\"w-iconbox iconpos_top style_outlined color_custom align_center no_text no_title\"><div class=\"w-iconbox-icon\" style=\"font-size:60px;--icon-color:#ffffff;--icon-bg-color:#ffffff;\"><i class=\"fas fa-graduation-cap\"><\/i><\/div><div class=\"w-iconbox-meta\"><\/div><\/div><div class=\"w-separator size_custom\" style=\"height:20px\"><\/div><\/div><\/div><\/div><div class=\"vc_col-sm-8 wpb_column vc_column_container\"><div class=\"vc_column-inner\"><div class=\"wpb_wrapper\"><div class=\"wpb_text_column\"><div class=\"wpb_wrapper\"><h2><strong>Aper\u00e7u <\/strong>de la formation et des activit\u00e9s professionnelles<\/h2>\n<p><strong>Depuis novembre 2022<br \/>\n<\/strong>Avocate chez Sp\u00fchler Rechtsanw\u00e4lte<\/p>\n<p><strong>2020 &#8211; automne 2022<\/strong><br \/>\n(Senior) Juriste \u00e0 l&rsquo;Administration f\u00e9d\u00e9rale des contributions<\/p>\n<p><strong>2019<\/strong><br \/>\nObtention du brevet d&rsquo;avocat<\/p>\n<p><strong>2016 &#8211; 2018<\/strong><br \/>\nConseill\u00e8re juridique pour les demandeurs d&rsquo;asile aupr\u00e8s du bureau r\u00e9gional de l&rsquo;EPER en Argovie et \u00e0 Soleure<\/p>\n<p><strong>2015 &#8211; 2016<\/strong><br \/>\nAuditeur au tribunal de district de Winterthur<\/p>\n<p><strong>2010 &#8211; 2015<\/strong><br \/>\nUniversit\u00e9 de Zurich (Bachelor of Law et Master of Law)<\/p>\n<p><strong>2010<\/strong><br \/>\nAgent de protection au HCR &#8211; Bureau de terrain de Bunia, R\u00e9publique d\u00e9mocratique du Congo<\/p>\n<p><strong>2008 &#8211; 2009<\/strong><br \/>\nAgent de terrain associ\u00e9 (Protection) au HCR &#8211; Bureau de terrain de Goz Beida, Tchad<\/p>\n<p><strong>2007 &#8211; 2008<\/strong><br \/>\nStagiaire au si\u00e8ge du HCR, Division des services de protection, Gen\u00e8ve<\/p>\n<p><strong>2003 -2007<\/strong><br \/>\nUniversit\u00e9 de Gen\u00e8ve et Institut Universitaire de Hautes Etudes Internationales (Licence en relations internationales)<\/p>\n<\/div><\/div><\/div><\/div><\/div><\/div><\/div><\/section><section class=\"l-section wpb_row height_medium\"><div class=\"l-section-h i-cf\"><div class=\"g-cols vc_row via_flex valign_top type_default stacking_default\"><div class=\"vc_col-sm-4 wpb_column vc_column_container\"><div class=\"vc_column-inner\"><div class=\"wpb_wrapper\"><div class=\"w-iconbox iconpos_top style_outlined color_primary align_center no_text no_title\"><div class=\"w-iconbox-icon\" style=\"font-size:60px;\"><i class=\"fas fa-id-card\"><\/i><\/div><div class=\"w-iconbox-meta\"><\/div><\/div><div class=\"w-separator size_custom\" style=\"height:20px\"><\/div><\/div><\/div><\/div><div class=\"vc_col-sm-8 wpb_column vc_column_container\"><div class=\"vc_column-inner\"><div class=\"wpb_wrapper\"><div class=\"g-cols wpb_row via_flex valign_top type_default stacking_default\"><div class=\"vc_col-sm-6 wpb_column vc_column_container\"><div class=\"vc_column-inner us_custom_539f15ee\"><div class=\"wpb_wrapper\"><div class=\"wpb_text_column\"><div class=\"wpb_wrapper\"><h3>Affiliations<\/h3>\n<p><a href=\"http:\/\/www.sav-fsa.ch\/\" target=\"_blank\" rel=\"noopener noreferrer\">&#8211; F\u00e9d\u00e9ration<span>suisse <\/span>des avocats<br \/>\n<\/a><span>&#8211;<\/span> <a href=\"https:\/\/www.zav.ch\/\" target=\"_blank\" rel=\"noopener noreferrer\">Association des avocats zurichois<br \/>\n<\/a><span>&#8211;<\/span> <a href=\"https:\/\/www.djs-jds.ch\/\">Juristes d\u00e9mocrates<\/a><br \/>\n<span>&#8211; <\/span><a href=\"https:\/\/lawandwomen.ch\/\">Association Femmes Juristes Suisse<\/a><br \/>\n<span>&#8211; <\/span><a href=\"http:\/\/www.pikett-strafverteidigung.ch\/\" target=\"_blank\" rel=\"noopener noreferrer\">Piquet D\u00e9fense p\u00e9nale<\/a><br \/>\n<span>&#8211; Groupe sp\u00e9cialis\u00e9 dans la d\u00e9fense p\u00e9nale ZAV<br \/>\n&#8211; Groupe sp\u00e9cialis\u00e9 dans la repr\u00e9sentation des victimes ZAV<br \/>\n&#8211; Groupe sp\u00e9cialis\u00e9 dans le droit de la famille ZAV<br \/>\n&#8211; Groupe sp\u00e9cialis\u00e9 dans le droit de la migration ZAV<br \/>\n<\/span><\/p>\n<\/div><\/div><\/div><\/div><\/div><div class=\"vc_col-sm-6 wpb_column vc_column_container\"><div class=\"vc_column-inner us_custom_539f15ee\"><div class=\"wpb_wrapper\"><div class=\"wpb_text_column\"><div class=\"wpb_wrapper\"><h3>Contact<\/h3>\n<\/div><\/div><div class=\"w-socials us_custom_a5c88937 color_text shape_rounded style_outlined hover_fade\" style=\"--gap:5px;\"><div class=\"w-socials-list\"><div class=\"w-socials-item facebook\"><a target=\"_blank\" rel=\"nofollow\" href=\"https:\/\/www.facebook.com\/spuehler.legal\" class=\"w-socials-item-link\" aria-label=\"Facebook\"><span class=\"w-socials-item-link-hover\"><\/span><i class=\"fab fa-facebook\"><\/i><\/a><div class=\"w-socials-item-popup\"><span>Facebook<\/span><\/div><\/div><\/div><\/div><div class=\"w-separator size_custom\" style=\"height:25px\"><\/div><div class=\"w-iconbox iconpos_left style_default color_contrast align_left no_text\"><a href=\"tel:+41433440505\" class=\"w-iconbox-link\" aria-label=\"+41 43 344 05 05\"><div class=\"w-iconbox-icon\" style=\"font-size:1.3em;\"><i class=\"fas fa-phone\"><\/i><\/div><\/a><div class=\"w-iconbox-meta\"><div class=\"w-iconbox-title\"><a href=\"tel:+41433440505\" class=\"w-iconbox-link\" aria-label=\"+41 43 344 05 05\">+41 43 344 05 05<\/a><\/div><\/div><\/div><div class=\"w-separator size_custom\" style=\"height:16px\"><\/div><div class=\"w-iconbox iconpos_left style_default color_contrast align_left no_text\"><a title=\"\u00c9crire un e-mail \u00e0 Rechtsanw\u00e4ltin Ana Lucia Gallmann\" href=\"mailto:ag@spuehler.legal\" class=\"w-iconbox-link\" aria-label=\"AG@spuehler.legal\"><div class=\"w-iconbox-icon\" style=\"font-size:1.3em;\"><i class=\"fas fa-envelope\"><\/i><\/div><\/a><div class=\"w-iconbox-meta\"><div class=\"w-iconbox-title\"><a title=\"\u00c9crire un e-mail \u00e0 Rechtsanw\u00e4ltin Ana Lucia Gallmann\" href=\"mailto:ag@spuehler.legal\" class=\"w-iconbox-link\" aria-label=\"AG@spuehler.legal\">AG@spuehler.legal<\/a><\/div><\/div><\/div><div class=\"w-separator size_custom\" style=\"height:16px\"><\/div><div class=\"w-btn-wrapper align_none\"><a class=\"w-btn us-btn-style_1 icon_atleft\" title=\"R\u00e9server un rendez-vous\" href=\"https:\/\/spuehler.legal\/fr\/rendez-vous\/\"><i class=\"fas fa-calendar-check\"><\/i><span class=\"w-btn-label\">R\u00e9server un rendez-vous<\/span><\/a><\/div><\/div><\/div><\/div><\/div><\/div><\/div><\/div><\/div><\/div><\/section>\n","protected":false},"excerpt":{"rendered":"Votre avocate \u00e0 Zurich Ma\u00eetre Ana Lucia Gallmann vous repr\u00e9sente avec engagement et comp\u00e9tence. Ana Lucia GallmannMLaw, avocateCarri\u00e8re Apr\u00e8s des \u00e9tudes en relations internationales \u00e0 l&rsquo;Universit\u00e9 de Gen\u00e8ve et \u00e0 l&rsquo;Institut de hautes \u00e9tudes internationales et du d\u00e9veloppement, avec une sp\u00e9cialisation en droit des personnes et des r\u00e9fugi\u00e9s de 2003 \u00e0 2007, Ana Lucia Gallmann...","protected":false},"author":1,"featured_media":0,"parent":0,"menu_order":0,"comment_status":"closed","ping_status":"closed","template":"","meta":{"footnotes":""},"class_list":["post-3992","page","type-page","status-publish","hentry"],"yoast_head":"<!-- This site is optimized with the Yoast SEO Premium plugin v27.4 (Yoast SEO v27.4) - https:\/\/yoast.com\/product\/yoast-seo-premium-wordpress\/ -->\n<title>Ana Lucia Gallmann - Avocate \u00e0 Zurich en droit p\u00e9nal et civil<\/title>\n<meta name=\"description\" content=\"Apprenez-en plus sur l&#039;avocate Ana Lucia Gallmann, qui poss\u00e8de de solides connaissances en droit p\u00e9nal et civil.\" \/>\n<meta name=\"robots\" content=\"index, follow, max-snippet:-1, max-image-preview:large, max-video-preview:-1\" \/>\n<link rel=\"canonical\" href=\"https:\/\/spuehler.legal\/fr\/ana-lucia-gallmann\/\" \/>\n<meta property=\"og:locale\" content=\"fr_FR\" \/>\n<meta property=\"og:type\" content=\"article\" \/>\n<meta property=\"og:title\" content=\"Ana Lucia Gallmann\" \/>\n<meta property=\"og:description\" content=\"Apprenez-en plus sur l&#039;avocate Ana Lucia Gallmann, qui poss\u00e8de de solides connaissances en droit p\u00e9nal et civil.\" \/>\n<meta property=\"og:url\" content=\"https:\/\/spuehler.legal\/fr\/ana-lucia-gallmann\/\" \/>\n<meta property=\"og:site_name\" content=\"Sp\u00fchler Rechtsanw\u00e4lte AG\" \/>\n<meta property=\"article:publisher\" content=\"https:\/\/www.facebook.com\/spuehler.legal\" \/>\n<meta property=\"article:modified_time\" content=\"2025-09-11T13:53:04+00:00\" \/>\n<meta name=\"twitter:card\" content=\"summary_large_image\" \/>\n<meta name=\"twitter:label1\" content=\"Dur\u00e9e de lecture estim\u00e9e\" \/>\n\t<meta name=\"twitter:data1\" content=\"5 minutes\" \/>\n<script type=\"application\/ld+json\" class=\"yoast-schema-graph\">{\"@context\":\"https:\\\/\\\/schema.org\",\"@graph\":[{\"@type\":\"WebPage\",\"@id\":\"https:\\\/\\\/spuehler.legal\\\/fr\\\/ana-lucia-gallmann\\\/\",\"url\":\"https:\\\/\\\/spuehler.legal\\\/fr\\\/ana-lucia-gallmann\\\/\",\"name\":\"Ana Lucia Gallmann - Avocate \u00e0 Zurich en droit p\u00e9nal et civil\",\"isPartOf\":{\"@id\":\"https:\\\/\\\/spuehler.legal\\\/fr\\\/#website\"},\"datePublished\":\"2022-11-12T09:23:21+00:00\",\"dateModified\":\"2025-09-11T13:53:04+00:00\",\"description\":\"Apprenez-en plus sur l'avocate Ana Lucia Gallmann, qui poss\u00e8de de solides connaissances en droit p\u00e9nal et civil.\",\"breadcrumb\":{\"@id\":\"https:\\\/\\\/spuehler.legal\\\/fr\\\/ana-lucia-gallmann\\\/#breadcrumb\"},\"inLanguage\":\"fr-FR\",\"potentialAction\":[{\"@type\":\"ReadAction\",\"target\":[\"https:\\\/\\\/spuehler.legal\\\/fr\\\/ana-lucia-gallmann\\\/\"]}]},{\"@type\":\"BreadcrumbList\",\"@id\":\"https:\\\/\\\/spuehler.legal\\\/fr\\\/ana-lucia-gallmann\\\/#breadcrumb\",\"itemListElement\":[{\"@type\":\"ListItem\",\"position\":1,\"name\":\"Startseite\",\"item\":\"https:\\\/\\\/spuehler.legal\\\/fr\\\/accueil\\\/\"},{\"@type\":\"ListItem\",\"position\":2,\"name\":\"Ana Lucia Gallmann\"}]},{\"@type\":\"WebSite\",\"@id\":\"https:\\\/\\\/spuehler.legal\\\/fr\\\/#website\",\"url\":\"https:\\\/\\\/spuehler.legal\\\/fr\\\/\",\"name\":\"Sp\u00fchler Rechtsanw\u00e4lte AG\",\"description\":\"Rechtsberatung und Rechtsvertretung in allen Lebenslagen\",\"publisher\":{\"@id\":\"https:\\\/\\\/spuehler.legal\\\/fr\\\/#organization\"},\"potentialAction\":[{\"@type\":\"SearchAction\",\"target\":{\"@type\":\"EntryPoint\",\"urlTemplate\":\"https:\\\/\\\/spuehler.legal\\\/fr\\\/?s={search_term_string}\"},\"query-input\":{\"@type\":\"PropertyValueSpecification\",\"valueRequired\":true,\"valueName\":\"search_term_string\"}}],\"inLanguage\":\"fr-FR\"},{\"@type\":\"Organization\",\"@id\":\"https:\\\/\\\/spuehler.legal\\\/fr\\\/#organization\",\"name\":\"Sp\u00fchler Rechtsanw\u00e4lte AG\",\"url\":\"https:\\\/\\\/spuehler.legal\\\/fr\\\/\",\"logo\":{\"@type\":\"ImageObject\",\"inLanguage\":\"fr-FR\",\"@id\":\"https:\\\/\\\/spuehler.legal\\\/fr\\\/#\\\/schema\\\/logo\\\/image\\\/\",\"url\":\"https:\\\/\\\/spuehler.legal\\\/wp-content\\\/uploads\\\/2020\\\/08\\\/logo-spuehler-rechtsanwaelte.png\",\"contentUrl\":\"https:\\\/\\\/spuehler.legal\\\/wp-content\\\/uploads\\\/2020\\\/08\\\/logo-spuehler-rechtsanwaelte.png\",\"width\":898,\"height\":259,\"caption\":\"Sp\u00fchler Rechtsanw\u00e4lte AG\"},\"image\":{\"@id\":\"https:\\\/\\\/spuehler.legal\\\/fr\\\/#\\\/schema\\\/logo\\\/image\\\/\"},\"sameAs\":[\"https:\\\/\\\/www.facebook.com\\\/spuehler.legal\",\"https:\\\/\\\/www.linkedin.com\\\/in\\\/fspuehler\\\/\"],\"description\":\"Die Anwaltskanzlei Sp\u00fchler Rechtsanw\u00e4lte AG ist beratend und prozessierend t\u00e4tig. Sie vertritt Privatpersonen sowie kleine und mittlere Unternehmen (KMU) in nationalen und internationalen Sachverhalten. Durch die breite Ausrichtung der Kanzlei ist eine ganzheitliche Beratung m\u00f6glich, welche auf Deutsch, Englisch, Spanisch, Franz\u00f6sisch, Italienisch oder Portugiesisch stattfindet. Kontaktieren Sie Ihre Anw\u00e4ltin oder Ihren Anwalt in Z\u00fcrich!\",\"email\":\"info@spuehler.legal\",\"telephone\":\"+41433440505\",\"legalName\":\"Sp\u00fchler Rechtsanw\u00e4lte AG\",\"foundingDate\":\"2018-01-01\",\"vatID\":\"CHE-431.484.624\",\"numberOfEmployees\":{\"@type\":\"QuantitativeValue\",\"minValue\":\"1\",\"maxValue\":\"10\"}}]}<\/script>\n<!-- \/ Yoast SEO Premium plugin. -->","yoast_head_json":{"title":"Ana Lucia Gallmann - Avocate \u00e0 Zurich en droit p\u00e9nal et civil","description":"Apprenez-en plus sur l'avocate Ana Lucia Gallmann, qui poss\u00e8de de solides connaissances en droit p\u00e9nal et civil.","robots":{"index":"index","follow":"follow","max-snippet":"max-snippet:-1","max-image-preview":"max-image-preview:large","max-video-preview":"max-video-preview:-1"},"canonical":"https:\/\/spuehler.legal\/fr\/ana-lucia-gallmann\/","og_locale":"fr_FR","og_type":"article","og_title":"Ana Lucia Gallmann","og_description":"Apprenez-en plus sur l'avocate Ana Lucia Gallmann, qui poss\u00e8de de solides connaissances en droit p\u00e9nal et civil.","og_url":"https:\/\/spuehler.legal\/fr\/ana-lucia-gallmann\/","og_site_name":"Sp\u00fchler Rechtsanw\u00e4lte AG","article_publisher":"https:\/\/www.facebook.com\/spuehler.legal","article_modified_time":"2025-09-11T13:53:04+00:00","twitter_card":"summary_large_image","twitter_misc":{"Dur\u00e9e de lecture estim\u00e9e":"5 minutes"},"schema":{"@context":"https:\/\/schema.org","@graph":[{"@type":"WebPage","@id":"https:\/\/spuehler.legal\/fr\/ana-lucia-gallmann\/","url":"https:\/\/spuehler.legal\/fr\/ana-lucia-gallmann\/","name":"Ana Lucia Gallmann - Avocate \u00e0 Zurich en droit p\u00e9nal et civil","isPartOf":{"@id":"https:\/\/spuehler.legal\/fr\/#website"},"datePublished":"2022-11-12T09:23:21+00:00","dateModified":"2025-09-11T13:53:04+00:00","description":"Apprenez-en plus sur l'avocate Ana Lucia Gallmann, qui poss\u00e8de de solides connaissances en droit p\u00e9nal et civil.","breadcrumb":{"@id":"https:\/\/spuehler.legal\/fr\/ana-lucia-gallmann\/#breadcrumb"},"inLanguage":"fr-FR","potentialAction":[{"@type":"ReadAction","target":["https:\/\/spuehler.legal\/fr\/ana-lucia-gallmann\/"]}]},{"@type":"BreadcrumbList","@id":"https:\/\/spuehler.legal\/fr\/ana-lucia-gallmann\/#breadcrumb","itemListElement":[{"@type":"ListItem","position":1,"name":"Startseite","item":"https:\/\/spuehler.legal\/fr\/accueil\/"},{"@type":"ListItem","position":2,"name":"Ana Lucia Gallmann"}]},{"@type":"WebSite","@id":"https:\/\/spuehler.legal\/fr\/#website","url":"https:\/\/spuehler.legal\/fr\/","name":"Sp\u00fchler Rechtsanw\u00e4lte AG","description":"Rechtsberatung und Rechtsvertretung in allen Lebenslagen","publisher":{"@id":"https:\/\/spuehler.legal\/fr\/#organization"},"potentialAction":[{"@type":"SearchAction","target":{"@type":"EntryPoint","urlTemplate":"https:\/\/spuehler.legal\/fr\/?s={search_term_string}"},"query-input":{"@type":"PropertyValueSpecification","valueRequired":true,"valueName":"search_term_string"}}],"inLanguage":"fr-FR"},{"@type":"Organization","@id":"https:\/\/spuehler.legal\/fr\/#organization","name":"Sp\u00fchler Rechtsanw\u00e4lte AG","url":"https:\/\/spuehler.legal\/fr\/","logo":{"@type":"ImageObject","inLanguage":"fr-FR","@id":"https:\/\/spuehler.legal\/fr\/#\/schema\/logo\/image\/","url":"https:\/\/spuehler.legal\/wp-content\/uploads\/2020\/08\/logo-spuehler-rechtsanwaelte.png","contentUrl":"https:\/\/spuehler.legal\/wp-content\/uploads\/2020\/08\/logo-spuehler-rechtsanwaelte.png","width":898,"height":259,"caption":"Sp\u00fchler Rechtsanw\u00e4lte AG"},"image":{"@id":"https:\/\/spuehler.legal\/fr\/#\/schema\/logo\/image\/"},"sameAs":["https:\/\/www.facebook.com\/spuehler.legal","https:\/\/www.linkedin.com\/in\/fspuehler\/"],"description":"Die Anwaltskanzlei Sp\u00fchler Rechtsanw\u00e4lte AG ist beratend und prozessierend t\u00e4tig. Sie vertritt Privatpersonen sowie kleine und mittlere Unternehmen (KMU) in nationalen und internationalen Sachverhalten. Durch die breite Ausrichtung der Kanzlei ist eine ganzheitliche Beratung m\u00f6glich, welche auf Deutsch, Englisch, Spanisch, Franz\u00f6sisch, Italienisch oder Portugiesisch stattfindet. Kontaktieren Sie Ihre Anw\u00e4ltin oder Ihren Anwalt in Z\u00fcrich!","email":"info@spuehler.legal","telephone":"+41433440505","legalName":"Sp\u00fchler Rechtsanw\u00e4lte AG","foundingDate":"2018-01-01","vatID":"CHE-431.484.624","numberOfEmployees":{"@type":"QuantitativeValue","minValue":"1","maxValue":"10"}}]}},"_links":{"self":[{"href":"https:\/\/spuehler.legal\/fr\/wp-json\/wp\/v2\/pages\/3992","targetHints":{"allow":["GET"]}}],"collection":[{"href":"https:\/\/spuehler.legal\/fr\/wp-json\/wp\/v2\/pages"}],"about":[{"href":"https:\/\/spuehler.legal\/fr\/wp-json\/wp\/v2\/types\/page"}],"author":[{"embeddable":true,"href":"https:\/\/spuehler.legal\/fr\/wp-json\/wp\/v2\/users\/1"}],"replies":[{"embeddable":true,"href":"https:\/\/spuehler.legal\/fr\/wp-json\/wp\/v2\/comments?post=3992"}],"version-history":[{"count":21,"href":"https:\/\/spuehler.legal\/fr\/wp-json\/wp\/v2\/pages\/3992\/revisions"}],"predecessor-version":[{"id":7436,"href":"https:\/\/spuehler.legal\/fr\/wp-json\/wp\/v2\/pages\/3992\/revisions\/7436"}],"wp:attachment":[{"href":"https:\/\/spuehler.legal\/fr\/wp-json\/wp\/v2\/media?parent=3992"}],"curies":[{"name":"wp","href":"https:\/\/api.w.org\/{rel}","templated":true}]}}