{"id":1541,"date":"2018-04-11T15:08:45","date_gmt":"2018-04-11T13:08:45","guid":{"rendered":"https:\/\/spuehler.legal\/votre-avocat-a-zurich\/"},"modified":"2025-12-01T12:29:22","modified_gmt":"2025-12-01T11:29:22","slug":"votre-avocat-a-zurich","status":"publish","type":"page","link":"https:\/\/spuehler.legal\/fr\/votre-avocat-a-zurich\/","title":{"rendered":"Votre avocat \u00e0 Zurich"},"content":{"rendered":"<section class=\"l-section wpb_row height_large color_primary with_img\"><div class=\"l-section-img\" role=\"img\" aria-label=\"Avocat Zurich\" data-img-width=\"1920\" data-img-height=\"1280\" style=\"background-image: url(https:\/\/spuehler.legal\/wp-content\/uploads\/2017\/12\/rwi-bibliothek-zuerich3.jpg);\"><\/div><div class=\"l-section-overlay\" style=\"background:rgba(0,0,0,0.6)\"><\/div><div class=\"l-section-h i-cf\"><div class=\"g-cols vc_row via_flex valign_top type_default stacking_default\"><div class=\"vc_col-sm-12 wpb_column vc_column_container\"><div class=\"vc_column-inner\"><div class=\"wpb_wrapper\"><div class=\"wpb_text_column\"><div class=\"wpb_wrapper\"><h1 style=\"text-align: left;\">Votre <strong>avocat \u00e0 Zurich<\/strong><\/h1>\n<\/div><\/div><div class=\"wpb_text_column us_custom_dfddb007\"><div class=\"wpb_wrapper\"><h3 style=\"text-align: left;\">Me Fabian Sp\u00fchler vous repr\u00e9sente<strong> avec engagement et comp\u00e9tence.<\/strong><\/h3>\n<\/div><\/div><\/div><\/div><\/div><\/div><\/div><\/section><section class=\"l-section wpb_row us_custom_a40275d7 height_medium\"><div class=\"l-section-h i-cf\"><div class=\"g-cols vc_row via_flex valign_top type_default stacking_default\"><div class=\"vc_col-sm-4 wpb_column vc_column_container\"><div class=\"vc_column-inner\"><div class=\"wpb_wrapper\"><div class=\"w-person layout_simple\" itemscope itemtype=\"https:\/\/schema.org\/Person\"><div class=\"w-person-image\"><img decoding=\"async\" width=\"600\" height=\"800\" src=\"https:\/\/spuehler.legal\/wp-content\/uploads\/2024\/09\/rechtsanwalt-zuerich-fabian-spuehler.jpg\" class=\"attachment-full size-full\" alt=\"Photo de l&#039;avocat Fabian Sp\u00fchler avec son cabinet d&#039;avocats \u00e0 Zurich\" itemprop=\"image\" srcset=\"https:\/\/spuehler.legal\/wp-content\/uploads\/2024\/09\/rechtsanwalt-zuerich-fabian-spuehler.jpg 600w, https:\/\/spuehler.legal\/wp-content\/uploads\/2024\/09\/rechtsanwalt-zuerich-fabian-spuehler-225x300.jpg 225w\" sizes=\"(max-width: 600px) 100vw, 600px\" \/><\/div><div class=\"w-person-content\"><h4 itemprop=\"name\" class=\"w-person-name\"><span>Fabian Sp\u00fchler<\/span><\/h4><div class=\"w-person-role\" itemprop=\"jobTitle\">MLaw, avocat<\/div><\/div><\/div><\/div><\/div><\/div><div class=\"vc_col-sm-8 wpb_column vc_column_container\"><div class=\"vc_column-inner\"><div class=\"wpb_wrapper\"><div class=\"wpb_text_column\"><div class=\"wpb_wrapper\"><h2>Carri\u00e8re<\/h2>\n<p>L&rsquo;avocat Fabian Sp\u00fchler (n\u00e9 en 1987) a termin\u00e9 ses \u00e9tudes de droit \u00e0 l&rsquo;<a href=\"http:\/\/www.uzh.ch\/de.html\" target=\"_blank\" rel=\"noopener noreferrer\">Universit\u00e9 de Zurich<\/a> en \u00e9t\u00e9 2012 avec le titre de Master of Law (MLaw). Il a pass\u00e9 six mois d&rsquo;\u00e9tudes \u00e0 Madrid \u00e0 l&rsquo;<a href=\"https:\/\/www.urjc.es\/\" target=\"_blank\" rel=\"noopener noreferrer\">Universit\u00e9 Rey Juan Carlos<\/a>, o\u00f9 il a approfondi le droit commercial international.<\/p>\n<p>Apr\u00e8s ses \u00e9tudes, il a travaill\u00e9 au <a href=\"http:\/\/www.gerichte-zh.ch\/organisation\/bezirksgerichte\/bezirksgericht-zuerich.html\" target=\"_blank\" rel=\"noopener noreferrer\">tribunal de district de Zurich<\/a>, o\u00f9 il a assist\u00e9 les juges \u00e0 l&rsquo;audience et \u00e0 la r\u00e9daction des jugements dans diff\u00e9rentes sections et a fourni des informations juridiques au tribunal du travail. Apr\u00e8s avoir obtenu son brevet d&rsquo;avocat d\u00e9but 2016, Fabian Sp\u00fchler a travaill\u00e9 de 2016 \u00e0 2017 comme avocat-conseil et plaideur pour deux cabinets d&rsquo;avocats de la ville de Zurich.<\/p>\n<p>Depuis le 1er janvier 2018, il <a href=\"https:\/\/spuehler.legal\/fr\/service\/\">exerce en tant qu &lsquo;avocat ind\u00e9pendant<\/a> \u00e0 Zurich et se r\u00e9jouit de votre <a href=\"https:\/\/spuehler.legal\/fr\/contact\/\">prise de contact<\/a>.<\/p>\n<\/div><\/div><\/div><\/div><\/div><\/div><\/div><\/section><section class=\"l-section wpb_row us_custom_8d5aa4e2 height_small\"><div class=\"l-section-h i-cf\"><div class=\"g-cols vc_row via_flex valign_top type_default stacking_default\"><div class=\"vc_col-sm-4 wpb_column vc_column_container\"><div class=\"vc_column-inner\"><div class=\"wpb_wrapper\"><div class=\"w-iconbox iconpos_top style_outlined color_primary align_center no_text no_title\"><div class=\"w-iconbox-icon\" style=\"font-size:60px;\"><i class=\"fas fa-comments\"><\/i><\/div><div class=\"w-iconbox-meta\"><\/div><\/div><div class=\"w-separator size_custom\" style=\"height:20px\"><\/div><\/div><\/div><\/div><div class=\"vc_col-sm-8 wpb_column vc_column_container\"><div class=\"vc_column-inner\"><div class=\"wpb_wrapper\"><div class=\"g-cols wpb_row via_flex valign_top type_default stacking_default\"><div class=\"vc_col-sm-6 wpb_column vc_column_container\"><div class=\"vc_column-inner us_custom_539f15ee\"><div class=\"wpb_wrapper\"><div class=\"wpb_text_column\"><div class=\"wpb_wrapper\"><h3>Connaissances linguistiques<\/h3>\n<p>&#8211; Allemand (langue maternelle)<br \/>\n&#8211; Espagnol (2e langue maternelle)<br \/>\n&#8211; Anglais<br \/>\n&#8211; Portugais<br \/>\n&#8211; Fran\u00e7ais<\/p>\n<\/div><\/div><\/div><\/div><\/div><div class=\"vc_col-sm-6 wpb_column vc_column_container\"><div class=\"vc_column-inner us_custom_539f15ee\"><div class=\"wpb_wrapper\"><div class=\"wpb_text_column\"><div class=\"wpb_wrapper\"><h3>Registre des avocats<\/h3>\n<p>Me Fabian Sp\u00fchler est inscrit au <a href=\"http:\/\/www.gerichte-zh.ch\/organisation\/obergericht\/kommissionen\/aufsichtskommission-ueber-rechtsanwaelte\/anwaltsregister.html\" target=\"_blank\" rel=\"noopener noreferrer\">registre des avocats du canton de Zurich<\/a> et est autoris\u00e9 \u00e0 repr\u00e9senter professionnellement ses clients devant tous les tribunaux suisses.<\/p>\n<\/div><\/div><\/div><\/div><\/div><\/div><\/div><\/div><\/div><\/div><\/div><\/section><section class=\"l-section wpb_row height_medium color_primary\"><div class=\"l-section-h i-cf\"><div class=\"g-cols vc_row via_flex valign_top type_default stacking_default\"><div class=\"vc_col-sm-4 wpb_column vc_column_container\"><div class=\"vc_column-inner us_custom_289537ba\"><div class=\"wpb_wrapper\"><div class=\"w-iconbox iconpos_top style_outlined color_custom align_center no_text no_title\"><div class=\"w-iconbox-icon\" style=\"font-size:60px;--icon-color:#ffffff;--icon-bg-color:#ffffff;\"><i class=\"fas fa-graduation-cap\"><\/i><\/div><div class=\"w-iconbox-meta\"><\/div><\/div><div class=\"w-separator size_custom\" style=\"height:20px\"><\/div><\/div><\/div><\/div><div class=\"vc_col-sm-8 wpb_column vc_column_container\"><div class=\"vc_column-inner\"><div class=\"wpb_wrapper\"><div class=\"wpb_text_column\"><div class=\"wpb_wrapper\"><h2><strong>Aper\u00e7u <\/strong>de la formation et des activit\u00e9s professionnelles<\/h2>\n<p><strong><br \/>\nDepuis le 1er janvier 2018<br \/>\n<\/strong>Activit\u00e9 ind\u00e9pendante en tant qu&rsquo;avocat et propri\u00e9taire de Sp\u00fchler Rechtsanw\u00e4lte AG (anciennement Anwaltskanzlei Sp\u00fchler).<\/p>\n<p><strong>2016 &#8211; 2017<br \/>\n<\/strong>Avocat dans deux cabinets d&rsquo;avocats de la ville de Zurich.<\/p>\n<p><strong>2016<br \/>\n<\/strong>Obtention du brevet d&rsquo;avocat du canton de Zurich<\/p>\n<p><strong>2012 &#8211; 2014<br \/>\n<\/strong>Collaborateur juridique au tribunal de district de Zurich<\/p>\n<p><strong>2009 &#8211; 2014<br \/>\n<\/strong>Activit\u00e9 ind\u00e9pendante en tant que webdesigner<\/p>\n<p><strong>2010 &#8211; 2012<br \/>\n<\/strong>Universit\u00e9 de Zurich et Rey Juan Carlos Madrid (Master of Law)<\/p>\n<p><strong>2007 \u2013 2010<\/strong><br \/>\nUniversit\u00e4t Z\u00fcrich (Bachelor of Law)<\/p>\n<\/div><\/div><\/div><\/div><\/div><\/div><\/div><\/section><section class=\"l-section wpb_row height_medium\"><div class=\"l-section-h i-cf\"><div class=\"g-cols vc_row via_flex valign_top type_default stacking_default\"><div class=\"vc_col-sm-4 wpb_column vc_column_container\"><div class=\"vc_column-inner\"><div class=\"wpb_wrapper\"><div class=\"w-iconbox iconpos_top style_outlined color_primary align_center no_text no_title\"><div class=\"w-iconbox-icon\" style=\"font-size:60px;\"><i class=\"fas fa-id-card\"><\/i><\/div><div class=\"w-iconbox-meta\"><\/div><\/div><div class=\"w-separator size_custom\" style=\"height:20px\"><\/div><\/div><\/div><\/div><div class=\"vc_col-sm-8 wpb_column vc_column_container\"><div class=\"vc_column-inner\"><div class=\"wpb_wrapper\"><div class=\"g-cols wpb_row via_flex valign_top type_default stacking_default\"><div class=\"vc_col-sm-6 wpb_column vc_column_container\"><div class=\"vc_column-inner us_custom_539f15ee\"><div class=\"wpb_wrapper\"><div class=\"wpb_text_column\"><div class=\"wpb_wrapper\"><h3>Affiliations<\/h3>\n<p>&#8211; <a href=\"http:\/\/www.sav-fsa.ch\/\" target=\"_blank\" rel=\"noopener noreferrer\">F\u00e9d\u00e9ration suisse des avocats<br \/>\n<\/a><span>&#8211;<\/span> <a href=\"https:\/\/www.zav.ch\/\" target=\"_blank\" rel=\"noopener noreferrer\">Association zurichoise des avocats<br \/>\n<\/a><span>&#8211;<\/span> Groupe d&rsquo;experts en proc\u00e9dure civile ZAV<br \/>\n&#8211; Groupe sp\u00e9cialis\u00e9 en droit de la famille ZAV<br \/>\n&#8211; Groupe sp\u00e9cialis\u00e9 en droit du travail ZAV<br \/>\n<span>&#8211; Groupe sp\u00e9cialis\u00e9 dans la d\u00e9fense p\u00e9nale ZAV<br \/>\n&#8211; Groupe sp\u00e9cialis\u00e9 dans la repr\u00e9sentation des victimes ZAV<br \/>\n<\/span><span>&#8211;<\/span> <a href=\"http:\/\/www.pikett-strafverteidigung.ch\/\" target=\"_blank\" rel=\"noopener noreferrer\">Piquet D\u00e9fense p\u00e9nale<\/a><br \/>\n<span>&#8211; <\/span><a href=\"https:\/\/npk-rpp.ch\/\" target=\"_blank\" rel=\"noopener\">R\u00e9seau de la partie civile CAN<\/a><\/p>\n<\/div><\/div><\/div><\/div><\/div><div class=\"vc_col-sm-6 wpb_column vc_column_container\"><div class=\"vc_column-inner us_custom_539f15ee\"><div class=\"wpb_wrapper\"><div class=\"wpb_text_column\"><div class=\"wpb_wrapper\"><h3>Contact<\/h3>\n<\/div><\/div><div class=\"w-socials us_custom_a5c88937 color_text shape_rounded style_outlined hover_fade\" style=\"--gap:5px;\"><div class=\"w-socials-list\"><div class=\"w-socials-item facebook\"><a target=\"_blank\" rel=\"nofollow\" href=\"https:\/\/www.facebook.com\/spuehler.legal\" class=\"w-socials-item-link\" aria-label=\"Facebook\"><span class=\"w-socials-item-link-hover\"><\/span><i class=\"fab fa-facebook\"><\/i><\/a><div class=\"w-socials-item-popup\"><span>Facebook<\/span><\/div><\/div><div class=\"w-socials-item linkedin\"><a target=\"_blank\" rel=\"nofollow\" href=\"https:\/\/www.linkedin.com\/in\/fspuehler\/\" class=\"w-socials-item-link\" aria-label=\"LinkedIn\"><span class=\"w-socials-item-link-hover\"><\/span><i class=\"fab fa-linkedin\"><\/i><\/a><div class=\"w-socials-item-popup\"><span>LinkedIn<\/span><\/div><\/div><div class=\"w-socials-item xing\"><a target=\"_blank\" rel=\"nofollow\" href=\"https:\/\/www.xing.com\/profile\/Fabian_Spuehler2\" class=\"w-socials-item-link\" aria-label=\"Xing\"><span class=\"w-socials-item-link-hover\"><\/span><i class=\"fab fa-xing\"><\/i><\/a><div class=\"w-socials-item-popup\"><span>Xing<\/span><\/div><\/div><\/div><\/div><div class=\"w-separator size_custom\" style=\"height:25px\"><\/div><div class=\"w-iconbox iconpos_left style_default color_contrast align_left no_text\"><a href=\"tel:+41433440505\" class=\"w-iconbox-link\" aria-label=\"+41 43 344 05 05\"><div class=\"w-iconbox-icon\" style=\"font-size:1.3em;\"><i class=\"fas fa-phone\"><\/i><\/div><\/a><div class=\"w-iconbox-meta\"><div class=\"w-iconbox-title\"><a href=\"tel:+41433440505\" class=\"w-iconbox-link\" aria-label=\"+41 43 344 05 05\">+41 43 344 05 05<\/a><\/div><\/div><\/div><div class=\"w-separator size_custom\" style=\"height:16px\"><\/div><div class=\"w-iconbox iconpos_left style_default color_contrast align_left no_text\"><a href=\"mailto:fs@spuehler.legal\" class=\"w-iconbox-link\" aria-label=\"FS@spuehler.legal\"><div class=\"w-iconbox-icon\" style=\"font-size:1.3em;\"><i class=\"fas fa-envelope\"><\/i><\/div><\/a><div class=\"w-iconbox-meta\"><div class=\"w-iconbox-title\"><a href=\"mailto:fs@spuehler.legal\" class=\"w-iconbox-link\" aria-label=\"FS@spuehler.legal\">FS@spuehler.legal<\/a><\/div><\/div><\/div><div class=\"w-separator size_custom\" style=\"height:16px\"><\/div><div class=\"w-btn-wrapper align_none\"><a class=\"w-btn us-btn-style_1 icon_atleft\" title=\"R\u00e9server un rendez-vous\" href=\"https:\/\/spuehler.legal\/fr\/rendez-vous\/\"><i class=\"fas fa-calendar-check\"><\/i><span class=\"w-btn-label\">R\u00e9server un rendez-vous<\/span><\/a><\/div><\/div><\/div><\/div><\/div><\/div><\/div><\/div><\/div><\/div><\/section>\n","protected":false},"excerpt":{"rendered":"Votre avocat \u00e0 Zurich Me Fabian Sp\u00fchler vous repr\u00e9sente avec engagement et comp\u00e9tence. Fabian Sp\u00fchlerMLaw, avocatCarri\u00e8re L&rsquo;avocat Fabian Sp\u00fchler (n\u00e9 en 1987) a termin\u00e9 ses \u00e9tudes de droit \u00e0 l&rsquo;Universit\u00e9 de Zurich en \u00e9t\u00e9 2012 avec le titre de Master of Law (MLaw). Il a pass\u00e9 six mois d&rsquo;\u00e9tudes \u00e0 Madrid \u00e0 l&rsquo;Universit\u00e9 Rey Juan...","protected":false},"author":1,"featured_media":0,"parent":0,"menu_order":0,"comment_status":"closed","ping_status":"closed","template":"","meta":{"footnotes":""},"class_list":["post-1541","page","type-page","status-publish","hentry"],"yoast_head":"<!-- This site is optimized with the Yoast SEO Premium plugin v27.4 (Yoast SEO v27.4) - https:\/\/yoast.com\/product\/yoast-seo-premium-wordpress\/ -->\n<title>Sp\u00fchler Rechtsanw\u00e4lte AG - Avocat \u00e0 Zurich | Avocat Fabian Sp\u00fchler<\/title>\n<meta name=\"description\" content=\"Me Fabian Sp\u00fchler exerce une activit\u00e9 de conseil et de contentieux. Il repr\u00e9sente des particuliers ainsi que des PME dans des affaires nationales et internationales en mati\u00e8re de droit p\u00e9nal et civil.\" \/>\n<meta name=\"robots\" content=\"index, follow, max-snippet:-1, max-image-preview:large, max-video-preview:-1\" \/>\n<link rel=\"canonical\" href=\"https:\/\/spuehler.legal\/fr\/votre-avocat-a-zurich\/\" \/>\n<meta property=\"og:locale\" content=\"fr_FR\" \/>\n<meta property=\"og:type\" content=\"article\" \/>\n<meta property=\"og:title\" content=\"Votre avocat \u00e0 Zurich\" \/>\n<meta property=\"og:description\" content=\"Me Fabian Sp\u00fchler exerce une activit\u00e9 de conseil et de contentieux. Il repr\u00e9sente des particuliers ainsi que des PME dans des affaires nationales et internationales en mati\u00e8re de droit p\u00e9nal et civil.\" \/>\n<meta property=\"og:url\" content=\"https:\/\/spuehler.legal\/fr\/votre-avocat-a-zurich\/\" \/>\n<meta property=\"og:site_name\" content=\"Sp\u00fchler Rechtsanw\u00e4lte AG\" \/>\n<meta property=\"article:publisher\" content=\"https:\/\/www.facebook.com\/spuehler.legal\" \/>\n<meta property=\"article:modified_time\" content=\"2025-12-01T11:29:22+00:00\" \/>\n<meta name=\"twitter:card\" content=\"summary_large_image\" \/>\n<meta name=\"twitter:label1\" content=\"Dur\u00e9e de lecture estim\u00e9e\" \/>\n\t<meta name=\"twitter:data1\" content=\"5 minutes\" \/>\n<script type=\"application\/ld+json\" class=\"yoast-schema-graph\">{\"@context\":\"https:\\\/\\\/schema.org\",\"@graph\":[{\"@type\":\"WebPage\",\"@id\":\"https:\\\/\\\/spuehler.legal\\\/fr\\\/votre-avocat-a-zurich\\\/\",\"url\":\"https:\\\/\\\/spuehler.legal\\\/fr\\\/votre-avocat-a-zurich\\\/\",\"name\":\"Sp\u00fchler Rechtsanw\u00e4lte AG - Avocat \u00e0 Zurich | Avocat Fabian Sp\u00fchler\",\"isPartOf\":{\"@id\":\"https:\\\/\\\/spuehler.legal\\\/fr\\\/#website\"},\"datePublished\":\"2018-04-11T13:08:45+00:00\",\"dateModified\":\"2025-12-01T11:29:22+00:00\",\"description\":\"Me Fabian Sp\u00fchler exerce une activit\u00e9 de conseil et de contentieux. Il repr\u00e9sente des particuliers ainsi que des PME dans des affaires nationales et internationales en mati\u00e8re de droit p\u00e9nal et civil.\",\"breadcrumb\":{\"@id\":\"https:\\\/\\\/spuehler.legal\\\/fr\\\/votre-avocat-a-zurich\\\/#breadcrumb\"},\"inLanguage\":\"fr-FR\",\"potentialAction\":[{\"@type\":\"ReadAction\",\"target\":[\"https:\\\/\\\/spuehler.legal\\\/fr\\\/votre-avocat-a-zurich\\\/\"]}]},{\"@type\":\"BreadcrumbList\",\"@id\":\"https:\\\/\\\/spuehler.legal\\\/fr\\\/votre-avocat-a-zurich\\\/#breadcrumb\",\"itemListElement\":[{\"@type\":\"ListItem\",\"position\":1,\"name\":\"Startseite\",\"item\":\"https:\\\/\\\/spuehler.legal\\\/fr\\\/accueil\\\/\"},{\"@type\":\"ListItem\",\"position\":2,\"name\":\"Votre avocat \u00e0 Zurich\"}]},{\"@type\":\"WebSite\",\"@id\":\"https:\\\/\\\/spuehler.legal\\\/fr\\\/#website\",\"url\":\"https:\\\/\\\/spuehler.legal\\\/fr\\\/\",\"name\":\"Sp\u00fchler Rechtsanw\u00e4lte AG\",\"description\":\"Rechtsberatung und Rechtsvertretung in allen Lebenslagen\",\"publisher\":{\"@id\":\"https:\\\/\\\/spuehler.legal\\\/fr\\\/#organization\"},\"potentialAction\":[{\"@type\":\"SearchAction\",\"target\":{\"@type\":\"EntryPoint\",\"urlTemplate\":\"https:\\\/\\\/spuehler.legal\\\/fr\\\/?s={search_term_string}\"},\"query-input\":{\"@type\":\"PropertyValueSpecification\",\"valueRequired\":true,\"valueName\":\"search_term_string\"}}],\"inLanguage\":\"fr-FR\"},{\"@type\":\"Organization\",\"@id\":\"https:\\\/\\\/spuehler.legal\\\/fr\\\/#organization\",\"name\":\"Sp\u00fchler Rechtsanw\u00e4lte AG\",\"url\":\"https:\\\/\\\/spuehler.legal\\\/fr\\\/\",\"logo\":{\"@type\":\"ImageObject\",\"inLanguage\":\"fr-FR\",\"@id\":\"https:\\\/\\\/spuehler.legal\\\/fr\\\/#\\\/schema\\\/logo\\\/image\\\/\",\"url\":\"https:\\\/\\\/spuehler.legal\\\/wp-content\\\/uploads\\\/2020\\\/08\\\/logo-spuehler-rechtsanwaelte.png\",\"contentUrl\":\"https:\\\/\\\/spuehler.legal\\\/wp-content\\\/uploads\\\/2020\\\/08\\\/logo-spuehler-rechtsanwaelte.png\",\"width\":898,\"height\":259,\"caption\":\"Sp\u00fchler Rechtsanw\u00e4lte AG\"},\"image\":{\"@id\":\"https:\\\/\\\/spuehler.legal\\\/fr\\\/#\\\/schema\\\/logo\\\/image\\\/\"},\"sameAs\":[\"https:\\\/\\\/www.facebook.com\\\/spuehler.legal\",\"https:\\\/\\\/www.linkedin.com\\\/in\\\/fspuehler\\\/\"],\"description\":\"Die Anwaltskanzlei Sp\u00fchler Rechtsanw\u00e4lte AG ist beratend und prozessierend t\u00e4tig. Sie vertritt Privatpersonen sowie kleine und mittlere Unternehmen (KMU) in nationalen und internationalen Sachverhalten. Durch die breite Ausrichtung der Kanzlei ist eine ganzheitliche Beratung m\u00f6glich, welche auf Deutsch, Englisch, Spanisch, Franz\u00f6sisch, Italienisch oder Portugiesisch stattfindet. Kontaktieren Sie Ihre Anw\u00e4ltin oder Ihren Anwalt in Z\u00fcrich!\",\"email\":\"info@spuehler.legal\",\"telephone\":\"+41433440505\",\"legalName\":\"Sp\u00fchler Rechtsanw\u00e4lte AG\",\"foundingDate\":\"2018-01-01\",\"vatID\":\"CHE-431.484.624\",\"numberOfEmployees\":{\"@type\":\"QuantitativeValue\",\"minValue\":\"1\",\"maxValue\":\"10\"}}]}<\/script>\n<!-- \/ Yoast SEO Premium plugin. -->","yoast_head_json":{"title":"Sp\u00fchler Rechtsanw\u00e4lte AG - Avocat \u00e0 Zurich | Avocat Fabian Sp\u00fchler","description":"Me Fabian Sp\u00fchler exerce une activit\u00e9 de conseil et de contentieux. Il repr\u00e9sente des particuliers ainsi que des PME dans des affaires nationales et internationales en mati\u00e8re de droit p\u00e9nal et civil.","robots":{"index":"index","follow":"follow","max-snippet":"max-snippet:-1","max-image-preview":"max-image-preview:large","max-video-preview":"max-video-preview:-1"},"canonical":"https:\/\/spuehler.legal\/fr\/votre-avocat-a-zurich\/","og_locale":"fr_FR","og_type":"article","og_title":"Votre avocat \u00e0 Zurich","og_description":"Me Fabian Sp\u00fchler exerce une activit\u00e9 de conseil et de contentieux. Il repr\u00e9sente des particuliers ainsi que des PME dans des affaires nationales et internationales en mati\u00e8re de droit p\u00e9nal et civil.","og_url":"https:\/\/spuehler.legal\/fr\/votre-avocat-a-zurich\/","og_site_name":"Sp\u00fchler Rechtsanw\u00e4lte AG","article_publisher":"https:\/\/www.facebook.com\/spuehler.legal","article_modified_time":"2025-12-01T11:29:22+00:00","twitter_card":"summary_large_image","twitter_misc":{"Dur\u00e9e de lecture estim\u00e9e":"5 minutes"},"schema":{"@context":"https:\/\/schema.org","@graph":[{"@type":"WebPage","@id":"https:\/\/spuehler.legal\/fr\/votre-avocat-a-zurich\/","url":"https:\/\/spuehler.legal\/fr\/votre-avocat-a-zurich\/","name":"Sp\u00fchler Rechtsanw\u00e4lte AG - Avocat \u00e0 Zurich | Avocat Fabian Sp\u00fchler","isPartOf":{"@id":"https:\/\/spuehler.legal\/fr\/#website"},"datePublished":"2018-04-11T13:08:45+00:00","dateModified":"2025-12-01T11:29:22+00:00","description":"Me Fabian Sp\u00fchler exerce une activit\u00e9 de conseil et de contentieux. Il repr\u00e9sente des particuliers ainsi que des PME dans des affaires nationales et internationales en mati\u00e8re de droit p\u00e9nal et civil.","breadcrumb":{"@id":"https:\/\/spuehler.legal\/fr\/votre-avocat-a-zurich\/#breadcrumb"},"inLanguage":"fr-FR","potentialAction":[{"@type":"ReadAction","target":["https:\/\/spuehler.legal\/fr\/votre-avocat-a-zurich\/"]}]},{"@type":"BreadcrumbList","@id":"https:\/\/spuehler.legal\/fr\/votre-avocat-a-zurich\/#breadcrumb","itemListElement":[{"@type":"ListItem","position":1,"name":"Startseite","item":"https:\/\/spuehler.legal\/fr\/accueil\/"},{"@type":"ListItem","position":2,"name":"Votre avocat \u00e0 Zurich"}]},{"@type":"WebSite","@id":"https:\/\/spuehler.legal\/fr\/#website","url":"https:\/\/spuehler.legal\/fr\/","name":"Sp\u00fchler Rechtsanw\u00e4lte AG","description":"Rechtsberatung und Rechtsvertretung in allen Lebenslagen","publisher":{"@id":"https:\/\/spuehler.legal\/fr\/#organization"},"potentialAction":[{"@type":"SearchAction","target":{"@type":"EntryPoint","urlTemplate":"https:\/\/spuehler.legal\/fr\/?s={search_term_string}"},"query-input":{"@type":"PropertyValueSpecification","valueRequired":true,"valueName":"search_term_string"}}],"inLanguage":"fr-FR"},{"@type":"Organization","@id":"https:\/\/spuehler.legal\/fr\/#organization","name":"Sp\u00fchler Rechtsanw\u00e4lte AG","url":"https:\/\/spuehler.legal\/fr\/","logo":{"@type":"ImageObject","inLanguage":"fr-FR","@id":"https:\/\/spuehler.legal\/fr\/#\/schema\/logo\/image\/","url":"https:\/\/spuehler.legal\/wp-content\/uploads\/2020\/08\/logo-spuehler-rechtsanwaelte.png","contentUrl":"https:\/\/spuehler.legal\/wp-content\/uploads\/2020\/08\/logo-spuehler-rechtsanwaelte.png","width":898,"height":259,"caption":"Sp\u00fchler Rechtsanw\u00e4lte AG"},"image":{"@id":"https:\/\/spuehler.legal\/fr\/#\/schema\/logo\/image\/"},"sameAs":["https:\/\/www.facebook.com\/spuehler.legal","https:\/\/www.linkedin.com\/in\/fspuehler\/"],"description":"Die Anwaltskanzlei Sp\u00fchler Rechtsanw\u00e4lte AG ist beratend und prozessierend t\u00e4tig. Sie vertritt Privatpersonen sowie kleine und mittlere Unternehmen (KMU) in nationalen und internationalen Sachverhalten. Durch die breite Ausrichtung der Kanzlei ist eine ganzheitliche Beratung m\u00f6glich, welche auf Deutsch, Englisch, Spanisch, Franz\u00f6sisch, Italienisch oder Portugiesisch stattfindet. Kontaktieren Sie Ihre Anw\u00e4ltin oder Ihren Anwalt in Z\u00fcrich!","email":"info@spuehler.legal","telephone":"+41433440505","legalName":"Sp\u00fchler Rechtsanw\u00e4lte AG","foundingDate":"2018-01-01","vatID":"CHE-431.484.624","numberOfEmployees":{"@type":"QuantitativeValue","minValue":"1","maxValue":"10"}}]}},"_links":{"self":[{"href":"https:\/\/spuehler.legal\/fr\/wp-json\/wp\/v2\/pages\/1541","targetHints":{"allow":["GET"]}}],"collection":[{"href":"https:\/\/spuehler.legal\/fr\/wp-json\/wp\/v2\/pages"}],"about":[{"href":"https:\/\/spuehler.legal\/fr\/wp-json\/wp\/v2\/types\/page"}],"author":[{"embeddable":true,"href":"https:\/\/spuehler.legal\/fr\/wp-json\/wp\/v2\/users\/1"}],"replies":[{"embeddable":true,"href":"https:\/\/spuehler.legal\/fr\/wp-json\/wp\/v2\/comments?post=1541"}],"version-history":[{"count":38,"href":"https:\/\/spuehler.legal\/fr\/wp-json\/wp\/v2\/pages\/1541\/revisions"}],"predecessor-version":[{"id":7501,"href":"https:\/\/spuehler.legal\/fr\/wp-json\/wp\/v2\/pages\/1541\/revisions\/7501"}],"wp:attachment":[{"href":"https:\/\/spuehler.legal\/fr\/wp-json\/wp\/v2\/media?parent=1541"}],"curies":[{"name":"wp","href":"https:\/\/api.w.org\/{rel}","templated":true}]}}