{"id":1530,"date":"2018-04-11T14:44:00","date_gmt":"2018-04-11T12:44:00","guid":{"rendered":"https:\/\/spuehler.legal\/contact\/"},"modified":"2025-06-15T10:56:31","modified_gmt":"2025-06-15T08:56:31","slug":"contact","status":"publish","type":"page","link":"https:\/\/spuehler.legal\/fr\/contact\/","title":{"rendered":"Contact"},"content":{"rendered":"<section class=\"l-section wpb_row height_large color_primary with_img\"><div class=\"l-section-img\" role=\"img\" aria-label=\"Image\" data-img-width=\"1920\" data-img-height=\"1280\" style=\"background-image: url(https:\/\/spuehler.legal\/wp-content\/uploads\/2017\/12\/juristische-bibliothek-zuerich.jpg);\"><\/div><div class=\"l-section-overlay\" style=\"background:rgba(0,0,0,0.6)\"><\/div><div class=\"l-section-h i-cf\"><div class=\"g-cols vc_row via_flex valign_top type_default stacking_default\"><div class=\"vc_col-sm-12 wpb_column vc_column_container\"><div class=\"vc_column-inner\"><div class=\"wpb_wrapper\"><div class=\"wpb_text_column\"><div class=\"wpb_wrapper\"><h1 class=\"ai-optimize-28\">Contact &#8211; <strong>Contacter<\/strong> le cabinet d&rsquo;avocats de <strong>Zurich<\/strong><\/h1>\n<p class=\"ai-optimize-29\">\n<\/div><\/div><div class=\"wpb_text_column us_custom_dfddb007\"><div class=\"wpb_wrapper\"><h3 class=\"ai-optimize-30\">Contactez-nous <strong>sans engagement.<br \/>\n<\/strong><\/h3>\n<p class=\"ai-optimize-31\">\n<\/div><\/div><\/div><\/div><\/div><\/div><\/div><\/section><section class=\"l-section wpb_row height_medium\"><div class=\"l-section-h i-cf\"><div class=\"g-cols vc_row via_flex valign_top type_default stacking_default\"><div class=\"vc_col-sm-6 wpb_column vc_column_container\"><div class=\"vc_column-inner us_custom_539f15ee\"><div class=\"wpb_wrapper\"><div class=\"wpb_text_column\"><div class=\"wpb_wrapper\"><h3 class=\"ai-optimize-32\">Coordonn\u00e9es<\/h3>\n<p class=\"ai-optimize-33\">\n<\/div><\/div><div class=\"w-iconbox iconpos_left style_default color_primary align_left no_title\"><div class=\"w-iconbox-icon\" style=\"font-size:1.5em;\"><i class=\"fas fa-map-marker-alt\"><\/i><\/div><div class=\"w-iconbox-meta\"><div class=\"w-iconbox-text\"><p>Sp\u00fchler Rechtsanw\u00e4lte AG<br \/>\nGeneral-Wille-Strasse 19<br \/>\nCH-8002 Zurich<\/p>\n<\/div><\/div><\/div><div class=\"w-separator size_custom\" style=\"height:20px\"><\/div><div class=\"w-iconbox iconpos_left style_default color_primary align_left no_text\"><a href=\"tel:+41433440505\" class=\"w-iconbox-link\" aria-label=\"+41 43 344 05 05\"><div class=\"w-iconbox-icon\" style=\"font-size:1.5em;\"><i class=\"fas fa-phone\"><\/i><\/div><\/a><div class=\"w-iconbox-meta\"><div class=\"w-iconbox-title\"><a href=\"tel:+41433440505\" class=\"w-iconbox-link\" aria-label=\"+41 43 344 05 05\">+41 43 344 05 05<\/a><\/div><\/div><\/div><div class=\"w-separator size_custom\" style=\"height:12px\"><\/div><div class=\"w-iconbox iconpos_left style_default color_primary align_left no_text\"><a href=\"mailto:info@spuehler.legal\" class=\"w-iconbox-link\" aria-label=\"info@spuehler.legal\"><div class=\"w-iconbox-icon\" style=\"font-size:1.5em;\"><i class=\"fas fa-envelope\"><\/i><\/div><\/a><div class=\"w-iconbox-meta\"><div class=\"w-iconbox-title\"><a href=\"mailto:info@spuehler.legal\" class=\"w-iconbox-link\" aria-label=\"info@spuehler.legal\">info@spuehler.legal<\/a><\/div><\/div><\/div><div class=\"w-separator size_custom\" style=\"height:24px\"><\/div><div class=\"w-socials us_custom_6c9a0c76 color_text shape_rounded style_outlined hover_fade\" style=\"--gap:0.1em;\"><div class=\"w-socials-list\"><div class=\"w-socials-item facebook\"><a target=\"_blank\" rel=\"nofollow\" href=\"https:\/\/www.facebook.com\/spuehler.legal\" class=\"w-socials-item-link\" aria-label=\"Facebook\"><span class=\"w-socials-item-link-hover\"><\/span><i class=\"fab fa-facebook\"><\/i><\/a><div class=\"w-socials-item-popup\"><span>Facebook<\/span><\/div><\/div><div class=\"w-socials-item linkedin\"><a target=\"_blank\" rel=\"nofollow\" href=\"https:\/\/www.linkedin.com\/compagnie\/spuehler-avocat en droit\" class=\"w-socials-item-link\" aria-label=\"LinkedIn\"><span class=\"w-socials-item-link-hover\"><\/span><i class=\"fab fa-linkedin\"><\/i><\/a><div class=\"w-socials-item-popup\"><span>LinkedIn<\/span><\/div><\/div><\/div><\/div><div class=\"w-separator size_custom\" style=\"height:12px\"><\/div><div class=\"w-btn-wrapper align_none\"><a class=\"w-btn us-btn-style_1 icon_atleft\" title=\"R\u00e9server un rendez-vous\" href=\"https:\/\/spuehler.legal\/fr\/rendez-vous\/\"><i class=\"fas fa-calendar-check\"><\/i><span class=\"w-btn-label\">R\u00e9server un rendez-vous<\/span><\/a><\/div><div class=\"w-btn-wrapper align_none\"><a class=\"w-btn us-btn-style_1 icon_atleft\" href=\"https:\/\/spuehler.legal\/fr\/demander-un-rappel\/\"><i class=\"fas fa-phone-volume\"><\/i><span class=\"w-btn-label\">Demander \u00e0 \u00eatre rappel\u00e9<\/span><\/a><\/div><div class=\"w-separator size_large\"><\/div><div class=\"wpb_text_column\"><div class=\"wpb_wrapper\"><h3 class=\"ai-optimize-34\">Heures d&rsquo;ouverture<\/h3>\n<p class=\"ai-optimize-35\">Du lundi au vendredi de 8h30 \u00e0 11h30 et de 14h00 \u00e0 17h00. <strong>Rendez-vous uniquement sur rendez-vous.<\/strong><\/p>\n<p class=\"ai-optimize-36\">Le cabinet d&rsquo;avocats est ferm\u00e9 du 1er au 2 janvier, le Vendredi saint, le lundi de P\u00e2ques, l&rsquo;Ascension, le lundi de Pentec\u00f4te, le 1er ao\u00fbt et du 24 au 26 d\u00e9cembre.<\/p>\n<\/div><\/div><div class=\"w-separator size_medium\"><\/div><div class=\"wpb_text_column\"><div class=\"wpb_wrapper\"><h3 class=\"ai-optimize-37\">Plan d&rsquo;acc\u00e8s<\/h3>\n<p class=\"ai-optimize-38\">Le cabinet d&rsquo;avocats se trouve \u00e0 quelques pas de la <strong>gare de Zurich Enge <\/strong>.<\/p>\n<p class=\"ai-optimize-39\">Les transports publics suivants desservent la gare de Zurich Enge (\/Bederstrasse) :<\/p>\n<ul>\n<li class=\"ai-optimize-40\">Lignes de tramway 6, 7, 13 et 17<\/li>\n<li class=\"ai-optimize-41\">Lignes de S-Bahn S2, S8, S24 et S25<\/li>\n<li class=\"ai-optimize-42\">Lignes de cars postaux 200, 210, 444 et 445<\/li>\n<\/ul>\n<p class=\"ai-optimize-43\">\n<\/div><\/div><div class=\"w-btn-wrapper align_none\"><a class=\"w-btn us-btn-style_5 us_custom_f73f4019 icon_atleft\" target=\" _blank\" rel=\"nofollow\" href=\"https:\/\/online.fahrplan.zvv.ch\/dn?Z=Z\u00fcrich,+General-Wille-Strasse+19&amp;ZADR=1&amp;start=1\"><i class=\"fas fa-subway\"><\/i><span class=\"w-btn-label\">Interroger la connexion<\/span><\/a><\/div><div class=\"w-btn-wrapper align_none\"><a class=\"w-btn us-btn-style_5 us_custom_f73f4019 icon_atleft\" target=\" _blank\" rel=\"nofollow\" href=\"https:\/\/www.google.ch\/maps\/dir\/&#039;&#039;\/General-Wille-Strasse+19,+8004+Z\u00fcrich\"><i class=\"fas fa-car\"><\/i><span class=\"w-btn-label\">Plan d&#039;acc\u00e8s<\/span><\/a><\/div><div class=\"w-separator size_medium\"><\/div><div class=\"wpb_text_column\"><div class=\"wpb_wrapper\"><h3 class=\"ai-optimize-44\">Coordonn\u00e9es bancaires<\/h3>\n<p class=\"ai-optimize-45\">Z\u00fcrcher Kantonalbank, 8010 Z\u00fcrich<br \/>\nIBAN : CH85 0070 0114 8079 5889 3<br \/>\nSWIFT\/BIC : ZKBKCHZZ80A<\/p>\n<\/div><\/div><\/div><\/div><\/div><div class=\"vc_col-sm-6 wpb_column vc_column_container\"><div class=\"vc_column-inner us_custom_8e09cc6b\"><div class=\"wpb_wrapper\"><div class=\"wpb_text_column\"><div class=\"wpb_wrapper\"><h3 class=\"ai-optimize-46\">Formulaire de contact<\/h3>\n<p class=\"ai-optimize-47\">Veuillez remplir le formulaire de contact pour contacter le cabinet d&rsquo;avocats :<\/p>\n<\/div><\/div>\n<div class=\"wpcf7 no-js\" id=\"wpcf7-f3370-o1\" lang=\"fr-FR\" dir=\"ltr\" data-wpcf7-id=\"3370\">\n<div class=\"screen-reader-response\"><p role=\"status\" aria-live=\"polite\" aria-atomic=\"true\"><\/p> <ul><\/ul><\/div>\n<form action=\"\/fr\/wp-json\/wp\/v2\/pages\/1530#wpcf7-f3370-o1\" method=\"post\" class=\"wpcf7-form init\" aria-label=\"Formulaire de contact\" novalidate=\"novalidate\" data-status=\"init\">\n<fieldset class=\"hidden-fields-container\"><input type=\"hidden\" name=\"_wpcf7\" value=\"3370\" \/><input type=\"hidden\" name=\"_wpcf7_version\" value=\"6.1.5\" \/><input type=\"hidden\" name=\"_wpcf7_locale\" value=\"fr_FR\" \/><input type=\"hidden\" name=\"_wpcf7_unit_tag\" value=\"wpcf7-f3370-o1\" \/><input type=\"hidden\" name=\"_wpcf7_container_post\" value=\"0\" \/><input type=\"hidden\" name=\"_wpcf7_posted_data_hash\" value=\"\" \/><input type=\"hidden\" name=\"_wpcf7_recaptcha_response\" value=\"\" \/>\n<\/fieldset>\n<p><span class=\"wpcf7-form-control-wrap\" data-name=\"your-name\"><input size=\"40\" maxlength=\"400\" class=\"wpcf7-form-control wpcf7-text wpcf7-validates-as-required\" aria-required=\"true\" aria-invalid=\"false\" placeholder=\"Nom *\" value=\"\" type=\"text\" name=\"your-name\" \/><\/span>\n<\/p>\n<p><span class=\"wpcf7-form-control-wrap\" data-name=\"your-email\"><input size=\"40\" maxlength=\"400\" class=\"wpcf7-form-control wpcf7-email wpcf7-validates-as-required wpcf7-text wpcf7-validates-as-email\" aria-required=\"true\" aria-invalid=\"false\" placeholder=\"Courrier \u00e9lectronique *\" value=\"\" type=\"email\" name=\"your-email\" \/><\/span>\n<\/p>\n<p><span class=\"wpcf7-form-control-wrap\" data-name=\"your-phone\"><input size=\"40\" maxlength=\"400\" class=\"wpcf7-form-control wpcf7-tel wpcf7-text wpcf7-validates-as-tel\" aria-invalid=\"false\" placeholder=\"T\u00e9l\u00e9phone\" value=\"\" type=\"tel\" name=\"your-phone\" \/><\/span>\n<\/p>\n<p><span class=\"wpcf7-form-control-wrap\" data-name=\"your-message\"><textarea cols=\"40\" rows=\"10\" maxlength=\"2000\" class=\"wpcf7-form-control wpcf7-textarea wpcf7-validates-as-required\" aria-required=\"true\" aria-invalid=\"false\" placeholder=\"Message *\" name=\"your-message\"><\/textarea><\/span>\n<\/p>\n<p><span id=\"wpcf7-69ea44cb64ee8-wrapper\" class=\"wpcf7-form-control-wrap website-wrap\" style=\"display:none !important; visibility:hidden !important;\"><label for=\"wpcf7-69ea44cb64ee8-field\" class=\"hp-message\">Veuillez laisser ce champ vide.<\/label><input id=\"wpcf7-69ea44cb64ee8-field\"  class=\"wpcf7-form-control wpcf7-text\" type=\"text\" name=\"website\" value=\"\" size=\"40\" tabindex=\"-1\" autocomplete=\"new-password\" \/><\/span>\n<\/p>\n<p><span id=\"wpcf7-69ea44cb64f3a-wrapper\" class=\"wpcf7-form-control-wrap text-wrap\" style=\"display:none !important; visibility:hidden !important;\"><label for=\"wpcf7-69ea44cb64f3a-field\" class=\"hp-message\">Veuillez laisser ce champ vide.<\/label><input id=\"wpcf7-69ea44cb64f3a-field\"  class=\"wpcf7-form-control wpcf7-text\" type=\"text\" name=\"text\" value=\"\" size=\"40\" tabindex=\"-1\" autocomplete=\"new-password\" \/><\/span>\n<\/p>\n<p><input class=\"wpcf7-form-control wpcf7-submit has-spinner\" type=\"submit\" value=\"Envoyer\" \/>\n<\/p><div class=\"wpcf7-response-output\" aria-hidden=\"true\"><\/div>\n<\/form>\n<\/div>\n<\/div><\/div><\/div><\/div><\/div><\/section><section class=\"l-section wpb_row height_auto width_full\"><div class=\"l-section-h i-cf\"><div class=\"g-cols vc_row via_flex valign_top type_default stacking_default\"><div class=\"vc_col-sm-12 wpb_column vc_column_container\"><div class=\"vc_column-inner\"><div class=\"wpb_wrapper\"><div class=\"w-map provider_google us_custom_cfdf64d4\" id=\"us_map_1\"><div class=\"w-map-inner\"><div class=\"w-map-json\" onclick='return {&quot;address&quot;:&quot;General-Wille-Strasse 19, 8002 Zurich&quot;,&quot;disableDragging&quot;:0,&quot;disableZoom&quot;:1,&quot;hideControls&quot;:0,&quot;zoom&quot;:14,&quot;markers&quot;:[{&quot;address&quot;:&quot;General-Wille-Strasse 19, 8002 Zurich&quot;,&quot;html&quot;:&quot;&lt;h6&gt;Sp\\u00fchler Rechtsanw\\u00e4lte AG&lt;\\\/h6&gt;&lt;p&gt;General-Wille-Strasse 19, 8002 Zurich&lt;\\\/p&gt;&quot;,&quot;infowindow&quot;:0}],&quot;maptype&quot;:&quot;ROADMAP&quot;}'><\/div><\/div><\/div><\/div><\/div><\/div><\/div><\/div><\/section>\n","protected":false},"excerpt":{"rendered":"Contact &#8211; Contacter le cabinet d&rsquo;avocats de Zurich Contactez-nous sans engagement. Coordonn\u00e9es Sp\u00fchler Rechtsanw\u00e4lte AG General-Wille-Strasse 19 CH-8002 Zurich +41 43 344 05 05info@spuehler.legalFacebookLinkedInR\u00e9server un rendez-vousDemander \u00e0 \u00eatre rappel\u00e9 Heures d&rsquo;ouverture Du lundi au vendredi de 8h30 \u00e0 11h30 et de 14h00 \u00e0 17h00. Rendez-vous uniquement sur rendez-vous. Le cabinet d&rsquo;avocats est ferm\u00e9 du 1er...","protected":false},"author":1,"featured_media":0,"parent":0,"menu_order":0,"comment_status":"closed","ping_status":"closed","template":"","meta":{"footnotes":""},"class_list":["post-1530","page","type-page","status-publish","hentry"],"yoast_head":"<!-- This site is optimized with the Yoast SEO Premium plugin v27.4 (Yoast SEO v27.4) - https:\/\/yoast.com\/product\/yoast-seo-premium-wordpress\/ -->\n<title>Avocat \u00e0 Zurich : contact, rendez-vous et heures d&#039;ouverture<\/title>\n<meta name=\"description\" content=\"Visitez Sp\u00fchler Rechtsanw\u00e4lte AG \u00e0 Zurich pour une assistance juridique : possibilit\u00e9s de contact + heures d&#039;ouverture.\" \/>\n<meta name=\"robots\" content=\"index, follow, max-snippet:-1, max-image-preview:large, max-video-preview:-1\" \/>\n<link rel=\"canonical\" href=\"https:\/\/spuehler.legal\/fr\/contact\/\" \/>\n<meta property=\"og:locale\" content=\"fr_FR\" \/>\n<meta property=\"og:type\" content=\"article\" \/>\n<meta property=\"og:title\" content=\"Contact\" \/>\n<meta property=\"og:description\" content=\"Visitez Sp\u00fchler Rechtsanw\u00e4lte AG \u00e0 Zurich pour une assistance juridique : possibilit\u00e9s de contact + heures d&#039;ouverture.\" \/>\n<meta property=\"og:url\" content=\"https:\/\/spuehler.legal\/fr\/contact\/\" \/>\n<meta property=\"og:site_name\" content=\"Sp\u00fchler Rechtsanw\u00e4lte AG\" \/>\n<meta property=\"article:publisher\" content=\"https:\/\/www.facebook.com\/spuehler.legal\" \/>\n<meta property=\"article:modified_time\" content=\"2025-06-15T08:56:31+00:00\" \/>\n<meta name=\"twitter:card\" content=\"summary_large_image\" \/>\n<meta name=\"twitter:label1\" content=\"Dur\u00e9e de lecture estim\u00e9e\" \/>\n\t<meta name=\"twitter:data1\" content=\"4 minutes\" \/>\n<script type=\"application\/ld+json\" class=\"yoast-schema-graph\">{\"@context\":\"https:\\\/\\\/schema.org\",\"@graph\":[{\"@type\":\"WebPage\",\"@id\":\"https:\\\/\\\/spuehler.legal\\\/fr\\\/contact\\\/\",\"url\":\"https:\\\/\\\/spuehler.legal\\\/fr\\\/contact\\\/\",\"name\":\"Avocat \u00e0 Zurich : contact, rendez-vous et heures d'ouverture\",\"isPartOf\":{\"@id\":\"https:\\\/\\\/spuehler.legal\\\/fr\\\/#website\"},\"datePublished\":\"2018-04-11T12:44:00+00:00\",\"dateModified\":\"2025-06-15T08:56:31+00:00\",\"description\":\"Visitez Sp\u00fchler Rechtsanw\u00e4lte AG \u00e0 Zurich pour une assistance juridique : possibilit\u00e9s de contact + heures d'ouverture.\",\"breadcrumb\":{\"@id\":\"https:\\\/\\\/spuehler.legal\\\/fr\\\/contact\\\/#breadcrumb\"},\"inLanguage\":\"fr-FR\",\"potentialAction\":[{\"@type\":\"ReadAction\",\"target\":[\"https:\\\/\\\/spuehler.legal\\\/fr\\\/contact\\\/\"]}]},{\"@type\":\"BreadcrumbList\",\"@id\":\"https:\\\/\\\/spuehler.legal\\\/fr\\\/contact\\\/#breadcrumb\",\"itemListElement\":[{\"@type\":\"ListItem\",\"position\":1,\"name\":\"Startseite\",\"item\":\"https:\\\/\\\/spuehler.legal\\\/fr\\\/accueil\\\/\"},{\"@type\":\"ListItem\",\"position\":2,\"name\":\"Contact\"}]},{\"@type\":\"WebSite\",\"@id\":\"https:\\\/\\\/spuehler.legal\\\/fr\\\/#website\",\"url\":\"https:\\\/\\\/spuehler.legal\\\/fr\\\/\",\"name\":\"Sp\u00fchler Rechtsanw\u00e4lte AG\",\"description\":\"Rechtsberatung und Rechtsvertretung in allen Lebenslagen\",\"publisher\":{\"@id\":\"https:\\\/\\\/spuehler.legal\\\/fr\\\/#organization\"},\"potentialAction\":[{\"@type\":\"SearchAction\",\"target\":{\"@type\":\"EntryPoint\",\"urlTemplate\":\"https:\\\/\\\/spuehler.legal\\\/fr\\\/?s={search_term_string}\"},\"query-input\":{\"@type\":\"PropertyValueSpecification\",\"valueRequired\":true,\"valueName\":\"search_term_string\"}}],\"inLanguage\":\"fr-FR\"},{\"@type\":\"Organization\",\"@id\":\"https:\\\/\\\/spuehler.legal\\\/fr\\\/#organization\",\"name\":\"Sp\u00fchler Rechtsanw\u00e4lte AG\",\"url\":\"https:\\\/\\\/spuehler.legal\\\/fr\\\/\",\"logo\":{\"@type\":\"ImageObject\",\"inLanguage\":\"fr-FR\",\"@id\":\"https:\\\/\\\/spuehler.legal\\\/fr\\\/#\\\/schema\\\/logo\\\/image\\\/\",\"url\":\"https:\\\/\\\/spuehler.legal\\\/wp-content\\\/uploads\\\/2020\\\/08\\\/logo-spuehler-rechtsanwaelte.png\",\"contentUrl\":\"https:\\\/\\\/spuehler.legal\\\/wp-content\\\/uploads\\\/2020\\\/08\\\/logo-spuehler-rechtsanwaelte.png\",\"width\":898,\"height\":259,\"caption\":\"Sp\u00fchler Rechtsanw\u00e4lte AG\"},\"image\":{\"@id\":\"https:\\\/\\\/spuehler.legal\\\/fr\\\/#\\\/schema\\\/logo\\\/image\\\/\"},\"sameAs\":[\"https:\\\/\\\/www.facebook.com\\\/spuehler.legal\",\"https:\\\/\\\/www.linkedin.com\\\/in\\\/fspuehler\\\/\"],\"description\":\"Die Anwaltskanzlei Sp\u00fchler Rechtsanw\u00e4lte AG ist beratend und prozessierend t\u00e4tig. Sie vertritt Privatpersonen sowie kleine und mittlere Unternehmen (KMU) in nationalen und internationalen Sachverhalten. Durch die breite Ausrichtung der Kanzlei ist eine ganzheitliche Beratung m\u00f6glich, welche auf Deutsch, Englisch, Spanisch, Franz\u00f6sisch, Italienisch oder Portugiesisch stattfindet. Kontaktieren Sie Ihre Anw\u00e4ltin oder Ihren Anwalt in Z\u00fcrich!\",\"email\":\"info@spuehler.legal\",\"telephone\":\"+41433440505\",\"legalName\":\"Sp\u00fchler Rechtsanw\u00e4lte AG\",\"foundingDate\":\"2018-01-01\",\"vatID\":\"CHE-431.484.624\",\"numberOfEmployees\":{\"@type\":\"QuantitativeValue\",\"minValue\":\"1\",\"maxValue\":\"10\"}}]}<\/script>\n<!-- \/ Yoast SEO Premium plugin. -->","yoast_head_json":{"title":"Avocat \u00e0 Zurich : contact, rendez-vous et heures d'ouverture","description":"Visitez Sp\u00fchler Rechtsanw\u00e4lte AG \u00e0 Zurich pour une assistance juridique : possibilit\u00e9s de contact + heures d'ouverture.","robots":{"index":"index","follow":"follow","max-snippet":"max-snippet:-1","max-image-preview":"max-image-preview:large","max-video-preview":"max-video-preview:-1"},"canonical":"https:\/\/spuehler.legal\/fr\/contact\/","og_locale":"fr_FR","og_type":"article","og_title":"Contact","og_description":"Visitez Sp\u00fchler Rechtsanw\u00e4lte AG \u00e0 Zurich pour une assistance juridique : possibilit\u00e9s de contact + heures d'ouverture.","og_url":"https:\/\/spuehler.legal\/fr\/contact\/","og_site_name":"Sp\u00fchler Rechtsanw\u00e4lte AG","article_publisher":"https:\/\/www.facebook.com\/spuehler.legal","article_modified_time":"2025-06-15T08:56:31+00:00","twitter_card":"summary_large_image","twitter_misc":{"Dur\u00e9e de lecture estim\u00e9e":"4 minutes"},"schema":{"@context":"https:\/\/schema.org","@graph":[{"@type":"WebPage","@id":"https:\/\/spuehler.legal\/fr\/contact\/","url":"https:\/\/spuehler.legal\/fr\/contact\/","name":"Avocat \u00e0 Zurich : contact, rendez-vous et heures d'ouverture","isPartOf":{"@id":"https:\/\/spuehler.legal\/fr\/#website"},"datePublished":"2018-04-11T12:44:00+00:00","dateModified":"2025-06-15T08:56:31+00:00","description":"Visitez Sp\u00fchler Rechtsanw\u00e4lte AG \u00e0 Zurich pour une assistance juridique : possibilit\u00e9s de contact + heures d'ouverture.","breadcrumb":{"@id":"https:\/\/spuehler.legal\/fr\/contact\/#breadcrumb"},"inLanguage":"fr-FR","potentialAction":[{"@type":"ReadAction","target":["https:\/\/spuehler.legal\/fr\/contact\/"]}]},{"@type":"BreadcrumbList","@id":"https:\/\/spuehler.legal\/fr\/contact\/#breadcrumb","itemListElement":[{"@type":"ListItem","position":1,"name":"Startseite","item":"https:\/\/spuehler.legal\/fr\/accueil\/"},{"@type":"ListItem","position":2,"name":"Contact"}]},{"@type":"WebSite","@id":"https:\/\/spuehler.legal\/fr\/#website","url":"https:\/\/spuehler.legal\/fr\/","name":"Sp\u00fchler Rechtsanw\u00e4lte AG","description":"Rechtsberatung und Rechtsvertretung in allen Lebenslagen","publisher":{"@id":"https:\/\/spuehler.legal\/fr\/#organization"},"potentialAction":[{"@type":"SearchAction","target":{"@type":"EntryPoint","urlTemplate":"https:\/\/spuehler.legal\/fr\/?s={search_term_string}"},"query-input":{"@type":"PropertyValueSpecification","valueRequired":true,"valueName":"search_term_string"}}],"inLanguage":"fr-FR"},{"@type":"Organization","@id":"https:\/\/spuehler.legal\/fr\/#organization","name":"Sp\u00fchler Rechtsanw\u00e4lte AG","url":"https:\/\/spuehler.legal\/fr\/","logo":{"@type":"ImageObject","inLanguage":"fr-FR","@id":"https:\/\/spuehler.legal\/fr\/#\/schema\/logo\/image\/","url":"https:\/\/spuehler.legal\/wp-content\/uploads\/2020\/08\/logo-spuehler-rechtsanwaelte.png","contentUrl":"https:\/\/spuehler.legal\/wp-content\/uploads\/2020\/08\/logo-spuehler-rechtsanwaelte.png","width":898,"height":259,"caption":"Sp\u00fchler Rechtsanw\u00e4lte AG"},"image":{"@id":"https:\/\/spuehler.legal\/fr\/#\/schema\/logo\/image\/"},"sameAs":["https:\/\/www.facebook.com\/spuehler.legal","https:\/\/www.linkedin.com\/in\/fspuehler\/"],"description":"Die Anwaltskanzlei Sp\u00fchler Rechtsanw\u00e4lte AG ist beratend und prozessierend t\u00e4tig. Sie vertritt Privatpersonen sowie kleine und mittlere Unternehmen (KMU) in nationalen und internationalen Sachverhalten. Durch die breite Ausrichtung der Kanzlei ist eine ganzheitliche Beratung m\u00f6glich, welche auf Deutsch, Englisch, Spanisch, Franz\u00f6sisch, Italienisch oder Portugiesisch stattfindet. Kontaktieren Sie Ihre Anw\u00e4ltin oder Ihren Anwalt in Z\u00fcrich!","email":"info@spuehler.legal","telephone":"+41433440505","legalName":"Sp\u00fchler Rechtsanw\u00e4lte AG","foundingDate":"2018-01-01","vatID":"CHE-431.484.624","numberOfEmployees":{"@type":"QuantitativeValue","minValue":"1","maxValue":"10"}}]}},"_links":{"self":[{"href":"https:\/\/spuehler.legal\/fr\/wp-json\/wp\/v2\/pages\/1530","targetHints":{"allow":["GET"]}}],"collection":[{"href":"https:\/\/spuehler.legal\/fr\/wp-json\/wp\/v2\/pages"}],"about":[{"href":"https:\/\/spuehler.legal\/fr\/wp-json\/wp\/v2\/types\/page"}],"author":[{"embeddable":true,"href":"https:\/\/spuehler.legal\/fr\/wp-json\/wp\/v2\/users\/1"}],"replies":[{"embeddable":true,"href":"https:\/\/spuehler.legal\/fr\/wp-json\/wp\/v2\/comments?post=1530"}],"version-history":[{"count":50,"href":"https:\/\/spuehler.legal\/fr\/wp-json\/wp\/v2\/pages\/1530\/revisions"}],"predecessor-version":[{"id":6761,"href":"https:\/\/spuehler.legal\/fr\/wp-json\/wp\/v2\/pages\/1530\/revisions\/6761"}],"wp:attachment":[{"href":"https:\/\/spuehler.legal\/fr\/wp-json\/wp\/v2\/media?parent=1530"}],"curies":[{"name":"wp","href":"https:\/\/api.w.org\/{rel}","templated":true}]}}