{"id":1504,"date":"2018-04-11T14:10:44","date_gmt":"2018-04-11T12:10:44","guid":{"rendered":"https:\/\/spuehler.legal\/accueil\/"},"modified":"2025-06-15T11:16:43","modified_gmt":"2025-06-15T09:16:43","slug":"accueil","status":"publish","type":"page","link":"https:\/\/spuehler.legal\/fr\/","title":{"rendered":"Accueil"},"content":{"rendered":"<p class=\"ai-optimize-13 ai-optimize-introduction\"><section class=\"l-section wpb_row height_medium full_height valign_center color_primary with_img parallax_ver\"><div class=\"l-section-img\" role=\"img\" aria-label=\"Image\" data-img-width=\"1920\" data-img-height=\"1280\" style=\"background-image: url(https:\/\/spuehler.legal\/wp-content\/uploads\/2017\/12\/rwi-bibliothek-zuerich6.jpg);\"><\/div><div class=\"l-section-overlay\" style=\"background:rgba(0,0,0,0.7)\"><\/div><div class=\"l-section-h i-cf\"><div class=\"g-cols vc_row via_flex valign_top type_default stacking_default\"><div class=\"vc_col-sm-12 wpb_column vc_column_container\"><div class=\"vc_column-inner\"><div class=\"wpb_wrapper\"><div class=\"wpb_text_column\"><div class=\"wpb_wrapper\"><h1 class=\"ai-optimize-7\" style=\"text-align: center;\">Vos avocats \u00e0 Zurich pour<strong> toutes les situations de la vie<\/strong><\/h1>\n<p class=\"ai-optimize-14\">\n<\/div><\/div><div class=\"w-separator size_medium\"><\/div><div class=\"wpb_text_column\"><div class=\"wpb_wrapper\"><p class=\"ai-optimize-9\" style=\"text-align: center;\">Le cabinet d&rsquo;avocats \u00ab\u00a0Sp\u00fchler Rechtsanw\u00e4lte AG\u00a0\u00bb offre des conseils et des repr\u00e9sentations juridiques dans toutes les situations de la vie. Les bureaux sont situ\u00e9s dans la ville de Zurich, \u00e0 proximit\u00e9 imm\u00e9diate de la gare de Zurich Enge.  Contactez votre avocat d\u00e8s maintenant.<\/p>\n<p class=\"ai-optimize-15\">\n<\/div><\/div><div class=\"w-separator size_medium\"><\/div><div class=\"w-iconbox iconpos_top style_circle color_primary align_center no_text no_title\"><a href=\"#first\" class=\"w-iconbox-link\" aria-label=\"fas|chevron-down\"><div class=\"w-iconbox-icon\" style=\"font-size:24px;\"><i class=\"fas fa-chevron-down\"><\/i><\/div><\/a><div class=\"w-iconbox-meta\"><\/div><\/div><\/div><\/div><\/div><\/div><\/div><\/section><section class=\"l-section wpb_row height_medium full_height valign_center\" id=\"first\"><div class=\"l-section-h i-cf\"><div class=\"g-cols vc_row via_flex valign_top type_default stacking_default\"><div class=\"vc_col-sm-12 wpb_column vc_column_container\"><div class=\"vc_column-inner\"><div class=\"wpb_wrapper\"><div class=\"wpb_text_column\"><div class=\"wpb_wrapper\"><h2 class=\"ai-optimize-11\" style=\"text-align: center;\">Votre <strong>cabinet d&rsquo;avocats \u00e0 Zurich<\/strong><\/h2>\n<p class=\"ai-optimize-12\">\n<\/div><\/div><div class=\"w-separator us_custom_8e5c9f9d size_medium with_line width_30 thick_1 style_solid color_border align_center with_content\"><div class=\"w-separator-h\"><i class=\"fas fa-book\"><\/i><\/div><\/div><div class=\"g-cols wpb_row via_flex valign_top type_default stacking_default\" id=\"first\"><div class=\"vc_col-sm-6 wpb_column vc_column_container\"><div class=\"vc_column-inner us_custom_33c3a0a5\"><div class=\"wpb_wrapper\"><div class=\"wpb_text_column\"><div class=\"wpb_wrapper\"><p>Le cabinet d&rsquo;avocats Sp\u00fchler Rechtsanw\u00e4lte AG est actif <strong>dans le conseil et le contentieux<\/strong>. Il repr\u00e9sente des particuliers ainsi que des petites et moyennes entreprises (PME) dans <strong>des affaires nationales et internationales<\/strong>. Gr\u00e2ce \u00e0 sa large orientation, le cabinet est en mesure de fournir un conseil global, qui est propos\u00e9 en <strong>allemand, anglais, espagnol, fran\u00e7ais, italien ou portugais<\/strong>.<\/p>\n<\/div><\/div><\/div><\/div><\/div><div class=\"vc_col-sm-6 wpb_column vc_column_container\"><div class=\"vc_column-inner us_custom_33c3a0a5\"><div class=\"wpb_wrapper\"><div class=\"wpb_text_column\"><div class=\"wpb_wrapper\"><p>Les int\u00e9r\u00eats des clients sont prioritaires et sont d\u00e9fendus par nos avocats de mani\u00e8re comp\u00e9tente, rentable et engag\u00e9e. Le cabinet d&rsquo;avocats est <strong>ind\u00e9pendant<\/strong> de toute institution priv\u00e9e ou publique. Les informations qui nous sont confi\u00e9es sont trait\u00e9es de <strong>mani\u00e8re confidentielle<\/strong> et sont soumises au secret professionnel de l&rsquo;avocat, strictement prot\u00e9g\u00e9 par le droit p\u00e9nal et la d\u00e9ontologie.  <\/p>\n<p class=\"ai-optimize-16\">\n<\/div><\/div><\/div><\/div><\/div><\/div><div class=\"w-separator size_medium\"><\/div><div class=\"w-iconbox iconpos_top style_circle color_primary align_center no_text no_title\"><a href=\"#second\" class=\"w-iconbox-link\" aria-label=\"fas|chevron-down\"><div class=\"w-iconbox-icon\" style=\"font-size:24px;\"><i class=\"fas fa-chevron-down\"><\/i><\/div><\/a><div class=\"w-iconbox-meta\"><\/div><\/div><\/div><\/div><\/div><\/div><\/div><\/section><section class=\"l-section wpb_row height_medium full_height valign_center color_primary with_img parallax_ver\" id=\"second\"><div class=\"l-section-img\" role=\"img\" aria-label=\"Image\" data-img-width=\"1920\" data-img-height=\"1280\" style=\"background-image: url(https:\/\/spuehler.legal\/wp-content\/uploads\/2017\/12\/juristische-bibliothek-zuerich.jpg);\"><\/div><div class=\"l-section-overlay\" style=\"background:rgba(0,0,0,0.75)\"><\/div><div class=\"l-section-h i-cf\"><div class=\"g-cols vc_row via_flex valign_top type_default stacking_default\"><div class=\"vc_col-sm-12 wpb_column vc_column_container\"><div class=\"vc_column-inner\"><div class=\"wpb_wrapper\"><div class=\"wpb_text_column\"><div class=\"wpb_wrapper\"><h2 class=\"ai-optimize-13\" style=\"text-align: center;\">Un aper\u00e7u <strong>du site<br \/>\n<\/strong><\/h2>\n<p class=\"ai-optimize-14\">\n<\/div><\/div><div class=\"w-separator size_large\"><\/div><div class=\"g-cols wpb_row via_flex valign_top type_default stacking_default\"><div class=\"vc_col-sm-4 wpb_column vc_column_container\"><div class=\"vc_column-inner us_custom_539f15ee\"><div class=\"wpb_wrapper\"><div class=\"w-iconbox iconpos_top style_circle color_primary align_center\"><a href=\"https:\/\/spuehler.legal\/fr\/service\/\" class=\"w-iconbox-link\" aria-label=\"Services\"><div class=\"w-iconbox-icon\" style=\"font-size:2rem;\"><i class=\"fas fa-list\"><\/i><\/div><\/a><div class=\"w-iconbox-meta\"><h3 class=\"w-iconbox-title\"><a href=\"https:\/\/spuehler.legal\/fr\/service\/\" class=\"w-iconbox-link\" aria-label=\"Services\">Services<\/a><\/h3><div class=\"w-iconbox-text\"><p>Informations sur les services et les domaines juridiques privil\u00e9gi\u00e9s.<\/p>\n<\/div><\/div><\/div><\/div><\/div><\/div><div class=\"vc_col-sm-4 wpb_column vc_column_container\"><div class=\"vc_column-inner us_custom_539f15ee\"><div class=\"wpb_wrapper\"><div class=\"w-iconbox iconpos_top style_circle color_primary align_center\"><a title=\"Honoraires\" href=\"https:\/\/spuehler.legal\/fr\/honoraires\/\" class=\"w-iconbox-link\" aria-label=\"Honoraires\"><div class=\"w-iconbox-icon\" style=\"font-size:2rem;\"><i class=\"fas fa-dollar-sign\"><\/i><\/div><\/a><div class=\"w-iconbox-meta\"><h3 class=\"w-iconbox-title\"><a title=\"Honoraires\" href=\"https:\/\/spuehler.legal\/fr\/honoraires\/\" class=\"w-iconbox-link\" aria-label=\"Honoraires\">Honoraires<\/a><\/h3><div class=\"w-iconbox-text\"><p>Obtenez un aper\u00e7u des co\u00fbts d&rsquo;une consultation d&rsquo;avocat ainsi que du financement des proc\u00e9dures.<\/p>\n<\/div><\/div><\/div><\/div><\/div><\/div><div class=\"vc_col-sm-4 wpb_column vc_column_container\"><div class=\"vc_column-inner us_custom_539f15ee\"><div class=\"wpb_wrapper\"><div class=\"w-iconbox iconpos_top style_circle color_primary align_center\"><a title=\"\u00c9quipe \u00e0 Zurich\" href=\"https:\/\/spuehler.legal\/fr\/equipe\/\" class=\"w-iconbox-link\" aria-label=\"\u00c9quipe\"><div class=\"w-iconbox-icon\" style=\"font-size:2rem;\"><i class=\"fas fa-user-friends\"><\/i><\/div><\/a><div class=\"w-iconbox-meta\"><h3 class=\"w-iconbox-title\"><a title=\"\u00c9quipe \u00e0 Zurich\" href=\"https:\/\/spuehler.legal\/fr\/equipe\/\" class=\"w-iconbox-link\" aria-label=\"\u00c9quipe\">\u00c9quipe<\/a><\/h3><div class=\"w-iconbox-text\"><p>En savoir plus sur l&rsquo;\u00e9quipe de Sp\u00fchler Rechtsanw\u00e4lte.<\/p>\n<p class=\"ai-optimize-17\">\n<\/div><\/div><\/div><\/div><\/div><\/div><\/div><div class=\"w-separator size_large\"><\/div><div class=\"g-cols wpb_row via_flex valign_top type_default stacking_default\"><div class=\"vc_col-sm-4 wpb_column vc_column_container\"><div class=\"vc_column-inner us_custom_539f15ee\"><div class=\"wpb_wrapper\"><div class=\"w-iconbox iconpos_top style_circle color_primary align_center\"><a title=\"Foire aux questions\" href=\"https:\/\/spuehler.legal\/fr\/faq\/\" class=\"w-iconbox-link\" aria-label=\"FAQ\"><div class=\"w-iconbox-icon\" style=\"font-size:2rem;\"><i class=\"fas fa-question\"><\/i><\/div><\/a><div class=\"w-iconbox-meta\"><h3 class=\"w-iconbox-title\"><a title=\"Foire aux questions\" href=\"https:\/\/spuehler.legal\/fr\/faq\/\" class=\"w-iconbox-link\" aria-label=\"FAQ\">FAQ<\/a><\/h3><div class=\"w-iconbox-text\"><p>R\u00e9ponses aux questions fr\u00e9quemment pos\u00e9es: apprenez-en plus sur la collaboration avec Sp\u00fchler Rechtsanw\u00e4lte.<\/p>\n<\/div><\/div><\/div><\/div><\/div><\/div><div class=\"vc_col-sm-4 wpb_column vc_column_container\"><div class=\"vc_column-inner us_custom_539f15ee\"><div class=\"wpb_wrapper\"><div class=\"w-iconbox iconpos_top style_circle color_primary align_center\"><a href=\"https:\/\/spuehler.legal\/fr\/contact\/\" class=\"w-iconbox-link\" aria-label=\"Contact\"><div class=\"w-iconbox-icon\" style=\"font-size:2rem;\"><i class=\"fas fa-address-book\"><\/i><\/div><\/a><div class=\"w-iconbox-meta\"><h3 class=\"w-iconbox-title\"><a href=\"https:\/\/spuehler.legal\/fr\/contact\/\" class=\"w-iconbox-link\" aria-label=\"Contact\">Contact<\/a><\/h3><div class=\"w-iconbox-text\"><p>Vous trouverez ici les coordonn\u00e9es et l&rsquo;itin\u00e9raire pour vous rendre chez Sp\u00fchler Rechtsanw\u00e4lte.<\/p>\n<\/div><\/div><\/div><\/div><\/div><\/div><div class=\"vc_col-sm-4 wpb_column vc_column_container\"><div class=\"vc_column-inner us_custom_539f15ee\"><div class=\"wpb_wrapper\"><div class=\"w-iconbox iconpos_top style_circle color_primary align_center\"><a href=\"https:\/\/spuehler.legal\/fr\/rendez-vous\/\" class=\"w-iconbox-link\" aria-label=\"Rendez-vous\"><div class=\"w-iconbox-icon\" style=\"font-size:2rem;\"><i class=\"fas fa-calendar-check\"><\/i><\/div><\/a><div class=\"w-iconbox-meta\"><h3 class=\"w-iconbox-title\"><a href=\"https:\/\/spuehler.legal\/fr\/rendez-vous\/\" class=\"w-iconbox-link\" aria-label=\"Rendez-vous\">Rendez-vous<\/a><\/h3><div class=\"w-iconbox-text\"><p>Prenez d\u00e8s maintenant rendez-vous en ligne pour un entretien avec un avocat.<\/p>\n<\/div><\/div><\/div><\/div><\/div><\/div><\/div><div class=\"w-separator size_small\"><\/div><div class=\"w-iconbox iconpos_top style_circle color_primary align_center no_text no_title\"><a href=\"#third\" class=\"w-iconbox-link\" aria-label=\"fas|chevron-down\"><div class=\"w-iconbox-icon\" style=\"font-size:24px;\"><i class=\"fas fa-chevron-down\"><\/i><\/div><\/a><div class=\"w-iconbox-meta\"><\/div><\/div><\/div><\/div><\/div><\/div><\/div><\/section><section class=\"l-section wpb_row height_medium\" id=\"third\"><div class=\"l-section-h i-cf\"><div class=\"g-cols vc_row via_flex valign_top type_default stacking_default\"><div class=\"vc_col-sm-12 wpb_column vc_column_container\"><div class=\"vc_column-inner\"><div class=\"wpb_wrapper\"><div class=\"wpb_text_column\"><div class=\"wpb_wrapper\"><div data-src=\"https:\/\/cdn.trustindex.io\/loader.js?ae7a1c376e4f3938485483022f\"><\/div>\n<\/div><\/div><div class=\"w-iconbox iconpos_top style_circle color_primary align_center no_text no_title\"><a href=\"#fourth\" class=\"w-iconbox-link\" aria-label=\"fas|chevron-down\"><div class=\"w-iconbox-icon\" style=\"font-size:24px;\"><i class=\"fas fa-chevron-down\"><\/i><\/div><\/a><div class=\"w-iconbox-meta\"><\/div><\/div><\/div><\/div><\/div><\/div><\/div><\/section><section class=\"l-section wpb_row height_medium full_height valign_center color_primary\" id=\"fourth\"><div class=\"l-section-h i-cf\"><div class=\"g-cols vc_row via_flex valign_top type_default stacking_default\"><div class=\"vc_col-sm-12 wpb_column vc_column_container align_center\"><div class=\"vc_column-inner\"><div class=\"wpb_wrapper\"><div class=\"w-iconbox iconpos_top style_default color_custom align_center no_text no_title\"><a href=\"https:\/\/spuehler.legal\/fr\/contact\/\" class=\"w-iconbox-link\" aria-label=\"fas|calendar-alt\"><div class=\"w-iconbox-icon\" style=\"font-size:100px;--icon-color:rgba(255,255,255,0.92);\"><i class=\"fas fa-calendar-alt\"><\/i><\/div><\/a><div class=\"w-iconbox-meta\"><\/div><\/div><div class=\"w-separator size_large\"><\/div><div class=\"wpb_text_column\"><div class=\"wpb_wrapper\"><h2 class=\"ai-optimize-15\" style=\"text-align: center;\">Prenez rendez-vous avec votre <strong>avocat(e)<\/strong> <strong>\u00e0 Zurich<\/strong><\/h2>\n<p class=\"ai-optimize-16\">\n<\/div><\/div><div class=\"w-separator size_large\"><\/div><div class=\"w-btn-wrapper align_none\"><a class=\"w-btn us-btn-style_6 us_custom_80a192e9 font_bold icon_atleft\" title=\"R\u00e9server un rendez-vous\" href=\"https:\/\/spuehler.legal\/fr\/rendez-vous\/\"><i class=\"fas fa-calendar-check\"><\/i><span class=\"w-btn-label\">R\u00e9server un rendez-vous<\/span><\/a><\/div><div class=\"w-btn-wrapper align_none\"><a class=\"w-btn us-btn-style_7 us_custom_80a192e9 icon_atleft\" href=\"https:\/\/spuehler.legal\/fr\/contact\/\"><i class=\"fas fa-address-book\"><\/i><span class=\"w-btn-label\">Contact<\/span><\/a><\/div><\/div><\/div><\/div><\/div><\/div><\/section>\n","protected":false},"excerpt":{"rendered":"Vos avocats \u00e0 Zurich pour toutes les situations de la vie Le cabinet d&rsquo;avocats \u00ab\u00a0Sp\u00fchler Rechtsanw\u00e4lte AG\u00a0\u00bb offre des conseils et des repr\u00e9sentations juridiques dans toutes les situations de la vie. Les bureaux sont situ\u00e9s dans la ville de Zurich, \u00e0 proximit\u00e9 imm\u00e9diate de la gare de Zurich Enge. Contactez votre avocat d\u00e8s maintenant. Votre...","protected":false},"author":1,"featured_media":0,"parent":0,"menu_order":0,"comment_status":"closed","ping_status":"closed","template":"","meta":{"footnotes":""},"class_list":["post-1504","page","type-page","status-publish","hentry"],"yoast_head":"<!-- This site is optimized with the Yoast SEO Premium plugin v27.4 (Yoast SEO v27.4) - https:\/\/yoast.com\/product\/yoast-seo-premium-wordpress\/ -->\n<title>Votre avocat \u00e0 Zurich pour toutes les situations de la vie<\/title>\n<meta name=\"description\" content=\"Avocat \u00e0 Zurich : \u2713 D\u00e9fense p\u00e9nale \u2713 Repr\u00e9sentation des victimes \u2713 Droit de la famille \u2713 Droit des migrations \u2713 Droit des contrats \u2713 Droit des entreprises\" \/>\n<meta name=\"robots\" content=\"index, follow, max-snippet:-1, max-image-preview:large, max-video-preview:-1\" \/>\n<link rel=\"canonical\" href=\"https:\/\/spuehler.legal\/fr\/\" \/>\n<meta property=\"og:locale\" content=\"fr_FR\" \/>\n<meta property=\"og:type\" content=\"article\" \/>\n<meta property=\"og:title\" content=\"Sp\u00fchler Rechtsanw\u00e4lte\" \/>\n<meta property=\"og:description\" content=\"Avocat \u00e0 Zurich : \u2713 D\u00e9fense p\u00e9nale \u2713 Repr\u00e9sentation des victimes \u2713 Droit de la famille \u2713 Droit des migrations \u2713 Droit des contrats \u2713 Droit des entreprises\" \/>\n<meta property=\"og:url\" content=\"https:\/\/spuehler.legal\/fr\/\" \/>\n<meta property=\"og:site_name\" content=\"Sp\u00fchler Rechtsanw\u00e4lte AG\" \/>\n<meta property=\"article:publisher\" content=\"https:\/\/www.facebook.com\/spuehler.legal\" \/>\n<meta property=\"article:modified_time\" content=\"2025-06-15T09:16:43+00:00\" \/>\n<meta name=\"twitter:card\" content=\"summary_large_image\" \/>\n<meta name=\"twitter:title\" content=\"Sp\u00fchler Rechtsanw\u00e4lte\" \/>\n<meta name=\"twitter:description\" content=\"Sp\u00fchler Rechtsanw\u00e4lte\" \/>\n<meta name=\"twitter:label1\" content=\"Dur\u00e9e de lecture estim\u00e9e\" \/>\n\t<meta name=\"twitter:data1\" content=\"5 minutes\" \/>\n<script type=\"application\/ld+json\" class=\"yoast-schema-graph\">{\"@context\":\"https:\\\/\\\/schema.org\",\"@graph\":[{\"@type\":\"WebPage\",\"@id\":\"https:\\\/\\\/spuehler.legal\\\/fr\\\/\",\"url\":\"https:\\\/\\\/spuehler.legal\\\/fr\\\/\",\"name\":\"Votre avocat \u00e0 Zurich pour toutes les situations de la vie\",\"isPartOf\":{\"@id\":\"https:\\\/\\\/spuehler.legal\\\/fr\\\/#website\"},\"datePublished\":\"2018-04-11T12:10:44+00:00\",\"dateModified\":\"2025-06-15T09:16:43+00:00\",\"description\":\"Avocat \u00e0 Zurich : \u2713 D\u00e9fense p\u00e9nale \u2713 Repr\u00e9sentation des victimes \u2713 Droit de la famille \u2713 Droit des migrations \u2713 Droit des contrats \u2713 Droit des entreprises\",\"breadcrumb\":{\"@id\":\"https:\\\/\\\/spuehler.legal\\\/fr\\\/#breadcrumb\"},\"inLanguage\":\"fr-FR\",\"potentialAction\":[{\"@type\":\"ReadAction\",\"target\":[\"https:\\\/\\\/spuehler.legal\\\/fr\\\/\"]}]},{\"@type\":\"BreadcrumbList\",\"@id\":\"https:\\\/\\\/spuehler.legal\\\/fr\\\/#breadcrumb\",\"itemListElement\":[{\"@type\":\"ListItem\",\"position\":1,\"name\":\"Startseite\",\"item\":\"https:\\\/\\\/spuehler.legal\\\/fr\\\/accueil\\\/\"},{\"@type\":\"ListItem\",\"position\":2,\"name\":\"Accueil\"}]},{\"@type\":\"WebSite\",\"@id\":\"https:\\\/\\\/spuehler.legal\\\/fr\\\/#website\",\"url\":\"https:\\\/\\\/spuehler.legal\\\/fr\\\/\",\"name\":\"Sp\u00fchler Rechtsanw\u00e4lte AG\",\"description\":\"Rechtsberatung und Rechtsvertretung in allen Lebenslagen\",\"publisher\":{\"@id\":\"https:\\\/\\\/spuehler.legal\\\/fr\\\/#organization\"},\"potentialAction\":[{\"@type\":\"SearchAction\",\"target\":{\"@type\":\"EntryPoint\",\"urlTemplate\":\"https:\\\/\\\/spuehler.legal\\\/fr\\\/?s={search_term_string}\"},\"query-input\":{\"@type\":\"PropertyValueSpecification\",\"valueRequired\":true,\"valueName\":\"search_term_string\"}}],\"inLanguage\":\"fr-FR\"},{\"@type\":\"Organization\",\"@id\":\"https:\\\/\\\/spuehler.legal\\\/fr\\\/#organization\",\"name\":\"Sp\u00fchler Rechtsanw\u00e4lte AG\",\"url\":\"https:\\\/\\\/spuehler.legal\\\/fr\\\/\",\"logo\":{\"@type\":\"ImageObject\",\"inLanguage\":\"fr-FR\",\"@id\":\"https:\\\/\\\/spuehler.legal\\\/fr\\\/#\\\/schema\\\/logo\\\/image\\\/\",\"url\":\"https:\\\/\\\/spuehler.legal\\\/wp-content\\\/uploads\\\/2020\\\/08\\\/logo-spuehler-rechtsanwaelte.png\",\"contentUrl\":\"https:\\\/\\\/spuehler.legal\\\/wp-content\\\/uploads\\\/2020\\\/08\\\/logo-spuehler-rechtsanwaelte.png\",\"width\":898,\"height\":259,\"caption\":\"Sp\u00fchler Rechtsanw\u00e4lte AG\"},\"image\":{\"@id\":\"https:\\\/\\\/spuehler.legal\\\/fr\\\/#\\\/schema\\\/logo\\\/image\\\/\"},\"sameAs\":[\"https:\\\/\\\/www.facebook.com\\\/spuehler.legal\",\"https:\\\/\\\/www.linkedin.com\\\/in\\\/fspuehler\\\/\"],\"description\":\"Die Anwaltskanzlei Sp\u00fchler Rechtsanw\u00e4lte AG ist beratend und prozessierend t\u00e4tig. Sie vertritt Privatpersonen sowie kleine und mittlere Unternehmen (KMU) in nationalen und internationalen Sachverhalten. Durch die breite Ausrichtung der Kanzlei ist eine ganzheitliche Beratung m\u00f6glich, welche auf Deutsch, Englisch, Spanisch, Franz\u00f6sisch, Italienisch oder Portugiesisch stattfindet. Kontaktieren Sie Ihre Anw\u00e4ltin oder Ihren Anwalt in Z\u00fcrich!\",\"email\":\"info@spuehler.legal\",\"telephone\":\"+41433440505\",\"legalName\":\"Sp\u00fchler Rechtsanw\u00e4lte AG\",\"foundingDate\":\"2018-01-01\",\"vatID\":\"CHE-431.484.624\",\"numberOfEmployees\":{\"@type\":\"QuantitativeValue\",\"minValue\":\"1\",\"maxValue\":\"10\"}}]}<\/script>\n<!-- \/ Yoast SEO Premium plugin. -->","yoast_head_json":{"title":"Votre avocat \u00e0 Zurich pour toutes les situations de la vie","description":"Avocat \u00e0 Zurich : \u2713 D\u00e9fense p\u00e9nale \u2713 Repr\u00e9sentation des victimes \u2713 Droit de la famille \u2713 Droit des migrations \u2713 Droit des contrats \u2713 Droit des entreprises","robots":{"index":"index","follow":"follow","max-snippet":"max-snippet:-1","max-image-preview":"max-image-preview:large","max-video-preview":"max-video-preview:-1"},"canonical":"https:\/\/spuehler.legal\/fr\/","og_locale":"fr_FR","og_type":"article","og_title":"Sp\u00fchler Rechtsanw\u00e4lte","og_description":"Avocat \u00e0 Zurich : \u2713 D\u00e9fense p\u00e9nale \u2713 Repr\u00e9sentation des victimes \u2713 Droit de la famille \u2713 Droit des migrations \u2713 Droit des contrats \u2713 Droit des entreprises","og_url":"https:\/\/spuehler.legal\/fr\/","og_site_name":"Sp\u00fchler Rechtsanw\u00e4lte AG","article_publisher":"https:\/\/www.facebook.com\/spuehler.legal","article_modified_time":"2025-06-15T09:16:43+00:00","twitter_card":"summary_large_image","twitter_title":"Sp\u00fchler Rechtsanw\u00e4lte","twitter_description":"Sp\u00fchler Rechtsanw\u00e4lte","twitter_misc":{"Dur\u00e9e de lecture estim\u00e9e":"5 minutes"},"schema":{"@context":"https:\/\/schema.org","@graph":[{"@type":"WebPage","@id":"https:\/\/spuehler.legal\/fr\/","url":"https:\/\/spuehler.legal\/fr\/","name":"Votre avocat \u00e0 Zurich pour toutes les situations de la vie","isPartOf":{"@id":"https:\/\/spuehler.legal\/fr\/#website"},"datePublished":"2018-04-11T12:10:44+00:00","dateModified":"2025-06-15T09:16:43+00:00","description":"Avocat \u00e0 Zurich : \u2713 D\u00e9fense p\u00e9nale \u2713 Repr\u00e9sentation des victimes \u2713 Droit de la famille \u2713 Droit des migrations \u2713 Droit des contrats \u2713 Droit des entreprises","breadcrumb":{"@id":"https:\/\/spuehler.legal\/fr\/#breadcrumb"},"inLanguage":"fr-FR","potentialAction":[{"@type":"ReadAction","target":["https:\/\/spuehler.legal\/fr\/"]}]},{"@type":"BreadcrumbList","@id":"https:\/\/spuehler.legal\/fr\/#breadcrumb","itemListElement":[{"@type":"ListItem","position":1,"name":"Startseite","item":"https:\/\/spuehler.legal\/fr\/accueil\/"},{"@type":"ListItem","position":2,"name":"Accueil"}]},{"@type":"WebSite","@id":"https:\/\/spuehler.legal\/fr\/#website","url":"https:\/\/spuehler.legal\/fr\/","name":"Sp\u00fchler Rechtsanw\u00e4lte AG","description":"Rechtsberatung und Rechtsvertretung in allen Lebenslagen","publisher":{"@id":"https:\/\/spuehler.legal\/fr\/#organization"},"potentialAction":[{"@type":"SearchAction","target":{"@type":"EntryPoint","urlTemplate":"https:\/\/spuehler.legal\/fr\/?s={search_term_string}"},"query-input":{"@type":"PropertyValueSpecification","valueRequired":true,"valueName":"search_term_string"}}],"inLanguage":"fr-FR"},{"@type":"Organization","@id":"https:\/\/spuehler.legal\/fr\/#organization","name":"Sp\u00fchler Rechtsanw\u00e4lte AG","url":"https:\/\/spuehler.legal\/fr\/","logo":{"@type":"ImageObject","inLanguage":"fr-FR","@id":"https:\/\/spuehler.legal\/fr\/#\/schema\/logo\/image\/","url":"https:\/\/spuehler.legal\/wp-content\/uploads\/2020\/08\/logo-spuehler-rechtsanwaelte.png","contentUrl":"https:\/\/spuehler.legal\/wp-content\/uploads\/2020\/08\/logo-spuehler-rechtsanwaelte.png","width":898,"height":259,"caption":"Sp\u00fchler Rechtsanw\u00e4lte AG"},"image":{"@id":"https:\/\/spuehler.legal\/fr\/#\/schema\/logo\/image\/"},"sameAs":["https:\/\/www.facebook.com\/spuehler.legal","https:\/\/www.linkedin.com\/in\/fspuehler\/"],"description":"Die Anwaltskanzlei Sp\u00fchler Rechtsanw\u00e4lte AG ist beratend und prozessierend t\u00e4tig. Sie vertritt Privatpersonen sowie kleine und mittlere Unternehmen (KMU) in nationalen und internationalen Sachverhalten. Durch die breite Ausrichtung der Kanzlei ist eine ganzheitliche Beratung m\u00f6glich, welche auf Deutsch, Englisch, Spanisch, Franz\u00f6sisch, Italienisch oder Portugiesisch stattfindet. Kontaktieren Sie Ihre Anw\u00e4ltin oder Ihren Anwalt in Z\u00fcrich!","email":"info@spuehler.legal","telephone":"+41433440505","legalName":"Sp\u00fchler Rechtsanw\u00e4lte AG","foundingDate":"2018-01-01","vatID":"CHE-431.484.624","numberOfEmployees":{"@type":"QuantitativeValue","minValue":"1","maxValue":"10"}}]}},"_links":{"self":[{"href":"https:\/\/spuehler.legal\/fr\/wp-json\/wp\/v2\/pages\/1504","targetHints":{"allow":["GET"]}}],"collection":[{"href":"https:\/\/spuehler.legal\/fr\/wp-json\/wp\/v2\/pages"}],"about":[{"href":"https:\/\/spuehler.legal\/fr\/wp-json\/wp\/v2\/types\/page"}],"author":[{"embeddable":true,"href":"https:\/\/spuehler.legal\/fr\/wp-json\/wp\/v2\/users\/1"}],"replies":[{"embeddable":true,"href":"https:\/\/spuehler.legal\/fr\/wp-json\/wp\/v2\/comments?post=1504"}],"version-history":[{"count":78,"href":"https:\/\/spuehler.legal\/fr\/wp-json\/wp\/v2\/pages\/1504\/revisions"}],"predecessor-version":[{"id":6877,"href":"https:\/\/spuehler.legal\/fr\/wp-json\/wp\/v2\/pages\/1504\/revisions\/6877"}],"wp:attachment":[{"href":"https:\/\/spuehler.legal\/fr\/wp-json\/wp\/v2\/media?parent=1504"}],"curies":[{"name":"wp","href":"https:\/\/api.w.org\/{rel}","templated":true}]}}