{"id":962,"date":"2018-01-21T15:32:11","date_gmt":"2018-01-21T14:32:11","guid":{"rendered":"https:\/\/spuehler.legal\/su-abogado-en-zurich\/"},"modified":"2025-12-01T12:35:22","modified_gmt":"2025-12-01T11:35:22","slug":"su-abogado-en-zurich","status":"publish","type":"page","link":"https:\/\/spuehler.legal\/es\/su-abogado-en-zurich\/","title":{"rendered":"Su abogado en Z\u00farich"},"content":{"rendered":"<section class=\"l-section wpb_row height_large color_primary with_img\"><div class=\"l-section-img\" role=\"img\" aria-label=\"Abogado Z\u00farich\" data-img-width=\"1920\" data-img-height=\"1280\" style=\"background-image: url(https:\/\/spuehler.legal\/wp-content\/uploads\/2017\/12\/rwi-bibliothek-zuerich3.jpg);\"><\/div><div class=\"l-section-overlay\" style=\"background:rgba(0,0,0,0.6)\"><\/div><div class=\"l-section-h i-cf\"><div class=\"g-cols vc_row via_flex valign_top type_default stacking_default\"><div class=\"vc_col-sm-12 wpb_column vc_column_container\"><div class=\"vc_column-inner\"><div class=\"wpb_wrapper\"><div class=\"wpb_text_column\"><div class=\"wpb_wrapper\"><h1 style=\"text-align: left;\">Su <strong>abogado en Z\u00farich<\/strong><\/h1>\n<\/div><\/div><div class=\"wpb_text_column us_custom_dfddb007\"><div class=\"wpb_wrapper\"><h3 style=\"text-align: left;\">El abogado Fabian Sp\u00fchler le representa<strong> de forma comprometida y competente.<\/strong><\/h3>\n<\/div><\/div><\/div><\/div><\/div><\/div><\/div><\/section><section class=\"l-section wpb_row us_custom_a40275d7 height_medium\"><div class=\"l-section-h i-cf\"><div class=\"g-cols vc_row via_flex valign_top type_default stacking_default\"><div class=\"vc_col-sm-4 wpb_column vc_column_container\"><div class=\"vc_column-inner\"><div class=\"wpb_wrapper\"><div class=\"w-person layout_simple\" itemscope itemtype=\"https:\/\/schema.org\/Person\"><div class=\"w-person-image\"><img decoding=\"async\" width=\"600\" height=\"800\" src=\"https:\/\/spuehler.legal\/wp-content\/uploads\/2024\/09\/rechtsanwalt-zuerich-fabian-spuehler.jpg\" class=\"attachment-full size-full\" alt=\"Foto del abogado Fabian Sp\u00fchler con bufete en Z\u00farich\" itemprop=\"image\" srcset=\"https:\/\/spuehler.legal\/wp-content\/uploads\/2024\/09\/rechtsanwalt-zuerich-fabian-spuehler.jpg 600w, https:\/\/spuehler.legal\/wp-content\/uploads\/2024\/09\/rechtsanwalt-zuerich-fabian-spuehler-225x300.jpg 225w\" sizes=\"(max-width: 600px) 100vw, 600px\" \/><\/div><div class=\"w-person-content\"><h4 itemprop=\"name\" class=\"w-person-name\"><span>Fabian Sp\u00fchler<\/span><\/h4><div class=\"w-person-role\" itemprop=\"jobTitle\">MLaw, Abogado<\/div><\/div><\/div><\/div><\/div><\/div><div class=\"vc_col-sm-8 wpb_column vc_column_container\"><div class=\"vc_column-inner\"><div class=\"wpb_wrapper\"><div class=\"wpb_text_column\"><div class=\"wpb_wrapper\"><h2>Carrera<\/h2>\n<p>Fabian Sp\u00fchler (nacido en 1987) finaliz\u00f3 sus estudios jur\u00eddicos en la <a href=\"http:\/\/www.uzh.ch\/de.html\" target=\"_blank\" rel=\"noopener noreferrer\">Universidad de Z\u00farich<\/a> en el verano de 2012 con un m\u00e1ster en Derecho (MLaw). Pas\u00f3 seis meses de sus estudios en Madrid, en la <a href=\"https:\/\/www.urjc.es\/\" target=\"_blank\" rel=\"noopener noreferrer\">Universidad Rey Juan Carlos<\/a>, donde se especializ\u00f3 en derecho mercantil internacional.<\/p>\n<p>Tras sus estudios, trabaj\u00f3 en el <a href=\"http:\/\/www.gerichte-zh.ch\/organisation\/bezirksgerichte\/bezirksgericht-zuerich.html\" target=\"_blank\" rel=\"noopener noreferrer\">Tribunal de Distrito de Z\u00farich<\/a>, donde asisti\u00f3 a jueces de diversos departamentos en vistas judiciales y en la redacci\u00f3n de sentencias, adem\u00e1s de prestar asesoramiento jur\u00eddico en el Tribunal Laboral. Tras ser admitido en el colegio de abogados a principios de 2016, Fabian Sp\u00fchler trabaj\u00f3 como asesor y litigante para dos bufetes de abogados en la ciudad de Z\u00farich entre 2016 y 2017.<\/p>\n<p>Trabaja como <a href=\"https:\/\/spuehler.legal\/es\/servicios\/\">abogado independiente<\/a> en Z\u00farich desde el 1 de enero de 2018 y espera <a href=\"https:\/\/spuehler.legal\/es\/contacto\/\">tener noticias<\/a> suyas.<\/p>\n<\/div><\/div><\/div><\/div><\/div><\/div><\/div><\/section><section class=\"l-section wpb_row us_custom_8d5aa4e2 height_small\"><div class=\"l-section-h i-cf\"><div class=\"g-cols vc_row via_flex valign_top type_default stacking_default\"><div class=\"vc_col-sm-4 wpb_column vc_column_container\"><div class=\"vc_column-inner\"><div class=\"wpb_wrapper\"><div class=\"w-iconbox iconpos_top style_outlined color_primary align_center no_text no_title\"><div class=\"w-iconbox-icon\" style=\"font-size:60px;\"><i class=\"fas fa-comments\"><\/i><\/div><div class=\"w-iconbox-meta\"><\/div><\/div><div class=\"w-separator size_custom\" style=\"height:20px\"><\/div><\/div><\/div><\/div><div class=\"vc_col-sm-8 wpb_column vc_column_container\"><div class=\"vc_column-inner\"><div class=\"wpb_wrapper\"><div class=\"g-cols wpb_row via_flex valign_top type_default stacking_default\"><div class=\"vc_col-sm-6 wpb_column vc_column_container\"><div class=\"vc_column-inner us_custom_539f15ee\"><div class=\"wpb_wrapper\"><div class=\"wpb_text_column\"><div class=\"wpb_wrapper\"><h3>Conocimientos ling\u00fc\u00edsticos<\/h3>\n<p>&#8211; Alem\u00e1n (lengua materna)<br \/>\n&#8211; Espa\u00f1ol (2\u00aa lengua materna)<br \/>\n&#8211; Ingl\u00e9s<br \/>\n&#8211; Portugu\u00e9s<br \/>\n&#8211; Franc\u00e9s<\/p>\n<\/div><\/div><\/div><\/div><\/div><div class=\"vc_col-sm-6 wpb_column vc_column_container\"><div class=\"vc_column-inner us_custom_539f15ee\"><div class=\"wpb_wrapper\"><div class=\"wpb_text_column\"><div class=\"wpb_wrapper\"><h3>Registro de abogados<\/h3>\n<p>Fabian Sp\u00fchler est\u00e1 <a href=\"http:\/\/www.gerichte-zh.ch\/organisation\/obergericht\/kommissionen\/aufsichtskommission-ueber-rechtsanwaelte\/anwaltsregister.html\" target=\"_blank\" rel=\"noopener noreferrer\">inscrito en el Registro de Abogados de Z\u00farich<\/a> y est\u00e1 autorizado para representar a clientes ante todos los tribunales suizos.<\/p>\n<\/div><\/div><\/div><\/div><\/div><\/div><\/div><\/div><\/div><\/div><\/div><\/section><section class=\"l-section wpb_row height_medium color_primary\"><div class=\"l-section-h i-cf\"><div class=\"g-cols vc_row via_flex valign_top type_default stacking_default\"><div class=\"vc_col-sm-4 wpb_column vc_column_container\"><div class=\"vc_column-inner us_custom_289537ba\"><div class=\"wpb_wrapper\"><div class=\"w-iconbox iconpos_top style_outlined color_custom align_center no_text no_title\"><div class=\"w-iconbox-icon\" style=\"font-size:60px;--icon-color:#ffffff;--icon-bg-color:#ffffff;\"><i class=\"fas fa-graduation-cap\"><\/i><\/div><div class=\"w-iconbox-meta\"><\/div><\/div><div class=\"w-separator size_custom\" style=\"height:20px\"><\/div><\/div><\/div><\/div><div class=\"vc_col-sm-8 wpb_column vc_column_container\"><div class=\"vc_column-inner\"><div class=\"wpb_wrapper\"><div class=\"wpb_text_column\"><div class=\"wpb_wrapper\"><h2>Panorama general de <strong>la formaci\u00f3n y las actividades profesionales<\/strong><\/h2>\n<p><strong><br \/>\nDesde el 1 de enero de 2018<br \/>\n<\/strong>Abogado aut\u00f3nomo y propietario de Sp\u00fchler Rechtsanw\u00e4lte AG (antes Anwaltskanzlei Sp\u00fchler).<\/p>\n<p><strong>2016 &#8211; 2017<br \/>\n<\/strong>Abogado en dos bufetes de la ciudad de Z\u00farich.<\/p>\n<p><strong>2016<br \/>\n<\/strong>Admitido en el Colegio de Abogados del Cant\u00f3n de Z\u00farich<\/p>\n<p><strong>2012 &#8211; 2014<br \/>\n<\/strong>Asistente jur\u00eddico en el Tribunal de Primera Instancia de Z\u00farich<\/p>\n<p><strong>2009 &#8211; 2014<br \/>\n<\/strong>Aut\u00f3nomo como dise\u00f1ador web<\/p>\n<p><strong>2010 &#8211; 2012<br \/>\n<\/strong>Universidad de Z\u00farich y Rey Juan Carlos de Madrid (Master of Law)<\/p>\n<p><strong>2007 \u2013 2010<\/strong><br \/>\nUniversit\u00e4t Z\u00fcrich (Bachelor of Law)<\/p>\n<\/div><\/div><\/div><\/div><\/div><\/div><\/div><\/section><section class=\"l-section wpb_row height_medium\"><div class=\"l-section-h i-cf\"><div class=\"g-cols vc_row via_flex valign_top type_default stacking_default\"><div class=\"vc_col-sm-4 wpb_column vc_column_container\"><div class=\"vc_column-inner\"><div class=\"wpb_wrapper\"><div class=\"w-iconbox iconpos_top style_outlined color_primary align_center no_text no_title\"><div class=\"w-iconbox-icon\" style=\"font-size:60px;\"><i class=\"fas fa-id-card\"><\/i><\/div><div class=\"w-iconbox-meta\"><\/div><\/div><div class=\"w-separator size_custom\" style=\"height:20px\"><\/div><\/div><\/div><\/div><div class=\"vc_col-sm-8 wpb_column vc_column_container\"><div class=\"vc_column-inner\"><div class=\"wpb_wrapper\"><div class=\"g-cols wpb_row via_flex valign_top type_default stacking_default\"><div class=\"vc_col-sm-6 wpb_column vc_column_container\"><div class=\"vc_column-inner us_custom_539f15ee\"><div class=\"wpb_wrapper\"><div class=\"wpb_text_column\"><div class=\"wpb_wrapper\"><h3>Miembro de<\/h3>\n<p>&#8211; <a href=\"http:\/\/www.sav-fsa.ch\/\" target=\"_blank\" rel=\"noopener noreferrer\">Colegio de Abogados de Suiza<br \/>\n<\/a><span>&#8211;<\/span> <a href=\"https:\/\/www.zav.ch\/\" target=\"_blank\" rel=\"noopener noreferrer\">Colegio de Abogados de Z\u00farich<br \/>\n<\/a><span>&#8211;<\/span> Grupo de Especialistas en Derecho Procesal Civil ZAV<br \/>\n&#8211; Grupo de especialistas en derecho de familia ZAV<br \/>\n&#8211; Secci\u00f3n de Derecho Laboral ZAV<br \/>\n<span>&#8211; Grupo especializado en defensa penal ZAV<br \/>\n&#8211; Grupo especializado en representaci\u00f3n de las v\u00edctimas ZAV<br \/>\n<\/span><span>&#8211;<\/span> <a href=\"http:\/\/www.pikett-strafverteidigung.ch\/\" target=\"_blank\" rel=\"noopener noreferrer\">Defensa penal de guardia<\/a><br \/>\n<span>&#8211; <\/span><a href=\"https:\/\/npk-rpp.ch\/\" target=\"_blank\" rel=\"noopener\">Red de demandantes privados NPK<\/a><\/p>\n<\/div><\/div><\/div><\/div><\/div><div class=\"vc_col-sm-6 wpb_column vc_column_container\"><div class=\"vc_column-inner us_custom_539f15ee\"><div class=\"wpb_wrapper\"><div class=\"wpb_text_column\"><div class=\"wpb_wrapper\"><h3>Contacto<\/h3>\n<\/div><\/div><div class=\"w-socials us_custom_a5c88937 color_text shape_rounded style_outlined hover_fade\" style=\"--gap:5px;\"><div class=\"w-socials-list\"><div class=\"w-socials-item facebook\"><a target=\"_blank\" rel=\"nofollow\" href=\"https:\/\/www.facebook.com\/spuehler.legal\" class=\"w-socials-item-link\" aria-label=\"Facebook\"><span class=\"w-socials-item-link-hover\"><\/span><i class=\"fab fa-facebook\"><\/i><\/a><div class=\"w-socials-item-popup\"><span>Facebook<\/span><\/div><\/div><div class=\"w-socials-item linkedin\"><a target=\"_blank\" rel=\"nofollow\" href=\"https:\/\/www.linkedin.com\/in\/fspuehler\/\" class=\"w-socials-item-link\" aria-label=\"LinkedIn\"><span class=\"w-socials-item-link-hover\"><\/span><i class=\"fab fa-linkedin\"><\/i><\/a><div class=\"w-socials-item-popup\"><span>LinkedIn<\/span><\/div><\/div><div class=\"w-socials-item xing\"><a target=\"_blank\" rel=\"nofollow\" href=\"https:\/\/www.xing.com\/profile\/Fabian_Spuehler2\" class=\"w-socials-item-link\" aria-label=\"Xing\"><span class=\"w-socials-item-link-hover\"><\/span><i class=\"fab fa-xing\"><\/i><\/a><div class=\"w-socials-item-popup\"><span>Xing<\/span><\/div><\/div><\/div><\/div><div class=\"w-separator size_custom\" style=\"height:25px\"><\/div><div class=\"w-iconbox iconpos_left style_default color_contrast align_left no_text\"><a href=\"tel:+41433440505\" class=\"w-iconbox-link\" aria-label=\"+41 43 344 05 05\"><div class=\"w-iconbox-icon\" style=\"font-size:1.3em;\"><i class=\"fas fa-phone\"><\/i><\/div><\/a><div class=\"w-iconbox-meta\"><div class=\"w-iconbox-title\"><a href=\"tel:+41433440505\" class=\"w-iconbox-link\" aria-label=\"+41 43 344 05 05\">+41 43 344 05 05<\/a><\/div><\/div><\/div><div class=\"w-separator size_custom\" style=\"height:16px\"><\/div><div class=\"w-iconbox iconpos_left style_default color_contrast align_left no_text\"><a href=\"mailto:fs@spuehler.legal\" class=\"w-iconbox-link\" aria-label=\"FS@spuehler.legal\"><div class=\"w-iconbox-icon\" style=\"font-size:1.3em;\"><i class=\"fas fa-envelope\"><\/i><\/div><\/a><div class=\"w-iconbox-meta\"><div class=\"w-iconbox-title\"><a href=\"mailto:fs@spuehler.legal\" class=\"w-iconbox-link\" aria-label=\"FS@spuehler.legal\">FS@spuehler.legal<\/a><\/div><\/div><\/div><div class=\"w-separator size_custom\" style=\"height:16px\"><\/div><div class=\"w-btn-wrapper align_none\"><a class=\"w-btn us-btn-style_1 icon_atleft\" title=\"Reservar cita\" href=\"https:\/\/spuehler.legal\/es\/reunion\/\"><i class=\"fas fa-calendar-check\"><\/i><span class=\"w-btn-label\">Reservar cita<\/span><\/a><\/div><\/div><\/div><\/div><\/div><\/div><\/div><\/div><\/div><\/div><\/section>\n","protected":false},"excerpt":{"rendered":"Su abogado en Z\u00farich El abogado Fabian Sp\u00fchler le representa de forma comprometida y competente. Fabian Sp\u00fchlerMLaw, AbogadoCarrera Fabian Sp\u00fchler (nacido en 1987) finaliz\u00f3 sus estudios jur\u00eddicos en la Universidad de Z\u00farich en el verano de 2012 con un m\u00e1ster en Derecho (MLaw). Pas\u00f3 seis meses de sus estudios en Madrid, en la Universidad Rey...","protected":false},"author":1,"featured_media":0,"parent":0,"menu_order":0,"comment_status":"closed","ping_status":"closed","template":"","meta":{"footnotes":""},"class_list":["post-962","page","type-page","status-publish","hentry"],"yoast_head":"<!-- This site is optimized with the Yoast SEO Premium plugin v27.6 (Yoast SEO v27.6) - https:\/\/yoast.com\/product\/yoast-seo-premium-wordpress\/ -->\n<title>Sp\u00fchler Rechtsanw\u00e4lte AG - Abogado en Zurich | Abogado Fabian Sp\u00fchler<\/title>\n<meta name=\"description\" content=\"Fabian Sp\u00fchler es un abogado que asesora y litiga. Representa a particulares y PYME en asuntos nacionales e internacionales de derecho penal y civil.\" \/>\n<meta name=\"robots\" content=\"index, follow, max-snippet:-1, max-image-preview:large, max-video-preview:-1\" \/>\n<link rel=\"canonical\" href=\"https:\/\/spuehler.legal\/es\/su-abogado-en-zurich\/\" \/>\n<meta property=\"og:locale\" content=\"es_ES\" \/>\n<meta property=\"og:type\" content=\"article\" \/>\n<meta property=\"og:title\" content=\"Su abogado en Z\u00farich\" \/>\n<meta property=\"og:description\" content=\"Fabian Sp\u00fchler es un abogado que asesora y litiga. Representa a particulares y PYME en asuntos nacionales e internacionales de derecho penal y civil.\" \/>\n<meta property=\"og:url\" content=\"https:\/\/spuehler.legal\/es\/su-abogado-en-zurich\/\" \/>\n<meta property=\"og:site_name\" content=\"Sp\u00fchler Rechtsanw\u00e4lte AG\" \/>\n<meta property=\"article:publisher\" content=\"https:\/\/www.facebook.com\/spuehler.legal\" \/>\n<meta property=\"article:modified_time\" content=\"2025-12-01T11:35:22+00:00\" \/>\n<meta name=\"twitter:card\" content=\"summary_large_image\" \/>\n<meta name=\"twitter:label1\" content=\"Tiempo de lectura\" \/>\n\t<meta name=\"twitter:data1\" content=\"3 minutos\" \/>\n<script type=\"application\/ld+json\" class=\"yoast-schema-graph\">{\"@context\":\"https:\\\/\\\/schema.org\",\"@graph\":[{\"@type\":\"WebPage\",\"@id\":\"https:\\\/\\\/spuehler.legal\\\/es\\\/su-abogado-en-zurich\\\/\",\"url\":\"https:\\\/\\\/spuehler.legal\\\/es\\\/su-abogado-en-zurich\\\/\",\"name\":\"Sp\u00fchler Rechtsanw\u00e4lte AG - Abogado en Zurich | Abogado Fabian Sp\u00fchler\",\"isPartOf\":{\"@id\":\"https:\\\/\\\/spuehler.legal\\\/es\\\/#website\"},\"datePublished\":\"2018-01-21T14:32:11+00:00\",\"dateModified\":\"2025-12-01T11:35:22+00:00\",\"description\":\"Fabian Sp\u00fchler es un abogado que asesora y litiga. Representa a particulares y PYME en asuntos nacionales e internacionales de derecho penal y civil.\",\"breadcrumb\":{\"@id\":\"https:\\\/\\\/spuehler.legal\\\/es\\\/su-abogado-en-zurich\\\/#breadcrumb\"},\"inLanguage\":\"es\",\"potentialAction\":[{\"@type\":\"ReadAction\",\"target\":[\"https:\\\/\\\/spuehler.legal\\\/es\\\/su-abogado-en-zurich\\\/\"]}]},{\"@type\":\"BreadcrumbList\",\"@id\":\"https:\\\/\\\/spuehler.legal\\\/es\\\/su-abogado-en-zurich\\\/#breadcrumb\",\"itemListElement\":[{\"@type\":\"ListItem\",\"position\":1,\"name\":\"Startseite\",\"item\":\"https:\\\/\\\/spuehler.legal\\\/es\\\/inicio\\\/\"},{\"@type\":\"ListItem\",\"position\":2,\"name\":\"Su abogado en Z\u00farich\"}]},{\"@type\":\"WebSite\",\"@id\":\"https:\\\/\\\/spuehler.legal\\\/es\\\/#website\",\"url\":\"https:\\\/\\\/spuehler.legal\\\/es\\\/\",\"name\":\"Sp\u00fchler Rechtsanw\u00e4lte AG\",\"description\":\"Rechtsberatung und Rechtsvertretung in allen Lebenslagen\",\"publisher\":{\"@id\":\"https:\\\/\\\/spuehler.legal\\\/es\\\/#organization\"},\"potentialAction\":[{\"@type\":\"SearchAction\",\"target\":{\"@type\":\"EntryPoint\",\"urlTemplate\":\"https:\\\/\\\/spuehler.legal\\\/es\\\/?s={search_term_string}\"},\"query-input\":{\"@type\":\"PropertyValueSpecification\",\"valueRequired\":true,\"valueName\":\"search_term_string\"}}],\"inLanguage\":\"es\"},{\"@type\":\"Organization\",\"@id\":\"https:\\\/\\\/spuehler.legal\\\/es\\\/#organization\",\"name\":\"Sp\u00fchler Rechtsanw\u00e4lte AG\",\"url\":\"https:\\\/\\\/spuehler.legal\\\/es\\\/\",\"logo\":{\"@type\":\"ImageObject\",\"inLanguage\":\"es\",\"@id\":\"https:\\\/\\\/spuehler.legal\\\/es\\\/#\\\/schema\\\/logo\\\/image\\\/\",\"url\":\"https:\\\/\\\/spuehler.legal\\\/wp-content\\\/uploads\\\/2020\\\/08\\\/logo-spuehler-rechtsanwaelte.png\",\"contentUrl\":\"https:\\\/\\\/spuehler.legal\\\/wp-content\\\/uploads\\\/2020\\\/08\\\/logo-spuehler-rechtsanwaelte.png\",\"width\":898,\"height\":259,\"caption\":\"Sp\u00fchler Rechtsanw\u00e4lte AG\"},\"image\":{\"@id\":\"https:\\\/\\\/spuehler.legal\\\/es\\\/#\\\/schema\\\/logo\\\/image\\\/\"},\"sameAs\":[\"https:\\\/\\\/www.facebook.com\\\/spuehler.legal\",\"https:\\\/\\\/www.linkedin.com\\\/in\\\/fspuehler\\\/\"],\"description\":\"Die Anwaltskanzlei Sp\u00fchler Rechtsanw\u00e4lte AG ist beratend und prozessierend t\u00e4tig. Sie vertritt Privatpersonen sowie kleine und mittlere Unternehmen (KMU) in nationalen und internationalen Sachverhalten. Durch die breite Ausrichtung der Kanzlei ist eine ganzheitliche Beratung m\u00f6glich, welche auf Deutsch, Englisch, Spanisch, Franz\u00f6sisch, Italienisch oder Portugiesisch stattfindet. Kontaktieren Sie Ihre Anw\u00e4ltin oder Ihren Anwalt in Z\u00fcrich!\",\"email\":\"info@spuehler.legal\",\"telephone\":\"+41433440505\",\"legalName\":\"Sp\u00fchler Rechtsanw\u00e4lte AG\",\"foundingDate\":\"2018-01-01\",\"vatID\":\"CHE-431.484.624\",\"numberOfEmployees\":{\"@type\":\"QuantitativeValue\",\"minValue\":\"1\",\"maxValue\":\"10\"}}]}<\/script>\n<!-- \/ Yoast SEO Premium plugin. -->","yoast_head_json":{"title":"Sp\u00fchler Rechtsanw\u00e4lte AG - Abogado en Zurich | Abogado Fabian Sp\u00fchler","description":"Fabian Sp\u00fchler es un abogado que asesora y litiga. Representa a particulares y PYME en asuntos nacionales e internacionales de derecho penal y civil.","robots":{"index":"index","follow":"follow","max-snippet":"max-snippet:-1","max-image-preview":"max-image-preview:large","max-video-preview":"max-video-preview:-1"},"canonical":"https:\/\/spuehler.legal\/es\/su-abogado-en-zurich\/","og_locale":"es_ES","og_type":"article","og_title":"Su abogado en Z\u00farich","og_description":"Fabian Sp\u00fchler es un abogado que asesora y litiga. Representa a particulares y PYME en asuntos nacionales e internacionales de derecho penal y civil.","og_url":"https:\/\/spuehler.legal\/es\/su-abogado-en-zurich\/","og_site_name":"Sp\u00fchler Rechtsanw\u00e4lte AG","article_publisher":"https:\/\/www.facebook.com\/spuehler.legal","article_modified_time":"2025-12-01T11:35:22+00:00","twitter_card":"summary_large_image","twitter_misc":{"Tiempo de lectura":"3 minutos"},"schema":{"@context":"https:\/\/schema.org","@graph":[{"@type":"WebPage","@id":"https:\/\/spuehler.legal\/es\/su-abogado-en-zurich\/","url":"https:\/\/spuehler.legal\/es\/su-abogado-en-zurich\/","name":"Sp\u00fchler Rechtsanw\u00e4lte AG - Abogado en Zurich | Abogado Fabian Sp\u00fchler","isPartOf":{"@id":"https:\/\/spuehler.legal\/es\/#website"},"datePublished":"2018-01-21T14:32:11+00:00","dateModified":"2025-12-01T11:35:22+00:00","description":"Fabian Sp\u00fchler es un abogado que asesora y litiga. Representa a particulares y PYME en asuntos nacionales e internacionales de derecho penal y civil.","breadcrumb":{"@id":"https:\/\/spuehler.legal\/es\/su-abogado-en-zurich\/#breadcrumb"},"inLanguage":"es","potentialAction":[{"@type":"ReadAction","target":["https:\/\/spuehler.legal\/es\/su-abogado-en-zurich\/"]}]},{"@type":"BreadcrumbList","@id":"https:\/\/spuehler.legal\/es\/su-abogado-en-zurich\/#breadcrumb","itemListElement":[{"@type":"ListItem","position":1,"name":"Startseite","item":"https:\/\/spuehler.legal\/es\/inicio\/"},{"@type":"ListItem","position":2,"name":"Su abogado en Z\u00farich"}]},{"@type":"WebSite","@id":"https:\/\/spuehler.legal\/es\/#website","url":"https:\/\/spuehler.legal\/es\/","name":"Sp\u00fchler Rechtsanw\u00e4lte AG","description":"Rechtsberatung und Rechtsvertretung in allen Lebenslagen","publisher":{"@id":"https:\/\/spuehler.legal\/es\/#organization"},"potentialAction":[{"@type":"SearchAction","target":{"@type":"EntryPoint","urlTemplate":"https:\/\/spuehler.legal\/es\/?s={search_term_string}"},"query-input":{"@type":"PropertyValueSpecification","valueRequired":true,"valueName":"search_term_string"}}],"inLanguage":"es"},{"@type":"Organization","@id":"https:\/\/spuehler.legal\/es\/#organization","name":"Sp\u00fchler Rechtsanw\u00e4lte AG","url":"https:\/\/spuehler.legal\/es\/","logo":{"@type":"ImageObject","inLanguage":"es","@id":"https:\/\/spuehler.legal\/es\/#\/schema\/logo\/image\/","url":"https:\/\/spuehler.legal\/wp-content\/uploads\/2020\/08\/logo-spuehler-rechtsanwaelte.png","contentUrl":"https:\/\/spuehler.legal\/wp-content\/uploads\/2020\/08\/logo-spuehler-rechtsanwaelte.png","width":898,"height":259,"caption":"Sp\u00fchler Rechtsanw\u00e4lte AG"},"image":{"@id":"https:\/\/spuehler.legal\/es\/#\/schema\/logo\/image\/"},"sameAs":["https:\/\/www.facebook.com\/spuehler.legal","https:\/\/www.linkedin.com\/in\/fspuehler\/"],"description":"Die Anwaltskanzlei Sp\u00fchler Rechtsanw\u00e4lte AG ist beratend und prozessierend t\u00e4tig. Sie vertritt Privatpersonen sowie kleine und mittlere Unternehmen (KMU) in nationalen und internationalen Sachverhalten. Durch die breite Ausrichtung der Kanzlei ist eine ganzheitliche Beratung m\u00f6glich, welche auf Deutsch, Englisch, Spanisch, Franz\u00f6sisch, Italienisch oder Portugiesisch stattfindet. Kontaktieren Sie Ihre Anw\u00e4ltin oder Ihren Anwalt in Z\u00fcrich!","email":"info@spuehler.legal","telephone":"+41433440505","legalName":"Sp\u00fchler Rechtsanw\u00e4lte AG","foundingDate":"2018-01-01","vatID":"CHE-431.484.624","numberOfEmployees":{"@type":"QuantitativeValue","minValue":"1","maxValue":"10"}}]}},"_links":{"self":[{"href":"https:\/\/spuehler.legal\/es\/wp-json\/wp\/v2\/pages\/962","targetHints":{"allow":["GET"]}}],"collection":[{"href":"https:\/\/spuehler.legal\/es\/wp-json\/wp\/v2\/pages"}],"about":[{"href":"https:\/\/spuehler.legal\/es\/wp-json\/wp\/v2\/types\/page"}],"author":[{"embeddable":true,"href":"https:\/\/spuehler.legal\/es\/wp-json\/wp\/v2\/users\/1"}],"replies":[{"embeddable":true,"href":"https:\/\/spuehler.legal\/es\/wp-json\/wp\/v2\/comments?post=962"}],"version-history":[{"count":60,"href":"https:\/\/spuehler.legal\/es\/wp-json\/wp\/v2\/pages\/962\/revisions"}],"predecessor-version":[{"id":7510,"href":"https:\/\/spuehler.legal\/es\/wp-json\/wp\/v2\/pages\/962\/revisions\/7510"}],"wp:attachment":[{"href":"https:\/\/spuehler.legal\/es\/wp-json\/wp\/v2\/media?parent=962"}],"curies":[{"name":"wp","href":"https:\/\/api.w.org\/{rel}","templated":true}]}}