{"id":941,"date":"2018-01-21T14:53:19","date_gmt":"2018-01-21T13:53:19","guid":{"rendered":"https:\/\/spuehler.legal\/solicitar-devolucion-de-llamada\/"},"modified":"2022-06-20T14:18:54","modified_gmt":"2022-06-20T12:18:54","slug":"solicitar-devolucion-de-llamada","status":"publish","type":"page","link":"https:\/\/spuehler.legal\/es\/solicitar-devolucion-de-llamada\/","title":{"rendered":"Solicitar devoluci\u00f3n de llamada"},"content":{"rendered":"<section class=\"l-section wpb_row height_medium full_height valign_center color_primary\"><div class=\"l-section-h i-cf\"><div class=\"g-cols vc_row via_flex valign_top type_default stacking_default\"><div class=\"vc_col-sm-12 wpb_column vc_column_container align_center\"><div class=\"vc_column-inner\"><div class=\"wpb_wrapper\"><div class=\"w-iconbox iconpos_top style_default color_contrast align_center no_text no_title\"><div class=\"w-iconbox-icon\" style=\"font-size:100px;\"><i class=\"fas fa-phone-volume\"><\/i><\/div><div class=\"w-iconbox-meta\"><\/div><\/div><div class=\"w-separator size_medium\"><\/div><div class=\"wpb_text_column\"><div class=\"wpb_wrapper\"><h1 style=\"text-align: center;\">Solicitar <strong>devoluci\u00f3n de llamada<\/strong><\/h1>\n<p>Por favor, deje sus datos y le llamar\u00e9 lo antes posible.<\/p>\n<\/div><\/div><div class=\"w-separator size_small\"><\/div>\n<div class=\"wpcf7 no-js\" id=\"wpcf7-f3488-o1\" lang=\"es-ES\" dir=\"ltr\" data-wpcf7-id=\"3488\">\n<div class=\"screen-reader-response\"><p role=\"status\" aria-live=\"polite\" aria-atomic=\"true\"><\/p> <ul><\/ul><\/div>\n<form action=\"\/es\/wp-json\/wp\/v2\/pages\/941#wpcf7-f3488-o1\" method=\"post\" class=\"wpcf7-form init\" aria-label=\"Formulario de contacto\" novalidate=\"novalidate\" data-status=\"init\">\n<fieldset class=\"hidden-fields-container\"><input type=\"hidden\" name=\"_wpcf7\" value=\"3488\" \/><input type=\"hidden\" name=\"_wpcf7_version\" value=\"6.1.5\" \/><input type=\"hidden\" name=\"_wpcf7_locale\" value=\"es_ES\" \/><input type=\"hidden\" name=\"_wpcf7_unit_tag\" value=\"wpcf7-f3488-o1\" \/><input type=\"hidden\" name=\"_wpcf7_container_post\" value=\"0\" \/><input type=\"hidden\" name=\"_wpcf7_posted_data_hash\" value=\"\" \/><input type=\"hidden\" name=\"_wpcf7_recaptcha_response\" value=\"\" \/>\n<\/fieldset>\n<p><span class=\"wpcf7-form-control-wrap\" data-name=\"your-name\"><input size=\"40\" maxlength=\"400\" class=\"wpcf7-form-control wpcf7-text wpcf7-validates-as-required\" aria-required=\"true\" aria-invalid=\"false\" placeholder=\"Name *\" value=\"\" type=\"text\" name=\"your-name\" \/><\/span>\n<\/p>\n<p><span class=\"wpcf7-form-control-wrap\" data-name=\"your-phone\"><input size=\"40\" maxlength=\"400\" class=\"wpcf7-form-control wpcf7-tel wpcf7-validates-as-required wpcf7-text wpcf7-validates-as-tel\" aria-required=\"true\" aria-invalid=\"false\" placeholder=\"Telefon *\" value=\"\" type=\"tel\" name=\"your-phone\" \/><\/span>\n<\/p>\n<p><span class=\"wpcf7-form-control-wrap\" data-name=\"your-message\"><input size=\"40\" maxlength=\"400\" class=\"wpcf7-form-control wpcf7-text\" aria-invalid=\"false\" placeholder=\"Grund, Erreichbarkeit, etc.\" value=\"\" type=\"text\" name=\"your-message\" \/><\/span>\n<\/p>\n<p><span id=\"wpcf7-69d59e1e9859a-wrapper\" class=\"wpcf7-form-control-wrap website-wrap\" style=\"display:none !important; visibility:hidden !important;\"><label for=\"wpcf7-69d59e1e9859a-field\" class=\"hp-message\">Por favor, deja este campo vac\u00edo.<\/label><input id=\"wpcf7-69d59e1e9859a-field\"  class=\"wpcf7-form-control wpcf7-text\" type=\"text\" name=\"website\" value=\"\" size=\"40\" tabindex=\"-1\" autocomplete=\"new-password\" \/><\/span>\n<\/p>\n<p><span id=\"wpcf7-69d59e1e985ce-wrapper\" class=\"wpcf7-form-control-wrap phone-wrap\" style=\"display:none !important; visibility:hidden !important;\"><label for=\"wpcf7-69d59e1e985ce-field\" class=\"hp-message\">Por favor, deja este campo vac\u00edo.<\/label><input id=\"wpcf7-69d59e1e985ce-field\"  class=\"wpcf7-form-control wpcf7-text\" type=\"text\" name=\"phone\" value=\"\" size=\"40\" tabindex=\"-1\" autocomplete=\"new-password\" \/><\/span>\n<\/p>\n<p><input class=\"wpcf7-form-control wpcf7-submit has-spinner\" type=\"submit\" value=\"Senden\" \/>\n<\/p><div class=\"wpcf7-response-output\" aria-hidden=\"true\"><\/div>\n<\/form>\n<\/div>\n<\/div><\/div><\/div><\/div><\/div><\/section>\n","protected":false},"excerpt":{"rendered":"Solicitar devoluci\u00f3n de llamada Por favor, deje sus datos y le llamar\u00e9 lo antes posible. Por favor, deja este campo vac\u00edo. Por favor, deja este campo vac\u00edo.","protected":false},"author":1,"featured_media":0,"parent":0,"menu_order":0,"comment_status":"closed","ping_status":"closed","template":"","meta":{"footnotes":""},"class_list":["post-941","page","type-page","status-publish","hentry"],"yoast_head":"<!-- This site is optimized with the Yoast SEO Premium plugin v27.3 (Yoast SEO v27.3) - https:\/\/yoast.com\/product\/yoast-seo-premium-wordpress\/ -->\n<title>Sp\u00fchler Rechtsanw\u00e4lte - Solicitar devoluci\u00f3n de llamada<\/title>\n<meta name=\"description\" content=\"Solicite una llamada de un abogado.\" \/>\n<meta name=\"robots\" content=\"index, follow, max-snippet:-1, max-image-preview:large, max-video-preview:-1\" \/>\n<link rel=\"canonical\" href=\"https:\/\/spuehler.legal\/es\/solicitar-devolucion-de-llamada\/\" \/>\n<meta property=\"og:locale\" content=\"es_ES\" \/>\n<meta property=\"og:type\" content=\"article\" \/>\n<meta property=\"og:title\" content=\"Solicitar devoluci\u00f3n de llamada\" \/>\n<meta property=\"og:description\" content=\"Solicite una llamada de un abogado.\" \/>\n<meta property=\"og:url\" content=\"https:\/\/spuehler.legal\/es\/solicitar-devolucion-de-llamada\/\" \/>\n<meta property=\"og:site_name\" content=\"Sp\u00fchler Rechtsanw\u00e4lte AG\" \/>\n<meta property=\"article:publisher\" content=\"https:\/\/www.facebook.com\/spuehler.legal\" \/>\n<meta property=\"article:modified_time\" content=\"2022-06-20T12:18:54+00:00\" \/>\n<meta name=\"twitter:card\" content=\"summary_large_image\" \/>\n<meta name=\"twitter:label1\" content=\"Tiempo de lectura\" \/>\n\t<meta name=\"twitter:data1\" content=\"1 minuto\" \/>\n<script type=\"application\/ld+json\" class=\"yoast-schema-graph\">{\"@context\":\"https:\\\/\\\/schema.org\",\"@graph\":[{\"@type\":\"WebPage\",\"@id\":\"https:\\\/\\\/spuehler.legal\\\/es\\\/solicitar-devolucion-de-llamada\\\/\",\"url\":\"https:\\\/\\\/spuehler.legal\\\/es\\\/solicitar-devolucion-de-llamada\\\/\",\"name\":\"Sp\u00fchler Rechtsanw\u00e4lte - Solicitar devoluci\u00f3n de llamada\",\"isPartOf\":{\"@id\":\"https:\\\/\\\/spuehler.legal\\\/es\\\/#website\"},\"datePublished\":\"2018-01-21T13:53:19+00:00\",\"dateModified\":\"2022-06-20T12:18:54+00:00\",\"description\":\"Solicite una llamada de un abogado.\",\"breadcrumb\":{\"@id\":\"https:\\\/\\\/spuehler.legal\\\/es\\\/solicitar-devolucion-de-llamada\\\/#breadcrumb\"},\"inLanguage\":\"es\",\"potentialAction\":[{\"@type\":\"ReadAction\",\"target\":[\"https:\\\/\\\/spuehler.legal\\\/es\\\/solicitar-devolucion-de-llamada\\\/\"]}]},{\"@type\":\"BreadcrumbList\",\"@id\":\"https:\\\/\\\/spuehler.legal\\\/es\\\/solicitar-devolucion-de-llamada\\\/#breadcrumb\",\"itemListElement\":[{\"@type\":\"ListItem\",\"position\":1,\"name\":\"Startseite\",\"item\":\"https:\\\/\\\/spuehler.legal\\\/es\\\/inicio\\\/\"},{\"@type\":\"ListItem\",\"position\":2,\"name\":\"Solicitar devoluci\u00f3n de llamada\"}]},{\"@type\":\"WebSite\",\"@id\":\"https:\\\/\\\/spuehler.legal\\\/es\\\/#website\",\"url\":\"https:\\\/\\\/spuehler.legal\\\/es\\\/\",\"name\":\"Sp\u00fchler Rechtsanw\u00e4lte AG\",\"description\":\"Rechtsberatung und Rechtsvertretung in allen Lebenslagen\",\"publisher\":{\"@id\":\"https:\\\/\\\/spuehler.legal\\\/es\\\/#organization\"},\"potentialAction\":[{\"@type\":\"SearchAction\",\"target\":{\"@type\":\"EntryPoint\",\"urlTemplate\":\"https:\\\/\\\/spuehler.legal\\\/es\\\/?s={search_term_string}\"},\"query-input\":{\"@type\":\"PropertyValueSpecification\",\"valueRequired\":true,\"valueName\":\"search_term_string\"}}],\"inLanguage\":\"es\"},{\"@type\":\"Organization\",\"@id\":\"https:\\\/\\\/spuehler.legal\\\/es\\\/#organization\",\"name\":\"Sp\u00fchler Rechtsanw\u00e4lte AG\",\"url\":\"https:\\\/\\\/spuehler.legal\\\/es\\\/\",\"logo\":{\"@type\":\"ImageObject\",\"inLanguage\":\"es\",\"@id\":\"https:\\\/\\\/spuehler.legal\\\/es\\\/#\\\/schema\\\/logo\\\/image\\\/\",\"url\":\"https:\\\/\\\/spuehler.legal\\\/wp-content\\\/uploads\\\/2020\\\/08\\\/logo-spuehler-rechtsanwaelte.png\",\"contentUrl\":\"https:\\\/\\\/spuehler.legal\\\/wp-content\\\/uploads\\\/2020\\\/08\\\/logo-spuehler-rechtsanwaelte.png\",\"width\":898,\"height\":259,\"caption\":\"Sp\u00fchler Rechtsanw\u00e4lte AG\"},\"image\":{\"@id\":\"https:\\\/\\\/spuehler.legal\\\/es\\\/#\\\/schema\\\/logo\\\/image\\\/\"},\"sameAs\":[\"https:\\\/\\\/www.facebook.com\\\/spuehler.legal\",\"https:\\\/\\\/www.linkedin.com\\\/in\\\/fspuehler\\\/\"],\"description\":\"Die Anwaltskanzlei Sp\u00fchler Rechtsanw\u00e4lte AG ist beratend und prozessierend t\u00e4tig. Sie vertritt Privatpersonen sowie kleine und mittlere Unternehmen (KMU) in nationalen und internationalen Sachverhalten. Durch die breite Ausrichtung der Kanzlei ist eine ganzheitliche Beratung m\u00f6glich, welche auf Deutsch, Englisch, Spanisch, Franz\u00f6sisch, Italienisch oder Portugiesisch stattfindet. Kontaktieren Sie Ihre Anw\u00e4ltin oder Ihren Anwalt in Z\u00fcrich!\",\"email\":\"info@spuehler.legal\",\"telephone\":\"+41433440505\",\"legalName\":\"Sp\u00fchler Rechtsanw\u00e4lte AG\",\"foundingDate\":\"2018-01-01\",\"vatID\":\"CHE-431.484.624\",\"numberOfEmployees\":{\"@type\":\"QuantitativeValue\",\"minValue\":\"1\",\"maxValue\":\"10\"}}]}<\/script>\n<!-- \/ Yoast SEO Premium plugin. -->","yoast_head_json":{"title":"Sp\u00fchler Rechtsanw\u00e4lte - Solicitar devoluci\u00f3n de llamada","description":"Solicite una llamada de un abogado.","robots":{"index":"index","follow":"follow","max-snippet":"max-snippet:-1","max-image-preview":"max-image-preview:large","max-video-preview":"max-video-preview:-1"},"canonical":"https:\/\/spuehler.legal\/es\/solicitar-devolucion-de-llamada\/","og_locale":"es_ES","og_type":"article","og_title":"Solicitar devoluci\u00f3n de llamada","og_description":"Solicite una llamada de un abogado.","og_url":"https:\/\/spuehler.legal\/es\/solicitar-devolucion-de-llamada\/","og_site_name":"Sp\u00fchler Rechtsanw\u00e4lte AG","article_publisher":"https:\/\/www.facebook.com\/spuehler.legal","article_modified_time":"2022-06-20T12:18:54+00:00","twitter_card":"summary_large_image","twitter_misc":{"Tiempo de lectura":"1 minuto"},"schema":{"@context":"https:\/\/schema.org","@graph":[{"@type":"WebPage","@id":"https:\/\/spuehler.legal\/es\/solicitar-devolucion-de-llamada\/","url":"https:\/\/spuehler.legal\/es\/solicitar-devolucion-de-llamada\/","name":"Sp\u00fchler Rechtsanw\u00e4lte - Solicitar devoluci\u00f3n de llamada","isPartOf":{"@id":"https:\/\/spuehler.legal\/es\/#website"},"datePublished":"2018-01-21T13:53:19+00:00","dateModified":"2022-06-20T12:18:54+00:00","description":"Solicite una llamada de un abogado.","breadcrumb":{"@id":"https:\/\/spuehler.legal\/es\/solicitar-devolucion-de-llamada\/#breadcrumb"},"inLanguage":"es","potentialAction":[{"@type":"ReadAction","target":["https:\/\/spuehler.legal\/es\/solicitar-devolucion-de-llamada\/"]}]},{"@type":"BreadcrumbList","@id":"https:\/\/spuehler.legal\/es\/solicitar-devolucion-de-llamada\/#breadcrumb","itemListElement":[{"@type":"ListItem","position":1,"name":"Startseite","item":"https:\/\/spuehler.legal\/es\/inicio\/"},{"@type":"ListItem","position":2,"name":"Solicitar devoluci\u00f3n de llamada"}]},{"@type":"WebSite","@id":"https:\/\/spuehler.legal\/es\/#website","url":"https:\/\/spuehler.legal\/es\/","name":"Sp\u00fchler Rechtsanw\u00e4lte AG","description":"Rechtsberatung und Rechtsvertretung in allen Lebenslagen","publisher":{"@id":"https:\/\/spuehler.legal\/es\/#organization"},"potentialAction":[{"@type":"SearchAction","target":{"@type":"EntryPoint","urlTemplate":"https:\/\/spuehler.legal\/es\/?s={search_term_string}"},"query-input":{"@type":"PropertyValueSpecification","valueRequired":true,"valueName":"search_term_string"}}],"inLanguage":"es"},{"@type":"Organization","@id":"https:\/\/spuehler.legal\/es\/#organization","name":"Sp\u00fchler Rechtsanw\u00e4lte AG","url":"https:\/\/spuehler.legal\/es\/","logo":{"@type":"ImageObject","inLanguage":"es","@id":"https:\/\/spuehler.legal\/es\/#\/schema\/logo\/image\/","url":"https:\/\/spuehler.legal\/wp-content\/uploads\/2020\/08\/logo-spuehler-rechtsanwaelte.png","contentUrl":"https:\/\/spuehler.legal\/wp-content\/uploads\/2020\/08\/logo-spuehler-rechtsanwaelte.png","width":898,"height":259,"caption":"Sp\u00fchler Rechtsanw\u00e4lte AG"},"image":{"@id":"https:\/\/spuehler.legal\/es\/#\/schema\/logo\/image\/"},"sameAs":["https:\/\/www.facebook.com\/spuehler.legal","https:\/\/www.linkedin.com\/in\/fspuehler\/"],"description":"Die Anwaltskanzlei Sp\u00fchler Rechtsanw\u00e4lte AG ist beratend und prozessierend t\u00e4tig. Sie vertritt Privatpersonen sowie kleine und mittlere Unternehmen (KMU) in nationalen und internationalen Sachverhalten. Durch die breite Ausrichtung der Kanzlei ist eine ganzheitliche Beratung m\u00f6glich, welche auf Deutsch, Englisch, Spanisch, Franz\u00f6sisch, Italienisch oder Portugiesisch stattfindet. Kontaktieren Sie Ihre Anw\u00e4ltin oder Ihren Anwalt in Z\u00fcrich!","email":"info@spuehler.legal","telephone":"+41433440505","legalName":"Sp\u00fchler Rechtsanw\u00e4lte AG","foundingDate":"2018-01-01","vatID":"CHE-431.484.624","numberOfEmployees":{"@type":"QuantitativeValue","minValue":"1","maxValue":"10"}}]}},"_links":{"self":[{"href":"https:\/\/spuehler.legal\/es\/wp-json\/wp\/v2\/pages\/941","targetHints":{"allow":["GET"]}}],"collection":[{"href":"https:\/\/spuehler.legal\/es\/wp-json\/wp\/v2\/pages"}],"about":[{"href":"https:\/\/spuehler.legal\/es\/wp-json\/wp\/v2\/types\/page"}],"author":[{"embeddable":true,"href":"https:\/\/spuehler.legal\/es\/wp-json\/wp\/v2\/users\/1"}],"replies":[{"embeddable":true,"href":"https:\/\/spuehler.legal\/es\/wp-json\/wp\/v2\/comments?post=941"}],"version-history":[{"count":7,"href":"https:\/\/spuehler.legal\/es\/wp-json\/wp\/v2\/pages\/941\/revisions"}],"predecessor-version":[{"id":3375,"href":"https:\/\/spuehler.legal\/es\/wp-json\/wp\/v2\/pages\/941\/revisions\/3375"}],"wp:attachment":[{"href":"https:\/\/spuehler.legal\/es\/wp-json\/wp\/v2\/media?parent=941"}],"curies":[{"name":"wp","href":"https:\/\/api.w.org\/{rel}","templated":true}]}}