{"id":6529,"date":"2025-06-09T14:37:38","date_gmt":"2025-06-09T12:37:38","guid":{"rendered":"https:\/\/spuehler.legal\/derecho-migratorio\/"},"modified":"2025-07-13T10:03:19","modified_gmt":"2025-07-13T08:03:19","slug":"derecho-migratorio","status":"publish","type":"page","link":"https:\/\/spuehler.legal\/es\/derecho-migratorio\/","title":{"rendered":"Derecho migratorio"},"content":{"rendered":"<section class=\"l-section wpb_row height_large color_primary with_img\"><div class=\"l-section-img\" role=\"img\" aria-label=\"Imagen\" data-img-width=\"2560\" data-img-height=\"1440\" style=\"background-image: url(https:\/\/spuehler.legal\/wp-content\/uploads\/2025\/06\/anwalt-migrationsrecht-zuerich-scaled.jpg);\"><\/div><div class=\"l-section-overlay\" style=\"background:rgba(0,0,0,0.6)\"><\/div><div class=\"l-section-h i-cf\"><div class=\"g-cols vc_row via_flex valign_top type_default stacking_default\"><div class=\"vc_col-sm-12 wpb_column vc_column_container\"><div class=\"vc_column-inner\"><div class=\"wpb_wrapper\"><div class=\"wpb_text_column\"><div class=\"wpb_wrapper\"><h1 class=\"ai-optimize-7\" style=\"text-align: left;\">Abogado de <strong>derecho migratorio en Z\u00farich<\/strong><\/h1>\n<p class=\"ai-optimize-10\">\n<\/div><\/div><div class=\"wpb_text_column us_custom_dfddb007\"><div class=\"wpb_wrapper\"><h3 class=\"ai-optimize-9\" data-pm-slice=\"1 1 &#091;&#093;\">Le apoyamos en todos los asuntos relacionados con la <strong>ley de inmigraci\u00f3n.<\/strong><\/h3>\n<p class=\"ai-optimize-7\">\n<\/div><\/div><\/div><\/div><\/div><\/div><\/div><\/section><section class=\"l-section wpb_row height_medium\"><div class=\"l-section-h i-cf\"><div class=\"g-cols vc_row via_flex valign_top type_default stacking_default\"><div class=\"vc_col-sm-12 wpb_column vc_column_container\"><div class=\"vc_column-inner\"><div class=\"wpb_wrapper\"><div class=\"wpb_text_column\"><div class=\"wpb_wrapper\"><h2 class=\"ai-optimize-11\">Derecho de extranjer\u00eda en Suiza &#8211; <strong>una visi\u00f3n general<\/strong><\/h2>\n<p class=\"ai-optimize-87\">\n<\/div><\/div><div class=\"w-separator size_small\"><\/div><div class=\"g-cols wpb_row via_flex valign_top type_default reversed stacking_default\"><div class=\"vc_col-sm-6 wpb_column vc_column_container\"><div class=\"vc_column-inner\"><div class=\"wpb_wrapper\"><div class=\"w-image has_ratio align_none\"><div class=\"w-image-h\"><div style=\"padding-bottom:100%\"><\/div><img decoding=\"async\" width=\"1024\" height=\"1024\" src=\"https:\/\/spuehler.legal\/wp-content\/uploads\/2025\/06\/rechtsanwalt-auslaenderrecht-1024x1024.jpg\" class=\"attachment-large size-large\" alt=\"\" loading=\"lazy\" \/><\/div><\/div><\/div><\/div><\/div><div class=\"vc_col-sm-6 wpb_column vc_column_container\"><div class=\"vc_column-inner\"><div class=\"wpb_wrapper\"><div class=\"wpb_text_column\"><div class=\"wpb_wrapper\"><p class=\"ai-optimize-13\" data-pm-slice=\"1 1 &#091;&#093;\">La legislaci\u00f3n suiza en materia de migraci\u00f3n regula la entrada, la residencia y la integraci\u00f3n de los extranjeros. La ley federal central es la <strong data-start=\"225\" data-end=\"268\">Ley de Extranjer\u00eda e Integraci\u00f3n (FNIA)<\/strong>, que define los distintos tipos de autorizaci\u00f3n (estancia corta, residencia, asentamiento, etc.), as\u00ed como los derechos y obligaciones durante la estancia. <span class=\"\" data-state=\"closed\"><span class=\"ms-1 inline-flex max-w-full items-center relative top-&#091;-0.094rem&#093; animate-&#091;show_150ms_ease-in&#093;\"><span class=\"relative start-0 bottom-0 flex h-full w-full items-center\"><span class=\"flex h-4 w-full items-center justify-between overflow-hidden\"><span class=\"max-w-full grow truncate overflow-hidden text-center\"><\/span><\/span><\/span><\/span><\/span>. Por lo general, los extranjeros necesitan un permiso de residencia, cuyo tipo depende de la finalidad y la duraci\u00f3n de su estancia. El <strong data-start=\"647\" data-end=\"675\" data-is-only-node=\"\">permiso de residencia B<\/strong> (residencia temporal, por ejemplo, por motivos laborales o familiares) y el <strong data-start=\"749\" data-end=\"780\">permiso de residencia permanente C<\/strong> (residencia permanente tras un periodo de residencia m\u00e1s largo) son los m\u00e1s utilizados. La ley de migraci\u00f3n tambi\u00e9n regula las condiciones para la <strong data-start=\"901\" data-end=\"920\">reagrupaci\u00f3n familiar<\/strong> (c\u00f3nyuges, parejas registradas e hijos), incluidos los plazos y los requisitos de integraci\u00f3n, as\u00ed como disposiciones especiales en relaci\u00f3n con el <strong data-start=\"1071\" data-end=\"1102\">matrimonio y las uniones civiles<\/strong> (por ejemplo, en casos de <strong data-start=\"1113\" data-end=\"1134\">sospecha de matrimonio ficticio<\/strong> o tras la disoluci\u00f3n de un matrimonio). En casos de penuria -por ejemplo, en caso de <strong data-start=\"1226\" data-end=\"1270\">residencia ilegal<\/strong> de larga duraci\u00f3n <strong data-start=\"1226\" data-end=\"1270\">(sans-papiers)<\/strong> o por motivos personales graves- existen soluciones humanitarias bajo ciertas condiciones. Por \u00faltimo, la legislaci\u00f3n suiza sobre migraci\u00f3n contiene requisitos claros para las empresas que deseen emplear mano de obra extranjera: En particular, <strong data-start=\"1521\" data-end=\"1572\">los permisos de trabajo para nacionales de terceros pa\u00edses<\/strong> (personas procedentes de pa\u00edses de fuera de la UE\/AELC) s\u00f3lo se expiden si se cumplen unas condiciones estrictas, mientras que los ciudadanos de la UE\/AELC se ven favorecidos por la libre circulaci\u00f3n de personas.    <\/p>\n<p class=\"ai-optimize-11\">\n<\/div><\/div><\/div><\/div><\/div><\/div><\/div><\/div><\/div><\/div><\/div><\/section><section class=\"l-section wpb_row height_medium\"><div class=\"l-section-h i-cf\"><div class=\"g-cols vc_row via_flex valign_top type_default stacking_default\"><div class=\"vc_col-sm-12 wpb_column vc_column_container\"><div class=\"vc_column-inner\"><div class=\"wpb_wrapper\"><div class=\"wpb_text_column\"><div class=\"wpb_wrapper\"><h2 class=\"ai-optimize-17\">FAQ &#8211; Preguntas frecuentes <strong>sobre la ley de inmigraci\u00f3n<\/strong><\/h2>\n<p class=\"ai-optimize-89\">\n<\/div><\/div><div class=\"w-tabs style_default switch_click accordion type_togglable has_scrolling\" style=\"--sections-title-size:inherit\"><div class=\"w-tabs-sections titles-align_none icon_chevron cpos_right\"><div class=\"w-tabs-section\" id=\"1514906054235-ddcee7ae-22e7\" itemscope itemprop=\"mainEntity\" itemtype=\"https:\/\/schema.org\/Question\"><button class=\"w-tabs-section-header with_icon\" aria-controls=\"content-1514906054235-ddcee7ae-22e7\" aria-expanded=\"false\"><i class=\"fas fa-question-circle\"><\/i><h4 class=\"w-tabs-section-title\" itemprop=\"name\">\u00bfCu\u00e1l es la diferencia entre un permiso de residencia B y un permiso de residencia permanente C?<\/h4><div class=\"w-tabs-section-control\"><\/div><\/button><div  class=\"w-tabs-section-content\" id=\"content-1514906054235-ddcee7ae-22e7\" itemscope itemprop=\"acceptedAnswer\" itemtype=\"https:\/\/schema.org\/Answer\"><div class=\"w-tabs-section-content-h i-cf\" itemprop=\"text\"><div class=\"g-cols wpb_row via_flex valign_top type_default stacking_default\"><div class=\"vc_col-sm-12 wpb_column vc_column_container\"><div class=\"vc_column-inner\"><div class=\"wpb_wrapper\"><div class=\"wpb_text_column\"><div class=\"wpb_wrapper\"><p class=\"ai-optimize-36\">El <strong>permiso de residencia B<\/strong> es un permiso de residencia temporal. Suele expedirse con una finalidad espec\u00edfica (por ejemplo, trabajo, reagrupaci\u00f3n familiar o estudios) y a menudo por un periodo de un a\u00f1o, prorrogable. Est\u00e1 sujeto a condiciones, como un empleo remunerado o la ausencia de infracci\u00f3n de la ley. El <strong>permiso de establecimiento<\/strong> <strong data-start=\"2614\" data-end=\"2619\">C<\/strong>, en cambio, es <em data-start=\"2633\" data-end=\"2646\">ilimitado<\/em>: Se expide tras un periodo m\u00e1s largo de residencia propiamente dicha en Suiza y autoriza la residencia permanente   <span class=\"\" data-state=\"closed\"><span class=\"ms-1 inline-flex max-w-full items-center relative top-&#091;-0.094rem&#093; animate-&#091;show_150ms_ease-in&#093;\"><\/span><\/span>. Los titulares de un permiso C tienen derechos m\u00e1s amplios: por ejemplo, pueden cambiar de cant\u00f3n o de trabajo sin tener que solicitar un nuevo permiso y pueden traer a su familia a Suiza en el marco de las disposiciones legales. Por tanto, el permiso C ofrece m\u00e1s seguridad y no est\u00e1 limitado en el tiempo, mientras que el permiso B se renueva peri\u00f3dicamente y los requisitos deben cumplirse de forma continua.<\/p>\n<p class=\"ai-optimize-90\">\n<\/div><\/div><\/div><\/div><\/div><\/div><\/div><\/div><\/div><\/div><\/div><\/div><\/div><\/div><\/div><\/div><\/section><section class=\"l-section wpb_row align_center height_medium color_primary\"><div class=\"l-section-h i-cf\"><div class=\"g-cols vc_row via_flex valign_top type_default stacking_default\"><div class=\"vc_col-sm-12 wpb_column vc_column_container\"><div class=\"vc_column-inner\"><div class=\"wpb_wrapper\"><div class=\"wpb_text_column\"><div class=\"wpb_wrapper\"><h2 class=\"ai-optimize-57\" style=\"text-align: center;\"><strong>P\u00f3ngase<\/strong> ahora <strong>en contacto con su abogado en Z\u00farich especializado en derecho de extranjer\u00eda<\/strong><\/h2>\n<p class=\"ai-optimize-91\">\n<\/div><\/div><div class=\"w-btn-wrapper align_none\"><a class=\"w-btn us-btn-style_6 us_custom_f73f4019 font_bold icon_atleft\" title=\"Reservar cita\" href=\"https:\/\/spuehler.legal\/es\/reunion\/\"><i class=\"fas fa-calendar-check\"><\/i><span class=\"w-btn-label\">Reservar cita<\/span><\/a><\/div><div class=\"w-btn-wrapper align_none\"><a class=\"w-btn us-btn-style_7 us_custom_f73f4019 icon_atleft\" href=\"https:\/\/spuehler.legal\/es\/contacto\/\"><i class=\"fas fa-address-book\"><\/i><span class=\"w-btn-label\">Contacto<\/span><\/a><\/div><\/div><\/div><\/div><\/div><\/div><\/section>\n","protected":false},"excerpt":{"rendered":"Abogado de derecho migratorio en Z\u00farich Le apoyamos en todos los asuntos relacionados con la ley de inmigraci\u00f3n. Derecho de extranjer\u00eda en Suiza &#8211; una visi\u00f3n general La legislaci\u00f3n suiza en materia de migraci\u00f3n regula la entrada, la residencia y la integraci\u00f3n de los extranjeros. La ley federal central es la Ley de Extranjer\u00eda e...","protected":false},"author":1,"featured_media":0,"parent":0,"menu_order":0,"comment_status":"closed","ping_status":"closed","template":"","meta":{"footnotes":""},"class_list":["post-6529","page","type-page","status-publish","hentry"],"yoast_head":"<!-- This site is optimized with the Yoast SEO Premium plugin v27.4 (Yoast SEO v27.4) - https:\/\/yoast.com\/product\/yoast-seo-premium-wordpress\/ -->\n<title>Abogada de derecho de migraci\u00f3n y asilo en Z\u00farich.<\/title>\n<meta name=\"description\" content=\"P\u00f3ngase ahora en contacto con su abogado especializado en derecho de migraci\u00f3n y asilo en Z\u00farich. Le defenderemos de forma competente.\" \/>\n<meta name=\"robots\" content=\"index, follow, max-snippet:-1, max-image-preview:large, max-video-preview:-1\" \/>\n<link rel=\"canonical\" href=\"https:\/\/spuehler.legal\/es\/derecho-migratorio\/\" \/>\n<meta property=\"og:locale\" content=\"es_ES\" \/>\n<meta property=\"og:type\" content=\"article\" \/>\n<meta property=\"og:title\" content=\"Derecho migratorio\" \/>\n<meta property=\"og:description\" content=\"P\u00f3ngase ahora en contacto con su abogado especializado en derecho de migraci\u00f3n y asilo en Z\u00farich. Le defenderemos de forma competente.\" \/>\n<meta property=\"og:url\" content=\"https:\/\/spuehler.legal\/es\/derecho-migratorio\/\" \/>\n<meta property=\"og:site_name\" content=\"Sp\u00fchler Rechtsanw\u00e4lte AG\" \/>\n<meta property=\"article:publisher\" content=\"https:\/\/www.facebook.com\/spuehler.legal\" \/>\n<meta property=\"article:modified_time\" content=\"2025-07-13T08:03:19+00:00\" \/>\n<meta name=\"twitter:card\" content=\"summary_large_image\" \/>\n<meta name=\"twitter:label1\" content=\"Tiempo de lectura\" \/>\n\t<meta name=\"twitter:data1\" content=\"4 minutos\" \/>\n<script type=\"application\/ld+json\" class=\"yoast-schema-graph\">{\"@context\":\"https:\\\/\\\/schema.org\",\"@graph\":[{\"@type\":\"WebPage\",\"@id\":\"https:\\\/\\\/spuehler.legal\\\/es\\\/derecho-migratorio\\\/\",\"url\":\"https:\\\/\\\/spuehler.legal\\\/es\\\/derecho-migratorio\\\/\",\"name\":\"Abogada de derecho de migraci\u00f3n y asilo en Z\u00farich.\",\"isPartOf\":{\"@id\":\"https:\\\/\\\/spuehler.legal\\\/es\\\/#website\"},\"datePublished\":\"2025-06-09T12:37:38+00:00\",\"dateModified\":\"2025-07-13T08:03:19+00:00\",\"description\":\"P\u00f3ngase ahora en contacto con su abogado especializado en derecho de migraci\u00f3n y asilo en Z\u00farich. Le defenderemos de forma competente.\",\"breadcrumb\":{\"@id\":\"https:\\\/\\\/spuehler.legal\\\/es\\\/derecho-migratorio\\\/#breadcrumb\"},\"inLanguage\":\"es\",\"potentialAction\":[{\"@type\":\"ReadAction\",\"target\":[\"https:\\\/\\\/spuehler.legal\\\/es\\\/derecho-migratorio\\\/\"]}]},{\"@type\":\"BreadcrumbList\",\"@id\":\"https:\\\/\\\/spuehler.legal\\\/es\\\/derecho-migratorio\\\/#breadcrumb\",\"itemListElement\":[{\"@type\":\"ListItem\",\"position\":1,\"name\":\"Startseite\",\"item\":\"https:\\\/\\\/spuehler.legal\\\/es\\\/inicio\\\/\"},{\"@type\":\"ListItem\",\"position\":2,\"name\":\"Derecho migratorio\"}]},{\"@type\":\"WebSite\",\"@id\":\"https:\\\/\\\/spuehler.legal\\\/es\\\/#website\",\"url\":\"https:\\\/\\\/spuehler.legal\\\/es\\\/\",\"name\":\"Sp\u00fchler Rechtsanw\u00e4lte AG\",\"description\":\"Rechtsberatung und Rechtsvertretung in allen Lebenslagen\",\"publisher\":{\"@id\":\"https:\\\/\\\/spuehler.legal\\\/es\\\/#organization\"},\"potentialAction\":[{\"@type\":\"SearchAction\",\"target\":{\"@type\":\"EntryPoint\",\"urlTemplate\":\"https:\\\/\\\/spuehler.legal\\\/es\\\/?s={search_term_string}\"},\"query-input\":{\"@type\":\"PropertyValueSpecification\",\"valueRequired\":true,\"valueName\":\"search_term_string\"}}],\"inLanguage\":\"es\"},{\"@type\":\"Organization\",\"@id\":\"https:\\\/\\\/spuehler.legal\\\/es\\\/#organization\",\"name\":\"Sp\u00fchler Rechtsanw\u00e4lte AG\",\"url\":\"https:\\\/\\\/spuehler.legal\\\/es\\\/\",\"logo\":{\"@type\":\"ImageObject\",\"inLanguage\":\"es\",\"@id\":\"https:\\\/\\\/spuehler.legal\\\/es\\\/#\\\/schema\\\/logo\\\/image\\\/\",\"url\":\"https:\\\/\\\/spuehler.legal\\\/wp-content\\\/uploads\\\/2020\\\/08\\\/logo-spuehler-rechtsanwaelte.png\",\"contentUrl\":\"https:\\\/\\\/spuehler.legal\\\/wp-content\\\/uploads\\\/2020\\\/08\\\/logo-spuehler-rechtsanwaelte.png\",\"width\":898,\"height\":259,\"caption\":\"Sp\u00fchler Rechtsanw\u00e4lte AG\"},\"image\":{\"@id\":\"https:\\\/\\\/spuehler.legal\\\/es\\\/#\\\/schema\\\/logo\\\/image\\\/\"},\"sameAs\":[\"https:\\\/\\\/www.facebook.com\\\/spuehler.legal\",\"https:\\\/\\\/www.linkedin.com\\\/in\\\/fspuehler\\\/\"],\"description\":\"Die Anwaltskanzlei Sp\u00fchler Rechtsanw\u00e4lte AG ist beratend und prozessierend t\u00e4tig. Sie vertritt Privatpersonen sowie kleine und mittlere Unternehmen (KMU) in nationalen und internationalen Sachverhalten. Durch die breite Ausrichtung der Kanzlei ist eine ganzheitliche Beratung m\u00f6glich, welche auf Deutsch, Englisch, Spanisch, Franz\u00f6sisch, Italienisch oder Portugiesisch stattfindet. Kontaktieren Sie Ihre Anw\u00e4ltin oder Ihren Anwalt in Z\u00fcrich!\",\"email\":\"info@spuehler.legal\",\"telephone\":\"+41433440505\",\"legalName\":\"Sp\u00fchler Rechtsanw\u00e4lte AG\",\"foundingDate\":\"2018-01-01\",\"vatID\":\"CHE-431.484.624\",\"numberOfEmployees\":{\"@type\":\"QuantitativeValue\",\"minValue\":\"1\",\"maxValue\":\"10\"}}]}<\/script>\n<!-- \/ Yoast SEO Premium plugin. -->","yoast_head_json":{"title":"Abogada de derecho de migraci\u00f3n y asilo en Z\u00farich.","description":"P\u00f3ngase ahora en contacto con su abogado especializado en derecho de migraci\u00f3n y asilo en Z\u00farich. Le defenderemos de forma competente.","robots":{"index":"index","follow":"follow","max-snippet":"max-snippet:-1","max-image-preview":"max-image-preview:large","max-video-preview":"max-video-preview:-1"},"canonical":"https:\/\/spuehler.legal\/es\/derecho-migratorio\/","og_locale":"es_ES","og_type":"article","og_title":"Derecho migratorio","og_description":"P\u00f3ngase ahora en contacto con su abogado especializado en derecho de migraci\u00f3n y asilo en Z\u00farich. Le defenderemos de forma competente.","og_url":"https:\/\/spuehler.legal\/es\/derecho-migratorio\/","og_site_name":"Sp\u00fchler Rechtsanw\u00e4lte AG","article_publisher":"https:\/\/www.facebook.com\/spuehler.legal","article_modified_time":"2025-07-13T08:03:19+00:00","twitter_card":"summary_large_image","twitter_misc":{"Tiempo de lectura":"4 minutos"},"schema":{"@context":"https:\/\/schema.org","@graph":[{"@type":"WebPage","@id":"https:\/\/spuehler.legal\/es\/derecho-migratorio\/","url":"https:\/\/spuehler.legal\/es\/derecho-migratorio\/","name":"Abogada de derecho de migraci\u00f3n y asilo en Z\u00farich.","isPartOf":{"@id":"https:\/\/spuehler.legal\/es\/#website"},"datePublished":"2025-06-09T12:37:38+00:00","dateModified":"2025-07-13T08:03:19+00:00","description":"P\u00f3ngase ahora en contacto con su abogado especializado en derecho de migraci\u00f3n y asilo en Z\u00farich. Le defenderemos de forma competente.","breadcrumb":{"@id":"https:\/\/spuehler.legal\/es\/derecho-migratorio\/#breadcrumb"},"inLanguage":"es","potentialAction":[{"@type":"ReadAction","target":["https:\/\/spuehler.legal\/es\/derecho-migratorio\/"]}]},{"@type":"BreadcrumbList","@id":"https:\/\/spuehler.legal\/es\/derecho-migratorio\/#breadcrumb","itemListElement":[{"@type":"ListItem","position":1,"name":"Startseite","item":"https:\/\/spuehler.legal\/es\/inicio\/"},{"@type":"ListItem","position":2,"name":"Derecho migratorio"}]},{"@type":"WebSite","@id":"https:\/\/spuehler.legal\/es\/#website","url":"https:\/\/spuehler.legal\/es\/","name":"Sp\u00fchler Rechtsanw\u00e4lte AG","description":"Rechtsberatung und Rechtsvertretung in allen Lebenslagen","publisher":{"@id":"https:\/\/spuehler.legal\/es\/#organization"},"potentialAction":[{"@type":"SearchAction","target":{"@type":"EntryPoint","urlTemplate":"https:\/\/spuehler.legal\/es\/?s={search_term_string}"},"query-input":{"@type":"PropertyValueSpecification","valueRequired":true,"valueName":"search_term_string"}}],"inLanguage":"es"},{"@type":"Organization","@id":"https:\/\/spuehler.legal\/es\/#organization","name":"Sp\u00fchler Rechtsanw\u00e4lte AG","url":"https:\/\/spuehler.legal\/es\/","logo":{"@type":"ImageObject","inLanguage":"es","@id":"https:\/\/spuehler.legal\/es\/#\/schema\/logo\/image\/","url":"https:\/\/spuehler.legal\/wp-content\/uploads\/2020\/08\/logo-spuehler-rechtsanwaelte.png","contentUrl":"https:\/\/spuehler.legal\/wp-content\/uploads\/2020\/08\/logo-spuehler-rechtsanwaelte.png","width":898,"height":259,"caption":"Sp\u00fchler Rechtsanw\u00e4lte AG"},"image":{"@id":"https:\/\/spuehler.legal\/es\/#\/schema\/logo\/image\/"},"sameAs":["https:\/\/www.facebook.com\/spuehler.legal","https:\/\/www.linkedin.com\/in\/fspuehler\/"],"description":"Die Anwaltskanzlei Sp\u00fchler Rechtsanw\u00e4lte AG ist beratend und prozessierend t\u00e4tig. Sie vertritt Privatpersonen sowie kleine und mittlere Unternehmen (KMU) in nationalen und internationalen Sachverhalten. Durch die breite Ausrichtung der Kanzlei ist eine ganzheitliche Beratung m\u00f6glich, welche auf Deutsch, Englisch, Spanisch, Franz\u00f6sisch, Italienisch oder Portugiesisch stattfindet. Kontaktieren Sie Ihre Anw\u00e4ltin oder Ihren Anwalt in Z\u00fcrich!","email":"info@spuehler.legal","telephone":"+41433440505","legalName":"Sp\u00fchler Rechtsanw\u00e4lte AG","foundingDate":"2018-01-01","vatID":"CHE-431.484.624","numberOfEmployees":{"@type":"QuantitativeValue","minValue":"1","maxValue":"10"}}]}},"_links":{"self":[{"href":"https:\/\/spuehler.legal\/es\/wp-json\/wp\/v2\/pages\/6529","targetHints":{"allow":["GET"]}}],"collection":[{"href":"https:\/\/spuehler.legal\/es\/wp-json\/wp\/v2\/pages"}],"about":[{"href":"https:\/\/spuehler.legal\/es\/wp-json\/wp\/v2\/types\/page"}],"author":[{"embeddable":true,"href":"https:\/\/spuehler.legal\/es\/wp-json\/wp\/v2\/users\/1"}],"replies":[{"embeddable":true,"href":"https:\/\/spuehler.legal\/es\/wp-json\/wp\/v2\/comments?post=6529"}],"version-history":[{"count":9,"href":"https:\/\/spuehler.legal\/es\/wp-json\/wp\/v2\/pages\/6529\/revisions"}],"predecessor-version":[{"id":7278,"href":"https:\/\/spuehler.legal\/es\/wp-json\/wp\/v2\/pages\/6529\/revisions\/7278"}],"wp:attachment":[{"href":"https:\/\/spuehler.legal\/es\/wp-json\/wp\/v2\/media?parent=6529"}],"curies":[{"name":"wp","href":"https:\/\/api.w.org\/{rel}","templated":true}]}}