{"id":5382,"date":"2025-04-17T16:57:17","date_gmt":"2025-04-17T14:57:17","guid":{"rendered":"https:\/\/spuehler.legal\/vanessa-condrau\/"},"modified":"2025-08-08T09:13:36","modified_gmt":"2025-08-08T07:13:36","slug":"vanessa-condrau","status":"publish","type":"page","link":"https:\/\/spuehler.legal\/es\/vanessa-condrau\/","title":{"rendered":"Vanessa Condrau"},"content":{"rendered":"<section class=\"l-section wpb_row height_large color_primary with_img\"><div class=\"l-section-img\" role=\"img\" aria-label=\"Abogado Z\u00farich\" data-img-width=\"1920\" data-img-height=\"1280\" style=\"background-image: url(https:\/\/spuehler.legal\/wp-content\/uploads\/2017\/12\/rwi-bibliothek-zuerich3.jpg);\"><\/div><div class=\"l-section-overlay\" style=\"background:rgba(0,0,0,0.6)\"><\/div><div class=\"l-section-h i-cf\"><div class=\"g-cols vc_row via_flex valign_top type_default stacking_default\"><div class=\"vc_col-sm-12 wpb_column vc_column_container\"><div class=\"vc_column-inner\"><div class=\"wpb_wrapper\"><div class=\"wpb_text_column\"><div class=\"wpb_wrapper\"><h1>Vanessa Condrau<\/h1>\n<\/div><\/div><div class=\"wpb_text_column us_custom_dfddb007\"><div class=\"wpb_wrapper\"><h3>Asistente de abogado<\/h3>\n<\/div><\/div><\/div><\/div><\/div><\/div><\/div><\/section><section class=\"l-section wpb_row us_custom_a40275d7 height_medium\"><div class=\"l-section-h i-cf\"><div class=\"g-cols vc_row via_flex valign_top type_default stacking_default\"><div class=\"vc_col-sm-4 wpb_column vc_column_container\"><div class=\"vc_column-inner\"><div class=\"wpb_wrapper\"><div class=\"w-person layout_simple\" itemscope itemtype=\"https:\/\/schema.org\/Person\"><div class=\"w-person-image\"><img decoding=\"async\" width=\"600\" height=\"800\" src=\"https:\/\/spuehler.legal\/wp-content\/uploads\/2025\/08\/anwaltsassistentin-vanessa-condrau.jpg\" class=\"attachment-full size-full\" alt=\"\" itemprop=\"image\" srcset=\"https:\/\/spuehler.legal\/wp-content\/uploads\/2025\/08\/anwaltsassistentin-vanessa-condrau.jpg 600w, https:\/\/spuehler.legal\/wp-content\/uploads\/2025\/08\/anwaltsassistentin-vanessa-condrau-225x300.jpg 225w\" sizes=\"(max-width: 600px) 100vw, 600px\" \/><\/div><div class=\"w-person-content\"><h4 itemprop=\"name\" class=\"w-person-name\"><span>Vanessa Condrau<\/span><\/h4><div class=\"w-person-role\" itemprop=\"jobTitle\">Asistente de abogado<\/div><\/div><\/div><\/div><\/div><\/div><div class=\"vc_col-sm-8 wpb_column vc_column_container\"><div class=\"vc_column-inner\"><div class=\"wpb_wrapper\"><div class=\"wpb_text_column\"><div class=\"wpb_wrapper\"><h2>Carrera<\/h2>\n<p>Vanessa Condrau estudia Derecho en la Universidad de Z\u00farich desde septiembre de 2023. Antes de eso, trabaj\u00f3 para un peque\u00f1o bufete de abogados en Glarus como asistente jur\u00eddica durante un a\u00f1o. <\/p>\n<p>Vanessa Condrau trabaja como asistente jur\u00eddica en Sp\u00fchler Rechtsanw\u00e4lte AG desde febrero de 2025.<\/p>\n<\/div><\/div><\/div><\/div><\/div><\/div><\/div><\/section><section class=\"l-section wpb_row us_custom_8d5aa4e2 height_small\"><div class=\"l-section-h i-cf\"><div class=\"g-cols vc_row via_flex valign_top type_default stacking_default\"><div class=\"vc_col-sm-4 wpb_column vc_column_container\"><div class=\"vc_column-inner\"><div class=\"wpb_wrapper\"><div class=\"w-iconbox iconpos_top style_outlined color_primary align_center no_text no_title\"><div class=\"w-iconbox-icon\" style=\"font-size:60px;\"><i class=\"fas fa-comments\"><\/i><\/div><div class=\"w-iconbox-meta\"><\/div><\/div><div class=\"w-separator size_custom\" style=\"height:20px\"><\/div><\/div><\/div><\/div><div class=\"vc_col-sm-8 wpb_column vc_column_container\"><div class=\"vc_column-inner\"><div class=\"wpb_wrapper\"><div class=\"g-cols wpb_row via_flex valign_top type_default stacking_default\"><div class=\"vc_col-sm-6 wpb_column vc_column_container\"><div class=\"vc_column-inner us_custom_539f15ee\"><div class=\"wpb_wrapper\"><div class=\"wpb_text_column\"><div class=\"wpb_wrapper\"><h3>Conocimientos ling\u00fc\u00edsticos<\/h3>\n<p>&#8211; Alem\u00e1n (lengua materna)<br \/>\n&#8211; Ingl\u00e9s<br \/>\n&#8211; Franc\u00e9s<\/p>\n<\/div><\/div><\/div><\/div><\/div><div class=\"vc_col-sm-6 wpb_column vc_column_container\"><div class=\"vc_column-inner us_custom_539f15ee\"><div class=\"wpb_wrapper\"><\/div><\/div><\/div><\/div><\/div><\/div><\/div><\/div><\/div><\/section><section class=\"l-section wpb_row height_large color_primary\"><div class=\"l-section-h i-cf\"><div class=\"g-cols vc_row via_flex valign_top type_default stacking_default\"><div class=\"vc_col-sm-4 wpb_column vc_column_container\"><div class=\"vc_column-inner us_custom_289537ba\"><div class=\"wpb_wrapper\"><div class=\"w-iconbox iconpos_top style_outlined color_custom align_center no_text no_title\"><div class=\"w-iconbox-icon\" style=\"font-size:60px;--icon-color:#ffffff;--icon-bg-color:#ffffff;\"><i class=\"fas fa-graduation-cap\"><\/i><\/div><div class=\"w-iconbox-meta\"><\/div><\/div><div class=\"w-separator size_custom\" style=\"height:20px\"><\/div><\/div><\/div><\/div><div class=\"vc_col-sm-8 wpb_column vc_column_container\"><div class=\"vc_column-inner\"><div class=\"wpb_wrapper\"><div class=\"wpb_text_column\"><div class=\"wpb_wrapper\"><h2>Panorama general de <strong>la formaci\u00f3n y las actividades profesionales<\/strong><\/h2>\n<p><strong>Desde febrero de 2025<\/strong><br \/>\nParalegal en Sp\u00fchler Rechtsanw\u00e4lte AG<\/p>\n<p><strong>Desde septiembre de 2023<\/strong><br \/>\nEstudios de Derecho (Licenciatura en Derecho) en la Universidad de Z\u00farich<\/p>\n<p><strong>De agosto de 2022 a agosto de 2023<\/strong><br \/>\nParalegal en un peque\u00f1o bufete de abogados en Glarus<\/p>\n<\/div><\/div><\/div><\/div><\/div><\/div><\/div><\/section><section class=\"l-section wpb_row height_medium\"><div class=\"l-section-h i-cf\"><div class=\"g-cols vc_row via_flex valign_top type_default stacking_default\"><div class=\"vc_col-sm-4 wpb_column vc_column_container\"><div class=\"vc_column-inner\"><div class=\"wpb_wrapper\"><div class=\"w-iconbox iconpos_top style_outlined color_primary align_center no_text no_title\"><div class=\"w-iconbox-icon\" style=\"font-size:60px;\"><i class=\"fas fa-id-card\"><\/i><\/div><div class=\"w-iconbox-meta\"><\/div><\/div><div class=\"w-separator size_custom\" style=\"height:20px\"><\/div><\/div><\/div><\/div><div class=\"vc_col-sm-8 wpb_column vc_column_container\"><div class=\"vc_column-inner\"><div class=\"wpb_wrapper\"><div class=\"g-cols wpb_row via_flex valign_top type_default stacking_default\"><div class=\"vc_col-sm-6 wpb_column vc_column_container\"><div class=\"vc_column-inner us_custom_539f15ee\"><div class=\"wpb_wrapper\"><div class=\"wpb_text_column\"><div class=\"wpb_wrapper\"><h3>Contacto<\/h3>\n<\/div><\/div><div class=\"w-iconbox iconpos_left style_default color_contrast align_left no_text\"><a href=\"tel:+41433440505\" class=\"w-iconbox-link\" aria-label=\"+41 43 344 05 05\"><div class=\"w-iconbox-icon\" style=\"font-size:1.3em;\"><i class=\"fas fa-phone\"><\/i><\/div><\/a><div class=\"w-iconbox-meta\"><div class=\"w-iconbox-title\"><a href=\"tel:+41433440505\" class=\"w-iconbox-link\" aria-label=\"+41 43 344 05 05\">+41 43 344 05 05<\/a><\/div><\/div><\/div><div class=\"w-separator size_custom\" style=\"height:25px\"><\/div><div class=\"w-iconbox iconpos_left style_default color_contrast align_left no_text\"><a href=\"mailto:vc@spuehler.legal\" class=\"w-iconbox-link\" aria-label=\"VC@spuehler.legal\"><div class=\"w-iconbox-icon\" style=\"font-size:1.3em;\"><i class=\"fas fa-envelope\"><\/i><\/div><\/a><div class=\"w-iconbox-meta\"><div class=\"w-iconbox-title\"><a href=\"mailto:vc@spuehler.legal\" class=\"w-iconbox-link\" aria-label=\"VC@spuehler.legal\">VC@spuehler.legal<\/a><\/div><\/div><\/div><\/div><\/div><\/div><div class=\"vc_col-sm-6 wpb_column vc_column_container\"><div class=\"vc_column-inner us_custom_539f15ee\"><div class=\"wpb_wrapper\"><\/div><\/div><\/div><\/div><\/div><\/div><\/div><\/div><\/div><\/section>\n","protected":false},"excerpt":{"rendered":"Vanessa Condrau Asistente de abogado Vanessa CondrauAsistente de abogadoCarrera Vanessa Condrau estudia Derecho en la Universidad de Z\u00farich desde septiembre de 2023. Antes de eso, trabaj\u00f3 para un peque\u00f1o bufete de abogados en Glarus como asistente jur\u00eddica durante un a\u00f1o. Vanessa Condrau trabaja como asistente jur\u00eddica en Sp\u00fchler Rechtsanw\u00e4lte AG desde febrero de 2025. Conocimientos...","protected":false},"author":1,"featured_media":0,"parent":0,"menu_order":0,"comment_status":"closed","ping_status":"closed","template":"","meta":{"footnotes":""},"class_list":["post-5382","page","type-page","status-publish","hentry"],"yoast_head":"<!-- This site is optimized with the Yoast SEO Premium plugin v27.6 (Yoast SEO v27.6) - https:\/\/yoast.com\/product\/yoast-seo-premium-wordpress\/ -->\n<title>Vanessa Condrau - Sp\u00fchler Rechtsanw\u00e4lte AG<\/title>\n<meta name=\"robots\" content=\"index, follow, max-snippet:-1, max-image-preview:large, max-video-preview:-1\" \/>\n<link rel=\"canonical\" href=\"https:\/\/spuehler.legal\/es\/vanessa-condrau\/\" \/>\n<meta property=\"og:locale\" content=\"es_ES\" \/>\n<meta property=\"og:type\" content=\"article\" \/>\n<meta property=\"og:title\" content=\"Vanessa Condrau\" \/>\n<meta property=\"og:url\" content=\"https:\/\/spuehler.legal\/es\/vanessa-condrau\/\" \/>\n<meta property=\"og:site_name\" content=\"Sp\u00fchler Rechtsanw\u00e4lte AG\" \/>\n<meta property=\"article:publisher\" content=\"https:\/\/www.facebook.com\/spuehler.legal\" \/>\n<meta property=\"article:modified_time\" content=\"2025-08-08T07:13:36+00:00\" \/>\n<meta name=\"twitter:card\" content=\"summary_large_image\" \/>\n<meta name=\"twitter:label1\" content=\"Tiempo de lectura\" \/>\n\t<meta name=\"twitter:data1\" content=\"3 minutos\" \/>\n<script type=\"application\/ld+json\" class=\"yoast-schema-graph\">{\"@context\":\"https:\\\/\\\/schema.org\",\"@graph\":[{\"@type\":\"WebPage\",\"@id\":\"https:\\\/\\\/spuehler.legal\\\/es\\\/vanessa-condrau\\\/\",\"url\":\"https:\\\/\\\/spuehler.legal\\\/es\\\/vanessa-condrau\\\/\",\"name\":\"Vanessa Condrau - Sp\u00fchler Rechtsanw\u00e4lte AG\",\"isPartOf\":{\"@id\":\"https:\\\/\\\/spuehler.legal\\\/es\\\/#website\"},\"datePublished\":\"2025-04-17T14:57:17+00:00\",\"dateModified\":\"2025-08-08T07:13:36+00:00\",\"breadcrumb\":{\"@id\":\"https:\\\/\\\/spuehler.legal\\\/es\\\/vanessa-condrau\\\/#breadcrumb\"},\"inLanguage\":\"es\",\"potentialAction\":[{\"@type\":\"ReadAction\",\"target\":[\"https:\\\/\\\/spuehler.legal\\\/es\\\/vanessa-condrau\\\/\"]}]},{\"@type\":\"BreadcrumbList\",\"@id\":\"https:\\\/\\\/spuehler.legal\\\/es\\\/vanessa-condrau\\\/#breadcrumb\",\"itemListElement\":[{\"@type\":\"ListItem\",\"position\":1,\"name\":\"Startseite\",\"item\":\"https:\\\/\\\/spuehler.legal\\\/es\\\/inicio\\\/\"},{\"@type\":\"ListItem\",\"position\":2,\"name\":\"Vanessa Condrau\"}]},{\"@type\":\"WebSite\",\"@id\":\"https:\\\/\\\/spuehler.legal\\\/es\\\/#website\",\"url\":\"https:\\\/\\\/spuehler.legal\\\/es\\\/\",\"name\":\"Sp\u00fchler Rechtsanw\u00e4lte AG\",\"description\":\"Rechtsberatung und Rechtsvertretung in allen Lebenslagen\",\"publisher\":{\"@id\":\"https:\\\/\\\/spuehler.legal\\\/es\\\/#organization\"},\"potentialAction\":[{\"@type\":\"SearchAction\",\"target\":{\"@type\":\"EntryPoint\",\"urlTemplate\":\"https:\\\/\\\/spuehler.legal\\\/es\\\/?s={search_term_string}\"},\"query-input\":{\"@type\":\"PropertyValueSpecification\",\"valueRequired\":true,\"valueName\":\"search_term_string\"}}],\"inLanguage\":\"es\"},{\"@type\":\"Organization\",\"@id\":\"https:\\\/\\\/spuehler.legal\\\/es\\\/#organization\",\"name\":\"Sp\u00fchler Rechtsanw\u00e4lte AG\",\"url\":\"https:\\\/\\\/spuehler.legal\\\/es\\\/\",\"logo\":{\"@type\":\"ImageObject\",\"inLanguage\":\"es\",\"@id\":\"https:\\\/\\\/spuehler.legal\\\/es\\\/#\\\/schema\\\/logo\\\/image\\\/\",\"url\":\"https:\\\/\\\/spuehler.legal\\\/wp-content\\\/uploads\\\/2020\\\/08\\\/logo-spuehler-rechtsanwaelte.png\",\"contentUrl\":\"https:\\\/\\\/spuehler.legal\\\/wp-content\\\/uploads\\\/2020\\\/08\\\/logo-spuehler-rechtsanwaelte.png\",\"width\":898,\"height\":259,\"caption\":\"Sp\u00fchler Rechtsanw\u00e4lte AG\"},\"image\":{\"@id\":\"https:\\\/\\\/spuehler.legal\\\/es\\\/#\\\/schema\\\/logo\\\/image\\\/\"},\"sameAs\":[\"https:\\\/\\\/www.facebook.com\\\/spuehler.legal\",\"https:\\\/\\\/www.linkedin.com\\\/in\\\/fspuehler\\\/\"],\"description\":\"Die Anwaltskanzlei Sp\u00fchler Rechtsanw\u00e4lte AG ist beratend und prozessierend t\u00e4tig. Sie vertritt Privatpersonen sowie kleine und mittlere Unternehmen (KMU) in nationalen und internationalen Sachverhalten. Durch die breite Ausrichtung der Kanzlei ist eine ganzheitliche Beratung m\u00f6glich, welche auf Deutsch, Englisch, Spanisch, Franz\u00f6sisch, Italienisch oder Portugiesisch stattfindet. Kontaktieren Sie Ihre Anw\u00e4ltin oder Ihren Anwalt in Z\u00fcrich!\",\"email\":\"info@spuehler.legal\",\"telephone\":\"+41433440505\",\"legalName\":\"Sp\u00fchler Rechtsanw\u00e4lte AG\",\"foundingDate\":\"2018-01-01\",\"vatID\":\"CHE-431.484.624\",\"numberOfEmployees\":{\"@type\":\"QuantitativeValue\",\"minValue\":\"1\",\"maxValue\":\"10\"}}]}<\/script>\n<!-- \/ Yoast SEO Premium plugin. -->","yoast_head_json":{"title":"Vanessa Condrau - Sp\u00fchler Rechtsanw\u00e4lte AG","robots":{"index":"index","follow":"follow","max-snippet":"max-snippet:-1","max-image-preview":"max-image-preview:large","max-video-preview":"max-video-preview:-1"},"canonical":"https:\/\/spuehler.legal\/es\/vanessa-condrau\/","og_locale":"es_ES","og_type":"article","og_title":"Vanessa Condrau","og_url":"https:\/\/spuehler.legal\/es\/vanessa-condrau\/","og_site_name":"Sp\u00fchler Rechtsanw\u00e4lte AG","article_publisher":"https:\/\/www.facebook.com\/spuehler.legal","article_modified_time":"2025-08-08T07:13:36+00:00","twitter_card":"summary_large_image","twitter_misc":{"Tiempo de lectura":"3 minutos"},"schema":{"@context":"https:\/\/schema.org","@graph":[{"@type":"WebPage","@id":"https:\/\/spuehler.legal\/es\/vanessa-condrau\/","url":"https:\/\/spuehler.legal\/es\/vanessa-condrau\/","name":"Vanessa Condrau - Sp\u00fchler Rechtsanw\u00e4lte AG","isPartOf":{"@id":"https:\/\/spuehler.legal\/es\/#website"},"datePublished":"2025-04-17T14:57:17+00:00","dateModified":"2025-08-08T07:13:36+00:00","breadcrumb":{"@id":"https:\/\/spuehler.legal\/es\/vanessa-condrau\/#breadcrumb"},"inLanguage":"es","potentialAction":[{"@type":"ReadAction","target":["https:\/\/spuehler.legal\/es\/vanessa-condrau\/"]}]},{"@type":"BreadcrumbList","@id":"https:\/\/spuehler.legal\/es\/vanessa-condrau\/#breadcrumb","itemListElement":[{"@type":"ListItem","position":1,"name":"Startseite","item":"https:\/\/spuehler.legal\/es\/inicio\/"},{"@type":"ListItem","position":2,"name":"Vanessa Condrau"}]},{"@type":"WebSite","@id":"https:\/\/spuehler.legal\/es\/#website","url":"https:\/\/spuehler.legal\/es\/","name":"Sp\u00fchler Rechtsanw\u00e4lte AG","description":"Rechtsberatung und Rechtsvertretung in allen Lebenslagen","publisher":{"@id":"https:\/\/spuehler.legal\/es\/#organization"},"potentialAction":[{"@type":"SearchAction","target":{"@type":"EntryPoint","urlTemplate":"https:\/\/spuehler.legal\/es\/?s={search_term_string}"},"query-input":{"@type":"PropertyValueSpecification","valueRequired":true,"valueName":"search_term_string"}}],"inLanguage":"es"},{"@type":"Organization","@id":"https:\/\/spuehler.legal\/es\/#organization","name":"Sp\u00fchler Rechtsanw\u00e4lte AG","url":"https:\/\/spuehler.legal\/es\/","logo":{"@type":"ImageObject","inLanguage":"es","@id":"https:\/\/spuehler.legal\/es\/#\/schema\/logo\/image\/","url":"https:\/\/spuehler.legal\/wp-content\/uploads\/2020\/08\/logo-spuehler-rechtsanwaelte.png","contentUrl":"https:\/\/spuehler.legal\/wp-content\/uploads\/2020\/08\/logo-spuehler-rechtsanwaelte.png","width":898,"height":259,"caption":"Sp\u00fchler Rechtsanw\u00e4lte AG"},"image":{"@id":"https:\/\/spuehler.legal\/es\/#\/schema\/logo\/image\/"},"sameAs":["https:\/\/www.facebook.com\/spuehler.legal","https:\/\/www.linkedin.com\/in\/fspuehler\/"],"description":"Die Anwaltskanzlei Sp\u00fchler Rechtsanw\u00e4lte AG ist beratend und prozessierend t\u00e4tig. Sie vertritt Privatpersonen sowie kleine und mittlere Unternehmen (KMU) in nationalen und internationalen Sachverhalten. Durch die breite Ausrichtung der Kanzlei ist eine ganzheitliche Beratung m\u00f6glich, welche auf Deutsch, Englisch, Spanisch, Franz\u00f6sisch, Italienisch oder Portugiesisch stattfindet. Kontaktieren Sie Ihre Anw\u00e4ltin oder Ihren Anwalt in Z\u00fcrich!","email":"info@spuehler.legal","telephone":"+41433440505","legalName":"Sp\u00fchler Rechtsanw\u00e4lte AG","foundingDate":"2018-01-01","vatID":"CHE-431.484.624","numberOfEmployees":{"@type":"QuantitativeValue","minValue":"1","maxValue":"10"}}]}},"_links":{"self":[{"href":"https:\/\/spuehler.legal\/es\/wp-json\/wp\/v2\/pages\/5382","targetHints":{"allow":["GET"]}}],"collection":[{"href":"https:\/\/spuehler.legal\/es\/wp-json\/wp\/v2\/pages"}],"about":[{"href":"https:\/\/spuehler.legal\/es\/wp-json\/wp\/v2\/types\/page"}],"author":[{"embeddable":true,"href":"https:\/\/spuehler.legal\/es\/wp-json\/wp\/v2\/users\/1"}],"replies":[{"embeddable":true,"href":"https:\/\/spuehler.legal\/es\/wp-json\/wp\/v2\/comments?post=5382"}],"version-history":[{"count":8,"href":"https:\/\/spuehler.legal\/es\/wp-json\/wp\/v2\/pages\/5382\/revisions"}],"predecessor-version":[{"id":7349,"href":"https:\/\/spuehler.legal\/es\/wp-json\/wp\/v2\/pages\/5382\/revisions\/7349"}],"wp:attachment":[{"href":"https:\/\/spuehler.legal\/es\/wp-json\/wp\/v2\/media?parent=5382"}],"curies":[{"name":"wp","href":"https:\/\/api.w.org\/{rel}","templated":true}]}}