{"id":3101,"date":"2021-11-16T18:05:56","date_gmt":"2021-11-16T17:05:56","guid":{"rendered":"https:\/\/spuehler.legal\/honorarios\/"},"modified":"2026-03-05T10:32:27","modified_gmt":"2026-03-05T09:32:27","slug":"honorarios","status":"publish","type":"page","link":"https:\/\/spuehler.legal\/es\/honorarios\/","title":{"rendered":"Honorarios"},"content":{"rendered":"<section class=\"l-section wpb_row height_large color_primary with_img\"><div class=\"l-section-img\" role=\"img\" aria-label=\"C\u00fapula del tejado de la Biblioteca RWI de Z\u00farich\" data-img-width=\"1920\" data-img-height=\"1280\" style=\"background-image: url(https:\/\/spuehler.legal\/wp-content\/uploads\/2017\/12\/rwi-bibliothek-zuerich4.jpg);\"><\/div><div class=\"l-section-overlay\" style=\"background:rgba(0,0,0,0.6)\"><\/div><div class=\"l-section-h i-cf\"><div class=\"g-cols vc_row via_flex valign_top type_default stacking_default\"><div class=\"vc_col-sm-12 wpb_column vc_column_container\"><div class=\"vc_column-inner\"><div class=\"wpb_wrapper\"><div class=\"wpb_text_column\"><div class=\"wpb_wrapper\"><h1 style=\"text-align: left;\">Honorarios<\/h1>\n<\/div><\/div><div class=\"wpb_text_column us_custom_dfddb007\"><div class=\"wpb_wrapper\"><h3 style=\"text-align: left;\"><strong>Honorarios<\/strong> justos y transparentes.<\/h3>\n<\/div><\/div><\/div><\/div><\/div><\/div><\/div><\/section><section class=\"l-section wpb_row height_medium\"><div class=\"l-section-h i-cf\"><div class=\"g-cols vc_row via_flex valign_top type_default stacking_default\"><div class=\"vc_col-sm-8 wpb_column vc_column_container\"><div class=\"vc_column-inner\"><div class=\"wpb_wrapper\"><div class=\"wpb_text_column\"><div class=\"wpb_wrapper\"><h2>Honorarios<\/h2>\n<p>Cobramos nuestros honorarios por horas. El importe de la tarifa horaria depende de la persona encargada del caso y de la responsabilidad en el mandato espec\u00edfico. Salvo acuerdo en contrario, se aplican las siguientes tarifas:  <\/p>\n<p><strong>Abogado:<\/strong> 300 CHF por hora<\/p>\n<p><strong>Fabian Sp\u00fchler:<\/strong> 340 CHF por hora<\/p>\n<p data-start=\"318\" data-end=\"388\">Las tarifas de honorarios no incluyen el IVA ni los gastos.<\/p>\n<p data-start=\"390\" data-end=\"757\">Cada etapa de trabajo se enumera individualmente en la factura, se describe brevemente en t\u00e9rminos de contenido y se registra en unidades de 0,1 horas. Se factura todo el tiempo empleado en relaci\u00f3n con el mandato, en particular las cartas, los documentos jur\u00eddicos, las llamadas telef\u00f3nicas, los correos electr\u00f3nicos, las reuniones, los desplazamientos a citas externas y las audiencias judiciales. <\/p>\n<p data-start=\"759\" data-end=\"846\">El cliente puede solicitar en cualquier momento informaci\u00f3n sobre los costes incurridos hasta la fecha.<\/p>\n<p data-start=\"848\" data-end=\"964\" data-is-last-node=\"\" data-is-only-node=\"\">Los trabajos de secretar\u00eda y los gastos relacionados con la facturaci\u00f3n no se facturan.<\/p>\n<\/div><\/div><div class=\"w-separator size_small\"><\/div><div class=\"wpb_text_column\"><div class=\"wpb_wrapper\"><h2>Gastos<\/h2>\n<p>Adem\u00e1s de los honorarios, se cobran los gastos m\u00e1s el IVA. Por los peque\u00f1os gastos (papel, franqueo, copias, tel\u00e9fono) se cobrar\u00e1 una cantidad fija del 3% de los honorarios (sin IVA). Adem\u00e1s de los peque\u00f1os gastos, se cobrar\u00e1n otros como gastos de viaje.<\/p>\n<\/div><\/div><div class=\"w-separator size_small\"><\/div><div class=\"wpb_text_column\"><div class=\"wpb_wrapper\"><h2>Anticipos de costes<\/h2>\n<p>Debido a sus obligaciones profesionales y \u00e9ticas, los abogados suelen estar obligados a exigir a sus clientes un anticipo de sus honorarios. Por ello, el bufete Sp\u00fchler Attorneys at Law solicita regularmente anticipos sobre las costas. <\/p>\n<p>Para la primera reuni\u00f3n, exigimos un anticipo de 350,00 CHF, que cubre los gastos de aproximadamente una hora. En la primera reuni\u00f3n, la persona encargada del caso puede explicarle los costes adicionales de tramitaci\u00f3n del caso y las opciones de financiaci\u00f3n. <\/p>\n<p>Si tras la primera reuni\u00f3n se determina que es posible una representaci\u00f3n jur\u00eddica gratuita o una defensa oficial, no se solicitar\u00e1n m\u00e1s anticipos sobre los costes.<\/p>\n<p>En caso de que un seguro de defensa jur\u00eddica o un centro de asesoramiento a las v\u00edctimas apruebe los gastos, renunciamos a un anticipo de los gastos de la primera reuni\u00f3n.<\/p>\n<\/div><\/div><div class=\"w-separator size_small\"><\/div><div class=\"wpb_text_column\"><div class=\"wpb_wrapper\"><h2>Representaci\u00f3n legal gratuita \/ defensa oficial<\/h2>\n<p>El bufete Sp\u00fchler Abogados tambi\u00e9n asume mandatos en el marco de la representaci\u00f3n jur\u00eddica gratuita o defensa oficial (\u00abdefensa p\u00fablica\u00bb). Se trata de mandatos en los que los honorarios del abogado y, en su caso, las costas procesales corren a cargo del Estado. El requisito previo es que la persona que solicita asistencia jur\u00eddica no pueda costearse los procedimientos oficiales o judiciales y que el caso sea de cierta complejidad.   Los costes pagados por el Estado pueden ser reclamados si la situaci\u00f3n financiera del cliente mejora. La indemnizaci\u00f3n de las partes en caso de perder un caso no est\u00e1 cubierta por la libre administraci\u00f3n de justicia.<\/p>\n<p>Durante su primera consulta con Sp\u00fchler Rechtsanw\u00e4lte, estaremos encantados de comprobar si tiene derecho a asistencia jur\u00eddica gratuita.<\/p>\n<\/div><\/div><div class=\"w-separator size_small\"><\/div><div class=\"wpb_text_column\"><div class=\"wpb_wrapper\"><h2>Seguro de defensa jur\u00eddica<\/h2>\n<p>El bufete de abogados Sp\u00fchler Rechtsanw\u00e4lte tambi\u00e9n colabora con aseguradoras de defensa jur\u00eddica. Una vez que haya aclarado si podemos hacernos cargo del caso solicitando una cita, deber\u00e1 registrarlo inmediata y personalmente en la compa\u00f1\u00eda de seguros de defensa jur\u00eddica y aclarar si existe cobertura del seguro. Comunique a la compa\u00f1\u00eda de seguros qui\u00e9n de Sp\u00fchler Abogados desea que le represente. A continuaci\u00f3n, el seguro de defensa jur\u00eddica autorizar\u00e1 los costes de cada uno de los tr\u00e1mites (procesales). Usted no tiene ning\u00fan riesgo de costes dentro del \u00e1mbito de la aprobaci\u00f3n de costes. Los servicios que vayan m\u00e1s all\u00e1 de la aprobaci\u00f3n de costes o que no est\u00e9n cubiertos por la p\u00f3liza de seguro est\u00e1n sujetos a un cargo para el cliente.   <\/p>\n<p>Consulte la <a href=\"https:\/\/www.sav-fsa.ch\/de\/documents\/news\/checkliste_svv-und-sav_d.pdf\">hoja informativa<\/a> de la Asociaci\u00f3n Suiza de Abogados.<\/p>\n<\/div><\/div><div class=\"w-separator size_small\"><\/div><div class=\"wpb_text_column\"><div class=\"wpb_wrapper\"><h2>Otros costes<\/h2>\n<p>Los procedimientos ante los tribunales y las autoridades pueden acarrear costes adicionales, como <strong>las costas procesales<\/strong> y la <strong>indemnizaci\u00f3n de las partes<\/strong>. Lea m\u00e1s al respecto en <a href=\"https:\/\/spuehler.legal\/es\/faq\/\">FAQ (preguntas frecuentes)<\/a>.<\/p>\n<\/div><\/div><div class=\"w-separator size_small\"><\/div><\/div><\/div><\/div><div class=\"vc_col-sm-4 wpb_column vc_column_container\"><div class=\"vc_column-inner type_sticky\"><div class=\"wpb_wrapper\"><div class=\"g-cols wpb_row us_custom_b2c0e22a via_flex valign_top type_default stacking_default\"><div class=\"vc_col-sm-12 wpb_column vc_column_container\"><div class=\"vc_column-inner type_sticky\"><div class=\"wpb_wrapper\"><div class=\"w-iconbox iconpos_top style_outlined color_primary align_center no_text no_title\"><div class=\"w-iconbox-icon\" style=\"font-size:52px;\"><i class=\"fas fa-calendar-alt\"><\/i><\/div><div class=\"w-iconbox-meta\"><\/div><\/div><div class=\"w-separator size_small\"><\/div><div class=\"w-separator hide_on_default hide_on_laptops size_small\"><\/div><div class=\"wpb_text_column\"><div class=\"wpb_wrapper\"><p style=\"text-align: center;\"><strong>Concierte una cita con un experto en l\u00ednea.<\/strong><\/p>\n<\/div><\/div><div class=\"w-btn-wrapper align_center\"><a class=\"w-btn us-btn-style_1 icon_atleft\" title=\"Cita\" href=\"https:\/\/spuehler.legal\/es\/reunion\/\"><i class=\"fas fa-calendar-check\"><\/i><span class=\"w-btn-label\">Reservar cita<\/span><\/a><\/div><\/div><\/div><\/div><\/div><\/div><\/div><\/div><\/div><\/div><\/section>\n","protected":false},"excerpt":{"rendered":"Honorarios Honorarios justos y transparentes. Honorarios Cobramos nuestros honorarios por horas. El importe de la tarifa horaria depende de la persona encargada del caso y de la responsabilidad en el mandato espec\u00edfico. Salvo acuerdo en contrario, se aplican las siguientes tarifas: Abogado: 300 CHF por hora Fabian Sp\u00fchler: 340 CHF por hora Las tarifas de...","protected":false},"author":1,"featured_media":0,"parent":0,"menu_order":0,"comment_status":"closed","ping_status":"closed","template":"","meta":{"footnotes":""},"class_list":["post-3101","page","type-page","status-publish","hentry"],"yoast_head":"<!-- This site is optimized with the Yoast SEO Premium plugin v27.4 (Yoast SEO v27.4) - https:\/\/yoast.com\/product\/yoast-seo-premium-wordpress\/ -->\n<title>Honorarios - Sp\u00fchler Rechtsanw\u00e4lte AG<\/title>\n<meta name=\"robots\" content=\"index, follow, max-snippet:-1, max-image-preview:large, max-video-preview:-1\" \/>\n<link rel=\"canonical\" href=\"https:\/\/spuehler.legal\/es\/honorarios\/\" \/>\n<meta property=\"og:locale\" content=\"es_ES\" \/>\n<meta property=\"og:type\" content=\"article\" \/>\n<meta property=\"og:title\" content=\"Honorarios\" \/>\n<meta property=\"og:url\" content=\"https:\/\/spuehler.legal\/es\/honorarios\/\" \/>\n<meta property=\"og:site_name\" content=\"Sp\u00fchler Rechtsanw\u00e4lte AG\" \/>\n<meta property=\"article:publisher\" content=\"https:\/\/www.facebook.com\/spuehler.legal\" \/>\n<meta property=\"article:modified_time\" content=\"2026-03-05T09:32:27+00:00\" \/>\n<meta name=\"twitter:card\" content=\"summary_large_image\" \/>\n<meta name=\"twitter:label1\" content=\"Tiempo de lectura\" \/>\n\t<meta name=\"twitter:data1\" content=\"4 minutos\" \/>\n<script type=\"application\/ld+json\" class=\"yoast-schema-graph\">{\"@context\":\"https:\\\/\\\/schema.org\",\"@graph\":[{\"@type\":\"WebPage\",\"@id\":\"https:\\\/\\\/spuehler.legal\\\/es\\\/honorarios\\\/\",\"url\":\"https:\\\/\\\/spuehler.legal\\\/es\\\/honorarios\\\/\",\"name\":\"Honorarios - Sp\u00fchler Rechtsanw\u00e4lte AG\",\"isPartOf\":{\"@id\":\"https:\\\/\\\/spuehler.legal\\\/es\\\/#website\"},\"datePublished\":\"2021-11-16T17:05:56+00:00\",\"dateModified\":\"2026-03-05T09:32:27+00:00\",\"breadcrumb\":{\"@id\":\"https:\\\/\\\/spuehler.legal\\\/es\\\/honorarios\\\/#breadcrumb\"},\"inLanguage\":\"es\",\"potentialAction\":[{\"@type\":\"ReadAction\",\"target\":[\"https:\\\/\\\/spuehler.legal\\\/es\\\/honorarios\\\/\"]}]},{\"@type\":\"BreadcrumbList\",\"@id\":\"https:\\\/\\\/spuehler.legal\\\/es\\\/honorarios\\\/#breadcrumb\",\"itemListElement\":[{\"@type\":\"ListItem\",\"position\":1,\"name\":\"Startseite\",\"item\":\"https:\\\/\\\/spuehler.legal\\\/es\\\/inicio\\\/\"},{\"@type\":\"ListItem\",\"position\":2,\"name\":\"Honorarios\"}]},{\"@type\":\"WebSite\",\"@id\":\"https:\\\/\\\/spuehler.legal\\\/es\\\/#website\",\"url\":\"https:\\\/\\\/spuehler.legal\\\/es\\\/\",\"name\":\"Sp\u00fchler Rechtsanw\u00e4lte AG\",\"description\":\"Rechtsberatung und Rechtsvertretung in allen Lebenslagen\",\"publisher\":{\"@id\":\"https:\\\/\\\/spuehler.legal\\\/es\\\/#organization\"},\"potentialAction\":[{\"@type\":\"SearchAction\",\"target\":{\"@type\":\"EntryPoint\",\"urlTemplate\":\"https:\\\/\\\/spuehler.legal\\\/es\\\/?s={search_term_string}\"},\"query-input\":{\"@type\":\"PropertyValueSpecification\",\"valueRequired\":true,\"valueName\":\"search_term_string\"}}],\"inLanguage\":\"es\"},{\"@type\":\"Organization\",\"@id\":\"https:\\\/\\\/spuehler.legal\\\/es\\\/#organization\",\"name\":\"Sp\u00fchler Rechtsanw\u00e4lte AG\",\"url\":\"https:\\\/\\\/spuehler.legal\\\/es\\\/\",\"logo\":{\"@type\":\"ImageObject\",\"inLanguage\":\"es\",\"@id\":\"https:\\\/\\\/spuehler.legal\\\/es\\\/#\\\/schema\\\/logo\\\/image\\\/\",\"url\":\"https:\\\/\\\/spuehler.legal\\\/wp-content\\\/uploads\\\/2020\\\/08\\\/logo-spuehler-rechtsanwaelte.png\",\"contentUrl\":\"https:\\\/\\\/spuehler.legal\\\/wp-content\\\/uploads\\\/2020\\\/08\\\/logo-spuehler-rechtsanwaelte.png\",\"width\":898,\"height\":259,\"caption\":\"Sp\u00fchler Rechtsanw\u00e4lte AG\"},\"image\":{\"@id\":\"https:\\\/\\\/spuehler.legal\\\/es\\\/#\\\/schema\\\/logo\\\/image\\\/\"},\"sameAs\":[\"https:\\\/\\\/www.facebook.com\\\/spuehler.legal\",\"https:\\\/\\\/www.linkedin.com\\\/in\\\/fspuehler\\\/\"],\"description\":\"Die Anwaltskanzlei Sp\u00fchler Rechtsanw\u00e4lte AG ist beratend und prozessierend t\u00e4tig. Sie vertritt Privatpersonen sowie kleine und mittlere Unternehmen (KMU) in nationalen und internationalen Sachverhalten. Durch die breite Ausrichtung der Kanzlei ist eine ganzheitliche Beratung m\u00f6glich, welche auf Deutsch, Englisch, Spanisch, Franz\u00f6sisch, Italienisch oder Portugiesisch stattfindet. Kontaktieren Sie Ihre Anw\u00e4ltin oder Ihren Anwalt in Z\u00fcrich!\",\"email\":\"info@spuehler.legal\",\"telephone\":\"+41433440505\",\"legalName\":\"Sp\u00fchler Rechtsanw\u00e4lte AG\",\"foundingDate\":\"2018-01-01\",\"vatID\":\"CHE-431.484.624\",\"numberOfEmployees\":{\"@type\":\"QuantitativeValue\",\"minValue\":\"1\",\"maxValue\":\"10\"}}]}<\/script>\n<!-- \/ Yoast SEO Premium plugin. -->","yoast_head_json":{"title":"Honorarios - Sp\u00fchler Rechtsanw\u00e4lte AG","robots":{"index":"index","follow":"follow","max-snippet":"max-snippet:-1","max-image-preview":"max-image-preview:large","max-video-preview":"max-video-preview:-1"},"canonical":"https:\/\/spuehler.legal\/es\/honorarios\/","og_locale":"es_ES","og_type":"article","og_title":"Honorarios","og_url":"https:\/\/spuehler.legal\/es\/honorarios\/","og_site_name":"Sp\u00fchler Rechtsanw\u00e4lte AG","article_publisher":"https:\/\/www.facebook.com\/spuehler.legal","article_modified_time":"2026-03-05T09:32:27+00:00","twitter_card":"summary_large_image","twitter_misc":{"Tiempo de lectura":"4 minutos"},"schema":{"@context":"https:\/\/schema.org","@graph":[{"@type":"WebPage","@id":"https:\/\/spuehler.legal\/es\/honorarios\/","url":"https:\/\/spuehler.legal\/es\/honorarios\/","name":"Honorarios - Sp\u00fchler Rechtsanw\u00e4lte AG","isPartOf":{"@id":"https:\/\/spuehler.legal\/es\/#website"},"datePublished":"2021-11-16T17:05:56+00:00","dateModified":"2026-03-05T09:32:27+00:00","breadcrumb":{"@id":"https:\/\/spuehler.legal\/es\/honorarios\/#breadcrumb"},"inLanguage":"es","potentialAction":[{"@type":"ReadAction","target":["https:\/\/spuehler.legal\/es\/honorarios\/"]}]},{"@type":"BreadcrumbList","@id":"https:\/\/spuehler.legal\/es\/honorarios\/#breadcrumb","itemListElement":[{"@type":"ListItem","position":1,"name":"Startseite","item":"https:\/\/spuehler.legal\/es\/inicio\/"},{"@type":"ListItem","position":2,"name":"Honorarios"}]},{"@type":"WebSite","@id":"https:\/\/spuehler.legal\/es\/#website","url":"https:\/\/spuehler.legal\/es\/","name":"Sp\u00fchler Rechtsanw\u00e4lte AG","description":"Rechtsberatung und Rechtsvertretung in allen Lebenslagen","publisher":{"@id":"https:\/\/spuehler.legal\/es\/#organization"},"potentialAction":[{"@type":"SearchAction","target":{"@type":"EntryPoint","urlTemplate":"https:\/\/spuehler.legal\/es\/?s={search_term_string}"},"query-input":{"@type":"PropertyValueSpecification","valueRequired":true,"valueName":"search_term_string"}}],"inLanguage":"es"},{"@type":"Organization","@id":"https:\/\/spuehler.legal\/es\/#organization","name":"Sp\u00fchler Rechtsanw\u00e4lte AG","url":"https:\/\/spuehler.legal\/es\/","logo":{"@type":"ImageObject","inLanguage":"es","@id":"https:\/\/spuehler.legal\/es\/#\/schema\/logo\/image\/","url":"https:\/\/spuehler.legal\/wp-content\/uploads\/2020\/08\/logo-spuehler-rechtsanwaelte.png","contentUrl":"https:\/\/spuehler.legal\/wp-content\/uploads\/2020\/08\/logo-spuehler-rechtsanwaelte.png","width":898,"height":259,"caption":"Sp\u00fchler Rechtsanw\u00e4lte AG"},"image":{"@id":"https:\/\/spuehler.legal\/es\/#\/schema\/logo\/image\/"},"sameAs":["https:\/\/www.facebook.com\/spuehler.legal","https:\/\/www.linkedin.com\/in\/fspuehler\/"],"description":"Die Anwaltskanzlei Sp\u00fchler Rechtsanw\u00e4lte AG ist beratend und prozessierend t\u00e4tig. Sie vertritt Privatpersonen sowie kleine und mittlere Unternehmen (KMU) in nationalen und internationalen Sachverhalten. Durch die breite Ausrichtung der Kanzlei ist eine ganzheitliche Beratung m\u00f6glich, welche auf Deutsch, Englisch, Spanisch, Franz\u00f6sisch, Italienisch oder Portugiesisch stattfindet. Kontaktieren Sie Ihre Anw\u00e4ltin oder Ihren Anwalt in Z\u00fcrich!","email":"info@spuehler.legal","telephone":"+41433440505","legalName":"Sp\u00fchler Rechtsanw\u00e4lte AG","foundingDate":"2018-01-01","vatID":"CHE-431.484.624","numberOfEmployees":{"@type":"QuantitativeValue","minValue":"1","maxValue":"10"}}]}},"_links":{"self":[{"href":"https:\/\/spuehler.legal\/es\/wp-json\/wp\/v2\/pages\/3101","targetHints":{"allow":["GET"]}}],"collection":[{"href":"https:\/\/spuehler.legal\/es\/wp-json\/wp\/v2\/pages"}],"about":[{"href":"https:\/\/spuehler.legal\/es\/wp-json\/wp\/v2\/types\/page"}],"author":[{"embeddable":true,"href":"https:\/\/spuehler.legal\/es\/wp-json\/wp\/v2\/users\/1"}],"replies":[{"embeddable":true,"href":"https:\/\/spuehler.legal\/es\/wp-json\/wp\/v2\/comments?post=3101"}],"version-history":[{"count":35,"href":"https:\/\/spuehler.legal\/es\/wp-json\/wp\/v2\/pages\/3101\/revisions"}],"predecessor-version":[{"id":7596,"href":"https:\/\/spuehler.legal\/es\/wp-json\/wp\/v2\/pages\/3101\/revisions\/7596"}],"wp:attachment":[{"href":"https:\/\/spuehler.legal\/es\/wp-json\/wp\/v2\/media?parent=3101"}],"curies":[{"name":"wp","href":"https:\/\/api.w.org\/{rel}","templated":true}]}}