{"id":1004,"date":"2018-01-22T17:33:14","date_gmt":"2018-01-22T16:33:14","guid":{"rendered":"https:\/\/spuehler.legal\/servicios\/"},"modified":"2025-06-15T17:24:21","modified_gmt":"2025-06-15T15:24:21","slug":"servicios","status":"publish","type":"page","link":"https:\/\/spuehler.legal\/es\/servicios\/","title":{"rendered":"Servicios"},"content":{"rendered":"<section class=\"l-section wpb_row height_large color_primary with_img\"><div class=\"l-section-img\" role=\"img\" aria-label=\"Imagen\" data-img-width=\"1920\" data-img-height=\"1280\" style=\"background-image: url(https:\/\/spuehler.legal\/wp-content\/uploads\/2017\/12\/rwi-bibliothek-zuerich2.jpg);\"><\/div><div class=\"l-section-overlay\" style=\"background:rgba(0,0,0,0.6)\"><\/div><div class=\"l-section-h i-cf\"><div class=\"g-cols vc_row via_flex valign_top type_default stacking_default\"><div class=\"vc_col-sm-12 wpb_column vc_column_container\"><div class=\"vc_column-inner\"><div class=\"wpb_wrapper\"><div class=\"wpb_text_column\"><div class=\"wpb_wrapper\"><h1 class=\"ai-optimize-71\" style=\"text-align: left;\">Servicios de su bufete <strong>de abogados en Z\u00farich<\/strong><\/h1>\n<p class=\"ai-optimize-72\">\n<\/div><\/div><div class=\"wpb_text_column us_custom_ce05b304\"><div class=\"wpb_wrapper\"><h3 class=\"ai-optimize-73\" style=\"text-align: left;\">Asesoramiento, representaci\u00f3n extrajudicial y <strong>litigios<\/strong>.<\/h3>\n<p class=\"ai-optimize-74\">\n<\/div><\/div><\/div><\/div><\/div><\/div><\/div><\/section><section class=\"l-section wpb_row height_small\"><div class=\"l-section-h i-cf\"><div class=\"g-cols vc_row via_flex valign_top type_default stacking_default\"><div class=\"vc_col-sm-12 wpb_column vc_column_container\"><div class=\"vc_column-inner\"><div class=\"wpb_wrapper\"><div class=\"wpb_text_column\"><div class=\"wpb_wrapper\"><h2 class=\"ai-optimize-75\">Servicios del <strong>bufete<\/strong><\/h2>\n<p class=\"ai-optimize-76\">\n<\/div><\/div><\/div><\/div><\/div><\/div><\/div><\/section><section class=\"l-section wpb_row us_custom_a40275d7 height_small\"><div class=\"l-section-h i-cf\"><div class=\"g-cols vc_row via_flex valign_top type_default stacking_default\"><div class=\"vc_col-sm-4 wpb_column vc_column_container\"><div class=\"vc_column-inner us_custom_539f15ee\"><div class=\"wpb_wrapper\"><div class=\"w-iconbox iconpos_top style_circle color_primary align_center\"><div class=\"w-iconbox-icon\" style=\"font-size:44px;\"><i class=\"far fa-lightbulb\"><\/i><\/div><div class=\"w-iconbox-meta\"><h3 class=\"w-iconbox-title\">Consultor\u00eda + redacci\u00f3n de contratos<\/h3><div class=\"w-iconbox-text\"><p>Un asesoramiento jur\u00eddico y una redacci\u00f3n de contratos reputados ofrecen seguridad jur\u00eddica y evitan costosas disputas legales<\/p>\n<\/div><\/div><\/div><\/div><\/div><\/div><div class=\"vc_col-sm-4 wpb_column vc_column_container\"><div class=\"vc_column-inner us_custom_539f15ee\"><div class=\"wpb_wrapper\"><div class=\"w-iconbox iconpos_top style_circle color_primary align_center\"><div class=\"w-iconbox-icon\" style=\"font-size:44px;\"><i class=\"far fa-handshake\"><\/i><\/div><div class=\"w-iconbox-meta\"><h3 class=\"w-iconbox-title\">Turno de oficio<\/h3><div class=\"w-iconbox-text\"><p>La eficaz resoluci\u00f3n extrajudicial de litigios evita elevados costes judiciales y legales<\/p>\n<\/div><\/div><\/div><\/div><\/div><\/div><div class=\"vc_col-sm-4 wpb_column vc_column_container\"><div class=\"vc_column-inner us_custom_539f15ee\"><div class=\"wpb_wrapper\"><div class=\"w-iconbox iconpos_top style_circle color_primary align_center\"><div class=\"w-iconbox-icon\" style=\"font-size:44px;\"><i class=\"fas fa-balance-scale\"><\/i><\/div><div class=\"w-iconbox-meta\"><h3 class=\"w-iconbox-title\">Gesti\u00f3n de procesos<\/h3><div class=\"w-iconbox-text\"><p>Representaci\u00f3n jur\u00eddica orientada a la soluci\u00f3n y consciente de los costes ante las autoridades y los tribunales, as\u00ed como defensa penal<\/p>\n<\/div><\/div><\/div><\/div><\/div><\/div><\/div><\/div><\/section><section class=\"l-section wpb_row height_small\"><div class=\"l-section-h i-cf\"><div class=\"g-cols vc_row via_flex valign_top type_default stacking_default\"><div class=\"vc_col-sm-12 wpb_column vc_column_container\"><div class=\"vc_column-inner\"><div class=\"wpb_wrapper\"><div class=\"wpb_text_column\"><div class=\"wpb_wrapper\"><h2 class=\"ai-optimize-77\"><strong>\u00c1mbitos jur\u00eddicos<\/strong> preferidos <strong>de nuestros abogados<\/strong><\/h2>\n<p class=\"ai-optimize-78\">El bufete de abogados Sp\u00fchler Rechtsanw\u00e4lte est\u00e1 especializado en <strong>derecho penal y civil<\/strong> en contextos nacionales e internacionales. Asesoramos a nuestros clientes en nuestro despacho de Z\u00farich en <strong>alem\u00e1n, ingl\u00e9s, espa\u00f1ol, franc\u00e9s, italiano o portugu\u00e9s<\/strong>. Los abogados de nuestro bufete representan a particulares ante todas las autoridades y tribunales de la Suiza alemana. Sus \u00e1reas favoritas del derecho pueden dividirse en los siguientes temas:   <\/p>\n<p class=\"ai-optimize-22\">\n<\/div><\/div><div class=\"w-separator size_medium\"><\/div><div class=\"w-iconbox iconpos_left style_default color_primary align_left\"><a href=\"https:\/\/spuehler.legal\/es\/defensa-penal\/\" class=\"w-iconbox-link\" aria-label=\"Defensa penal\"><div class=\"w-iconbox-icon\" style=\"font-size:3rem;\"><i class=\"fas fa-user-secret\"><\/i><\/div><\/a><div class=\"w-iconbox-meta\"><h3 class=\"w-iconbox-title\"><a href=\"https:\/\/spuehler.legal\/es\/defensa-penal\/\" class=\"w-iconbox-link\" aria-label=\"Defensa penal\">Defensa penal<\/a><\/h3><div class=\"w-iconbox-text\"><p class=\"ai-optimize-17\">\u00bfHa recibido correo de una autoridad penal? \u00bfEst\u00e1 acusado de un delito penal? \u00bfHan detenido a alguien cercano a usted? Podemos ayudarle en todos los \u00e1mbitos del derecho penal.  <a href=\"https:\/\/spuehler.legal\/es\/defensa-penal\/\">\u27a8Aprenda m\u00e1s sobre derecho penal.<\/a><\/p>\n<p class=\"ai-optimize-57\">\n<\/div><\/div><\/div><div class=\"w-separator size_medium\"><\/div><div class=\"w-iconbox iconpos_left style_default color_primary align_left\"><a href=\"https:\/\/spuehler.legal\/es\/representacion-de-las-victimas\/\" class=\"w-iconbox-link\" aria-label=\"Representaci\u00f3n de las v\u00edctimas\"><div class=\"w-iconbox-icon\" style=\"font-size:3rem;\"><i class=\"fas fa-life-ring\"><\/i><\/div><\/a><div class=\"w-iconbox-meta\"><h3 class=\"w-iconbox-title\"><a href=\"https:\/\/spuehler.legal\/es\/representacion-de-las-victimas\/\" class=\"w-iconbox-link\" aria-label=\"Representaci\u00f3n de las v\u00edctimas\">Representaci\u00f3n de las v\u00edctimas<\/a><\/h3><div class=\"w-iconbox-text\"><p class=\"ai-optimize-40\">\u00bfHa sido v\u00edctima de violencia o de un delito sexual? \u00bfSufre violencia dom\u00e9stica? \u00bfHa perdido dinero por fraude? Representamos a los perjudicados en todos los \u00e1mbitos del derecho penal.  <a href=\"https:\/\/spuehler.legal\/es\/representacion-de-las-victimas\/\">\u27a8Aprenda m\u00e1s sobre la defensa de las v\u00edctimas.<\/a><\/p>\n<p class=\"ai-optimize-58\">\n<\/div><\/div><\/div><div class=\"w-separator size_medium\"><\/div><div class=\"w-iconbox iconpos_left style_default color_primary align_left\"><a href=\"https:\/\/spuehler.legal\/es\/derecho-de-familia\/\" class=\"w-iconbox-link\" aria-label=\"Derecho de familia\"><div class=\"w-iconbox-icon\" style=\"font-size:3rem;\"><i class=\"fas fa-users\"><\/i><\/div><\/a><div class=\"w-iconbox-meta\"><h3 class=\"w-iconbox-title\"><a href=\"https:\/\/spuehler.legal\/es\/derecho-de-familia\/\" class=\"w-iconbox-link\" aria-label=\"Derecho de familia\">Derecho de familia<\/a><\/h3><div class=\"w-iconbox-text\"><p class=\"ai-optimize-41\">\u00bfEst\u00e1 atravesando actualmente una separaci\u00f3n o un divorcio? \u00bfDesea un consejo para casarse? \u00bfNecesita un acuerdo prenupcial? \u00bfDesea organizar su patrimonio con un testamento o un contrato sucesorio?  <a href=\"https:\/\/spuehler.legal\/es\/derecho-de-familia\/\">\u27a8Aprenda m\u00e1s sobre el derecho de familia.<\/a><\/p>\n<p class=\"ai-optimize-8\">\n<\/div><\/div><\/div><div class=\"w-separator size_medium\"><\/div><div class=\"w-iconbox iconpos_left style_default color_primary align_left\"><a href=\"https:\/\/spuehler.legal\/es\/derecho-migratorio\/\" class=\"w-iconbox-link\" aria-label=\"Derecho de migraci\u00f3n + asilo\"><div class=\"w-iconbox-icon\" style=\"font-size:3rem;\"><i class=\"fas fa-ship\"><\/i><\/div><\/a><div class=\"w-iconbox-meta\"><h3 class=\"w-iconbox-title\"><a href=\"https:\/\/spuehler.legal\/es\/derecho-migratorio\/\" class=\"w-iconbox-link\" aria-label=\"Derecho de migraci\u00f3n + asilo\">Derecho de migraci\u00f3n + asilo<\/a><\/h3><div class=\"w-iconbox-text\"><p class=\"ai-optimize-11\">\u00bfLe han retirado el permiso de residencia o de establecimiento? \u00bfHa recibido correo de la oficina de migraci\u00f3n? \u00bfDesea establecer su residencia en Suiza? Nuestro bufete le apoya en todos los \u00e1mbitos del derecho de migraci\u00f3n y asilo.  <a href=\"https:\/\/spuehler.legal\/es\/derecho-migratorio\/\">\u27a8Aprenda m\u00e1s sobre la ley de migraci\u00f3n.<\/a><\/p>\n<p class=\"ai-optimize-60\">\n<\/div><\/div><\/div><div class=\"w-separator size_medium\"><\/div><div class=\"w-iconbox iconpos_left style_default color_primary align_left\"><a href=\"https:\/\/spuehler.legal\/anwalt-arbeitsrecht-zuerich\/\" class=\"w-iconbox-link\" aria-label=\"Derecho laboral\"><div class=\"w-iconbox-icon\" style=\"font-size:3rem;\"><i class=\"fas fa-briefcase\"><\/i><\/div><\/a><div class=\"w-iconbox-meta\"><h3 class=\"w-iconbox-title\"><a href=\"https:\/\/spuehler.legal\/anwalt-arbeitsrecht-zuerich\/\" class=\"w-iconbox-link\" aria-label=\"Derecho laboral\">Derecho laboral<\/a><\/h3><div class=\"w-iconbox-text\"><p class=\"ai-optimize-16\">\u00bfSe ha rescindido su contrato de trabajo? \u00bfNo ha recibido un salario? \u00bfDesea una referencia mejor? Le apoyamos en la ejecuci\u00f3n de sus demandas laborales.  <a href=\"https:\/\/spuehler.legal\/es\/derecho-laboral\/\">\u27a8Aprenda m\u00e1s sobre la legislaci\u00f3n laboral.<\/a><\/p>\n<p class=\"ai-optimize-9\">\n<\/div><\/div><\/div><div class=\"w-separator size_medium\"><\/div><div class=\"w-iconbox iconpos_left style_default color_primary align_left\"><a href=\"https:\/\/spuehler.legal\/es\/derecho-contractual\/\" class=\"w-iconbox-link\" aria-label=\"Derecho contractual\"><div class=\"w-iconbox-icon\" style=\"font-size:3rem;\"><i class=\"fas fa-file-alt\"><\/i><\/div><\/a><div class=\"w-iconbox-meta\"><h3 class=\"w-iconbox-title\"><a href=\"https:\/\/spuehler.legal\/es\/derecho-contractual\/\" class=\"w-iconbox-link\" aria-label=\"Derecho contractual\">Derecho contractual<\/a><\/h3><div class=\"w-iconbox-text\"><p>Ofrecemos apoyo en la <strong>redacci\u00f3n de contratos<\/strong>, <strong>revisi\u00f3n de contratos<\/strong> y <strong>litigios contractuales<\/strong>. Una redacci\u00f3n cuidadosa del contrato puede evitar costosas disputas posteriores.  <a href=\"https:\/\/spuehler.legal\/es\/derecho-contractual\/\">\u27a8Aprenda m\u00e1s sobre el derecho contractual.<\/a><\/p>\n<\/div><\/div><\/div><div class=\"w-separator size_medium\"><\/div><div class=\"w-iconbox iconpos_left style_default color_primary align_left\"><div class=\"w-iconbox-icon\" style=\"font-size:3rem;\"><i class=\"fas fa-home\"><\/i><\/div><div class=\"w-iconbox-meta\"><h3 class=\"w-iconbox-title\">Alquiler + propiedad<\/h3><div class=\"w-iconbox-text\"><p>\u00bfLe han cancelado el alquiler de su piso? \u00bfSu casero no rectifica los defectos de su piso y no le concede una reducci\u00f3n del alquiler? \u00bfNecesita una revisi\u00f3n o el borrador de un contrato de compraventa de una propiedad? \u00bfTiene alguna disputa con su vecino? \u00bfExisten problemas con la propiedad horizontal?<\/p>\n<\/div><\/div><\/div><div class=\"w-separator size_medium\"><\/div><div class=\"w-iconbox iconpos_left style_default color_primary align_left\"><a href=\"https:\/\/spuehler.legal\/anwalt-betreibung-zuerich-konkurs\/\" class=\"w-iconbox-link\" aria-label=\"Cobro de deudas + quiebra\"><div class=\"w-iconbox-icon\" style=\"font-size:3rem;\"><i class=\"fas fa-gavel\"><\/i><\/div><\/a><div class=\"w-iconbox-meta\"><h3 class=\"w-iconbox-title\"><a href=\"https:\/\/spuehler.legal\/anwalt-betreibung-zuerich-konkurs\/\" class=\"w-iconbox-link\" aria-label=\"Cobro de deudas + quiebra\">Cobro de deudas + quiebra<\/a><\/h3><div class=\"w-iconbox-text\"><p class=\"ai-optimize-55\">La Ley de Ejecuci\u00f3n de Deudas y Quiebras (SchKG) regula la ejecuci\u00f3n forzosa de cr\u00e9ditos dinerarios. Tanto si los acreedores quieren cobrar una deuda como si los deudores quieren defenderse contra una ejecuci\u00f3n forzosa injustificada, le apoyamos a lo largo de todo el proceso con un asesoramiento jur\u00eddico s\u00f3lido y un enfoque eficaz.   <a href=\"https:\/\/spuehler.legal\/es\/cobro-de-deudas-quiebra\/\">\u27a8Aprenda m\u00e1s sobre la ley de cobro de deudas y la quiebra.<\/a><\/p>\n<p class=\"ai-optimize-62\">\n<\/div><\/div><\/div><div class=\"w-separator size_medium\"><\/div><div class=\"w-iconbox iconpos_left style_default color_primary align_left\"><div class=\"w-iconbox-icon\" style=\"font-size:3rem;\"><i class=\"fas fa-building\"><\/i><\/div><div class=\"w-iconbox-meta\"><h3 class=\"w-iconbox-title\">Derecho de sociedades<\/h3><div class=\"w-iconbox-text\"><p>Las empresas se enfrentan regularmente a numerosas cuestiones jur\u00eddicas. Le ofrecemos un asesoramiento y una representaci\u00f3n jur\u00eddicos fiables y rentables de una sola mano. Las cuestiones jur\u00eddicas pueden estar relacionadas con la empresa y su forma jur\u00eddica o con las relaciones jur\u00eddicas con los empleados o los clientes.<\/p>\n<\/div><\/div><\/div><div class=\"w-separator size_medium\"><\/div><div class=\"w-iconbox iconpos_left style_default color_primary align_left\"><a target=\"_blank\" href=\"https:\/\/domiziladresse.zuerich\/es\/\" class=\"w-iconbox-link\" aria-label=\"Direcci\u00f3n de domicilio\"><div class=\"w-iconbox-icon\" style=\"font-size:3rem;\"><i class=\"fas fa-map-marker-alt\"><\/i><\/div><\/a><div class=\"w-iconbox-meta\"><h3 class=\"w-iconbox-title\"><a target=\"_blank\" href=\"https:\/\/domiziladresse.zuerich\/es\/\" class=\"w-iconbox-link\" aria-label=\"Direcci\u00f3n de domicilio\">Direcci\u00f3n de domicilio<\/a><\/h3><div class=\"w-iconbox-text\"><p><span>Sp\u00fchler Rechtsanw\u00e4lte AG ofrece a su empresa un domicilio econ\u00f3mico en una prestigiosa direcci\u00f3n de Z\u00farich. El correo dirigido a la direcci\u00f3n de su domicilio le ser\u00e1 remitido. Le ayudamos con la constituci\u00f3n de la empresa, la inscripci\u00f3n en el registro mercantil y otros servicios relacionados con su domicilio.  <a href=\"https:\/\/domiziladresse.zuerich\/es\/\" target=\"_blank\" rel=\"noopener\">\u27a8M\u00e1s informaci\u00f3n sobre la direcci\u00f3n de la empresa<\/a><\/span><\/p>\n<\/div><\/div><\/div><div class=\"w-separator size_medium\"><\/div><\/div><\/div><\/div><\/div><\/div><\/section><section class=\"l-section wpb_row align_center height_medium color_primary\"><div class=\"l-section-h i-cf\"><div class=\"g-cols vc_row via_flex valign_top type_default stacking_default\"><div class=\"vc_col-sm-12 wpb_column vc_column_container\"><div class=\"vc_column-inner\"><div class=\"wpb_wrapper\"><div class=\"wpb_text_column\"><div class=\"wpb_wrapper\"><h2 class=\"ai-optimize-82\"><strong>Contacte<\/strong> ahora <strong>con su abogado en Z\u00farich<\/strong><\/h2>\n<p class=\"ai-optimize-83\">\n<\/div><\/div><div class=\"w-btn-wrapper align_none\"><a class=\"w-btn us-btn-style_6 us_custom_f73f4019 font_bold icon_atleft\" title=\"Reservar cita\" href=\"https:\/\/spuehler.legal\/es\/reunion\/\"><i class=\"fas fa-calendar-check\"><\/i><span class=\"w-btn-label\">Reservar cita<\/span><\/a><\/div><div class=\"w-btn-wrapper align_none\"><a class=\"w-btn us-btn-style_7 us_custom_f73f4019 icon_atleft\" href=\"https:\/\/spuehler.legal\/es\/contacto\/\"><i class=\"fas fa-address-book\"><\/i><span class=\"w-btn-label\">Contacto<\/span><\/a><\/div><\/div><\/div><\/div><\/div><\/div><\/section>\n","protected":false},"excerpt":{"rendered":"Servicios de su bufete de abogados en Z\u00farich Asesoramiento, representaci\u00f3n extrajudicial y litigios. Servicios del bufete Consultor\u00eda + redacci\u00f3n de contratosUn asesoramiento jur\u00eddico y una redacci\u00f3n de contratos reputados ofrecen seguridad jur\u00eddica y evitan costosas disputas legales Turno de oficioLa eficaz resoluci\u00f3n extrajudicial de litigios evita elevados costes judiciales y legales Gesti\u00f3n de procesosRepresentaci\u00f3n jur\u00eddica...","protected":false},"author":1,"featured_media":0,"parent":0,"menu_order":0,"comment_status":"closed","ping_status":"closed","template":"","meta":{"footnotes":""},"class_list":["post-1004","page","type-page","status-publish","hentry"],"yoast_head":"<!-- This site is optimized with the Yoast SEO Premium plugin v27.4 (Yoast SEO v27.4) - https:\/\/yoast.com\/product\/yoast-seo-premium-wordpress\/ -->\n<title>Su abogado en Z\u00farich para asuntos civiles y penales | Servicios<\/title>\n<meta name=\"description\" content=\"\u2713 Defensa penal \u2713 Representaci\u00f3n de v\u00edctimas \u2713 Derecho de familia \u2713 Derecho migratorio \u2713 Derecho contractual \u2713 Derecho de sociedades \u2713 Derecho de cobro de deudas\" \/>\n<meta name=\"robots\" content=\"index, follow, max-snippet:-1, max-image-preview:large, max-video-preview:-1\" \/>\n<link rel=\"canonical\" href=\"https:\/\/spuehler.legal\/es\/servicios\/\" \/>\n<meta property=\"og:locale\" content=\"es_ES\" \/>\n<meta property=\"og:type\" content=\"article\" \/>\n<meta property=\"og:title\" content=\"Servicios\" \/>\n<meta property=\"og:description\" content=\"\u2713 Defensa penal \u2713 Representaci\u00f3n de v\u00edctimas \u2713 Derecho de familia \u2713 Derecho migratorio \u2713 Derecho contractual \u2713 Derecho de sociedades \u2713 Derecho de cobro de deudas\" \/>\n<meta property=\"og:url\" content=\"https:\/\/spuehler.legal\/es\/servicios\/\" \/>\n<meta property=\"og:site_name\" content=\"Sp\u00fchler Rechtsanw\u00e4lte AG\" \/>\n<meta property=\"article:publisher\" content=\"https:\/\/www.facebook.com\/spuehler.legal\" \/>\n<meta property=\"article:modified_time\" content=\"2025-06-15T15:24:21+00:00\" \/>\n<meta name=\"twitter:card\" content=\"summary_large_image\" \/>\n<meta name=\"twitter:label1\" content=\"Tiempo de lectura\" \/>\n\t<meta name=\"twitter:data1\" content=\"8 minutos\" \/>\n<script type=\"application\/ld+json\" class=\"yoast-schema-graph\">{\"@context\":\"https:\\\/\\\/schema.org\",\"@graph\":[{\"@type\":\"WebPage\",\"@id\":\"https:\\\/\\\/spuehler.legal\\\/es\\\/servicios\\\/\",\"url\":\"https:\\\/\\\/spuehler.legal\\\/es\\\/servicios\\\/\",\"name\":\"Su abogado en Z\u00farich para asuntos civiles y penales | Servicios\",\"isPartOf\":{\"@id\":\"https:\\\/\\\/spuehler.legal\\\/es\\\/#website\"},\"datePublished\":\"2018-01-22T16:33:14+00:00\",\"dateModified\":\"2025-06-15T15:24:21+00:00\",\"description\":\"\u2713 Defensa penal \u2713 Representaci\u00f3n de v\u00edctimas \u2713 Derecho de familia \u2713 Derecho migratorio \u2713 Derecho contractual \u2713 Derecho de sociedades \u2713 Derecho de cobro de deudas\",\"breadcrumb\":{\"@id\":\"https:\\\/\\\/spuehler.legal\\\/es\\\/servicios\\\/#breadcrumb\"},\"inLanguage\":\"es\",\"potentialAction\":[{\"@type\":\"ReadAction\",\"target\":[\"https:\\\/\\\/spuehler.legal\\\/es\\\/servicios\\\/\"]}]},{\"@type\":\"BreadcrumbList\",\"@id\":\"https:\\\/\\\/spuehler.legal\\\/es\\\/servicios\\\/#breadcrumb\",\"itemListElement\":[{\"@type\":\"ListItem\",\"position\":1,\"name\":\"Startseite\",\"item\":\"https:\\\/\\\/spuehler.legal\\\/es\\\/inicio\\\/\"},{\"@type\":\"ListItem\",\"position\":2,\"name\":\"Servicios\"}]},{\"@type\":\"WebSite\",\"@id\":\"https:\\\/\\\/spuehler.legal\\\/es\\\/#website\",\"url\":\"https:\\\/\\\/spuehler.legal\\\/es\\\/\",\"name\":\"Sp\u00fchler Rechtsanw\u00e4lte AG\",\"description\":\"Rechtsberatung und Rechtsvertretung in allen Lebenslagen\",\"publisher\":{\"@id\":\"https:\\\/\\\/spuehler.legal\\\/es\\\/#organization\"},\"potentialAction\":[{\"@type\":\"SearchAction\",\"target\":{\"@type\":\"EntryPoint\",\"urlTemplate\":\"https:\\\/\\\/spuehler.legal\\\/es\\\/?s={search_term_string}\"},\"query-input\":{\"@type\":\"PropertyValueSpecification\",\"valueRequired\":true,\"valueName\":\"search_term_string\"}}],\"inLanguage\":\"es\"},{\"@type\":\"Organization\",\"@id\":\"https:\\\/\\\/spuehler.legal\\\/es\\\/#organization\",\"name\":\"Sp\u00fchler Rechtsanw\u00e4lte AG\",\"url\":\"https:\\\/\\\/spuehler.legal\\\/es\\\/\",\"logo\":{\"@type\":\"ImageObject\",\"inLanguage\":\"es\",\"@id\":\"https:\\\/\\\/spuehler.legal\\\/es\\\/#\\\/schema\\\/logo\\\/image\\\/\",\"url\":\"https:\\\/\\\/spuehler.legal\\\/wp-content\\\/uploads\\\/2020\\\/08\\\/logo-spuehler-rechtsanwaelte.png\",\"contentUrl\":\"https:\\\/\\\/spuehler.legal\\\/wp-content\\\/uploads\\\/2020\\\/08\\\/logo-spuehler-rechtsanwaelte.png\",\"width\":898,\"height\":259,\"caption\":\"Sp\u00fchler Rechtsanw\u00e4lte AG\"},\"image\":{\"@id\":\"https:\\\/\\\/spuehler.legal\\\/es\\\/#\\\/schema\\\/logo\\\/image\\\/\"},\"sameAs\":[\"https:\\\/\\\/www.facebook.com\\\/spuehler.legal\",\"https:\\\/\\\/www.linkedin.com\\\/in\\\/fspuehler\\\/\"],\"description\":\"Die Anwaltskanzlei Sp\u00fchler Rechtsanw\u00e4lte AG ist beratend und prozessierend t\u00e4tig. Sie vertritt Privatpersonen sowie kleine und mittlere Unternehmen (KMU) in nationalen und internationalen Sachverhalten. Durch die breite Ausrichtung der Kanzlei ist eine ganzheitliche Beratung m\u00f6glich, welche auf Deutsch, Englisch, Spanisch, Franz\u00f6sisch, Italienisch oder Portugiesisch stattfindet. Kontaktieren Sie Ihre Anw\u00e4ltin oder Ihren Anwalt in Z\u00fcrich!\",\"email\":\"info@spuehler.legal\",\"telephone\":\"+41433440505\",\"legalName\":\"Sp\u00fchler Rechtsanw\u00e4lte AG\",\"foundingDate\":\"2018-01-01\",\"vatID\":\"CHE-431.484.624\",\"numberOfEmployees\":{\"@type\":\"QuantitativeValue\",\"minValue\":\"1\",\"maxValue\":\"10\"}}]}<\/script>\n<!-- \/ Yoast SEO Premium plugin. -->","yoast_head_json":{"title":"Su abogado en Z\u00farich para asuntos civiles y penales | Servicios","description":"\u2713 Defensa penal \u2713 Representaci\u00f3n de v\u00edctimas \u2713 Derecho de familia \u2713 Derecho migratorio \u2713 Derecho contractual \u2713 Derecho de sociedades \u2713 Derecho de cobro de deudas","robots":{"index":"index","follow":"follow","max-snippet":"max-snippet:-1","max-image-preview":"max-image-preview:large","max-video-preview":"max-video-preview:-1"},"canonical":"https:\/\/spuehler.legal\/es\/servicios\/","og_locale":"es_ES","og_type":"article","og_title":"Servicios","og_description":"\u2713 Defensa penal \u2713 Representaci\u00f3n de v\u00edctimas \u2713 Derecho de familia \u2713 Derecho migratorio \u2713 Derecho contractual \u2713 Derecho de sociedades \u2713 Derecho de cobro de deudas","og_url":"https:\/\/spuehler.legal\/es\/servicios\/","og_site_name":"Sp\u00fchler Rechtsanw\u00e4lte AG","article_publisher":"https:\/\/www.facebook.com\/spuehler.legal","article_modified_time":"2025-06-15T15:24:21+00:00","twitter_card":"summary_large_image","twitter_misc":{"Tiempo de lectura":"8 minutos"},"schema":{"@context":"https:\/\/schema.org","@graph":[{"@type":"WebPage","@id":"https:\/\/spuehler.legal\/es\/servicios\/","url":"https:\/\/spuehler.legal\/es\/servicios\/","name":"Su abogado en Z\u00farich para asuntos civiles y penales | Servicios","isPartOf":{"@id":"https:\/\/spuehler.legal\/es\/#website"},"datePublished":"2018-01-22T16:33:14+00:00","dateModified":"2025-06-15T15:24:21+00:00","description":"\u2713 Defensa penal \u2713 Representaci\u00f3n de v\u00edctimas \u2713 Derecho de familia \u2713 Derecho migratorio \u2713 Derecho contractual \u2713 Derecho de sociedades \u2713 Derecho de cobro de deudas","breadcrumb":{"@id":"https:\/\/spuehler.legal\/es\/servicios\/#breadcrumb"},"inLanguage":"es","potentialAction":[{"@type":"ReadAction","target":["https:\/\/spuehler.legal\/es\/servicios\/"]}]},{"@type":"BreadcrumbList","@id":"https:\/\/spuehler.legal\/es\/servicios\/#breadcrumb","itemListElement":[{"@type":"ListItem","position":1,"name":"Startseite","item":"https:\/\/spuehler.legal\/es\/inicio\/"},{"@type":"ListItem","position":2,"name":"Servicios"}]},{"@type":"WebSite","@id":"https:\/\/spuehler.legal\/es\/#website","url":"https:\/\/spuehler.legal\/es\/","name":"Sp\u00fchler Rechtsanw\u00e4lte AG","description":"Rechtsberatung und Rechtsvertretung in allen Lebenslagen","publisher":{"@id":"https:\/\/spuehler.legal\/es\/#organization"},"potentialAction":[{"@type":"SearchAction","target":{"@type":"EntryPoint","urlTemplate":"https:\/\/spuehler.legal\/es\/?s={search_term_string}"},"query-input":{"@type":"PropertyValueSpecification","valueRequired":true,"valueName":"search_term_string"}}],"inLanguage":"es"},{"@type":"Organization","@id":"https:\/\/spuehler.legal\/es\/#organization","name":"Sp\u00fchler Rechtsanw\u00e4lte AG","url":"https:\/\/spuehler.legal\/es\/","logo":{"@type":"ImageObject","inLanguage":"es","@id":"https:\/\/spuehler.legal\/es\/#\/schema\/logo\/image\/","url":"https:\/\/spuehler.legal\/wp-content\/uploads\/2020\/08\/logo-spuehler-rechtsanwaelte.png","contentUrl":"https:\/\/spuehler.legal\/wp-content\/uploads\/2020\/08\/logo-spuehler-rechtsanwaelte.png","width":898,"height":259,"caption":"Sp\u00fchler Rechtsanw\u00e4lte AG"},"image":{"@id":"https:\/\/spuehler.legal\/es\/#\/schema\/logo\/image\/"},"sameAs":["https:\/\/www.facebook.com\/spuehler.legal","https:\/\/www.linkedin.com\/in\/fspuehler\/"],"description":"Die Anwaltskanzlei Sp\u00fchler Rechtsanw\u00e4lte AG ist beratend und prozessierend t\u00e4tig. Sie vertritt Privatpersonen sowie kleine und mittlere Unternehmen (KMU) in nationalen und internationalen Sachverhalten. Durch die breite Ausrichtung der Kanzlei ist eine ganzheitliche Beratung m\u00f6glich, welche auf Deutsch, Englisch, Spanisch, Franz\u00f6sisch, Italienisch oder Portugiesisch stattfindet. Kontaktieren Sie Ihre Anw\u00e4ltin oder Ihren Anwalt in Z\u00fcrich!","email":"info@spuehler.legal","telephone":"+41433440505","legalName":"Sp\u00fchler Rechtsanw\u00e4lte AG","foundingDate":"2018-01-01","vatID":"CHE-431.484.624","numberOfEmployees":{"@type":"QuantitativeValue","minValue":"1","maxValue":"10"}}]}},"_links":{"self":[{"href":"https:\/\/spuehler.legal\/es\/wp-json\/wp\/v2\/pages\/1004","targetHints":{"allow":["GET"]}}],"collection":[{"href":"https:\/\/spuehler.legal\/es\/wp-json\/wp\/v2\/pages"}],"about":[{"href":"https:\/\/spuehler.legal\/es\/wp-json\/wp\/v2\/types\/page"}],"author":[{"embeddable":true,"href":"https:\/\/spuehler.legal\/es\/wp-json\/wp\/v2\/users\/1"}],"replies":[{"embeddable":true,"href":"https:\/\/spuehler.legal\/es\/wp-json\/wp\/v2\/comments?post=1004"}],"version-history":[{"count":214,"href":"https:\/\/spuehler.legal\/es\/wp-json\/wp\/v2\/pages\/1004\/revisions"}],"predecessor-version":[{"id":7157,"href":"https:\/\/spuehler.legal\/es\/wp-json\/wp\/v2\/pages\/1004\/revisions\/7157"}],"wp:attachment":[{"href":"https:\/\/spuehler.legal\/es\/wp-json\/wp\/v2\/media?parent=1004"}],"curies":[{"name":"wp","href":"https:\/\/api.w.org\/{rel}","templated":true}]}}