{"id":775,"date":"2018-01-20T18:02:07","date_gmt":"2018-01-20T17:02:07","guid":{"rendered":"https:\/\/spuehler.legal\/services\/"},"modified":"2026-01-22T11:11:58","modified_gmt":"2026-01-22T10:11:58","slug":"services","status":"publish","type":"page","link":"https:\/\/spuehler.legal\/en\/services\/","title":{"rendered":"Services"},"content":{"rendered":"<section class=\"l-section wpb_row height_large color_primary with_img\"><div class=\"l-section-img\" role=\"img\" aria-label=\"Law firm Zurich\" data-img-width=\"1920\" data-img-height=\"1280\" style=\"background-image: url(https:\/\/spuehler.legal\/wp-content\/uploads\/2017\/12\/rwi-bibliothek-zuerich2.jpg);\"><\/div><div class=\"l-section-overlay\" style=\"background:rgba(0,0,0,0.6)\"><\/div><div class=\"l-section-h i-cf\"><div class=\"g-cols vc_row via_flex valign_top type_default stacking_default\"><div class=\"vc_col-sm-12 wpb_column vc_column_container\"><div class=\"vc_column-inner\"><div class=\"wpb_wrapper\"><div class=\"wpb_text_column\"><div class=\"wpb_wrapper\"><h1 style=\"text-align: left;\">Offer from your <strong>law firm in Zurich<\/strong><\/h1>\n<\/div><\/div><div class=\"wpb_text_column us_custom_ce05b304\"><div class=\"wpb_wrapper\"><h3 style=\"text-align: left;\">Advice, out-of-court representation and <strong>litigation<\/strong>.<\/h3>\n<\/div><\/div><\/div><\/div><\/div><\/div><\/div><\/section><section class=\"l-section wpb_row height_small\"><div class=\"l-section-h i-cf\"><div class=\"g-cols vc_row via_flex valign_top type_default stacking_default\"><div class=\"vc_col-sm-12 wpb_column vc_column_container\"><div class=\"vc_column-inner\"><div class=\"wpb_wrapper\"><div class=\"wpb_text_column\"><div class=\"wpb_wrapper\"><h2>Services of the <strong>law firm<\/strong><\/h2>\n<\/div><\/div><\/div><\/div><\/div><\/div><\/div><\/section><section class=\"l-section wpb_row us_custom_a40275d7 height_small\"><div class=\"l-section-h i-cf\"><div class=\"g-cols vc_row via_flex valign_top type_default stacking_default\"><div class=\"vc_col-sm-4 wpb_column vc_column_container\"><div class=\"vc_column-inner us_custom_539f15ee\"><div class=\"wpb_wrapper\"><div class=\"w-iconbox iconpos_top style_circle color_primary align_center\"><div class=\"w-iconbox-icon\" style=\"font-size:44px;\"><i class=\"far fa-lightbulb\"><\/i><\/div><div class=\"w-iconbox-meta\"><h3 class=\"w-iconbox-title\">Consulting + contract drafting<\/h3><div class=\"w-iconbox-text\"><p>Reliable legal advice from an attorney provides legal certainty and prevents costly legal disputes<\/p>\n<\/div><\/div><\/div><\/div><\/div><\/div><div class=\"vc_col-sm-4 wpb_column vc_column_container\"><div class=\"vc_column-inner us_custom_539f15ee\"><div class=\"wpb_wrapper\"><div class=\"w-iconbox iconpos_top style_circle color_primary align_center\"><div class=\"w-iconbox-icon\" style=\"font-size:44px;\"><i class=\"far fa-handshake\"><\/i><\/div><div class=\"w-iconbox-meta\"><h3 class=\"w-iconbox-title\">Out-of-court representation<\/h3><div class=\"w-iconbox-text\"><p>Efficient out-of-court dispute resolution prevents high legal fees<\/p>\n<\/div><\/div><\/div><\/div><\/div><\/div><div class=\"vc_col-sm-4 wpb_column vc_column_container\"><div class=\"vc_column-inner us_custom_539f15ee\"><div class=\"wpb_wrapper\"><div class=\"w-iconbox iconpos_top style_circle color_primary align_center\"><div class=\"w-iconbox-icon\" style=\"font-size:44px;\"><i class=\"fas fa-balance-scale\"><\/i><\/div><div class=\"w-iconbox-meta\"><h3 class=\"w-iconbox-title\">Litigation<\/h3><div class=\"w-iconbox-text\"><p>Solution-oriented and cost-conscious legal representation before authorities and courts as well as criminal defence<\/p>\n<\/div><\/div><\/div><\/div><\/div><\/div><\/div><\/div><\/section><section class=\"l-section wpb_row height_small\"><div class=\"l-section-h i-cf\"><div class=\"g-cols vc_row via_flex valign_top type_default stacking_default\"><div class=\"vc_col-sm-12 wpb_column vc_column_container\"><div class=\"vc_column-inner\"><div class=\"wpb_wrapper\"><div class=\"wpb_text_column\"><div class=\"wpb_wrapper\"><h2>Preferred <strong>areas of law of our lawyers<\/strong><\/h2>\n<p>The law firm Sp\u00fchler Attorneys at Law is primarily active in <strong>criminal and civil law<\/strong> in national and international contexts. We advise our clients at our Zurich office in <strong>German, English, Spanish, French, Italian or Portuguese<\/strong>. The attorneys at our law firm represent individuals before all authorities and courts in German-speaking Switzerland. Their preferred areas of law can be divided into the following topics:<\/p>\n<\/div><\/div><div class=\"w-separator size_medium\"><\/div><div class=\"w-iconbox iconpos_left style_default color_primary align_left\"><a href=\"https:\/\/spuehler.legal\/en\/criminal-defense\/\" class=\"w-iconbox-link\" aria-label=\"Criminal defense\"><div class=\"w-iconbox-icon\" style=\"font-size:3rem;\"><i class=\"fas fa-user-secret\"><\/i><\/div><\/a><div class=\"w-iconbox-meta\"><h3 class=\"w-iconbox-title\"><a href=\"https:\/\/spuehler.legal\/en\/criminal-defense\/\" class=\"w-iconbox-link\" aria-label=\"Criminal defense\">Criminal defense<\/a><\/h3><div class=\"w-iconbox-text\"><p>Have you received mail from a criminal authority? Have you been accused of a criminal offense? Has someone close to you been arrested? We can help you in all areas of criminal law.     <a href=\"https:\/\/spuehler.legal\/en\/criminal-defense\/\">\u27a8Learn more about criminal law.<\/a><\/p>\n<\/div><\/div><\/div><div class=\"w-separator size_medium\"><\/div><div class=\"w-iconbox iconpos_left style_default color_primary align_left\"><a href=\"https:\/\/spuehler.legal\/en\/victim-representation\/\" class=\"w-iconbox-link\" aria-label=\"Victim representation\"><div class=\"w-iconbox-icon\" style=\"font-size:3rem;\"><i class=\"fas fa-life-ring\"><\/i><\/div><\/a><div class=\"w-iconbox-meta\"><h3 class=\"w-iconbox-title\"><a href=\"https:\/\/spuehler.legal\/en\/victim-representation\/\" class=\"w-iconbox-link\" aria-label=\"Victim representation\">Victim representation<\/a><\/h3><div class=\"w-iconbox-text\"><p>Have you been the victim of violence or a sexual offense? Are you suffering from domestic violence? Have you lost money through fraud? We represent injured parties in all areas of criminal law.     <a href=\"https:\/\/spuehler.legal\/en\/victim-representation\/\">\u27a8Learn more about victim advocacy.<\/a><\/p>\n<\/div><\/div><\/div><div class=\"w-separator size_medium\"><\/div><div class=\"w-iconbox iconpos_left style_default color_primary align_left\"><a href=\"https:\/\/spuehler.legal\/en\/family-law\/\" class=\"w-iconbox-link\" aria-label=\"Family law\"><div class=\"w-iconbox-icon\" style=\"font-size:3rem;\"><i class=\"fas fa-users\"><\/i><\/div><\/a><div class=\"w-iconbox-meta\"><h3 class=\"w-iconbox-title\"><a href=\"https:\/\/spuehler.legal\/en\/family-law\/\" class=\"w-iconbox-link\" aria-label=\"Family law\">Family law<\/a><\/h3><div class=\"w-iconbox-text\"><p>Are you currently going through a separation or divorce? Would you like advice on getting married? Do you need a prenuptial agreement? Would you like to settle your estate with a will or inheritance contract?     <a href=\"https:\/\/spuehler.legal\/en\/family-law\/\">\u27a8Learn more about family law.<\/a><\/p>\n<\/div><\/div><\/div><div class=\"w-separator size_medium\"><\/div><div class=\"w-iconbox iconpos_left style_default color_primary align_left\"><a href=\"https:\/\/spuehler.legal\/en\/migration-law\/\" class=\"w-iconbox-link\" aria-label=\"Migration law\"><div class=\"w-iconbox-icon\" style=\"font-size:3rem;\"><i class=\"fas fa-ship\"><\/i><\/div><\/a><div class=\"w-iconbox-meta\"><h3 class=\"w-iconbox-title\"><a href=\"https:\/\/spuehler.legal\/en\/migration-law\/\" class=\"w-iconbox-link\" aria-label=\"Migration law\">Migration law<\/a><\/h3><div class=\"w-iconbox-text\"><p>Has your residence or settlement permit been withdrawn? Have you received mail from the Migration Office? Would you like to establish residence in Switzerland? Our law firm supports you in all areas of migration law.     <a href=\"https:\/\/spuehler.legal\/en\/migration-law\/\">\u27a8Learn more about migration law.<\/a><\/p>\n<\/div><\/div><\/div><div class=\"w-separator size_medium\"><\/div><div class=\"w-iconbox iconpos_left style_default color_primary align_left\"><a href=\"https:\/\/spuehler.legal\/anwalt-arbeitsrecht-zuerich\/\" class=\"w-iconbox-link\" aria-label=\"Labor law\"><div class=\"w-iconbox-icon\" style=\"font-size:3rem;\"><i class=\"fas fa-briefcase\"><\/i><\/div><\/a><div class=\"w-iconbox-meta\"><h3 class=\"w-iconbox-title\"><a href=\"https:\/\/spuehler.legal\/anwalt-arbeitsrecht-zuerich\/\" class=\"w-iconbox-link\" aria-label=\"Labor law\">Labor law<\/a><\/h3><div class=\"w-iconbox-text\"><p>Has your employment contract been terminated? Have you not received your salary? Would you like a better reference? We support you in enforcing your claims under employment law.     <a href=\"https:\/\/spuehler.legal\/en\/labor-law\/\">\u27a8Learn more about employment law.<\/a><\/p>\n<\/div><\/div><\/div><div class=\"w-separator size_medium\"><\/div><div class=\"w-iconbox iconpos_left style_default color_primary align_left\"><a href=\"https:\/\/spuehler.legal\/en\/contract-law\/\" class=\"w-iconbox-link\" aria-label=\"Contract law\"><div class=\"w-iconbox-icon\" style=\"font-size:3rem;\"><i class=\"fas fa-file-alt\"><\/i><\/div><\/a><div class=\"w-iconbox-meta\"><h3 class=\"w-iconbox-title\"><a href=\"https:\/\/spuehler.legal\/en\/contract-law\/\" class=\"w-iconbox-link\" aria-label=\"Contract law\">Contract law<\/a><\/h3><div class=\"w-iconbox-text\"><p>We offer support in <strong>contract drafting<\/strong>, <strong>contract review<\/strong> and <strong>contract disputes<\/strong>. Careful contract drafting can prevent costly disputes at a later date. <a href=\"https:\/\/spuehler.legal\/en\/contract-law\/\">\u27a8Learn more about contract law.<\/a><\/p>\n<\/div><\/div><\/div><div class=\"w-separator size_medium\"><\/div><div class=\"w-iconbox iconpos_left style_default color_primary align_left\"><div class=\"w-iconbox-icon\" style=\"font-size:3rem;\"><i class=\"fas fa-home\"><\/i><\/div><div class=\"w-iconbox-meta\"><h3 class=\"w-iconbox-title\">Rent + property<\/h3><div class=\"w-iconbox-text\"><p>Has your rental apartment been terminated? Is your landlord not rectifying the defects in your apartment and not granting you a rent reduction? Do you need a review or draft of a property purchase agreement? Do you have a dispute with your neighbor? Are there any problems with condominium ownership?<\/p>\n<\/div><\/div><\/div><div class=\"w-separator size_medium\"><\/div><div class=\"w-iconbox iconpos_left style_default color_primary align_left\"><a href=\"https:\/\/spuehler.legal\/anwalt-betreibung-zuerich-konkurs\/\" class=\"w-iconbox-link\" aria-label=\"Debt collection + bankruptcy\"><div class=\"w-iconbox-icon\" style=\"font-size:3rem;\"><i class=\"fas fa-gavel\"><\/i><\/div><\/a><div class=\"w-iconbox-meta\"><h3 class=\"w-iconbox-title\"><a href=\"https:\/\/spuehler.legal\/anwalt-betreibung-zuerich-konkurs\/\" class=\"w-iconbox-link\" aria-label=\"Debt collection + bankruptcy\">Debt collection + bankruptcy<\/a><\/h3><div class=\"w-iconbox-text\"><p>The Debt Enforcement and Bankruptcy Act (SchKG) regulates the compulsory enforcement of monetary claims. Whether creditors want to collect a debt or debtors want to defend themselves against unjustified debt enforcement &#8211; we support you throughout the entire process with sound legal advice and an efficient approach.   <a href=\"https:\/\/spuehler.legal\/en\/debt-collection-bankruptcy\/\">\u27a8Learn more about debt collection law and bankruptcy.<\/a><\/p>\n<\/div><\/div><\/div><div class=\"w-separator size_medium\"><\/div><div class=\"w-iconbox iconpos_left style_default color_primary align_left\"><div class=\"w-iconbox-icon\" style=\"font-size:3rem;\"><i class=\"fas fa-building\"><\/i><\/div><div class=\"w-iconbox-meta\"><h3 class=\"w-iconbox-title\">Corporate law<\/h3><div class=\"w-iconbox-text\"><p>Companies are regularly confronted with numerous legal issues. We offer you reliable and cost-conscious legal advice and representation from a single source. The legal issues may relate to the company and its legal form or to legal relationships with employees or customers.<\/p>\n<\/div><\/div><\/div><div class=\"w-separator size_medium\"><\/div><div class=\"w-iconbox iconpos_left style_default color_primary align_left\"><a target=\"_blank\" href=\"https:\/\/domiziladresse.zuerich\/\" class=\"w-iconbox-link\" aria-label=\"Domicile address\"><div class=\"w-iconbox-icon\" style=\"font-size:3rem;\"><i class=\"fas fa-map-marker-alt\"><\/i><\/div><\/a><div class=\"w-iconbox-meta\"><h3 class=\"w-iconbox-title\"><a target=\"_blank\" href=\"https:\/\/domiziladresse.zuerich\/\" class=\"w-iconbox-link\" aria-label=\"Domicile address\">Domicile address<\/a><\/h3><div class=\"w-iconbox-text\"><p><span>Sp\u00fchler Rechtsanw\u00e4lte AG offers your company an inexpensive domicile address at a prestigious address in Zurich. Mail addressed to your domicile address will be forwarded to you. We support you with company formation, entry in the commercial register and other services in connection with your domicile. <a href=\"https:\/\/domiziladresse.zuerich\/\" target=\"_blank\" rel=\"noopener\">\u27a8Learn more about the business address<\/a><\/span><\/p>\n<\/div><\/div><\/div><div class=\"w-separator size_medium\"><\/div><\/div><\/div><\/div><\/div><\/div><\/section><section class=\"l-section wpb_row align_center height_medium color_primary\"><div class=\"l-section-h i-cf\"><div class=\"g-cols vc_row via_flex valign_top type_default stacking_default\"><div class=\"vc_col-sm-12 wpb_column vc_column_container\"><div class=\"vc_column-inner\"><div class=\"wpb_wrapper\"><div class=\"wpb_text_column\"><div class=\"wpb_wrapper\"><h2><strong>Contact your lawyer in Zurich<\/strong> now<\/h2>\n<\/div><\/div><div class=\"w-btn-wrapper align_none\"><a class=\"w-btn us-btn-style_6 us_custom_f73f4019 font_bold icon_atleft\" title=\"Book appointment\" href=\"https:\/\/spuehler.legal\/en\/appointment\/\"><i class=\"fas fa-calendar-check\"><\/i><span class=\"w-btn-label\">Book appointment<\/span><\/a><\/div><div class=\"w-btn-wrapper align_none\"><a class=\"w-btn us-btn-style_7 us_custom_f73f4019 icon_atleft\" href=\"https:\/\/spuehler.legal\/en\/contact\/\"><i class=\"fas fa-address-book\"><\/i><span class=\"w-btn-label\">Contact<\/span><\/a><\/div><\/div><\/div><\/div><\/div><\/div><\/section>\n","protected":false},"excerpt":{"rendered":"Offer from your law firm in Zurich Advice, out-of-court representation and litigation. Services of the law firm Consulting + contract draftingReliable legal advice from an attorney provides legal certainty and prevents costly legal disputes Out-of-court representationEfficient out-of-court dispute resolution prevents high legal fees LitigationSolution-oriented and cost-conscious legal representation before authorities and courts as well as...","protected":false},"author":1,"featured_media":0,"parent":0,"menu_order":0,"comment_status":"closed","ping_status":"closed","template":"","meta":{"footnotes":""},"class_list":["post-775","page","type-page","status-publish","hentry"],"yoast_head":"<!-- This site is optimized with the Yoast SEO Premium plugin v27.4 (Yoast SEO v27.4) - https:\/\/yoast.com\/product\/yoast-seo-premium-wordpress\/ -->\n<title>Your lawyer in Zurich for civil and criminal law | Services<\/title>\n<meta name=\"description\" content=\"\u2713 Criminal defense \u2713 Victim representation \u2713 Family law \u2713 Migration law \u2713 Contract law \u2713 Corporate law \u2713 Debt collection law\" \/>\n<meta name=\"robots\" content=\"index, follow, max-snippet:-1, max-image-preview:large, max-video-preview:-1\" \/>\n<link rel=\"canonical\" href=\"https:\/\/spuehler.legal\/en\/services\/\" \/>\n<meta property=\"og:locale\" content=\"en_US\" \/>\n<meta property=\"og:type\" content=\"article\" \/>\n<meta property=\"og:title\" content=\"Services\" \/>\n<meta property=\"og:description\" content=\"\u2713 Criminal defense \u2713 Victim representation \u2713 Family law \u2713 Migration law \u2713 Contract law \u2713 Corporate law \u2713 Debt collection law\" \/>\n<meta property=\"og:url\" content=\"https:\/\/spuehler.legal\/en\/services\/\" \/>\n<meta property=\"og:site_name\" content=\"Sp\u00fchler Rechtsanw\u00e4lte AG\" \/>\n<meta property=\"article:publisher\" content=\"https:\/\/www.facebook.com\/spuehler.legal\" \/>\n<meta property=\"article:modified_time\" content=\"2026-01-22T10:11:58+00:00\" \/>\n<meta name=\"twitter:card\" content=\"summary_large_image\" \/>\n<meta name=\"twitter:label1\" content=\"Est. reading time\" \/>\n\t<meta name=\"twitter:data1\" content=\"6 minutes\" \/>\n<script type=\"application\/ld+json\" class=\"yoast-schema-graph\">{\"@context\":\"https:\\\/\\\/schema.org\",\"@graph\":[{\"@type\":\"WebPage\",\"@id\":\"https:\\\/\\\/spuehler.legal\\\/en\\\/services\\\/\",\"url\":\"https:\\\/\\\/spuehler.legal\\\/en\\\/services\\\/\",\"name\":\"Your lawyer in Zurich for civil and criminal law | Services\",\"isPartOf\":{\"@id\":\"https:\\\/\\\/spuehler.legal\\\/en\\\/#website\"},\"datePublished\":\"2018-01-20T17:02:07+00:00\",\"dateModified\":\"2026-01-22T10:11:58+00:00\",\"description\":\"\u2713 Criminal defense \u2713 Victim representation \u2713 Family law \u2713 Migration law \u2713 Contract law \u2713 Corporate law \u2713 Debt collection law\",\"breadcrumb\":{\"@id\":\"https:\\\/\\\/spuehler.legal\\\/en\\\/services\\\/#breadcrumb\"},\"inLanguage\":\"en-US\",\"potentialAction\":[{\"@type\":\"ReadAction\",\"target\":[\"https:\\\/\\\/spuehler.legal\\\/en\\\/services\\\/\"]}]},{\"@type\":\"BreadcrumbList\",\"@id\":\"https:\\\/\\\/spuehler.legal\\\/en\\\/services\\\/#breadcrumb\",\"itemListElement\":[{\"@type\":\"ListItem\",\"position\":1,\"name\":\"Startseite\",\"item\":\"https:\\\/\\\/spuehler.legal\\\/en\\\/home\\\/\"},{\"@type\":\"ListItem\",\"position\":2,\"name\":\"Services\"}]},{\"@type\":\"WebSite\",\"@id\":\"https:\\\/\\\/spuehler.legal\\\/en\\\/#website\",\"url\":\"https:\\\/\\\/spuehler.legal\\\/en\\\/\",\"name\":\"Sp\u00fchler Rechtsanw\u00e4lte AG\",\"description\":\"Rechtsberatung und Rechtsvertretung in allen Lebenslagen\",\"publisher\":{\"@id\":\"https:\\\/\\\/spuehler.legal\\\/en\\\/#organization\"},\"potentialAction\":[{\"@type\":\"SearchAction\",\"target\":{\"@type\":\"EntryPoint\",\"urlTemplate\":\"https:\\\/\\\/spuehler.legal\\\/en\\\/?s={search_term_string}\"},\"query-input\":{\"@type\":\"PropertyValueSpecification\",\"valueRequired\":true,\"valueName\":\"search_term_string\"}}],\"inLanguage\":\"en-US\"},{\"@type\":\"Organization\",\"@id\":\"https:\\\/\\\/spuehler.legal\\\/en\\\/#organization\",\"name\":\"Sp\u00fchler Rechtsanw\u00e4lte AG\",\"url\":\"https:\\\/\\\/spuehler.legal\\\/en\\\/\",\"logo\":{\"@type\":\"ImageObject\",\"inLanguage\":\"en-US\",\"@id\":\"https:\\\/\\\/spuehler.legal\\\/en\\\/#\\\/schema\\\/logo\\\/image\\\/\",\"url\":\"https:\\\/\\\/spuehler.legal\\\/wp-content\\\/uploads\\\/2020\\\/08\\\/logo-spuehler-rechtsanwaelte.png\",\"contentUrl\":\"https:\\\/\\\/spuehler.legal\\\/wp-content\\\/uploads\\\/2020\\\/08\\\/logo-spuehler-rechtsanwaelte.png\",\"width\":898,\"height\":259,\"caption\":\"Sp\u00fchler Rechtsanw\u00e4lte AG\"},\"image\":{\"@id\":\"https:\\\/\\\/spuehler.legal\\\/en\\\/#\\\/schema\\\/logo\\\/image\\\/\"},\"sameAs\":[\"https:\\\/\\\/www.facebook.com\\\/spuehler.legal\",\"https:\\\/\\\/www.linkedin.com\\\/in\\\/fspuehler\\\/\"],\"description\":\"Die Anwaltskanzlei Sp\u00fchler Rechtsanw\u00e4lte AG ist beratend und prozessierend t\u00e4tig. Sie vertritt Privatpersonen sowie kleine und mittlere Unternehmen (KMU) in nationalen und internationalen Sachverhalten. Durch die breite Ausrichtung der Kanzlei ist eine ganzheitliche Beratung m\u00f6glich, welche auf Deutsch, Englisch, Spanisch, Franz\u00f6sisch, Italienisch oder Portugiesisch stattfindet. Kontaktieren Sie Ihre Anw\u00e4ltin oder Ihren Anwalt in Z\u00fcrich!\",\"email\":\"info@spuehler.legal\",\"telephone\":\"+41433440505\",\"legalName\":\"Sp\u00fchler Rechtsanw\u00e4lte AG\",\"foundingDate\":\"2018-01-01\",\"vatID\":\"CHE-431.484.624\",\"numberOfEmployees\":{\"@type\":\"QuantitativeValue\",\"minValue\":\"1\",\"maxValue\":\"10\"}}]}<\/script>\n<!-- \/ Yoast SEO Premium plugin. -->","yoast_head_json":{"title":"Your lawyer in Zurich for civil and criminal law | Services","description":"\u2713 Criminal defense \u2713 Victim representation \u2713 Family law \u2713 Migration law \u2713 Contract law \u2713 Corporate law \u2713 Debt collection law","robots":{"index":"index","follow":"follow","max-snippet":"max-snippet:-1","max-image-preview":"max-image-preview:large","max-video-preview":"max-video-preview:-1"},"canonical":"https:\/\/spuehler.legal\/en\/services\/","og_locale":"en_US","og_type":"article","og_title":"Services","og_description":"\u2713 Criminal defense \u2713 Victim representation \u2713 Family law \u2713 Migration law \u2713 Contract law \u2713 Corporate law \u2713 Debt collection law","og_url":"https:\/\/spuehler.legal\/en\/services\/","og_site_name":"Sp\u00fchler Rechtsanw\u00e4lte AG","article_publisher":"https:\/\/www.facebook.com\/spuehler.legal","article_modified_time":"2026-01-22T10:11:58+00:00","twitter_card":"summary_large_image","twitter_misc":{"Est. reading time":"6 minutes"},"schema":{"@context":"https:\/\/schema.org","@graph":[{"@type":"WebPage","@id":"https:\/\/spuehler.legal\/en\/services\/","url":"https:\/\/spuehler.legal\/en\/services\/","name":"Your lawyer in Zurich for civil and criminal law | Services","isPartOf":{"@id":"https:\/\/spuehler.legal\/en\/#website"},"datePublished":"2018-01-20T17:02:07+00:00","dateModified":"2026-01-22T10:11:58+00:00","description":"\u2713 Criminal defense \u2713 Victim representation \u2713 Family law \u2713 Migration law \u2713 Contract law \u2713 Corporate law \u2713 Debt collection law","breadcrumb":{"@id":"https:\/\/spuehler.legal\/en\/services\/#breadcrumb"},"inLanguage":"en-US","potentialAction":[{"@type":"ReadAction","target":["https:\/\/spuehler.legal\/en\/services\/"]}]},{"@type":"BreadcrumbList","@id":"https:\/\/spuehler.legal\/en\/services\/#breadcrumb","itemListElement":[{"@type":"ListItem","position":1,"name":"Startseite","item":"https:\/\/spuehler.legal\/en\/home\/"},{"@type":"ListItem","position":2,"name":"Services"}]},{"@type":"WebSite","@id":"https:\/\/spuehler.legal\/en\/#website","url":"https:\/\/spuehler.legal\/en\/","name":"Sp\u00fchler Rechtsanw\u00e4lte AG","description":"Rechtsberatung und Rechtsvertretung in allen Lebenslagen","publisher":{"@id":"https:\/\/spuehler.legal\/en\/#organization"},"potentialAction":[{"@type":"SearchAction","target":{"@type":"EntryPoint","urlTemplate":"https:\/\/spuehler.legal\/en\/?s={search_term_string}"},"query-input":{"@type":"PropertyValueSpecification","valueRequired":true,"valueName":"search_term_string"}}],"inLanguage":"en-US"},{"@type":"Organization","@id":"https:\/\/spuehler.legal\/en\/#organization","name":"Sp\u00fchler Rechtsanw\u00e4lte AG","url":"https:\/\/spuehler.legal\/en\/","logo":{"@type":"ImageObject","inLanguage":"en-US","@id":"https:\/\/spuehler.legal\/en\/#\/schema\/logo\/image\/","url":"https:\/\/spuehler.legal\/wp-content\/uploads\/2020\/08\/logo-spuehler-rechtsanwaelte.png","contentUrl":"https:\/\/spuehler.legal\/wp-content\/uploads\/2020\/08\/logo-spuehler-rechtsanwaelte.png","width":898,"height":259,"caption":"Sp\u00fchler Rechtsanw\u00e4lte AG"},"image":{"@id":"https:\/\/spuehler.legal\/en\/#\/schema\/logo\/image\/"},"sameAs":["https:\/\/www.facebook.com\/spuehler.legal","https:\/\/www.linkedin.com\/in\/fspuehler\/"],"description":"Die Anwaltskanzlei Sp\u00fchler Rechtsanw\u00e4lte AG ist beratend und prozessierend t\u00e4tig. Sie vertritt Privatpersonen sowie kleine und mittlere Unternehmen (KMU) in nationalen und internationalen Sachverhalten. Durch die breite Ausrichtung der Kanzlei ist eine ganzheitliche Beratung m\u00f6glich, welche auf Deutsch, Englisch, Spanisch, Franz\u00f6sisch, Italienisch oder Portugiesisch stattfindet. Kontaktieren Sie Ihre Anw\u00e4ltin oder Ihren Anwalt in Z\u00fcrich!","email":"info@spuehler.legal","telephone":"+41433440505","legalName":"Sp\u00fchler Rechtsanw\u00e4lte AG","foundingDate":"2018-01-01","vatID":"CHE-431.484.624","numberOfEmployees":{"@type":"QuantitativeValue","minValue":"1","maxValue":"10"}}]}},"_links":{"self":[{"href":"https:\/\/spuehler.legal\/en\/wp-json\/wp\/v2\/pages\/775","targetHints":{"allow":["GET"]}}],"collection":[{"href":"https:\/\/spuehler.legal\/en\/wp-json\/wp\/v2\/pages"}],"about":[{"href":"https:\/\/spuehler.legal\/en\/wp-json\/wp\/v2\/types\/page"}],"author":[{"embeddable":true,"href":"https:\/\/spuehler.legal\/en\/wp-json\/wp\/v2\/users\/1"}],"replies":[{"embeddable":true,"href":"https:\/\/spuehler.legal\/en\/wp-json\/wp\/v2\/comments?post=775"}],"version-history":[{"count":217,"href":"https:\/\/spuehler.legal\/en\/wp-json\/wp\/v2\/pages\/775\/revisions"}],"predecessor-version":[{"id":7523,"href":"https:\/\/spuehler.legal\/en\/wp-json\/wp\/v2\/pages\/775\/revisions\/7523"}],"wp:attachment":[{"href":"https:\/\/spuehler.legal\/en\/wp-json\/wp\/v2\/media?parent=775"}],"curies":[{"name":"wp","href":"https:\/\/api.w.org\/{rel}","templated":true}]}}