{"id":7073,"date":"2025-06-15T17:13:57","date_gmt":"2025-06-15T15:13:57","guid":{"rendered":"https:\/\/spuehler.legal\/contract-law\/"},"modified":"2025-06-15T17:13:58","modified_gmt":"2025-06-15T15:13:58","slug":"contract-law","status":"publish","type":"page","link":"https:\/\/spuehler.legal\/en\/contract-law\/","title":{"rendered":"Contract law"},"content":{"rendered":"<section class=\"l-section wpb_row height_large color_primary with_img\"><div class=\"l-section-img\" role=\"img\" aria-label=\"Image\" data-img-width=\"2560\" data-img-height=\"1136\" style=\"background-image: url(https:\/\/spuehler.legal\/wp-content\/uploads\/2025\/06\/anwalt-vertragsrecht-zuerich-scaled.jpg);\"><\/div><div class=\"l-section-overlay\" style=\"background:rgba(0,0,0,0.6)\"><\/div><div class=\"l-section-h i-cf\"><div class=\"g-cols vc_row via_flex valign_top type_default stacking_default\"><div class=\"vc_col-sm-12 wpb_column vc_column_container\"><div class=\"vc_column-inner\"><div class=\"wpb_wrapper\"><div class=\"wpb_text_column\"><div class=\"wpb_wrapper\"><h1 class=\"ai-optimize-7\" style=\"text-align: left;\">Lawyer for <strong>contract law<\/strong> in Zurich<\/h1>\n<p class=\"ai-optimize-70\">\n<\/div><\/div><div class=\"wpb_text_column us_custom_dfddb007\"><div class=\"wpb_wrapper\"><h3 class=\"ai-optimize-9\" data-pm-slice=\"1 1 &#091;&#093;\"><span>Competent support in <strong>drafting, reviewing and enforcing contracts.<\/strong><\/span><\/h3>\n<p class=\"ai-optimize-7\">\n<\/div><\/div><\/div><\/div><\/div><\/div><\/div><\/section><section class=\"l-section wpb_row height_medium\"><div class=\"l-section-h i-cf\"><div class=\"g-cols vc_row via_flex valign_top type_default stacking_default\"><div class=\"vc_col-sm-12 wpb_column vc_column_container\"><div class=\"vc_column-inner\"><div class=\"wpb_wrapper\"><div class=\"wpb_text_column\"><div class=\"wpb_wrapper\"><h2 class=\"ai-optimize-11\">Contract law <strong>&#8211; the basis for private and business relationships<\/strong><\/h2>\n<p class=\"ai-optimize-8\">\n<\/div><\/div><div class=\"w-separator size_small\"><\/div><div class=\"g-cols wpb_row via_flex valign_top type_default reversed stacking_default\"><div class=\"vc_col-sm-6 wpb_column vc_column_container\"><div class=\"vc_column-inner\"><div class=\"wpb_wrapper\"><div class=\"w-image has_ratio align_none\"><div class=\"w-image-h\"><div style=\"padding-bottom:100%\"><\/div><img decoding=\"async\" width=\"1024\" height=\"1024\" src=\"https:\/\/spuehler.legal\/wp-content\/uploads\/2025\/06\/anwalt-vertrag-zuerich-1024x1024.jpg\" class=\"attachment-large size-large\" alt=\"\" loading=\"lazy\" \/><\/div><\/div><\/div><\/div><\/div><div class=\"vc_col-sm-6 wpb_column vc_column_container\"><div class=\"vc_column-inner\"><div class=\"wpb_wrapper\"><div class=\"wpb_text_column\"><div class=\"wpb_wrapper\"><p class=\"ai-optimize-73\" data-pm-slice=\"1 1 &#091;&#093;\"><span>Contract law forms a central basis for economic and private coexistence. Whether a purchase contract, loan, order or contract for work &#8211; legally binding agreements are often made more quickly than you might think. A contract can be concluded in writing, verbally or even tacitly. Especially in the event of a dispute, it is important to be clear about your rights and obligations.   <\/span><\/p>\n<p class=\"ai-optimize-74\"><span>Sp\u00fchler Rechtsanw\u00e4lte AG advises you comprehensively on the review, drafting and enforcement of contracts. We support you in disputes arising from breaches of contract or termination of contracts as well as in the defense against unjustified claims. Our advice is aimed at both private individuals and companies &#8211; as part of out-of-court solutions or before state authorities.  <\/span><\/p>\n<\/div><\/div><\/div><\/div><\/div><\/div><\/div><\/div><\/div><\/div><\/div><\/section><section class=\"l-section wpb_row height_medium\"><div class=\"l-section-h i-cf\"><div class=\"g-cols vc_row via_flex valign_top type_default stacking_default\"><div class=\"vc_col-sm-12 wpb_column vc_column_container\"><div class=\"vc_column-inner\"><div class=\"wpb_wrapper\"><div class=\"wpb_text_column\"><div class=\"wpb_wrapper\"><h2 class=\"ai-optimize-17\">FAQ &#8211; Frequently asked questions <strong>about contract law<\/strong><\/h2>\n<p class=\"ai-optimize-75\">\n<\/div><\/div><div class=\"w-tabs style_default switch_click accordion type_togglable has_scrolling\" style=\"--sections-title-size:inherit\"><div class=\"w-tabs-sections titles-align_none icon_chevron cpos_right\"><div class=\"w-tabs-section\" id=\"1514906054235-ddcee7ae-22e7\" itemscope itemprop=\"mainEntity\" itemtype=\"https:\/\/schema.org\/Question\"><button class=\"w-tabs-section-header with_icon\" aria-controls=\"content-1514906054235-ddcee7ae-22e7\" aria-expanded=\"false\"><i class=\"fas fa-question-circle\"><\/i><h4 class=\"w-tabs-section-title\" itemprop=\"name\">What is a contract and when is it valid?<\/h4><div class=\"w-tabs-section-control\"><\/div><\/button><div  class=\"w-tabs-section-content\" id=\"content-1514906054235-ddcee7ae-22e7\" itemscope itemprop=\"acceptedAnswer\" itemtype=\"https:\/\/schema.org\/Answer\"><div class=\"w-tabs-section-content-h i-cf\" itemprop=\"text\"><div class=\"g-cols wpb_row via_flex valign_top type_default stacking_default\"><div class=\"vc_col-sm-12 wpb_column vc_column_container\"><div class=\"vc_column-inner\"><div class=\"wpb_wrapper\"><div class=\"wpb_text_column\"><div class=\"wpb_wrapper\"><p class=\"ai-optimize-76\" data-pm-slice=\"1 1 &#091;&#093;\"><span>A contract is created by a mutual expression of intent by at least two parties. It is valid as soon as the parties agree on the essential points of the contract. This can be done in writing, verbally or through implied conduct.  <\/span><\/p>\n<p class=\"ai-optimize-77\">\n<\/div><\/div><\/div><\/div><\/div><\/div><\/div><\/div><\/div><div class=\"w-tabs-section\" id=\"1514906054271-8f4647e7-246e\" itemscope itemprop=\"mainEntity\" itemtype=\"https:\/\/schema.org\/Question\"><button class=\"w-tabs-section-header with_icon\" aria-controls=\"content-1514906054271-8f4647e7-246e\" aria-expanded=\"false\"><i class=\"fas fa-question-circle\"><\/i><h4 class=\"w-tabs-section-title\" itemprop=\"name\">Does a contract have to be concluded in writing?<\/h4><div class=\"w-tabs-section-control\"><\/div><\/button><div  class=\"w-tabs-section-content\" id=\"content-1514906054271-8f4647e7-246e\" itemscope itemprop=\"acceptedAnswer\" itemtype=\"https:\/\/schema.org\/Answer\"><div class=\"w-tabs-section-content-h i-cf\" itemprop=\"text\"><div class=\"g-cols wpb_row via_flex valign_top type_default stacking_default\"><div class=\"vc_col-sm-12 wpb_column vc_column_container\"><div class=\"vc_column-inner\"><div class=\"wpb_wrapper\"><div class=\"wpb_text_column\"><div class=\"wpb_wrapper\"><p class=\"ai-optimize-78\" data-pm-slice=\"1 1 &#091;&#093;\"><span>No, an oral or implied agreement is also sufficient for many types of contract. The written form is only required by law for certain types of contract, such as guarantees or land purchases. <\/span><\/p>\n<p class=\"ai-optimize-79\">\n<\/div><\/div><\/div><\/div><\/div><\/div><\/div><\/div><\/div><div class=\"w-tabs-section\" id=\"1514906054271-8f4647e7-246e\" itemscope itemprop=\"mainEntity\" itemtype=\"https:\/\/schema.org\/Question\"><button class=\"w-tabs-section-header with_icon\" aria-controls=\"content-1514906054271-8f4647e7-246e\" aria-expanded=\"false\"><i class=\"fas fa-question-circle\"><\/i><h4 class=\"w-tabs-section-title\" itemprop=\"name\">How can I get out of a contract?<\/h4><div class=\"w-tabs-section-control\"><\/div><\/button><div  class=\"w-tabs-section-content\" id=\"content-1514906054271-8f4647e7-246e\" itemscope itemprop=\"acceptedAnswer\" itemtype=\"https:\/\/schema.org\/Answer\"><div class=\"w-tabs-section-content-h i-cf\" itemprop=\"text\"><div class=\"g-cols wpb_row via_flex valign_top type_default stacking_default\"><div class=\"vc_col-sm-12 wpb_column vc_column_container\"><div class=\"vc_column-inner\"><div class=\"wpb_wrapper\"><div class=\"wpb_text_column\"><div class=\"wpb_wrapper\"><p class=\"ai-optimize-80\" data-pm-slice=\"1 1 &#091;&#093;\"><span>This depends on the type of contract. In certain cases, there is a contractually agreed or statutory right of rescission. Rescission may also be possible in the event of error, deception or threat.  <\/span><\/p>\n<p class=\"ai-optimize-81\">\n<\/div><\/div><\/div><\/div><\/div><\/div><\/div><\/div><\/div><div class=\"w-tabs-section\" id=\"1514906054271-8f4647e7-246e\" itemscope itemprop=\"mainEntity\" itemtype=\"https:\/\/schema.org\/Question\"><button class=\"w-tabs-section-header with_icon\" aria-controls=\"content-1514906054271-8f4647e7-246e\" aria-expanded=\"false\"><i class=\"fas fa-question-circle\"><\/i><h4 class=\"w-tabs-section-title\" itemprop=\"name\">What applies to a private loan without a written agreement?<\/h4><div class=\"w-tabs-section-control\"><\/div><\/button><div  class=\"w-tabs-section-content\" id=\"content-1514906054271-8f4647e7-246e\" itemscope itemprop=\"acceptedAnswer\" itemtype=\"https:\/\/schema.org\/Answer\"><div class=\"w-tabs-section-content-h i-cf\" itemprop=\"text\"><div class=\"g-cols wpb_row via_flex valign_top type_default stacking_default\"><div class=\"vc_col-sm-12 wpb_column vc_column_container\"><div class=\"vc_column-inner\"><div class=\"wpb_wrapper\"><div class=\"wpb_text_column\"><div class=\"wpb_wrapper\"><p class=\"ai-optimize-82\" data-pm-slice=\"1 1 &#091;&#093;\"><span>A verbally agreed loan is also legally valid. However, the burden of proof is more difficult. It is therefore strongly recommended that key points such as the amount, repayment period and any interest are recorded in writing. It should also be possible to prove the payment of the loan by means of a document.   <\/span><\/p>\n<p class=\"ai-optimize-7\">\n<\/div><\/div><\/div><\/div><\/div><\/div><\/div><\/div><\/div><div class=\"w-tabs-section\" id=\"1514906054271-8f4647e7-246e\" itemscope itemprop=\"mainEntity\" itemtype=\"https:\/\/schema.org\/Question\"><button class=\"w-tabs-section-header with_icon\" aria-controls=\"content-1514906054271-8f4647e7-246e\" aria-expanded=\"false\"><i class=\"fas fa-question-circle\"><\/i><h4 class=\"w-tabs-section-title\" itemprop=\"name\">When does a claim arising from a contract expire?<\/h4><div class=\"w-tabs-section-control\"><\/div><\/button><div  class=\"w-tabs-section-content\" id=\"content-1514906054271-8f4647e7-246e\" itemscope itemprop=\"acceptedAnswer\" itemtype=\"https:\/\/schema.org\/Answer\"><div class=\"w-tabs-section-content-h i-cf\" itemprop=\"text\"><div class=\"g-cols wpb_row via_flex valign_top type_default stacking_default\"><div class=\"vc_col-sm-12 wpb_column vc_column_container\"><div class=\"vc_column-inner\"><div class=\"wpb_wrapper\"><div class=\"wpb_text_column\"><div class=\"wpb_wrapper\"><p class=\"ai-optimize-84\" data-pm-slice=\"1 1 &#091;&#093;\"><span>Contractual claims generally expire after ten years. For periodically recurring payments such as interest payments, the period is five years. Special time limits may apply depending on the type of contract and the facts of the case.  <\/span><\/p>\n<p class=\"ai-optimize-85\">\n<\/div><\/div><\/div><\/div><\/div><\/div><\/div><\/div><\/div><div class=\"w-tabs-section\" id=\"1514906054271-8f4647e7-246e\" itemscope itemprop=\"mainEntity\" itemtype=\"https:\/\/schema.org\/Question\"><button class=\"w-tabs-section-header with_icon\" aria-controls=\"content-1514906054271-8f4647e7-246e\" aria-expanded=\"false\"><i class=\"fas fa-question-circle\"><\/i><h4 class=\"w-tabs-section-title\" itemprop=\"name\">What to do if the other party does not fulfill its obligation?<\/h4><div class=\"w-tabs-section-control\"><\/div><\/button><div  class=\"w-tabs-section-content\" id=\"content-1514906054271-8f4647e7-246e\" itemscope itemprop=\"acceptedAnswer\" itemtype=\"https:\/\/schema.org\/Answer\"><div class=\"w-tabs-section-content-h i-cf\" itemprop=\"text\"><div class=\"g-cols wpb_row via_flex valign_top type_default stacking_default\"><div class=\"vc_col-sm-12 wpb_column vc_column_container\"><div class=\"vc_column-inner\"><div class=\"wpb_wrapper\"><div class=\"wpb_text_column\"><div class=\"wpb_wrapper\"><p class=\"ai-optimize-86\" data-pm-slice=\"1 1 &#091;&#093;\"><span>You can demand fulfillment, set a deadline, demand compensation or, under certain circumstances, withdraw from the contract. It is advisable to legally clarify and document the steps you take. <\/span><\/p>\n<p class=\"ai-optimize-87\">\n<\/div><\/div><\/div><\/div><\/div><\/div><\/div><\/div><\/div><div class=\"w-tabs-section\" id=\"1514906054271-8f4647e7-246e\" itemscope itemprop=\"mainEntity\" itemtype=\"https:\/\/schema.org\/Question\"><button class=\"w-tabs-section-header with_icon\" aria-controls=\"content-1514906054271-8f4647e7-246e\" aria-expanded=\"false\"><i class=\"fas fa-question-circle\"><\/i><h4 class=\"w-tabs-section-title\" itemprop=\"name\">What is the difference between an order and a contract for work and services?<\/h4><div class=\"w-tabs-section-control\"><\/div><\/button><div  class=\"w-tabs-section-content\" id=\"content-1514906054271-8f4647e7-246e\" itemscope itemprop=\"acceptedAnswer\" itemtype=\"https:\/\/schema.org\/Answer\"><div class=\"w-tabs-section-content-h i-cf\" itemprop=\"text\"><div class=\"g-cols wpb_row via_flex valign_top type_default stacking_default\"><div class=\"vc_col-sm-12 wpb_column vc_column_container\"><div class=\"vc_column-inner\"><div class=\"wpb_wrapper\"><div class=\"wpb_text_column\"><div class=\"wpb_wrapper\"><p class=\"ai-optimize-155\">In the case of an order, an activity is owed (e.g. legal advice), in the case of a contract for work and services, a result is owed (e.g. creation of a website). The legal consequences of defects or termination differ considerably. <\/p>\n<p class=\"ai-optimize-88\">\n<\/div><\/div><\/div><\/div><\/div><\/div><\/div><\/div><\/div><div class=\"w-tabs-section\" id=\"1514906054271-8f4647e7-246e\" itemscope itemprop=\"mainEntity\" itemtype=\"https:\/\/schema.org\/Question\"><button class=\"w-tabs-section-header with_icon\" aria-controls=\"content-1514906054271-8f4647e7-246e\" aria-expanded=\"false\"><i class=\"fas fa-question-circle\"><\/i><h4 class=\"w-tabs-section-title\" itemprop=\"name\">How does Sp\u00fchler Rechtsanw\u00e4lte AG support me in contract law?<\/h4><div class=\"w-tabs-section-control\"><\/div><\/button><div  class=\"w-tabs-section-content\" id=\"content-1514906054271-8f4647e7-246e\" itemscope itemprop=\"acceptedAnswer\" itemtype=\"https:\/\/schema.org\/Answer\"><div class=\"w-tabs-section-content-h i-cf\" itemprop=\"text\"><div class=\"g-cols wpb_row via_flex valign_top type_default stacking_default\"><div class=\"vc_col-sm-12 wpb_column vc_column_container\"><div class=\"vc_column-inner\"><div class=\"wpb_wrapper\"><div class=\"wpb_text_column\"><div class=\"wpb_wrapper\"><p class=\"ai-optimize-155\">We review contracts, draft legally compliant contracts, advise on contract terminations or disputes and represent you in negotiations and court proceedings &#8211; efficiently, solution-oriented and tailored to your interests. <a href=\"https:\/\/spuehler.legal\/en\/contact\/\">Contact<\/a> your lawyer for contract law now.<\/p>\n<p class=\"ai-optimize-89\">\n<\/div><\/div><\/div><\/div><\/div><\/div><\/div><\/div><\/div><\/div><\/div><\/div><\/div><\/div><\/div><\/div><\/section><section class=\"l-section wpb_row align_center height_medium color_primary\"><div class=\"l-section-h i-cf\"><div class=\"g-cols vc_row via_flex valign_top type_default stacking_default\"><div class=\"vc_col-sm-12 wpb_column vc_column_container\"><div class=\"vc_column-inner\"><div class=\"wpb_wrapper\"><div class=\"wpb_text_column\"><div class=\"wpb_wrapper\"><h2 class=\"ai-optimize-57\" style=\"text-align: center;\"><strong>Contact your lawyer in Zurich for contract law<\/strong> now<\/h2>\n<p class=\"ai-optimize-90\">\n<\/div><\/div><div class=\"w-btn-wrapper align_none\"><a class=\"w-btn us-btn-style_6 us_custom_f73f4019 font_bold icon_atleft\" title=\"Book appointment\" href=\"https:\/\/spuehler.legal\/en\/appointment\/\"><i class=\"fas fa-calendar-check\"><\/i><span class=\"w-btn-label\">Book appointment<\/span><\/a><\/div><div class=\"w-btn-wrapper align_none\"><a class=\"w-btn us-btn-style_7 us_custom_f73f4019 icon_atleft\" href=\"https:\/\/spuehler.legal\/en\/contact\/\"><i class=\"fas fa-address-book\"><\/i><span class=\"w-btn-label\">Contact<\/span><\/a><\/div><\/div><\/div><\/div><\/div><\/div><\/section>\n","protected":false},"excerpt":{"rendered":"Lawyer for contract law in Zurich Competent support in drafting, reviewing and enforcing contracts. Contract law &#8211; the basis for private and business relationships Contract law forms a central basis for economic and private coexistence. Whether a purchase contract, loan, order or contract for work &#8211; legally binding agreements are often made more quickly than...","protected":false},"author":1,"featured_media":0,"parent":0,"menu_order":0,"comment_status":"closed","ping_status":"closed","template":"","meta":{"footnotes":""},"class_list":["post-7073","page","type-page","status-publish","hentry"],"yoast_head":"<!-- This site is optimized with the Yoast SEO Premium plugin v27.4 (Yoast SEO v27.4) - https:\/\/yoast.com\/product\/yoast-seo-premium-wordpress\/ -->\n<title>Contract law lawyer Zurich - advice, review &amp; enforcement<\/title>\n<meta name=\"description\" content=\"Your lawyer in Zurich supports you in all matters of contract law: \u2713 Examination \u2713 Drafting \u2713 Enforcement\" \/>\n<meta name=\"robots\" content=\"index, follow, max-snippet:-1, max-image-preview:large, max-video-preview:-1\" \/>\n<link rel=\"canonical\" href=\"https:\/\/spuehler.legal\/en\/contract-law\/\" \/>\n<meta property=\"og:locale\" content=\"en_US\" \/>\n<meta property=\"og:type\" content=\"article\" \/>\n<meta property=\"og:title\" content=\"Contract law\" \/>\n<meta property=\"og:description\" content=\"Your lawyer in Zurich supports you in all matters of contract law: \u2713 Examination \u2713 Drafting \u2713 Enforcement\" \/>\n<meta property=\"og:url\" content=\"https:\/\/spuehler.legal\/en\/contract-law\/\" \/>\n<meta property=\"og:site_name\" content=\"Sp\u00fchler Rechtsanw\u00e4lte AG\" \/>\n<meta property=\"article:publisher\" content=\"https:\/\/www.facebook.com\/spuehler.legal\" \/>\n<meta property=\"article:modified_time\" content=\"2025-06-15T15:13:58+00:00\" \/>\n<meta name=\"twitter:card\" content=\"summary_large_image\" \/>\n<meta name=\"twitter:label1\" content=\"Est. reading time\" \/>\n\t<meta name=\"twitter:data1\" content=\"6 minutes\" \/>\n<script type=\"application\/ld+json\" class=\"yoast-schema-graph\">{\"@context\":\"https:\\\/\\\/schema.org\",\"@graph\":[{\"@type\":\"WebPage\",\"@id\":\"https:\\\/\\\/spuehler.legal\\\/en\\\/contract-law\\\/\",\"url\":\"https:\\\/\\\/spuehler.legal\\\/en\\\/contract-law\\\/\",\"name\":\"Contract law lawyer Zurich - advice, review & enforcement\",\"isPartOf\":{\"@id\":\"https:\\\/\\\/spuehler.legal\\\/en\\\/#website\"},\"datePublished\":\"2025-06-15T15:13:57+00:00\",\"dateModified\":\"2025-06-15T15:13:58+00:00\",\"description\":\"Your lawyer in Zurich supports you in all matters of contract law: \u2713 Examination \u2713 Drafting \u2713 Enforcement\",\"breadcrumb\":{\"@id\":\"https:\\\/\\\/spuehler.legal\\\/en\\\/contract-law\\\/#breadcrumb\"},\"inLanguage\":\"en-US\",\"potentialAction\":[{\"@type\":\"ReadAction\",\"target\":[\"https:\\\/\\\/spuehler.legal\\\/en\\\/contract-law\\\/\"]}]},{\"@type\":\"BreadcrumbList\",\"@id\":\"https:\\\/\\\/spuehler.legal\\\/en\\\/contract-law\\\/#breadcrumb\",\"itemListElement\":[{\"@type\":\"ListItem\",\"position\":1,\"name\":\"Startseite\",\"item\":\"https:\\\/\\\/spuehler.legal\\\/en\\\/home\\\/\"},{\"@type\":\"ListItem\",\"position\":2,\"name\":\"Contract law\"}]},{\"@type\":\"WebSite\",\"@id\":\"https:\\\/\\\/spuehler.legal\\\/en\\\/#website\",\"url\":\"https:\\\/\\\/spuehler.legal\\\/en\\\/\",\"name\":\"Sp\u00fchler Rechtsanw\u00e4lte AG\",\"description\":\"Rechtsberatung und Rechtsvertretung in allen Lebenslagen\",\"publisher\":{\"@id\":\"https:\\\/\\\/spuehler.legal\\\/en\\\/#organization\"},\"potentialAction\":[{\"@type\":\"SearchAction\",\"target\":{\"@type\":\"EntryPoint\",\"urlTemplate\":\"https:\\\/\\\/spuehler.legal\\\/en\\\/?s={search_term_string}\"},\"query-input\":{\"@type\":\"PropertyValueSpecification\",\"valueRequired\":true,\"valueName\":\"search_term_string\"}}],\"inLanguage\":\"en-US\"},{\"@type\":\"Organization\",\"@id\":\"https:\\\/\\\/spuehler.legal\\\/en\\\/#organization\",\"name\":\"Sp\u00fchler Rechtsanw\u00e4lte AG\",\"url\":\"https:\\\/\\\/spuehler.legal\\\/en\\\/\",\"logo\":{\"@type\":\"ImageObject\",\"inLanguage\":\"en-US\",\"@id\":\"https:\\\/\\\/spuehler.legal\\\/en\\\/#\\\/schema\\\/logo\\\/image\\\/\",\"url\":\"https:\\\/\\\/spuehler.legal\\\/wp-content\\\/uploads\\\/2020\\\/08\\\/logo-spuehler-rechtsanwaelte.png\",\"contentUrl\":\"https:\\\/\\\/spuehler.legal\\\/wp-content\\\/uploads\\\/2020\\\/08\\\/logo-spuehler-rechtsanwaelte.png\",\"width\":898,\"height\":259,\"caption\":\"Sp\u00fchler Rechtsanw\u00e4lte AG\"},\"image\":{\"@id\":\"https:\\\/\\\/spuehler.legal\\\/en\\\/#\\\/schema\\\/logo\\\/image\\\/\"},\"sameAs\":[\"https:\\\/\\\/www.facebook.com\\\/spuehler.legal\",\"https:\\\/\\\/www.linkedin.com\\\/in\\\/fspuehler\\\/\"],\"description\":\"Die Anwaltskanzlei Sp\u00fchler Rechtsanw\u00e4lte AG ist beratend und prozessierend t\u00e4tig. Sie vertritt Privatpersonen sowie kleine und mittlere Unternehmen (KMU) in nationalen und internationalen Sachverhalten. Durch die breite Ausrichtung der Kanzlei ist eine ganzheitliche Beratung m\u00f6glich, welche auf Deutsch, Englisch, Spanisch, Franz\u00f6sisch, Italienisch oder Portugiesisch stattfindet. Kontaktieren Sie Ihre Anw\u00e4ltin oder Ihren Anwalt in Z\u00fcrich!\",\"email\":\"info@spuehler.legal\",\"telephone\":\"+41433440505\",\"legalName\":\"Sp\u00fchler Rechtsanw\u00e4lte AG\",\"foundingDate\":\"2018-01-01\",\"vatID\":\"CHE-431.484.624\",\"numberOfEmployees\":{\"@type\":\"QuantitativeValue\",\"minValue\":\"1\",\"maxValue\":\"10\"}}]}<\/script>\n<!-- \/ Yoast SEO Premium plugin. -->","yoast_head_json":{"title":"Contract law lawyer Zurich - advice, review & enforcement","description":"Your lawyer in Zurich supports you in all matters of contract law: \u2713 Examination \u2713 Drafting \u2713 Enforcement","robots":{"index":"index","follow":"follow","max-snippet":"max-snippet:-1","max-image-preview":"max-image-preview:large","max-video-preview":"max-video-preview:-1"},"canonical":"https:\/\/spuehler.legal\/en\/contract-law\/","og_locale":"en_US","og_type":"article","og_title":"Contract law","og_description":"Your lawyer in Zurich supports you in all matters of contract law: \u2713 Examination \u2713 Drafting \u2713 Enforcement","og_url":"https:\/\/spuehler.legal\/en\/contract-law\/","og_site_name":"Sp\u00fchler Rechtsanw\u00e4lte AG","article_publisher":"https:\/\/www.facebook.com\/spuehler.legal","article_modified_time":"2025-06-15T15:13:58+00:00","twitter_card":"summary_large_image","twitter_misc":{"Est. reading time":"6 minutes"},"schema":{"@context":"https:\/\/schema.org","@graph":[{"@type":"WebPage","@id":"https:\/\/spuehler.legal\/en\/contract-law\/","url":"https:\/\/spuehler.legal\/en\/contract-law\/","name":"Contract law lawyer Zurich - advice, review & enforcement","isPartOf":{"@id":"https:\/\/spuehler.legal\/en\/#website"},"datePublished":"2025-06-15T15:13:57+00:00","dateModified":"2025-06-15T15:13:58+00:00","description":"Your lawyer in Zurich supports you in all matters of contract law: \u2713 Examination \u2713 Drafting \u2713 Enforcement","breadcrumb":{"@id":"https:\/\/spuehler.legal\/en\/contract-law\/#breadcrumb"},"inLanguage":"en-US","potentialAction":[{"@type":"ReadAction","target":["https:\/\/spuehler.legal\/en\/contract-law\/"]}]},{"@type":"BreadcrumbList","@id":"https:\/\/spuehler.legal\/en\/contract-law\/#breadcrumb","itemListElement":[{"@type":"ListItem","position":1,"name":"Startseite","item":"https:\/\/spuehler.legal\/en\/home\/"},{"@type":"ListItem","position":2,"name":"Contract law"}]},{"@type":"WebSite","@id":"https:\/\/spuehler.legal\/en\/#website","url":"https:\/\/spuehler.legal\/en\/","name":"Sp\u00fchler Rechtsanw\u00e4lte AG","description":"Rechtsberatung und Rechtsvertretung in allen Lebenslagen","publisher":{"@id":"https:\/\/spuehler.legal\/en\/#organization"},"potentialAction":[{"@type":"SearchAction","target":{"@type":"EntryPoint","urlTemplate":"https:\/\/spuehler.legal\/en\/?s={search_term_string}"},"query-input":{"@type":"PropertyValueSpecification","valueRequired":true,"valueName":"search_term_string"}}],"inLanguage":"en-US"},{"@type":"Organization","@id":"https:\/\/spuehler.legal\/en\/#organization","name":"Sp\u00fchler Rechtsanw\u00e4lte AG","url":"https:\/\/spuehler.legal\/en\/","logo":{"@type":"ImageObject","inLanguage":"en-US","@id":"https:\/\/spuehler.legal\/en\/#\/schema\/logo\/image\/","url":"https:\/\/spuehler.legal\/wp-content\/uploads\/2020\/08\/logo-spuehler-rechtsanwaelte.png","contentUrl":"https:\/\/spuehler.legal\/wp-content\/uploads\/2020\/08\/logo-spuehler-rechtsanwaelte.png","width":898,"height":259,"caption":"Sp\u00fchler Rechtsanw\u00e4lte AG"},"image":{"@id":"https:\/\/spuehler.legal\/en\/#\/schema\/logo\/image\/"},"sameAs":["https:\/\/www.facebook.com\/spuehler.legal","https:\/\/www.linkedin.com\/in\/fspuehler\/"],"description":"Die Anwaltskanzlei Sp\u00fchler Rechtsanw\u00e4lte AG ist beratend und prozessierend t\u00e4tig. Sie vertritt Privatpersonen sowie kleine und mittlere Unternehmen (KMU) in nationalen und internationalen Sachverhalten. Durch die breite Ausrichtung der Kanzlei ist eine ganzheitliche Beratung m\u00f6glich, welche auf Deutsch, Englisch, Spanisch, Franz\u00f6sisch, Italienisch oder Portugiesisch stattfindet. Kontaktieren Sie Ihre Anw\u00e4ltin oder Ihren Anwalt in Z\u00fcrich!","email":"info@spuehler.legal","telephone":"+41433440505","legalName":"Sp\u00fchler Rechtsanw\u00e4lte AG","foundingDate":"2018-01-01","vatID":"CHE-431.484.624","numberOfEmployees":{"@type":"QuantitativeValue","minValue":"1","maxValue":"10"}}]}},"_links":{"self":[{"href":"https:\/\/spuehler.legal\/en\/wp-json\/wp\/v2\/pages\/7073","targetHints":{"allow":["GET"]}}],"collection":[{"href":"https:\/\/spuehler.legal\/en\/wp-json\/wp\/v2\/pages"}],"about":[{"href":"https:\/\/spuehler.legal\/en\/wp-json\/wp\/v2\/types\/page"}],"author":[{"embeddable":true,"href":"https:\/\/spuehler.legal\/en\/wp-json\/wp\/v2\/users\/1"}],"replies":[{"embeddable":true,"href":"https:\/\/spuehler.legal\/en\/wp-json\/wp\/v2\/comments?post=7073"}],"version-history":[{"count":3,"href":"https:\/\/spuehler.legal\/en\/wp-json\/wp\/v2\/pages\/7073\/revisions"}],"predecessor-version":[{"id":7079,"href":"https:\/\/spuehler.legal\/en\/wp-json\/wp\/v2\/pages\/7073\/revisions\/7079"}],"wp:attachment":[{"href":"https:\/\/spuehler.legal\/en\/wp-json\/wp\/v2\/media?parent=7073"}],"curies":[{"name":"wp","href":"https:\/\/api.w.org\/{rel}","templated":true}]}}