{"id":4936,"date":"2024-09-15T15:49:17","date_gmt":"2024-09-15T13:49:17","guid":{"rendered":"https:\/\/spuehler.legal\/valentina-fluckiger\/"},"modified":"2025-06-15T12:44:41","modified_gmt":"2025-06-15T10:44:41","slug":"valentina-fluckiger","status":"publish","type":"page","link":"https:\/\/spuehler.legal\/en\/valentina-fluckiger\/","title":{"rendered":"Valentina Fl\u00fcckiger"},"content":{"rendered":"<section class=\"l-section wpb_row height_large color_primary with_img\"><div class=\"l-section-img\" role=\"img\" aria-label=\"Lawyer Zurich\" data-img-width=\"1920\" data-img-height=\"1280\" style=\"background-image: url(https:\/\/spuehler.legal\/wp-content\/uploads\/2017\/12\/rwi-bibliothek-zuerich3.jpg);\"><\/div><div class=\"l-section-overlay\" style=\"background:rgba(0,0,0,0.6)\"><\/div><div class=\"l-section-h i-cf\"><div class=\"g-cols vc_row via_flex valign_top type_default stacking_default\"><div class=\"vc_col-sm-12 wpb_column vc_column_container\"><div class=\"vc_column-inner\"><div class=\"wpb_wrapper\"><div class=\"wpb_text_column\"><div class=\"wpb_wrapper\"><h1 class=\"ai-optimize-38\" style=\"text-align: left;\">Your <strong>attorney in Zurich<\/strong><\/h1>\n<p class=\"ai-optimize-39\">\n<\/div><\/div><div class=\"wpb_text_column us_custom_dfddb007\"><div class=\"wpb_wrapper\"><h3 class=\"ai-optimize-40\" style=\"text-align: left;\">Attorney Valentina Fl\u00fcckiger represents you in a<strong> committed and competent manner.<\/strong><\/h3>\n<p class=\"ai-optimize-41\">\n<\/div><\/div><\/div><\/div><\/div><\/div><\/div><\/section><section class=\"l-section wpb_row us_custom_a40275d7 height_medium\"><div class=\"l-section-h i-cf\"><div class=\"g-cols vc_row via_flex valign_top type_default stacking_default\"><div class=\"vc_col-sm-4 wpb_column vc_column_container\"><div class=\"vc_column-inner\"><div class=\"wpb_wrapper\"><div class=\"w-person layout_simple\" itemscope itemtype=\"https:\/\/schema.org\/Person\"><div class=\"w-person-image\"><img decoding=\"async\" width=\"600\" height=\"800\" src=\"https:\/\/spuehler.legal\/wp-content\/uploads\/2024\/09\/Valentina_Flueckiger.jpg\" class=\"attachment-full size-full\" alt=\"\" itemprop=\"image\" srcset=\"https:\/\/spuehler.legal\/wp-content\/uploads\/2024\/09\/Valentina_Flueckiger.jpg 600w, https:\/\/spuehler.legal\/wp-content\/uploads\/2024\/09\/Valentina_Flueckiger-225x300.jpg 225w\" sizes=\"(max-width: 600px) 100vw, 600px\" \/><\/div><div class=\"w-person-content\"><h4 itemprop=\"name\" class=\"w-person-name\"><span>Valentina Fl\u00fcckiger<\/span><\/h4><div class=\"w-person-role\" itemprop=\"jobTitle\">MLaw, Attorney at Law<\/div><\/div><\/div><\/div><\/div><\/div><div class=\"vc_col-sm-8 wpb_column vc_column_container\"><div class=\"vc_column-inner\"><div class=\"wpb_wrapper\"><div class=\"wpb_text_column\"><div class=\"wpb_wrapper\"><h2 class=\"ai-optimize-42\">Career<\/h2>\n<p class=\"ai-optimize-43\">Valentina Fl\u00fcckiger graduated from the University of Zurich in spring 2019 with a Master of Law (MLaw). She spent half a year of her studies at Bond University in Queensland, Australia, to gain in-depth knowledge of international law. <\/p>\n<p class=\"ai-optimize-44\">After completing her studies, she worked as a legal assistant for a law firm in the city of Zurich and in Glarus before moving to the Cantonal and Administrative Court of the Canton of Glarus as a lawyer.<\/p>\n<p class=\"ai-optimize-45\">After being admitted to the bar in June 2023, she initially worked as a lawyer in a law firm in Glarus before working as a court clerk for the Administrative Court of Glarus.<\/p>\n<p class=\"ai-optimize-46\">Valentina Fl\u00fcckiger has been working as an attorney at Sp\u00fchler Rechtsanw\u00e4lte AG since the beginning of September 2024.<\/p>\n<\/div><\/div><\/div><\/div><\/div><\/div><\/div><\/section><section class=\"l-section wpb_row us_custom_8d5aa4e2 height_small\"><div class=\"l-section-h i-cf\"><div class=\"g-cols vc_row via_flex valign_top type_default stacking_default\"><div class=\"vc_col-sm-4 wpb_column vc_column_container\"><div class=\"vc_column-inner\"><div class=\"wpb_wrapper\"><div class=\"w-iconbox iconpos_top style_outlined color_primary align_center no_text no_title\"><div class=\"w-iconbox-icon\" style=\"font-size:60px;\"><i class=\"fas fa-comments\"><\/i><\/div><div class=\"w-iconbox-meta\"><\/div><\/div><div class=\"w-separator size_custom\" style=\"height:20px\"><\/div><\/div><\/div><\/div><div class=\"vc_col-sm-8 wpb_column vc_column_container\"><div class=\"vc_column-inner\"><div class=\"wpb_wrapper\"><div class=\"g-cols wpb_row via_flex valign_top type_default stacking_default\"><div class=\"vc_col-sm-6 wpb_column vc_column_container\"><div class=\"vc_column-inner us_custom_539f15ee\"><div class=\"wpb_wrapper\"><div class=\"wpb_text_column\"><div class=\"wpb_wrapper\"><h3 class=\"ai-optimize-47\">Language skills<\/h3>\n<p class=\"ai-optimize-48\">&#8211; German (mother tongue)<br \/>\n&#8211; English<br \/>\n&#8211; Spanish<\/p>\n<\/div><\/div><\/div><\/div><\/div><div class=\"vc_col-sm-6 wpb_column vc_column_container\"><div class=\"vc_column-inner us_custom_539f15ee\"><div class=\"wpb_wrapper\"><div class=\"wpb_text_column\"><div class=\"wpb_wrapper\"><h3 class=\"ai-optimize-49\">Bar Registry<\/h3>\n<p class=\"ai-optimize-50\">Valentina Fl\u00fcckiger is registered with the <a href=\"http:\/\/www.gerichte-zh.ch\/organisation\/obergericht\/kommissionen\/aufsichtskommission-ueber-rechtsanwaelte\/anwaltsregister.html\" target=\"_blank\" rel=\"noopener noreferrer\">Zurich Bar Registry<\/a> and is authorized to represent clients before all Swiss courts.<\/p>\n<\/div><\/div><\/div><\/div><\/div><\/div><\/div><\/div><\/div><\/div><\/div><\/section><section class=\"l-section wpb_row height_medium color_primary\"><div class=\"l-section-h i-cf\"><div class=\"g-cols vc_row via_flex valign_top type_default stacking_default\"><div class=\"vc_col-sm-4 wpb_column vc_column_container\"><div class=\"vc_column-inner us_custom_289537ba\"><div class=\"wpb_wrapper\"><div class=\"w-iconbox iconpos_top style_outlined color_custom align_center no_text no_title\"><div class=\"w-iconbox-icon\" style=\"font-size:60px;--icon-color:#ffffff;--icon-bg-color:#ffffff;\"><i class=\"fas fa-graduation-cap\"><\/i><\/div><div class=\"w-iconbox-meta\"><\/div><\/div><div class=\"w-separator size_custom\" style=\"height:20px\"><\/div><\/div><\/div><\/div><div class=\"vc_col-sm-8 wpb_column vc_column_container\"><div class=\"vc_column-inner\"><div class=\"wpb_wrapper\"><div class=\"wpb_text_column\"><div class=\"wpb_wrapper\"><h2 class=\"ai-optimize-51\">Overview of <strong>education and professional activities<\/strong><\/h2>\n<p class=\"ai-optimize-52\"><strong>Since September 2024<\/strong><br \/>\nAttorney at law at Sp\u00fchler Rechtsanw\u00e4lte AG<\/p>\n<p class=\"ai-optimize-53\"><strong>2023 \/ 2024<\/strong><br \/>\nCourt clerk at the Administrative Court of the Canton of Glarus<\/p>\n<p class=\"ai-optimize-54\"><strong>2023<\/strong><br \/>\nAttorney at law in a Glarus law firm<\/p>\n<p class=\"ai-optimize-55\"><strong>June 2023<\/strong><br \/>\nAdmission to the bar of the Canton of Glarus<\/p>\n<p class=\"ai-optimize-56\"><strong>2022<\/strong><br \/>\nClerk at the Cantonal Court of the Canton of Glarus<\/p>\n<p class=\"ai-optimize-57\"><strong>2021 \/ 2022<\/strong><br \/>\nLegal assistant at the Cantonal and Administrative Court of the Canton of Glarus<\/p>\n<p class=\"ai-optimize-58\"><strong>2020 &#8211; 2021<\/strong><br \/>\nLegal assistant in a law firm in Glarus<\/p>\n<p class=\"ai-optimize-59\"><strong>2019 \/ 2020<\/strong><br \/>\nLegal assistant in a law firm in the city of Zurich<\/p>\n<p class=\"ai-optimize-60\"><strong>2016 &#8211; 2018<\/strong><br \/>\nUniversity of Zurich and Bond University Queensland (Master of Law)<\/p>\n<p class=\"ai-optimize-61\"><strong>2013 &#8211; 2017<\/strong><br \/>\nUniversity of Zurich (Bachelor of Law)<\/p>\n<\/div><\/div><\/div><\/div><\/div><\/div><\/div><\/section><section class=\"l-section wpb_row height_medium\"><div class=\"l-section-h i-cf\"><div class=\"g-cols vc_row via_flex valign_top type_default stacking_default\"><div class=\"vc_col-sm-4 wpb_column vc_column_container\"><div class=\"vc_column-inner\"><div class=\"wpb_wrapper\"><div class=\"w-iconbox iconpos_top style_outlined color_primary align_center no_text no_title\"><div class=\"w-iconbox-icon\" style=\"font-size:60px;\"><i class=\"fas fa-id-card\"><\/i><\/div><div class=\"w-iconbox-meta\"><\/div><\/div><div class=\"w-separator size_custom\" style=\"height:20px\"><\/div><\/div><\/div><\/div><div class=\"vc_col-sm-8 wpb_column vc_column_container\"><div class=\"vc_column-inner\"><div class=\"wpb_wrapper\"><div class=\"g-cols wpb_row via_flex valign_top type_default stacking_default\"><div class=\"vc_col-sm-6 wpb_column vc_column_container\"><div class=\"vc_column-inner us_custom_539f15ee\"><div class=\"wpb_wrapper\"><div class=\"wpb_text_column\"><div class=\"wpb_wrapper\"><h3 class=\"ai-optimize-62\">Memberships<\/h3>\n<p class=\"ai-optimize-63\"><a href=\"http:\/\/www.sav-fsa.ch\/\" target=\"_blank\" rel=\"noopener noreferrer\">&#8211; <span>Swiss <\/span>Bar Association<br \/>\n<span>&#8211;<\/span><\/a> <a href=\"https:\/\/www.zav.ch\/\" target=\"_blank\" rel=\"noopener noreferrer\">Zurich Bar Association<\/a><br \/>\n<a href=\"http:\/\/www.pikett-strafverteidigung.ch\/\" target=\"_blank\" rel=\"noopener noreferrer\"><span>&#8211; <\/span>Pikett Strafverteidigung<\/a><br \/>\n<span>&#8211; Family Law Section ZAV<\/span><br \/>\n<span>&#8211; Labor Law Section ZAV<\/span><br \/>\n<span>&#8211; Criminal Defense Section ZAV<\/span><\/p>\n<\/div><\/div><\/div><\/div><\/div><div class=\"vc_col-sm-6 wpb_column vc_column_container\"><div class=\"vc_column-inner us_custom_539f15ee\"><div class=\"wpb_wrapper\"><div class=\"wpb_text_column\"><div class=\"wpb_wrapper\"><h3 class=\"ai-optimize-64\">Contact<\/h3>\n<p class=\"ai-optimize-65\">\n<\/div><\/div><div class=\"w-socials us_custom_a5c88937 color_text shape_rounded style_outlined hover_fade\" style=\"--gap:5px;\"><div class=\"w-socials-list\"><div class=\"w-socials-item facebook\"><a target=\"_blank\" rel=\"nofollow\" href=\"https:\/\/www.facebook.com\/spuehler.legal\" class=\"w-socials-item-link\" aria-label=\"Facebook\"><span class=\"w-socials-item-link-hover\"><\/span><i class=\"fab fa-facebook\"><\/i><\/a><div class=\"w-socials-item-popup\"><span>Facebook<\/span><\/div><\/div><\/div><\/div><div class=\"w-separator size_custom\" style=\"height:25px\"><\/div><div class=\"w-iconbox iconpos_left style_default color_contrast align_left no_text\"><a href=\"tel:+41433440505\" class=\"w-iconbox-link\" aria-label=\"+41 43 344 05 05\"><div class=\"w-iconbox-icon\" style=\"font-size:1.3em;\"><i class=\"fas fa-phone\"><\/i><\/div><\/a><div class=\"w-iconbox-meta\"><div class=\"w-iconbox-title\"><a href=\"tel:+41433440505\" class=\"w-iconbox-link\" aria-label=\"+41 43 344 05 05\">+41 43 344 05 05<\/a><\/div><\/div><\/div><div class=\"w-separator size_custom\" style=\"height:16px\"><\/div><div class=\"w-iconbox iconpos_left style_default color_contrast align_left no_text\"><a title=\"Send an e-mail to attorney Valentina Fl\u00fcckiger\" href=\"mailto:vf@spuehler.legal\" class=\"w-iconbox-link\" aria-label=\"VF@spuehler.legal\"><div class=\"w-iconbox-icon\" style=\"font-size:1.3em;\"><i class=\"fas fa-envelope\"><\/i><\/div><\/a><div class=\"w-iconbox-meta\"><div class=\"w-iconbox-title\"><a title=\"Send an e-mail to attorney Valentina Fl\u00fcckiger\" href=\"mailto:vf@spuehler.legal\" class=\"w-iconbox-link\" aria-label=\"VF@spuehler.legal\">VF@spuehler.legal<\/a><\/div><\/div><\/div><div class=\"w-separator size_custom\" style=\"height:16px\"><\/div><div class=\"w-btn-wrapper align_none\"><a class=\"w-btn us-btn-style_1 icon_atleft\" title=\"Book appointment\" href=\"https:\/\/spuehler.legal\/en\/appointment\/\"><i class=\"fas fa-calendar-check\"><\/i><span class=\"w-btn-label\">Book appointment<\/span><\/a><\/div><\/div><\/div><\/div><\/div><\/div><\/div><\/div><\/div><\/div><\/section>\n","protected":false},"excerpt":{"rendered":"Your attorney in Zurich Attorney Valentina Fl\u00fcckiger represents you in a committed and competent manner. Valentina Fl\u00fcckigerMLaw, Attorney at Law Career Valentina Fl\u00fcckiger graduated from the University of Zurich in spring 2019 with a Master of Law (MLaw). She spent half a year of her studies at Bond University in Queensland, Australia, to gain in-depth...","protected":false},"author":1,"featured_media":0,"parent":0,"menu_order":0,"comment_status":"closed","ping_status":"closed","template":"","meta":{"footnotes":""},"class_list":["post-4936","page","type-page","status-publish","hentry"],"yoast_head":"<!-- This site is optimized with the Yoast SEO Premium plugin v27.3 (Yoast SEO v27.4) - https:\/\/yoast.com\/product\/yoast-seo-premium-wordpress\/ -->\n<title>Valentina Fl\u00fcckiger - Sp\u00fchler Rechtsanw\u00e4lte AG<\/title>\n<meta name=\"robots\" content=\"index, follow, max-snippet:-1, max-image-preview:large, max-video-preview:-1\" \/>\n<link rel=\"canonical\" href=\"https:\/\/spuehler.legal\/en\/valentina-fluckiger\/\" \/>\n<meta property=\"og:locale\" content=\"en_US\" \/>\n<meta property=\"og:type\" content=\"article\" \/>\n<meta property=\"og:title\" content=\"Valentina Fl\u00fcckiger\" \/>\n<meta property=\"og:url\" content=\"https:\/\/spuehler.legal\/en\/valentina-fluckiger\/\" \/>\n<meta property=\"og:site_name\" content=\"Sp\u00fchler Rechtsanw\u00e4lte AG\" \/>\n<meta property=\"article:publisher\" content=\"https:\/\/www.facebook.com\/spuehler.legal\" \/>\n<meta property=\"article:modified_time\" content=\"2025-06-15T10:44:41+00:00\" \/>\n<meta name=\"twitter:card\" content=\"summary_large_image\" \/>\n<meta name=\"twitter:label1\" content=\"Est. reading time\" \/>\n\t<meta name=\"twitter:data1\" content=\"4 minutes\" \/>\n<script type=\"application\/ld+json\" class=\"yoast-schema-graph\">{\"@context\":\"https:\\\/\\\/schema.org\",\"@graph\":[{\"@type\":\"WebPage\",\"@id\":\"https:\\\/\\\/spuehler.legal\\\/en\\\/valentina-fluckiger\\\/\",\"url\":\"https:\\\/\\\/spuehler.legal\\\/en\\\/valentina-fluckiger\\\/\",\"name\":\"Valentina Fl\u00fcckiger - Sp\u00fchler Rechtsanw\u00e4lte AG\",\"isPartOf\":{\"@id\":\"https:\\\/\\\/spuehler.legal\\\/en\\\/#website\"},\"datePublished\":\"2024-09-15T13:49:17+00:00\",\"dateModified\":\"2025-06-15T10:44:41+00:00\",\"breadcrumb\":{\"@id\":\"https:\\\/\\\/spuehler.legal\\\/en\\\/valentina-fluckiger\\\/#breadcrumb\"},\"inLanguage\":\"en-US\",\"potentialAction\":[{\"@type\":\"ReadAction\",\"target\":[\"https:\\\/\\\/spuehler.legal\\\/en\\\/valentina-fluckiger\\\/\"]}]},{\"@type\":\"BreadcrumbList\",\"@id\":\"https:\\\/\\\/spuehler.legal\\\/en\\\/valentina-fluckiger\\\/#breadcrumb\",\"itemListElement\":[{\"@type\":\"ListItem\",\"position\":1,\"name\":\"Startseite\",\"item\":\"https:\\\/\\\/spuehler.legal\\\/en\\\/home\\\/\"},{\"@type\":\"ListItem\",\"position\":2,\"name\":\"Valentina Fl\u00fcckiger\"}]},{\"@type\":\"WebSite\",\"@id\":\"https:\\\/\\\/spuehler.legal\\\/en\\\/#website\",\"url\":\"https:\\\/\\\/spuehler.legal\\\/en\\\/\",\"name\":\"Sp\u00fchler Rechtsanw\u00e4lte AG\",\"description\":\"Rechtsberatung und Rechtsvertretung in allen Lebenslagen\",\"publisher\":{\"@id\":\"https:\\\/\\\/spuehler.legal\\\/en\\\/#organization\"},\"potentialAction\":[{\"@type\":\"SearchAction\",\"target\":{\"@type\":\"EntryPoint\",\"urlTemplate\":\"https:\\\/\\\/spuehler.legal\\\/en\\\/?s={search_term_string}\"},\"query-input\":{\"@type\":\"PropertyValueSpecification\",\"valueRequired\":true,\"valueName\":\"search_term_string\"}}],\"inLanguage\":\"en-US\"},{\"@type\":\"Organization\",\"@id\":\"https:\\\/\\\/spuehler.legal\\\/en\\\/#organization\",\"name\":\"Sp\u00fchler Rechtsanw\u00e4lte AG\",\"url\":\"https:\\\/\\\/spuehler.legal\\\/en\\\/\",\"logo\":{\"@type\":\"ImageObject\",\"inLanguage\":\"en-US\",\"@id\":\"https:\\\/\\\/spuehler.legal\\\/en\\\/#\\\/schema\\\/logo\\\/image\\\/\",\"url\":\"https:\\\/\\\/spuehler.legal\\\/wp-content\\\/uploads\\\/2020\\\/08\\\/logo-spuehler-rechtsanwaelte.png\",\"contentUrl\":\"https:\\\/\\\/spuehler.legal\\\/wp-content\\\/uploads\\\/2020\\\/08\\\/logo-spuehler-rechtsanwaelte.png\",\"width\":898,\"height\":259,\"caption\":\"Sp\u00fchler Rechtsanw\u00e4lte AG\"},\"image\":{\"@id\":\"https:\\\/\\\/spuehler.legal\\\/en\\\/#\\\/schema\\\/logo\\\/image\\\/\"},\"sameAs\":[\"https:\\\/\\\/www.facebook.com\\\/spuehler.legal\",\"https:\\\/\\\/www.linkedin.com\\\/in\\\/fspuehler\\\/\"],\"description\":\"Die Anwaltskanzlei Sp\u00fchler Rechtsanw\u00e4lte AG ist beratend und prozessierend t\u00e4tig. Sie vertritt Privatpersonen sowie kleine und mittlere Unternehmen (KMU) in nationalen und internationalen Sachverhalten. Durch die breite Ausrichtung der Kanzlei ist eine ganzheitliche Beratung m\u00f6glich, welche auf Deutsch, Englisch, Spanisch, Franz\u00f6sisch, Italienisch oder Portugiesisch stattfindet. Kontaktieren Sie Ihre Anw\u00e4ltin oder Ihren Anwalt in Z\u00fcrich!\",\"email\":\"info@spuehler.legal\",\"telephone\":\"+41433440505\",\"legalName\":\"Sp\u00fchler Rechtsanw\u00e4lte AG\",\"foundingDate\":\"2018-01-01\",\"vatID\":\"CHE-431.484.624\",\"numberOfEmployees\":{\"@type\":\"QuantitativeValue\",\"minValue\":\"1\",\"maxValue\":\"10\"}}]}<\/script>\n<!-- \/ Yoast SEO Premium plugin. -->","yoast_head_json":{"title":"Valentina Fl\u00fcckiger - Sp\u00fchler Rechtsanw\u00e4lte AG","robots":{"index":"index","follow":"follow","max-snippet":"max-snippet:-1","max-image-preview":"max-image-preview:large","max-video-preview":"max-video-preview:-1"},"canonical":"https:\/\/spuehler.legal\/en\/valentina-fluckiger\/","og_locale":"en_US","og_type":"article","og_title":"Valentina Fl\u00fcckiger","og_url":"https:\/\/spuehler.legal\/en\/valentina-fluckiger\/","og_site_name":"Sp\u00fchler Rechtsanw\u00e4lte AG","article_publisher":"https:\/\/www.facebook.com\/spuehler.legal","article_modified_time":"2025-06-15T10:44:41+00:00","twitter_card":"summary_large_image","twitter_misc":{"Est. reading time":"4 minutes"},"schema":{"@context":"https:\/\/schema.org","@graph":[{"@type":"WebPage","@id":"https:\/\/spuehler.legal\/en\/valentina-fluckiger\/","url":"https:\/\/spuehler.legal\/en\/valentina-fluckiger\/","name":"Valentina Fl\u00fcckiger - Sp\u00fchler Rechtsanw\u00e4lte AG","isPartOf":{"@id":"https:\/\/spuehler.legal\/en\/#website"},"datePublished":"2024-09-15T13:49:17+00:00","dateModified":"2025-06-15T10:44:41+00:00","breadcrumb":{"@id":"https:\/\/spuehler.legal\/en\/valentina-fluckiger\/#breadcrumb"},"inLanguage":"en-US","potentialAction":[{"@type":"ReadAction","target":["https:\/\/spuehler.legal\/en\/valentina-fluckiger\/"]}]},{"@type":"BreadcrumbList","@id":"https:\/\/spuehler.legal\/en\/valentina-fluckiger\/#breadcrumb","itemListElement":[{"@type":"ListItem","position":1,"name":"Startseite","item":"https:\/\/spuehler.legal\/en\/home\/"},{"@type":"ListItem","position":2,"name":"Valentina Fl\u00fcckiger"}]},{"@type":"WebSite","@id":"https:\/\/spuehler.legal\/en\/#website","url":"https:\/\/spuehler.legal\/en\/","name":"Sp\u00fchler Rechtsanw\u00e4lte AG","description":"Rechtsberatung und Rechtsvertretung in allen Lebenslagen","publisher":{"@id":"https:\/\/spuehler.legal\/en\/#organization"},"potentialAction":[{"@type":"SearchAction","target":{"@type":"EntryPoint","urlTemplate":"https:\/\/spuehler.legal\/en\/?s={search_term_string}"},"query-input":{"@type":"PropertyValueSpecification","valueRequired":true,"valueName":"search_term_string"}}],"inLanguage":"en-US"},{"@type":"Organization","@id":"https:\/\/spuehler.legal\/en\/#organization","name":"Sp\u00fchler Rechtsanw\u00e4lte AG","url":"https:\/\/spuehler.legal\/en\/","logo":{"@type":"ImageObject","inLanguage":"en-US","@id":"https:\/\/spuehler.legal\/en\/#\/schema\/logo\/image\/","url":"https:\/\/spuehler.legal\/wp-content\/uploads\/2020\/08\/logo-spuehler-rechtsanwaelte.png","contentUrl":"https:\/\/spuehler.legal\/wp-content\/uploads\/2020\/08\/logo-spuehler-rechtsanwaelte.png","width":898,"height":259,"caption":"Sp\u00fchler Rechtsanw\u00e4lte AG"},"image":{"@id":"https:\/\/spuehler.legal\/en\/#\/schema\/logo\/image\/"},"sameAs":["https:\/\/www.facebook.com\/spuehler.legal","https:\/\/www.linkedin.com\/in\/fspuehler\/"],"description":"Die Anwaltskanzlei Sp\u00fchler Rechtsanw\u00e4lte AG ist beratend und prozessierend t\u00e4tig. Sie vertritt Privatpersonen sowie kleine und mittlere Unternehmen (KMU) in nationalen und internationalen Sachverhalten. Durch die breite Ausrichtung der Kanzlei ist eine ganzheitliche Beratung m\u00f6glich, welche auf Deutsch, Englisch, Spanisch, Franz\u00f6sisch, Italienisch oder Portugiesisch stattfindet. Kontaktieren Sie Ihre Anw\u00e4ltin oder Ihren Anwalt in Z\u00fcrich!","email":"info@spuehler.legal","telephone":"+41433440505","legalName":"Sp\u00fchler Rechtsanw\u00e4lte AG","foundingDate":"2018-01-01","vatID":"CHE-431.484.624","numberOfEmployees":{"@type":"QuantitativeValue","minValue":"1","maxValue":"10"}}]}},"_links":{"self":[{"href":"https:\/\/spuehler.legal\/en\/wp-json\/wp\/v2\/pages\/4936","targetHints":{"allow":["GET"]}}],"collection":[{"href":"https:\/\/spuehler.legal\/en\/wp-json\/wp\/v2\/pages"}],"about":[{"href":"https:\/\/spuehler.legal\/en\/wp-json\/wp\/v2\/types\/page"}],"author":[{"embeddable":true,"href":"https:\/\/spuehler.legal\/en\/wp-json\/wp\/v2\/users\/1"}],"replies":[{"embeddable":true,"href":"https:\/\/spuehler.legal\/en\/wp-json\/wp\/v2\/comments?post=4936"}],"version-history":[{"count":16,"href":"https:\/\/spuehler.legal\/en\/wp-json\/wp\/v2\/pages\/4936\/revisions"}],"predecessor-version":[{"id":6998,"href":"https:\/\/spuehler.legal\/en\/wp-json\/wp\/v2\/pages\/4936\/revisions\/6998"}],"wp:attachment":[{"href":"https:\/\/spuehler.legal\/en\/wp-json\/wp\/v2\/media?parent=4936"}],"curies":[{"name":"wp","href":"https:\/\/api.w.org\/{rel}","templated":true}]}}