{"id":3971,"date":"2022-11-12T09:51:40","date_gmt":"2022-11-12T08:51:40","guid":{"rendered":"https:\/\/spuehler.legal\/ana-lucia-gallmann\/"},"modified":"2025-09-11T15:44:22","modified_gmt":"2025-09-11T13:44:22","slug":"ana-lucia-gallmann","status":"publish","type":"page","link":"https:\/\/spuehler.legal\/en\/ana-lucia-gallmann\/","title":{"rendered":"Ana Lucia Gallmann"},"content":{"rendered":"<section class=\"l-section wpb_row height_large color_primary with_img\"><div class=\"l-section-img\" role=\"img\" aria-label=\"Lawyer Zurich\" data-img-width=\"1920\" data-img-height=\"1280\" style=\"background-image: url(https:\/\/spuehler.legal\/wp-content\/uploads\/2017\/12\/rwi-bibliothek-zuerich3.jpg);\"><\/div><div class=\"l-section-overlay\" style=\"background:rgba(0,0,0,0.6)\"><\/div><div class=\"l-section-h i-cf\"><div class=\"g-cols vc_row via_flex valign_top type_default stacking_default\"><div class=\"vc_col-sm-12 wpb_column vc_column_container\"><div class=\"vc_column-inner\"><div class=\"wpb_wrapper\"><div class=\"wpb_text_column\"><div class=\"wpb_wrapper\"><h1 style=\"text-align: left;\">Your <strong>attorney in Zurich<\/strong><\/h1>\n<\/div><\/div><div class=\"wpb_text_column us_custom_dfddb007\"><div class=\"wpb_wrapper\"><h3 style=\"text-align: left;\">Attorney Ana Lucia Gallmann represents you in a <strong>committed and competent manner.<\/strong><\/h3>\n<\/div><\/div><\/div><\/div><\/div><\/div><\/div><\/section><section class=\"l-section wpb_row us_custom_a40275d7 height_medium\"><div class=\"l-section-h i-cf\"><div class=\"g-cols vc_row via_flex valign_top type_default stacking_default\"><div class=\"vc_col-sm-4 wpb_column vc_column_container\"><div class=\"vc_column-inner\"><div class=\"wpb_wrapper\"><div class=\"w-person layout_simple\" itemscope itemtype=\"https:\/\/schema.org\/Person\"><div class=\"w-person-image\"><img decoding=\"async\" width=\"600\" height=\"800\" src=\"https:\/\/spuehler.legal\/wp-content\/uploads\/2022\/11\/gallmann.jpeg\" class=\"attachment-full size-full\" alt=\"Portrait Ana Lucia Gallmann\" itemprop=\"image\" srcset=\"https:\/\/spuehler.legal\/wp-content\/uploads\/2022\/11\/gallmann.jpeg 600w, https:\/\/spuehler.legal\/wp-content\/uploads\/2022\/11\/gallmann-225x300.jpeg 225w\" sizes=\"(max-width: 600px) 100vw, 600px\" \/><\/div><div class=\"w-person-content\"><h4 itemprop=\"name\" class=\"w-person-name\"><span>Ana Lucia Gallmann<\/span><\/h4><div class=\"w-person-role\" itemprop=\"jobTitle\">MLaw, Attorney at Law<\/div><\/div><\/div><\/div><\/div><\/div><div class=\"vc_col-sm-8 wpb_column vc_column_container\"><div class=\"vc_column-inner\"><div class=\"wpb_wrapper\"><div class=\"wpb_text_column\"><div class=\"wpb_wrapper\"><h2>Career<\/h2>\n<p>After studying international relations at the University of Geneva and at the Graduate Institute of International and Development Studies with a focus on human rights and refugee law from 2003 to 2007, Ana Lucia Gallmann worked for more than two years at the UNHCR in the field of human rights protection of refugees in Geneva as well as in Chad and the Democratic Republic of Congo.<\/p>\n<p>From 2010 Ana Lucia Gallmann studied law at the University of Zurich. After completing her Master of Law (MLaw) in 2015 and her court internship in 2016, she worked as a legal advisor for asylum seekers at the HEKS regional office in Aargau and Solothurn from 2016 to 2018. In 2019, she was admitted to the bar in the Canton of Zurich. From 2020 until the fall of 2022, she worked as a lawyer for the Federal Administration in the field of international administrative assistance in tax matters.   <\/p>\n<p>Ana Lucia Gallmann joined Sp\u00fchler Rechtsanw\u00e4lte AG in November 2022.<\/p>\n<\/div><\/div><\/div><\/div><\/div><\/div><\/div><\/section><section class=\"l-section wpb_row us_custom_8d5aa4e2 height_small\"><div class=\"l-section-h i-cf\"><div class=\"g-cols vc_row via_flex valign_top type_default stacking_default\"><div class=\"vc_col-sm-4 wpb_column vc_column_container\"><div class=\"vc_column-inner\"><div class=\"wpb_wrapper\"><div class=\"w-iconbox iconpos_top style_outlined color_primary align_center no_text no_title\"><div class=\"w-iconbox-icon\" style=\"font-size:60px;\"><i class=\"fas fa-comments\"><\/i><\/div><div class=\"w-iconbox-meta\"><\/div><\/div><div class=\"w-separator size_custom\" style=\"height:20px\"><\/div><\/div><\/div><\/div><div class=\"vc_col-sm-8 wpb_column vc_column_container\"><div class=\"vc_column-inner\"><div class=\"wpb_wrapper\"><div class=\"g-cols wpb_row via_flex valign_top type_default stacking_default\"><div class=\"vc_col-sm-6 wpb_column vc_column_container\"><div class=\"vc_column-inner us_custom_539f15ee\"><div class=\"wpb_wrapper\"><div class=\"wpb_text_column\"><div class=\"wpb_wrapper\"><h3>Language skills<\/h3>\n<p>&#8211; German (mother tongue)<br \/>\n&#8211; Portuguese (2nd mother tongue)<br \/>\n&#8211; French<br \/>\n&#8211; English<br \/>\n&#8211; Italian<\/p>\n<\/div><\/div><\/div><\/div><\/div><div class=\"vc_col-sm-6 wpb_column vc_column_container\"><div class=\"vc_column-inner us_custom_539f15ee\"><div class=\"wpb_wrapper\"><div class=\"wpb_text_column\"><div class=\"wpb_wrapper\"><h3>Bar Registry<\/h3>\n<p>Attorney Ana Lucia Gallmann is registered in the <a href=\"http:\/\/www.gerichte-zh.ch\/organisation\/obergericht\/kommissionen\/aufsichtskommission-ueber-rechtsanwaelte\/anwaltsregister.html\" target=\"_blank\" rel=\"noopener noreferrer\">Bar Register of the Canton of Zurich<\/a> and is authorized to represent clients before all Swiss courts.<\/p>\n<\/div><\/div><\/div><\/div><\/div><\/div><\/div><\/div><\/div><\/div><\/div><\/section><section class=\"l-section wpb_row height_medium color_primary\"><div class=\"l-section-h i-cf\"><div class=\"g-cols vc_row via_flex valign_top type_default stacking_default\"><div class=\"vc_col-sm-4 wpb_column vc_column_container\"><div class=\"vc_column-inner us_custom_289537ba\"><div class=\"wpb_wrapper\"><div class=\"w-iconbox iconpos_top style_outlined color_custom align_center no_text no_title\"><div class=\"w-iconbox-icon\" style=\"font-size:60px;--icon-color:#ffffff;--icon-bg-color:#ffffff;\"><i class=\"fas fa-graduation-cap\"><\/i><\/div><div class=\"w-iconbox-meta\"><\/div><\/div><div class=\"w-separator size_custom\" style=\"height:20px\"><\/div><\/div><\/div><\/div><div class=\"vc_col-sm-8 wpb_column vc_column_container\"><div class=\"vc_column-inner\"><div class=\"wpb_wrapper\"><div class=\"wpb_text_column\"><div class=\"wpb_wrapper\"><h2>Overview of <strong>education and professional activities<\/strong><\/h2>\n<p><strong>Since November 2022<br \/>\n<\/strong>Lawyer at Sp\u00fchler Rechtsanw\u00e4lte<\/p>\n<p><strong>2020 &#8211; Fall 2022<\/strong><br \/>\n(Senior) Lawyer at the Federal Tax Administration<\/p>\n<p><strong>2019<\/strong><br \/>\nAcquisition of the license to practice law<\/p>\n<p><strong>2016 &#8211; 2018<\/strong><br \/>\nLegal advisor for asylum seekers at HEKS regional office Aargau and Solothurn<\/p>\n<p><strong>2015 &#8211; 2016<\/strong><br \/>\nAuditor at the District Court of Winterthur<\/p>\n<p><strong>2010 &#8211; 2015<\/strong><br \/>\nUniversity of Zurich (Bachelor of Law and Master of Law)<\/p>\n<p><strong>2010<\/strong><br \/>\nProtection Officer at UNHCR &#8211; Field Office Bunia, Democratic Republic of Congo<\/p>\n<p><strong>2008 &#8211; 2009<\/strong><br \/>\nAssociate Field Officer (Protection) at UNHCR &#8211; Field Office Goz Beida, Chad<\/p>\n<p><strong>2007 &#8211; 2008<\/strong><br \/>\nIntern at UNHCR Headquarters, Division of Protection Services, Geneva<\/p>\n<p><strong>2003 -2007<\/strong><br \/>\nUniversity of Geneva and Institut Universitaire de Hautes Etudes Internationales (Licentiate in International Relations)<\/p>\n<\/div><\/div><\/div><\/div><\/div><\/div><\/div><\/section><section class=\"l-section wpb_row height_medium\"><div class=\"l-section-h i-cf\"><div class=\"g-cols vc_row via_flex valign_top type_default stacking_default\"><div class=\"vc_col-sm-4 wpb_column vc_column_container\"><div class=\"vc_column-inner\"><div class=\"wpb_wrapper\"><div class=\"w-iconbox iconpos_top style_outlined color_primary align_center no_text no_title\"><div class=\"w-iconbox-icon\" style=\"font-size:60px;\"><i class=\"fas fa-id-card\"><\/i><\/div><div class=\"w-iconbox-meta\"><\/div><\/div><div class=\"w-separator size_custom\" style=\"height:20px\"><\/div><\/div><\/div><\/div><div class=\"vc_col-sm-8 wpb_column vc_column_container\"><div class=\"vc_column-inner\"><div class=\"wpb_wrapper\"><div class=\"g-cols wpb_row via_flex valign_top type_default stacking_default\"><div class=\"vc_col-sm-6 wpb_column vc_column_container\"><div class=\"vc_column-inner us_custom_539f15ee\"><div class=\"wpb_wrapper\"><div class=\"wpb_text_column\"><div class=\"wpb_wrapper\"><h3>Memberships<\/h3>\n<p><a href=\"http:\/\/www.sav-fsa.ch\/\" target=\"_blank\" rel=\"noopener noreferrer\">&#8211;<span>Swiss <\/span>Bar Association<br \/>\n<\/a><span>&#8211;<\/span> <a href=\"https:\/\/www.zav.ch\/\" target=\"_blank\" rel=\"noopener noreferrer\">Zurich Bar Association<br \/>\n<\/a><span>&#8211;<\/span> <a href=\"https:\/\/www.djs-jds.ch\/\">Democratic Lawyers<\/a><br \/>\n<span>&#8211; <\/span><a href=\"https:\/\/lawandwomen.ch\/\">Swiss Association of Women Lawyers<\/a><br \/>\n<span>&#8211; <\/span><a href=\"http:\/\/www.pikett-strafverteidigung.ch\/\" target=\"_blank\" rel=\"noopener noreferrer\">On-call criminal defense<\/a><br \/>\n<span>&#8211; Specialist group for criminal defense ZAV<br \/>\n&#8211; Specialist group for victim representation ZAV<br \/>\n&#8211; Specialist group for family law ZAV<br \/>\n&#8211; Specialist group for migration law ZAV<br \/>\n<\/span><\/p>\n<\/div><\/div><\/div><\/div><\/div><div class=\"vc_col-sm-6 wpb_column vc_column_container\"><div class=\"vc_column-inner us_custom_539f15ee\"><div class=\"wpb_wrapper\"><div class=\"wpb_text_column\"><div class=\"wpb_wrapper\"><h3>Contact<\/h3>\n<\/div><\/div><div class=\"w-socials us_custom_a5c88937 color_text shape_rounded style_outlined hover_fade\" style=\"--gap:5px;\"><div class=\"w-socials-list\"><div class=\"w-socials-item facebook\"><a target=\"_blank\" rel=\"nofollow\" href=\"https:\/\/www.facebook.com\/spuehler.legal\" class=\"w-socials-item-link\" aria-label=\"Facebook\"><span class=\"w-socials-item-link-hover\"><\/span><i class=\"fab fa-facebook\"><\/i><\/a><div class=\"w-socials-item-popup\"><span>Facebook<\/span><\/div><\/div><\/div><\/div><div class=\"w-separator size_custom\" style=\"height:25px\"><\/div><div class=\"w-iconbox iconpos_left style_default color_contrast align_left no_text\"><a href=\"tel:+41433440505\" class=\"w-iconbox-link\" aria-label=\"+41 43 344 05 05\"><div class=\"w-iconbox-icon\" style=\"font-size:1.3em;\"><i class=\"fas fa-phone\"><\/i><\/div><\/a><div class=\"w-iconbox-meta\"><div class=\"w-iconbox-title\"><a href=\"tel:+41433440505\" class=\"w-iconbox-link\" aria-label=\"+41 43 344 05 05\">+41 43 344 05 05<\/a><\/div><\/div><\/div><div class=\"w-separator size_custom\" style=\"height:16px\"><\/div><div class=\"w-iconbox iconpos_left style_default color_contrast align_left no_text\"><a title=\"E-mail to attorney Ana Lucia Gallmann\" href=\"mailto:ag@spuehler.legal\" class=\"w-iconbox-link\" aria-label=\"AG@spuehler.legal\"><div class=\"w-iconbox-icon\" style=\"font-size:1.3em;\"><i class=\"fas fa-envelope\"><\/i><\/div><\/a><div class=\"w-iconbox-meta\"><div class=\"w-iconbox-title\"><a title=\"E-mail to attorney Ana Lucia Gallmann\" href=\"mailto:ag@spuehler.legal\" class=\"w-iconbox-link\" aria-label=\"AG@spuehler.legal\">AG@spuehler.legal<\/a><\/div><\/div><\/div><div class=\"w-separator size_custom\" style=\"height:16px\"><\/div><div class=\"w-btn-wrapper align_none\"><a class=\"w-btn us-btn-style_1 icon_atleft\" title=\"Book appointment\" href=\"https:\/\/spuehler.legal\/en\/appointment\/\"><i class=\"fas fa-calendar-check\"><\/i><span class=\"w-btn-label\">Book appointment<\/span><\/a><\/div><\/div><\/div><\/div><\/div><\/div><\/div><\/div><\/div><\/div><\/section>\n","protected":false},"excerpt":{"rendered":"Your attorney in Zurich Attorney Ana Lucia Gallmann represents you in a committed and competent manner. Ana Lucia GallmannMLaw, Attorney at LawCareer After studying international relations at the University of Geneva and at the Graduate Institute of International and Development Studies with a focus on human rights and refugee law from 2003 to 2007, Ana...","protected":false},"author":1,"featured_media":0,"parent":0,"menu_order":0,"comment_status":"closed","ping_status":"closed","template":"","meta":{"footnotes":""},"class_list":["post-3971","page","type-page","status-publish","hentry"],"yoast_head":"<!-- This site is optimized with the Yoast SEO Premium plugin v27.6 (Yoast SEO v27.6) - https:\/\/yoast.com\/product\/yoast-seo-premium-wordpress\/ -->\n<title>Ana Lucia Gallmann - Lawyer in Zurich for criminal and civil law<\/title>\n<meta name=\"description\" content=\"Find out more about lawyer Ana Lucia Gallmann, who has in-depth knowledge of criminal and civil law.\" \/>\n<meta name=\"robots\" content=\"index, follow, max-snippet:-1, max-image-preview:large, max-video-preview:-1\" \/>\n<link rel=\"canonical\" href=\"https:\/\/spuehler.legal\/en\/ana-lucia-gallmann\/\" \/>\n<meta property=\"og:locale\" content=\"en_US\" \/>\n<meta property=\"og:type\" content=\"article\" \/>\n<meta property=\"og:title\" content=\"Ana Lucia Gallmann\" \/>\n<meta property=\"og:description\" content=\"Find out more about lawyer Ana Lucia Gallmann, who has in-depth knowledge of criminal and civil law.\" \/>\n<meta property=\"og:url\" content=\"https:\/\/spuehler.legal\/en\/ana-lucia-gallmann\/\" \/>\n<meta property=\"og:site_name\" content=\"Sp\u00fchler Rechtsanw\u00e4lte AG\" \/>\n<meta property=\"article:publisher\" content=\"https:\/\/www.facebook.com\/spuehler.legal\" \/>\n<meta property=\"article:modified_time\" content=\"2025-09-11T13:44:22+00:00\" \/>\n<meta name=\"twitter:card\" content=\"summary_large_image\" \/>\n<meta name=\"twitter:label1\" content=\"Est. reading time\" \/>\n\t<meta name=\"twitter:data1\" content=\"5 minutes\" \/>\n<script type=\"application\/ld+json\" class=\"yoast-schema-graph\">{\"@context\":\"https:\\\/\\\/schema.org\",\"@graph\":[{\"@type\":\"WebPage\",\"@id\":\"https:\\\/\\\/spuehler.legal\\\/en\\\/ana-lucia-gallmann\\\/\",\"url\":\"https:\\\/\\\/spuehler.legal\\\/en\\\/ana-lucia-gallmann\\\/\",\"name\":\"Ana Lucia Gallmann - Lawyer in Zurich for criminal and civil law\",\"isPartOf\":{\"@id\":\"https:\\\/\\\/spuehler.legal\\\/en\\\/#website\"},\"datePublished\":\"2022-11-12T08:51:40+00:00\",\"dateModified\":\"2025-09-11T13:44:22+00:00\",\"description\":\"Find out more about lawyer Ana Lucia Gallmann, who has in-depth knowledge of criminal and civil law.\",\"breadcrumb\":{\"@id\":\"https:\\\/\\\/spuehler.legal\\\/en\\\/ana-lucia-gallmann\\\/#breadcrumb\"},\"inLanguage\":\"en-US\",\"potentialAction\":[{\"@type\":\"ReadAction\",\"target\":[\"https:\\\/\\\/spuehler.legal\\\/en\\\/ana-lucia-gallmann\\\/\"]}]},{\"@type\":\"BreadcrumbList\",\"@id\":\"https:\\\/\\\/spuehler.legal\\\/en\\\/ana-lucia-gallmann\\\/#breadcrumb\",\"itemListElement\":[{\"@type\":\"ListItem\",\"position\":1,\"name\":\"Startseite\",\"item\":\"https:\\\/\\\/spuehler.legal\\\/en\\\/home\\\/\"},{\"@type\":\"ListItem\",\"position\":2,\"name\":\"Ana Lucia Gallmann\"}]},{\"@type\":\"WebSite\",\"@id\":\"https:\\\/\\\/spuehler.legal\\\/en\\\/#website\",\"url\":\"https:\\\/\\\/spuehler.legal\\\/en\\\/\",\"name\":\"Sp\u00fchler Rechtsanw\u00e4lte AG\",\"description\":\"Rechtsberatung und Rechtsvertretung in allen Lebenslagen\",\"publisher\":{\"@id\":\"https:\\\/\\\/spuehler.legal\\\/en\\\/#organization\"},\"potentialAction\":[{\"@type\":\"SearchAction\",\"target\":{\"@type\":\"EntryPoint\",\"urlTemplate\":\"https:\\\/\\\/spuehler.legal\\\/en\\\/?s={search_term_string}\"},\"query-input\":{\"@type\":\"PropertyValueSpecification\",\"valueRequired\":true,\"valueName\":\"search_term_string\"}}],\"inLanguage\":\"en-US\"},{\"@type\":\"Organization\",\"@id\":\"https:\\\/\\\/spuehler.legal\\\/en\\\/#organization\",\"name\":\"Sp\u00fchler Rechtsanw\u00e4lte AG\",\"url\":\"https:\\\/\\\/spuehler.legal\\\/en\\\/\",\"logo\":{\"@type\":\"ImageObject\",\"inLanguage\":\"en-US\",\"@id\":\"https:\\\/\\\/spuehler.legal\\\/en\\\/#\\\/schema\\\/logo\\\/image\\\/\",\"url\":\"https:\\\/\\\/spuehler.legal\\\/wp-content\\\/uploads\\\/2020\\\/08\\\/logo-spuehler-rechtsanwaelte.png\",\"contentUrl\":\"https:\\\/\\\/spuehler.legal\\\/wp-content\\\/uploads\\\/2020\\\/08\\\/logo-spuehler-rechtsanwaelte.png\",\"width\":898,\"height\":259,\"caption\":\"Sp\u00fchler Rechtsanw\u00e4lte AG\"},\"image\":{\"@id\":\"https:\\\/\\\/spuehler.legal\\\/en\\\/#\\\/schema\\\/logo\\\/image\\\/\"},\"sameAs\":[\"https:\\\/\\\/www.facebook.com\\\/spuehler.legal\",\"https:\\\/\\\/www.linkedin.com\\\/in\\\/fspuehler\\\/\"],\"description\":\"Die Anwaltskanzlei Sp\u00fchler Rechtsanw\u00e4lte AG ist beratend und prozessierend t\u00e4tig. Sie vertritt Privatpersonen sowie kleine und mittlere Unternehmen (KMU) in nationalen und internationalen Sachverhalten. Durch die breite Ausrichtung der Kanzlei ist eine ganzheitliche Beratung m\u00f6glich, welche auf Deutsch, Englisch, Spanisch, Franz\u00f6sisch, Italienisch oder Portugiesisch stattfindet. Kontaktieren Sie Ihre Anw\u00e4ltin oder Ihren Anwalt in Z\u00fcrich!\",\"email\":\"info@spuehler.legal\",\"telephone\":\"+41433440505\",\"legalName\":\"Sp\u00fchler Rechtsanw\u00e4lte AG\",\"foundingDate\":\"2018-01-01\",\"vatID\":\"CHE-431.484.624\",\"numberOfEmployees\":{\"@type\":\"QuantitativeValue\",\"minValue\":\"1\",\"maxValue\":\"10\"}}]}<\/script>\n<!-- \/ Yoast SEO Premium plugin. -->","yoast_head_json":{"title":"Ana Lucia Gallmann - Lawyer in Zurich for criminal and civil law","description":"Find out more about lawyer Ana Lucia Gallmann, who has in-depth knowledge of criminal and civil law.","robots":{"index":"index","follow":"follow","max-snippet":"max-snippet:-1","max-image-preview":"max-image-preview:large","max-video-preview":"max-video-preview:-1"},"canonical":"https:\/\/spuehler.legal\/en\/ana-lucia-gallmann\/","og_locale":"en_US","og_type":"article","og_title":"Ana Lucia Gallmann","og_description":"Find out more about lawyer Ana Lucia Gallmann, who has in-depth knowledge of criminal and civil law.","og_url":"https:\/\/spuehler.legal\/en\/ana-lucia-gallmann\/","og_site_name":"Sp\u00fchler Rechtsanw\u00e4lte AG","article_publisher":"https:\/\/www.facebook.com\/spuehler.legal","article_modified_time":"2025-09-11T13:44:22+00:00","twitter_card":"summary_large_image","twitter_misc":{"Est. reading time":"5 minutes"},"schema":{"@context":"https:\/\/schema.org","@graph":[{"@type":"WebPage","@id":"https:\/\/spuehler.legal\/en\/ana-lucia-gallmann\/","url":"https:\/\/spuehler.legal\/en\/ana-lucia-gallmann\/","name":"Ana Lucia Gallmann - Lawyer in Zurich for criminal and civil law","isPartOf":{"@id":"https:\/\/spuehler.legal\/en\/#website"},"datePublished":"2022-11-12T08:51:40+00:00","dateModified":"2025-09-11T13:44:22+00:00","description":"Find out more about lawyer Ana Lucia Gallmann, who has in-depth knowledge of criminal and civil law.","breadcrumb":{"@id":"https:\/\/spuehler.legal\/en\/ana-lucia-gallmann\/#breadcrumb"},"inLanguage":"en-US","potentialAction":[{"@type":"ReadAction","target":["https:\/\/spuehler.legal\/en\/ana-lucia-gallmann\/"]}]},{"@type":"BreadcrumbList","@id":"https:\/\/spuehler.legal\/en\/ana-lucia-gallmann\/#breadcrumb","itemListElement":[{"@type":"ListItem","position":1,"name":"Startseite","item":"https:\/\/spuehler.legal\/en\/home\/"},{"@type":"ListItem","position":2,"name":"Ana Lucia Gallmann"}]},{"@type":"WebSite","@id":"https:\/\/spuehler.legal\/en\/#website","url":"https:\/\/spuehler.legal\/en\/","name":"Sp\u00fchler Rechtsanw\u00e4lte AG","description":"Rechtsberatung und Rechtsvertretung in allen Lebenslagen","publisher":{"@id":"https:\/\/spuehler.legal\/en\/#organization"},"potentialAction":[{"@type":"SearchAction","target":{"@type":"EntryPoint","urlTemplate":"https:\/\/spuehler.legal\/en\/?s={search_term_string}"},"query-input":{"@type":"PropertyValueSpecification","valueRequired":true,"valueName":"search_term_string"}}],"inLanguage":"en-US"},{"@type":"Organization","@id":"https:\/\/spuehler.legal\/en\/#organization","name":"Sp\u00fchler Rechtsanw\u00e4lte AG","url":"https:\/\/spuehler.legal\/en\/","logo":{"@type":"ImageObject","inLanguage":"en-US","@id":"https:\/\/spuehler.legal\/en\/#\/schema\/logo\/image\/","url":"https:\/\/spuehler.legal\/wp-content\/uploads\/2020\/08\/logo-spuehler-rechtsanwaelte.png","contentUrl":"https:\/\/spuehler.legal\/wp-content\/uploads\/2020\/08\/logo-spuehler-rechtsanwaelte.png","width":898,"height":259,"caption":"Sp\u00fchler Rechtsanw\u00e4lte AG"},"image":{"@id":"https:\/\/spuehler.legal\/en\/#\/schema\/logo\/image\/"},"sameAs":["https:\/\/www.facebook.com\/spuehler.legal","https:\/\/www.linkedin.com\/in\/fspuehler\/"],"description":"Die Anwaltskanzlei Sp\u00fchler Rechtsanw\u00e4lte AG ist beratend und prozessierend t\u00e4tig. Sie vertritt Privatpersonen sowie kleine und mittlere Unternehmen (KMU) in nationalen und internationalen Sachverhalten. Durch die breite Ausrichtung der Kanzlei ist eine ganzheitliche Beratung m\u00f6glich, welche auf Deutsch, Englisch, Spanisch, Franz\u00f6sisch, Italienisch oder Portugiesisch stattfindet. Kontaktieren Sie Ihre Anw\u00e4ltin oder Ihren Anwalt in Z\u00fcrich!","email":"info@spuehler.legal","telephone":"+41433440505","legalName":"Sp\u00fchler Rechtsanw\u00e4lte AG","foundingDate":"2018-01-01","vatID":"CHE-431.484.624","numberOfEmployees":{"@type":"QuantitativeValue","minValue":"1","maxValue":"10"}}]}},"_links":{"self":[{"href":"https:\/\/spuehler.legal\/en\/wp-json\/wp\/v2\/pages\/3971","targetHints":{"allow":["GET"]}}],"collection":[{"href":"https:\/\/spuehler.legal\/en\/wp-json\/wp\/v2\/pages"}],"about":[{"href":"https:\/\/spuehler.legal\/en\/wp-json\/wp\/v2\/types\/page"}],"author":[{"embeddable":true,"href":"https:\/\/spuehler.legal\/en\/wp-json\/wp\/v2\/users\/1"}],"replies":[{"embeddable":true,"href":"https:\/\/spuehler.legal\/en\/wp-json\/wp\/v2\/comments?post=3971"}],"version-history":[{"count":35,"href":"https:\/\/spuehler.legal\/en\/wp-json\/wp\/v2\/pages\/3971\/revisions"}],"predecessor-version":[{"id":7433,"href":"https:\/\/spuehler.legal\/en\/wp-json\/wp\/v2\/pages\/3971\/revisions\/7433"}],"wp:attachment":[{"href":"https:\/\/spuehler.legal\/en\/wp-json\/wp\/v2\/media?parent=3971"}],"curies":[{"name":"wp","href":"https:\/\/api.w.org\/{rel}","templated":true}]}}